{"id":181,"date":"2020-12-23T13:27:44","date_gmt":"2020-12-23T10:27:44","guid":{"rendered":"https:\/\/www.myvize.com.tr\/hollanda\/?page_id=181"},"modified":"2022-04-19T13:03:34","modified_gmt":"2022-04-19T10:03:34","slug":"oturum-2","status":"publish","type":"page","link":"https:\/\/www.myvize.com.tr\/hollanda\/oturum-2\/","title":{"rendered":"HOLLANDA OTURUM KARTI"},"content":{"rendered":"\r\n<p>Geli\u015fmi\u015f bir Avrupa \u00fclkesi olan Hollanda me\u015fruti monar\u015fi ile y\u00f6netilen tek bir \u00fclkedir. Avrupa\u2019n\u0131n geli\u015fmi\u015f ekonomik imk\u00e2nlar\u0131na sahip \u00fclkelerden biri olan Hollanda laleleri, yel de\u011firmenleri, al\u00e7ak yap\u0131s\u0131, turistik de\u011ferleri ile merak edilen \u00fclkeler i\u00e7erisinde yerini al\u0131yor. Bu nedenle her y\u0131l T\u00fcrkiye\u2019den binlerce ki\u015fi Hollanda\u2019ya e\u011fitim, \u00e7al\u0131\u015fma ve kal\u0131c\u0131 olarak yerle\u015fme ama\u00e7lar\u0131 ile seyahat ediyor. Hollanda oturum vizesi 90 g\u00fcnden fazla Hollanda&#8217;da kalmak isteyenler taraf\u0131ndan al\u0131n\u0131r. Hollanda&#8217;y\u0131 oturum ama\u00e7l\u0131 ba\u015fvurmak isteyenler \u00f6ncelikle sponsor yolu ile ba\u015fvurmal\u0131d\u0131r. Bu do\u011frultuda ba\u015fvuru \u015feklinin bir aile \u00fcyesi veya i\u015fveren gibi nedenlerden dolay\u0131 yap\u0131lmas\u0131 gerekir. Hollanda&#8217;ya gitmek isteyenler b\u00fcy\u00fckel\u00e7ili\u011fe ya da konsoloslu\u011fa \u015fahsen ba\u015fvurmalar\u0131 gerekir.<\/p>\r\n\r\n\r\n\r\n<p><strong>Hollanda B\u00fcy\u00fckel\u00e7ili\u011fi Oturum Vizesi<\/strong><\/p>\r\n\r\n\r\n\r\n<p>T\u00fcrkiye&#8217;den Hollanda\u2019ya gidecek olan T\u00fcrkiye Cumhuriyeti vatanda\u015flar\u0131n\u0131n Hollanda oturum vizesi almas\u0131 gerekir. Bu do\u011frultuda ba\u015fvurular ki\u015filer taraf\u0131ndan \u015fahsen yap\u0131lmal\u0131d\u0131r. Ba\u015fkonsolosluktan al\u0131nan randevu do\u011frultusunda ba\u015fvurular i\u015fleme al\u0131n\u0131r. Randevu s\u0131ras\u0131 sonra ki\u015filerin kimlikleri ve parmak izleri kontrol edilerek do\u011frulu\u011fu teyit edilir. Ba\u015fvuru s\u0131ras\u0131nda konsolosluk taraf\u0131ndan birtak\u0131m belge ve evraklar istenir. Ba\u015fkonsolosluk taraf\u0131ndan incelenen t\u00fcm belge ve dosyalar Hollanda g\u00f6\u00e7 ve yurtta\u015fl\u0131k hizmetlerine g\u00f6nderilir. Hollanda oturum vizesi hakk\u0131nda olumlu ya da olumsuz karar veren kurum g\u00f6\u00e7 ve yurtta\u015fl\u0131k hizmetleri birimidir.<\/p>\r\n\r\n<p><img decoding=\"async\" src=\"https:\/\/www.myvize.com.tr\/hollanda\/wp-content\/uploads\/2021\/09\/6.jpg\" \/><\/p>\r\n\r\n<p><strong>Hollanda Oturum Vizesi Kriterleri<\/strong><\/p>\r\n\r\n\r\n\r\n<p>Kal\u0131c\u0131 olarak Hollanda\u2019ya yerle\u015fmek ve oturum vizesi almak i\u00e7in \u00fclke taraf\u0131ndan belirlenen kriterlere uygun izin talebinde bulunmak gerekir. Bu do\u011frultuda:<\/p>\r\n\r\n\r\n\r\n<ul class=\"wp-block-list\">\r\n<li>Serbest i\u015f<\/li>\r\n<li>\u00dccretli i\u015f<\/li>\r\n<li>Aile olu\u015fturma amac\u0131<\/li>\r\n<li>Aile birle\u015fimi izni<\/li>\r\n<li>\u00c7ocuk yan\u0131nda ikametg\u00e2h<\/li>\r\n<li>Evlatl\u0131k olarak ikametg\u00e2h<\/li>\r\n<li>E\u011fitim olarak ikametg\u00e2h<\/li>\r\n<li>\u00dccretli stajyer \u00e7al\u0131\u015f\u0131yorum<\/li>\r\n<li>Aile bireylerinin 3 aydan fazla bir s\u00fcre kala<\/li>\r\n<\/ul>\r\n\r\n\r\n\r\n<p>Bunlara ek olarak t\u0131bbi tedavi gibi kriterler do\u011frusunda Hollanda oturum vizesi al\u0131nabilir.<\/p>\r\n\r\n\r\n\r\n<p><strong>Hollanda Oturum \u0130zni \u0130\u00e7in \u0130stenilen Belgeler<\/strong><\/p>\r\n\r\n\r\n\r\n<p>Hollanda oturum vizesi i\u00e7in Hollanda b\u00fcy\u00fckel\u00e7ili\u011fi taraf\u0131ndan birtak\u0131m belgeler istenilir. Bunlar; pasaport, 2 adet biyometrik foto\u011fraf, n\u00fcfus kay\u0131t \u00f6rne\u011fi, evli ki\u015filerin evlilik c\u00fczdan\u0131, re\u015fit olmayan \u00e7ocuklar\u0131n velayetin al\u0131nd\u0131\u011f\u0131n\u0131 g\u00f6steren belge, aile birle\u015fimi i\u00e7in ebeveynlerin pasaport fotokopisi, yerle\u015fim temel bilgi s\u0131nav\u0131 yeterlilik belgesi, e\u015fin pasaport fotokopisi b\u00f6lgeler yer al\u0131r. \u0130htiya\u00e7 duyuldu\u011fu takdirde konsolosluk taraf\u0131ndan ek belgeler de istenilebilir.<\/p>\r\n","protected":false},"excerpt":{"rendered":"<p>Geli\u015fmi\u015f bir Avrupa \u00fclkesi olan Hollanda me\u015fruti monar\u015fi ile y\u00f6netilen tek bir \u00fclkedir. Avrupa\u2019n\u0131n geli\u015fmi\u015f ekonomik imk\u00e2nlar\u0131na sahip \u00fclkelerden biri olan Hollanda laleleri, yel de\u011firmenleri, al\u00e7ak yap\u0131s\u0131, turistik de\u011ferleri ile merak edilen \u00fclkeler i\u00e7erisinde yerini al\u0131yor. Bu nedenle her y\u0131l T\u00fcrkiye\u2019den binlerce ki\u015fi Hollanda\u2019ya e\u011fitim, \u00e7al\u0131\u015fma ve kal\u0131c\u0131 olarak yerle\u015fme ama\u00e7lar\u0131 ile seyahat ediyor. Hollanda<\/p>\n","protected":false},"author":1,"featured_media":0,"parent":0,"menu_order":0,"comment_status":"open","ping_status":"closed","template":"","meta":{"footnotes":""},"class_list":["post-181","page","type-page","status-publish","hentry"],"yoast_head":"<!-- This site is optimized with the Yoast SEO plugin v26.8 - https:\/\/yoast.com\/product\/yoast-seo-wordpress\/ -->\n<title>Hollanda Oturum Kart\u0131 - Hollanda Oturum \u0130zni - MyVize<\/title>\n<meta name=\"description\" content=\"Hollanda Oturum Kart\u0131 Nas\u0131l Al\u0131n\u0131r? Hollanda Vizesi Oturum Kart\u0131. Hollanda Oturum Vizesi \u0130le \u0130lgili Bilgi Almak \u0130\u00e7in Bizi Aray\u0131n.\" \/>\n<meta name=\"robots\" content=\"index, follow, max-snippet:-1, max-image-preview:large, max-video-preview:-1\" \/>\n<link rel=\"canonical\" href=\"https:\/\/www.myvize.com.tr\/hollanda\/oturum-2\/\" \/>\n<meta property=\"og:locale\" content=\"tr_TR\" \/>\n<meta property=\"og:type\" content=\"article\" \/>\n<meta property=\"og:title\" content=\"Hollanda Oturum Kart\u0131 - Hollanda Oturum \u0130zni - MyVize\" \/>\n<meta property=\"og:description\" content=\"Hollanda Oturum Kart\u0131 Nas\u0131l Al\u0131n\u0131r? Hollanda Vizesi Oturum Kart\u0131. Hollanda Oturum Vizesi \u0130le \u0130lgili Bilgi Almak \u0130\u00e7in Bizi Aray\u0131n.\" \/>\n<meta property=\"og:url\" content=\"https:\/\/www.myvize.com.tr\/hollanda\/oturum-2\/\" \/>\n<meta property=\"og:site_name\" content=\"Hollanda Vize\" \/>\n<meta property=\"article:modified_time\" content=\"2022-04-19T10:03:34+00:00\" \/>\n<meta property=\"og:image\" content=\"https:\/\/www.myvize.com.tr\/hollanda\/wp-content\/uploads\/2021\/09\/6.jpg\" \/>\n<meta name=\"twitter:card\" content=\"summary_large_image\" \/>\n<meta name=\"twitter:label1\" content=\"Tahmini okuma s\u00fcresi\" \/>\n\t<meta name=\"twitter:data1\" content=\"2 dakika\" \/>\n<script type=\"application\/ld+json\" class=\"yoast-schema-graph\">{\"@context\":\"https:\/\/schema.org\",\"@graph\":[{\"@type\":\"WebPage\",\"@id\":\"https:\/\/www.myvize.com.tr\/hollanda\/oturum-2\/\",\"url\":\"https:\/\/www.myvize.com.tr\/hollanda\/oturum-2\/\",\"name\":\"Hollanda Oturum Kart\u0131 - Hollanda Oturum \u0130zni - MyVize\",\"isPartOf\":{\"@id\":\"https:\/\/www.myvize.com.tr\/hollanda\/#website\"},\"primaryImageOfPage\":{\"@id\":\"https:\/\/www.myvize.com.tr\/hollanda\/oturum-2\/#primaryimage\"},\"image\":{\"@id\":\"https:\/\/www.myvize.com.tr\/hollanda\/oturum-2\/#primaryimage\"},\"thumbnailUrl\":\"https:\/\/www.myvize.com.tr\/hollanda\/wp-content\/uploads\/2021\/09\/6.jpg\",\"datePublished\":\"2020-12-23T10:27:44+00:00\",\"dateModified\":\"2022-04-19T10:03:34+00:00\",\"description\":\"Hollanda Oturum Kart\u0131 Nas\u0131l Al\u0131n\u0131r? Hollanda Vizesi Oturum Kart\u0131. Hollanda Oturum Vizesi \u0130le \u0130lgili Bilgi Almak \u0130\u00e7in Bizi Aray\u0131n.\",\"breadcrumb\":{\"@id\":\"https:\/\/www.myvize.com.tr\/hollanda\/oturum-2\/#breadcrumb\"},\"inLanguage\":\"tr\",\"potentialAction\":[{\"@type\":\"ReadAction\",\"target\":[\"https:\/\/www.myvize.com.tr\/hollanda\/oturum-2\/\"]}]},{\"@type\":\"ImageObject\",\"inLanguage\":\"tr\",\"@id\":\"https:\/\/www.myvize.com.tr\/hollanda\/oturum-2\/#primaryimage\",\"url\":\"https:\/\/www.myvize.com.tr\/hollanda\/wp-content\/uploads\/2021\/09\/6.jpg\",\"contentUrl\":\"https:\/\/www.myvize.com.tr\/hollanda\/wp-content\/uploads\/2021\/09\/6.jpg\",\"width\":800,\"height\":500,\"caption\":\"Holllanda Oturum Kart\u0131\"},{\"@type\":\"BreadcrumbList\",\"@id\":\"https:\/\/www.myvize.com.tr\/hollanda\/oturum-2\/#breadcrumb\",\"itemListElement\":[{\"@type\":\"ListItem\",\"position\":1,\"name\":\"Anasayfa\",\"item\":\"https:\/\/www.myvize.com.tr\/hollanda\/\"},{\"@type\":\"ListItem\",\"position\":2,\"name\":\"HOLLANDA OTURUM KARTI\"}]},{\"@type\":\"WebSite\",\"@id\":\"https:\/\/www.myvize.com.tr\/hollanda\/#website\",\"url\":\"https:\/\/www.myvize.com.tr\/hollanda\/\",\"name\":\"Hollanda Vize\",\"description\":\"\",\"potentialAction\":[{\"@type\":\"SearchAction\",\"target\":{\"@type\":\"EntryPoint\",\"urlTemplate\":\"https:\/\/www.myvize.com.tr\/hollanda\/?s={search_term_string}\"},\"query-input\":{\"@type\":\"PropertyValueSpecification\",\"valueRequired\":true,\"valueName\":\"search_term_string\"}}],\"inLanguage\":\"tr\"}]}<\/script>\n<!-- \/ Yoast SEO plugin. -->","yoast_head_json":{"title":"Hollanda Oturum Kart\u0131 - Hollanda Oturum \u0130zni - MyVize","description":"Hollanda Oturum Kart\u0131 Nas\u0131l Al\u0131n\u0131r? Hollanda Vizesi Oturum Kart\u0131. Hollanda Oturum Vizesi \u0130le \u0130lgili Bilgi Almak \u0130\u00e7in Bizi Aray\u0131n.","robots":{"index":"index","follow":"follow","max-snippet":"max-snippet:-1","max-image-preview":"max-image-preview:large","max-video-preview":"max-video-preview:-1"},"canonical":"https:\/\/www.myvize.com.tr\/hollanda\/oturum-2\/","og_locale":"tr_TR","og_type":"article","og_title":"Hollanda Oturum Kart\u0131 - Hollanda Oturum \u0130zni - MyVize","og_description":"Hollanda Oturum Kart\u0131 Nas\u0131l Al\u0131n\u0131r? Hollanda Vizesi Oturum Kart\u0131. Hollanda Oturum Vizesi \u0130le \u0130lgili Bilgi Almak \u0130\u00e7in Bizi Aray\u0131n.","og_url":"https:\/\/www.myvize.com.tr\/hollanda\/oturum-2\/","og_site_name":"Hollanda Vize","article_modified_time":"2022-04-19T10:03:34+00:00","og_image":[{"url":"https:\/\/www.myvize.com.tr\/hollanda\/wp-content\/uploads\/2021\/09\/6.jpg","type":"","width":"","height":""}],"twitter_card":"summary_large_image","twitter_misc":{"Tahmini okuma s\u00fcresi":"2 dakika"},"schema":{"@context":"https:\/\/schema.org","@graph":[{"@type":"WebPage","@id":"https:\/\/www.myvize.com.tr\/hollanda\/oturum-2\/","url":"https:\/\/www.myvize.com.tr\/hollanda\/oturum-2\/","name":"Hollanda Oturum Kart\u0131 - Hollanda Oturum \u0130zni - MyVize","isPartOf":{"@id":"https:\/\/www.myvize.com.tr\/hollanda\/#website"},"primaryImageOfPage":{"@id":"https:\/\/www.myvize.com.tr\/hollanda\/oturum-2\/#primaryimage"},"image":{"@id":"https:\/\/www.myvize.com.tr\/hollanda\/oturum-2\/#primaryimage"},"thumbnailUrl":"https:\/\/www.myvize.com.tr\/hollanda\/wp-content\/uploads\/2021\/09\/6.jpg","datePublished":"2020-12-23T10:27:44+00:00","dateModified":"2022-04-19T10:03:34+00:00","description":"Hollanda Oturum Kart\u0131 Nas\u0131l Al\u0131n\u0131r? Hollanda Vizesi Oturum Kart\u0131. Hollanda Oturum Vizesi \u0130le \u0130lgili Bilgi Almak \u0130\u00e7in Bizi Aray\u0131n.","breadcrumb":{"@id":"https:\/\/www.myvize.com.tr\/hollanda\/oturum-2\/#breadcrumb"},"inLanguage":"tr","potentialAction":[{"@type":"ReadAction","target":["https:\/\/www.myvize.com.tr\/hollanda\/oturum-2\/"]}]},{"@type":"ImageObject","inLanguage":"tr","@id":"https:\/\/www.myvize.com.tr\/hollanda\/oturum-2\/#primaryimage","url":"https:\/\/www.myvize.com.tr\/hollanda\/wp-content\/uploads\/2021\/09\/6.jpg","contentUrl":"https:\/\/www.myvize.com.tr\/hollanda\/wp-content\/uploads\/2021\/09\/6.jpg","width":800,"height":500,"caption":"Holllanda Oturum Kart\u0131"},{"@type":"BreadcrumbList","@id":"https:\/\/www.myvize.com.tr\/hollanda\/oturum-2\/#breadcrumb","itemListElement":[{"@type":"ListItem","position":1,"name":"Anasayfa","item":"https:\/\/www.myvize.com.tr\/hollanda\/"},{"@type":"ListItem","position":2,"name":"HOLLANDA OTURUM KARTI"}]},{"@type":"WebSite","@id":"https:\/\/www.myvize.com.tr\/hollanda\/#website","url":"https:\/\/www.myvize.com.tr\/hollanda\/","name":"Hollanda Vize","description":"","potentialAction":[{"@type":"SearchAction","target":{"@type":"EntryPoint","urlTemplate":"https:\/\/www.myvize.com.tr\/hollanda\/?s={search_term_string}"},"query-input":{"@type":"PropertyValueSpecification","valueRequired":true,"valueName":"search_term_string"}}],"inLanguage":"tr"}]}},"_links":{"self":[{"href":"https:\/\/www.myvize.com.tr\/hollanda\/wp-json\/wp\/v2\/pages\/181","targetHints":{"allow":["GET"]}}],"collection":[{"href":"https:\/\/www.myvize.com.tr\/hollanda\/wp-json\/wp\/v2\/pages"}],"about":[{"href":"https:\/\/www.myvize.com.tr\/hollanda\/wp-json\/wp\/v2\/types\/page"}],"author":[{"embeddable":true,"href":"https:\/\/www.myvize.com.tr\/hollanda\/wp-json\/wp\/v2\/users\/1"}],"replies":[{"embeddable":true,"href":"https:\/\/www.myvize.com.tr\/hollanda\/wp-json\/wp\/v2\/comments?post=181"}],"version-history":[{"count":6,"href":"https:\/\/www.myvize.com.tr\/hollanda\/wp-json\/wp\/v2\/pages\/181\/revisions"}],"predecessor-version":[{"id":1170,"href":"https:\/\/www.myvize.com.tr\/hollanda\/wp-json\/wp\/v2\/pages\/181\/revisions\/1170"}],"wp:attachment":[{"href":"https:\/\/www.myvize.com.tr\/hollanda\/wp-json\/wp\/v2\/media?parent=181"}],"curies":[{"name":"wp","href":"https:\/\/api.w.org\/{rel}","templated":true}]}}