{"id":251,"date":"2020-12-30T12:42:37","date_gmt":"2020-12-30T09:42:37","guid":{"rendered":"https:\/\/www.myvize.com.tr\/hollanda\/?page_id=251"},"modified":"2022-06-23T13:13:39","modified_gmt":"2022-06-23T10:13:39","slug":"ankara","status":"publish","type":"page","link":"https:\/\/www.myvize.com.tr\/hollanda\/subelerimiz\/ankara\/","title":{"rendered":"Ankara"},"content":{"rendered":"\r\n<p><strong>Hollanda Ankara vize merkezi\u00a0<\/strong>ziyaretine ho\u015f geldiniz.<\/p>\r\n\r\n\r\n\r\n<p>Say\u0131n ziyaret\u00e7imiz sizler i\u00e7in olu\u015fturulmu\u015f olan\u00a0<strong>Hollanda Ankara vize merkezi\u00a0<\/strong>sitemizde size vize i\u015flemleri i\u00e7in detayl\u0131 bilgi aktar\u0131lm\u0131\u015ft\u0131r. Sizden istenilen bu bilgileri eksiksiz bir \u015fekilde ve ayr\u0131nt\u0131l\u0131 olarak okuman\u0131z gerekir. Sitemizde vize i\u015flemlerinin i\u015fleyi\u015fi hakk\u0131nda bilgi vermektedir. Vize i\u015flemi yapmak istiyorsan\u0131z e\u011fer\u00a0<strong>Hollanda Ankara vize merkezi\u00a0<\/strong>ofisimizi arayarak detayl\u0131 bilgi edinebilir ve bilgilendirme maili isteyebilirsiniz.<\/p>\r\n\r\n\r\n\r\n<p>Schengen \u00fcyesi oldu\u011fundan dolay\u0131 parmak izi beyan\u0131 gibi gerekli olan prosed\u00fcrler bulunmaktad\u0131r. Hollanda vizesi almak i\u00e7in uzman bir ekiple \u00e7al\u0131\u015fman\u0131z sizin yarar\u0131n\u0131za olacakt\u0131r.\u00a0<strong>Hollanda Ankara vize merkezi\u00a0<\/strong>vize ekibi sizin i\u00e7in bu i\u015flemleri sorunsuz ve h\u0131zl\u0131 bir \u015fekilde y\u00fcr\u00fctmektedir. Sizin yapman\u0131z gereken sadece vize hakk\u0131nda detayl\u0131 bir \u015fekilde ekip arkada\u015flar\u0131m\u0131z ile g\u00f6r\u00fc\u015fmeniz ve onlar\u0131n istemi\u015f olduklar\u0131 belgeleri eksiksiz bir \u015fekilde tamamlaman\u0131z.<\/p>\r\n\r\n<p><img decoding=\"async\" src=\"https:\/\/www.myvize.com.tr\/hollanda\/wp-content\/uploads\/2021\/09\/7-3.jpg\" \/><\/p>\r\n\r\n<h2 class=\"wp-block-heading\"><strong>HOLLANDA V\u0130ZE \u0130\u015eLEMLER\u0130 S\u00dcREC\u0130<\/strong><\/h2>\r\n\r\n\r\n\r\n<p><strong>Hollanda Ankara vize merkezi\u00a0<\/strong>ekibi sizin i\u00e7in bu s\u00fcreci profesyonel \u015fekilde y\u00fcr\u00fctmektedir. Bu s\u00fcre\u00e7te sizden istenilen belgeleri tamamlaman\u0131z ekip arkada\u015flar\u0131m\u0131z i\u00e7in olduk\u00e7a yeterli olacakt\u0131r. Ba\u015fvuru i\u015flemlerini ve ondan sonraki s\u00fcreci uzman ekibimiz yak\u0131ndan takip edeceklerdir. Her a\u015famas\u0131n\u0131 size bilgi vererek gerekli olan yerlerde evrak tamamlaman\u0131z\u0131 isteyebilirler. Bunu i\u00e7in s\u00fcrekli olarak sizlerle ileti\u015fim halinde olurlar. T\u00fcm bu a\u015famalar sorunsuz \u015fekilde tamamland\u0131ktan sonra sizi arayarak vize i\u015flemlerinin sonucunu bildirirler ve gelip elden teslim alman\u0131z i\u00e7in bilgi verirler<\/p>\r\n","protected":false},"excerpt":{"rendered":"<p>Hollanda Ankara vize merkezi\u00a0ziyaretine ho\u015f geldiniz. Say\u0131n ziyaret\u00e7imiz sizler i\u00e7in olu\u015fturulmu\u015f olan\u00a0Hollanda Ankara vize merkezi\u00a0sitemizde size vize i\u015flemleri i\u00e7in detayl\u0131 bilgi aktar\u0131lm\u0131\u015ft\u0131r. Sizden istenilen bu bilgileri eksiksiz bir \u015fekilde ve ayr\u0131nt\u0131l\u0131 olarak okuman\u0131z gerekir. Sitemizde vize i\u015flemlerinin i\u015fleyi\u015fi hakk\u0131nda bilgi vermektedir. Vize i\u015flemi yapmak istiyorsan\u0131z e\u011fer\u00a0Hollanda Ankara vize merkezi\u00a0ofisimizi arayarak detayl\u0131 bilgi edinebilir ve bilgilendirme<\/p>\n","protected":false},"author":1,"featured_media":0,"parent":232,"menu_order":0,"comment_status":"open","ping_status":"closed","template":"","meta":{"footnotes":""},"class_list":["post-251","page","type-page","status-publish","hentry"],"yoast_head":"<!-- This site is optimized with the Yoast SEO plugin v26.8 - https:\/\/yoast.com\/product\/yoast-seo-wordpress\/ -->\n<title>Hollanda Vizesi Ankara Vize Merkezi - MyVize<\/title>\n<meta name=\"description\" content=\"Hollanda Vizesi Ankara Vize Ba\u015fvuru Merkezi. Hollanda Vizesi Almak \u0130\u00e7in Ankara \u015eubemize Ba\u015fvurabilirsiniz.\" \/>\n<meta name=\"robots\" content=\"index, follow, max-snippet:-1, max-image-preview:large, max-video-preview:-1\" \/>\n<link rel=\"canonical\" href=\"https:\/\/www.myvize.com.tr\/hollanda\/subelerimiz\/ankara\/\" \/>\n<meta property=\"og:locale\" content=\"tr_TR\" \/>\n<meta property=\"og:type\" content=\"article\" \/>\n<meta property=\"og:title\" content=\"Hollanda Vizesi Ankara Vize Merkezi - MyVize\" \/>\n<meta property=\"og:description\" content=\"Hollanda Vizesi Ankara Vize Ba\u015fvuru Merkezi. Hollanda Vizesi Almak \u0130\u00e7in Ankara \u015eubemize Ba\u015fvurabilirsiniz.\" \/>\n<meta property=\"og:url\" content=\"https:\/\/www.myvize.com.tr\/hollanda\/subelerimiz\/ankara\/\" \/>\n<meta property=\"og:site_name\" content=\"Hollanda Vize\" \/>\n<meta property=\"article:modified_time\" content=\"2022-06-23T10:13:39+00:00\" \/>\n<meta property=\"og:image\" content=\"https:\/\/www.myvize.com.tr\/hollanda\/wp-content\/uploads\/2021\/09\/7-3.jpg\" \/>\n<meta name=\"twitter:card\" content=\"summary_large_image\" \/>\n<meta name=\"twitter:label1\" content=\"Tahmini okuma s\u00fcresi\" \/>\n\t<meta name=\"twitter:data1\" content=\"2 dakika\" \/>\n<script type=\"application\/ld+json\" class=\"yoast-schema-graph\">{\"@context\":\"https:\/\/schema.org\",\"@graph\":[{\"@type\":\"WebPage\",\"@id\":\"https:\/\/www.myvize.com.tr\/hollanda\/subelerimiz\/ankara\/\",\"url\":\"https:\/\/www.myvize.com.tr\/hollanda\/subelerimiz\/ankara\/\",\"name\":\"Hollanda Vizesi Ankara Vize Merkezi - MyVize\",\"isPartOf\":{\"@id\":\"https:\/\/www.myvize.com.tr\/hollanda\/#website\"},\"primaryImageOfPage\":{\"@id\":\"https:\/\/www.myvize.com.tr\/hollanda\/subelerimiz\/ankara\/#primaryimage\"},\"image\":{\"@id\":\"https:\/\/www.myvize.com.tr\/hollanda\/subelerimiz\/ankara\/#primaryimage\"},\"thumbnailUrl\":\"https:\/\/www.myvize.com.tr\/hollanda\/wp-content\/uploads\/2021\/09\/7-3.jpg\",\"datePublished\":\"2020-12-30T09:42:37+00:00\",\"dateModified\":\"2022-06-23T10:13:39+00:00\",\"description\":\"Hollanda Vizesi Ankara Vize Ba\u015fvuru Merkezi. Hollanda Vizesi Almak \u0130\u00e7in Ankara \u015eubemize Ba\u015fvurabilirsiniz.\",\"breadcrumb\":{\"@id\":\"https:\/\/www.myvize.com.tr\/hollanda\/subelerimiz\/ankara\/#breadcrumb\"},\"inLanguage\":\"tr\",\"potentialAction\":[{\"@type\":\"ReadAction\",\"target\":[\"https:\/\/www.myvize.com.tr\/hollanda\/subelerimiz\/ankara\/\"]}]},{\"@type\":\"ImageObject\",\"inLanguage\":\"tr\",\"@id\":\"https:\/\/www.myvize.com.tr\/hollanda\/subelerimiz\/ankara\/#primaryimage\",\"url\":\"https:\/\/www.myvize.com.tr\/hollanda\/wp-content\/uploads\/2021\/09\/7-3.jpg\",\"contentUrl\":\"https:\/\/www.myvize.com.tr\/hollanda\/wp-content\/uploads\/2021\/09\/7-3.jpg\",\"width\":800,\"height\":500,\"caption\":\"Hollanda \u015eubelerimiz Ankara\"},{\"@type\":\"BreadcrumbList\",\"@id\":\"https:\/\/www.myvize.com.tr\/hollanda\/subelerimiz\/ankara\/#breadcrumb\",\"itemListElement\":[{\"@type\":\"ListItem\",\"position\":1,\"name\":\"Anasayfa\",\"item\":\"https:\/\/www.myvize.com.tr\/hollanda\/\"},{\"@type\":\"ListItem\",\"position\":2,\"name\":\"\u015eUBELER\u0130M\u0130Z\",\"item\":\"https:\/\/www.myvize.com.tr\/hollanda\/subelerimiz\/\"},{\"@type\":\"ListItem\",\"position\":3,\"name\":\"Ankara\"}]},{\"@type\":\"WebSite\",\"@id\":\"https:\/\/www.myvize.com.tr\/hollanda\/#website\",\"url\":\"https:\/\/www.myvize.com.tr\/hollanda\/\",\"name\":\"Hollanda Vize\",\"description\":\"\",\"potentialAction\":[{\"@type\":\"SearchAction\",\"target\":{\"@type\":\"EntryPoint\",\"urlTemplate\":\"https:\/\/www.myvize.com.tr\/hollanda\/?s={search_term_string}\"},\"query-input\":{\"@type\":\"PropertyValueSpecification\",\"valueRequired\":true,\"valueName\":\"search_term_string\"}}],\"inLanguage\":\"tr\"}]}<\/script>\n<!-- \/ Yoast SEO plugin. -->","yoast_head_json":{"title":"Hollanda Vizesi Ankara Vize Merkezi - MyVize","description":"Hollanda Vizesi Ankara Vize Ba\u015fvuru Merkezi. Hollanda Vizesi Almak \u0130\u00e7in Ankara \u015eubemize Ba\u015fvurabilirsiniz.","robots":{"index":"index","follow":"follow","max-snippet":"max-snippet:-1","max-image-preview":"max-image-preview:large","max-video-preview":"max-video-preview:-1"},"canonical":"https:\/\/www.myvize.com.tr\/hollanda\/subelerimiz\/ankara\/","og_locale":"tr_TR","og_type":"article","og_title":"Hollanda Vizesi Ankara Vize Merkezi - MyVize","og_description":"Hollanda Vizesi Ankara Vize Ba\u015fvuru Merkezi. Hollanda Vizesi Almak \u0130\u00e7in Ankara \u015eubemize Ba\u015fvurabilirsiniz.","og_url":"https:\/\/www.myvize.com.tr\/hollanda\/subelerimiz\/ankara\/","og_site_name":"Hollanda Vize","article_modified_time":"2022-06-23T10:13:39+00:00","og_image":[{"url":"https:\/\/www.myvize.com.tr\/hollanda\/wp-content\/uploads\/2021\/09\/7-3.jpg","type":"","width":"","height":""}],"twitter_card":"summary_large_image","twitter_misc":{"Tahmini okuma s\u00fcresi":"2 dakika"},"schema":{"@context":"https:\/\/schema.org","@graph":[{"@type":"WebPage","@id":"https:\/\/www.myvize.com.tr\/hollanda\/subelerimiz\/ankara\/","url":"https:\/\/www.myvize.com.tr\/hollanda\/subelerimiz\/ankara\/","name":"Hollanda Vizesi Ankara Vize Merkezi - MyVize","isPartOf":{"@id":"https:\/\/www.myvize.com.tr\/hollanda\/#website"},"primaryImageOfPage":{"@id":"https:\/\/www.myvize.com.tr\/hollanda\/subelerimiz\/ankara\/#primaryimage"},"image":{"@id":"https:\/\/www.myvize.com.tr\/hollanda\/subelerimiz\/ankara\/#primaryimage"},"thumbnailUrl":"https:\/\/www.myvize.com.tr\/hollanda\/wp-content\/uploads\/2021\/09\/7-3.jpg","datePublished":"2020-12-30T09:42:37+00:00","dateModified":"2022-06-23T10:13:39+00:00","description":"Hollanda Vizesi Ankara Vize Ba\u015fvuru Merkezi. Hollanda Vizesi Almak \u0130\u00e7in Ankara \u015eubemize Ba\u015fvurabilirsiniz.","breadcrumb":{"@id":"https:\/\/www.myvize.com.tr\/hollanda\/subelerimiz\/ankara\/#breadcrumb"},"inLanguage":"tr","potentialAction":[{"@type":"ReadAction","target":["https:\/\/www.myvize.com.tr\/hollanda\/subelerimiz\/ankara\/"]}]},{"@type":"ImageObject","inLanguage":"tr","@id":"https:\/\/www.myvize.com.tr\/hollanda\/subelerimiz\/ankara\/#primaryimage","url":"https:\/\/www.myvize.com.tr\/hollanda\/wp-content\/uploads\/2021\/09\/7-3.jpg","contentUrl":"https:\/\/www.myvize.com.tr\/hollanda\/wp-content\/uploads\/2021\/09\/7-3.jpg","width":800,"height":500,"caption":"Hollanda \u015eubelerimiz Ankara"},{"@type":"BreadcrumbList","@id":"https:\/\/www.myvize.com.tr\/hollanda\/subelerimiz\/ankara\/#breadcrumb","itemListElement":[{"@type":"ListItem","position":1,"name":"Anasayfa","item":"https:\/\/www.myvize.com.tr\/hollanda\/"},{"@type":"ListItem","position":2,"name":"\u015eUBELER\u0130M\u0130Z","item":"https:\/\/www.myvize.com.tr\/hollanda\/subelerimiz\/"},{"@type":"ListItem","position":3,"name":"Ankara"}]},{"@type":"WebSite","@id":"https:\/\/www.myvize.com.tr\/hollanda\/#website","url":"https:\/\/www.myvize.com.tr\/hollanda\/","name":"Hollanda Vize","description":"","potentialAction":[{"@type":"SearchAction","target":{"@type":"EntryPoint","urlTemplate":"https:\/\/www.myvize.com.tr\/hollanda\/?s={search_term_string}"},"query-input":{"@type":"PropertyValueSpecification","valueRequired":true,"valueName":"search_term_string"}}],"inLanguage":"tr"}]}},"_links":{"self":[{"href":"https:\/\/www.myvize.com.tr\/hollanda\/wp-json\/wp\/v2\/pages\/251","targetHints":{"allow":["GET"]}}],"collection":[{"href":"https:\/\/www.myvize.com.tr\/hollanda\/wp-json\/wp\/v2\/pages"}],"about":[{"href":"https:\/\/www.myvize.com.tr\/hollanda\/wp-json\/wp\/v2\/types\/page"}],"author":[{"embeddable":true,"href":"https:\/\/www.myvize.com.tr\/hollanda\/wp-json\/wp\/v2\/users\/1"}],"replies":[{"embeddable":true,"href":"https:\/\/www.myvize.com.tr\/hollanda\/wp-json\/wp\/v2\/comments?post=251"}],"version-history":[{"count":5,"href":"https:\/\/www.myvize.com.tr\/hollanda\/wp-json\/wp\/v2\/pages\/251\/revisions"}],"predecessor-version":[{"id":1181,"href":"https:\/\/www.myvize.com.tr\/hollanda\/wp-json\/wp\/v2\/pages\/251\/revisions\/1181"}],"up":[{"embeddable":true,"href":"https:\/\/www.myvize.com.tr\/hollanda\/wp-json\/wp\/v2\/pages\/232"}],"wp:attachment":[{"href":"https:\/\/www.myvize.com.tr\/hollanda\/wp-json\/wp\/v2\/media?parent=251"}],"curies":[{"name":"wp","href":"https:\/\/api.w.org\/{rel}","templated":true}]}}