{"id":255,"date":"2020-12-30T12:43:08","date_gmt":"2020-12-30T09:43:08","guid":{"rendered":"https:\/\/www.myvize.com.tr\/hollanda\/?page_id=255"},"modified":"2022-04-09T15:16:38","modified_gmt":"2022-04-09T12:16:38","slug":"edirne","status":"publish","type":"page","link":"https:\/\/www.myvize.com.tr\/hollanda\/subelerimiz\/edirne\/","title":{"rendered":"Edirne"},"content":{"rendered":"<p><img decoding=\"async\" src=\"https:\/\/www.myvize.com.tr\/hollanda\/wp-content\/uploads\/2021\/09\/7-6.jpg\" \/><\/p>\n","protected":false},"excerpt":{"rendered":"","protected":false},"author":1,"featured_media":0,"parent":232,"menu_order":0,"comment_status":"open","ping_status":"closed","template":"","meta":{"footnotes":""},"class_list":["post-255","page","type-page","status-publish","hentry"],"yoast_head":"<!-- This site is optimized with the Yoast SEO plugin v26.8 - https:\/\/yoast.com\/product\/yoast-seo-wordpress\/ -->\n<title>Hollanda Vizesi Edirne Ba\u015fvuru \u015eubesi - MyVize<\/title>\n<meta name=\"description\" content=\"Hollanda Vizesi Edirne Vize Ba\u015fvuru Merkezi. Hollanda Vizesi Nas\u0131l Al\u0131n\u0131r? Hollanda Vize Ba\u015fvurusu. Bilgi \u0130\u00e7in Bizi Aray\u0131n: 0850 346 84 93\" \/>\n<meta name=\"robots\" content=\"index, follow, max-snippet:-1, max-image-preview:large, max-video-preview:-1\" \/>\n<link rel=\"canonical\" href=\"https:\/\/www.myvize.com.tr\/hollanda\/subelerimiz\/edirne\/\" \/>\n<meta property=\"og:locale\" content=\"tr_TR\" \/>\n<meta property=\"og:type\" content=\"article\" \/>\n<meta property=\"og:title\" content=\"Hollanda Vizesi Edirne Ba\u015fvuru \u015eubesi - MyVize\" \/>\n<meta property=\"og:description\" content=\"Hollanda Vizesi Edirne Vize Ba\u015fvuru Merkezi. Hollanda Vizesi Nas\u0131l Al\u0131n\u0131r? Hollanda Vize Ba\u015fvurusu. Bilgi \u0130\u00e7in Bizi Aray\u0131n: 0850 346 84 93\" \/>\n<meta property=\"og:url\" content=\"https:\/\/www.myvize.com.tr\/hollanda\/subelerimiz\/edirne\/\" \/>\n<meta property=\"og:site_name\" content=\"Hollanda Vize\" \/>\n<meta property=\"article:modified_time\" content=\"2022-04-09T12:16:38+00:00\" \/>\n<meta property=\"og:image\" content=\"https:\/\/www.myvize.com.tr\/hollanda\/wp-content\/uploads\/2021\/09\/7-6.jpg\" \/>\n<meta name=\"twitter:card\" content=\"summary_large_image\" \/>\n<script type=\"application\/ld+json\" class=\"yoast-schema-graph\">{\"@context\":\"https:\/\/schema.org\",\"@graph\":[{\"@type\":\"WebPage\",\"@id\":\"https:\/\/www.myvize.com.tr\/hollanda\/subelerimiz\/edirne\/\",\"url\":\"https:\/\/www.myvize.com.tr\/hollanda\/subelerimiz\/edirne\/\",\"name\":\"Hollanda Vizesi Edirne Ba\u015fvuru \u015eubesi - MyVize\",\"isPartOf\":{\"@id\":\"https:\/\/www.myvize.com.tr\/hollanda\/#website\"},\"primaryImageOfPage\":{\"@id\":\"https:\/\/www.myvize.com.tr\/hollanda\/subelerimiz\/edirne\/#primaryimage\"},\"image\":{\"@id\":\"https:\/\/www.myvize.com.tr\/hollanda\/subelerimiz\/edirne\/#primaryimage\"},\"thumbnailUrl\":\"https:\/\/www.myvize.com.tr\/hollanda\/wp-content\/uploads\/2021\/09\/7-6.jpg\",\"datePublished\":\"2020-12-30T09:43:08+00:00\",\"dateModified\":\"2022-04-09T12:16:38+00:00\",\"description\":\"Hollanda Vizesi Edirne Vize Ba\u015fvuru Merkezi. Hollanda Vizesi Nas\u0131l Al\u0131n\u0131r? Hollanda Vize Ba\u015fvurusu. Bilgi \u0130\u00e7in Bizi Aray\u0131n: 0850 346 84 93\",\"breadcrumb\":{\"@id\":\"https:\/\/www.myvize.com.tr\/hollanda\/subelerimiz\/edirne\/#breadcrumb\"},\"inLanguage\":\"tr\",\"potentialAction\":[{\"@type\":\"ReadAction\",\"target\":[\"https:\/\/www.myvize.com.tr\/hollanda\/subelerimiz\/edirne\/\"]}]},{\"@type\":\"ImageObject\",\"inLanguage\":\"tr\",\"@id\":\"https:\/\/www.myvize.com.tr\/hollanda\/subelerimiz\/edirne\/#primaryimage\",\"url\":\"https:\/\/www.myvize.com.tr\/hollanda\/wp-content\/uploads\/2021\/09\/7-6.jpg\",\"contentUrl\":\"https:\/\/www.myvize.com.tr\/hollanda\/wp-content\/uploads\/2021\/09\/7-6.jpg\",\"width\":800,\"height\":500,\"caption\":\"Hollanda \u015eubelerimiz Edirne\"},{\"@type\":\"BreadcrumbList\",\"@id\":\"https:\/\/www.myvize.com.tr\/hollanda\/subelerimiz\/edirne\/#breadcrumb\",\"itemListElement\":[{\"@type\":\"ListItem\",\"position\":1,\"name\":\"Anasayfa\",\"item\":\"https:\/\/www.myvize.com.tr\/hollanda\/\"},{\"@type\":\"ListItem\",\"position\":2,\"name\":\"\u015eUBELER\u0130M\u0130Z\",\"item\":\"https:\/\/www.myvize.com.tr\/hollanda\/subelerimiz\/\"},{\"@type\":\"ListItem\",\"position\":3,\"name\":\"Edirne\"}]},{\"@type\":\"WebSite\",\"@id\":\"https:\/\/www.myvize.com.tr\/hollanda\/#website\",\"url\":\"https:\/\/www.myvize.com.tr\/hollanda\/\",\"name\":\"Hollanda Vize\",\"description\":\"\",\"potentialAction\":[{\"@type\":\"SearchAction\",\"target\":{\"@type\":\"EntryPoint\",\"urlTemplate\":\"https:\/\/www.myvize.com.tr\/hollanda\/?s={search_term_string}\"},\"query-input\":{\"@type\":\"PropertyValueSpecification\",\"valueRequired\":true,\"valueName\":\"search_term_string\"}}],\"inLanguage\":\"tr\"}]}<\/script>\n<!-- \/ Yoast SEO plugin. -->","yoast_head_json":{"title":"Hollanda Vizesi Edirne Ba\u015fvuru \u015eubesi - MyVize","description":"Hollanda Vizesi Edirne Vize Ba\u015fvuru Merkezi. Hollanda Vizesi Nas\u0131l Al\u0131n\u0131r? Hollanda Vize Ba\u015fvurusu. Bilgi \u0130\u00e7in Bizi Aray\u0131n: 0850 346 84 93","robots":{"index":"index","follow":"follow","max-snippet":"max-snippet:-1","max-image-preview":"max-image-preview:large","max-video-preview":"max-video-preview:-1"},"canonical":"https:\/\/www.myvize.com.tr\/hollanda\/subelerimiz\/edirne\/","og_locale":"tr_TR","og_type":"article","og_title":"Hollanda Vizesi Edirne Ba\u015fvuru \u015eubesi - MyVize","og_description":"Hollanda Vizesi Edirne Vize Ba\u015fvuru Merkezi. Hollanda Vizesi Nas\u0131l Al\u0131n\u0131r? Hollanda Vize Ba\u015fvurusu. Bilgi \u0130\u00e7in Bizi Aray\u0131n: 0850 346 84 93","og_url":"https:\/\/www.myvize.com.tr\/hollanda\/subelerimiz\/edirne\/","og_site_name":"Hollanda Vize","article_modified_time":"2022-04-09T12:16:38+00:00","og_image":[{"url":"https:\/\/www.myvize.com.tr\/hollanda\/wp-content\/uploads\/2021\/09\/7-6.jpg","type":"","width":"","height":""}],"twitter_card":"summary_large_image","schema":{"@context":"https:\/\/schema.org","@graph":[{"@type":"WebPage","@id":"https:\/\/www.myvize.com.tr\/hollanda\/subelerimiz\/edirne\/","url":"https:\/\/www.myvize.com.tr\/hollanda\/subelerimiz\/edirne\/","name":"Hollanda Vizesi Edirne Ba\u015fvuru \u015eubesi - MyVize","isPartOf":{"@id":"https:\/\/www.myvize.com.tr\/hollanda\/#website"},"primaryImageOfPage":{"@id":"https:\/\/www.myvize.com.tr\/hollanda\/subelerimiz\/edirne\/#primaryimage"},"image":{"@id":"https:\/\/www.myvize.com.tr\/hollanda\/subelerimiz\/edirne\/#primaryimage"},"thumbnailUrl":"https:\/\/www.myvize.com.tr\/hollanda\/wp-content\/uploads\/2021\/09\/7-6.jpg","datePublished":"2020-12-30T09:43:08+00:00","dateModified":"2022-04-09T12:16:38+00:00","description":"Hollanda Vizesi Edirne Vize Ba\u015fvuru Merkezi. Hollanda Vizesi Nas\u0131l Al\u0131n\u0131r? Hollanda Vize Ba\u015fvurusu. Bilgi \u0130\u00e7in Bizi Aray\u0131n: 0850 346 84 93","breadcrumb":{"@id":"https:\/\/www.myvize.com.tr\/hollanda\/subelerimiz\/edirne\/#breadcrumb"},"inLanguage":"tr","potentialAction":[{"@type":"ReadAction","target":["https:\/\/www.myvize.com.tr\/hollanda\/subelerimiz\/edirne\/"]}]},{"@type":"ImageObject","inLanguage":"tr","@id":"https:\/\/www.myvize.com.tr\/hollanda\/subelerimiz\/edirne\/#primaryimage","url":"https:\/\/www.myvize.com.tr\/hollanda\/wp-content\/uploads\/2021\/09\/7-6.jpg","contentUrl":"https:\/\/www.myvize.com.tr\/hollanda\/wp-content\/uploads\/2021\/09\/7-6.jpg","width":800,"height":500,"caption":"Hollanda \u015eubelerimiz Edirne"},{"@type":"BreadcrumbList","@id":"https:\/\/www.myvize.com.tr\/hollanda\/subelerimiz\/edirne\/#breadcrumb","itemListElement":[{"@type":"ListItem","position":1,"name":"Anasayfa","item":"https:\/\/www.myvize.com.tr\/hollanda\/"},{"@type":"ListItem","position":2,"name":"\u015eUBELER\u0130M\u0130Z","item":"https:\/\/www.myvize.com.tr\/hollanda\/subelerimiz\/"},{"@type":"ListItem","position":3,"name":"Edirne"}]},{"@type":"WebSite","@id":"https:\/\/www.myvize.com.tr\/hollanda\/#website","url":"https:\/\/www.myvize.com.tr\/hollanda\/","name":"Hollanda Vize","description":"","potentialAction":[{"@type":"SearchAction","target":{"@type":"EntryPoint","urlTemplate":"https:\/\/www.myvize.com.tr\/hollanda\/?s={search_term_string}"},"query-input":{"@type":"PropertyValueSpecification","valueRequired":true,"valueName":"search_term_string"}}],"inLanguage":"tr"}]}},"_links":{"self":[{"href":"https:\/\/www.myvize.com.tr\/hollanda\/wp-json\/wp\/v2\/pages\/255","targetHints":{"allow":["GET"]}}],"collection":[{"href":"https:\/\/www.myvize.com.tr\/hollanda\/wp-json\/wp\/v2\/pages"}],"about":[{"href":"https:\/\/www.myvize.com.tr\/hollanda\/wp-json\/wp\/v2\/types\/page"}],"author":[{"embeddable":true,"href":"https:\/\/www.myvize.com.tr\/hollanda\/wp-json\/wp\/v2\/users\/1"}],"replies":[{"embeddable":true,"href":"https:\/\/www.myvize.com.tr\/hollanda\/wp-json\/wp\/v2\/comments?post=255"}],"version-history":[{"count":5,"href":"https:\/\/www.myvize.com.tr\/hollanda\/wp-json\/wp\/v2\/pages\/255\/revisions"}],"predecessor-version":[{"id":1158,"href":"https:\/\/www.myvize.com.tr\/hollanda\/wp-json\/wp\/v2\/pages\/255\/revisions\/1158"}],"up":[{"embeddable":true,"href":"https:\/\/www.myvize.com.tr\/hollanda\/wp-json\/wp\/v2\/pages\/232"}],"wp:attachment":[{"href":"https:\/\/www.myvize.com.tr\/hollanda\/wp-json\/wp\/v2\/media?parent=255"}],"curies":[{"name":"wp","href":"https:\/\/api.w.org\/{rel}","templated":true}]}}