{"id":343,"date":"2021-06-27T16:58:04","date_gmt":"2021-06-27T13:58:04","guid":{"rendered":"https:\/\/www.myvize.com.tr\/hollanda\/?page_id=343"},"modified":"2022-01-11T17:34:23","modified_gmt":"2022-01-11T14:34:23","slug":"blog","status":"publish","type":"page","link":"https:\/\/www.myvize.com.tr\/hollanda\/blog\/","title":{"rendered":"BLOG"},"content":{"rendered":"<h2><strong><span style=\"font-size: 27px; font-family: Roboto;\">Hollanda Blog<\/span><\/strong><\/h2>\n<p><img decoding=\"async\" src=\"https:\/\/www.myvize.com.tr\/hollanda\/wp-content\/uploads\/2021\/09\/81.jpg\" \/><\/p>\n","protected":false},"excerpt":{"rendered":"<p>Hollanda Blog<\/p>\n","protected":false},"author":1,"featured_media":0,"parent":0,"menu_order":0,"comment_status":"closed","ping_status":"closed","template":"","meta":{"footnotes":""},"class_list":["post-343","page","type-page","status-publish","hentry"],"yoast_head":"<!-- This site is optimized with the Yoast SEO plugin v26.8 - https:\/\/yoast.com\/product\/yoast-seo-wordpress\/ -->\n<title>Hollanda Blog Yaz\u0131lar\u0131 - Hollanda Vizesi - MyVize<\/title>\n<meta name=\"description\" content=\"Hollanda Vizesi A\u00e7\u0131lacak M\u0131 2022? Hollanda Vizesi Nas\u0131l Al\u0131n\u0131r? Hollanda Vize \u00dccreti Nedir? Hollanda Vize Reddi Neden Olur?\" \/>\n<meta name=\"robots\" content=\"index, follow, max-snippet:-1, max-image-preview:large, max-video-preview:-1\" \/>\n<link rel=\"canonical\" href=\"https:\/\/www.myvize.com.tr\/hollanda\/blog\/\" \/>\n<meta property=\"og:locale\" content=\"tr_TR\" \/>\n<meta property=\"og:type\" content=\"article\" \/>\n<meta property=\"og:title\" content=\"Hollanda Blog Yaz\u0131lar\u0131 - Hollanda Vizesi - MyVize\" \/>\n<meta property=\"og:description\" content=\"Hollanda Vizesi A\u00e7\u0131lacak M\u0131 2022? Hollanda Vizesi Nas\u0131l Al\u0131n\u0131r? Hollanda Vize \u00dccreti Nedir? Hollanda Vize Reddi Neden Olur?\" \/>\n<meta property=\"og:url\" content=\"https:\/\/www.myvize.com.tr\/hollanda\/blog\/\" \/>\n<meta property=\"og:site_name\" content=\"Hollanda Vize\" \/>\n<meta property=\"article:modified_time\" content=\"2022-01-11T14:34:23+00:00\" \/>\n<meta property=\"og:image\" content=\"https:\/\/www.myvize.com.tr\/hollanda\/wp-content\/uploads\/2021\/09\/81.jpg\" \/>\n<meta name=\"twitter:card\" content=\"summary_large_image\" \/>\n<meta name=\"twitter:label1\" content=\"Tahmini okuma s\u00fcresi\" \/>\n\t<meta name=\"twitter:data1\" content=\"1 dakika\" \/>\n<script type=\"application\/ld+json\" class=\"yoast-schema-graph\">{\"@context\":\"https:\/\/schema.org\",\"@graph\":[{\"@type\":\"WebPage\",\"@id\":\"https:\/\/www.myvize.com.tr\/hollanda\/blog\/\",\"url\":\"https:\/\/www.myvize.com.tr\/hollanda\/blog\/\",\"name\":\"Hollanda Blog Yaz\u0131lar\u0131 - Hollanda Vizesi - MyVize\",\"isPartOf\":{\"@id\":\"https:\/\/www.myvize.com.tr\/hollanda\/#website\"},\"primaryImageOfPage\":{\"@id\":\"https:\/\/www.myvize.com.tr\/hollanda\/blog\/#primaryimage\"},\"image\":{\"@id\":\"https:\/\/www.myvize.com.tr\/hollanda\/blog\/#primaryimage\"},\"thumbnailUrl\":\"https:\/\/www.myvize.com.tr\/hollanda\/wp-content\/uploads\/2021\/09\/81.jpg\",\"datePublished\":\"2021-06-27T13:58:04+00:00\",\"dateModified\":\"2022-01-11T14:34:23+00:00\",\"description\":\"Hollanda Vizesi A\u00e7\u0131lacak M\u0131 2022? Hollanda Vizesi Nas\u0131l Al\u0131n\u0131r? Hollanda Vize \u00dccreti Nedir? Hollanda Vize Reddi Neden Olur?\",\"breadcrumb\":{\"@id\":\"https:\/\/www.myvize.com.tr\/hollanda\/blog\/#breadcrumb\"},\"inLanguage\":\"tr\",\"potentialAction\":[{\"@type\":\"ReadAction\",\"target\":[\"https:\/\/www.myvize.com.tr\/hollanda\/blog\/\"]}]},{\"@type\":\"ImageObject\",\"inLanguage\":\"tr\",\"@id\":\"https:\/\/www.myvize.com.tr\/hollanda\/blog\/#primaryimage\",\"url\":\"https:\/\/www.myvize.com.tr\/hollanda\/wp-content\/uploads\/2021\/09\/81.jpg\",\"contentUrl\":\"https:\/\/www.myvize.com.tr\/hollanda\/wp-content\/uploads\/2021\/09\/81.jpg\",\"width\":800,\"height\":500,\"caption\":\"Hollanda Blog\"},{\"@type\":\"BreadcrumbList\",\"@id\":\"https:\/\/www.myvize.com.tr\/hollanda\/blog\/#breadcrumb\",\"itemListElement\":[{\"@type\":\"ListItem\",\"position\":1,\"name\":\"Anasayfa\",\"item\":\"https:\/\/www.myvize.com.tr\/hollanda\/\"},{\"@type\":\"ListItem\",\"position\":2,\"name\":\"BLOG\"}]},{\"@type\":\"WebSite\",\"@id\":\"https:\/\/www.myvize.com.tr\/hollanda\/#website\",\"url\":\"https:\/\/www.myvize.com.tr\/hollanda\/\",\"name\":\"Hollanda Vize\",\"description\":\"\",\"potentialAction\":[{\"@type\":\"SearchAction\",\"target\":{\"@type\":\"EntryPoint\",\"urlTemplate\":\"https:\/\/www.myvize.com.tr\/hollanda\/?s={search_term_string}\"},\"query-input\":{\"@type\":\"PropertyValueSpecification\",\"valueRequired\":true,\"valueName\":\"search_term_string\"}}],\"inLanguage\":\"tr\"}]}<\/script>\n<!-- \/ Yoast SEO plugin. -->","yoast_head_json":{"title":"Hollanda Blog Yaz\u0131lar\u0131 - Hollanda Vizesi - MyVize","description":"Hollanda Vizesi A\u00e7\u0131lacak M\u0131 2022? Hollanda Vizesi Nas\u0131l Al\u0131n\u0131r? Hollanda Vize \u00dccreti Nedir? Hollanda Vize Reddi Neden Olur?","robots":{"index":"index","follow":"follow","max-snippet":"max-snippet:-1","max-image-preview":"max-image-preview:large","max-video-preview":"max-video-preview:-1"},"canonical":"https:\/\/www.myvize.com.tr\/hollanda\/blog\/","og_locale":"tr_TR","og_type":"article","og_title":"Hollanda Blog Yaz\u0131lar\u0131 - Hollanda Vizesi - MyVize","og_description":"Hollanda Vizesi A\u00e7\u0131lacak M\u0131 2022? Hollanda Vizesi Nas\u0131l Al\u0131n\u0131r? Hollanda Vize \u00dccreti Nedir? Hollanda Vize Reddi Neden Olur?","og_url":"https:\/\/www.myvize.com.tr\/hollanda\/blog\/","og_site_name":"Hollanda Vize","article_modified_time":"2022-01-11T14:34:23+00:00","og_image":[{"url":"https:\/\/www.myvize.com.tr\/hollanda\/wp-content\/uploads\/2021\/09\/81.jpg","type":"","width":"","height":""}],"twitter_card":"summary_large_image","twitter_misc":{"Tahmini okuma s\u00fcresi":"1 dakika"},"schema":{"@context":"https:\/\/schema.org","@graph":[{"@type":"WebPage","@id":"https:\/\/www.myvize.com.tr\/hollanda\/blog\/","url":"https:\/\/www.myvize.com.tr\/hollanda\/blog\/","name":"Hollanda Blog Yaz\u0131lar\u0131 - Hollanda Vizesi - MyVize","isPartOf":{"@id":"https:\/\/www.myvize.com.tr\/hollanda\/#website"},"primaryImageOfPage":{"@id":"https:\/\/www.myvize.com.tr\/hollanda\/blog\/#primaryimage"},"image":{"@id":"https:\/\/www.myvize.com.tr\/hollanda\/blog\/#primaryimage"},"thumbnailUrl":"https:\/\/www.myvize.com.tr\/hollanda\/wp-content\/uploads\/2021\/09\/81.jpg","datePublished":"2021-06-27T13:58:04+00:00","dateModified":"2022-01-11T14:34:23+00:00","description":"Hollanda Vizesi A\u00e7\u0131lacak M\u0131 2022? Hollanda Vizesi Nas\u0131l Al\u0131n\u0131r? Hollanda Vize \u00dccreti Nedir? Hollanda Vize Reddi Neden Olur?","breadcrumb":{"@id":"https:\/\/www.myvize.com.tr\/hollanda\/blog\/#breadcrumb"},"inLanguage":"tr","potentialAction":[{"@type":"ReadAction","target":["https:\/\/www.myvize.com.tr\/hollanda\/blog\/"]}]},{"@type":"ImageObject","inLanguage":"tr","@id":"https:\/\/www.myvize.com.tr\/hollanda\/blog\/#primaryimage","url":"https:\/\/www.myvize.com.tr\/hollanda\/wp-content\/uploads\/2021\/09\/81.jpg","contentUrl":"https:\/\/www.myvize.com.tr\/hollanda\/wp-content\/uploads\/2021\/09\/81.jpg","width":800,"height":500,"caption":"Hollanda Blog"},{"@type":"BreadcrumbList","@id":"https:\/\/www.myvize.com.tr\/hollanda\/blog\/#breadcrumb","itemListElement":[{"@type":"ListItem","position":1,"name":"Anasayfa","item":"https:\/\/www.myvize.com.tr\/hollanda\/"},{"@type":"ListItem","position":2,"name":"BLOG"}]},{"@type":"WebSite","@id":"https:\/\/www.myvize.com.tr\/hollanda\/#website","url":"https:\/\/www.myvize.com.tr\/hollanda\/","name":"Hollanda Vize","description":"","potentialAction":[{"@type":"SearchAction","target":{"@type":"EntryPoint","urlTemplate":"https:\/\/www.myvize.com.tr\/hollanda\/?s={search_term_string}"},"query-input":{"@type":"PropertyValueSpecification","valueRequired":true,"valueName":"search_term_string"}}],"inLanguage":"tr"}]}},"_links":{"self":[{"href":"https:\/\/www.myvize.com.tr\/hollanda\/wp-json\/wp\/v2\/pages\/343","targetHints":{"allow":["GET"]}}],"collection":[{"href":"https:\/\/www.myvize.com.tr\/hollanda\/wp-json\/wp\/v2\/pages"}],"about":[{"href":"https:\/\/www.myvize.com.tr\/hollanda\/wp-json\/wp\/v2\/types\/page"}],"author":[{"embeddable":true,"href":"https:\/\/www.myvize.com.tr\/hollanda\/wp-json\/wp\/v2\/users\/1"}],"replies":[{"embeddable":true,"href":"https:\/\/www.myvize.com.tr\/hollanda\/wp-json\/wp\/v2\/comments?post=343"}],"version-history":[{"count":6,"href":"https:\/\/www.myvize.com.tr\/hollanda\/wp-json\/wp\/v2\/pages\/343\/revisions"}],"predecessor-version":[{"id":1003,"href":"https:\/\/www.myvize.com.tr\/hollanda\/wp-json\/wp\/v2\/pages\/343\/revisions\/1003"}],"wp:attachment":[{"href":"https:\/\/www.myvize.com.tr\/hollanda\/wp-json\/wp\/v2\/media?parent=343"}],"curies":[{"name":"wp","href":"https:\/\/api.w.org\/{rel}","templated":true}]}}