{"id":37,"date":"2021-07-16T12:00:00","date_gmt":"2021-07-16T09:00:00","guid":{"rendered":"https:\/\/www.myvize.com.tr\/hollanda\/?page_id=37"},"modified":"2022-07-30T12:44:31","modified_gmt":"2022-07-30T09:44:31","slug":"hollanda-aile-birlesimi-vizesi","status":"publish","type":"page","link":"https:\/\/www.myvize.com.tr\/hollanda\/vize-islemleri\/hollanda-aile-birlesimi-vizesi\/","title":{"rendered":"Hollanda Aile Birle\u015fimi Vizesi"},"content":{"rendered":"\r\n<p style=\"font-size: 14px;\">\u00d6zg\u00fcrl\u00fckler \u00fclkesi Hollanda, bir\u00e7ok T\u00fcrk vatanda\u015f\u0131na ev sahipli\u011fi yapmaktad\u0131r. Bug\u00fcn bir\u00e7ok ki\u015fi e\u011fitim ve \u00e7al\u0131\u015fma ko\u015fullar\u0131n\u0131 zenginle\u015ftirmek ad\u0131na Hollanda \u00fclkesine yerle\u015fmektedir. Bunun neticesinde ya\u015fam standartlar\u0131 iyile\u015fmekle birlikte aileyi bir araya getirme giri\u015fiminde bulunmak i\u00e7in kollar\u0131 s\u0131varlar.\u00a0<strong>Hollanda aile birle\u015fim vizesi\u00a0<\/strong>sayesinde gurbet\u00e7iler ailelerini de bulunduklar\u0131 \u00fclkeye dahil edebilmektedir. Ancak bunun i\u00e7in \u00f6ncelikle T\u00fcrkiye\u2019den Bel\u00e7ika\u2019ya gidecek ki\u015finin ilgili yerlere m\u00fcracaat\u0131 gereklidir. <strong>Aile vizesi <\/strong>e\u015f ve \u00e7ocuklar taraf\u0131ndan al\u0131nabilece\u011fi gibi kan ba\u011f\u0131 olan anne ve baba taraf\u0131ndan dan al\u0131nmas\u0131 m\u00fcmk\u00fcnd\u00fcr. Gerekli vize al\u0131nd\u0131\u011f\u0131 takdirde uzun s\u00fcreli Hollanda s\u0131n\u0131rlar\u0131 i\u00e7erisinde ikamet etmek m\u00fcmk\u00fcnd\u00fcr.<\/p>\r\n\r\n\r\n\r\n<p style=\"font-size: 14px;\"><strong>Hollanda aile birle\u015fim vizesi ba\u015fvurusu i\u00e7in\u00a0<\/strong>Hollanda B\u00fcy\u00fckel\u00e7ili\u011finden veya ba\u015fkonsolosluklardan sa\u011flan\u0131r. Hollanda ba\u015fkonsolosluklar\u0131 <a href=\"https:\/\/www.myvize.com.tr\/hollanda\/subelerimiz\/ankara\/\" target=\"_blank\" rel=\"noreferrer noopener\"><span class=\"has-inline-color\" style=\"color: #2acec2;\"><strong>Ankara<\/strong> <\/span><\/a>ve \u0130stanbul\u2019da bulunmaktad\u0131r. Ba\u015fvuru yap\u0131ld\u0131ktan sonra istenilen evraklar tam olacak \u015fekilde teslim edilmelidir. S\u00fcre\u00e7 devam ederken ek olarak ba\u015fka evraklarda istenebilmektedir. Bu y\u00fczden evraklar\u0131n zaman\u0131nda yap\u0131lmas\u0131 \u00e7ok \u00f6nemlidir. Bir evrak eksikli\u011fi t\u00fcm hayallerin suya d\u00fc\u015fmesine neden olaca\u011f\u0131ndan dikkatli davran\u0131lmal\u0131d\u0131r. Sonu\u00e7ta ailenin birle\u015fimi s\u00f6z konusudur, kavu\u015fum vard\u0131r. Bu y\u00fczden bekleyi\u015fin ba\u015far\u0131 sa\u011flamas\u0131 i\u00e7in sizden istenilenleri do\u011fru beyan etmeniz gerekir.<\/p>\r\n\r\n\r\n\r\n<p style=\"font-size: 14px;\"><strong>Hollanda aile vizesi<\/strong>, D tip kategoride oldu\u011fu i\u00e7in uzun s\u00fcreli bir izni kapsar. Vizeyle Hollanda s\u0131n\u0131rlar\u0131na girdikten sonra doksan g\u00fcn boyunca \u00fclkede rahatl\u0131kla kal\u0131nabilir. E\u011fer kalma s\u00fcresini uzatmak gibi bir d\u00fc\u015f\u00fcnceniz varsa mutlaka yetkili kurumlara beyan edilmesi gerekir. Bununla birlikte dil yeterlili\u011fi aile vizelerinde \u00f6nemli bir unsurdur. Dilin etkili olmas\u0131 vizeyi alman\u0131z\u0131 daha kolay hale getirecektir. Bu birle\u015fim vizesini alma maliyeti genel olarak 120 Euro kadard\u0131r. Ancak ek masraflar ve ki\u015filerin durumuna g\u00f6re de\u011ferlendirilerek bu \u00fccret daha az veya daha fazla olabilmektedir. Bununla birlikte baz\u0131 durumlarda<a href=\"https:\/\/www.myvize.com.tr\/hollanda\/vize-islemleri\/hollanda-vize-reddi\/\" target=\"_blank\" rel=\"noreferrer noopener\"> <span class=\"has-inline-color\" style=\"color: #2acec2;\"><strong>Hollanda vize reddi<\/strong> <\/span><\/a>de olas\u0131l\u0131klar aras\u0131ndad\u0131r. B\u00f6yle bir durumda nedenini ara\u015ft\u0131r\u0131p yeniden ba\u015fvuru yapmak \u00e7ok ak\u0131ll\u0131ca olacakt\u0131r.<\/p>\r\n\r\n<p><img decoding=\"async\" src=\"https:\/\/www.myvize.com.tr\/hollanda\/wp-content\/uploads\/2021\/09\/30.jpg\" \/><\/p>\r\n\r\n<h2 class=\"wp-block-heading\" style=\"font-size: 27px;\"><strong>HOLLANDA A\u0130LE B\u0130RLE\u015e\u0130M\u0130 V\u0130ZE BA\u015eVURUSU<\/strong><\/h2>\r\n\r\n\r\n\r\n<p style=\"font-size: 14px;\">E\u015flerden birinin Hollanda\u2019da ya\u015famas\u0131 durumunda di\u011ferinin Hollanda\u2019ya ba\u015fvurarak<strong><a href=\"https:\/\/www.myvize.com.tr\/hollanda\/vize-islemleri\/hollanda-oturum-izni\/\" target=\"_blank\" rel=\"noreferrer noopener\"> <span class=\"has-inline-color\" style=\"color: #2acec2;\">Hollanda oturum izni<\/span><\/a><\/strong> ya da vize almas\u0131na aile birle\u015fimi denir.<\/p>\r\n\r\n\r\n\r\n<p style=\"font-size: 14px;\">Kas\u0131m 2013\u2019e kadar Hollanda aile birle\u015fimi vize \u00a0ba\u015fvurusu yapabilmek i\u00e7in ba\u015fvuru yapan ki\u015finin Hollanda\u2019da ge\u00e7ici olarak oturum izni veya\u00a0<strong>Hollanda vizesi<\/strong>\u00a0bulunmas\u0131 gerekmekte idi ancak kas\u0131m 2013\u2019ten bu yana Avrupa Birli\u011fi\u2019nin ald\u0131\u011f\u0131 yeni kararla beraber oturum izni ko\u015fulu kald\u0131r\u0131ld\u0131. Bu sayede e\u015flerden birinin oturma izni olmadan kald\u0131\u011f\u0131 zaman zarf\u0131nda T\u00fcrkiye Cumhuriyeti\u2019ne d\u00f6nememesi durumunda T\u00fcrkiye Cumhuriyeti vatanda\u015f\u0131 olan e\u015flerden di\u011feri ge\u00e7ici oturma izni \u015fart\u0131 olmadan\u00a0<strong>Hollanda aile bile\u015fimi vize ba\u015fvurusu<\/strong>\u00a0yapabiliyor. Ve <strong>Hollanda aile birle\u015fimi vizes<\/strong>i sonucu azami \u00fc\u00e7 ayda \u00e7\u0131k\u0131yor.<\/p>\r\n\r\n\r\n\r\n<p style=\"font-size: 14px;\"><strong>Hollanda aile birle\u015fimi vize<\/strong> ba\u015fvurusu i\u00e7in gerekli \u015fartlar ise \u015funlard\u0131r:<\/p>\r\n\r\n\r\n\r\n<p style=\"font-size: 14px;\">-Ba\u015fvuru yapan \u015fahs\u0131n 21 ya\u015f\u0131n\u0131 doldurmu\u015f bulunmas\u0131.<\/p>\r\n\r\n\r\n\r\n<p style=\"font-size: 14px;\">-Hollanda vatanda\u015f\u0131 olan bir \u015fah\u0131sla beraber olmak (Evlilik \u015fart\u0131 yok).<\/p>\r\n\r\n\r\n\r\n<p style=\"font-size: 14px;\">-Hollanda\u2019da ya\u015fayan e\u015fin ayda en az asgari \u00fccret kadar gelir elde etmesi.<\/p>\r\n\r\n\r\n\r\n<p style=\"font-size: 14px;\">-Hollanda\u2019da ya\u015fayan e\u015fin en az bir y\u0131ll\u0131k i\u015f s\u00f6zle\u015fmesinin olmas\u0131.<\/p>\r\n\r\n\r\n\r\n<p style=\"font-size: 14px;\">-Ba\u015fvuran e\u015fin sab\u0131ka kayd\u0131 bulunmamas\u0131 gereklidir.<\/p>\r\n\r\n\r\n\r\n<p style=\"font-size: 14px;\">Bu \u015fartlar\u0131n\u00a0<strong>yan\u0131nda Hollanda aile vize birle\u015fimi ba\u015fvurusu\u00a0<\/strong>yapabilmek gereki \u015fartlar\u0131 sa\u011flayan e\u015fin baz\u0131 evraklar\u0131 bulundurmas\u0131 gereklidir bu evraklar ise \u015funlard\u0131r:<\/p>\r\n\r\n\r\n\r\n<p style=\"font-size: 14px;\">-\u00c7al\u0131\u015ft\u0131\u011f\u0131n\u0131z i\u015f yeri yahut \u015firket ile yap\u0131lm\u0131\u015f i\u015f s\u00f6zle\u015fmesi.<\/p>\r\n\r\n\r\n\r\n<p style=\"font-size: 14px;\">-Son on y\u0131l i\u00e7erisinde \u00e7\u0131kar\u0131lm\u0131\u015f ge\u00e7erli pasaport.<\/p>\r\n\r\n\r\n\r\n<p style=\"font-size: 14px;\">-\u0130ki adet vesikal\u0131k foto\u011fraf.<\/p>\r\n\r\n\r\n\r\n<p style=\"font-size: 14px;\">-N\u00fcfus kay\u0131t belgesi.<\/p>\r\n\r\n\r\n\r\n<p style=\"font-size: 14px;\">-Aile ileti\u015fim bilgileri.<\/p>\r\n\r\n\r\n\r\n<p style=\"font-size: 14px;\">-Kimlik kart\u0131 fotokopisi.<\/p>\r\n\r\n\r\n\r\n<p style=\"font-size: 14px;\">-Kira s\u00f6zle\u015fmesi (Hollanda\u2019da ya\u015fayan e\u015ften istenir).<\/p>\r\n\r\n\r\n\r\n<p style=\"font-size: 14px;\">-Banka hesap c\u00fczdan\u0131.<\/p>\r\n\r\n\r\n\r\n<p style=\"font-size: 14px;\">Bu belgeler ve \u015fartlar sa\u011fland\u0131\u011f\u0131 s\u00fcrece herkes\u00a0<strong>Hollanda aile birle\u015fimi vize ba\u015fvurusu randevusu<\/strong>\u00a0alabilir.<\/p>\r\n<h2>Hollanda Aile Birle\u015fimi \u0130\u00e7in Haz\u0131rlanmas\u0131 Gereken Evraklar<\/h2>\r\n<p>Hollanda\u2019da ya\u015fayan ailesi ile aile birle\u015fimi yapacak ki\u015filerin aile birle\u015fimi vizesi alams\u0131 gerekmektedir. Hollanda Konsoloslu\u011fu aile birle\u015fimi i\u00e7in hem ba\u015fvuru sahibinden hem de Hollanda\u2019da bulunan aile \u00fcyesinden farkl\u0131 belgeler istenmektedir. A\u015fa\u011f\u0131da bu belgelerin listesi verilmi\u015ftir.<\/p>\r\n<p><img decoding=\"async\" src=\"https:\/\/www.myvize.com.tr\/hollanda\/wp-content\/uploads\/2021\/09\/31.jpg\" \/><\/p>\r\n<h2>T\u00fcrkiye\u2019de Ya\u015fayan Ba\u015fvuru Sahibinin Haz\u0131rlamas\u0131 Gereken Belgeler<\/h2>\r\n<ul>\r\n<li>Hollanda aile birle\u015fimi vize ba\u015fvuru formu<\/li>\r\n<li>10 y\u0131l i\u00e7erisinde \u00e7\u0131kar\u0131lm\u0131\u015f pasaport<\/li>\r\n<li>2 adet biyometrik foto\u011fraf<\/li>\r\n<li>E\u011fer T\u00fcrkiye vatanda\u015f\u0131 de\u011filseniz T\u00fcrkiye oturum izni belgesi<\/li>\r\n<li>Medeni durumunuzu g\u00f6steren belgeler<\/li>\r\n<li>E\u011fitim durumunuzu g\u00f6steren belgeler<\/li>\r\n<li>Hollanda dil yeterlilik sertifikas\u0131<\/li>\r\n<li>Finansal durumunuzu kan\u0131tlayan belgeler<\/li>\r\n<li>\u015eirket sahibi iseniz; \u015firketinize ait banka hesap d\u00f6k\u00fcm\u00fc<\/li>\r\n<li>Uluslararas\u0131 evlenme kay\u0131t belgesi olan Form\u00fcl-B belgesi<\/li>\r\n<li>N\u00fcfus M\u00fcd\u00fcrl\u00fc\u011f\u00fc\u2019nden al\u0131nm\u0131\u015f Form\u00fcl-A belgesi; Bu belge bir ki\u015finin do\u011fumunu uluslararas\u0131 \u00e7er\u00e7evede kan\u0131tlamas\u0131n\u0131 sa\u011flar.<\/li>\r\n<li>Var ise ek gelirlerinizi g\u00f6steren belgeler ve ara\u00e7 ruhsatlar\u0131, tapu fotokopileri<\/li>\r\n<li>Hollanda\u2019da ya\u015famay\u0131 planlad\u0131\u011f\u0131n\u0131z ev ile ilgili detaylar, ev sahibiyseniz tapu belgesi<\/li>\r\n<li>\u00d6nceden evlenilmi\u015f ise evliliklere bo\u015fanma belgeleri<\/li>\r\n<li>Aile birle\u015fimi yap\u0131lacak ki\u015fi e\u015finiz ise d\u00fc\u011f\u00fcn, ni\u015fan foto\u011fraflar\u0131. Anla\u015fmal\u0131 bir evlilik olmad\u0131\u011f\u0131n\u0131 kan\u0131tlamak i\u00e7in gereklidir.<\/li>\r\n<li>18 ya\u015f\u0131ndan k\u00fc\u00e7\u00fckler i\u00e7in ebeveynler taraf\u0131ndan imzalanm\u0131\u015f muvafakatname<\/li>\r\n<li>18 ya\u015f\u0131ndan k\u00fc\u00e7\u00fckler bekar olmal\u0131d\u0131r.<\/li>\r\n<li>18 ya\u015f\u0131ndan k\u00fc\u00e7\u00fckler Hollanda\u2019daki ailesinden ba\u011f\u0131ms\u0131z ya\u015fayamamal\u0131d\u0131r.<\/li>\r\n<li>Hollanda\u2019ya gidecek olan ki\u015fi 18 ya\u015f\u0131ndan k\u00fc\u00e7\u00fck ise sponsor gereklidir.<\/li>\r\n<li>Partneriniz ile ya\u015fayacaksan\u0131z uzun bir s\u00fcre birlikteli\u011finiz oldu\u011funu kan\u0131tlamal\u0131s\u0131n\u0131z<\/li>\r\n<li>Partnerinizin ve sizin 21 ya\u015f alt\u0131nda olman\u0131z gerekmektedir.<\/li>\r\n<\/ul>\r\n<h2>Hollanda\u2019da Bulunan Ki\u015fiden \u0130stenen Belgeler<\/h2>\r\n<ul>\r\n<li>Hollanda\u2019da bulunan ki\u015finin pasaportu<\/li>\r\n<li>Hollanda\u2019da bulunan ki\u015finin vatanda\u015fl\u0131k belgesi<\/li>\r\n<li>Hollanda\u2019da bulunan ki\u015finin ikamet belgesi<\/li>\r\n<li>Hollanda\u2019da bulunan ki\u015fi e\u011fer \u00e7al\u0131\u015f\u0131yor ise son 3 ay\u0131n maa\u015f bordrosu<\/li>\r\n<li>Hollanda\u2019da bulunan ki\u015finin finansal durumunu g\u00f6steren belgeler<\/li>\r\n<li>Aile birle\u015fimi yapaca\u011f\u0131n\u0131z ki\u015fi e\u015finiz ise do\u011fum belgesi<\/li>\r\n<li>Aile birle\u015fimi yapaca\u011f\u0131n\u0131z ki\u015fi e\u015finiz ise evlilik belgesi<\/li>\r\n<li>Hollanda\u2019da bulunan ki\u015fi \u015firket sahibi ise \u015firket belgeleri<\/li>\r\n<li>Yan\u0131na g\u00f6\u00e7 edilecek ki\u015fi \u00e7ocuk ise ve anne baba bo\u015fanm\u0131\u015f ise bo\u015fanma belgeleri<\/li>\r\n<li>Aile birle\u015fimi yap\u0131lacak ki\u015fi Hollanda vatanda\u015f\u0131 ise do\u011fum belgesi<\/li>\r\n<li>Aile birle\u015fimi yap\u0131lacak ki\u015fi yabanc\u0131 uyruklu ise; Hollanda oturum izni belgesi<\/li>\r\n<\/ul>\r\n\r\n\r\n\r\n<p>&nbsp;<\/p>\r\n","protected":false},"excerpt":{"rendered":"<p>\u00d6zg\u00fcrl\u00fckler \u00fclkesi Hollanda, bir\u00e7ok T\u00fcrk vatanda\u015f\u0131na ev sahipli\u011fi yapmaktad\u0131r. Bug\u00fcn bir\u00e7ok ki\u015fi e\u011fitim ve \u00e7al\u0131\u015fma ko\u015fullar\u0131n\u0131 zenginle\u015ftirmek ad\u0131na Hollanda \u00fclkesine yerle\u015fmektedir. Bunun neticesinde ya\u015fam standartlar\u0131 iyile\u015fmekle birlikte aileyi bir araya getirme giri\u015fiminde bulunmak i\u00e7in kollar\u0131 s\u0131varlar.\u00a0Hollanda aile birle\u015fim vizesi\u00a0sayesinde gurbet\u00e7iler ailelerini de bulunduklar\u0131 \u00fclkeye dahil edebilmektedir. Ancak bunun i\u00e7in \u00f6ncelikle T\u00fcrkiye\u2019den Bel\u00e7ika\u2019ya gidecek ki\u015finin ilgili<\/p>\n","protected":false},"author":1,"featured_media":0,"parent":18,"menu_order":0,"comment_status":"open","ping_status":"closed","template":"","meta":{"footnotes":""},"class_list":["post-37","page","type-page","status-publish","hentry"],"yoast_head":"<!-- This site is optimized with the Yoast SEO plugin v26.8 - https:\/\/yoast.com\/product\/yoast-seo-wordpress\/ -->\n<title>Hollanda Aile Birle\u015fimi Vizesi Nas\u0131l Al\u0131n\u0131r? - MyVize<\/title>\n<meta name=\"description\" content=\"Hollanda Aile Birle\u015fimi Vizesi almak i\u00e7in gerekli t\u00fcm evraklar listesi 2022 hemen t\u0131kla! \u00dccretsiz Hollanda Vize Randevusu i\u00e7in hemen ara!\" \/>\n<meta name=\"robots\" content=\"index, follow, max-snippet:-1, max-image-preview:large, max-video-preview:-1\" \/>\n<link rel=\"canonical\" href=\"https:\/\/www.myvize.com.tr\/hollanda\/vize-islemleri\/hollanda-aile-birlesimi-vizesi\/\" \/>\n<meta property=\"og:locale\" content=\"tr_TR\" \/>\n<meta property=\"og:type\" content=\"article\" \/>\n<meta property=\"og:title\" content=\"Hollanda Aile Birle\u015fimi Vizesi Nas\u0131l Al\u0131n\u0131r? - MyVize\" \/>\n<meta property=\"og:description\" content=\"Hollanda Aile Birle\u015fimi Vizesi almak i\u00e7in gerekli t\u00fcm evraklar listesi 2022 hemen t\u0131kla! \u00dccretsiz Hollanda Vize Randevusu i\u00e7in hemen ara!\" \/>\n<meta property=\"og:url\" content=\"https:\/\/www.myvize.com.tr\/hollanda\/vize-islemleri\/hollanda-aile-birlesimi-vizesi\/\" \/>\n<meta property=\"og:site_name\" content=\"Hollanda Vize\" \/>\n<meta property=\"article:modified_time\" content=\"2022-07-30T09:44:31+00:00\" \/>\n<meta property=\"og:image\" content=\"https:\/\/www.myvize.com.tr\/hollanda\/wp-content\/uploads\/2021\/09\/30.jpg\" \/>\n<meta name=\"twitter:card\" content=\"summary_large_image\" \/>\n<meta name=\"twitter:label1\" content=\"Tahmini okuma s\u00fcresi\" \/>\n\t<meta name=\"twitter:data1\" content=\"4 dakika\" \/>\n<script type=\"application\/ld+json\" class=\"yoast-schema-graph\">{\"@context\":\"https:\/\/schema.org\",\"@graph\":[{\"@type\":\"WebPage\",\"@id\":\"https:\/\/www.myvize.com.tr\/hollanda\/vize-islemleri\/hollanda-aile-birlesimi-vizesi\/\",\"url\":\"https:\/\/www.myvize.com.tr\/hollanda\/vize-islemleri\/hollanda-aile-birlesimi-vizesi\/\",\"name\":\"Hollanda Aile Birle\u015fimi Vizesi Nas\u0131l Al\u0131n\u0131r? - MyVize\",\"isPartOf\":{\"@id\":\"https:\/\/www.myvize.com.tr\/hollanda\/#website\"},\"primaryImageOfPage\":{\"@id\":\"https:\/\/www.myvize.com.tr\/hollanda\/vize-islemleri\/hollanda-aile-birlesimi-vizesi\/#primaryimage\"},\"image\":{\"@id\":\"https:\/\/www.myvize.com.tr\/hollanda\/vize-islemleri\/hollanda-aile-birlesimi-vizesi\/#primaryimage\"},\"thumbnailUrl\":\"https:\/\/www.myvize.com.tr\/hollanda\/wp-content\/uploads\/2021\/09\/30.jpg\",\"datePublished\":\"2021-07-16T09:00:00+00:00\",\"dateModified\":\"2022-07-30T09:44:31+00:00\",\"description\":\"Hollanda Aile Birle\u015fimi Vizesi almak i\u00e7in gerekli t\u00fcm evraklar listesi 2022 hemen t\u0131kla! \u00dccretsiz Hollanda Vize Randevusu i\u00e7in hemen ara!\",\"breadcrumb\":{\"@id\":\"https:\/\/www.myvize.com.tr\/hollanda\/vize-islemleri\/hollanda-aile-birlesimi-vizesi\/#breadcrumb\"},\"inLanguage\":\"tr\",\"potentialAction\":[{\"@type\":\"ReadAction\",\"target\":[\"https:\/\/www.myvize.com.tr\/hollanda\/vize-islemleri\/hollanda-aile-birlesimi-vizesi\/\"]}]},{\"@type\":\"ImageObject\",\"inLanguage\":\"tr\",\"@id\":\"https:\/\/www.myvize.com.tr\/hollanda\/vize-islemleri\/hollanda-aile-birlesimi-vizesi\/#primaryimage\",\"url\":\"https:\/\/www.myvize.com.tr\/hollanda\/wp-content\/uploads\/2021\/09\/30.jpg\",\"contentUrl\":\"https:\/\/www.myvize.com.tr\/hollanda\/wp-content\/uploads\/2021\/09\/30.jpg\",\"width\":800,\"height\":500,\"caption\":\"Hollanda Aile Birle\u015fimi Vizesi\"},{\"@type\":\"BreadcrumbList\",\"@id\":\"https:\/\/www.myvize.com.tr\/hollanda\/vize-islemleri\/hollanda-aile-birlesimi-vizesi\/#breadcrumb\",\"itemListElement\":[{\"@type\":\"ListItem\",\"position\":1,\"name\":\"Anasayfa\",\"item\":\"https:\/\/www.myvize.com.tr\/hollanda\/\"},{\"@type\":\"ListItem\",\"position\":2,\"name\":\"V\u0130ZE \u0130\u015eLEMLER\u0130\",\"item\":\"https:\/\/www.myvize.com.tr\/hollanda\/vize-islemleri\/\"},{\"@type\":\"ListItem\",\"position\":3,\"name\":\"Hollanda Aile Birle\u015fimi Vizesi\"}]},{\"@type\":\"WebSite\",\"@id\":\"https:\/\/www.myvize.com.tr\/hollanda\/#website\",\"url\":\"https:\/\/www.myvize.com.tr\/hollanda\/\",\"name\":\"Hollanda Vize\",\"description\":\"\",\"potentialAction\":[{\"@type\":\"SearchAction\",\"target\":{\"@type\":\"EntryPoint\",\"urlTemplate\":\"https:\/\/www.myvize.com.tr\/hollanda\/?s={search_term_string}\"},\"query-input\":{\"@type\":\"PropertyValueSpecification\",\"valueRequired\":true,\"valueName\":\"search_term_string\"}}],\"inLanguage\":\"tr\"}]}<\/script>\n<!-- \/ Yoast SEO plugin. -->","yoast_head_json":{"title":"Hollanda Aile Birle\u015fimi Vizesi Nas\u0131l Al\u0131n\u0131r? - MyVize","description":"Hollanda Aile Birle\u015fimi Vizesi almak i\u00e7in gerekli t\u00fcm evraklar listesi 2022 hemen t\u0131kla! \u00dccretsiz Hollanda Vize Randevusu i\u00e7in hemen ara!","robots":{"index":"index","follow":"follow","max-snippet":"max-snippet:-1","max-image-preview":"max-image-preview:large","max-video-preview":"max-video-preview:-1"},"canonical":"https:\/\/www.myvize.com.tr\/hollanda\/vize-islemleri\/hollanda-aile-birlesimi-vizesi\/","og_locale":"tr_TR","og_type":"article","og_title":"Hollanda Aile Birle\u015fimi Vizesi Nas\u0131l Al\u0131n\u0131r? - MyVize","og_description":"Hollanda Aile Birle\u015fimi Vizesi almak i\u00e7in gerekli t\u00fcm evraklar listesi 2022 hemen t\u0131kla! \u00dccretsiz Hollanda Vize Randevusu i\u00e7in hemen ara!","og_url":"https:\/\/www.myvize.com.tr\/hollanda\/vize-islemleri\/hollanda-aile-birlesimi-vizesi\/","og_site_name":"Hollanda Vize","article_modified_time":"2022-07-30T09:44:31+00:00","og_image":[{"url":"https:\/\/www.myvize.com.tr\/hollanda\/wp-content\/uploads\/2021\/09\/30.jpg","type":"","width":"","height":""}],"twitter_card":"summary_large_image","twitter_misc":{"Tahmini okuma s\u00fcresi":"4 dakika"},"schema":{"@context":"https:\/\/schema.org","@graph":[{"@type":"WebPage","@id":"https:\/\/www.myvize.com.tr\/hollanda\/vize-islemleri\/hollanda-aile-birlesimi-vizesi\/","url":"https:\/\/www.myvize.com.tr\/hollanda\/vize-islemleri\/hollanda-aile-birlesimi-vizesi\/","name":"Hollanda Aile Birle\u015fimi Vizesi Nas\u0131l Al\u0131n\u0131r? - MyVize","isPartOf":{"@id":"https:\/\/www.myvize.com.tr\/hollanda\/#website"},"primaryImageOfPage":{"@id":"https:\/\/www.myvize.com.tr\/hollanda\/vize-islemleri\/hollanda-aile-birlesimi-vizesi\/#primaryimage"},"image":{"@id":"https:\/\/www.myvize.com.tr\/hollanda\/vize-islemleri\/hollanda-aile-birlesimi-vizesi\/#primaryimage"},"thumbnailUrl":"https:\/\/www.myvize.com.tr\/hollanda\/wp-content\/uploads\/2021\/09\/30.jpg","datePublished":"2021-07-16T09:00:00+00:00","dateModified":"2022-07-30T09:44:31+00:00","description":"Hollanda Aile Birle\u015fimi Vizesi almak i\u00e7in gerekli t\u00fcm evraklar listesi 2022 hemen t\u0131kla! \u00dccretsiz Hollanda Vize Randevusu i\u00e7in hemen ara!","breadcrumb":{"@id":"https:\/\/www.myvize.com.tr\/hollanda\/vize-islemleri\/hollanda-aile-birlesimi-vizesi\/#breadcrumb"},"inLanguage":"tr","potentialAction":[{"@type":"ReadAction","target":["https:\/\/www.myvize.com.tr\/hollanda\/vize-islemleri\/hollanda-aile-birlesimi-vizesi\/"]}]},{"@type":"ImageObject","inLanguage":"tr","@id":"https:\/\/www.myvize.com.tr\/hollanda\/vize-islemleri\/hollanda-aile-birlesimi-vizesi\/#primaryimage","url":"https:\/\/www.myvize.com.tr\/hollanda\/wp-content\/uploads\/2021\/09\/30.jpg","contentUrl":"https:\/\/www.myvize.com.tr\/hollanda\/wp-content\/uploads\/2021\/09\/30.jpg","width":800,"height":500,"caption":"Hollanda Aile Birle\u015fimi Vizesi"},{"@type":"BreadcrumbList","@id":"https:\/\/www.myvize.com.tr\/hollanda\/vize-islemleri\/hollanda-aile-birlesimi-vizesi\/#breadcrumb","itemListElement":[{"@type":"ListItem","position":1,"name":"Anasayfa","item":"https:\/\/www.myvize.com.tr\/hollanda\/"},{"@type":"ListItem","position":2,"name":"V\u0130ZE \u0130\u015eLEMLER\u0130","item":"https:\/\/www.myvize.com.tr\/hollanda\/vize-islemleri\/"},{"@type":"ListItem","position":3,"name":"Hollanda Aile Birle\u015fimi Vizesi"}]},{"@type":"WebSite","@id":"https:\/\/www.myvize.com.tr\/hollanda\/#website","url":"https:\/\/www.myvize.com.tr\/hollanda\/","name":"Hollanda Vize","description":"","potentialAction":[{"@type":"SearchAction","target":{"@type":"EntryPoint","urlTemplate":"https:\/\/www.myvize.com.tr\/hollanda\/?s={search_term_string}"},"query-input":{"@type":"PropertyValueSpecification","valueRequired":true,"valueName":"search_term_string"}}],"inLanguage":"tr"}]}},"_links":{"self":[{"href":"https:\/\/www.myvize.com.tr\/hollanda\/wp-json\/wp\/v2\/pages\/37","targetHints":{"allow":["GET"]}}],"collection":[{"href":"https:\/\/www.myvize.com.tr\/hollanda\/wp-json\/wp\/v2\/pages"}],"about":[{"href":"https:\/\/www.myvize.com.tr\/hollanda\/wp-json\/wp\/v2\/types\/page"}],"author":[{"embeddable":true,"href":"https:\/\/www.myvize.com.tr\/hollanda\/wp-json\/wp\/v2\/users\/1"}],"replies":[{"embeddable":true,"href":"https:\/\/www.myvize.com.tr\/hollanda\/wp-json\/wp\/v2\/comments?post=37"}],"version-history":[{"count":5,"href":"https:\/\/www.myvize.com.tr\/hollanda\/wp-json\/wp\/v2\/pages\/37\/revisions"}],"predecessor-version":[{"id":1189,"href":"https:\/\/www.myvize.com.tr\/hollanda\/wp-json\/wp\/v2\/pages\/37\/revisions\/1189"}],"up":[{"embeddable":true,"href":"https:\/\/www.myvize.com.tr\/hollanda\/wp-json\/wp\/v2\/pages\/18"}],"wp:attachment":[{"href":"https:\/\/www.myvize.com.tr\/hollanda\/wp-json\/wp\/v2\/media?parent=37"}],"curies":[{"name":"wp","href":"https:\/\/api.w.org\/{rel}","templated":true}]}}