{"id":483,"date":"2021-08-18T11:51:39","date_gmt":"2021-08-18T08:51:39","guid":{"rendered":"https:\/\/www.myvize.com.tr\/hollanda\/?page_id=483"},"modified":"2022-07-19T15:43:12","modified_gmt":"2022-07-19T12:43:12","slug":"hollanda-ticari-vize-davetiye-mektubu","status":"publish","type":"page","link":"https:\/\/www.myvize.com.tr\/hollanda\/hollanda-ticari-vize-davetiye-mektubu\/","title":{"rendered":"Hollanda Ticari Vize Davetiye Mektubu"},"content":{"rendered":"<h2><strong><span style=\"font-size: 27px; font-family: Roboto;\">Hollanda Ticari Vize Davetiye Mektubu 2022<\/span><\/strong><\/h2>\n<p><span style=\"font-family: Roboto; font-size: 14px;\">Avrupa k\u0131tas\u0131n\u0131n bat\u0131s\u0131nda yer alan Hollanda \u00fclkesi; Bel\u00e7ika ve Almanya ile kom\u015fu \u00fclkedir. <strong>Hollanda\u00a0Schengen\u00a0Vizesi<\/strong> Antla\u015fmas\u0131na \u00fcye 26 \u00fclkeden biridir. Bu sebeple turistik ama\u00e7l\u0131 seyahatlerde<strong>\u00a0Schengen\u00a0Vizesi<\/strong> ile pasaport fark etmeksizin al\u0131m yapmaktad\u0131r. Bunun d\u0131\u015f\u0131nda Umuma mahsus (bordo pasaport) hari\u00e7 ye\u015fil, gri ve siyah pasaportlu vatanda\u015flar\u0131n vizesiz \u00fclkeye 90 g\u00fcn s\u0131n\u0131r\u0131 ile giri\u015f \u00e7\u0131k\u0131\u015flar\u0131 kontroller dahilinde serbest say\u0131lmaktad\u0131r. <span style=\"color: #2acec2;\"><strong><a style=\"color: #2acec2;\" href=\"https:\/\/www.myvize.com.tr\/hollanda\/vize-islemleri\/hollanda-ticari-vize\/\" target=\"_blank\" rel=\"noopener\">Hollanda ticari vize<\/a><\/strong><\/span> almak isteyen vatanda\u015flar kendi adlar\u0131na dilek\u00e7e yazmaktad\u0131rlar. \u0130leti\u015fim bilgileri, neden gidilmek istendi\u011fi, \u00e7al\u0131\u015fma\u00a0mevkisi, nerede ikamet edece\u011fi ve tahmini olarak \u00fclkesine ne zaman geri d\u00f6nece\u011fini belirtmelidir. E\u011fer bir \u015firkete \u00e7al\u0131\u015fmaya gidiyorsa \u015firket yetkilisinden kesinlikle davet mektubu almal\u0131d\u0131r.\u00a0<\/span><\/p>\n<p><span style=\"font-family: Roboto; font-size: 14px;\">Davetiye mektubu \u00f6rne\u011fi nas\u0131l yaz\u0131l\u0131r:\u00a0<\/span><\/p>\n<ul>\n<li><span style=\"font-family: Roboto; font-size: 14px;\">Mektubun ba\u015f\u0131na tarih atmal\u0131s\u0131n\u0131z\u00a0<\/span><\/li>\n<li><span style=\"font-family: Roboto; font-size: 14px;\">Ard\u0131ndan Hollanda B\u00fcy\u00fckel\u00e7ili\u011fine, diye hitap ederek mektuba ba\u015flamal\u0131s\u0131n\u0131z.\u00a0<\/span><\/li>\n<li><span style=\"font-family: Roboto; font-size: 14px;\">Yunanistan\u2019a gidecek ki\u015finin ad\u0131 soyad\u0131 ve pasaport numaras\u0131 yaz\u0131l\u0131r. Sonra bir sonraki paragrafa <strong>Hollanda\u2019ya gidecek<\/strong> ki\u015finin nerede ya\u015fad\u0131\u011f\u0131, ziyaret eden ki\u015fi ile aralar\u0131ndaki ili\u015fki belirtilir ve ard\u0131ndan neden Hollanda\u2019ya davet edildi\u011fine dair gerek\u00e7e yaz\u0131l\u0131r.\u00a0<\/span><\/li>\n<li><span style=\"font-family: Roboto; font-size: 14px;\">Mektubun bitiminde davet eden ki\u015fi ad\u0131n\u0131, do\u011fum tarihini, adresini, telefon numaras\u0131n\u0131 ve imzas\u0131n\u0131 b\u0131rakmal\u0131d\u0131r.\u00a0\u00a0<\/span><\/li>\n<\/ul>\n<p><span style=\"font-family: Roboto; font-size: 14px;\">\u00a0\u00a0 Mektup onay al\u0131rsa Konsolosluk taraf\u0131ndan ka\u015fe ve m\u00fch\u00fcrlenerek evraklar\u0131n\u0131z\u0131n aras\u0131na konulup dikkate al\u0131nacakt\u0131r.<\/span><\/p>\n<p><img decoding=\"async\" src=\"https:\/\/www.myvize.com.tr\/hollanda\/wp-content\/uploads\/2021\/09\/60.jpg\" \/><\/p>\n<p><span style=\"font-family: Roboto; font-size: 14px;\">Avrupa k\u0131tas\u0131n\u0131n bat\u0131s\u0131nda yer alan <strong>Hollanda \u00fclkesi<\/strong>; Bel\u00e7ika ve Almanya ile kom\u015fu \u00fclkedir. <strong>Hollanda Schengen Vizesi<\/strong> Antla\u015fmas\u0131na \u00fcye 26 \u00fclkeden biridir. Bu sebeple turistik ama\u00e7l\u0131 seyahatlerde Schengen Vizesi ile pasaport fark etmeksizin al\u0131m yapmaktad\u0131r. Bunun d\u0131\u015f\u0131nda Umuma mahsus (bordo pasaport) hari\u00e7 ye\u015fil, gri ve siyah pasaportlu vatanda\u015flar\u0131n vizesiz \u00fclkeye 90 g\u00fcn s\u0131n\u0131r\u0131 ile giri\u015f \u00e7\u0131k\u0131\u015flar\u0131 kontroller dahilinde serbest say\u0131lmaktad\u0131r.<strong> Hollanda ticari vize almak<\/strong> isteyen vatanda\u015flar kendi adlar\u0131na dilek\u00e7e yazmaktad\u0131rlar. \u0130leti\u015fim bilgileri, neden gidilmek istendi\u011fi, \u00e7al\u0131\u015fma mevkisi, nerede ikamet edece\u011fi ve tahmini olarak \u00fclkesine ne zaman geri d\u00f6nece\u011fini belirtmelidir. E\u011fer bir \u015firkete \u00e7al\u0131\u015fmaya gidiyorsa \u015firket yetkilisinden kesinlikle davet mektubu almal\u0131d\u0131r.\u00a0<\/span><\/p>\n<p><strong><span style=\"font-family: Roboto; font-size: 14px;\">Davetiye mektubu \u00f6rne\u011fi nas\u0131l yaz\u0131l\u0131r:\u00a0<\/span><\/strong><\/p>\n<ul>\n<li><span style=\"font-family: Roboto; font-size: 14px;\">Mektubun ba\u015f\u0131na tarih atmal\u0131s\u0131n\u0131z\u00a0<\/span><\/li>\n<li><span style=\"font-family: Roboto; font-size: 14px;\">Ard\u0131ndan Hollanda B\u00fcy\u00fckel\u00e7ili\u011fine, diye hitap ederek mektuba ba\u015flamal\u0131s\u0131n\u0131z.\u00a0<\/span><\/li>\n<li><span style=\"font-family: Roboto; font-size: 14px;\">Yunanistan\u2019a gidecek ki\u015finin ad\u0131 soyad\u0131 ve pasaport numaras\u0131 yaz\u0131l\u0131r. Sonra bir sonraki paragrafa Hollanda\u2019ya gidecek ki\u015finin nerede ya\u015fad\u0131\u011f\u0131, ziyaret eden ki\u015fi ile aralar\u0131ndaki ili\u015fki belirtilir ve ard\u0131ndan neden Hollanda\u2019ya davet edildi\u011fine dair gerek\u00e7e yaz\u0131l\u0131r.\u00a0<\/span><\/li>\n<li><span style=\"font-family: Roboto; font-size: 14px;\">Mektubun bitiminde davet eden ki\u015fi ad\u0131n\u0131, do\u011fum tarihini, adresini, telefon numaras\u0131n\u0131 ve imzas\u0131n\u0131 b\u0131rakmal\u0131d\u0131r.\u00a0\u00a0<\/span><\/li>\n<\/ul>\n<p><span style=\"font-family: Roboto; font-size: 14px;\">\u00a0\u00a0 Mektup onay al\u0131rsa Konsolosluk taraf\u0131ndan ka\u015fe ve m\u00fch\u00fcrlenerek evraklar\u0131n\u0131z\u0131n aras\u0131na konulup dikkate al\u0131nacakt\u0131r.\u00a0<\/span><\/p>\n<h2><strong><span style=\"font-family: Roboto; font-size: 27px;\">Hollanda Ticari Vize \u0130\u015flemleri<\/span><\/strong><\/h2>\n<p><span style=\"font-family: Roboto; font-size: 14px;\"><strong>Hollanda ticari vize ba\u015fvuru i\u015flemleri<\/strong> konusunda ki\u015filerin i\u015fin ehli uzmandan destek almalar\u0131 bu s\u00fcreci k\u0131saltmaktad\u0131r. Ancak kendi vizenizi yine kendi i\u015flemlerinizi yaparak almak istiyorsan\u0131z son derece dikkatlice davranmak gerekir. Hollanda ticaret vizesi i\u00e7in gerekli evraklar\u0131n yan\u0131nda mutlaka ba\u015fvuru \u00fccretlerini de zaman\u0131nda yat\u0131rmal\u0131s\u0131n\u0131z. Ba\u015fvurular i\u00e7in <strong>Hollanda konsoloslu\u011fa<\/strong> ya da b\u00fcy\u00fckel\u00e7ili\u011fine gidilir. Yetkilendirilmi\u015f vize merkezleri de sizlere ba\u015fvuru konusunda hizmet vermektedir. Vize ba\u015fvurusunu yaparken \u015fu noktalara dikkat etmelisiniz: Hollanda ticari vizesi i\u015flemleri s\u0131ras\u0131nda ba\u015fvuru formunu dikkatlice doldurmal\u0131s\u0131n\u0131z. Ba\u015fvuru formunu doldururken b\u00fcy\u00fck harflerle istenilen dilde yazmal\u0131s\u0131n\u0131z. Ba\u015fvuru formu i\u00e7erisinde yer alan bilgilerin g\u00fcncel olmas\u0131na \u00f6zen g\u00f6sterilmelidir. Vize ba\u015fvurusu talep dilek\u00e7esine \u0131slak imzalar ve tarih bulunmas\u0131 dikkat etmelisiniz. Eski kullan\u0131lan pasaportunuz varsa mutlaka bu pasaport da vize dosyalar\u0131na eklemelisiniz.<\/span><\/p>\n<h2><strong><span style=\"font-family: Roboto; font-size: 27px;\">Hollanda Ticari Vize Davet Mektubu Nas\u0131l Doldurulur?<\/span><\/strong><\/h2>\n<p><span style=\"font-family: Roboto; font-size: 14px;\">Hollanda&#8217;ya ticaret vizesi ba\u015fvurusu yapacak olan ki\u015filer, Hollanda vize ba\u015fvurusu i\u00e7in Hollanda ticari vizesi evraklar\u0131n\u0131 haz\u0131rlamalar\u0131 gerekmektedir. Hollanda ticari vize ba\u015fvurusu yapacak olan ki\u015filer, Hollanda Ticari Vize Davet Mektubu doldurmal\u0131d\u0131r. Hollanda vizesi ba\u015fvurusu yapacak olan ki\u015filer i\u00e7in Hollanda Ticari Vize Davet Mektubu hakk\u0131nda bilgi verilmi\u015ftir.<\/span><\/p>\n<p><span style=\"font-family: Roboto; font-size: 14px;\">Hollanda Ticari Vize Davet Mektubunu vize t\u00fcr\u00fcne uygun olarak doldurulmal\u0131d\u0131r. A\u015fa\u011f\u0131daki <strong>Hollanda ticari vize ba\u015fvurusu<\/strong> yapacak olan ki\u015filer i\u00e7in bilgiler verilmi\u015ftir. Ba\u015fvuru form elle ya da bilgisayarla doldurulmal\u0131d\u0131r. Hollanda vize ba\u015fvurusu yapacak olan ki\u015filer, vize t\u00fcr\u00fc ticari vize olarak se\u00e7melidir. Ba\u015fvuru formunu el ile doldurulur, t\u00fckenmez kalem kullanmak ve yaz\u0131n\u0131n okunuyor olmas\u0131 gerekmektedir. Hollanda Ticari Vize Davet Mektubunu dolduracak olan ki\u015filerin forma foto\u011fraf eklemesi gerekmektedir.<\/span><\/p>\n<p><strong><span style=\"font-family: Roboto; font-size: 24px;\">Hollanda Ticari Vize Davet Mektubu Haz\u0131rlarken Dikkat Edilmesi Gerekenler<\/span><\/strong><\/p>\n<p><span style=\"font-family: Roboto; font-size: 14px;\">Hollanda&#8217;ya Ticari ama\u00e7la seyahat eden ki\u015filerin yapaca\u011f\u0131 seyahatler ile ilgili Hollanda \u0130stanbul Ba\u015fkonsoloslu\u011fa hitaben <strong>Hollanda Ticari Vize Davet Mektubu<\/strong> sunmalar\u0131 gereklidir. Hollanda Ticari Vize Davet Mektubu yaz\u0131l\u0131rken a\u015fa\u011f\u0131da ki hususa dikkat etmelidir. Hollanda Ticari Vize Davet Mektubu personeli i\u015f seyahatlerine g\u00f6nderecek \u015firketin yetkilisi taraf\u0131ndan \u015firket antet ka\u011f\u0131d\u0131na yazmas\u0131 ve \u015firket yetkilisi ka\u015fesi ve imzas\u0131n\u0131 ta\u015f\u0131mal\u0131d\u0131r. Hollanda Ticari Vize Davet Mektubuna seyahatin amac\u0131 a\u00e7\u0131k\u00e7a yaz\u0131lmal\u0131d\u0131r. Ticari Vize Davet Mektubuna seyahate \u00e7\u0131kacak ki\u015finin firmadaki g\u00f6revi a\u00e7\u0131k\u00e7a ifade edilmelidir. Hollanda&#8217;ya seyahat edecek ki\u015finin seyahatlerinin ba\u015flang\u0131\u00e7 ve biti\u015f tarihleri ile varsa ek seyahati hakk\u0131nda Hollanda Ticari Vize Davet Mektubuna net bilgiler verilmelidir. Hollanda Konsoloslu\u011funa Ticari Vize Davet Mektubu haz\u0131rlarken seyahat edecek ki\u015finin seyahat s\u00fcresine olu\u015facak masraflar\u0131n\u0131n nas\u0131l kar\u015f\u0131lanaca\u011f\u0131 bilgisi yer almal\u0131d\u0131r.<\/span><\/p>\n<p><span style=\"font-family: Roboto; font-size: 14px;\">Hollanda Ticari Vize Davet Mektubuna yer alan bilgi dosyaya konulan evraklarla desteklenmelidir.\u00a0<\/span><\/p>\n<h3><strong><span style=\"font-family: Roboto; font-size: 24px;\">Hollanda Ticari Vize Davet Mektubu \u00d6rne\u011fi 2022<\/span><\/strong><\/h3>\n<p><span style=\"font-family: Roboto; font-size: 14px;\">Davetiye mektubunu yazmak i\u00e7in kullanabilece\u011finiz sabit \u015fablonlar bulunmuyor. Mektup ki\u015filerin iste\u011fine ba\u011fl\u0131 olarak konaklama ve ilgili bilgi i\u00e7ermelidir. Sadece i\u00e7eri\u011fine ge\u00e7mesi gerekli \u00f6nemli bilgiye yer verilmesine \u00f6zen g\u00f6sterilmeli.<\/span><\/p>\n<p><span style=\"font-family: Roboto; font-size: 14px;\">Tarih<\/span><\/p>\n<p><span style=\"font-family: Roboto; font-size: 14px;\">Hollanda B\u00fcy\u00fckel\u00e7ili\u011fi,<\/span><\/p>\n<p><span style=\"font-family: Roboto; font-size: 14px;\">Adres<\/span><\/p>\n<p><span style=\"font-family: Roboto; font-size: 14px;\">(Ziyaret\u00e7inin ismi) i\u00e7in Davetiye Mektubu: Pasaport No: XXX66666<\/span><\/p>\n<p><span style=\"font-family: Roboto; font-size: 14px;\">Sevgili Beyefendi &#8211; Han\u0131mefendi<\/span><\/p>\n<p><span style=\"font-family: Roboto; font-size: 14px;\">Davetiye mektubunu (Ziyaret\u00e7i ismi) vize ba\u015fvurusunu desteklemek i\u00e7in yaz\u0131yorum.<\/span><\/p>\n<p><span style=\"font-family: Roboto; font-size: 14px;\">Konuk (\u00fclke)`de \u2026\u2026. ikamet ediyor. Benim (ili\u015fkim)&#8230;&#8230;.. (Ziyaret\u00e7inin Adresi) ya\u015f\u0131yor. Ev telefon numaras\u0131 (XX) YYYYYYY.<\/span><\/p>\n<p><span style=\"font-family: Roboto; font-size: 14px;\">Sizden iste\u011fim, beni ziyaret s\u00fcreleri i\u00e7in vize almas\u0131d\u0131r. Bu zaman zarf\u0131nda ondan sorumlu olaca\u011f\u0131m. (Konuk \u0130smi)&#8230;.. evimde ikamet edecek, vize bitimi sonras\u0131nda da \u00fclkesine geri d\u00f6necekdir.<\/span><\/p>\n<p><span style=\"font-family: Roboto; font-size: 14px;\">Gerekli t\u00fcm evraklar ekinde bulunun.<\/span><\/p>\n<p><span style=\"font-family: Roboto; font-size: 14px;\">Olumlu ya da olumsuz cevaplar\u0131n\u0131z\u0131 beklemekteyim.<\/span><\/p>\n<p><span style=\"font-family: Roboto; font-size: 14px;\">Te\u015fekk\u00fcr ederim.<\/span><\/p>\n<p><span style=\"font-family: Roboto; font-size: 14px;\">Sayg\u0131lar\u0131mla\u2026<\/span><\/p>\n<p><span style=\"font-family: Roboto; font-size: 14px;\">(Davet Eden Ki\u015fi \u0130smi)<\/span><\/p>\n<p><span style=\"font-family: Roboto; font-size: 14px;\">(Davet Eden Ki\u015fi Do\u011fum Tarihi)<\/span><\/p>\n<p><span style=\"font-family: Roboto; font-size: 14px;\">(Davet Eden Ki\u015fi Adresi)<\/span><\/p>\n<p><span style=\"font-family: Roboto; font-size: 14px;\">(Davet Eden Ki\u015fi Telefon Numaras\u0131)<\/span><\/p>\n<p><span style=\"font-family: Roboto; font-size: 14px;\">(Davet Eden Ki\u015fi \u0130mzas\u0131)<\/span><\/p>\n<p><span style=\"font-family: Roboto; font-size: 14px;\">\u0130\u015f seyahatleri i\u00e7in davet mektubu \u00f6rne\u011fini haz\u0131rlarken dikkat edilmesi gereken noktadan ilki, yabanc\u0131 i\u015f\u00e7ileri davet eden ki\u015filerin o \u00fclkenin vatanda\u015flar\u0131 olmas\u0131 gerekir. Davet eden ki\u015filer ayn\u0131 zamanda o \u00fclkede daimi oturuyor olmal\u0131d\u0131r. Davet mektubunu yazarken her konu detayland\u0131r\u0131lmal\u0131. Davet edilen ki\u015filerin hangi i\u015f yerinde hangi adreslerde \u00e7al\u0131\u015faca\u011f\u0131, yapaca\u011f\u0131 i\u015fi, mesle\u011fi, i\u015f\u00e7ilerin yetkinli\u011fi ve kalacak yerleri ile ilgili ayr\u0131nt\u0131l\u0131 bilgiler bulunmal\u0131d\u0131r. Davet mektubunu genellikle \u00e7o\u011fu \u00fclke taraf\u0131nda istenen bir belgedir.<\/span><\/p>\n","protected":false},"excerpt":{"rendered":"<p>Hollanda Ticari Vize Davetiye Mektubu 2022 Avrupa k\u0131tas\u0131n\u0131n bat\u0131s\u0131nda yer alan Hollanda \u00fclkesi; Bel\u00e7ika ve Almanya ile kom\u015fu \u00fclkedir. Hollanda\u00a0Schengen\u00a0Vizesi Antla\u015fmas\u0131na \u00fcye 26 \u00fclkeden biridir. Bu sebeple turistik ama\u00e7l\u0131 seyahatlerde\u00a0Schengen\u00a0Vizesi ile pasaport fark etmeksizin al\u0131m yapmaktad\u0131r. Bunun d\u0131\u015f\u0131nda Umuma mahsus (bordo pasaport) hari\u00e7 ye\u015fil, gri ve siyah pasaportlu vatanda\u015flar\u0131n vizesiz \u00fclkeye 90 g\u00fcn s\u0131n\u0131r\u0131 ile<\/p>\n","protected":false},"author":1,"featured_media":0,"parent":0,"menu_order":0,"comment_status":"open","ping_status":"closed","template":"","meta":{"footnotes":""},"class_list":["post-483","page","type-page","status-publish","hentry"],"yoast_head":"<!-- This site is optimized with the Yoast SEO plugin v26.8 - https:\/\/yoast.com\/product\/yoast-seo-wordpress\/ -->\n<title>Hollanda Ticari Vize Davetiye Mektubu - MyVize<\/title>\n<meta name=\"description\" content=\"Hollanda Ticari Vize Davetiye Mektubu Nas\u0131l Yaz\u0131l\u0131r? Hollanda Ticari Vize Davetiye Mektubu \u00d6rne\u011fi. Bilgi \u0130\u00e7in Hemen Aray\u0131n: 0850 346 84 93\" \/>\n<meta name=\"robots\" content=\"index, follow, max-snippet:-1, max-image-preview:large, max-video-preview:-1\" \/>\n<link rel=\"canonical\" href=\"https:\/\/www.myvize.com.tr\/hollanda\/hollanda-ticari-vize-davetiye-mektubu\/\" \/>\n<meta property=\"og:locale\" content=\"tr_TR\" \/>\n<meta property=\"og:type\" content=\"article\" \/>\n<meta property=\"og:title\" content=\"Hollanda Ticari Vize Davetiye Mektubu - MyVize\" \/>\n<meta property=\"og:description\" content=\"Hollanda Ticari Vize Davetiye Mektubu Nas\u0131l Yaz\u0131l\u0131r? Hollanda Ticari Vize Davetiye Mektubu \u00d6rne\u011fi. Bilgi \u0130\u00e7in Hemen Aray\u0131n: 0850 346 84 93\" \/>\n<meta property=\"og:url\" content=\"https:\/\/www.myvize.com.tr\/hollanda\/hollanda-ticari-vize-davetiye-mektubu\/\" \/>\n<meta property=\"og:site_name\" content=\"Hollanda Vize\" \/>\n<meta property=\"article:modified_time\" content=\"2022-07-19T12:43:12+00:00\" \/>\n<meta property=\"og:image\" content=\"https:\/\/www.myvize.com.tr\/hollanda\/wp-content\/uploads\/2021\/09\/60.jpg\" \/>\n<meta name=\"twitter:card\" content=\"summary_large_image\" \/>\n<meta name=\"twitter:label1\" content=\"Tahmini okuma s\u00fcresi\" \/>\n\t<meta name=\"twitter:data1\" content=\"6 dakika\" \/>\n<script type=\"application\/ld+json\" class=\"yoast-schema-graph\">{\"@context\":\"https:\/\/schema.org\",\"@graph\":[{\"@type\":\"WebPage\",\"@id\":\"https:\/\/www.myvize.com.tr\/hollanda\/hollanda-ticari-vize-davetiye-mektubu\/\",\"url\":\"https:\/\/www.myvize.com.tr\/hollanda\/hollanda-ticari-vize-davetiye-mektubu\/\",\"name\":\"Hollanda Ticari Vize Davetiye Mektubu - MyVize\",\"isPartOf\":{\"@id\":\"https:\/\/www.myvize.com.tr\/hollanda\/#website\"},\"primaryImageOfPage\":{\"@id\":\"https:\/\/www.myvize.com.tr\/hollanda\/hollanda-ticari-vize-davetiye-mektubu\/#primaryimage\"},\"image\":{\"@id\":\"https:\/\/www.myvize.com.tr\/hollanda\/hollanda-ticari-vize-davetiye-mektubu\/#primaryimage\"},\"thumbnailUrl\":\"https:\/\/www.myvize.com.tr\/hollanda\/wp-content\/uploads\/2021\/09\/60.jpg\",\"datePublished\":\"2021-08-18T08:51:39+00:00\",\"dateModified\":\"2022-07-19T12:43:12+00:00\",\"description\":\"Hollanda Ticari Vize Davetiye Mektubu Nas\u0131l Yaz\u0131l\u0131r? Hollanda Ticari Vize Davetiye Mektubu \u00d6rne\u011fi. Bilgi \u0130\u00e7in Hemen Aray\u0131n: 0850 346 84 93\",\"breadcrumb\":{\"@id\":\"https:\/\/www.myvize.com.tr\/hollanda\/hollanda-ticari-vize-davetiye-mektubu\/#breadcrumb\"},\"inLanguage\":\"tr\",\"potentialAction\":[{\"@type\":\"ReadAction\",\"target\":[\"https:\/\/www.myvize.com.tr\/hollanda\/hollanda-ticari-vize-davetiye-mektubu\/\"]}]},{\"@type\":\"ImageObject\",\"inLanguage\":\"tr\",\"@id\":\"https:\/\/www.myvize.com.tr\/hollanda\/hollanda-ticari-vize-davetiye-mektubu\/#primaryimage\",\"url\":\"https:\/\/www.myvize.com.tr\/hollanda\/wp-content\/uploads\/2021\/09\/60.jpg\",\"contentUrl\":\"https:\/\/www.myvize.com.tr\/hollanda\/wp-content\/uploads\/2021\/09\/60.jpg\",\"width\":800,\"height\":500,\"caption\":\"Hollanda Ticari Vize Davetiye Mektubu\"},{\"@type\":\"BreadcrumbList\",\"@id\":\"https:\/\/www.myvize.com.tr\/hollanda\/hollanda-ticari-vize-davetiye-mektubu\/#breadcrumb\",\"itemListElement\":[{\"@type\":\"ListItem\",\"position\":1,\"name\":\"Anasayfa\",\"item\":\"https:\/\/www.myvize.com.tr\/hollanda\/\"},{\"@type\":\"ListItem\",\"position\":2,\"name\":\"Hollanda Ticari Vize Davetiye Mektubu\"}]},{\"@type\":\"WebSite\",\"@id\":\"https:\/\/www.myvize.com.tr\/hollanda\/#website\",\"url\":\"https:\/\/www.myvize.com.tr\/hollanda\/\",\"name\":\"Hollanda Vize\",\"description\":\"\",\"potentialAction\":[{\"@type\":\"SearchAction\",\"target\":{\"@type\":\"EntryPoint\",\"urlTemplate\":\"https:\/\/www.myvize.com.tr\/hollanda\/?s={search_term_string}\"},\"query-input\":{\"@type\":\"PropertyValueSpecification\",\"valueRequired\":true,\"valueName\":\"search_term_string\"}}],\"inLanguage\":\"tr\"}]}<\/script>\n<!-- \/ Yoast SEO plugin. -->","yoast_head_json":{"title":"Hollanda Ticari Vize Davetiye Mektubu - MyVize","description":"Hollanda Ticari Vize Davetiye Mektubu Nas\u0131l Yaz\u0131l\u0131r? Hollanda Ticari Vize Davetiye Mektubu \u00d6rne\u011fi. Bilgi \u0130\u00e7in Hemen Aray\u0131n: 0850 346 84 93","robots":{"index":"index","follow":"follow","max-snippet":"max-snippet:-1","max-image-preview":"max-image-preview:large","max-video-preview":"max-video-preview:-1"},"canonical":"https:\/\/www.myvize.com.tr\/hollanda\/hollanda-ticari-vize-davetiye-mektubu\/","og_locale":"tr_TR","og_type":"article","og_title":"Hollanda Ticari Vize Davetiye Mektubu - MyVize","og_description":"Hollanda Ticari Vize Davetiye Mektubu Nas\u0131l Yaz\u0131l\u0131r? Hollanda Ticari Vize Davetiye Mektubu \u00d6rne\u011fi. Bilgi \u0130\u00e7in Hemen Aray\u0131n: 0850 346 84 93","og_url":"https:\/\/www.myvize.com.tr\/hollanda\/hollanda-ticari-vize-davetiye-mektubu\/","og_site_name":"Hollanda Vize","article_modified_time":"2022-07-19T12:43:12+00:00","og_image":[{"url":"https:\/\/www.myvize.com.tr\/hollanda\/wp-content\/uploads\/2021\/09\/60.jpg","type":"","width":"","height":""}],"twitter_card":"summary_large_image","twitter_misc":{"Tahmini okuma s\u00fcresi":"6 dakika"},"schema":{"@context":"https:\/\/schema.org","@graph":[{"@type":"WebPage","@id":"https:\/\/www.myvize.com.tr\/hollanda\/hollanda-ticari-vize-davetiye-mektubu\/","url":"https:\/\/www.myvize.com.tr\/hollanda\/hollanda-ticari-vize-davetiye-mektubu\/","name":"Hollanda Ticari Vize Davetiye Mektubu - MyVize","isPartOf":{"@id":"https:\/\/www.myvize.com.tr\/hollanda\/#website"},"primaryImageOfPage":{"@id":"https:\/\/www.myvize.com.tr\/hollanda\/hollanda-ticari-vize-davetiye-mektubu\/#primaryimage"},"image":{"@id":"https:\/\/www.myvize.com.tr\/hollanda\/hollanda-ticari-vize-davetiye-mektubu\/#primaryimage"},"thumbnailUrl":"https:\/\/www.myvize.com.tr\/hollanda\/wp-content\/uploads\/2021\/09\/60.jpg","datePublished":"2021-08-18T08:51:39+00:00","dateModified":"2022-07-19T12:43:12+00:00","description":"Hollanda Ticari Vize Davetiye Mektubu Nas\u0131l Yaz\u0131l\u0131r? Hollanda Ticari Vize Davetiye Mektubu \u00d6rne\u011fi. Bilgi \u0130\u00e7in Hemen Aray\u0131n: 0850 346 84 93","breadcrumb":{"@id":"https:\/\/www.myvize.com.tr\/hollanda\/hollanda-ticari-vize-davetiye-mektubu\/#breadcrumb"},"inLanguage":"tr","potentialAction":[{"@type":"ReadAction","target":["https:\/\/www.myvize.com.tr\/hollanda\/hollanda-ticari-vize-davetiye-mektubu\/"]}]},{"@type":"ImageObject","inLanguage":"tr","@id":"https:\/\/www.myvize.com.tr\/hollanda\/hollanda-ticari-vize-davetiye-mektubu\/#primaryimage","url":"https:\/\/www.myvize.com.tr\/hollanda\/wp-content\/uploads\/2021\/09\/60.jpg","contentUrl":"https:\/\/www.myvize.com.tr\/hollanda\/wp-content\/uploads\/2021\/09\/60.jpg","width":800,"height":500,"caption":"Hollanda Ticari Vize Davetiye Mektubu"},{"@type":"BreadcrumbList","@id":"https:\/\/www.myvize.com.tr\/hollanda\/hollanda-ticari-vize-davetiye-mektubu\/#breadcrumb","itemListElement":[{"@type":"ListItem","position":1,"name":"Anasayfa","item":"https:\/\/www.myvize.com.tr\/hollanda\/"},{"@type":"ListItem","position":2,"name":"Hollanda Ticari Vize Davetiye Mektubu"}]},{"@type":"WebSite","@id":"https:\/\/www.myvize.com.tr\/hollanda\/#website","url":"https:\/\/www.myvize.com.tr\/hollanda\/","name":"Hollanda Vize","description":"","potentialAction":[{"@type":"SearchAction","target":{"@type":"EntryPoint","urlTemplate":"https:\/\/www.myvize.com.tr\/hollanda\/?s={search_term_string}"},"query-input":{"@type":"PropertyValueSpecification","valueRequired":true,"valueName":"search_term_string"}}],"inLanguage":"tr"}]}},"_links":{"self":[{"href":"https:\/\/www.myvize.com.tr\/hollanda\/wp-json\/wp\/v2\/pages\/483","targetHints":{"allow":["GET"]}}],"collection":[{"href":"https:\/\/www.myvize.com.tr\/hollanda\/wp-json\/wp\/v2\/pages"}],"about":[{"href":"https:\/\/www.myvize.com.tr\/hollanda\/wp-json\/wp\/v2\/types\/page"}],"author":[{"embeddable":true,"href":"https:\/\/www.myvize.com.tr\/hollanda\/wp-json\/wp\/v2\/users\/1"}],"replies":[{"embeddable":true,"href":"https:\/\/www.myvize.com.tr\/hollanda\/wp-json\/wp\/v2\/comments?post=483"}],"version-history":[{"count":6,"href":"https:\/\/www.myvize.com.tr\/hollanda\/wp-json\/wp\/v2\/pages\/483\/revisions"}],"predecessor-version":[{"id":1184,"href":"https:\/\/www.myvize.com.tr\/hollanda\/wp-json\/wp\/v2\/pages\/483\/revisions\/1184"}],"wp:attachment":[{"href":"https:\/\/www.myvize.com.tr\/hollanda\/wp-json\/wp\/v2\/media?parent=483"}],"curies":[{"name":"wp","href":"https:\/\/api.w.org\/{rel}","templated":true}]}}