{"id":53,"date":"2020-11-30T12:50:00","date_gmt":"2020-11-30T09:50:00","guid":{"rendered":"https:\/\/www.myvize.com.tr\/hollanda\/?page_id=53"},"modified":"2022-12-27T20:25:15","modified_gmt":"2022-12-27T17:25:15","slug":"hollanda-universite-egitimi","status":"publish","type":"page","link":"https:\/\/www.myvize.com.tr\/hollanda\/vize-islemleri\/hollanda-universite-egitimi\/","title":{"rendered":"Hollanda \u00dcniversite E\u011fitimi"},"content":{"rendered":"<p><span style=\"font-family: Roboto;\"><\/span><\/p>\r\n<h2 class=\"wp-block-heading\" style=\"font-size: 27px;\"><strong><span style=\"font-family: Roboto; font-size: 27px;\">Hollanda \u00dcniversite E\u011fitimi Hakk\u0131nda<\/span><\/strong><\/h2>\r\n<p><span style=\"font-family: Roboto; font-size: 14px;\">\r\n\r\n<\/span><\/p>\r\n<p style=\"font-size: 14px;\"><span style=\"font-family: Roboto; font-size: 14px;\"><strong>Hollanda \u00fcniversite e\u011fitimi<\/strong>\u00a0konusunda olduk\u00e7a geli\u015fmi\u015f bir \u00fclkedir. E\u011fitim konusunda d\u00fcnyan\u0131n en \u00f6nde gelen \u00fclkeleri aras\u0131ndad\u0131r bu konuda ba\u015f\u0131 \u00e7eken \u00fcniversitesi ise \u00a0Leiden\u00a0University\u2019dir 1575\u2019de 80 y\u0131l sava\u015flar\u0131 s\u0131ras\u0131nda Prens William taraf\u0131ndan kurulan \u00fcniversite Hollanda\u2019n\u0131n en eski \u00fcniversitelerindendir. Hollanda Avrupa\u2019da en \u00e7ok \u0130ngilizce e\u011fitim veren y\u00fcksek\u00f6\u011fretim kurumuna sahip \u00fclkedir \u00fclke n\u00fcfusunun %94\u2019\u00fcnden fazlas\u0131 \u0130ngilizce konu\u015fabildi\u011fi i\u00e7in ileti\u015fim konusunda \u0130ngilizce biliyorsan\u0131z Flemenk\u00e7e bilmenize gerek kalmaz diyebiliriz. <span style=\"color: #2acec2;\"><strong><a style=\"color: #2acec2;\" href=\"https:\/\/www.myvize.com.tr\/hollanda\/\" target=\"_blank\" rel=\"noopener\">Hollanda<\/a><\/strong><\/span> 170 \u00fclkeden \u00f6\u011frenci al\u0131r ve d\u00fcnya standartlar\u0131nda e\u011fitim verir. Hollanda e\u011fitimi di\u011fer k\u00fclt\u00fcrler ile ve i\u015f d\u00fcnyas\u0131yla yak\u0131ndan ili\u015fkilidir. Hollanda\u2019da insanlar olduk\u00e7a a\u00e7\u0131k fikirlidir ve d\u00fc\u015f\u00fcnce \u00f6zg\u00fcrl\u00fc\u011f\u00fc y\u00fcksektir bu y\u00fczden Hollandal\u0131lar\u2019la fikir al\u0131\u015fveri\u015fi yapmak ve yeni \u015feyler \u00f6\u011frenmek olduk\u00e7a kolayd\u0131r bu y\u00fczden<strong> Hollanda \u00fcniversite e\u011fitimi<\/strong> bak\u0131m\u0131ndan iyi bir se\u00e7enektir.<\/span><\/p>\r\n<p><span style=\"font-family: Roboto; font-size: 14px;\">\r\n\r\n<\/span><\/p>\r\n<p style=\"font-size: 14px;\"><span style=\"font-family: Roboto; font-size: 14px;\">E\u011fitim d\u00fczeyinin y\u00fcksek olmas\u0131 ile beraber Hollanda b\u00fcy\u00fck firmalar\u0131 da b\u00fcnyesinde bar\u0131nd\u0131rd\u0131\u011f\u0131ndan d\u00fcnyan\u0131n en varl\u0131kl\u0131 \u00fclkelerindendir. Hollanda\u2019da \u00fcniversiteleri devlet fonlar ve \u00fcniversiteler daha \u00e7ok ezbere de\u011fil uygulamaya tecr\u00fcbeye y\u00f6nelik e\u011fitim ve ara\u015ft\u0131rmalar yapar. Hollanda\u2019da lisans derecesinde bir b\u00f6l\u00fcm\u00fc bitirmek \u00fc\u00e7 y\u0131l s\u00fcrer ve \u00fcniversiteye ba\u015flayabilmek i\u00e7in ge\u00e7erli bir lisans ya da lise diplomas\u0131na sahip olmak gereklidir.<\/span><\/p>\r\n<p><span style=\"font-family: Roboto; font-size: 14px;\"> <img decoding=\"async\" src=\"https:\/\/www.myvize.com.tr\/hollanda\/wp-content\/uploads\/2021\/09\/54.jpg\" \/> <\/span><\/p>\r\n<p style=\"font-size: 14px;\"><span style=\"font-family: Roboto; font-size: 14px;\">Hollanda\u2019n\u0131n en iyi 3 \u00fcniversitesi ise \u015funlard\u0131r:<\/span><\/p>\r\n<p><span style=\"font-family: Roboto; font-size: 14px;\">\r\n\r\n<\/span><\/p>\r\n<p style=\"font-size: 14px;\"><span style=\"font-family: Roboto; font-size: 14px;\">Delf University of Technology<\/span><\/p>\r\n<p><span style=\"font-family: Roboto; font-size: 14px;\">\r\n\r\n<\/span><\/p>\r\n<p style=\"font-size: 14px;\"><span style=\"font-family: Roboto; font-size: 14px;\">1842 y\u0131l\u0131nda kurulmu\u015ftur ve en \u00f6nde gelen b\u00f6l\u00fcm\u00fc mimarl\u0131kt\u0131r.<\/span><\/p>\r\n<p><span style=\"font-family: Roboto; font-size: 14px;\">\r\n\r\n<\/span><\/p>\r\n<p style=\"font-size: 14px;\"><span style=\"font-family: Roboto; font-size: 14px;\"><em>Wageningen University and Research<\/em><\/span><\/p>\r\n<p><span style=\"font-family: Roboto; font-size: 14px;\">\r\n\r\n<\/span><\/p>\r\n<p style=\"font-size: 14px;\"><span style=\"font-family: Roboto; font-size: 14px;\"><em>1918 y\u0131l\u0131nda kurulmu\u015ftur ve en \u00f6nde gelen b\u00f6l\u00fcm\u00fc tar\u0131m ve ormanc\u0131l\u0131kt\u0131r.<\/em><\/span><\/p>\r\n<p><span style=\"font-family: Roboto; font-size: 14px;\">\r\n\r\n<\/span><\/p>\r\n<p style=\"font-size: 14px;\"><span style=\"font-family: Roboto; font-size: 14px;\"><em>University of Amsterdam<\/em><\/span><\/p>\r\n<p><span style=\"font-family: Roboto; font-size: 14px;\">\r\n\r\n<\/span><\/p>\r\n<p style=\"font-size: 14px;\"><span style=\"font-family: Roboto; font-size: 14px;\"><em>1632 y\u0131l\u0131nda kurulmu\u015f k\u00f6kl\u00fc bir \u00fcniversitedir ve \u00f6nde gelen b\u00f6l\u00fcm\u00fc Hukuktur.<\/em><\/span><\/p>\r\n<p><span style=\"font-family: Roboto; font-size: 14px;\">\r\n\r\n<\/span><\/p>\r\n<p><span style=\"font-family: Roboto; font-size: 14px;\"><strong>Bu makaleyi de inceleyebilirsiniz: <a href=\"https:\/\/www.myvize.com.tr\/hollanda\/vize-islemleri\/hollanda-calisma-izni\/\" target=\"_blank\" rel=\"noreferrer noopener\"><span class=\"has-inline-color\" style=\"color: #2acec2;\">Hollanda \u00c7al\u0131\u015fma izni<\/span><\/a><\/strong><\/span><\/p>\r\n<h2><strong><span style=\"font-family: Roboto; font-size: 27px;\">Hollanda \u00dcniversite E\u011fitimi \u0130le \u0130lgili<\/span><\/strong><\/h2>\r\n<p><span style=\"font-family: Roboto; font-size: 14px;\">Hollanda her bak\u0131mdan en iyi ya\u015fam ko\u015fullar\u0131na sahip olan \u00fclkeler aras\u0131nda yer al\u0131yor. Geni\u015f \u00f6zg\u00fcrl\u00fcklerin tan\u0131nmas\u0131 ve insanlar\u0131n ya\u015fam standartlar\u0131 y\u00fcksek hayat s\u00fcrebilmesi tercih edilme nedenleri aras\u0131nda bulunuyor. Hollanda e\u011fitim \u015fartlar\u0131 da olduk\u00e7a y\u00fcksek oldu\u011fundan hem \u00f6\u011frenci de\u011fi\u015fim programlar\u0131 kapsam\u0131nda ve \u00fcniversite okumak i\u00e7in bir\u00e7ok \u00f6\u011frenci gelmektedir. E\u011fitim alabilmek i\u00e7in de mutlaka<span style=\"color: #2acec2;\"><strong><a style=\"color: #2acec2;\" href=\"https:\/\/www.myvize.com.tr\/hollanda\/vize-islemleri\/hollanda-vizesi\/\" target=\"_blank\" rel=\"noopener\">\u00a0Hollanda vizesi<\/a><\/strong><\/span>\u00a0i\u015flemi yapt\u0131rman\u0131z gereklidir.<\/span><\/p>\r\n<p><span style=\"font-family: Roboto; font-size: 14px;\"><strong>Hollanda vizesi<\/strong>\u00a0alarak bu \u00fclkenin en iyi \u00fcniversitelerinde diledi\u011finiz bir b\u00f6l\u00fcmde okuma \u015fans\u0131 elde etmeniz m\u00fcmk\u00fcn olmaktad\u0131r. Avrupa\u2019n\u0131n en iyi e\u011fitimlerini veren \u00fclkelerden biri olmas\u0131 bu \u00fclkenin d\u00fcnya \u00e7ap\u0131nda bir\u00e7ok yerden \u00f6\u011frenciye ev sahipli\u011fi yapmas\u0131n\u0131 sa\u011flam\u0131\u015ft\u0131r. Bu bak\u0131mdan \u00fclkede \u00f6\u011frenciler i\u00e7in\u00a0<strong>Hollanda vize i\u015flemleri<\/strong>\u00a0konusunda birtak\u0131m belgelerin bulunmas\u0131n\u0131 zorunlu tutmaktad\u0131r.<\/span><\/p>\r\n<p><img decoding=\"async\" src=\"https:\/\/www.myvize.com.tr\/hollanda\/wp-content\/uploads\/2021\/09\/55.jpg\" \/><\/p>\r\n<h2><strong><span style=\"font-family: Roboto; font-size: 27px;\">Hollanda\u2019da \u00dcniversite E\u011fitimi Nas\u0131l Al\u0131n\u0131r?<\/span><\/strong><\/h2>\r\n<p><span style=\"font-family: Roboto; font-size: 14px;\">Hollanda\u2019da \u00fcniversiteler daha \u00e7ok belirli sekt\u00f6rlere i\u015fg\u00fcc\u00fc yeti\u015ftirmeye odakl\u0131 olarak e\u011fitim vermektedir. Pratik \u00f6nemi y\u00fcksek e\u011fitimler vererek \u00f6\u011frencileri hem ara\u015ft\u0131rmaya iterken hem de bir\u00e7ok konuyu i\u015f \u00fczerinde \u00f6\u011fretmeyi ama\u00e7layan bir sistemdir. Bir di\u011fer \u00fcniversite t\u00fcrleri de ara\u015ft\u0131rma \u00fcniversiteleridir. Bu \u00fcniversitelerin d\u00fcnya \u00fczerinde ki s\u0131ralamalar\u0131 son derece y\u00fcksektir. Ara\u015ft\u0131rma \u00fcniversitelerinde e\u011fitim alabilmek i\u00e7in mutlaka diploma t\u00fcr\u00fc, dil becerisi ve derslerde ki ba\u015far\u0131lar\u0131n y\u00fcksek olmas\u0131 gereklidir.<\/span><\/p>\r\n<p><span style=\"font-family: Roboto; font-size: 14px;\">Bu \u00fclkenin \u00fcniversitelerinde e\u011fitimler alabilmek i\u00e7in dil yeterlili\u011finin \u00e7ok y\u00fcksek olmas\u0131 gerekiyor. IELTS s\u0131navlar\u0131ndan mutlaka 6.0- 6.5 aras\u0131nda bir notunuz olmal\u0131d\u0131r. Bunun yan\u0131nda TOEFL\u2019den de 80 ve \u00fczerinde puan\u0131n\u0131z olmal\u0131d\u0131r. Dil yeterlili\u011fi olmayan \u00f6\u011frenciler bu \u00fclkede ki farkl\u0131 ve daha kolay e\u011fitim programlar\u0131na kat\u0131labiliyorlar. <strong>Hollanda e\u011fitim d\u00fczeyi<\/strong> en y\u00fcksek \u00fclkeler aras\u0131nda bulunuyor. Bu nedenle de \u00f6\u011frenciler i\u00e7in haz\u0131rl\u0131k programlar\u0131 son derece \u00f6nemlidir. E\u011fitim almak istedi\u011finiz \u00fcniversiteyi belirledi\u011finizde ise <strong>Hollanda e\u011fitim vizesi<\/strong> alarak seyahatinizi ger\u00e7ekle\u015ftirebilme imkan\u0131 bulabilirsiniz.<\/span><\/p>\r\n<p><span style=\"font-family: Roboto;\"><\/span><\/p>","protected":false},"excerpt":{"rendered":"<p>Hollanda \u00dcniversite E\u011fitimi Hakk\u0131nda Hollanda \u00fcniversite e\u011fitimi\u00a0konusunda olduk\u00e7a geli\u015fmi\u015f bir \u00fclkedir. E\u011fitim konusunda d\u00fcnyan\u0131n en \u00f6nde gelen \u00fclkeleri aras\u0131ndad\u0131r bu konuda ba\u015f\u0131 \u00e7eken \u00fcniversitesi ise \u00a0Leiden\u00a0University\u2019dir 1575\u2019de 80 y\u0131l sava\u015flar\u0131 s\u0131ras\u0131nda Prens William taraf\u0131ndan kurulan \u00fcniversite Hollanda\u2019n\u0131n en eski \u00fcniversitelerindendir. Hollanda Avrupa\u2019da en \u00e7ok \u0130ngilizce e\u011fitim veren y\u00fcksek\u00f6\u011fretim kurumuna sahip \u00fclkedir \u00fclke n\u00fcfusunun %94\u2019\u00fcnden fazlas\u0131<\/p>\n","protected":false},"author":1,"featured_media":0,"parent":18,"menu_order":0,"comment_status":"open","ping_status":"closed","template":"","meta":{"footnotes":""},"class_list":["post-53","page","type-page","status-publish","hentry"],"yoast_head":"<!-- This site is optimized with the Yoast SEO plugin v26.8 - https:\/\/yoast.com\/product\/yoast-seo-wordpress\/ -->\n<title>Hollanda \u00dcniversite E\u011fitimi Ba\u015fvurusu - MyVize<\/title>\n<meta name=\"description\" content=\"Hollanda \u00dcniversite E\u011fitimi Ba\u015fvurusu \u0130\u00e7in Gerekli T\u00fcm Evraklar Listesi 2022 Hemen T\u0131kla! \u00dccretsiz Hollanda Vize Randevusu i\u00e7in hemen ara!\" \/>\n<meta name=\"robots\" content=\"index, follow, max-snippet:-1, max-image-preview:large, max-video-preview:-1\" \/>\n<link rel=\"canonical\" href=\"https:\/\/www.myvize.com.tr\/hollanda\/vize-islemleri\/hollanda-universite-egitimi\/\" \/>\n<meta property=\"og:locale\" content=\"tr_TR\" \/>\n<meta property=\"og:type\" content=\"article\" \/>\n<meta property=\"og:title\" content=\"Hollanda \u00dcniversite E\u011fitimi Ba\u015fvurusu - MyVize\" \/>\n<meta property=\"og:description\" content=\"Hollanda \u00dcniversite E\u011fitimi Ba\u015fvurusu \u0130\u00e7in Gerekli T\u00fcm Evraklar Listesi 2022 Hemen T\u0131kla! \u00dccretsiz Hollanda Vize Randevusu i\u00e7in hemen ara!\" \/>\n<meta property=\"og:url\" content=\"https:\/\/www.myvize.com.tr\/hollanda\/vize-islemleri\/hollanda-universite-egitimi\/\" \/>\n<meta property=\"og:site_name\" content=\"Hollanda Vize\" \/>\n<meta property=\"article:modified_time\" content=\"2022-12-27T17:25:15+00:00\" \/>\n<meta property=\"og:image\" content=\"https:\/\/www.myvize.com.tr\/hollanda\/wp-content\/uploads\/2021\/09\/54.jpg\" \/>\n<meta name=\"twitter:card\" content=\"summary_large_image\" \/>\n<meta name=\"twitter:label1\" content=\"Tahmini okuma s\u00fcresi\" \/>\n\t<meta name=\"twitter:data1\" content=\"4 dakika\" \/>\n<script type=\"application\/ld+json\" class=\"yoast-schema-graph\">{\"@context\":\"https:\/\/schema.org\",\"@graph\":[{\"@type\":\"WebPage\",\"@id\":\"https:\/\/www.myvize.com.tr\/hollanda\/vize-islemleri\/hollanda-universite-egitimi\/\",\"url\":\"https:\/\/www.myvize.com.tr\/hollanda\/vize-islemleri\/hollanda-universite-egitimi\/\",\"name\":\"Hollanda \u00dcniversite E\u011fitimi Ba\u015fvurusu - MyVize\",\"isPartOf\":{\"@id\":\"https:\/\/www.myvize.com.tr\/hollanda\/#website\"},\"primaryImageOfPage\":{\"@id\":\"https:\/\/www.myvize.com.tr\/hollanda\/vize-islemleri\/hollanda-universite-egitimi\/#primaryimage\"},\"image\":{\"@id\":\"https:\/\/www.myvize.com.tr\/hollanda\/vize-islemleri\/hollanda-universite-egitimi\/#primaryimage\"},\"thumbnailUrl\":\"https:\/\/www.myvize.com.tr\/hollanda\/wp-content\/uploads\/2021\/09\/54.jpg\",\"datePublished\":\"2020-11-30T09:50:00+00:00\",\"dateModified\":\"2022-12-27T17:25:15+00:00\",\"description\":\"Hollanda \u00dcniversite E\u011fitimi Ba\u015fvurusu \u0130\u00e7in Gerekli T\u00fcm Evraklar Listesi 2022 Hemen T\u0131kla! \u00dccretsiz Hollanda Vize Randevusu i\u00e7in hemen ara!\",\"breadcrumb\":{\"@id\":\"https:\/\/www.myvize.com.tr\/hollanda\/vize-islemleri\/hollanda-universite-egitimi\/#breadcrumb\"},\"inLanguage\":\"tr\",\"potentialAction\":[{\"@type\":\"ReadAction\",\"target\":[\"https:\/\/www.myvize.com.tr\/hollanda\/vize-islemleri\/hollanda-universite-egitimi\/\"]}]},{\"@type\":\"ImageObject\",\"inLanguage\":\"tr\",\"@id\":\"https:\/\/www.myvize.com.tr\/hollanda\/vize-islemleri\/hollanda-universite-egitimi\/#primaryimage\",\"url\":\"https:\/\/www.myvize.com.tr\/hollanda\/wp-content\/uploads\/2021\/09\/54.jpg\",\"contentUrl\":\"https:\/\/www.myvize.com.tr\/hollanda\/wp-content\/uploads\/2021\/09\/54.jpg\",\"width\":800,\"height\":500,\"caption\":\"Hollanda \u00dcniversite E\u011fitimi\"},{\"@type\":\"BreadcrumbList\",\"@id\":\"https:\/\/www.myvize.com.tr\/hollanda\/vize-islemleri\/hollanda-universite-egitimi\/#breadcrumb\",\"itemListElement\":[{\"@type\":\"ListItem\",\"position\":1,\"name\":\"Anasayfa\",\"item\":\"https:\/\/www.myvize.com.tr\/hollanda\/\"},{\"@type\":\"ListItem\",\"position\":2,\"name\":\"V\u0130ZE \u0130\u015eLEMLER\u0130\",\"item\":\"https:\/\/www.myvize.com.tr\/hollanda\/vize-islemleri\/\"},{\"@type\":\"ListItem\",\"position\":3,\"name\":\"Hollanda \u00dcniversite E\u011fitimi\"}]},{\"@type\":\"WebSite\",\"@id\":\"https:\/\/www.myvize.com.tr\/hollanda\/#website\",\"url\":\"https:\/\/www.myvize.com.tr\/hollanda\/\",\"name\":\"Hollanda Vize\",\"description\":\"\",\"potentialAction\":[{\"@type\":\"SearchAction\",\"target\":{\"@type\":\"EntryPoint\",\"urlTemplate\":\"https:\/\/www.myvize.com.tr\/hollanda\/?s={search_term_string}\"},\"query-input\":{\"@type\":\"PropertyValueSpecification\",\"valueRequired\":true,\"valueName\":\"search_term_string\"}}],\"inLanguage\":\"tr\"}]}<\/script>\n<!-- \/ Yoast SEO plugin. -->","yoast_head_json":{"title":"Hollanda \u00dcniversite E\u011fitimi Ba\u015fvurusu - MyVize","description":"Hollanda \u00dcniversite E\u011fitimi Ba\u015fvurusu \u0130\u00e7in Gerekli T\u00fcm Evraklar Listesi 2022 Hemen T\u0131kla! \u00dccretsiz Hollanda Vize Randevusu i\u00e7in hemen ara!","robots":{"index":"index","follow":"follow","max-snippet":"max-snippet:-1","max-image-preview":"max-image-preview:large","max-video-preview":"max-video-preview:-1"},"canonical":"https:\/\/www.myvize.com.tr\/hollanda\/vize-islemleri\/hollanda-universite-egitimi\/","og_locale":"tr_TR","og_type":"article","og_title":"Hollanda \u00dcniversite E\u011fitimi Ba\u015fvurusu - MyVize","og_description":"Hollanda \u00dcniversite E\u011fitimi Ba\u015fvurusu \u0130\u00e7in Gerekli T\u00fcm Evraklar Listesi 2022 Hemen T\u0131kla! \u00dccretsiz Hollanda Vize Randevusu i\u00e7in hemen ara!","og_url":"https:\/\/www.myvize.com.tr\/hollanda\/vize-islemleri\/hollanda-universite-egitimi\/","og_site_name":"Hollanda Vize","article_modified_time":"2022-12-27T17:25:15+00:00","og_image":[{"url":"https:\/\/www.myvize.com.tr\/hollanda\/wp-content\/uploads\/2021\/09\/54.jpg","type":"","width":"","height":""}],"twitter_card":"summary_large_image","twitter_misc":{"Tahmini okuma s\u00fcresi":"4 dakika"},"schema":{"@context":"https:\/\/schema.org","@graph":[{"@type":"WebPage","@id":"https:\/\/www.myvize.com.tr\/hollanda\/vize-islemleri\/hollanda-universite-egitimi\/","url":"https:\/\/www.myvize.com.tr\/hollanda\/vize-islemleri\/hollanda-universite-egitimi\/","name":"Hollanda \u00dcniversite E\u011fitimi Ba\u015fvurusu - MyVize","isPartOf":{"@id":"https:\/\/www.myvize.com.tr\/hollanda\/#website"},"primaryImageOfPage":{"@id":"https:\/\/www.myvize.com.tr\/hollanda\/vize-islemleri\/hollanda-universite-egitimi\/#primaryimage"},"image":{"@id":"https:\/\/www.myvize.com.tr\/hollanda\/vize-islemleri\/hollanda-universite-egitimi\/#primaryimage"},"thumbnailUrl":"https:\/\/www.myvize.com.tr\/hollanda\/wp-content\/uploads\/2021\/09\/54.jpg","datePublished":"2020-11-30T09:50:00+00:00","dateModified":"2022-12-27T17:25:15+00:00","description":"Hollanda \u00dcniversite E\u011fitimi Ba\u015fvurusu \u0130\u00e7in Gerekli T\u00fcm Evraklar Listesi 2022 Hemen T\u0131kla! \u00dccretsiz Hollanda Vize Randevusu i\u00e7in hemen ara!","breadcrumb":{"@id":"https:\/\/www.myvize.com.tr\/hollanda\/vize-islemleri\/hollanda-universite-egitimi\/#breadcrumb"},"inLanguage":"tr","potentialAction":[{"@type":"ReadAction","target":["https:\/\/www.myvize.com.tr\/hollanda\/vize-islemleri\/hollanda-universite-egitimi\/"]}]},{"@type":"ImageObject","inLanguage":"tr","@id":"https:\/\/www.myvize.com.tr\/hollanda\/vize-islemleri\/hollanda-universite-egitimi\/#primaryimage","url":"https:\/\/www.myvize.com.tr\/hollanda\/wp-content\/uploads\/2021\/09\/54.jpg","contentUrl":"https:\/\/www.myvize.com.tr\/hollanda\/wp-content\/uploads\/2021\/09\/54.jpg","width":800,"height":500,"caption":"Hollanda \u00dcniversite E\u011fitimi"},{"@type":"BreadcrumbList","@id":"https:\/\/www.myvize.com.tr\/hollanda\/vize-islemleri\/hollanda-universite-egitimi\/#breadcrumb","itemListElement":[{"@type":"ListItem","position":1,"name":"Anasayfa","item":"https:\/\/www.myvize.com.tr\/hollanda\/"},{"@type":"ListItem","position":2,"name":"V\u0130ZE \u0130\u015eLEMLER\u0130","item":"https:\/\/www.myvize.com.tr\/hollanda\/vize-islemleri\/"},{"@type":"ListItem","position":3,"name":"Hollanda \u00dcniversite E\u011fitimi"}]},{"@type":"WebSite","@id":"https:\/\/www.myvize.com.tr\/hollanda\/#website","url":"https:\/\/www.myvize.com.tr\/hollanda\/","name":"Hollanda Vize","description":"","potentialAction":[{"@type":"SearchAction","target":{"@type":"EntryPoint","urlTemplate":"https:\/\/www.myvize.com.tr\/hollanda\/?s={search_term_string}"},"query-input":{"@type":"PropertyValueSpecification","valueRequired":true,"valueName":"search_term_string"}}],"inLanguage":"tr"}]}},"_links":{"self":[{"href":"https:\/\/www.myvize.com.tr\/hollanda\/wp-json\/wp\/v2\/pages\/53","targetHints":{"allow":["GET"]}}],"collection":[{"href":"https:\/\/www.myvize.com.tr\/hollanda\/wp-json\/wp\/v2\/pages"}],"about":[{"href":"https:\/\/www.myvize.com.tr\/hollanda\/wp-json\/wp\/v2\/types\/page"}],"author":[{"embeddable":true,"href":"https:\/\/www.myvize.com.tr\/hollanda\/wp-json\/wp\/v2\/users\/1"}],"replies":[{"embeddable":true,"href":"https:\/\/www.myvize.com.tr\/hollanda\/wp-json\/wp\/v2\/comments?post=53"}],"version-history":[{"count":5,"href":"https:\/\/www.myvize.com.tr\/hollanda\/wp-json\/wp\/v2\/pages\/53\/revisions"}],"predecessor-version":[{"id":1222,"href":"https:\/\/www.myvize.com.tr\/hollanda\/wp-json\/wp\/v2\/pages\/53\/revisions\/1222"}],"up":[{"embeddable":true,"href":"https:\/\/www.myvize.com.tr\/hollanda\/wp-json\/wp\/v2\/pages\/18"}],"wp:attachment":[{"href":"https:\/\/www.myvize.com.tr\/hollanda\/wp-json\/wp\/v2\/media?parent=53"}],"curies":[{"name":"wp","href":"https:\/\/api.w.org\/{rel}","templated":true}]}}