{"id":72,"date":"2020-11-30T12:59:09","date_gmt":"2020-11-30T09:59:09","guid":{"rendered":"https:\/\/www.myvize.com.tr\/hollanda\/?page_id=72"},"modified":"2022-04-09T14:28:08","modified_gmt":"2022-04-09T11:28:08","slug":"ankara-buyukelciligi","status":"publish","type":"page","link":"https:\/\/www.myvize.com.tr\/hollanda\/konsolosluklar\/ankara-buyukelciligi\/","title":{"rendered":"Hollanda Ankara B\u00fcy\u00fckel\u00e7ili\u011fi"},"content":{"rendered":"\r\n<p>Hollanda Ankara Konsoloslu\u011fu, T\u00fcrk ve Hollanda as\u0131ll\u0131 vatanda\u015flar\u0131n vize i\u015flemlerinin olu\u015fturulmas\u0131nda \u00e7ok \u00f6nemli imza yetkisi bulunan bir kurumdur.\u00a0<strong>Hollanda\u00a0<\/strong><a><strong>konsoloslu\u011fu vize<\/strong><\/a>ba\u015fvurular\u0131n\u0131n yap\u0131lmas\u0131 ile birlikte gereken evraklar\u0131n dosyalanmas\u0131 ve vize \u00e7\u0131k\u0131\u015f\u0131n\u0131n onay ve ret cevab\u0131n\u0131n sa\u011flanmas\u0131nda b\u00fcy\u00fck bir etkiye sahiptir. \u00d6zellikle Hollanda vatanda\u015flar\u0131n\u0131n resm\u00ee belge alabilmesinde imza yetkisi bulunmaktad\u0131r. \u00a0Buna g\u00f6re konsoloslukta evlilik resmile\u015febilir, miras i\u00e7in \u00f6l\u00fcm beyan\u0131 verilebilmektedir. Ayr\u0131ca konsolos arac\u0131l\u0131\u011f\u0131 ile askerlik ve evlat edinme mevzular\u0131nda gerekli d\u00fczenlemeler sa\u011flanmaktad\u0131r. T\u00fcrkiye\u2019de ya\u015fayan ve herhangi bir konuda sorun ya\u015fayan bir Hollanda vatanda\u015f\u0131 konsolosluktan yard\u0131m alarak sorununu \u00e7\u00f6z\u00fcmleyebilmektedir. Ayr\u0131ca T\u00fcrk ve Hollanda as\u0131ll\u0131 vatanda\u015flar\u0131n \u00e7al\u0131\u015fma ve oturma izni alabilmesi de konsolosluk arac\u0131l\u0131\u011f\u0131 ile sa\u011flanmaktad\u0131r.<\/p>\r\n\r\n\r\n\r\n<p>Hollanda Ankara konsoloslu\u011fu Hollanda vatanda\u015flar\u0131n\u0131n her t\u00fcrl\u00fc hakk\u0131n\u0131 korumakla sorumludur. T\u00fcrk ve Hollanda uyruklu ki\u015filer\u00a0<strong>Hollanda\u00a0<a>konsoloslu\u011fu telefon numaras\u0131<\/a>\u00a0<\/strong>olan (0312) 911 29 30 arayarak ileti\u015fim kurabilirler. Herhangi bir evrak\u0131n elden teslim edilmesi halinde\u00a0<strong>Hollanda konsolos<\/strong><strong>lu\u011fu adresi\u00a0<\/strong>a\u00e7\u0131k olarak Me\u015frutiyet, Atat\u00fcrk Bulvar\u0131 No: 143 Daire: 14, 06680 \u00c7ankaya\/Ankara \u015feklindedir.<\/p>\r\n\r\n<p><img decoding=\"async\" src=\"https:\/\/www.myvize.com.tr\/hollanda\/wp-content\/uploads\/2021\/09\/68.jpg\" \/><\/p>","protected":false},"excerpt":{"rendered":"<p>Hollanda Ankara Konsoloslu\u011fu, T\u00fcrk ve Hollanda as\u0131ll\u0131 vatanda\u015flar\u0131n vize i\u015flemlerinin olu\u015fturulmas\u0131nda \u00e7ok \u00f6nemli imza yetkisi bulunan bir kurumdur.\u00a0Hollanda\u00a0konsoloslu\u011fu vizeba\u015fvurular\u0131n\u0131n yap\u0131lmas\u0131 ile birlikte gereken evraklar\u0131n dosyalanmas\u0131 ve vize \u00e7\u0131k\u0131\u015f\u0131n\u0131n onay ve ret cevab\u0131n\u0131n sa\u011flanmas\u0131nda b\u00fcy\u00fck bir etkiye sahiptir. \u00d6zellikle Hollanda vatanda\u015flar\u0131n\u0131n resm\u00ee belge alabilmesinde imza yetkisi bulunmaktad\u0131r. \u00a0Buna g\u00f6re konsoloslukta evlilik resmile\u015febilir, miras i\u00e7in \u00f6l\u00fcm beyan\u0131<\/p>\n","protected":false},"author":1,"featured_media":0,"parent":69,"menu_order":0,"comment_status":"open","ping_status":"closed","template":"","meta":{"footnotes":""},"class_list":["post-72","page","type-page","status-publish","hentry"],"yoast_head":"<!-- This site is optimized with the Yoast SEO plugin v26.8 - https:\/\/yoast.com\/product\/yoast-seo-wordpress\/ -->\n<title>Hollanda Ankara B\u00fcy\u00fckel\u00e7ili\u011fi Vize \u0130\u015flemleri - MyVize<\/title>\n<meta name=\"description\" content=\"Hollanda Ankara B\u00fcy\u00fckel\u00e7ili\u011fi Vize \u0130\u015flemleri. Hollanda Ankara B\u00fcy\u00fckel\u00e7ili\u011fine Ula\u015fmak \u0130\u00e7in Hemen T\u0131klay\u0131n.\" \/>\n<meta name=\"robots\" content=\"index, follow, max-snippet:-1, max-image-preview:large, max-video-preview:-1\" \/>\n<link rel=\"canonical\" href=\"https:\/\/www.myvize.com.tr\/hollanda\/konsolosluklar\/ankara-buyukelciligi\/\" \/>\n<meta property=\"og:locale\" content=\"tr_TR\" \/>\n<meta property=\"og:type\" content=\"article\" \/>\n<meta property=\"og:title\" content=\"Hollanda Ankara B\u00fcy\u00fckel\u00e7ili\u011fi Vize \u0130\u015flemleri - MyVize\" \/>\n<meta property=\"og:description\" content=\"Hollanda Ankara B\u00fcy\u00fckel\u00e7ili\u011fi Vize \u0130\u015flemleri. Hollanda Ankara B\u00fcy\u00fckel\u00e7ili\u011fine Ula\u015fmak \u0130\u00e7in Hemen T\u0131klay\u0131n.\" \/>\n<meta property=\"og:url\" content=\"https:\/\/www.myvize.com.tr\/hollanda\/konsolosluklar\/ankara-buyukelciligi\/\" \/>\n<meta property=\"og:site_name\" content=\"Hollanda Vize\" \/>\n<meta property=\"article:modified_time\" content=\"2022-04-09T11:28:08+00:00\" \/>\n<meta property=\"og:image\" content=\"https:\/\/www.myvize.com.tr\/hollanda\/wp-content\/uploads\/2021\/09\/68.jpg\" \/>\n<meta name=\"twitter:card\" content=\"summary_large_image\" \/>\n<meta name=\"twitter:label1\" content=\"Tahmini okuma s\u00fcresi\" \/>\n\t<meta name=\"twitter:data1\" content=\"1 dakika\" \/>\n<script type=\"application\/ld+json\" class=\"yoast-schema-graph\">{\"@context\":\"https:\/\/schema.org\",\"@graph\":[{\"@type\":\"WebPage\",\"@id\":\"https:\/\/www.myvize.com.tr\/hollanda\/konsolosluklar\/ankara-buyukelciligi\/\",\"url\":\"https:\/\/www.myvize.com.tr\/hollanda\/konsolosluklar\/ankara-buyukelciligi\/\",\"name\":\"Hollanda Ankara B\u00fcy\u00fckel\u00e7ili\u011fi Vize \u0130\u015flemleri - MyVize\",\"isPartOf\":{\"@id\":\"https:\/\/www.myvize.com.tr\/hollanda\/#website\"},\"primaryImageOfPage\":{\"@id\":\"https:\/\/www.myvize.com.tr\/hollanda\/konsolosluklar\/ankara-buyukelciligi\/#primaryimage\"},\"image\":{\"@id\":\"https:\/\/www.myvize.com.tr\/hollanda\/konsolosluklar\/ankara-buyukelciligi\/#primaryimage\"},\"thumbnailUrl\":\"https:\/\/www.myvize.com.tr\/hollanda\/wp-content\/uploads\/2021\/09\/68.jpg\",\"datePublished\":\"2020-11-30T09:59:09+00:00\",\"dateModified\":\"2022-04-09T11:28:08+00:00\",\"description\":\"Hollanda Ankara B\u00fcy\u00fckel\u00e7ili\u011fi Vize \u0130\u015flemleri. Hollanda Ankara B\u00fcy\u00fckel\u00e7ili\u011fine Ula\u015fmak \u0130\u00e7in Hemen T\u0131klay\u0131n.\",\"breadcrumb\":{\"@id\":\"https:\/\/www.myvize.com.tr\/hollanda\/konsolosluklar\/ankara-buyukelciligi\/#breadcrumb\"},\"inLanguage\":\"tr\",\"potentialAction\":[{\"@type\":\"ReadAction\",\"target\":[\"https:\/\/www.myvize.com.tr\/hollanda\/konsolosluklar\/ankara-buyukelciligi\/\"]}]},{\"@type\":\"ImageObject\",\"inLanguage\":\"tr\",\"@id\":\"https:\/\/www.myvize.com.tr\/hollanda\/konsolosluklar\/ankara-buyukelciligi\/#primaryimage\",\"url\":\"https:\/\/www.myvize.com.tr\/hollanda\/wp-content\/uploads\/2021\/09\/68.jpg\",\"contentUrl\":\"https:\/\/www.myvize.com.tr\/hollanda\/wp-content\/uploads\/2021\/09\/68.jpg\",\"width\":800,\"height\":500,\"caption\":\"Hollanda Antalya Konsoloslu\u011fu\"},{\"@type\":\"BreadcrumbList\",\"@id\":\"https:\/\/www.myvize.com.tr\/hollanda\/konsolosluklar\/ankara-buyukelciligi\/#breadcrumb\",\"itemListElement\":[{\"@type\":\"ListItem\",\"position\":1,\"name\":\"Anasayfa\",\"item\":\"https:\/\/www.myvize.com.tr\/hollanda\/\"},{\"@type\":\"ListItem\",\"position\":2,\"name\":\"KONSOLOSLUKLAR\",\"item\":\"https:\/\/www.myvize.com.tr\/hollanda\/konsolosluklar\/\"},{\"@type\":\"ListItem\",\"position\":3,\"name\":\"Hollanda Ankara B\u00fcy\u00fckel\u00e7ili\u011fi\"}]},{\"@type\":\"WebSite\",\"@id\":\"https:\/\/www.myvize.com.tr\/hollanda\/#website\",\"url\":\"https:\/\/www.myvize.com.tr\/hollanda\/\",\"name\":\"Hollanda Vize\",\"description\":\"\",\"potentialAction\":[{\"@type\":\"SearchAction\",\"target\":{\"@type\":\"EntryPoint\",\"urlTemplate\":\"https:\/\/www.myvize.com.tr\/hollanda\/?s={search_term_string}\"},\"query-input\":{\"@type\":\"PropertyValueSpecification\",\"valueRequired\":true,\"valueName\":\"search_term_string\"}}],\"inLanguage\":\"tr\"}]}<\/script>\n<!-- \/ Yoast SEO plugin. -->","yoast_head_json":{"title":"Hollanda Ankara B\u00fcy\u00fckel\u00e7ili\u011fi Vize \u0130\u015flemleri - MyVize","description":"Hollanda Ankara B\u00fcy\u00fckel\u00e7ili\u011fi Vize \u0130\u015flemleri. Hollanda Ankara B\u00fcy\u00fckel\u00e7ili\u011fine Ula\u015fmak \u0130\u00e7in Hemen T\u0131klay\u0131n.","robots":{"index":"index","follow":"follow","max-snippet":"max-snippet:-1","max-image-preview":"max-image-preview:large","max-video-preview":"max-video-preview:-1"},"canonical":"https:\/\/www.myvize.com.tr\/hollanda\/konsolosluklar\/ankara-buyukelciligi\/","og_locale":"tr_TR","og_type":"article","og_title":"Hollanda Ankara B\u00fcy\u00fckel\u00e7ili\u011fi Vize \u0130\u015flemleri - MyVize","og_description":"Hollanda Ankara B\u00fcy\u00fckel\u00e7ili\u011fi Vize \u0130\u015flemleri. Hollanda Ankara B\u00fcy\u00fckel\u00e7ili\u011fine Ula\u015fmak \u0130\u00e7in Hemen T\u0131klay\u0131n.","og_url":"https:\/\/www.myvize.com.tr\/hollanda\/konsolosluklar\/ankara-buyukelciligi\/","og_site_name":"Hollanda Vize","article_modified_time":"2022-04-09T11:28:08+00:00","og_image":[{"url":"https:\/\/www.myvize.com.tr\/hollanda\/wp-content\/uploads\/2021\/09\/68.jpg","type":"","width":"","height":""}],"twitter_card":"summary_large_image","twitter_misc":{"Tahmini okuma s\u00fcresi":"1 dakika"},"schema":{"@context":"https:\/\/schema.org","@graph":[{"@type":"WebPage","@id":"https:\/\/www.myvize.com.tr\/hollanda\/konsolosluklar\/ankara-buyukelciligi\/","url":"https:\/\/www.myvize.com.tr\/hollanda\/konsolosluklar\/ankara-buyukelciligi\/","name":"Hollanda Ankara B\u00fcy\u00fckel\u00e7ili\u011fi Vize \u0130\u015flemleri - MyVize","isPartOf":{"@id":"https:\/\/www.myvize.com.tr\/hollanda\/#website"},"primaryImageOfPage":{"@id":"https:\/\/www.myvize.com.tr\/hollanda\/konsolosluklar\/ankara-buyukelciligi\/#primaryimage"},"image":{"@id":"https:\/\/www.myvize.com.tr\/hollanda\/konsolosluklar\/ankara-buyukelciligi\/#primaryimage"},"thumbnailUrl":"https:\/\/www.myvize.com.tr\/hollanda\/wp-content\/uploads\/2021\/09\/68.jpg","datePublished":"2020-11-30T09:59:09+00:00","dateModified":"2022-04-09T11:28:08+00:00","description":"Hollanda Ankara B\u00fcy\u00fckel\u00e7ili\u011fi Vize \u0130\u015flemleri. Hollanda Ankara B\u00fcy\u00fckel\u00e7ili\u011fine Ula\u015fmak \u0130\u00e7in Hemen T\u0131klay\u0131n.","breadcrumb":{"@id":"https:\/\/www.myvize.com.tr\/hollanda\/konsolosluklar\/ankara-buyukelciligi\/#breadcrumb"},"inLanguage":"tr","potentialAction":[{"@type":"ReadAction","target":["https:\/\/www.myvize.com.tr\/hollanda\/konsolosluklar\/ankara-buyukelciligi\/"]}]},{"@type":"ImageObject","inLanguage":"tr","@id":"https:\/\/www.myvize.com.tr\/hollanda\/konsolosluklar\/ankara-buyukelciligi\/#primaryimage","url":"https:\/\/www.myvize.com.tr\/hollanda\/wp-content\/uploads\/2021\/09\/68.jpg","contentUrl":"https:\/\/www.myvize.com.tr\/hollanda\/wp-content\/uploads\/2021\/09\/68.jpg","width":800,"height":500,"caption":"Hollanda Antalya Konsoloslu\u011fu"},{"@type":"BreadcrumbList","@id":"https:\/\/www.myvize.com.tr\/hollanda\/konsolosluklar\/ankara-buyukelciligi\/#breadcrumb","itemListElement":[{"@type":"ListItem","position":1,"name":"Anasayfa","item":"https:\/\/www.myvize.com.tr\/hollanda\/"},{"@type":"ListItem","position":2,"name":"KONSOLOSLUKLAR","item":"https:\/\/www.myvize.com.tr\/hollanda\/konsolosluklar\/"},{"@type":"ListItem","position":3,"name":"Hollanda Ankara B\u00fcy\u00fckel\u00e7ili\u011fi"}]},{"@type":"WebSite","@id":"https:\/\/www.myvize.com.tr\/hollanda\/#website","url":"https:\/\/www.myvize.com.tr\/hollanda\/","name":"Hollanda Vize","description":"","potentialAction":[{"@type":"SearchAction","target":{"@type":"EntryPoint","urlTemplate":"https:\/\/www.myvize.com.tr\/hollanda\/?s={search_term_string}"},"query-input":{"@type":"PropertyValueSpecification","valueRequired":true,"valueName":"search_term_string"}}],"inLanguage":"tr"}]}},"_links":{"self":[{"href":"https:\/\/www.myvize.com.tr\/hollanda\/wp-json\/wp\/v2\/pages\/72","targetHints":{"allow":["GET"]}}],"collection":[{"href":"https:\/\/www.myvize.com.tr\/hollanda\/wp-json\/wp\/v2\/pages"}],"about":[{"href":"https:\/\/www.myvize.com.tr\/hollanda\/wp-json\/wp\/v2\/types\/page"}],"author":[{"embeddable":true,"href":"https:\/\/www.myvize.com.tr\/hollanda\/wp-json\/wp\/v2\/users\/1"}],"replies":[{"embeddable":true,"href":"https:\/\/www.myvize.com.tr\/hollanda\/wp-json\/wp\/v2\/comments?post=72"}],"version-history":[{"count":5,"href":"https:\/\/www.myvize.com.tr\/hollanda\/wp-json\/wp\/v2\/pages\/72\/revisions"}],"predecessor-version":[{"id":1142,"href":"https:\/\/www.myvize.com.tr\/hollanda\/wp-json\/wp\/v2\/pages\/72\/revisions\/1142"}],"up":[{"embeddable":true,"href":"https:\/\/www.myvize.com.tr\/hollanda\/wp-json\/wp\/v2\/pages\/69"}],"wp:attachment":[{"href":"https:\/\/www.myvize.com.tr\/hollanda\/wp-json\/wp\/v2\/media?parent=72"}],"curies":[{"name":"wp","href":"https:\/\/api.w.org\/{rel}","templated":true}]}}