{"id":90,"date":"2020-11-30T13:06:29","date_gmt":"2020-11-30T10:06:29","guid":{"rendered":"https:\/\/www.myvize.com.tr\/hollanda\/?page_id=90"},"modified":"2022-04-09T15:00:00","modified_gmt":"2022-04-09T12:00:00","slug":"gaziantep-fahri-konsoloslugu","status":"publish","type":"page","link":"https:\/\/www.myvize.com.tr\/hollanda\/konsolosluklar\/gaziantep-fahri-konsoloslugu\/","title":{"rendered":"Hollanda Gaziantep Fahri Konsoloslu\u011fu"},"content":{"rendered":"<p><img decoding=\"async\" src=\"https:\/\/www.myvize.com.tr\/hollanda\/wp-content\/uploads\/2021\/09\/76.jpg\" \/><\/p>\n","protected":false},"excerpt":{"rendered":"","protected":false},"author":1,"featured_media":0,"parent":69,"menu_order":0,"comment_status":"open","ping_status":"closed","template":"","meta":{"footnotes":""},"class_list":["post-90","page","type-page","status-publish","hentry"],"yoast_head":"<!-- This site is optimized with the Yoast SEO plugin v26.8 - https:\/\/yoast.com\/product\/yoast-seo-wordpress\/ -->\n<title>Hollanda Gaziantep Fahri Konsoloslu\u011fu - MyVize<\/title>\n<meta name=\"description\" content=\"Hollanda Gaziantep Fahri Konsoloslu\u011fu Vize \u0130\u015flemleri Nelerdir? Hollanda Gaziantep Fahri Konsoloslu\u011fu Nerededir? Hollanda Vize Ba\u015fvurusu.\" \/>\n<meta name=\"robots\" content=\"index, follow, max-snippet:-1, max-image-preview:large, max-video-preview:-1\" \/>\n<link rel=\"canonical\" href=\"https:\/\/www.myvize.com.tr\/hollanda\/konsolosluklar\/gaziantep-fahri-konsoloslugu\/\" \/>\n<meta property=\"og:locale\" content=\"tr_TR\" \/>\n<meta property=\"og:type\" content=\"article\" \/>\n<meta property=\"og:title\" content=\"Hollanda Gaziantep Fahri Konsoloslu\u011fu - MyVize\" \/>\n<meta property=\"og:description\" content=\"Hollanda Gaziantep Fahri Konsoloslu\u011fu Vize \u0130\u015flemleri Nelerdir? Hollanda Gaziantep Fahri Konsoloslu\u011fu Nerededir? Hollanda Vize Ba\u015fvurusu.\" \/>\n<meta property=\"og:url\" content=\"https:\/\/www.myvize.com.tr\/hollanda\/konsolosluklar\/gaziantep-fahri-konsoloslugu\/\" \/>\n<meta property=\"og:site_name\" content=\"Hollanda Vize\" \/>\n<meta property=\"article:modified_time\" content=\"2022-04-09T12:00:00+00:00\" \/>\n<meta property=\"og:image\" content=\"https:\/\/www.myvize.com.tr\/hollanda\/wp-content\/uploads\/2021\/09\/76.jpg\" \/>\n<meta name=\"twitter:card\" content=\"summary_large_image\" \/>\n<script type=\"application\/ld+json\" class=\"yoast-schema-graph\">{\"@context\":\"https:\/\/schema.org\",\"@graph\":[{\"@type\":\"WebPage\",\"@id\":\"https:\/\/www.myvize.com.tr\/hollanda\/konsolosluklar\/gaziantep-fahri-konsoloslugu\/\",\"url\":\"https:\/\/www.myvize.com.tr\/hollanda\/konsolosluklar\/gaziantep-fahri-konsoloslugu\/\",\"name\":\"Hollanda Gaziantep Fahri Konsoloslu\u011fu - MyVize\",\"isPartOf\":{\"@id\":\"https:\/\/www.myvize.com.tr\/hollanda\/#website\"},\"primaryImageOfPage\":{\"@id\":\"https:\/\/www.myvize.com.tr\/hollanda\/konsolosluklar\/gaziantep-fahri-konsoloslugu\/#primaryimage\"},\"image\":{\"@id\":\"https:\/\/www.myvize.com.tr\/hollanda\/konsolosluklar\/gaziantep-fahri-konsoloslugu\/#primaryimage\"},\"thumbnailUrl\":\"https:\/\/www.myvize.com.tr\/hollanda\/wp-content\/uploads\/2021\/09\/76.jpg\",\"datePublished\":\"2020-11-30T10:06:29+00:00\",\"dateModified\":\"2022-04-09T12:00:00+00:00\",\"description\":\"Hollanda Gaziantep Fahri Konsoloslu\u011fu Vize \u0130\u015flemleri Nelerdir? Hollanda Gaziantep Fahri Konsoloslu\u011fu Nerededir? Hollanda Vize Ba\u015fvurusu.\",\"breadcrumb\":{\"@id\":\"https:\/\/www.myvize.com.tr\/hollanda\/konsolosluklar\/gaziantep-fahri-konsoloslugu\/#breadcrumb\"},\"inLanguage\":\"tr\",\"potentialAction\":[{\"@type\":\"ReadAction\",\"target\":[\"https:\/\/www.myvize.com.tr\/hollanda\/konsolosluklar\/gaziantep-fahri-konsoloslugu\/\"]}]},{\"@type\":\"ImageObject\",\"inLanguage\":\"tr\",\"@id\":\"https:\/\/www.myvize.com.tr\/hollanda\/konsolosluklar\/gaziantep-fahri-konsoloslugu\/#primaryimage\",\"url\":\"https:\/\/www.myvize.com.tr\/hollanda\/wp-content\/uploads\/2021\/09\/76.jpg\",\"contentUrl\":\"https:\/\/www.myvize.com.tr\/hollanda\/wp-content\/uploads\/2021\/09\/76.jpg\",\"width\":800,\"height\":500,\"caption\":\"Hollanda Gaziantep Fahri Konsoloslu\u011fu\"},{\"@type\":\"BreadcrumbList\",\"@id\":\"https:\/\/www.myvize.com.tr\/hollanda\/konsolosluklar\/gaziantep-fahri-konsoloslugu\/#breadcrumb\",\"itemListElement\":[{\"@type\":\"ListItem\",\"position\":1,\"name\":\"Anasayfa\",\"item\":\"https:\/\/www.myvize.com.tr\/hollanda\/\"},{\"@type\":\"ListItem\",\"position\":2,\"name\":\"KONSOLOSLUKLAR\",\"item\":\"https:\/\/www.myvize.com.tr\/hollanda\/konsolosluklar\/\"},{\"@type\":\"ListItem\",\"position\":3,\"name\":\"Hollanda Gaziantep Fahri Konsoloslu\u011fu\"}]},{\"@type\":\"WebSite\",\"@id\":\"https:\/\/www.myvize.com.tr\/hollanda\/#website\",\"url\":\"https:\/\/www.myvize.com.tr\/hollanda\/\",\"name\":\"Hollanda Vize\",\"description\":\"\",\"potentialAction\":[{\"@type\":\"SearchAction\",\"target\":{\"@type\":\"EntryPoint\",\"urlTemplate\":\"https:\/\/www.myvize.com.tr\/hollanda\/?s={search_term_string}\"},\"query-input\":{\"@type\":\"PropertyValueSpecification\",\"valueRequired\":true,\"valueName\":\"search_term_string\"}}],\"inLanguage\":\"tr\"}]}<\/script>\n<!-- \/ Yoast SEO plugin. -->","yoast_head_json":{"title":"Hollanda Gaziantep Fahri Konsoloslu\u011fu - MyVize","description":"Hollanda Gaziantep Fahri Konsoloslu\u011fu Vize \u0130\u015flemleri Nelerdir? Hollanda Gaziantep Fahri Konsoloslu\u011fu Nerededir? Hollanda Vize Ba\u015fvurusu.","robots":{"index":"index","follow":"follow","max-snippet":"max-snippet:-1","max-image-preview":"max-image-preview:large","max-video-preview":"max-video-preview:-1"},"canonical":"https:\/\/www.myvize.com.tr\/hollanda\/konsolosluklar\/gaziantep-fahri-konsoloslugu\/","og_locale":"tr_TR","og_type":"article","og_title":"Hollanda Gaziantep Fahri Konsoloslu\u011fu - MyVize","og_description":"Hollanda Gaziantep Fahri Konsoloslu\u011fu Vize \u0130\u015flemleri Nelerdir? Hollanda Gaziantep Fahri Konsoloslu\u011fu Nerededir? Hollanda Vize Ba\u015fvurusu.","og_url":"https:\/\/www.myvize.com.tr\/hollanda\/konsolosluklar\/gaziantep-fahri-konsoloslugu\/","og_site_name":"Hollanda Vize","article_modified_time":"2022-04-09T12:00:00+00:00","og_image":[{"url":"https:\/\/www.myvize.com.tr\/hollanda\/wp-content\/uploads\/2021\/09\/76.jpg","type":"","width":"","height":""}],"twitter_card":"summary_large_image","schema":{"@context":"https:\/\/schema.org","@graph":[{"@type":"WebPage","@id":"https:\/\/www.myvize.com.tr\/hollanda\/konsolosluklar\/gaziantep-fahri-konsoloslugu\/","url":"https:\/\/www.myvize.com.tr\/hollanda\/konsolosluklar\/gaziantep-fahri-konsoloslugu\/","name":"Hollanda Gaziantep Fahri Konsoloslu\u011fu - MyVize","isPartOf":{"@id":"https:\/\/www.myvize.com.tr\/hollanda\/#website"},"primaryImageOfPage":{"@id":"https:\/\/www.myvize.com.tr\/hollanda\/konsolosluklar\/gaziantep-fahri-konsoloslugu\/#primaryimage"},"image":{"@id":"https:\/\/www.myvize.com.tr\/hollanda\/konsolosluklar\/gaziantep-fahri-konsoloslugu\/#primaryimage"},"thumbnailUrl":"https:\/\/www.myvize.com.tr\/hollanda\/wp-content\/uploads\/2021\/09\/76.jpg","datePublished":"2020-11-30T10:06:29+00:00","dateModified":"2022-04-09T12:00:00+00:00","description":"Hollanda Gaziantep Fahri Konsoloslu\u011fu Vize \u0130\u015flemleri Nelerdir? Hollanda Gaziantep Fahri Konsoloslu\u011fu Nerededir? Hollanda Vize Ba\u015fvurusu.","breadcrumb":{"@id":"https:\/\/www.myvize.com.tr\/hollanda\/konsolosluklar\/gaziantep-fahri-konsoloslugu\/#breadcrumb"},"inLanguage":"tr","potentialAction":[{"@type":"ReadAction","target":["https:\/\/www.myvize.com.tr\/hollanda\/konsolosluklar\/gaziantep-fahri-konsoloslugu\/"]}]},{"@type":"ImageObject","inLanguage":"tr","@id":"https:\/\/www.myvize.com.tr\/hollanda\/konsolosluklar\/gaziantep-fahri-konsoloslugu\/#primaryimage","url":"https:\/\/www.myvize.com.tr\/hollanda\/wp-content\/uploads\/2021\/09\/76.jpg","contentUrl":"https:\/\/www.myvize.com.tr\/hollanda\/wp-content\/uploads\/2021\/09\/76.jpg","width":800,"height":500,"caption":"Hollanda Gaziantep Fahri Konsoloslu\u011fu"},{"@type":"BreadcrumbList","@id":"https:\/\/www.myvize.com.tr\/hollanda\/konsolosluklar\/gaziantep-fahri-konsoloslugu\/#breadcrumb","itemListElement":[{"@type":"ListItem","position":1,"name":"Anasayfa","item":"https:\/\/www.myvize.com.tr\/hollanda\/"},{"@type":"ListItem","position":2,"name":"KONSOLOSLUKLAR","item":"https:\/\/www.myvize.com.tr\/hollanda\/konsolosluklar\/"},{"@type":"ListItem","position":3,"name":"Hollanda Gaziantep Fahri Konsoloslu\u011fu"}]},{"@type":"WebSite","@id":"https:\/\/www.myvize.com.tr\/hollanda\/#website","url":"https:\/\/www.myvize.com.tr\/hollanda\/","name":"Hollanda Vize","description":"","potentialAction":[{"@type":"SearchAction","target":{"@type":"EntryPoint","urlTemplate":"https:\/\/www.myvize.com.tr\/hollanda\/?s={search_term_string}"},"query-input":{"@type":"PropertyValueSpecification","valueRequired":true,"valueName":"search_term_string"}}],"inLanguage":"tr"}]}},"_links":{"self":[{"href":"https:\/\/www.myvize.com.tr\/hollanda\/wp-json\/wp\/v2\/pages\/90","targetHints":{"allow":["GET"]}}],"collection":[{"href":"https:\/\/www.myvize.com.tr\/hollanda\/wp-json\/wp\/v2\/pages"}],"about":[{"href":"https:\/\/www.myvize.com.tr\/hollanda\/wp-json\/wp\/v2\/types\/page"}],"author":[{"embeddable":true,"href":"https:\/\/www.myvize.com.tr\/hollanda\/wp-json\/wp\/v2\/users\/1"}],"replies":[{"embeddable":true,"href":"https:\/\/www.myvize.com.tr\/hollanda\/wp-json\/wp\/v2\/comments?post=90"}],"version-history":[{"count":5,"href":"https:\/\/www.myvize.com.tr\/hollanda\/wp-json\/wp\/v2\/pages\/90\/revisions"}],"predecessor-version":[{"id":1151,"href":"https:\/\/www.myvize.com.tr\/hollanda\/wp-json\/wp\/v2\/pages\/90\/revisions\/1151"}],"up":[{"embeddable":true,"href":"https:\/\/www.myvize.com.tr\/hollanda\/wp-json\/wp\/v2\/pages\/69"}],"wp:attachment":[{"href":"https:\/\/www.myvize.com.tr\/hollanda\/wp-json\/wp\/v2\/media?parent=90"}],"curies":[{"name":"wp","href":"https:\/\/api.w.org\/{rel}","templated":true}]}}