{"id":92,"date":"2020-11-30T13:07:02","date_gmt":"2020-11-30T10:07:02","guid":{"rendered":"https:\/\/www.myvize.com.tr\/hollanda\/?page_id=92"},"modified":"2022-04-09T15:00:54","modified_gmt":"2022-04-09T12:00:54","slug":"hollanda-konsolosluk-islemleri","status":"publish","type":"page","link":"https:\/\/www.myvize.com.tr\/hollanda\/konsolosluklar\/hollanda-konsolosluk-islemleri\/","title":{"rendered":"Hollanda Konsolosluk \u0130\u015flemleri"},"content":{"rendered":"<p><img decoding=\"async\" src=\"https:\/\/www.myvize.com.tr\/hollanda\/wp-content\/uploads\/2021\/09\/78.jpg\" \/><\/p>\n","protected":false},"excerpt":{"rendered":"","protected":false},"author":1,"featured_media":0,"parent":69,"menu_order":0,"comment_status":"open","ping_status":"closed","template":"","meta":{"footnotes":""},"class_list":["post-92","page","type-page","status-publish","hentry"],"yoast_head":"<!-- This site is optimized with the Yoast SEO plugin v26.8 - https:\/\/yoast.com\/product\/yoast-seo-wordpress\/ -->\n<title>Hollanda Konsolosluk \u0130\u015flemleri - Hollanda Vize - MyVize<\/title>\n<meta name=\"description\" content=\"Hollanda Konsolosluk \u0130\u015flemleri Nas\u0131l Olur? Hollanda Konsolosluk \u0130\u015flemleri Hakk\u0131nda Bilgi \u0130\u00e7in Hemen Aray\u0131n.\" \/>\n<meta name=\"robots\" content=\"index, follow, max-snippet:-1, max-image-preview:large, max-video-preview:-1\" \/>\n<link rel=\"canonical\" href=\"https:\/\/www.myvize.com.tr\/hollanda\/konsolosluklar\/hollanda-konsolosluk-islemleri\/\" \/>\n<meta property=\"og:locale\" content=\"tr_TR\" \/>\n<meta property=\"og:type\" content=\"article\" \/>\n<meta property=\"og:title\" content=\"Hollanda Konsolosluk \u0130\u015flemleri - Hollanda Vize - MyVize\" \/>\n<meta property=\"og:description\" content=\"Hollanda Konsolosluk \u0130\u015flemleri Nas\u0131l Olur? Hollanda Konsolosluk \u0130\u015flemleri Hakk\u0131nda Bilgi \u0130\u00e7in Hemen Aray\u0131n.\" \/>\n<meta property=\"og:url\" content=\"https:\/\/www.myvize.com.tr\/hollanda\/konsolosluklar\/hollanda-konsolosluk-islemleri\/\" \/>\n<meta property=\"og:site_name\" content=\"Hollanda Vize\" \/>\n<meta property=\"article:modified_time\" content=\"2022-04-09T12:00:54+00:00\" \/>\n<meta property=\"og:image\" content=\"https:\/\/www.myvize.com.tr\/hollanda\/wp-content\/uploads\/2021\/09\/78.jpg\" \/>\n<meta name=\"twitter:card\" content=\"summary_large_image\" \/>\n<script type=\"application\/ld+json\" class=\"yoast-schema-graph\">{\"@context\":\"https:\/\/schema.org\",\"@graph\":[{\"@type\":\"WebPage\",\"@id\":\"https:\/\/www.myvize.com.tr\/hollanda\/konsolosluklar\/hollanda-konsolosluk-islemleri\/\",\"url\":\"https:\/\/www.myvize.com.tr\/hollanda\/konsolosluklar\/hollanda-konsolosluk-islemleri\/\",\"name\":\"Hollanda Konsolosluk \u0130\u015flemleri - Hollanda Vize - MyVize\",\"isPartOf\":{\"@id\":\"https:\/\/www.myvize.com.tr\/hollanda\/#website\"},\"primaryImageOfPage\":{\"@id\":\"https:\/\/www.myvize.com.tr\/hollanda\/konsolosluklar\/hollanda-konsolosluk-islemleri\/#primaryimage\"},\"image\":{\"@id\":\"https:\/\/www.myvize.com.tr\/hollanda\/konsolosluklar\/hollanda-konsolosluk-islemleri\/#primaryimage\"},\"thumbnailUrl\":\"https:\/\/www.myvize.com.tr\/hollanda\/wp-content\/uploads\/2021\/09\/78.jpg\",\"datePublished\":\"2020-11-30T10:07:02+00:00\",\"dateModified\":\"2022-04-09T12:00:54+00:00\",\"description\":\"Hollanda Konsolosluk \u0130\u015flemleri Nas\u0131l Olur? Hollanda Konsolosluk \u0130\u015flemleri Hakk\u0131nda Bilgi \u0130\u00e7in Hemen Aray\u0131n.\",\"breadcrumb\":{\"@id\":\"https:\/\/www.myvize.com.tr\/hollanda\/konsolosluklar\/hollanda-konsolosluk-islemleri\/#breadcrumb\"},\"inLanguage\":\"tr\",\"potentialAction\":[{\"@type\":\"ReadAction\",\"target\":[\"https:\/\/www.myvize.com.tr\/hollanda\/konsolosluklar\/hollanda-konsolosluk-islemleri\/\"]}]},{\"@type\":\"ImageObject\",\"inLanguage\":\"tr\",\"@id\":\"https:\/\/www.myvize.com.tr\/hollanda\/konsolosluklar\/hollanda-konsolosluk-islemleri\/#primaryimage\",\"url\":\"https:\/\/www.myvize.com.tr\/hollanda\/wp-content\/uploads\/2021\/09\/78.jpg\",\"contentUrl\":\"https:\/\/www.myvize.com.tr\/hollanda\/wp-content\/uploads\/2021\/09\/78.jpg\",\"width\":800,\"height\":500,\"caption\":\"Hollanda Konsolosluk \u0130\u015flemleri\"},{\"@type\":\"BreadcrumbList\",\"@id\":\"https:\/\/www.myvize.com.tr\/hollanda\/konsolosluklar\/hollanda-konsolosluk-islemleri\/#breadcrumb\",\"itemListElement\":[{\"@type\":\"ListItem\",\"position\":1,\"name\":\"Anasayfa\",\"item\":\"https:\/\/www.myvize.com.tr\/hollanda\/\"},{\"@type\":\"ListItem\",\"position\":2,\"name\":\"KONSOLOSLUKLAR\",\"item\":\"https:\/\/www.myvize.com.tr\/hollanda\/konsolosluklar\/\"},{\"@type\":\"ListItem\",\"position\":3,\"name\":\"Hollanda Konsolosluk \u0130\u015flemleri\"}]},{\"@type\":\"WebSite\",\"@id\":\"https:\/\/www.myvize.com.tr\/hollanda\/#website\",\"url\":\"https:\/\/www.myvize.com.tr\/hollanda\/\",\"name\":\"Hollanda Vize\",\"description\":\"\",\"potentialAction\":[{\"@type\":\"SearchAction\",\"target\":{\"@type\":\"EntryPoint\",\"urlTemplate\":\"https:\/\/www.myvize.com.tr\/hollanda\/?s={search_term_string}\"},\"query-input\":{\"@type\":\"PropertyValueSpecification\",\"valueRequired\":true,\"valueName\":\"search_term_string\"}}],\"inLanguage\":\"tr\"}]}<\/script>\n<!-- \/ Yoast SEO plugin. -->","yoast_head_json":{"title":"Hollanda Konsolosluk \u0130\u015flemleri - Hollanda Vize - MyVize","description":"Hollanda Konsolosluk \u0130\u015flemleri Nas\u0131l Olur? Hollanda Konsolosluk \u0130\u015flemleri Hakk\u0131nda Bilgi \u0130\u00e7in Hemen Aray\u0131n.","robots":{"index":"index","follow":"follow","max-snippet":"max-snippet:-1","max-image-preview":"max-image-preview:large","max-video-preview":"max-video-preview:-1"},"canonical":"https:\/\/www.myvize.com.tr\/hollanda\/konsolosluklar\/hollanda-konsolosluk-islemleri\/","og_locale":"tr_TR","og_type":"article","og_title":"Hollanda Konsolosluk \u0130\u015flemleri - Hollanda Vize - MyVize","og_description":"Hollanda Konsolosluk \u0130\u015flemleri Nas\u0131l Olur? Hollanda Konsolosluk \u0130\u015flemleri Hakk\u0131nda Bilgi \u0130\u00e7in Hemen Aray\u0131n.","og_url":"https:\/\/www.myvize.com.tr\/hollanda\/konsolosluklar\/hollanda-konsolosluk-islemleri\/","og_site_name":"Hollanda Vize","article_modified_time":"2022-04-09T12:00:54+00:00","og_image":[{"url":"https:\/\/www.myvize.com.tr\/hollanda\/wp-content\/uploads\/2021\/09\/78.jpg","type":"","width":"","height":""}],"twitter_card":"summary_large_image","schema":{"@context":"https:\/\/schema.org","@graph":[{"@type":"WebPage","@id":"https:\/\/www.myvize.com.tr\/hollanda\/konsolosluklar\/hollanda-konsolosluk-islemleri\/","url":"https:\/\/www.myvize.com.tr\/hollanda\/konsolosluklar\/hollanda-konsolosluk-islemleri\/","name":"Hollanda Konsolosluk \u0130\u015flemleri - Hollanda Vize - MyVize","isPartOf":{"@id":"https:\/\/www.myvize.com.tr\/hollanda\/#website"},"primaryImageOfPage":{"@id":"https:\/\/www.myvize.com.tr\/hollanda\/konsolosluklar\/hollanda-konsolosluk-islemleri\/#primaryimage"},"image":{"@id":"https:\/\/www.myvize.com.tr\/hollanda\/konsolosluklar\/hollanda-konsolosluk-islemleri\/#primaryimage"},"thumbnailUrl":"https:\/\/www.myvize.com.tr\/hollanda\/wp-content\/uploads\/2021\/09\/78.jpg","datePublished":"2020-11-30T10:07:02+00:00","dateModified":"2022-04-09T12:00:54+00:00","description":"Hollanda Konsolosluk \u0130\u015flemleri Nas\u0131l Olur? Hollanda Konsolosluk \u0130\u015flemleri Hakk\u0131nda Bilgi \u0130\u00e7in Hemen Aray\u0131n.","breadcrumb":{"@id":"https:\/\/www.myvize.com.tr\/hollanda\/konsolosluklar\/hollanda-konsolosluk-islemleri\/#breadcrumb"},"inLanguage":"tr","potentialAction":[{"@type":"ReadAction","target":["https:\/\/www.myvize.com.tr\/hollanda\/konsolosluklar\/hollanda-konsolosluk-islemleri\/"]}]},{"@type":"ImageObject","inLanguage":"tr","@id":"https:\/\/www.myvize.com.tr\/hollanda\/konsolosluklar\/hollanda-konsolosluk-islemleri\/#primaryimage","url":"https:\/\/www.myvize.com.tr\/hollanda\/wp-content\/uploads\/2021\/09\/78.jpg","contentUrl":"https:\/\/www.myvize.com.tr\/hollanda\/wp-content\/uploads\/2021\/09\/78.jpg","width":800,"height":500,"caption":"Hollanda Konsolosluk \u0130\u015flemleri"},{"@type":"BreadcrumbList","@id":"https:\/\/www.myvize.com.tr\/hollanda\/konsolosluklar\/hollanda-konsolosluk-islemleri\/#breadcrumb","itemListElement":[{"@type":"ListItem","position":1,"name":"Anasayfa","item":"https:\/\/www.myvize.com.tr\/hollanda\/"},{"@type":"ListItem","position":2,"name":"KONSOLOSLUKLAR","item":"https:\/\/www.myvize.com.tr\/hollanda\/konsolosluklar\/"},{"@type":"ListItem","position":3,"name":"Hollanda Konsolosluk \u0130\u015flemleri"}]},{"@type":"WebSite","@id":"https:\/\/www.myvize.com.tr\/hollanda\/#website","url":"https:\/\/www.myvize.com.tr\/hollanda\/","name":"Hollanda Vize","description":"","potentialAction":[{"@type":"SearchAction","target":{"@type":"EntryPoint","urlTemplate":"https:\/\/www.myvize.com.tr\/hollanda\/?s={search_term_string}"},"query-input":{"@type":"PropertyValueSpecification","valueRequired":true,"valueName":"search_term_string"}}],"inLanguage":"tr"}]}},"_links":{"self":[{"href":"https:\/\/www.myvize.com.tr\/hollanda\/wp-json\/wp\/v2\/pages\/92","targetHints":{"allow":["GET"]}}],"collection":[{"href":"https:\/\/www.myvize.com.tr\/hollanda\/wp-json\/wp\/v2\/pages"}],"about":[{"href":"https:\/\/www.myvize.com.tr\/hollanda\/wp-json\/wp\/v2\/types\/page"}],"author":[{"embeddable":true,"href":"https:\/\/www.myvize.com.tr\/hollanda\/wp-json\/wp\/v2\/users\/1"}],"replies":[{"embeddable":true,"href":"https:\/\/www.myvize.com.tr\/hollanda\/wp-json\/wp\/v2\/comments?post=92"}],"version-history":[{"count":5,"href":"https:\/\/www.myvize.com.tr\/hollanda\/wp-json\/wp\/v2\/pages\/92\/revisions"}],"predecessor-version":[{"id":1152,"href":"https:\/\/www.myvize.com.tr\/hollanda\/wp-json\/wp\/v2\/pages\/92\/revisions\/1152"}],"up":[{"embeddable":true,"href":"https:\/\/www.myvize.com.tr\/hollanda\/wp-json\/wp\/v2\/pages\/69"}],"wp:attachment":[{"href":"https:\/\/www.myvize.com.tr\/hollanda\/wp-json\/wp\/v2\/media?parent=92"}],"curies":[{"name":"wp","href":"https:\/\/api.w.org\/{rel}","templated":true}]}}