{"id":157,"date":"2020-12-22T17:17:52","date_gmt":"2020-12-22T14:17:52","guid":{"rendered":"https:\/\/www.myvize.com.tr\/ingiltere\/?page_id=157"},"modified":"2022-04-11T14:01:06","modified_gmt":"2022-04-11T11:01:06","slug":"calisma","status":"publish","type":"page","link":"https:\/\/www.myvize.com.tr\/ingiltere\/calisma\/","title":{"rendered":"\u00c7ALI\u015eMA"},"content":{"rendered":"<h2><strong><span style=\"font-family: Roboto; color: #000000; font-size: 27px;\">\u0130ngiltere Tier 1 Ola\u011fan\u00fcst\u00fc Yetenek Vizesi<\/span><\/strong><\/h2>\n<p><span style=\"font-family: Roboto; color: #000000; font-size: 14px;\"><strong>\u0130ngiltere Tier-1 Ola\u011fan\u00fcst\u00fc Yetenek Vizesi<\/strong>; yetenek sahibi giri\u015fimciler, fen bilimleri, sosyal bilimler, sanat, m\u00fchendislik ve dijital teknoloji alanlar\u0131n\u0131n her birinde ola\u011fan\u00fcst\u00fc yetenek sahibi olan ki\u015filer ve \u0130ngiltere \u00fclkesinde \u00e7al\u0131\u015farak kendi i\u015fini kurma amac\u0131 edinen bireylerin ba\u015fvuruda bulunabilece\u011fi bir vizedir. \u0130ngiltere\u2019de kendi i\u015fini kurmay\u0131 ama\u00e7 edinen ki\u015filerin, \u00fcniversiteden mezun olmu\u015f giri\u015fimcilerin ya da kendi alan\u0131yla alakal\u0131 olan bir kurumda \u00fcst\u00fcn niteliklere sahip oldu\u011fundan \u00f6t\u00fcr\u00fc \u00e7al\u0131\u015fma olana\u011f\u0131 bulan ki\u015filerin, \u0130ngiltere\u2019ye girmesi ve yasal bak\u0131mdan \u00e7al\u0131\u015f\u0131yor olmas\u0131na izin verilmesi i\u00e7in \u0130ngiltere S\u0131n\u0131r Dairesi yani UKBA arac\u0131l\u0131\u011f\u0131yla g\u00f6\u00e7menlik ve \u00e7al\u0131\u015fma izni a\u00e7\u0131s\u0131ndan <strong>\u0130ngiltere Tier-1 vizesi<\/strong> veriliyor. <span style=\"color: #2acec2;\"><strong><a style=\"color: #2acec2;\" href=\"https:\/\/www.myvize.com.tr\/ingiltere\/vize-islemleri\/ingiltere-vize-basvurusu\/\" target=\"_blank\" rel=\"noopener\">\u0130ngiltere vize ba\u015fvurusu <\/a><\/strong><\/span>yapacak olan bireyler, konsolosluk vas\u0131tas\u0131 ile belirlenmi\u015f olan web sitesi arac\u0131l\u0131\u011f\u0131 ile online bir bi\u00e7imde vize ba\u015fvuru formunu doldurmak zorundad\u0131r. Vize ba\u015fvuru formu doldurulmazsa ve onay belgesi de temin edilmezse m\u00fcracaatlar da kabul edilmeyecektir. Ba\u015fvuru yapan her ki\u015fi seyahat gayesine uygun olan vize t\u00fcr\u00fcn\u00fc se\u00e7ip form arac\u0131l\u0131\u011f\u0131yla y\u00f6neltilen her bir soruyu eksiksiz olarak yan\u0131tlamal\u0131d\u0131r, cevaplar do\u011fru olmal\u0131d\u0131r. \u00c7\u00fcnk\u00fc her \u015fey belgelerle kan\u0131tlanacak demektir. <strong>\u0130ngiltere Tier-1 vize ba\u015fvurusu<\/strong> ile alakal\u0131 olan formda verilen yaz\u0131l\u0131 bilgilerin ki\u015finin haz\u0131rlad\u0131\u011f\u0131 vize takip dosyas\u0131, randevu g\u00fcn\u00fc s\u00f6yleyecekleri ile tutarl\u0131 olmal\u0131d\u0131r. Aksi halde ki\u015finin vize ba\u015fvurusu ret al\u0131r. Elektronik ortamda doldurulan <strong><a style=\"color: #000000;\" href=\"https:\/\/www.myvize.com.tr\/ingiltere\/form-ve-dilekce\/ingiltere-vize-basvuru-formu\/\" target=\"_blank\" rel=\"noopener\">\u0130ngiltere vize ba\u015fvuru formu<\/a><\/strong>nun onaylanabilmesi i\u00e7in bireyin ayn\u0131 sistemden vize harc\u0131n\u0131 yat\u0131rmas\u0131 laz\u0131md\u0131r. Ba\u015fvuru harc\u0131n\u0131n \u00f6denmesi sonras\u0131nda ki\u015finin se\u00e7ti\u011fi randevu g\u00fcn\u00fc ve saati sistem \u00fczerinden onaylan\u0131r. Ba\u015fvuru yapan her ki\u015fi i\u00e7in konsolosluk arac\u0131l\u0131\u011f\u0131yla outsource edilmi\u015f olan vize ba\u015fvuru merkezinden ayr\u0131 bi\u00e7imde <span style=\"color: #2acec2;\"><strong><a style=\"color: #2acec2;\" href=\"https:\/\/www.myvize.com.tr\/ingiltere\/vize-islemleri\/ingiltere-vize-randevusu\/\" target=\"_blank\" rel=\"noopener\">\u0130ngiltere vize randevusu<\/a> <\/strong><\/span>kayd\u0131 olu\u015fturmak laz\u0131md\u0131r. <strong>\u0130ngiltere Tier-1 vize<\/strong> t\u00fcr\u00fcnden ba\u015fvuru yapacak olan ki\u015filer \u0130ngiltere\u2019de bulunan bir \u015firkette ortak olarak yer almal\u0131d\u0131r. Serbest meslek sahipleri ise \u00fclkede kendi i\u015fini kurmal\u0131d\u0131r.<\/span><\/p>\n<p><span style=\"font-family: Roboto; font-size: 14px;\"><img decoding=\"async\" src=\"https:\/\/www.myvize.com.tr\/ingiltere\/wp-content\/uploads\/2021\/09\/140.jpg\" \/><\/span><\/p>\n<h2 class=\"caption\"><span class=\"caption-subject font-green-haze bold\" style=\"font-family: Roboto; color: #000000; font-size: 27px;\"><b>\u0130ngiltere Tier 1 Vizesi Nedir?<\/b><\/span><\/h2>\n<ul>\n<li><span style=\"font-family: Roboto; color: #000000; font-size: 14px;\"><strong>\u0130ngiltere Tier-1 Ola\u011fan\u00fcst\u00fc Yetenek Vizesi:\u00a0<\/strong>Fen Bilimleri, Sosyal Bilimler, Dijital Teknoloji, M\u00fchendislik, Sanat ve T\u0131p gibi alanlarda ola\u011fan\u00fcst\u00fc bir yetene\u011fe sahip olan insanlar\u0131n \u0130ngiltere\u2019de \u00e7al\u0131\u015fmas\u0131 i\u00e7in ba\u015fvurmas\u0131 \u015fart olan vize t\u00fcr\u00fcd\u00fcr. Puanlama sistemi \u00fczerinden de\u011ferlendirilmekte olan bu vize t\u00fcr\u00fc i\u00e7in ba\u015fvuru yapan ki\u015filerin yetmi\u015f be\u015f puan almas\u0131 zorunlu bir kural olarak her zaman dikkat \u00e7eker.<\/span><\/li>\n<li><span style=\"font-family: Roboto; color: #000000; font-size: 14px;\"><strong>\u0130ngiltere Tier-1 Yat\u0131r\u0131mc\u0131 Vizesi:\u00a0<\/strong>\u00dclkeye belli bir mebla\u011fda yani en az 2.000.000\u00a3 yat\u0131r\u0131m yapan ve \u00f6teki \u015fartlar\u0131 da \u00fcstlenebilen insanlar\u0131n ba\u015fvurabilece\u011fi bir vize t\u00fcr\u00fc olmaktad\u0131r. \u0130ngiltere yat\u0131r\u0131mc\u0131 vizesiyle \u00fclkede \u00e7al\u0131\u015fan veyahut e\u011fitim g\u00f6ren stat\u00fcs\u00fcnde ikamet edebilir. AB ve \u0130svi\u00e7re vatanda\u015flar\u0131 d\u0131\u015f\u0131ndaki her ki\u015fi \u0130ngiltere yat\u0131r\u0131mc\u0131 vizesi ba\u015fvurusu ger\u00e7ekle\u015ftirebilir. Puan baz\u0131nda de\u011ferlendirilecek ba\u015fvurular i\u00e7in yetmi\u015f be\u015f puan almak zorunlu olmaktad\u0131r.<\/span><\/li>\n<li><span style=\"font-family: Roboto; color: #000000; font-size: 14px;\"><strong>\u0130ngiltere Tier-1 Mezun Giri\u015fimci Vizesi:\u00a0<\/strong>Birle\u015fik Krall\u0131k\u2019ta yer alan bir y\u00fcksek\u00f6\u011frenim kurumundan ya da denkli\u011fi olan ba\u015fka bir okuldan en az lisans d\u00fczeyinde mezuniyete sahip olan ve kusursuz bir i\u015f fikri ile \u0130ngiltere\u2019de \u00e7al\u0131\u015fmak isteyen ki\u015filerin ba\u015fvurabilece\u011fi bir vize \u00e7e\u015fididir. Puan sistemi do\u011frultusunda ba\u015fvuru yap\u0131labilir ve bahsi ge\u00e7en ki\u015filerin yetmi\u015f be\u015f puan almas\u0131 zorunludur. Ba\u015fvuru sahipleri en az B1 seviyesinde \u0130ngilizce biliyor olmal\u0131d\u0131r.<\/span><\/li>\n<li><span style=\"font-family: Roboto; color: #000000; font-size: 14px;\"><strong>\u0130ngiltere Tier-1 Giri\u015fimci Vizesi:\u00a0<\/strong>Ba\u015fvuru yapan ki\u015finin Tier-1 giri\u015fimci vizesine ba\u015fvurmas\u0131 i\u00e7in \u0130ngiltere\u2019de kendi i\u015fini kurmu\u015f olmas\u0131 ya da var olan bir i\u015fi devralmas\u0131 laz\u0131m gelmektedir. Esas olan puan sistemidir. En az yetmi\u015f be\u015f puan almak zorunludur. Fakat hemen hemen her ba\u015fvurunun puanlama sistemi birbirine g\u00f6re farkl\u0131 olabilir. Bu durum dikkate al\u0131nmal\u0131d\u0131r. Aksi halde \u00e7e\u015fitli sorunlar \u00e7\u0131kar ve s\u00fcre\u00e7 daha da uzamaya ba\u015flar.<\/span><\/li>\n<\/ul>\n<h2><strong><span style=\"font-family: Roboto; color: #000000; font-size: 27px;\">\u0130ngiltere Tier 1 Genel Vizesi Nedir?<\/span><\/strong><\/h2>\n<p><span style=\"font-family: Roboto; color: #000000; font-size: 14px;\">\u0130ngiltere \u00fclkesi d\u0131\u015f\u0131ndan gelen \u00fcst\u00fcn yetenekli \u00fcniversite yeni mezunlar\u0131, yat\u0131r\u0131mc\u0131 olan ki\u015filer, i\u015fi gere\u011fi profesyonel olanlar, giri\u015fimcilerin \u0130ngiltere\u2019de \u00e7al\u0131\u015fmas\u0131n\u0131 sa\u011flamak gayesiyle, \u0130ngiltere\u2019ye girerek yasal a\u00e7\u0131dan \u00e7al\u0131\u015fma durumuna izin vermek i\u00e7in \u0130ngiltere \u0130\u00e7i\u015fleri Bakanl\u0131\u011f\u0131\u2019na ba\u011fl\u0131 olan UKBA yani \u0130ngiltere S\u0131n\u0131r Dairesi onay\u0131yla Tier-1 vizesi verilmeye devam ediyor. Bu vizenin bir di\u011fer ad\u0131 da <strong>\u0130ngiltere \u00c7al\u0131\u015fma Vizesi<\/strong> olmaktad\u0131r. Tier -1 genel vize, <span style=\"color: #2acec2;\"><strong><a style=\"color: #2acec2;\" href=\"https:\/\/www.myvize.com.tr\/ingiltere\/calisma\/tier-1-girisimci-vizesi\/\" target=\"_blank\" rel=\"noopener\">Tier-1 giri\u015fimci vizesi<\/a><\/strong><\/span>, Tier-1 yat\u0131r\u0131mc\u0131 vizesi, Tier-1 ola\u011fan\u00fcst\u00fc yetenek vizesi ve Tier-1 \u00fcniversite mezunu giri\u015fimci vizesi ad\u0131 alt\u0131nda be\u015f adet farkl\u0131 vize t\u00fcr\u00fc yer almaktad\u0131r. Ki\u015fi, her zaman \u0130ngiltere\u2019ye gitme amac\u0131na g\u00f6re vize t\u00fcr\u00fc se\u00e7mek ile y\u00fck\u00fcml\u00fc olmaktad\u0131r. \u0130ngiliz H\u00fck\u00fcmeti, G\u00f6\u00e7menlik Yasalar\u0131n\u0131 g\u00f6\u00e7menlerle alakal\u0131 yeni d\u00fczenlemelerin her birine uyumlu bir hale getirebilmek ad\u0131na yasa de\u011fi\u015fikli\u011fi karar\u0131 ald\u0131. Al\u0131nm\u0131\u015f olan bu kararlar do\u011frultusunda; \u0130ngiltere\u2019nin G\u00f6\u00e7men Program\u0131 kapsam\u0131nda a\u00e7\u0131lm\u0131\u015f olan G\u00f6\u00e7menlik ve \u00c7al\u0131\u015fma \u0130zni Tier-1 Genel vizesi i\u00e7in ba\u015fvuru al\u0131m s\u00fcreci, 6 Nisan 2015 tarihi itibar\u0131yla durdurulmu\u015f olmaktad\u0131r. 5 Nisan 2015 tarihine de\u011fin \u0130ngiltere Konsoloslu\u011fu arac\u0131l\u0131\u011f\u0131yla kabul edilmi\u015f olan Tier-1 Genel Vize m\u00fcracaatlar\u0131n\u0131n ise yeniden al\u0131nabilmesine 6 Nisan 2021 tarihi itibar\u0131yla ba\u015flanaca\u011f\u0131 s\u00f6ylenmi\u015ftir diyebiliriz. Bununla beraber \u0130ngiltere Konsoloslu\u011fu, \u0130ngiltere\u2019de Tier-1 vizesi ile ya\u015fam s\u00fcren ki\u015filer ve ailelerinin vize s\u00fcrelerinin uzat\u0131lmas\u0131 ile alakal\u0131 olan i\u015flemlerin de s\u00fcrece\u011fini bildirmi\u015ftir. \u0130ngiltere Tier-1 genel vizesi ba\u015fvurusunda bulunacak olan ki\u015filerin her bir belgesini tamamen d\u00fcr\u00fcst bir \u015fekilde ve eksiksiz bi\u00e7imde doldurmas\u0131 zorunlu bir kural olmaktad\u0131r. Aksi bir durumda s\u00fcre\u00e7 gitgide uzad\u0131k\u00e7a uzar ve ki\u015finin i\u015flerini sekteye u\u011frat\u0131r. Bu s\u00fcreci y\u0131prat\u0131c\u0131 hale getirmemek tamamen ki\u015finin kendisine ba\u011fl\u0131d\u0131r. \u0130ngiltere Tier-1 genel vizesini alan ki\u015filer \u00fclkeye rahat bir \u015fekilde giri\u015f yapabilir.<\/span><\/p>\n<p><span style=\"font-family: Roboto; font-size: 14px;\"><img decoding=\"async\" src=\"https:\/\/www.myvize.com.tr\/ingiltere\/wp-content\/uploads\/2021\/09\/141.jpg\" \/><\/span><\/p>\n<h2 class=\"caption\"><span class=\"caption-subject font-green-haze bold\" style=\"font-family: Roboto; color: #000000; font-size: 27px;\"><b>\u0130ngiltere Tier 1 Ola\u011fan\u00fcst\u00fc Yetenek Vizesi Nas\u0131l Al\u0131n\u0131r?<\/b><\/span><\/h2>\n<p><span style=\"font-family: Roboto; color: #000000; font-size: 14px;\">\u0130ngiltere y\u00f6n\u00fcne vize ba\u015fvuru yapabilmek i\u00e7in <strong>\u0130ngiltere Konsoloslu\u011fu<\/strong> taraf\u0131ndan outsource edilmi\u015f haldeki vize hizmet merkezinden randevu al\u0131nmas\u0131 zorunlu bir kurald\u0131r. \u0130ngiltere Konsolosluklar\u0131na direkt olarak vize ba\u015fvurusu yap\u0131lamaz. Yetkili ba\u015fvuru merkezi \u00fczerinden al\u0131nm\u0131\u015f olan randevu saat ve tarih onay\u0131 sonras\u0131nda, Tier-1 \u0130ngiltere Vize m\u00fcracaat\u0131 a\u00e7\u0131s\u0131ndan haz\u0131rlanacak belgelerin bir listesi ki\u015fiye sistem taraf\u0131ndan g\u00f6nderilmektedir. Tier-1 vize i\u015flemleri i\u00e7in gerekli olan online ba\u015fvurunun tamamlanmas\u0131n\u0131n akabinde sistem i\u015flem \u00fccretinin \u00f6denmesine m\u00fcsaade edecektir. T\u00fcm online i\u015flem bitti\u011fi zaman ise; randevu ve \u00f6deme konfirmasyonu mail adresine g\u00f6nderilir. \u0130ngiltere vize ba\u015fvuru merkezi ofisleri Antalya, <span style=\"color: #2acec2;\"><strong><a style=\"color: #2acec2;\" href=\"https:\/\/www.myvize.com.tr\/ingiltere\/subelerimiz\/istanbul\/\" target=\"_blank\" rel=\"noopener\">\u0130stanbul<\/a><\/strong><\/span>, Ankara, \u0130zmir, Adana ve Gaziantep\u2019te bulunmaktad\u0131r. Ba\u015fvuru sahibi olan ki\u015filer \u015fahsen bu \u015fehirlerden herhangi birine giderek dosyas\u0131n\u0131 teslim etmelidir. Gerekli biyometri prosed\u00fcrlerini de birer birer yerine getirmelidir. \u0130ngiltere Konsoloslu\u011fu\u2019na \u0130ngiltere\u2019ye gitmeye uygun sunulan \u0130ngiltere Tier-1 vize ba\u015fvuru dosyas\u0131 i\u00e7erisinde online VAF-9 vize ba\u015fvuru formu ve appendix 2 ile alakal\u0131 olan \u00e7\u0131kt\u0131, randevu bildirimi, evraklar\u0131n orijinal hallerinin \u00f6rnekleri ve fotokopileri, vize \u00fccretinin \u00f6deme maili haz\u0131r edilmelidir. \u0130ngiltere vizesi ba\u015fvurusu yapan ki\u015filer, ba\u015fvurunun ger\u00e7ekle\u015fmesi ad\u0131na biyometrik bilgilerini yani y\u00fcz foto\u011fraf\u0131n\u0131 ve parmak izini ibraz etmekle y\u00fck\u00fcml\u00fcd\u00fcr. Ba\u015fvuru sahibi biyometri i\u015flemi a\u00e7\u0131s\u0131ndan parmak izi ve foto\u011fraf i\u015flemlerinin ger\u00e7ekle\u015ftirilece\u011fi merkezlerde bizzat bulunmak zorunda olmaktad\u0131r. \u0130ngiltere Tier-1 vize ba\u015fvurusu i\u00e7in randevu g\u00fcn\u00fc itibar\u0131yla yasal bi\u00e7imde vize ba\u015fvurular\u0131n\u0131n neticelenme s\u00fcresi \u00fc\u00e7 hafta olmaktad\u0131r. Sunulmu\u015f olan her bir evrak\u0131n konsolosluk arac\u0131l\u0131\u011f\u0131 ile de\u011ferlendirilmesi ve vize karar\u0131n\u0131n ki\u015fiye sunulmas\u0131 i\u00e7in her ba\u015fvuru sahibi bu s\u00fcreyi beklemek zorundad\u0131r. Fakat acil bir bi\u00e7imde \u0130ngiltere Tier-1 vizesi ba\u015fvurusu yapmak isteyen ki\u015filer, konsolosluk arac\u0131l\u0131\u011f\u0131yla olu\u015fturulmu\u015f olan outsource edilmi\u015f vize ba\u015fvuru merkezinin katma de\u011fere sahip hizmetlerinden yararlanmal\u0131d\u0131r.<\/span><\/p>\n<h3><span style=\"font-family: Roboto; font-size: 24px;\"><strong>\u0130ngiltere \u00c7al\u0131\u015fma Vizesi<\/strong><\/span><\/h3>\n<p><span style=\"font-family: Roboto; font-size: 14px;\"><strong>\u0130ngiltere \u00e7al\u0131\u015fma vize<\/strong> kendi i\u00e7inde \u00e7ok fazla kategoriye ayr\u0131lmakta. Bu sebep ile size <strong>\u0130ngiltere \u00e7al\u0131\u015fma vizesi<\/strong> iki ba\u015fl\u0131k durumunda toparlad\u0131k ve bu siz i\u00e7in a\u015fa\u011f\u0131da k\u0131saca a\u00e7\u0131klad\u0131. Siz de vize t\u00fcr\u00fc belirleme i\u00e7in \u0130ngiltere vizesi uzman\u0131m\u0131z ileti\u015fim numaram\u0131z ile ula\u015farak vize t\u00fcr\u00fc ile ilgili gerekli evrak listesi \u00fccretsiz talep edebilmektedir.<\/span><\/p>\n<p><span style=\"font-family: Roboto; font-size: 14px;\">Tier 5 Ge\u00e7ici \u00c7al\u0131\u015fma Vize (Sanat\u00e7\u0131 ve Sporcu)<\/span><br \/>\n<span style=\"font-family: Roboto; font-size: 14px;\">\u0130ngiltere\u2019de ki bir organizasyonu sponsorlu\u011funa s\u0131n\u0131rl\u0131 bir s\u00fcre i\u00e7in \u00e7al\u0131\u015fma isteyen ki\u015finin ba\u015fvurmas\u0131 gerekli vize t\u00fcr\u00fcd\u00fcr.<\/span><\/p>\n<p><span style=\"font-family: Roboto; font-size: 14px;\">Tier 5 Ge\u00e7ici \u00c7al\u0131\u015fma Vize (Hay\u0131r \u0130\u015f\u00e7isi)<\/span><br \/>\n<span style=\"font-family: Roboto; font-size: 14px;\">Baz\u0131 hay\u0131r i\u015finde g\u00f6n\u00fcll\u00fc olarak ve herhangi bir \u00fccreti almadan \u00e7al\u0131\u015fma i\u00e7in \u0130ngiltere&#8217;ye gitme isteyen ki\u015fi i\u00e7indir. \u00c7al\u0131\u015fma do\u011frudan sponsor kurulu\u015funu \u00e7al\u0131\u015fmas\u0131 ile ili\u015fkili olmas\u0131 gereklidir.<\/span><\/p>\n<p><span style=\"font-family: Roboto; font-size: 14px;\">Tier 5 Ge\u00e7ici \u00c7al\u0131\u015fma Vize (Dini \u00c7al\u0131\u015fan)<\/span><br \/>\n<span style=\"font-family: Roboto; font-size: 14px;\">Dini bir \u00e7al\u0131\u015fmak, vaaz vermek ya da din bir emir nedeni ile ge\u00e7ici olarak \u0130ngiltere\u2019de \u00e7al\u0131\u015fma isterse ba\u015fvurman\u0131z gerekli vize t\u00fcr\u00fcd\u00fcr.<\/span><\/p>\n<p><span style=\"font-family: Roboto; font-size: 14px;\">Tier 5 Ge\u00e7ici \u00c7al\u0131\u015fma Vize (Resm\u00ee Din G\u00f6revlisi)<\/span><br \/>\n<span style=\"font-family: Roboto; font-size: 14px;\">Birle\u015fik Krall\u0131k\u2019ta bir inan\u00e7 toplulu\u011fa \u00e7al\u0131\u015fma \u00fczere (\u00f6rne\u011fin diyanet i\u015fi ba\u015fkan ya da dini bir kurumu \u00fcyesi olarak) bir i\u015f teklif ald\u0131\u011f\u0131n\u0131zda ba\u015fvurmas\u0131 gereken vize t\u00fcr\u00fcd\u00fcr.<\/span><\/p>\n<p><span style=\"font-family: Roboto; font-size: 14px;\">Tier 5 Ge\u00e7ici \u00c7al\u0131\u015fma Vize (Uluslararas\u0131 Anla\u015fma)<\/span><br \/>\n<span style=\"font-family: Roboto; font-size: 14px;\">Birle\u015fik Krall\u0131k\u2019ta uluslararas\u0131 hukuk kapsam\u0131nda ki i\u015fi i\u00e7in \u00e7al\u0131\u015fma \u00fczere bir s\u00f6zle\u015fmek yapman\u0131z durumu da (\u00f6rne\u011fin h\u00fck\u00fbmeti i\u00e7in \u00e7al\u0131\u015fma ya da diplomat bir evde ev hizmetli olarak \u00e7al\u0131\u015fma gibi) ba\u015fvurmas\u0131 gereken vize t\u00fcr\u00fcd\u00fcr.<\/span><\/p>\n","protected":false},"excerpt":{"rendered":"<p>\u0130ngiltere Tier 1 Ola\u011fan\u00fcst\u00fc Yetenek Vizesi \u0130ngiltere Tier-1 Ola\u011fan\u00fcst\u00fc Yetenek Vizesi; yetenek sahibi giri\u015fimciler, fen bilimleri, sosyal bilimler, sanat, m\u00fchendislik ve dijital teknoloji alanlar\u0131n\u0131n her birinde ola\u011fan\u00fcst\u00fc yetenek sahibi olan ki\u015filer ve \u0130ngiltere \u00fclkesinde \u00e7al\u0131\u015farak kendi i\u015fini kurma amac\u0131 edinen bireylerin ba\u015fvuruda bulunabilece\u011fi bir vizedir. \u0130ngiltere\u2019de kendi i\u015fini kurmay\u0131 ama\u00e7 edinen ki\u015filerin, \u00fcniversiteden mezun olmu\u015f<\/p>\n","protected":false},"author":1,"featured_media":0,"parent":0,"menu_order":0,"comment_status":"open","ping_status":"closed","template":"","meta":{"footnotes":""},"class_list":["post-157","page","type-page","status-publish","hentry"],"yoast_head":"<!-- This site is optimized with the Yoast SEO plugin v24.0 - https:\/\/yoast.com\/wordpress\/plugins\/seo\/ -->\n<title>\u0130ngiltere \u00c7al\u0131\u015fma Vizesi - \u0130ngiltere Vize - MyVize<\/title>\n<meta name=\"description\" content=\"\u0130ngiltere \u00c7al\u0131\u015fma Vizesi Nas\u0131l Al\u0131n\u0131r? \u0130ngiltere \u00c7al\u0131\u015fma Vize Randevusu Nas\u0131l Al\u0131n\u0131r? \u0130ngiltere \u00c7al\u0131\u015fma Vize \u00dccreti Nedir?\" \/>\n<meta name=\"robots\" content=\"index, follow, max-snippet:-1, max-image-preview:large, max-video-preview:-1\" \/>\n<link rel=\"canonical\" href=\"https:\/\/www.myvize.com.tr\/ingiltere\/calisma\/\" \/>\n<meta property=\"og:locale\" content=\"tr_TR\" \/>\n<meta property=\"og:type\" content=\"article\" \/>\n<meta property=\"og:title\" content=\"\u0130ngiltere \u00c7al\u0131\u015fma Vizesi - \u0130ngiltere Vize - MyVize\" \/>\n<meta property=\"og:description\" content=\"\u0130ngiltere \u00c7al\u0131\u015fma Vizesi Nas\u0131l Al\u0131n\u0131r? \u0130ngiltere \u00c7al\u0131\u015fma Vize Randevusu Nas\u0131l Al\u0131n\u0131r? \u0130ngiltere \u00c7al\u0131\u015fma Vize \u00dccreti Nedir?\" \/>\n<meta property=\"og:url\" content=\"https:\/\/www.myvize.com.tr\/ingiltere\/calisma\/\" \/>\n<meta property=\"og:site_name\" content=\"\u0130ngiltere Vize Ba\u015fvuru &amp; \u0130ngiltere Vizesi\" \/>\n<meta property=\"article:modified_time\" content=\"2022-04-11T11:01:06+00:00\" \/>\n<meta property=\"og:image\" content=\"https:\/\/www.myvize.com.tr\/ingiltere\/wp-content\/uploads\/2021\/09\/140.jpg\" \/>\n<meta name=\"twitter:card\" content=\"summary_large_image\" \/>\n<meta name=\"twitter:label1\" content=\"Tahmini okuma s\u00fcresi\" \/>\n\t<meta name=\"twitter:data1\" content=\"6 dakika\" \/>\n<script type=\"application\/ld+json\" class=\"yoast-schema-graph\">{\"@context\":\"https:\/\/schema.org\",\"@graph\":[{\"@type\":\"WebPage\",\"@id\":\"https:\/\/www.myvize.com.tr\/ingiltere\/calisma\/\",\"url\":\"https:\/\/www.myvize.com.tr\/ingiltere\/calisma\/\",\"name\":\"\u0130ngiltere \u00c7al\u0131\u015fma Vizesi - \u0130ngiltere Vize - MyVize\",\"isPartOf\":{\"@id\":\"https:\/\/www.myvize.com.tr\/ingiltere\/#website\"},\"primaryImageOfPage\":{\"@id\":\"https:\/\/www.myvize.com.tr\/ingiltere\/calisma\/#primaryimage\"},\"image\":{\"@id\":\"https:\/\/www.myvize.com.tr\/ingiltere\/calisma\/#primaryimage\"},\"thumbnailUrl\":\"https:\/\/www.myvize.com.tr\/ingiltere\/wp-content\/uploads\/2021\/09\/140.jpg\",\"datePublished\":\"2020-12-22T14:17:52+00:00\",\"dateModified\":\"2022-04-11T11:01:06+00:00\",\"description\":\"\u0130ngiltere \u00c7al\u0131\u015fma Vizesi Nas\u0131l Al\u0131n\u0131r? \u0130ngiltere \u00c7al\u0131\u015fma Vize Randevusu Nas\u0131l Al\u0131n\u0131r? \u0130ngiltere \u00c7al\u0131\u015fma Vize \u00dccreti Nedir?\",\"breadcrumb\":{\"@id\":\"https:\/\/www.myvize.com.tr\/ingiltere\/calisma\/#breadcrumb\"},\"inLanguage\":\"tr\",\"potentialAction\":[{\"@type\":\"ReadAction\",\"target\":[\"https:\/\/www.myvize.com.tr\/ingiltere\/calisma\/\"]}]},{\"@type\":\"ImageObject\",\"inLanguage\":\"tr\",\"@id\":\"https:\/\/www.myvize.com.tr\/ingiltere\/calisma\/#primaryimage\",\"url\":\"https:\/\/www.myvize.com.tr\/ingiltere\/wp-content\/uploads\/2021\/09\/140.jpg\",\"contentUrl\":\"https:\/\/www.myvize.com.tr\/ingiltere\/wp-content\/uploads\/2021\/09\/140.jpg\",\"width\":800,\"height\":500,\"caption\":\"\u0130ngiltere \u00c7al\u0131\u015fma\"},{\"@type\":\"BreadcrumbList\",\"@id\":\"https:\/\/www.myvize.com.tr\/ingiltere\/calisma\/#breadcrumb\",\"itemListElement\":[{\"@type\":\"ListItem\",\"position\":1,\"name\":\"Anasayfa\",\"item\":\"https:\/\/www.myvize.com.tr\/ingiltere\/\"},{\"@type\":\"ListItem\",\"position\":2,\"name\":\"\u00c7ALI\u015eMA\"}]},{\"@type\":\"WebSite\",\"@id\":\"https:\/\/www.myvize.com.tr\/ingiltere\/#website\",\"url\":\"https:\/\/www.myvize.com.tr\/ingiltere\/\",\"name\":\"\u0130ngiltere Vize Ba\u015fvuru &amp; \u0130ngiltere Vizesi\",\"description\":\"\",\"potentialAction\":[{\"@type\":\"SearchAction\",\"target\":{\"@type\":\"EntryPoint\",\"urlTemplate\":\"https:\/\/www.myvize.com.tr\/ingiltere\/?s={search_term_string}\"},\"query-input\":{\"@type\":\"PropertyValueSpecification\",\"valueRequired\":true,\"valueName\":\"search_term_string\"}}],\"inLanguage\":\"tr\"}]}<\/script>\n<!-- \/ Yoast SEO plugin. -->","yoast_head_json":{"title":"\u0130ngiltere \u00c7al\u0131\u015fma Vizesi - \u0130ngiltere Vize - MyVize","description":"\u0130ngiltere \u00c7al\u0131\u015fma Vizesi Nas\u0131l Al\u0131n\u0131r? \u0130ngiltere \u00c7al\u0131\u015fma Vize Randevusu Nas\u0131l Al\u0131n\u0131r? \u0130ngiltere \u00c7al\u0131\u015fma Vize \u00dccreti Nedir?","robots":{"index":"index","follow":"follow","max-snippet":"max-snippet:-1","max-image-preview":"max-image-preview:large","max-video-preview":"max-video-preview:-1"},"canonical":"https:\/\/www.myvize.com.tr\/ingiltere\/calisma\/","og_locale":"tr_TR","og_type":"article","og_title":"\u0130ngiltere \u00c7al\u0131\u015fma Vizesi - \u0130ngiltere Vize - MyVize","og_description":"\u0130ngiltere \u00c7al\u0131\u015fma Vizesi Nas\u0131l Al\u0131n\u0131r? \u0130ngiltere \u00c7al\u0131\u015fma Vize Randevusu Nas\u0131l Al\u0131n\u0131r? \u0130ngiltere \u00c7al\u0131\u015fma Vize \u00dccreti Nedir?","og_url":"https:\/\/www.myvize.com.tr\/ingiltere\/calisma\/","og_site_name":"\u0130ngiltere Vize Ba\u015fvuru &amp; \u0130ngiltere Vizesi","article_modified_time":"2022-04-11T11:01:06+00:00","og_image":[{"url":"https:\/\/www.myvize.com.tr\/ingiltere\/wp-content\/uploads\/2021\/09\/140.jpg","type":"","width":"","height":""}],"twitter_card":"summary_large_image","twitter_misc":{"Tahmini okuma s\u00fcresi":"6 dakika"},"schema":{"@context":"https:\/\/schema.org","@graph":[{"@type":"WebPage","@id":"https:\/\/www.myvize.com.tr\/ingiltere\/calisma\/","url":"https:\/\/www.myvize.com.tr\/ingiltere\/calisma\/","name":"\u0130ngiltere \u00c7al\u0131\u015fma Vizesi - \u0130ngiltere Vize - MyVize","isPartOf":{"@id":"https:\/\/www.myvize.com.tr\/ingiltere\/#website"},"primaryImageOfPage":{"@id":"https:\/\/www.myvize.com.tr\/ingiltere\/calisma\/#primaryimage"},"image":{"@id":"https:\/\/www.myvize.com.tr\/ingiltere\/calisma\/#primaryimage"},"thumbnailUrl":"https:\/\/www.myvize.com.tr\/ingiltere\/wp-content\/uploads\/2021\/09\/140.jpg","datePublished":"2020-12-22T14:17:52+00:00","dateModified":"2022-04-11T11:01:06+00:00","description":"\u0130ngiltere \u00c7al\u0131\u015fma Vizesi Nas\u0131l Al\u0131n\u0131r? \u0130ngiltere \u00c7al\u0131\u015fma Vize Randevusu Nas\u0131l Al\u0131n\u0131r? \u0130ngiltere \u00c7al\u0131\u015fma Vize \u00dccreti Nedir?","breadcrumb":{"@id":"https:\/\/www.myvize.com.tr\/ingiltere\/calisma\/#breadcrumb"},"inLanguage":"tr","potentialAction":[{"@type":"ReadAction","target":["https:\/\/www.myvize.com.tr\/ingiltere\/calisma\/"]}]},{"@type":"ImageObject","inLanguage":"tr","@id":"https:\/\/www.myvize.com.tr\/ingiltere\/calisma\/#primaryimage","url":"https:\/\/www.myvize.com.tr\/ingiltere\/wp-content\/uploads\/2021\/09\/140.jpg","contentUrl":"https:\/\/www.myvize.com.tr\/ingiltere\/wp-content\/uploads\/2021\/09\/140.jpg","width":800,"height":500,"caption":"\u0130ngiltere \u00c7al\u0131\u015fma"},{"@type":"BreadcrumbList","@id":"https:\/\/www.myvize.com.tr\/ingiltere\/calisma\/#breadcrumb","itemListElement":[{"@type":"ListItem","position":1,"name":"Anasayfa","item":"https:\/\/www.myvize.com.tr\/ingiltere\/"},{"@type":"ListItem","position":2,"name":"\u00c7ALI\u015eMA"}]},{"@type":"WebSite","@id":"https:\/\/www.myvize.com.tr\/ingiltere\/#website","url":"https:\/\/www.myvize.com.tr\/ingiltere\/","name":"\u0130ngiltere Vize Ba\u015fvuru &amp; \u0130ngiltere Vizesi","description":"","potentialAction":[{"@type":"SearchAction","target":{"@type":"EntryPoint","urlTemplate":"https:\/\/www.myvize.com.tr\/ingiltere\/?s={search_term_string}"},"query-input":{"@type":"PropertyValueSpecification","valueRequired":true,"valueName":"search_term_string"}}],"inLanguage":"tr"}]}},"_links":{"self":[{"href":"https:\/\/www.myvize.com.tr\/ingiltere\/wp-json\/wp\/v2\/pages\/157","targetHints":{"allow":["GET"]}}],"collection":[{"href":"https:\/\/www.myvize.com.tr\/ingiltere\/wp-json\/wp\/v2\/pages"}],"about":[{"href":"https:\/\/www.myvize.com.tr\/ingiltere\/wp-json\/wp\/v2\/types\/page"}],"author":[{"embeddable":true,"href":"https:\/\/www.myvize.com.tr\/ingiltere\/wp-json\/wp\/v2\/users\/1"}],"replies":[{"embeddable":true,"href":"https:\/\/www.myvize.com.tr\/ingiltere\/wp-json\/wp\/v2\/comments?post=157"}],"version-history":[{"count":5,"href":"https:\/\/www.myvize.com.tr\/ingiltere\/wp-json\/wp\/v2\/pages\/157\/revisions"}],"predecessor-version":[{"id":1550,"href":"https:\/\/www.myvize.com.tr\/ingiltere\/wp-json\/wp\/v2\/pages\/157\/revisions\/1550"}],"wp:attachment":[{"href":"https:\/\/www.myvize.com.tr\/ingiltere\/wp-json\/wp\/v2\/media?parent=157"}],"curies":[{"name":"wp","href":"https:\/\/api.w.org\/{rel}","templated":true}]}}