{"id":160,"date":"2020-12-22T17:18:13","date_gmt":"2020-12-22T14:18:13","guid":{"rendered":"https:\/\/www.myvize.com.tr\/ingiltere\/?page_id=160"},"modified":"2022-12-29T00:11:21","modified_gmt":"2022-12-28T21:11:21","slug":"ogrenci","status":"publish","type":"page","link":"https:\/\/www.myvize.com.tr\/ingiltere\/ogrenci\/","title":{"rendered":"\u00d6\u011eRENC\u0130 V\u0130ZES\u0130"},"content":{"rendered":"<h2><span style=\"font-size: 27px; font-family: Roboto;\"><b>\u0130ngiltere \u00d6\u011frenci Vizesi<\/b><\/span><\/h2>\n<p><span style=\"font-family: Roboto; font-size: 14px;\"><strong>\u0130ngiltere \u00f6\u011frenci vizesi<\/strong>\u00a0almak isteyen ki\u015filer mutlaka \u0130ngiltere Konsoloslu\u011fu\u2019nun zorunlu k\u0131ld\u0131\u011f\u0131 belgeleri haz\u0131rlamal\u0131lard\u0131r. \u00d6\u011frenci belgesi ve seyahat konusunda ki\u015finin masraflar\u0131n\u0131 kar\u015f\u0131layacak olan sponsorlar\u0131n, gelir evraklar\u0131n\u0131 haz\u0131rlanmas\u0131 zorunluluk bildirir.<strong> \u0130ngiltere Konsoloslu\u011fu<\/strong> ba\u015fvuru sahiplerine ba\u015fta 6 ayl\u0131k olmak \u00fczere 2 y\u0131ll\u0131k, 5 y\u0131ll\u0131k ve 10 y\u0131ll\u0131k vize ba\u015fvuru kategorileri sunmaktad\u0131r.<\/span><\/p>\n<p><span style=\"font-family: Roboto; font-size: 14px;\">T\u00fcrkiye&#8217;de\u00a0<strong>\u0130ngiltere \u00f6\u011frenci vizesi<\/strong>\u00a0almay\u0131 talep eden vatanda\u015flar<span style=\"color: #2acec2;\"><strong><a style=\"color: #2acec2;\" href=\"https:\/\/www.myvize.com.tr\/ingiltere\/subelerimiz\/istanbul\/\" target=\"_blank\" rel=\"noopener\"> \u0130stanbul<\/a><\/strong><\/span>, <span style=\"color: #2acec2;\"><strong><a style=\"color: #2acec2;\" href=\"https:\/\/www.myvize.com.tr\/ingiltere\/subelerimiz\/ankara\/\" target=\"_blank\" rel=\"noopener\">Ankara<\/a><\/strong><\/span>, \u0130zmir ve Antalya, Bodrum, Gaziantep\u2019te m\u00fcracaat edebilmektedir. \u0130llerde bulunan \u0130ngiltere konsolosluklar\u0131 hafta i\u00e7i her g\u00fcn (resmi tatiller hari\u00e7) 09:00 &#8211; 16:00 saatleri aras\u0131nda hizmet vermektedir. Ki\u015finin pasaport sonucunun \u00e7\u0131kt\u0131\u011f\u0131ndan emin olarak ba\u015fvuru merkezine gitmesi gerekmektedir. Pasaportta mutlaka 2 adet bo\u015f sayfa olmas\u0131 gerekir. \u0130ngiltere Konsoloslu\u011fu\u2019na veya b\u00fcy\u00fckel\u00e7ili\u011fine ba\u015fvuruda bulunarak, parmak izleri al\u0131n\u0131r. Parmak izi ald\u0131ktan sonra<strong> \u0130ngiltere \u00f6\u011frenci vizesi<\/strong> almak isteyenlerin;<\/span><\/p>\n<ul>\n<li><span style=\"font-family: Roboto; font-size: 14px;\">\u00d6\u011frenci belgesi<\/span><\/li>\n<li><span style=\"font-family: Roboto; font-size: 14px;\">3 adet foto\u011fraf<\/span><\/li>\n<li><span style=\"font-family: Roboto; font-size: 14px;\">N\u00fcfus c\u00fczdan\u0131n\u0131n asl\u0131 ve renkli fotokopisi<\/span><\/li>\n<li><strong><span style=\"color: #2acec2;\"><a style=\"color: #2acec2;\" href=\"https:\/\/www.myvize.com.tr\/ingiltere\/form-ve-dilekce\/ingiltere-vize-basvuru-formu\/\" target=\"_blank\" rel=\"noopener\"><span style=\"font-family: Roboto; font-size: 14px;\">\u0130ngiltere Vize ba\u015fvuru formu<\/span><\/a><\/span><\/strong><\/li>\n<\/ul>\n<p><span style=\"font-family: Roboto; font-size: 14px;\">ki\u015finin mutlaka yan\u0131nda olmas\u0131 gereken evraklard\u0131r. Bunun d\u0131\u015f\u0131nda ki\u015finin bankas\u0131nda son 3 ay\u0131n hesap d\u00f6k\u00fcmleri, konaklanacak yerin adresi ve ileti\u015fim bilgileri \u0130ngiltere\u2019ye gidi\u015f ve \u0130ngiltere\u2019den d\u00f6n\u00fc\u015f u\u00e7ak biletlerinin fotokopisi, noter huzurunda muvafakat name belgesi olmak zorundad\u0131r.<\/span><\/p>\n<p><span style=\"font-family: Roboto; font-size: 14px;\">T\u00fcm evraklar eksiksiz bir \u015fekilde teslim edilirse, vize sonucu 15 g\u00fcn i\u00e7erisinde onaylan\u0131r. Fakat teslim edilen evraklardan herhangi bir eksiklik s\u00f6z konusu olursa, <strong>\u0130ngiltere Konsoloslu\u011fu<\/strong> ek evrak talebinde bulunur. Tekrar en ba\u015ftan i\u015flemler ba\u015flat\u0131l\u0131r. Bu durumda har\u00e7 paralar\u0131 tekrar iade edilmez.<\/span><\/p>\n<p><img decoding=\"async\" src=\"https:\/\/www.myvize.com.tr\/ingiltere\/wp-content\/uploads\/2021\/09\/31.jpg\" \/><\/p>\n","protected":false},"excerpt":{"rendered":"<p>\u0130ngiltere \u00d6\u011frenci Vizesi \u0130ngiltere \u00f6\u011frenci vizesi\u00a0almak isteyen ki\u015filer mutlaka \u0130ngiltere Konsoloslu\u011fu\u2019nun zorunlu k\u0131ld\u0131\u011f\u0131 belgeleri haz\u0131rlamal\u0131lard\u0131r. \u00d6\u011frenci belgesi ve seyahat konusunda ki\u015finin masraflar\u0131n\u0131 kar\u015f\u0131layacak olan sponsorlar\u0131n, gelir evraklar\u0131n\u0131 haz\u0131rlanmas\u0131 zorunluluk bildirir. \u0130ngiltere Konsoloslu\u011fu ba\u015fvuru sahiplerine ba\u015fta 6 ayl\u0131k olmak \u00fczere 2 y\u0131ll\u0131k, 5 y\u0131ll\u0131k ve 10 y\u0131ll\u0131k vize ba\u015fvuru kategorileri sunmaktad\u0131r. T\u00fcrkiye&#8217;de\u00a0\u0130ngiltere \u00f6\u011frenci vizesi\u00a0almay\u0131 talep eden<\/p>\n","protected":false},"author":1,"featured_media":0,"parent":0,"menu_order":0,"comment_status":"open","ping_status":"closed","template":"","meta":{"footnotes":""},"class_list":["post-160","page","type-page","status-publish","hentry"],"yoast_head":"<!-- This site is optimized with the Yoast SEO plugin v24.0 - https:\/\/yoast.com\/wordpress\/plugins\/seo\/ -->\n<title>\u0130ngiltere \u00d6\u011frenci Vizesi - \u0130ngiltere Vizesi - MyVize<\/title>\n<meta name=\"description\" content=\"\u0130ngiltere \u00d6\u011frenci Vizesi Nas\u0131l Al\u0131n\u0131r? \u0130ngiltere \u00d6\u011frenci Vizesi \u0130\u00e7in Gerekli Evraklar Neler? \u0130ngiltere \u00d6\u011frenci Vize Randevusu Nas\u0131l Al\u0131n\u0131r?\" \/>\n<meta name=\"robots\" content=\"index, follow, max-snippet:-1, max-image-preview:large, max-video-preview:-1\" \/>\n<link rel=\"canonical\" href=\"https:\/\/www.myvize.com.tr\/ingiltere\/ogrenci\/\" \/>\n<meta property=\"og:locale\" content=\"tr_TR\" \/>\n<meta property=\"og:type\" content=\"article\" \/>\n<meta property=\"og:title\" content=\"\u0130ngiltere \u00d6\u011frenci Vizesi - \u0130ngiltere Vizesi - MyVize\" \/>\n<meta property=\"og:description\" content=\"\u0130ngiltere \u00d6\u011frenci Vizesi Nas\u0131l Al\u0131n\u0131r? \u0130ngiltere \u00d6\u011frenci Vizesi \u0130\u00e7in Gerekli Evraklar Neler? \u0130ngiltere \u00d6\u011frenci Vize Randevusu Nas\u0131l Al\u0131n\u0131r?\" \/>\n<meta property=\"og:url\" content=\"https:\/\/www.myvize.com.tr\/ingiltere\/ogrenci\/\" \/>\n<meta property=\"og:site_name\" content=\"\u0130ngiltere Vize Ba\u015fvuru &amp; \u0130ngiltere Vizesi\" \/>\n<meta property=\"article:modified_time\" content=\"2022-12-28T21:11:21+00:00\" \/>\n<meta property=\"og:image\" content=\"https:\/\/www.myvize.com.tr\/ingiltere\/wp-content\/uploads\/2021\/09\/31.jpg\" \/>\n<meta name=\"twitter:card\" content=\"summary_large_image\" \/>\n<meta name=\"twitter:label1\" content=\"Tahmini okuma s\u00fcresi\" \/>\n\t<meta name=\"twitter:data1\" content=\"1 dakika\" \/>\n<script type=\"application\/ld+json\" class=\"yoast-schema-graph\">{\"@context\":\"https:\/\/schema.org\",\"@graph\":[{\"@type\":\"WebPage\",\"@id\":\"https:\/\/www.myvize.com.tr\/ingiltere\/ogrenci\/\",\"url\":\"https:\/\/www.myvize.com.tr\/ingiltere\/ogrenci\/\",\"name\":\"\u0130ngiltere \u00d6\u011frenci Vizesi - \u0130ngiltere Vizesi - MyVize\",\"isPartOf\":{\"@id\":\"https:\/\/www.myvize.com.tr\/ingiltere\/#website\"},\"primaryImageOfPage\":{\"@id\":\"https:\/\/www.myvize.com.tr\/ingiltere\/ogrenci\/#primaryimage\"},\"image\":{\"@id\":\"https:\/\/www.myvize.com.tr\/ingiltere\/ogrenci\/#primaryimage\"},\"thumbnailUrl\":\"https:\/\/www.myvize.com.tr\/ingiltere\/wp-content\/uploads\/2021\/09\/31.jpg\",\"datePublished\":\"2020-12-22T14:18:13+00:00\",\"dateModified\":\"2022-12-28T21:11:21+00:00\",\"description\":\"\u0130ngiltere \u00d6\u011frenci Vizesi Nas\u0131l Al\u0131n\u0131r? \u0130ngiltere \u00d6\u011frenci Vizesi \u0130\u00e7in Gerekli Evraklar Neler? \u0130ngiltere \u00d6\u011frenci Vize Randevusu Nas\u0131l Al\u0131n\u0131r?\",\"breadcrumb\":{\"@id\":\"https:\/\/www.myvize.com.tr\/ingiltere\/ogrenci\/#breadcrumb\"},\"inLanguage\":\"tr\",\"potentialAction\":[{\"@type\":\"ReadAction\",\"target\":[\"https:\/\/www.myvize.com.tr\/ingiltere\/ogrenci\/\"]}]},{\"@type\":\"ImageObject\",\"inLanguage\":\"tr\",\"@id\":\"https:\/\/www.myvize.com.tr\/ingiltere\/ogrenci\/#primaryimage\",\"url\":\"https:\/\/www.myvize.com.tr\/ingiltere\/wp-content\/uploads\/2021\/09\/31.jpg\",\"contentUrl\":\"https:\/\/www.myvize.com.tr\/ingiltere\/wp-content\/uploads\/2021\/09\/31.jpg\",\"width\":800,\"height\":500,\"caption\":\"\u0130ngiltere \u00d6\u011frenci Vizesi\"},{\"@type\":\"BreadcrumbList\",\"@id\":\"https:\/\/www.myvize.com.tr\/ingiltere\/ogrenci\/#breadcrumb\",\"itemListElement\":[{\"@type\":\"ListItem\",\"position\":1,\"name\":\"Anasayfa\",\"item\":\"https:\/\/www.myvize.com.tr\/ingiltere\/\"},{\"@type\":\"ListItem\",\"position\":2,\"name\":\"\u00d6\u011eRENC\u0130 V\u0130ZES\u0130\"}]},{\"@type\":\"WebSite\",\"@id\":\"https:\/\/www.myvize.com.tr\/ingiltere\/#website\",\"url\":\"https:\/\/www.myvize.com.tr\/ingiltere\/\",\"name\":\"\u0130ngiltere Vize Ba\u015fvuru &amp; \u0130ngiltere Vizesi\",\"description\":\"\",\"potentialAction\":[{\"@type\":\"SearchAction\",\"target\":{\"@type\":\"EntryPoint\",\"urlTemplate\":\"https:\/\/www.myvize.com.tr\/ingiltere\/?s={search_term_string}\"},\"query-input\":{\"@type\":\"PropertyValueSpecification\",\"valueRequired\":true,\"valueName\":\"search_term_string\"}}],\"inLanguage\":\"tr\"}]}<\/script>\n<!-- \/ Yoast SEO plugin. -->","yoast_head_json":{"title":"\u0130ngiltere \u00d6\u011frenci Vizesi - \u0130ngiltere Vizesi - MyVize","description":"\u0130ngiltere \u00d6\u011frenci Vizesi Nas\u0131l Al\u0131n\u0131r? \u0130ngiltere \u00d6\u011frenci Vizesi \u0130\u00e7in Gerekli Evraklar Neler? \u0130ngiltere \u00d6\u011frenci Vize Randevusu Nas\u0131l Al\u0131n\u0131r?","robots":{"index":"index","follow":"follow","max-snippet":"max-snippet:-1","max-image-preview":"max-image-preview:large","max-video-preview":"max-video-preview:-1"},"canonical":"https:\/\/www.myvize.com.tr\/ingiltere\/ogrenci\/","og_locale":"tr_TR","og_type":"article","og_title":"\u0130ngiltere \u00d6\u011frenci Vizesi - \u0130ngiltere Vizesi - MyVize","og_description":"\u0130ngiltere \u00d6\u011frenci Vizesi Nas\u0131l Al\u0131n\u0131r? \u0130ngiltere \u00d6\u011frenci Vizesi \u0130\u00e7in Gerekli Evraklar Neler? \u0130ngiltere \u00d6\u011frenci Vize Randevusu Nas\u0131l Al\u0131n\u0131r?","og_url":"https:\/\/www.myvize.com.tr\/ingiltere\/ogrenci\/","og_site_name":"\u0130ngiltere Vize Ba\u015fvuru &amp; \u0130ngiltere Vizesi","article_modified_time":"2022-12-28T21:11:21+00:00","og_image":[{"url":"https:\/\/www.myvize.com.tr\/ingiltere\/wp-content\/uploads\/2021\/09\/31.jpg","type":"","width":"","height":""}],"twitter_card":"summary_large_image","twitter_misc":{"Tahmini okuma s\u00fcresi":"1 dakika"},"schema":{"@context":"https:\/\/schema.org","@graph":[{"@type":"WebPage","@id":"https:\/\/www.myvize.com.tr\/ingiltere\/ogrenci\/","url":"https:\/\/www.myvize.com.tr\/ingiltere\/ogrenci\/","name":"\u0130ngiltere \u00d6\u011frenci Vizesi - \u0130ngiltere Vizesi - MyVize","isPartOf":{"@id":"https:\/\/www.myvize.com.tr\/ingiltere\/#website"},"primaryImageOfPage":{"@id":"https:\/\/www.myvize.com.tr\/ingiltere\/ogrenci\/#primaryimage"},"image":{"@id":"https:\/\/www.myvize.com.tr\/ingiltere\/ogrenci\/#primaryimage"},"thumbnailUrl":"https:\/\/www.myvize.com.tr\/ingiltere\/wp-content\/uploads\/2021\/09\/31.jpg","datePublished":"2020-12-22T14:18:13+00:00","dateModified":"2022-12-28T21:11:21+00:00","description":"\u0130ngiltere \u00d6\u011frenci Vizesi Nas\u0131l Al\u0131n\u0131r? \u0130ngiltere \u00d6\u011frenci Vizesi \u0130\u00e7in Gerekli Evraklar Neler? \u0130ngiltere \u00d6\u011frenci Vize Randevusu Nas\u0131l Al\u0131n\u0131r?","breadcrumb":{"@id":"https:\/\/www.myvize.com.tr\/ingiltere\/ogrenci\/#breadcrumb"},"inLanguage":"tr","potentialAction":[{"@type":"ReadAction","target":["https:\/\/www.myvize.com.tr\/ingiltere\/ogrenci\/"]}]},{"@type":"ImageObject","inLanguage":"tr","@id":"https:\/\/www.myvize.com.tr\/ingiltere\/ogrenci\/#primaryimage","url":"https:\/\/www.myvize.com.tr\/ingiltere\/wp-content\/uploads\/2021\/09\/31.jpg","contentUrl":"https:\/\/www.myvize.com.tr\/ingiltere\/wp-content\/uploads\/2021\/09\/31.jpg","width":800,"height":500,"caption":"\u0130ngiltere \u00d6\u011frenci Vizesi"},{"@type":"BreadcrumbList","@id":"https:\/\/www.myvize.com.tr\/ingiltere\/ogrenci\/#breadcrumb","itemListElement":[{"@type":"ListItem","position":1,"name":"Anasayfa","item":"https:\/\/www.myvize.com.tr\/ingiltere\/"},{"@type":"ListItem","position":2,"name":"\u00d6\u011eRENC\u0130 V\u0130ZES\u0130"}]},{"@type":"WebSite","@id":"https:\/\/www.myvize.com.tr\/ingiltere\/#website","url":"https:\/\/www.myvize.com.tr\/ingiltere\/","name":"\u0130ngiltere Vize Ba\u015fvuru &amp; \u0130ngiltere Vizesi","description":"","potentialAction":[{"@type":"SearchAction","target":{"@type":"EntryPoint","urlTemplate":"https:\/\/www.myvize.com.tr\/ingiltere\/?s={search_term_string}"},"query-input":{"@type":"PropertyValueSpecification","valueRequired":true,"valueName":"search_term_string"}}],"inLanguage":"tr"}]}},"_links":{"self":[{"href":"https:\/\/www.myvize.com.tr\/ingiltere\/wp-json\/wp\/v2\/pages\/160","targetHints":{"allow":["GET"]}}],"collection":[{"href":"https:\/\/www.myvize.com.tr\/ingiltere\/wp-json\/wp\/v2\/pages"}],"about":[{"href":"https:\/\/www.myvize.com.tr\/ingiltere\/wp-json\/wp\/v2\/types\/page"}],"author":[{"embeddable":true,"href":"https:\/\/www.myvize.com.tr\/ingiltere\/wp-json\/wp\/v2\/users\/1"}],"replies":[{"embeddable":true,"href":"https:\/\/www.myvize.com.tr\/ingiltere\/wp-json\/wp\/v2\/comments?post=160"}],"version-history":[{"count":5,"href":"https:\/\/www.myvize.com.tr\/ingiltere\/wp-json\/wp\/v2\/pages\/160\/revisions"}],"predecessor-version":[{"id":1662,"href":"https:\/\/www.myvize.com.tr\/ingiltere\/wp-json\/wp\/v2\/pages\/160\/revisions\/1662"}],"wp:attachment":[{"href":"https:\/\/www.myvize.com.tr\/ingiltere\/wp-json\/wp\/v2\/media?parent=160"}],"curies":[{"name":"wp","href":"https:\/\/api.w.org\/{rel}","templated":true}]}}