{"id":163,"date":"2020-12-22T17:18:30","date_gmt":"2020-12-22T14:18:30","guid":{"rendered":"https:\/\/www.myvize.com.tr\/ingiltere\/?page_id=163"},"modified":"2022-04-11T14:19:09","modified_gmt":"2022-04-11T11:19:09","slug":"oturum-2","status":"publish","type":"page","link":"https:\/\/www.myvize.com.tr\/ingiltere\/oturum-2\/","title":{"rendered":"\u0130NG\u0130LTERE OTURUM KARTI"},"content":{"rendered":"<p><span style=\"font-family: Roboto;\"><\/span><\/p>\r\n<h2><span style=\"font-family: Roboto; font-size: 27px;\"><strong>\u0130ngiltere Vatanda\u015fl\u0131\u011f\u0131 Nas\u0131l Al\u0131n\u0131r?<\/strong><\/span><\/h2>\r\n<p><span style=\"font-family: Roboto; font-size: 14px;\">\r\n\r\n<\/span><\/p>\r\n<p><span style=\"font-family: Roboto; font-size: 14px;\"><strong>\u0130ngiltere vatanda\u015f\u0131<\/strong> olmak i\u00e7in baz\u0131 evraklar\u0131 tamamlamak ve baz\u0131 \u015fartlar\u0131 yerine getirmek gerekiyor. E\u011fer bu \u015fartlar\u0131 ta\u015f\u0131m\u0131yorsan\u0131z vatanda\u015f olmak imk\u00e2ns\u0131z olabilir. G\u00fcn\u00fcm\u00fczde bir\u00e7ok insan farkl\u0131 \u00fclkelerin vatanda\u015f\u0131 olmak i\u00e7in ba\u015fvurular yap\u0131yor. En s\u0131k ba\u015fvuru yap\u0131lan \u00fclkelerden birisi ise \u0130ngiltere. \u0130ngiliz vatanda\u015f\u0131 olmak baz\u0131 durumlarda \u015farts\u0131z olarak ger\u00e7ekle\u015febiliyor. Bunlar genel olarak kan ba\u011f\u0131 ile alakal\u0131 durumlar olarak kar\u015f\u0131m\u0131za \u00e7\u0131kmaktad\u0131r. Yakla\u015f\u0131k olarak 40 y\u0131l \u00f6nce \u0130ngiliz vatanda\u015f\u0131 olmak i\u00e7in \u00fclke s\u0131n\u0131rlar\u0131 i\u00e7inde do\u011fmak yeterliydi. Bu ise bir\u00e7ok anne aday\u0131n\u0131n do\u011fum i\u00e7in \u0130ngiltere\u2019yi tercih etmesine ve do\u011fum i\u00e7in g\u00f6\u00e7lerin, ziyaretlerin artmas\u0131na neden oldu. Bu duruma kar\u015f\u0131 \u00f6nlem almak isteyen \u0130ngiltere do\u011fum ile verilen vatanda\u015fl\u0131\u011fa k\u0131s\u0131tlama getirmi\u015ftir. E\u011fer do\u011fum yeriniz \u0130ngiltere ise anne veya baban\u0131zdan en az birisinin \u0130ngiltere vatanda\u015f\u0131 olma \u015fart\u0131 aran\u0131yor. Bu durum <strong>do\u011fu\u015ftan kazan\u0131lan \u0130ngiliz vatanda\u015fl\u0131\u011f\u0131 <\/strong>i\u00e7in ge\u00e7erlidir. E\u011fer bu \u015fart sa\u011flanm\u0131yorsa sonradan kazan\u0131lan vatanda\u015fl\u0131k i\u00e7in ba\u015fvuru yap\u0131labilir.<\/span><\/p>\r\n<p><span style=\"font-family: Roboto; font-size: 14px;\"> <img decoding=\"async\" src=\"https:\/\/www.myvize.com.tr\/ingiltere\/wp-content\/uploads\/2021\/09\/37.jpg\" \/> <\/span><\/p>\r\n<h2><span style=\"font-family: Roboto; font-size: 27px;\"><strong>Vatanda\u015fl\u0131k Almak \u0130\u00e7in Gerekli Belgeler ve \u015eartlar<\/strong><\/span><\/h2>\r\n<p><span style=\"font-family: Roboto; font-size: 14px;\">\r\n\r\n<\/span><\/p>\r\n<p><span style=\"font-family: Roboto; font-size: 14px;\">E\u011fer <strong>\u0130ngiliz vatanda\u015f\u0131 olmak <\/strong>istiyorsan\u0131z \u00f6ncelikle baz\u0131 \u015fartlar\u0131 sa\u011flaman\u0131z gerekiyor. Bu \u015fartlardan ilki \u00fclke s\u0131n\u0131rlar\u0131 i\u00e7inde bulunma ve ya\u015fama \u015fart\u0131d\u0131r. 5 sene boyunca \u0130ngiltere s\u0131n\u0131rlar\u0131 i\u00e7erisinde ya\u015fad\u0131\u011f\u0131n\u0131z taktirde ba\u015fvuru yapman\u0131za imk\u00e2n tan\u0131nmaktad\u0131r. 450 g\u00fcn boyunca \u00fclke s\u0131n\u0131rlar\u0131n\u0131 terk etmemek de \u015fartlardan birisidir. Di\u011fer bir \u015fart ise 18 ya\u015f\u0131n\u0131 tamamlam\u0131\u015f olmak. 18 ya\u015f\u0131ndan b\u00fcy\u00fck olan herkes ba\u015fvuru yapabilmektedir. Ba\u015fvurunun bizzat konsoloslu\u011fa yap\u0131lmas\u0131 \u00f6nem ta\u015f\u0131yor. Bir di\u011fer konu ise adli sicil kayd\u0131. Sab\u0131ka kayd\u0131 olmamas\u0131 ba\u015fvuru yaparken en \u00e7ok dikkat edilen noktalardan birisidir. Sab\u0131ka kayd\u0131n\u0131z\u0131n olmad\u0131\u011f\u0131na dair belgeyi, evrak dosyan\u0131za dahil etmeniz vatanda\u015fl\u0131\u011f\u0131n kabul\u00fc i\u00e7in \u00f6nemli bir hamle olacakt\u0131r. Bir di\u011fer \u015fart ise dil bilgisidir. Ba\u015fvuru yapt\u0131\u011f\u0131n\u0131z esnada \u0130ngilizce, \u0130sko\u00e7\u2019\u00e7a veya Galler\u2019ce dillerinden en az birisini \u00e7ok iyi derecede bildi\u011finizi ispat etmeniz gerekiyor. Bunun i\u00e7in gerekli dil belgelerinin konsoloslu\u011fa sunulmas\u0131 \u00f6nem ta\u015f\u0131yor. Ayr\u0131ca \u00f6mr\u00fcn\u00fcz\u00fcn geri kalan\u0131n\u0131 \u0130ngiltere\u2019de ge\u00e7irmenizi de planlaman\u0131z istenmektedir. <strong>\u0130ngiltere vatanda\u015fl\u0131\u011f\u0131na<\/strong> ge\u00e7tikten sonra ba\u015fka Avrupa \u00fclkelerine g\u00f6\u00e7 etmeniz ba\u015flang\u0131\u00e7 i\u00e7in k\u0131s\u0131tlanabilmektedir. Bunlara ek olarak belirli bir ba\u015fvuru \u00fccreti de bulunuyor. Ba\u015fvuru \u00fccreti \u00f6denip gerekli evraklar tamamland\u0131\u011f\u0131nda k\u0131sa s\u00fcre i\u00e7inde vatanda\u015fl\u0131k ba\u015fvurusu sonu\u00e7lan\u0131yor.<\/span><\/p>\r\n<p><img decoding=\"async\" src=\"https:\/\/www.myvize.com.tr\/ingiltere\/wp-content\/uploads\/2021\/09\/38.jpg\" \/><\/p>\r\n<h2><span style=\"font-family: Roboto; font-size: 27px;\"><b>\u0130ngiltere Oturum Kart\u0131<\/b><\/span><\/h2>\r\n<p><span style=\"font-family: Roboto; font-size: 14px;\"><strong>\u0130ngiltere oturum kart\u0131,<\/strong> <span style=\"color: #2acec2;\"><a style=\"color: #2acec2;\" href=\"https:\/\/www.myvize.com.tr\/ingiltere\/vize-islemleri\/ingiltere-vize-basvurusu\/\" target=\"_blank\" rel=\"noopener\"><strong>\u0130ngiltere vize ba\u015fvurusu<\/strong><\/a><\/span> yapan ki\u015finin, ki\u015fisel bilgilerinin ve vize bilgilerinin yer ald\u0131\u011f\u0131 olduk\u00e7a \u00f6nemli bir kartt\u0131r. \u00d6zellikle \u0130ngiltere&#8217;ye yolculuk yapmak isteyen ki\u015filere verilecek olan biyometrik ikamet izni olarak da adland\u0131r\u0131lan bu kart, \u0130ngiltere&#8217;ye giri\u015f yap\u0131lacak g\u00fcn de dahil olmak \u00fczere 10 g\u00fcn i\u00e7erisinde mutlaka al\u0131nmal\u0131d\u0131r. \u0130ngiltere d\u0131\u015f\u0131ndan ba\u015fvuru yapacak olan ki\u015filer ise \u0130ngiltere&#8217;ye giri\u015f yapt\u0131ktan sonra en yak\u0131n postaneye ba\u015fvurarak talepte bulunabilmektedirler.<\/span><\/p>\r\n<p><span style=\"font-family: Roboto; font-size: 14px;\"><strong>\u0130ngiltere oturum kart\u0131<\/strong>\u00a0adeta kimlik de\u011feri ta\u015f\u0131maktad\u0131r. Oturum kart\u0131 alabilmek i\u00e7in ki\u015filerden \u0130ngiltere konsoloslu\u011fu parmak izi ve biyometrik foto\u011fraf talep etmektedir. Oturum kart\u0131nda ayr\u0131ca g\u00f6\u00e7menlik ve konaklama durumu bilgileri yer al\u0131r. \u0130ngiltere vizesi ba\u015fvurusunda bulunan ki\u015filere, ba\u015fvurunun olumlu sonu\u00e7lanmas\u0131 durumunda\u00a0<strong>\u0130ngiltere oturum kart\u0131\u00a0<\/strong>posta yoluyla g\u00f6nderilmektedir. Yani ba\u015fvuru yapan ki\u015filerin postaneye gitmesi gibi bir zorunluluk bulunmamaktad\u0131r. Bunun d\u0131\u015f\u0131nda ki\u015finin <strong><span style=\"color: #2acec2;\"><a style=\"color: #2acec2;\" href=\"https:\/\/www.myvize.com.tr\/ingiltere\/vize-islemleri\/ingiltere-oturum-izni\/\" target=\"_blank\" rel=\"noopener\">\u0130ngiltere oturum izni<\/a><\/span> kart\u0131<\/strong>\u00a0kaybolmu\u015f veya \u00e7al\u0131nm\u0131\u015f ise bu durumda 1 y\u0131ll\u0131\u011f\u0131na vizeden muaf tutularak UK d\u0131\u015f\u0131na \u00e7\u0131kabilme hakk\u0131na sahiptir. \u0130lk giri\u015ften hemen sonra bu kart\u0131 g\u00f6stermek mecburi olarak say\u0131lacakt\u0131r. E\u011fer ki\u015fi 10 g\u00fcn i\u00e7erisinde kart teslim almazsa, zaman\u0131nda \u0130ngiltere oturum kart\u0131 al\u0131nmad\u0131\u011f\u0131ndan dolay\u0131 ki\u015fiye 1,000 Pound para cezas\u0131 uygulan\u0131lmaktad\u0131r. Ki\u015fi m\u00fcmk\u00fcn oldu\u011fu kadar \u0130ngiltere oturum kart\u0131n\u0131 kaybetmemeye \u00f6zen g\u00f6stermeli ve dikkat etmelidir. Aksi taktirde \u0130ngiltere oturum kart\u0131nda bulunan ki\u015fisel kimlik bilgileri ba\u015fka \u015fah\u0131slar taraf\u0131ndan \u00e7al\u0131nabilmektedir. Hem teslim al\u0131nmamas\u0131ndan dolay\u0131 ceza \u00f6dememek ad\u0131na hem de ki\u015fisel bilgilerin \u00e7al\u0131nmamas\u0131 i\u00e7in dikkatli olunmal\u0131d\u0131r.<\/span><\/p>\r\n<p><span style=\"font-family: Roboto;\"><\/span><\/p>","protected":false},"excerpt":{"rendered":"<p>\u0130ngiltere Vatanda\u015fl\u0131\u011f\u0131 Nas\u0131l Al\u0131n\u0131r? \u0130ngiltere vatanda\u015f\u0131 olmak i\u00e7in baz\u0131 evraklar\u0131 tamamlamak ve baz\u0131 \u015fartlar\u0131 yerine getirmek gerekiyor. E\u011fer bu \u015fartlar\u0131 ta\u015f\u0131m\u0131yorsan\u0131z vatanda\u015f olmak imk\u00e2ns\u0131z olabilir. G\u00fcn\u00fcm\u00fczde bir\u00e7ok insan farkl\u0131 \u00fclkelerin vatanda\u015f\u0131 olmak i\u00e7in ba\u015fvurular yap\u0131yor. En s\u0131k ba\u015fvuru yap\u0131lan \u00fclkelerden birisi ise \u0130ngiltere. \u0130ngiliz vatanda\u015f\u0131 olmak baz\u0131 durumlarda \u015farts\u0131z olarak ger\u00e7ekle\u015febiliyor. Bunlar genel olarak kan<\/p>\n","protected":false},"author":1,"featured_media":0,"parent":0,"menu_order":0,"comment_status":"open","ping_status":"closed","template":"","meta":{"footnotes":""},"class_list":["post-163","page","type-page","status-publish","hentry"],"yoast_head":"<!-- This site is optimized with the Yoast SEO plugin v24.0 - https:\/\/yoast.com\/wordpress\/plugins\/seo\/ -->\n<title>\u0130ngiltere Oturum Kart\u0131 - \u0130ngiltere Vizesi - MyVize<\/title>\n<meta name=\"description\" content=\"\u0130ngiltere Oturum Kart\u0131 Nas\u0131l Al\u0131n\u0131r? \u0130ngiltere Oturum Kart\u0131 \u0130le \u0130lgili Bilgi Almak \u0130\u00e7in Hemen Bizi Aray\u0131n.\" \/>\n<meta name=\"robots\" content=\"index, follow, max-snippet:-1, max-image-preview:large, max-video-preview:-1\" \/>\n<link rel=\"canonical\" href=\"https:\/\/www.myvize.com.tr\/ingiltere\/oturum-2\/\" \/>\n<meta property=\"og:locale\" content=\"tr_TR\" \/>\n<meta property=\"og:type\" content=\"article\" \/>\n<meta property=\"og:title\" content=\"\u0130ngiltere Oturum Kart\u0131 - \u0130ngiltere Vizesi - MyVize\" \/>\n<meta property=\"og:description\" content=\"\u0130ngiltere Oturum Kart\u0131 Nas\u0131l Al\u0131n\u0131r? \u0130ngiltere Oturum Kart\u0131 \u0130le \u0130lgili Bilgi Almak \u0130\u00e7in Hemen Bizi Aray\u0131n.\" \/>\n<meta property=\"og:url\" content=\"https:\/\/www.myvize.com.tr\/ingiltere\/oturum-2\/\" \/>\n<meta property=\"og:site_name\" content=\"\u0130ngiltere Vize Ba\u015fvuru &amp; \u0130ngiltere Vizesi\" \/>\n<meta property=\"article:modified_time\" content=\"2022-04-11T11:19:09+00:00\" \/>\n<meta property=\"og:image\" content=\"https:\/\/www.myvize.com.tr\/ingiltere\/wp-content\/uploads\/2021\/09\/37.jpg\" \/>\n<meta name=\"twitter:card\" content=\"summary_large_image\" \/>\n<meta name=\"twitter:label1\" content=\"Tahmini okuma s\u00fcresi\" \/>\n\t<meta name=\"twitter:data1\" content=\"3 dakika\" \/>\n<script type=\"application\/ld+json\" class=\"yoast-schema-graph\">{\"@context\":\"https:\/\/schema.org\",\"@graph\":[{\"@type\":\"WebPage\",\"@id\":\"https:\/\/www.myvize.com.tr\/ingiltere\/oturum-2\/\",\"url\":\"https:\/\/www.myvize.com.tr\/ingiltere\/oturum-2\/\",\"name\":\"\u0130ngiltere Oturum Kart\u0131 - \u0130ngiltere Vizesi - MyVize\",\"isPartOf\":{\"@id\":\"https:\/\/www.myvize.com.tr\/ingiltere\/#website\"},\"primaryImageOfPage\":{\"@id\":\"https:\/\/www.myvize.com.tr\/ingiltere\/oturum-2\/#primaryimage\"},\"image\":{\"@id\":\"https:\/\/www.myvize.com.tr\/ingiltere\/oturum-2\/#primaryimage\"},\"thumbnailUrl\":\"https:\/\/www.myvize.com.tr\/ingiltere\/wp-content\/uploads\/2021\/09\/37.jpg\",\"datePublished\":\"2020-12-22T14:18:30+00:00\",\"dateModified\":\"2022-04-11T11:19:09+00:00\",\"description\":\"\u0130ngiltere Oturum Kart\u0131 Nas\u0131l Al\u0131n\u0131r? \u0130ngiltere Oturum Kart\u0131 \u0130le \u0130lgili Bilgi Almak \u0130\u00e7in Hemen Bizi Aray\u0131n.\",\"breadcrumb\":{\"@id\":\"https:\/\/www.myvize.com.tr\/ingiltere\/oturum-2\/#breadcrumb\"},\"inLanguage\":\"tr\",\"potentialAction\":[{\"@type\":\"ReadAction\",\"target\":[\"https:\/\/www.myvize.com.tr\/ingiltere\/oturum-2\/\"]}]},{\"@type\":\"ImageObject\",\"inLanguage\":\"tr\",\"@id\":\"https:\/\/www.myvize.com.tr\/ingiltere\/oturum-2\/#primaryimage\",\"url\":\"https:\/\/www.myvize.com.tr\/ingiltere\/wp-content\/uploads\/2021\/09\/37.jpg\",\"contentUrl\":\"https:\/\/www.myvize.com.tr\/ingiltere\/wp-content\/uploads\/2021\/09\/37.jpg\",\"width\":800,\"height\":500,\"caption\":\"\u0130ngiltere Oturum Kart\u0131\"},{\"@type\":\"BreadcrumbList\",\"@id\":\"https:\/\/www.myvize.com.tr\/ingiltere\/oturum-2\/#breadcrumb\",\"itemListElement\":[{\"@type\":\"ListItem\",\"position\":1,\"name\":\"Anasayfa\",\"item\":\"https:\/\/www.myvize.com.tr\/ingiltere\/\"},{\"@type\":\"ListItem\",\"position\":2,\"name\":\"\u0130NG\u0130LTERE OTURUM KARTI\"}]},{\"@type\":\"WebSite\",\"@id\":\"https:\/\/www.myvize.com.tr\/ingiltere\/#website\",\"url\":\"https:\/\/www.myvize.com.tr\/ingiltere\/\",\"name\":\"\u0130ngiltere Vize Ba\u015fvuru &amp; \u0130ngiltere Vizesi\",\"description\":\"\",\"potentialAction\":[{\"@type\":\"SearchAction\",\"target\":{\"@type\":\"EntryPoint\",\"urlTemplate\":\"https:\/\/www.myvize.com.tr\/ingiltere\/?s={search_term_string}\"},\"query-input\":{\"@type\":\"PropertyValueSpecification\",\"valueRequired\":true,\"valueName\":\"search_term_string\"}}],\"inLanguage\":\"tr\"}]}<\/script>\n<!-- \/ Yoast SEO plugin. -->","yoast_head_json":{"title":"\u0130ngiltere Oturum Kart\u0131 - \u0130ngiltere Vizesi - MyVize","description":"\u0130ngiltere Oturum Kart\u0131 Nas\u0131l Al\u0131n\u0131r? \u0130ngiltere Oturum Kart\u0131 \u0130le \u0130lgili Bilgi Almak \u0130\u00e7in Hemen Bizi Aray\u0131n.","robots":{"index":"index","follow":"follow","max-snippet":"max-snippet:-1","max-image-preview":"max-image-preview:large","max-video-preview":"max-video-preview:-1"},"canonical":"https:\/\/www.myvize.com.tr\/ingiltere\/oturum-2\/","og_locale":"tr_TR","og_type":"article","og_title":"\u0130ngiltere Oturum Kart\u0131 - \u0130ngiltere Vizesi - MyVize","og_description":"\u0130ngiltere Oturum Kart\u0131 Nas\u0131l Al\u0131n\u0131r? \u0130ngiltere Oturum Kart\u0131 \u0130le \u0130lgili Bilgi Almak \u0130\u00e7in Hemen Bizi Aray\u0131n.","og_url":"https:\/\/www.myvize.com.tr\/ingiltere\/oturum-2\/","og_site_name":"\u0130ngiltere Vize Ba\u015fvuru &amp; \u0130ngiltere Vizesi","article_modified_time":"2022-04-11T11:19:09+00:00","og_image":[{"url":"https:\/\/www.myvize.com.tr\/ingiltere\/wp-content\/uploads\/2021\/09\/37.jpg","type":"","width":"","height":""}],"twitter_card":"summary_large_image","twitter_misc":{"Tahmini okuma s\u00fcresi":"3 dakika"},"schema":{"@context":"https:\/\/schema.org","@graph":[{"@type":"WebPage","@id":"https:\/\/www.myvize.com.tr\/ingiltere\/oturum-2\/","url":"https:\/\/www.myvize.com.tr\/ingiltere\/oturum-2\/","name":"\u0130ngiltere Oturum Kart\u0131 - \u0130ngiltere Vizesi - MyVize","isPartOf":{"@id":"https:\/\/www.myvize.com.tr\/ingiltere\/#website"},"primaryImageOfPage":{"@id":"https:\/\/www.myvize.com.tr\/ingiltere\/oturum-2\/#primaryimage"},"image":{"@id":"https:\/\/www.myvize.com.tr\/ingiltere\/oturum-2\/#primaryimage"},"thumbnailUrl":"https:\/\/www.myvize.com.tr\/ingiltere\/wp-content\/uploads\/2021\/09\/37.jpg","datePublished":"2020-12-22T14:18:30+00:00","dateModified":"2022-04-11T11:19:09+00:00","description":"\u0130ngiltere Oturum Kart\u0131 Nas\u0131l Al\u0131n\u0131r? \u0130ngiltere Oturum Kart\u0131 \u0130le \u0130lgili Bilgi Almak \u0130\u00e7in Hemen Bizi Aray\u0131n.","breadcrumb":{"@id":"https:\/\/www.myvize.com.tr\/ingiltere\/oturum-2\/#breadcrumb"},"inLanguage":"tr","potentialAction":[{"@type":"ReadAction","target":["https:\/\/www.myvize.com.tr\/ingiltere\/oturum-2\/"]}]},{"@type":"ImageObject","inLanguage":"tr","@id":"https:\/\/www.myvize.com.tr\/ingiltere\/oturum-2\/#primaryimage","url":"https:\/\/www.myvize.com.tr\/ingiltere\/wp-content\/uploads\/2021\/09\/37.jpg","contentUrl":"https:\/\/www.myvize.com.tr\/ingiltere\/wp-content\/uploads\/2021\/09\/37.jpg","width":800,"height":500,"caption":"\u0130ngiltere Oturum Kart\u0131"},{"@type":"BreadcrumbList","@id":"https:\/\/www.myvize.com.tr\/ingiltere\/oturum-2\/#breadcrumb","itemListElement":[{"@type":"ListItem","position":1,"name":"Anasayfa","item":"https:\/\/www.myvize.com.tr\/ingiltere\/"},{"@type":"ListItem","position":2,"name":"\u0130NG\u0130LTERE OTURUM KARTI"}]},{"@type":"WebSite","@id":"https:\/\/www.myvize.com.tr\/ingiltere\/#website","url":"https:\/\/www.myvize.com.tr\/ingiltere\/","name":"\u0130ngiltere Vize Ba\u015fvuru &amp; \u0130ngiltere Vizesi","description":"","potentialAction":[{"@type":"SearchAction","target":{"@type":"EntryPoint","urlTemplate":"https:\/\/www.myvize.com.tr\/ingiltere\/?s={search_term_string}"},"query-input":{"@type":"PropertyValueSpecification","valueRequired":true,"valueName":"search_term_string"}}],"inLanguage":"tr"}]}},"_links":{"self":[{"href":"https:\/\/www.myvize.com.tr\/ingiltere\/wp-json\/wp\/v2\/pages\/163","targetHints":{"allow":["GET"]}}],"collection":[{"href":"https:\/\/www.myvize.com.tr\/ingiltere\/wp-json\/wp\/v2\/pages"}],"about":[{"href":"https:\/\/www.myvize.com.tr\/ingiltere\/wp-json\/wp\/v2\/types\/page"}],"author":[{"embeddable":true,"href":"https:\/\/www.myvize.com.tr\/ingiltere\/wp-json\/wp\/v2\/users\/1"}],"replies":[{"embeddable":true,"href":"https:\/\/www.myvize.com.tr\/ingiltere\/wp-json\/wp\/v2\/comments?post=163"}],"version-history":[{"count":6,"href":"https:\/\/www.myvize.com.tr\/ingiltere\/wp-json\/wp\/v2\/pages\/163\/revisions"}],"predecessor-version":[{"id":1562,"href":"https:\/\/www.myvize.com.tr\/ingiltere\/wp-json\/wp\/v2\/pages\/163\/revisions\/1562"}],"wp:attachment":[{"href":"https:\/\/www.myvize.com.tr\/ingiltere\/wp-json\/wp\/v2\/media?parent=163"}],"curies":[{"name":"wp","href":"https:\/\/api.w.org\/{rel}","templated":true}]}}