{"id":180,"date":"2020-12-22T17:21:36","date_gmt":"2020-12-22T14:21:36","guid":{"rendered":"https:\/\/www.myvize.com.tr\/ingiltere\/?page_id=180"},"modified":"2022-04-11T14:07:20","modified_gmt":"2022-04-11T11:07:20","slug":"tier-1-yatirimci-vizesi","status":"publish","type":"page","link":"https:\/\/www.myvize.com.tr\/ingiltere\/calisma\/tier-1-yatirimci-vizesi\/","title":{"rendered":"\u0130ngiltere Tier 1 Yat\u0131r\u0131mc\u0131 Vizesi"},"content":{"rendered":"<h2><span style=\"font-family: Roboto; font-size: 27px;\"><strong>\u0130ngiltere Tier 1 Yat\u0131r\u0131mc\u0131 Vizesi 2022<\/strong><\/span><\/h2>\n<p><span style=\"font-family: Roboto; font-size: 14px;\">\u0130ngiltere\u2019ye 2.000.000 GBP ya da daha fazla yat\u0131r\u0131m yapma isteyenin ba\u015fvurmas\u0131 gereken vize t\u00fcr <strong>Tier 1 Yat\u0131r\u0131mc\u0131 Vizesi<\/strong>. Tier 1 Yat\u0131r\u0131mc\u0131 Vizesine en erken ba\u015fvurabilece\u011fi tarih \u0130ngiltere\u2019ye gidece\u011fi tarihten 3 ay \u00f6ncesi. Ba\u015fvurunuzla ilgili olumlu veya olumsuz sonu\u00e7 3 hafta i\u00e7erisinde taraf\u0131n\u0131za bildirilir.<\/span><br \/>\n<span style=\"font-family: Roboto; font-size: 14px;\">Bu vize ile \u0130ngiltere en \u00e7ok 3 y\u0131l 4 ay s\u00fcre ile kalabilirsiniz. Bu s\u00fcre sonunda kal\u0131\u015f\u0131n\u0131z 2 y\u0131l daha uzatma i\u00e7in ba\u015fvuru yapabilirsiniz.<\/span><br \/>\n<span style=\"font-family: Roboto; font-size: 14px;\"><strong>Tier 1 (Yat\u0131r\u0131mc\u0131) Vize<\/strong> \u0130le Yapabilece\u011finiz:<\/span><br \/>\n<span style=\"font-family: Roboto; font-size: 14px;\">Birle\u015fik Krall\u0131k devlet tahviline, aktif olarak ticaret yapan kay\u0131t \u0130ngiliz \u015firketine 2.000.000 GBP ile \u00fczeri yat\u0131r\u0131m yapabilirsiniz.<\/span><br \/>\n<span style=\"font-family: Roboto; font-size: 14px;\">\u00c7al\u0131\u015fabilir ya da e\u011fitim g\u00f6rebilirsiniz.<\/span><br \/>\n<span style=\"font-family: Roboto; font-size: 14px;\">10.000.000 GBP yat\u0131rma yapt\u0131ysan\u0131z 2 y\u0131l sonra \u0130ngiltere\u2019ye yerle\u015fme i\u00e7in ba\u015fvuruda bulabilirsiniz.<\/span><br \/>\n<strong><span style=\"font-family: Roboto; font-size: 14px;\">Tier 1 Yat\u0131r\u0131mc\u0131 Vizesi<\/span><\/strong><br \/>\n<span style=\"font-family: Roboto; font-size: 14px;\">5.000.000 GBP yat\u0131r\u0131m yapt\u0131ysa 3 y\u0131l sonra \u0130ngiltere\u2019ye yerle\u015fme i\u00e7in ba\u015fvuruda bulunabilir.<\/span><br \/>\n<span style=\"font-family: Roboto; font-size: 14px;\"><strong>Tier 1 (Yat\u0131r\u0131mc\u0131) Vize<\/strong> \u0130le Yapamayaca\u011f\u0131n\u0131z:<\/span><br \/>\n<span style=\"font-family: Roboto; font-size: 14px;\">\u00d6zellikle m\u00fclk yat\u0131r\u0131m, m\u00fclk y\u00f6netim ya da m\u00fclk geli\u015ftirme yapan \u015firkete yat\u0131r\u0131m yapamazs\u0131n\u0131z.<\/span><br \/>\n<span style=\"font-family: Roboto; font-size: 14px;\">Profesyonel sporcu ya da spor ko\u00e7u olarak \u00e7al\u0131\u015famazs\u0131n\u0131z.<\/span><br \/>\n<span style=\"font-family: Roboto; font-size: 14px;\">Kamu fonundan yararlanamazs\u0131n\u0131z.<\/span><br \/>\n<span style=\"font-family: Roboto; font-size: 14px;\">Ayr\u0131ca Bir Tier 4 sponsor lisansa sahip olan ya da <strong>Birle\u015fik Krall\u0131k<\/strong> taraf\u0131ndan tan\u0131nan ya da listelenen bir kurulu\u015f olan \u0130ngiliz kurumunda T\u0131p ya da Di\u015f Hekimli\u011fi alan\u0131na lisans ya da daha \u00fcst bir mezuniyet derece yoksa, doktor ya da di\u015f hekim olarak \u00e7al\u0131\u015famazs\u0131n\u0131z.<\/span><\/p>\n<p><span style=\"font-family: Roboto; font-size: 14px;\"><span style=\"color: #2acec2;\"><strong><a style=\"color: #2acec2;\" href=\"https:\/\/www.myvize.com.tr\/ingiltere\/form-ve-dilekce\/ingiltere-vize-basvuru-formu\/\" target=\"_blank\" rel=\"noopener\">\u0130ngilizce Vize Ba\u015fvuru Formu <\/a><\/strong><\/span>ile ilgili bilgi almak i\u00e7in aray\u0131n.<\/span><\/p>\n<p><span style=\"font-family: Roboto; font-size: 14px;\"><img decoding=\"async\" src=\"https:\/\/www.myvize.com.tr\/ingiltere\/wp-content\/uploads\/2021\/09\/52.jpg\" \/><\/span><\/p>\n<h2><span style=\"font-family: Roboto; font-size: 27px;\"><strong>\u0130ngiltere Tier 1 Yat\u0131r\u0131mc\u0131 Vizesi Nedir?<\/strong><\/span><\/h2>\n<p><span style=\"font-family: Roboto; font-size: 14px;\"><strong>\u0130ngiltere Tier 1 yat\u0131r\u0131mc\u0131 vizesi nedir<\/strong>\u00a0sorusu \u0130ngiltere\u2019de yat\u0131r\u0131m yapmak isteyen ki\u015filerin merak etti\u011fi konular aras\u0131nda yer al\u0131yor. Bu vize t\u00fcr\u00fcnde ki\u015filer hem kendileri hem de aileleri i\u00e7in s\u00fcrekli olarak ya\u015fama ve ileride de \u0130ngiliz vatanda\u015f\u0131 olabilme hakk\u0131n\u0131 kazanmaktad\u0131r. Tier 1 yat\u0131r\u0131mc\u0131 vizesi i\u00e7in belirli \u015fartlar bulunmaktad\u0131r. Bu \u00fclkede 2 milyon Sterlin sermaye giri\u015fi yaparak vize alman\u0131z m\u00fcmk\u00fcn olmaktad\u0131r. Vize i\u015flemleri s\u0131ras\u0131nda devlet ya da belirli \u015fartlar i\u00e7erisinde \u015firket tahvili alman\u0131z gerekir. 5 y\u0131l boyunca da bu yat\u0131r\u0131m\u0131n devam\u0131n\u0131n sa\u011flanmas\u0131 gerekiyor.<\/span><\/p>\n<p><span style=\"font-family: Roboto; font-size: 14px;\">Yat\u0131r\u0131m tutar\u0131 e\u011fer 5 milyon Sterlin olursa bu s\u00fcre 3 y\u0131la iner, 10 milyon Sterlin yat\u0131r\u0131m yaparsan\u0131z da s\u00fcre 2 y\u0131la inmektedir. Bu vize t\u00fcr\u00fc 2008 y\u0131l\u0131nda uygulanmaya ba\u015flanm\u0131\u015ft\u0131r.<strong> AB \u00fcyesi olmayan<\/strong> \u00fclkelerin de vatanda\u015flar\u0131na \u0130ngiltere\u2019de s\u00fcrekli olarak kalabilecekleri bir vize vermeyi ama\u00e7layan bir izindir.<\/span><\/p>\n<h2><span style=\"font-family: Roboto; font-size: 27px;\"><strong>\u0130ngiltere Tier 1 Yat\u0131r\u0131mc\u0131 Vizesi Nas\u0131l Al\u0131n\u0131r?<\/strong><\/span><\/h2>\n<p><span style=\"font-family: Roboto; font-size: 14px;\"><strong>\u0130ngiltere Tier 1 yat\u0131r\u0131mc\u0131 vizesi nas\u0131l al\u0131n\u0131r<\/strong>\u00a0sorusuna yan\u0131t vermek gerekir ise bu vizeyi alabilmek i\u00e7in belli miktarda yat\u0131r\u0131m ger\u00e7ekle\u015ftirmeniz gerekiyor. Yat\u0131r\u0131m s\u0131ras\u0131nda sizlerden istenilen t\u00fcm kriterleri sa\u011flaman\u0131z gerekiyor. \u0130ngiltere h\u00fck\u00fcmeti bu konuda son derece titiz davran\u0131yor. Bu vize i\u00e7in \u015fu kriterlerin tamam\u0131n\u0131n sa\u011flanmas\u0131 b\u00fcy\u00fck bir \u00f6nem ta\u015f\u0131maktad\u0131r:<\/span><\/p>\n<ul>\n<li><span style=\"font-family: Roboto; font-size: 14px;\"><strong>\u0130ngiliz h\u00fck\u00fcmeti<\/strong> tahvillerine ya da \u00f6zel \u015firketlerin tahvillerine yat\u0131r\u0131m yap\u0131lmas\u0131 gerekiyor.<\/span><\/li>\n<li><span style=\"font-family: Roboto; font-size: 14px;\">Yap\u0131lan yat\u0131r\u0131mlar\u0131n 5 y\u0131l boyunca saklanmas\u0131 gerekiyor.<\/span><\/li>\n<li><span style=\"font-family: Roboto; font-size: 14px;\">En az 2 milyon sterlin de\u011ferinde yat\u0131r\u0131m yap\u0131labilir.<\/span><\/li>\n<li><span style=\"font-family: Roboto; font-size: 14px;\">Ba\u015fvuru sahipleri 5 y\u0131l s\u00fcre sonras\u0131nda daimi olarak oturum hakk\u0131 ba\u015fvurusunda bulunabilmektedir.<\/span><\/li>\n<li><span style=\"font-family: Roboto; font-size: 14px;\">Ba\u015fvuru sahibi \u0130ngiltere\u2019de Ya\u015fam Testi\u2019ni de ba\u015far\u0131 ile ge\u00e7mesi gerekiyor.<\/span><\/li>\n<li><span style=\"font-family: Roboto; font-size: 14px;\">Ayn\u0131 zamanda dil testini de ge\u00e7meniz gerekiyor.<\/span><\/li>\n<\/ul>\n<p><span style=\"font-family: Roboto; font-size: 14px;\">Bu a\u015famalar ge\u00e7tikten sonra rahatl\u0131kla yat\u0131r\u0131mc\u0131 vizenizi alabilme \u015fans\u0131 bulabilirsiniz. Vize i\u015flemleri s\u0131ras\u0131nda t\u00fcm ko\u015fullar\u0131n sa\u011flanm\u0131\u015f oldu\u011fundan y\u00fczde y\u00fcz olarak emin olmal\u0131s\u0131n\u0131z.<\/span><\/p>\n<h2><span style=\"font-family: Roboto; font-size: 27px;\"><strong>\u0130ngiltere Tier 1 Yat\u0131r\u0131mc\u0131 Vizesi Nereden Al\u0131n\u0131r?<\/strong><\/span><\/h2>\n<p><span style=\"font-family: Roboto; font-size: 14px;\"><strong>\u0130ngiltere Tier 1 yat\u0131r\u0131mc\u0131 vizesi nereden al\u0131n\u0131r<\/strong>\u00a0sorusu bu vize i\u015flemleri s\u0131ras\u0131nda yan\u0131t\u0131 mutlaka bilinmesi gereken detaylar aras\u0131nda yer almaktad\u0131r. Yat\u0131r\u0131mc\u0131 vizesi i\u00e7i ba\u015fvuru da i\u015flem s\u00fcresi en fazla 8 hafta s\u00fcrmektedir. Bu vizeyi alabilmek i\u00e7in \u0130ngiltere temsilciliklerinden hizmet alman\u0131z gerekiyor. Bu vize t\u00fcr\u00fcn\u00fcn ki\u015filere birtak\u0131m avantajlar\u0131 bulunuyor. Yat\u0131r\u0131mc\u0131 vizesi e\u015f ve 18 ya\u015f alt\u0131nda olan \u00e7ocuklar\u0131n \u0130ngiltere\u2019ye gidebilmesine olanak tan\u0131yan bir vize t\u00fcr\u00fcd\u00fcr.<\/span><\/p>\n<p><span style=\"font-family: Roboto; font-size: 14px;\">Ayn\u0131 zamanda ki\u015filere \u00e7ifte vatanda\u015fl\u0131k yolunu a\u00e7an bir vize t\u00fcr\u00fcd\u00fcr. \u00c7ocuklar\u0131n \u00fccretsiz bir \u015fekilde e\u011fitim g\u00f6rebilmesine imkan tan\u0131yan bir vize t\u00fcr\u00fcd\u00fcr. G\u00f6\u00e7men programlar\u0131 i\u00e7erisinde en h\u0131zl\u0131 vize al\u0131nmas\u0131na imkan sa\u011flayan vizeler aras\u0131nda yer al\u0131r. Belirli \u015fartlar yerine getirildi\u011finde vatanda\u015fl\u0131k i\u00e7in ki\u015filer ba\u015fvuru yapabilme \u015fans\u0131na da sahip olabilmektedir. Bu vize t\u00fcr\u00fcnde profesyonel bir \u015fekilde evrak haz\u0131rlamak istiyorsan\u0131z mutlaka vizenizi dan\u0131\u015fmanl\u0131k firmalar\u0131 ile alman\u0131z gerekmektedir.<\/span><\/p>\n<h3><span style=\"font-family: Roboto; font-size: 24px;\"><strong>\u0130ngiltere Tier 1 Yat\u0131r\u0131mc\u0131 Vizesi Ka\u00e7 G\u00fcnde \u00c7\u0131kar?<\/strong><\/span><\/h3>\n<p><span style=\"font-family: Roboto; font-size: 14px;\"><strong>\u0130ngiltere Tier 2 Yat\u0131r\u0131mc\u0131 vizesi ka\u00e7 g\u00fcnde \u00e7\u0131kar<\/strong>\u00a0sorusuna vize s\u00fcresi i\u00e7in 8 hafta denebilir. \u00c7\u00fcnk\u00fc vize i\u015flemleri bu s\u00fcre\u00e7te bir hayli uzun s\u00fcr\u00fcyor. Yat\u0131r\u0131m yap\u0131lmas\u0131, belgelerin haz\u0131rlanmas\u0131, yap\u0131lan yat\u0131r\u0131mlar\u0131n \u015fartlar\u0131n\u0131n yerine getirildi\u011finin incelenmesi son derece detayl\u0131 bir s\u00fcre\u00e7 ortaya \u00e7\u0131kar\u0131yor. Son derece \u00f6nemli bir vize olmas\u0131 bu vize s\u00fcrecinin de uzamas\u0131na neden olabilmektedir. <strong>Yat\u0131r\u0131mc\u0131 vizesi<\/strong> s\u0131ras\u0131nda her detay son derece detayl\u0131 bir \u015fekilde incelenmektedir. Bu nedenle de bu s\u00fcre\u00e7te<span style=\"color: #2acec2;\"><strong><a style=\"color: #2acec2;\" href=\"https:\/\/www.myvize.com.tr\/ingiltere\/vize-islemleri\/ingiltere-vize-reddi\/\" target=\"_blank\" rel=\"noopener\"> \u0130ngiltere vize reddi<\/a><\/strong><\/span> gibi durumlarla kar\u015f\u0131la\u015fmak istemiyorsan\u0131z profesyonel bir dan\u0131\u015fmanl\u0131k firmas\u0131ndan hizmet alman\u0131z gerekiyor.<\/span><\/p>\n<p><span style=\"font-family: Roboto; font-size: 14px;\">Beklentilerinize yan\u0131t veren bu firmalar yat\u0131r\u0131mc\u0131 vizenizi daha kolay bir \u015fekilde alabilme imkan\u0131 sunuyor. \u00c7ifte vatanda\u015fl\u0131k vermesi \u00e7ocuklar\u0131n da bu vizeden yararlanmas\u0131 olduk\u00e7a ilgi g\u00f6rmesini sa\u011flayan vizelerdendir. Ancak ki\u015filerin do\u011fru evrak haz\u0131rlamas\u0131 ve yat\u0131r\u0131m \u015fartlar\u0131n\u0131 yerine getirmesi ciddi bir s\u00fcre\u00e7 de gerektirmektedir.<\/span><\/p>\n","protected":false},"excerpt":{"rendered":"<p>\u0130ngiltere Tier 1 Yat\u0131r\u0131mc\u0131 Vizesi 2022 \u0130ngiltere\u2019ye 2.000.000 GBP ya da daha fazla yat\u0131r\u0131m yapma isteyenin ba\u015fvurmas\u0131 gereken vize t\u00fcr Tier 1 Yat\u0131r\u0131mc\u0131 Vizesi. Tier 1 Yat\u0131r\u0131mc\u0131 Vizesine en erken ba\u015fvurabilece\u011fi tarih \u0130ngiltere\u2019ye gidece\u011fi tarihten 3 ay \u00f6ncesi. Ba\u015fvurunuzla ilgili olumlu veya olumsuz sonu\u00e7 3 hafta i\u00e7erisinde taraf\u0131n\u0131za bildirilir. Bu vize ile \u0130ngiltere en \u00e7ok<\/p>\n","protected":false},"author":1,"featured_media":0,"parent":157,"menu_order":0,"comment_status":"open","ping_status":"closed","template":"","meta":{"footnotes":""},"class_list":["post-180","page","type-page","status-publish","hentry"],"yoast_head":"<!-- This site is optimized with the Yoast SEO plugin v24.0 - https:\/\/yoast.com\/wordpress\/plugins\/seo\/ -->\n<title>\u0130ngiltere Tier 1 Yat\u0131r\u0131mc\u0131 Vizesi - MyVize<\/title>\n<meta name=\"description\" content=\"\u0130ngiltere Tier 1 Yat\u0131r\u0131mc\u0131 Vizesi Nas\u0131l Al\u0131n\u0131r? \u0130ngiltere Tier 1 Yat\u0131r\u0131mc\u0131 Vizesi Ba\u015fvurusu Nas\u0131l Yap\u0131l\u0131r? Hemen Aray\u0131n: 0850 346 84 93\" \/>\n<meta name=\"robots\" content=\"index, follow, max-snippet:-1, max-image-preview:large, max-video-preview:-1\" \/>\n<link rel=\"canonical\" href=\"https:\/\/www.myvize.com.tr\/ingiltere\/calisma\/tier-1-yatirimci-vizesi\/\" \/>\n<meta property=\"og:locale\" content=\"tr_TR\" \/>\n<meta property=\"og:type\" content=\"article\" \/>\n<meta property=\"og:title\" content=\"\u0130ngiltere Tier 1 Yat\u0131r\u0131mc\u0131 Vizesi - MyVize\" \/>\n<meta property=\"og:description\" content=\"\u0130ngiltere Tier 1 Yat\u0131r\u0131mc\u0131 Vizesi Nas\u0131l Al\u0131n\u0131r? \u0130ngiltere Tier 1 Yat\u0131r\u0131mc\u0131 Vizesi Ba\u015fvurusu Nas\u0131l Yap\u0131l\u0131r? Hemen Aray\u0131n: 0850 346 84 93\" \/>\n<meta property=\"og:url\" content=\"https:\/\/www.myvize.com.tr\/ingiltere\/calisma\/tier-1-yatirimci-vizesi\/\" \/>\n<meta property=\"og:site_name\" content=\"\u0130ngiltere Vize Ba\u015fvuru &amp; \u0130ngiltere Vizesi\" \/>\n<meta property=\"article:modified_time\" content=\"2022-04-11T11:07:20+00:00\" \/>\n<meta property=\"og:image\" content=\"https:\/\/www.myvize.com.tr\/ingiltere\/wp-content\/uploads\/2021\/09\/52.jpg\" \/>\n<meta name=\"twitter:card\" content=\"summary_large_image\" \/>\n<meta name=\"twitter:label1\" content=\"Tahmini okuma s\u00fcresi\" \/>\n\t<meta name=\"twitter:data1\" content=\"4 dakika\" \/>\n<script type=\"application\/ld+json\" class=\"yoast-schema-graph\">{\"@context\":\"https:\/\/schema.org\",\"@graph\":[{\"@type\":\"WebPage\",\"@id\":\"https:\/\/www.myvize.com.tr\/ingiltere\/calisma\/tier-1-yatirimci-vizesi\/\",\"url\":\"https:\/\/www.myvize.com.tr\/ingiltere\/calisma\/tier-1-yatirimci-vizesi\/\",\"name\":\"\u0130ngiltere Tier 1 Yat\u0131r\u0131mc\u0131 Vizesi - MyVize\",\"isPartOf\":{\"@id\":\"https:\/\/www.myvize.com.tr\/ingiltere\/#website\"},\"primaryImageOfPage\":{\"@id\":\"https:\/\/www.myvize.com.tr\/ingiltere\/calisma\/tier-1-yatirimci-vizesi\/#primaryimage\"},\"image\":{\"@id\":\"https:\/\/www.myvize.com.tr\/ingiltere\/calisma\/tier-1-yatirimci-vizesi\/#primaryimage\"},\"thumbnailUrl\":\"https:\/\/www.myvize.com.tr\/ingiltere\/wp-content\/uploads\/2021\/09\/52.jpg\",\"datePublished\":\"2020-12-22T14:21:36+00:00\",\"dateModified\":\"2022-04-11T11:07:20+00:00\",\"description\":\"\u0130ngiltere Tier 1 Yat\u0131r\u0131mc\u0131 Vizesi Nas\u0131l Al\u0131n\u0131r? \u0130ngiltere Tier 1 Yat\u0131r\u0131mc\u0131 Vizesi Ba\u015fvurusu Nas\u0131l Yap\u0131l\u0131r? Hemen Aray\u0131n: 0850 346 84 93\",\"breadcrumb\":{\"@id\":\"https:\/\/www.myvize.com.tr\/ingiltere\/calisma\/tier-1-yatirimci-vizesi\/#breadcrumb\"},\"inLanguage\":\"tr\",\"potentialAction\":[{\"@type\":\"ReadAction\",\"target\":[\"https:\/\/www.myvize.com.tr\/ingiltere\/calisma\/tier-1-yatirimci-vizesi\/\"]}]},{\"@type\":\"ImageObject\",\"inLanguage\":\"tr\",\"@id\":\"https:\/\/www.myvize.com.tr\/ingiltere\/calisma\/tier-1-yatirimci-vizesi\/#primaryimage\",\"url\":\"https:\/\/www.myvize.com.tr\/ingiltere\/wp-content\/uploads\/2021\/09\/52.jpg\",\"contentUrl\":\"https:\/\/www.myvize.com.tr\/ingiltere\/wp-content\/uploads\/2021\/09\/52.jpg\",\"width\":800,\"height\":500,\"caption\":\"\u0130ngiltere Tier 1 Yat\u0131r\u0131mc\u0131 Vizesi\"},{\"@type\":\"BreadcrumbList\",\"@id\":\"https:\/\/www.myvize.com.tr\/ingiltere\/calisma\/tier-1-yatirimci-vizesi\/#breadcrumb\",\"itemListElement\":[{\"@type\":\"ListItem\",\"position\":1,\"name\":\"Anasayfa\",\"item\":\"https:\/\/www.myvize.com.tr\/ingiltere\/\"},{\"@type\":\"ListItem\",\"position\":2,\"name\":\"\u00c7ALI\u015eMA\",\"item\":\"https:\/\/www.myvize.com.tr\/ingiltere\/calisma\/\"},{\"@type\":\"ListItem\",\"position\":3,\"name\":\"\u0130ngiltere Tier 1 Yat\u0131r\u0131mc\u0131 Vizesi\"}]},{\"@type\":\"WebSite\",\"@id\":\"https:\/\/www.myvize.com.tr\/ingiltere\/#website\",\"url\":\"https:\/\/www.myvize.com.tr\/ingiltere\/\",\"name\":\"\u0130ngiltere Vize Ba\u015fvuru &amp; \u0130ngiltere Vizesi\",\"description\":\"\",\"potentialAction\":[{\"@type\":\"SearchAction\",\"target\":{\"@type\":\"EntryPoint\",\"urlTemplate\":\"https:\/\/www.myvize.com.tr\/ingiltere\/?s={search_term_string}\"},\"query-input\":{\"@type\":\"PropertyValueSpecification\",\"valueRequired\":true,\"valueName\":\"search_term_string\"}}],\"inLanguage\":\"tr\"}]}<\/script>\n<!-- \/ Yoast SEO plugin. -->","yoast_head_json":{"title":"\u0130ngiltere Tier 1 Yat\u0131r\u0131mc\u0131 Vizesi - MyVize","description":"\u0130ngiltere Tier 1 Yat\u0131r\u0131mc\u0131 Vizesi Nas\u0131l Al\u0131n\u0131r? \u0130ngiltere Tier 1 Yat\u0131r\u0131mc\u0131 Vizesi Ba\u015fvurusu Nas\u0131l Yap\u0131l\u0131r? Hemen Aray\u0131n: 0850 346 84 93","robots":{"index":"index","follow":"follow","max-snippet":"max-snippet:-1","max-image-preview":"max-image-preview:large","max-video-preview":"max-video-preview:-1"},"canonical":"https:\/\/www.myvize.com.tr\/ingiltere\/calisma\/tier-1-yatirimci-vizesi\/","og_locale":"tr_TR","og_type":"article","og_title":"\u0130ngiltere Tier 1 Yat\u0131r\u0131mc\u0131 Vizesi - MyVize","og_description":"\u0130ngiltere Tier 1 Yat\u0131r\u0131mc\u0131 Vizesi Nas\u0131l Al\u0131n\u0131r? \u0130ngiltere Tier 1 Yat\u0131r\u0131mc\u0131 Vizesi Ba\u015fvurusu Nas\u0131l Yap\u0131l\u0131r? Hemen Aray\u0131n: 0850 346 84 93","og_url":"https:\/\/www.myvize.com.tr\/ingiltere\/calisma\/tier-1-yatirimci-vizesi\/","og_site_name":"\u0130ngiltere Vize Ba\u015fvuru &amp; \u0130ngiltere Vizesi","article_modified_time":"2022-04-11T11:07:20+00:00","og_image":[{"url":"https:\/\/www.myvize.com.tr\/ingiltere\/wp-content\/uploads\/2021\/09\/52.jpg","type":"","width":"","height":""}],"twitter_card":"summary_large_image","twitter_misc":{"Tahmini okuma s\u00fcresi":"4 dakika"},"schema":{"@context":"https:\/\/schema.org","@graph":[{"@type":"WebPage","@id":"https:\/\/www.myvize.com.tr\/ingiltere\/calisma\/tier-1-yatirimci-vizesi\/","url":"https:\/\/www.myvize.com.tr\/ingiltere\/calisma\/tier-1-yatirimci-vizesi\/","name":"\u0130ngiltere Tier 1 Yat\u0131r\u0131mc\u0131 Vizesi - MyVize","isPartOf":{"@id":"https:\/\/www.myvize.com.tr\/ingiltere\/#website"},"primaryImageOfPage":{"@id":"https:\/\/www.myvize.com.tr\/ingiltere\/calisma\/tier-1-yatirimci-vizesi\/#primaryimage"},"image":{"@id":"https:\/\/www.myvize.com.tr\/ingiltere\/calisma\/tier-1-yatirimci-vizesi\/#primaryimage"},"thumbnailUrl":"https:\/\/www.myvize.com.tr\/ingiltere\/wp-content\/uploads\/2021\/09\/52.jpg","datePublished":"2020-12-22T14:21:36+00:00","dateModified":"2022-04-11T11:07:20+00:00","description":"\u0130ngiltere Tier 1 Yat\u0131r\u0131mc\u0131 Vizesi Nas\u0131l Al\u0131n\u0131r? \u0130ngiltere Tier 1 Yat\u0131r\u0131mc\u0131 Vizesi Ba\u015fvurusu Nas\u0131l Yap\u0131l\u0131r? Hemen Aray\u0131n: 0850 346 84 93","breadcrumb":{"@id":"https:\/\/www.myvize.com.tr\/ingiltere\/calisma\/tier-1-yatirimci-vizesi\/#breadcrumb"},"inLanguage":"tr","potentialAction":[{"@type":"ReadAction","target":["https:\/\/www.myvize.com.tr\/ingiltere\/calisma\/tier-1-yatirimci-vizesi\/"]}]},{"@type":"ImageObject","inLanguage":"tr","@id":"https:\/\/www.myvize.com.tr\/ingiltere\/calisma\/tier-1-yatirimci-vizesi\/#primaryimage","url":"https:\/\/www.myvize.com.tr\/ingiltere\/wp-content\/uploads\/2021\/09\/52.jpg","contentUrl":"https:\/\/www.myvize.com.tr\/ingiltere\/wp-content\/uploads\/2021\/09\/52.jpg","width":800,"height":500,"caption":"\u0130ngiltere Tier 1 Yat\u0131r\u0131mc\u0131 Vizesi"},{"@type":"BreadcrumbList","@id":"https:\/\/www.myvize.com.tr\/ingiltere\/calisma\/tier-1-yatirimci-vizesi\/#breadcrumb","itemListElement":[{"@type":"ListItem","position":1,"name":"Anasayfa","item":"https:\/\/www.myvize.com.tr\/ingiltere\/"},{"@type":"ListItem","position":2,"name":"\u00c7ALI\u015eMA","item":"https:\/\/www.myvize.com.tr\/ingiltere\/calisma\/"},{"@type":"ListItem","position":3,"name":"\u0130ngiltere Tier 1 Yat\u0131r\u0131mc\u0131 Vizesi"}]},{"@type":"WebSite","@id":"https:\/\/www.myvize.com.tr\/ingiltere\/#website","url":"https:\/\/www.myvize.com.tr\/ingiltere\/","name":"\u0130ngiltere Vize Ba\u015fvuru &amp; \u0130ngiltere Vizesi","description":"","potentialAction":[{"@type":"SearchAction","target":{"@type":"EntryPoint","urlTemplate":"https:\/\/www.myvize.com.tr\/ingiltere\/?s={search_term_string}"},"query-input":{"@type":"PropertyValueSpecification","valueRequired":true,"valueName":"search_term_string"}}],"inLanguage":"tr"}]}},"_links":{"self":[{"href":"https:\/\/www.myvize.com.tr\/ingiltere\/wp-json\/wp\/v2\/pages\/180","targetHints":{"allow":["GET"]}}],"collection":[{"href":"https:\/\/www.myvize.com.tr\/ingiltere\/wp-json\/wp\/v2\/pages"}],"about":[{"href":"https:\/\/www.myvize.com.tr\/ingiltere\/wp-json\/wp\/v2\/types\/page"}],"author":[{"embeddable":true,"href":"https:\/\/www.myvize.com.tr\/ingiltere\/wp-json\/wp\/v2\/users\/1"}],"replies":[{"embeddable":true,"href":"https:\/\/www.myvize.com.tr\/ingiltere\/wp-json\/wp\/v2\/comments?post=180"}],"version-history":[{"count":6,"href":"https:\/\/www.myvize.com.tr\/ingiltere\/wp-json\/wp\/v2\/pages\/180\/revisions"}],"predecessor-version":[{"id":1516,"href":"https:\/\/www.myvize.com.tr\/ingiltere\/wp-json\/wp\/v2\/pages\/180\/revisions\/1516"}],"up":[{"embeddable":true,"href":"https:\/\/www.myvize.com.tr\/ingiltere\/wp-json\/wp\/v2\/pages\/157"}],"wp:attachment":[{"href":"https:\/\/www.myvize.com.tr\/ingiltere\/wp-json\/wp\/v2\/media?parent=180"}],"curies":[{"name":"wp","href":"https:\/\/api.w.org\/{rel}","templated":true}]}}