{"id":182,"date":"2020-12-22T17:22:03","date_gmt":"2020-12-22T14:22:03","guid":{"rendered":"https:\/\/www.myvize.com.tr\/ingiltere\/?page_id=182"},"modified":"2022-04-11T14:06:43","modified_gmt":"2022-04-11T11:06:43","slug":"tier-1-girisimci-vizesi","status":"publish","type":"page","link":"https:\/\/www.myvize.com.tr\/ingiltere\/calisma\/tier-1-girisimci-vizesi\/","title":{"rendered":"\u0130ngiltere Tier 1 Giri\u015fimci Vizesi"},"content":{"rendered":"<h2><span style=\"font-family: Roboto; font-size: 27px;\"><strong>\u0130ngiltere Tier 1 Giri\u015fimci Vizesi Hakk\u0131nda<\/strong><\/span><\/h2>\n<p><span style=\"font-family: Roboto; font-size: 14px;\"><strong>\u0130ngiltere d\u0131\u015f\u0131nda<\/strong> \u00fcst\u00fcn yetenekli \u00fcniversite mezunu, giri\u015fimci, yat\u0131r\u0131mc\u0131 ve profesyonelin \u0130ngiltere\u2019de \u00e7al\u0131\u015fmas\u0131n\u0131 sa\u011flama amac\u0131 ile, \u0130ngiltere\u2019ye girme ve yasal olarak \u00e7al\u0131\u015fmas\u0131 izin verme i\u00e7in \u0130ngiltere \u0130\u00e7i\u015fler Bakanl\u0131\u011fa ba\u011fl\u0131 \u0130ngiltere S\u0131n\u0131r Daire (UKBA) onay ile <strong>Tier 1 vize<\/strong> verilmekte.<strong> \u0130ngiltere \u00c7al\u0131\u015fma Vize<\/strong> olarak adland\u0131ran Tier 1 Vize, Tier 1 Genel Vizesi, Tier 1 Giri\u015fimci Vize, <span style=\"color: #2acec2;\"><strong><a style=\"color: #2acec2;\" href=\"https:\/\/www.myvize.com.tr\/ingiltere\/calisma\/tier-1-yatirimci-vizesi\/\" target=\"_blank\" rel=\"noopener\">Tier 1 Yat\u0131r\u0131mc\u0131 Vize<\/a><\/strong><\/span>, Tier 1 Ola\u011fan\u00fcst\u00fc Yetenekli Vize ve Tier 1 \u00dcniversite Mezunu Giri\u015fimci Vize isimi alt\u0131nda 5 farkl\u0131 vizesi ba\u015fvuru kategorisini i\u00e7erir.<\/span><br \/>\n<span style=\"font-family: Roboto; font-size: 14px;\">\u0130ngiliz H\u00fck\u00fbmet, G\u00f6\u00e7men Yasas\u0131n\u0131 g\u00f6\u00e7menle ilgili yeni d\u00fczenlemeye uyumlu hale getirebilme i\u00e7in yasa de\u011fi\u015fiklik karar\u0131 alm\u0131\u015ft\u0131r. Al\u0131nan bu karar g\u00f6re; <strong>\u0130ngiltere G\u00f6\u00e7menlik Program<\/strong> kapsam\u0131na a\u00e7\u0131lan G\u00f6\u00e7men ve \u00c7al\u0131\u015fma \u0130znine Tier 1 Genel vize i\u00e7in ba\u015fvuru al\u0131m, 6 Nisan 2015 tarihinde itibaren durdurulmu\u015ftur. 5 Nisan 2015 tarihe kadar <strong>\u0130ngiltere Konsoloslu\u011fu<\/strong> taraf\u0131ndan kabul edilen Tier 1 Genel Vizesi m\u00fcracaat\u0131n\u0131n yeniden al\u0131nmas\u0131 6 Nisan 2021 tarihinde itibaren ba\u015flanacabildirilmi\u015ftirdir. Bununla beraber \u0130ngiltere Konsoloslu\u011fa, \u0130ngiltere\u2019de Tier 1 vize ile ya\u015fayan ki\u015fi ve aile bireyinin vize s\u00fcresinin uzat\u0131lma ile ilgili i\u015flemin s\u00fcrd\u00fcr\u00fclece\u011fi bildirmi\u015ftir.<\/span><br \/>\n<span style=\"font-family: Roboto; font-size: 14px;\">\u0130ngiltere Tier 1 \u00dcniversite Mezun Giri\u015fim Vize ba\u015fvurabilme i\u00e7in bu program kat\u0131lan, \u0130ngiltere&#8217;de bulunan bir y\u00fcksek e\u011fitim kurum taraf\u0131ndan onaylanmak gerekmekte. Bu program da, \u0130ngiltere\u2019de 1 y\u0131l boyunca kalabilirler ve e\u011fitim kurum size sponsorlu\u011fu devam ettirme durumunda bu s\u00fcre 1 y\u0131l daha uzatabilir.<\/span><\/p>\n<p><span style=\"font-family: Roboto; font-size: 14px;\"><img decoding=\"async\" src=\"https:\/\/www.myvize.com.tr\/ingiltere\/wp-content\/uploads\/2021\/09\/54.jpg\" \/><\/span><\/p>\n<h2><span style=\"font-family: Roboto; font-size: 27px;\"><strong>\u0130ngiltere Tier 1 Giri\u015fimci Vizesi Nedir?<\/strong><\/span><\/h2>\n<p><span style=\"font-family: Roboto; font-size: 14px;\"><strong>\u0130ngiltere Tier 1 giri\u015fimci vizesi nedir<\/strong> sorusu merak edilen konular aras\u0131nda yer al\u0131yor. Bu vize t\u00fcr\u00fc \u0130ngiltere\u2019de i\u015f yapmak isteyen ki\u015filerin almas\u0131 gereken bir vize t\u00fcr\u00fcd\u00fcr. Ayn\u0131 zamanda \u00fcst\u00fcn yetenekleri olan \u00fcniversite mezunlar\u0131, profesyonel ki\u015filer ve yat\u0131r\u0131mc\u0131lar da bu vizeyi almak durumundad\u0131r. <strong>\u0130ngiltere \u0130\u00e7i\u015fleri Bakanl\u0131\u011f\u0131\u2019na<\/strong> ba\u011fl\u0131 olan S\u0131n\u0131r Dairesi onay\u0131 ile bu vizeyi alman\u0131z m\u00fcmk\u00fcn olmaktad\u0131r. Tier 1 vizesi \u00e7al\u0131\u015fma vizesi olarak bilinir. Bu vizenin 5 farkl\u0131 kategorisi bulunuyor. Bunlar \u015fu \u015fekildedir:<\/span><\/p>\n<ul>\n<li><span style=\"font-family: Roboto; font-size: 14px;\">Tier 1 \u00fcniversite mezunu giri\u015fimci vizesi<\/span><\/li>\n<li><span style=\"font-family: Roboto; font-size: 14px;\">Tier 1 genel vize<\/span><\/li>\n<li><span style=\"font-family: Roboto; font-size: 14px;\">Tier 1 giri\u015fimci vizesi<\/span><\/li>\n<li><span style=\"font-family: Roboto; font-size: 14px;\">Tier 1 yat\u0131r\u0131mc\u0131 vizesi<\/span><\/li>\n<li><span style=\"font-family: Roboto; font-size: 14px;\">Tier 1 ola\u011fan\u00fcst\u00fc yetenekliler vizesi<\/span><\/li>\n<\/ul>\n<p><span style=\"font-family: Roboto; font-size: 14px;\">\u015eeklinde farkl\u0131 ba\u015fvuru \u015fekilleri vard\u0131r. <strong>\u0130ngiltere Tier 1 giri\u015fimci vizesi<\/strong> ald\u0131\u011f\u0131n\u0131zda 3 y\u0131l 4 ay boyunca bu \u00fclkede ikamet edebilme hakk\u0131n\u0131z vard\u0131r. 3 y\u0131l\u0131n sonunda e\u011fer sizlerden beklenen \u015fartlar\u0131 sa\u011flad\u0131ysan\u0131z vizeniz 2 y\u0131l daha uzat\u0131labilir.<\/span><\/p>\n<h2><span style=\"font-family: Roboto; font-size: 27px;\"><strong>\u0130ngiltere Tier 1 Giri\u015fimci Vizesi Nas\u0131l Al\u0131n\u0131r?<\/strong><\/span><\/h2>\n<p><span style=\"font-family: Roboto; font-size: 14px;\"><strong>\u0130ngiltere Tier 1 giri\u015fimci vizesi nas\u0131l al\u0131n\u0131r<\/strong>\u00a0sorusuna yan\u0131t vermek gerekir ise bu vizenin birtak\u0131m ko\u015fullar\u0131 bulunmaktad\u0131r. Ki\u015filer kendileri i\u00e7in ald\u0131klar\u0131 bu vize t\u00fcr\u00fcn\u00fc 18 ya\u015f\u0131n alt\u0131ndaki \u00e7ocuklar\u0131 i\u00e7in de alabilmektedirler. E\u011fer seyahat amac\u0131n\u0131z k\u0131sa s\u00fcreli bir ticari ama\u00e7 i\u00e7eriyor ise mutlaka <span style=\"color: #2acec2;\"><strong><a style=\"color: #2acec2;\" href=\"https:\/\/www.myvize.com.tr\/ingiltere\/vize-islemleri\/ingiltere-ticari-vize\/\" target=\"_blank\" rel=\"noopener\">\u0130ngiltere ticari vize<\/a><\/strong><\/span> t\u00fcr\u00fcne ba\u015fvurman\u0131z gerekiyor.<\/span><\/p>\n<p><span style=\"font-family: Roboto; font-size: 14px;\">\u0130ngiltere Tier 1 giri\u015fimci vizesi alabilmek i\u00e7in mutlaka belli miktarda sermayeniz olmas\u0131 gerekiyor. \u0130lk olarak bu \u00fclkede en az 50 sterlin de\u011ferinde bir yat\u0131r\u0131m yapman\u0131z gerekiyor. Bu tutar\u0131n da uluslararas\u0131 bir bankada ba\u015fvuru sahibinin \u015fahsi hesab\u0131nda bulunmas\u0131 gereklidir.<\/span><\/p>\n<p><span style=\"font-family: Roboto; font-size: 14px;\">Ki\u015filerin mutlaka projelerini detayl\u0131 olarak kurumlara sunmalar\u0131 gerekiyor. Ayn\u0131 zamanda yeterli seviyede de <strong>\u0130ngilizce bilmeniz<\/strong> \u00f6nemli bir \u015fart olarak sunuluyor. IELTS s\u0131nav\u0131ndan okuma, yazma, konu\u015fma ve dinlemede en az 4,0 puan alm\u0131\u015f olman\u0131z da aranan \u00f6nemli kriterler aras\u0131nda bulunuyor.<\/span><\/p>\n<h2><span style=\"font-family: Roboto; font-size: 27px;\"><strong>\u0130ngiltere Tier 1 Giri\u015fimci Vizesi Nereden Al\u0131n\u0131r?<\/strong><\/span><\/h2>\n<p><span style=\"font-family: Roboto; font-size: 14px;\"><strong>\u0130ngiltere Tier bir giri\u015fimci vizesi nereden al\u0131n\u0131r<\/strong>\u00a0sorusuna yan\u0131t vermek gerekirse bu vize t\u00fcr\u00fc de di\u011fer vizeler gibi \u0130ngiltere temsilciliklerinden al\u0131nmas\u0131 gerekiyor. Ancak ki\u015filerin bu vizeyi alabilmeleri i\u00e7in hem belgeleri haz\u0131rlamas\u0131 hem de yeterli oranda \u0130ngilizce bilmesi gerekiyor. Di\u011fer sermaye ve proje \u015fartlar\u0131n\u0131 da sa\u011flam\u0131\u015f olmas\u0131 gerekiyor.<\/span><\/p>\n<p><span style=\"font-family: Roboto; font-size: 14px;\"><strong>Vize i\u015flemleri<\/strong> s\u0131ras\u0131nda t\u00fcm belgelerin tam ve g\u00fcncel oldu\u011fundan emin olman\u0131z gerekiyor. Evraklar\u0131 teslim s\u00fcrecinde bir sorun ile kar\u015f\u0131la\u015f\u0131rsan\u0131z mutlaka profesyonel dan\u0131\u015fmanl\u0131k hizmeti alman\u0131z gerekiyor. <strong>\u0130ngiltere Tier 1 vize i\u015flemleri<\/strong> s\u0131ras\u0131nda eksiksiz olarak belgeleri teslim ettikten sonra bekleme s\u00fcresi bulunuyor. Bu vize t\u00fcr\u00fc i\u015f kurma vizesi olarak bilinir. <strong>\u0130ngiltere Ankara Anla\u015fmas\u0131<\/strong> kapsam\u0131nda bir vize t\u00fcr\u00fcd\u00fcr.<\/span><\/p>\n<p><span style=\"font-family: Roboto; font-size: 14px;\">Ki\u015filerin bu vizeyi alabilmek i\u00e7in en az 50 bin sterlin sermayesi olmas\u0131 gerekiyor. Bunun yan\u0131nda i\u015fin kurulmas\u0131 takibinde 3 ay i\u00e7erisinde de \u0130ngiltere Vergi Dairesine kayd\u0131n yap\u0131lm\u0131\u015f olmas\u0131 gereklidir.<\/span><\/p>\n<h3><span style=\"font-family: Roboto; font-size: 24px;\"><strong>\u0130ngiltere Tier 1 Giri\u015fimci Vizesi Ka\u00e7 G\u00fcnde \u00c7\u0131kar?<\/strong><\/span><\/h3>\n<p><span style=\"font-family: Roboto; font-size: 14px;\"><strong>\u0130ngiltere Tier 1 giri\u015fimci vizesi ka\u00e7 g\u00fcnde \u00e7\u0131kar<\/strong>\u00a0konusunda net bir yan\u0131t vermek m\u00fcmk\u00fcn de\u011fildir. Vize i\u015flemleri s\u0131ras\u0131nda en \u00e7ok dikkat edilmesi gereken konu belgelerin uygun olmas\u0131d\u0131r. \u0130ngilizce seviyenizin yeterli olmas\u0131 ve ayn\u0131 zamanda belgelerin g\u00fcncel olmas\u0131d\u0131r. Belgeler d\u0131\u015f\u0131nda yat\u0131r\u0131m sermayenizin yeterli miktarda olmas\u0131 da \u00f6nemli bir detayd\u0131r.<\/span><\/p>\n<p><span style=\"font-family: Roboto; font-size: 14px;\"><strong>\u0130ngiltere Tier 1 vizesi<\/strong> ki\u015filere 3 y\u0131l 4 ay s\u00fcre ile verilir. E\u011fer bu s\u00fcre dolarsa 2 y\u0131l daha uzat\u0131labilir. Ki\u015filer bu s\u00fcreyi de doldurduktan sonra kal\u0131c\u0131 oturum izni alabilme hakk\u0131na sahip olurlar. En az 2 ki\u015fiye tam zamanl\u0131 olarak istihdam sa\u011flamak \u00f6nemli \u015fartlar aras\u0131nda yer al\u0131yor. Yap\u0131lacak olan yat\u0131r\u0131m konusunda puan kriterlerini mutlaka tamamlamak gerekiyor.<\/span><\/p>\n<p><span style=\"font-family: Roboto; font-size: 14px;\">Bu vize t\u00fcr\u00fc belgeleriniz tamsa ve herhangi bir sorun da bulunmuyor ise yakla\u015f\u0131k olarak 3 hafta i\u00e7erisinde verilmektedir. Bu vizeye seyahatten en az 3 ay \u00f6ncesinden ba\u015fvuru yapman\u0131z gerekiyor.<\/span><\/p>\n","protected":false},"excerpt":{"rendered":"<p>\u0130ngiltere Tier 1 Giri\u015fimci Vizesi Hakk\u0131nda \u0130ngiltere d\u0131\u015f\u0131nda \u00fcst\u00fcn yetenekli \u00fcniversite mezunu, giri\u015fimci, yat\u0131r\u0131mc\u0131 ve profesyonelin \u0130ngiltere\u2019de \u00e7al\u0131\u015fmas\u0131n\u0131 sa\u011flama amac\u0131 ile, \u0130ngiltere\u2019ye girme ve yasal olarak \u00e7al\u0131\u015fmas\u0131 izin verme i\u00e7in \u0130ngiltere \u0130\u00e7i\u015fler Bakanl\u0131\u011fa ba\u011fl\u0131 \u0130ngiltere S\u0131n\u0131r Daire (UKBA) onay ile Tier 1 vize verilmekte. \u0130ngiltere \u00c7al\u0131\u015fma Vize olarak adland\u0131ran Tier 1 Vize, Tier 1 Genel<\/p>\n","protected":false},"author":1,"featured_media":0,"parent":157,"menu_order":0,"comment_status":"open","ping_status":"closed","template":"","meta":{"footnotes":""},"class_list":["post-182","page","type-page","status-publish","hentry"],"yoast_head":"<!-- This site is optimized with the Yoast SEO plugin v24.0 - https:\/\/yoast.com\/wordpress\/plugins\/seo\/ -->\n<title>\u0130ngiltere Tier 1 Giri\u015fimci Vizesi - MyVize<\/title>\n<meta name=\"description\" content=\"\u0130ngiltere Tier 1 Giri\u015fimci Vizesi Nas\u0131l Al\u0131n\u0131r? \u0130ngiltere Tier 1 Giri\u015fimci Vizesi Ba\u015fvurusu Nas\u0131l Yap\u0131l\u0131r? Bilgi \u0130\u00e7in Aray\u0131n: 0850 346 84 93\" \/>\n<meta name=\"robots\" content=\"index, follow, max-snippet:-1, max-image-preview:large, max-video-preview:-1\" \/>\n<link rel=\"canonical\" href=\"https:\/\/www.myvize.com.tr\/ingiltere\/calisma\/tier-1-girisimci-vizesi\/\" \/>\n<meta property=\"og:locale\" content=\"tr_TR\" \/>\n<meta property=\"og:type\" content=\"article\" \/>\n<meta property=\"og:title\" content=\"\u0130ngiltere Tier 1 Giri\u015fimci Vizesi - MyVize\" \/>\n<meta property=\"og:description\" content=\"\u0130ngiltere Tier 1 Giri\u015fimci Vizesi Nas\u0131l Al\u0131n\u0131r? \u0130ngiltere Tier 1 Giri\u015fimci Vizesi Ba\u015fvurusu Nas\u0131l Yap\u0131l\u0131r? Bilgi \u0130\u00e7in Aray\u0131n: 0850 346 84 93\" \/>\n<meta property=\"og:url\" content=\"https:\/\/www.myvize.com.tr\/ingiltere\/calisma\/tier-1-girisimci-vizesi\/\" \/>\n<meta property=\"og:site_name\" content=\"\u0130ngiltere Vize Ba\u015fvuru &amp; \u0130ngiltere Vizesi\" \/>\n<meta property=\"article:modified_time\" content=\"2022-04-11T11:06:43+00:00\" \/>\n<meta property=\"og:image\" content=\"https:\/\/www.myvize.com.tr\/ingiltere\/wp-content\/uploads\/2021\/09\/54.jpg\" \/>\n<meta name=\"twitter:card\" content=\"summary_large_image\" \/>\n<meta name=\"twitter:label1\" content=\"Tahmini okuma s\u00fcresi\" \/>\n\t<meta name=\"twitter:data1\" content=\"4 dakika\" \/>\n<script type=\"application\/ld+json\" class=\"yoast-schema-graph\">{\"@context\":\"https:\/\/schema.org\",\"@graph\":[{\"@type\":\"WebPage\",\"@id\":\"https:\/\/www.myvize.com.tr\/ingiltere\/calisma\/tier-1-girisimci-vizesi\/\",\"url\":\"https:\/\/www.myvize.com.tr\/ingiltere\/calisma\/tier-1-girisimci-vizesi\/\",\"name\":\"\u0130ngiltere Tier 1 Giri\u015fimci Vizesi - MyVize\",\"isPartOf\":{\"@id\":\"https:\/\/www.myvize.com.tr\/ingiltere\/#website\"},\"primaryImageOfPage\":{\"@id\":\"https:\/\/www.myvize.com.tr\/ingiltere\/calisma\/tier-1-girisimci-vizesi\/#primaryimage\"},\"image\":{\"@id\":\"https:\/\/www.myvize.com.tr\/ingiltere\/calisma\/tier-1-girisimci-vizesi\/#primaryimage\"},\"thumbnailUrl\":\"https:\/\/www.myvize.com.tr\/ingiltere\/wp-content\/uploads\/2021\/09\/54.jpg\",\"datePublished\":\"2020-12-22T14:22:03+00:00\",\"dateModified\":\"2022-04-11T11:06:43+00:00\",\"description\":\"\u0130ngiltere Tier 1 Giri\u015fimci Vizesi Nas\u0131l Al\u0131n\u0131r? \u0130ngiltere Tier 1 Giri\u015fimci Vizesi Ba\u015fvurusu Nas\u0131l Yap\u0131l\u0131r? Bilgi \u0130\u00e7in Aray\u0131n: 0850 346 84 93\",\"breadcrumb\":{\"@id\":\"https:\/\/www.myvize.com.tr\/ingiltere\/calisma\/tier-1-girisimci-vizesi\/#breadcrumb\"},\"inLanguage\":\"tr\",\"potentialAction\":[{\"@type\":\"ReadAction\",\"target\":[\"https:\/\/www.myvize.com.tr\/ingiltere\/calisma\/tier-1-girisimci-vizesi\/\"]}]},{\"@type\":\"ImageObject\",\"inLanguage\":\"tr\",\"@id\":\"https:\/\/www.myvize.com.tr\/ingiltere\/calisma\/tier-1-girisimci-vizesi\/#primaryimage\",\"url\":\"https:\/\/www.myvize.com.tr\/ingiltere\/wp-content\/uploads\/2021\/09\/54.jpg\",\"contentUrl\":\"https:\/\/www.myvize.com.tr\/ingiltere\/wp-content\/uploads\/2021\/09\/54.jpg\",\"width\":800,\"height\":500,\"caption\":\"\u0130ngiltere Tier 1 Giri\u015fimci Vizesi\"},{\"@type\":\"BreadcrumbList\",\"@id\":\"https:\/\/www.myvize.com.tr\/ingiltere\/calisma\/tier-1-girisimci-vizesi\/#breadcrumb\",\"itemListElement\":[{\"@type\":\"ListItem\",\"position\":1,\"name\":\"Anasayfa\",\"item\":\"https:\/\/www.myvize.com.tr\/ingiltere\/\"},{\"@type\":\"ListItem\",\"position\":2,\"name\":\"\u00c7ALI\u015eMA\",\"item\":\"https:\/\/www.myvize.com.tr\/ingiltere\/calisma\/\"},{\"@type\":\"ListItem\",\"position\":3,\"name\":\"\u0130ngiltere Tier 1 Giri\u015fimci Vizesi\"}]},{\"@type\":\"WebSite\",\"@id\":\"https:\/\/www.myvize.com.tr\/ingiltere\/#website\",\"url\":\"https:\/\/www.myvize.com.tr\/ingiltere\/\",\"name\":\"\u0130ngiltere Vize Ba\u015fvuru &amp; \u0130ngiltere Vizesi\",\"description\":\"\",\"potentialAction\":[{\"@type\":\"SearchAction\",\"target\":{\"@type\":\"EntryPoint\",\"urlTemplate\":\"https:\/\/www.myvize.com.tr\/ingiltere\/?s={search_term_string}\"},\"query-input\":{\"@type\":\"PropertyValueSpecification\",\"valueRequired\":true,\"valueName\":\"search_term_string\"}}],\"inLanguage\":\"tr\"}]}<\/script>\n<!-- \/ Yoast SEO plugin. -->","yoast_head_json":{"title":"\u0130ngiltere Tier 1 Giri\u015fimci Vizesi - MyVize","description":"\u0130ngiltere Tier 1 Giri\u015fimci Vizesi Nas\u0131l Al\u0131n\u0131r? \u0130ngiltere Tier 1 Giri\u015fimci Vizesi Ba\u015fvurusu Nas\u0131l Yap\u0131l\u0131r? Bilgi \u0130\u00e7in Aray\u0131n: 0850 346 84 93","robots":{"index":"index","follow":"follow","max-snippet":"max-snippet:-1","max-image-preview":"max-image-preview:large","max-video-preview":"max-video-preview:-1"},"canonical":"https:\/\/www.myvize.com.tr\/ingiltere\/calisma\/tier-1-girisimci-vizesi\/","og_locale":"tr_TR","og_type":"article","og_title":"\u0130ngiltere Tier 1 Giri\u015fimci Vizesi - MyVize","og_description":"\u0130ngiltere Tier 1 Giri\u015fimci Vizesi Nas\u0131l Al\u0131n\u0131r? \u0130ngiltere Tier 1 Giri\u015fimci Vizesi Ba\u015fvurusu Nas\u0131l Yap\u0131l\u0131r? Bilgi \u0130\u00e7in Aray\u0131n: 0850 346 84 93","og_url":"https:\/\/www.myvize.com.tr\/ingiltere\/calisma\/tier-1-girisimci-vizesi\/","og_site_name":"\u0130ngiltere Vize Ba\u015fvuru &amp; \u0130ngiltere Vizesi","article_modified_time":"2022-04-11T11:06:43+00:00","og_image":[{"url":"https:\/\/www.myvize.com.tr\/ingiltere\/wp-content\/uploads\/2021\/09\/54.jpg","type":"","width":"","height":""}],"twitter_card":"summary_large_image","twitter_misc":{"Tahmini okuma s\u00fcresi":"4 dakika"},"schema":{"@context":"https:\/\/schema.org","@graph":[{"@type":"WebPage","@id":"https:\/\/www.myvize.com.tr\/ingiltere\/calisma\/tier-1-girisimci-vizesi\/","url":"https:\/\/www.myvize.com.tr\/ingiltere\/calisma\/tier-1-girisimci-vizesi\/","name":"\u0130ngiltere Tier 1 Giri\u015fimci Vizesi - MyVize","isPartOf":{"@id":"https:\/\/www.myvize.com.tr\/ingiltere\/#website"},"primaryImageOfPage":{"@id":"https:\/\/www.myvize.com.tr\/ingiltere\/calisma\/tier-1-girisimci-vizesi\/#primaryimage"},"image":{"@id":"https:\/\/www.myvize.com.tr\/ingiltere\/calisma\/tier-1-girisimci-vizesi\/#primaryimage"},"thumbnailUrl":"https:\/\/www.myvize.com.tr\/ingiltere\/wp-content\/uploads\/2021\/09\/54.jpg","datePublished":"2020-12-22T14:22:03+00:00","dateModified":"2022-04-11T11:06:43+00:00","description":"\u0130ngiltere Tier 1 Giri\u015fimci Vizesi Nas\u0131l Al\u0131n\u0131r? \u0130ngiltere Tier 1 Giri\u015fimci Vizesi Ba\u015fvurusu Nas\u0131l Yap\u0131l\u0131r? Bilgi \u0130\u00e7in Aray\u0131n: 0850 346 84 93","breadcrumb":{"@id":"https:\/\/www.myvize.com.tr\/ingiltere\/calisma\/tier-1-girisimci-vizesi\/#breadcrumb"},"inLanguage":"tr","potentialAction":[{"@type":"ReadAction","target":["https:\/\/www.myvize.com.tr\/ingiltere\/calisma\/tier-1-girisimci-vizesi\/"]}]},{"@type":"ImageObject","inLanguage":"tr","@id":"https:\/\/www.myvize.com.tr\/ingiltere\/calisma\/tier-1-girisimci-vizesi\/#primaryimage","url":"https:\/\/www.myvize.com.tr\/ingiltere\/wp-content\/uploads\/2021\/09\/54.jpg","contentUrl":"https:\/\/www.myvize.com.tr\/ingiltere\/wp-content\/uploads\/2021\/09\/54.jpg","width":800,"height":500,"caption":"\u0130ngiltere Tier 1 Giri\u015fimci Vizesi"},{"@type":"BreadcrumbList","@id":"https:\/\/www.myvize.com.tr\/ingiltere\/calisma\/tier-1-girisimci-vizesi\/#breadcrumb","itemListElement":[{"@type":"ListItem","position":1,"name":"Anasayfa","item":"https:\/\/www.myvize.com.tr\/ingiltere\/"},{"@type":"ListItem","position":2,"name":"\u00c7ALI\u015eMA","item":"https:\/\/www.myvize.com.tr\/ingiltere\/calisma\/"},{"@type":"ListItem","position":3,"name":"\u0130ngiltere Tier 1 Giri\u015fimci Vizesi"}]},{"@type":"WebSite","@id":"https:\/\/www.myvize.com.tr\/ingiltere\/#website","url":"https:\/\/www.myvize.com.tr\/ingiltere\/","name":"\u0130ngiltere Vize Ba\u015fvuru &amp; \u0130ngiltere Vizesi","description":"","potentialAction":[{"@type":"SearchAction","target":{"@type":"EntryPoint","urlTemplate":"https:\/\/www.myvize.com.tr\/ingiltere\/?s={search_term_string}"},"query-input":{"@type":"PropertyValueSpecification","valueRequired":true,"valueName":"search_term_string"}}],"inLanguage":"tr"}]}},"_links":{"self":[{"href":"https:\/\/www.myvize.com.tr\/ingiltere\/wp-json\/wp\/v2\/pages\/182","targetHints":{"allow":["GET"]}}],"collection":[{"href":"https:\/\/www.myvize.com.tr\/ingiltere\/wp-json\/wp\/v2\/pages"}],"about":[{"href":"https:\/\/www.myvize.com.tr\/ingiltere\/wp-json\/wp\/v2\/types\/page"}],"author":[{"embeddable":true,"href":"https:\/\/www.myvize.com.tr\/ingiltere\/wp-json\/wp\/v2\/users\/1"}],"replies":[{"embeddable":true,"href":"https:\/\/www.myvize.com.tr\/ingiltere\/wp-json\/wp\/v2\/comments?post=182"}],"version-history":[{"count":7,"href":"https:\/\/www.myvize.com.tr\/ingiltere\/wp-json\/wp\/v2\/pages\/182\/revisions"}],"predecessor-version":[{"id":1553,"href":"https:\/\/www.myvize.com.tr\/ingiltere\/wp-json\/wp\/v2\/pages\/182\/revisions\/1553"}],"up":[{"embeddable":true,"href":"https:\/\/www.myvize.com.tr\/ingiltere\/wp-json\/wp\/v2\/pages\/157"}],"wp:attachment":[{"href":"https:\/\/www.myvize.com.tr\/ingiltere\/wp-json\/wp\/v2\/media?parent=182"}],"curies":[{"name":"wp","href":"https:\/\/api.w.org\/{rel}","templated":true}]}}