{"id":190,"date":"2020-12-22T17:23:13","date_gmt":"2020-12-22T14:23:13","guid":{"rendered":"https:\/\/www.myvize.com.tr\/ingiltere\/?page_id=190"},"modified":"2022-08-08T13:12:43","modified_gmt":"2022-08-08T10:12:43","slug":"tier-5-gecici-calisma-vizesi-hayir-iscisi","status":"publish","type":"page","link":"https:\/\/www.myvize.com.tr\/ingiltere\/calisma\/tier-5-gecici-calisma-vizesi-hayir-iscisi\/","title":{"rendered":"Tier 5 Ge\u00e7ici \u00c7al\u0131\u015fma Vizesi (Hay\u0131r \u0130\u015f\u00e7isi)"},"content":{"rendered":"<h2><span style=\"font-family: Roboto; font-size: 27px;\"><strong>\u0130ngiltere Tier 5 Ge\u00e7ici \u00c7al\u0131\u015fma Vizesi (Hay\u0131r \u0130\u015f\u00e7isi) Nedir?<\/strong><\/span><\/h2>\n<p><span style=\"font-family: Roboto; font-size: 14px;\"><strong>Bu ba\u015fl\u0131kta\u00a0<\/strong><strong>\u0130ngiltere Tier 5 Ge\u00e7ici \u00c7al\u0131\u015fma Vizesi (Hay\u0131r \u0130\u015f\u00e7isi)\u00a0<\/strong><strong>nedir? Sorusuna cevap verilmi\u015ftir<\/strong>. Birtak\u0131m hay\u0131r i\u015flerinde istekli olarak ve hi\u00e7 bir \u00fccret almadan \u00e7al\u0131\u015fmak i\u00e7in \u0130ngiltere&#8217;ye yolculuk etmek isteyen \u015fah\u0131slar i\u00e7indir.\u00a0<\/span><\/p>\n<p><span style=\"font-family: Roboto; font-size: 14px;\">\u00c7al\u0131\u015fman\u0131n do\u011frudan sponsor kurumunuzun \u00e7al\u0131\u015fmas\u0131 ile ilgili olmas\u0131 gerekiyor. Bu b\u00f6l\u00fcm alt\u0131nda m\u00fcracaat etmek i\u00e7in, lisansl\u0131 bir Tier 5 sponsor destek kurumundan cari bir sponsorluk evra\u011f\u0131na sahip olmal\u0131s\u0131n\u0131z.<\/span><\/p>\n<p><span style=\"font-family: Roboto; font-size: 14px;\"><strong>\u0130ngiltere \u00e7al\u0131\u015fma vizesi<\/strong>\u00a0Tier 5 i\u00e7in m\u00fcracaat edebilece\u011finiz en erken tarih, \u0130ngiltere\u2019de \u00e7al\u0131\u015faca\u011f\u0131n\u0131z hay\u0131r i\u015finin giri\u015f tarihinden (bu tarih alaca\u011f\u0131n\u0131z sponsorluk evra\u011f\u0131nda olacakt\u0131r) maksimum 3 ay evvelidir.<\/span><\/p>\n<p><span style=\"font-family: Roboto; font-size: 14px;\">\u0130ngiltere Hay\u0131r i\u015f\u00e7ileri\u00a0<strong>Tier 5 muvakkat \u00e7al\u0131\u015fma vizesi<\/strong>\u00a0sayesinde 12 aya dek \u0130ngiltere\u2019de kalabilirsiniz. \u015eayet sponsorluk evra\u011f\u0131n\u0131zda bulunan vaktin 28 g\u00fcn fazlas\u0131, 12 aydan daha az ise \u0130ngiltere\u2019de ikamet edebilece\u011finiz vakit olarak bu vakit kabul edilir.<\/span><\/p>\n<h2><span style=\"font-family: Roboto; font-size: 27px;\"><strong>\u0130ngiltere Tier 5 Ge\u00e7ici \u00c7al\u0131\u015fma Vizesi (Hay\u0131r \u0130\u015f\u00e7isi) Nas\u0131l Al\u0131n\u0131r?<\/strong><\/span><\/h2>\n<p><span style=\"font-family: Roboto; font-size: 14px;\"><strong>Bu ba\u015fl\u0131kta\u00a0<\/strong><strong>\u0130ngiltere Tier 5 Ge\u00e7ici \u00c7al\u0131\u015fma (Hay\u0131r \u0130\u015f\u00e7isi) vizesi<\/strong>\u00a0<strong>nas\u0131l al\u0131n\u0131r?\u00a0<\/strong><strong>Sorusuna cevap verilmi\u015ftir. \u0130ngiltere Tier 5 Ge\u00e7ici \u00c7al\u0131\u015fma (Hay\u0131r \u0130\u015f\u00e7isi) vizesi<\/strong>\u00a0\u00a0i\u00e7in, \u0130ngiltere\u2019deki beraber \u00e7al\u0131\u015faca\u011f\u0131n\u0131z sponsordan alm\u0131\u015f olaca\u011f\u0131n\u0131z sponsorluk evra\u011f\u0131n\u0131n referans numaras\u0131 ile \u0130ngiltere\u2019de ikamet edece\u011finiz vakit s\u00fcresince ge\u00e7iminizi sa\u011flayabilece\u011finizi ispat etmek i\u00e7in 90 g\u00fcn evvel banka hesab\u0131n\u0131za yat\u0131r\u0131lm\u0131\u015f ve minimum 90 g\u00fcn s\u00fcresince hesab\u0131n\u0131zda kalm\u0131\u015f 945 GBP olmas\u0131 gerekiyor.\u00a0<\/span><\/p>\n<p><span style=\"font-family: Roboto; font-size: 14px;\">\u015eayet sponsorluk evra\u011f\u0131 ald\u0131\u011f\u0131n\u0131z sponsor \u0130ngiltere\u2019de tamamen kabul edilmi\u015f A s\u0131n\u0131f\u0131 bir sponsor ise ve sponsorluk evra\u011f\u0131n\u0131zda bak\u0131m\u0131n\u0131z\u0131 \u00fczerine alaca\u011f\u0131n\u0131 ve ikametiniz boyunca destek istemeyece\u011finizi ifade ederse, 945 GBP\u2019lik tasarrufa gereksiniminiz olmayacakt\u0131r.<\/span><\/p>\n<p><span style=\"font-family: Roboto; font-size: 14px;\"><strong>Tier 5 (Hay\u0131r \u0130\u015f\u00e7ileri) vizesi<\/strong>ni s\u00fcrd\u00fcrmek i\u00e7in vizeniz bitmeden m\u00fcracaat yapabilirsiniz. Tier 5 (Ge\u00e7ici Hay\u0131r \u0130\u015f\u00e7ileri) vizesini 12 aya dek ya da sponsorluk evra\u011f\u0131n\u0131zda ifade edilen s\u00fcreye 14 g\u00fcn daha eklenecek bi\u00e7imde uzatma yapabilirsiniz (hangisi daha k\u0131sa ise onu se\u00e7meniz gerekiyor).<\/span><\/p>\n<h2><span style=\"font-family: Roboto; font-size: 27px;\"><strong>\u0130ngiltere Tier 5 \u00c7al\u0131\u015fma Vizesi (Hay\u0131r \u0130\u015f\u00e7isi) Nereden Al\u0131n\u0131r?<\/strong><\/span><\/h2>\n<p><span style=\"font-family: Roboto; font-size: 14px;\">Bu ba\u015fl\u0131kta\u00a0<strong>\u0130ngiltere Tier 5 \u00c7al\u0131\u015fma Vizesi (Hay\u0131r \u0130\u015f\u00e7isi) nereden al\u0131n\u0131r?<\/strong><strong>\u00a0<\/strong>Sorusuna cevap verilmi\u015ftir.<\/span><\/p>\n<p><span style=\"font-family: Roboto; font-size: 14px;\"><strong>\u0130ngiltere Konsoloslu\u011fu, Tier 5 vize i\u015flemlerinin<\/strong>\u00a0ba\u015fvurular\u0131n\u0131 do\u011frudan kabul etmiyor. \u0130ngiltere Konsoloslu\u011fu\u2019na ait resmi internet sitesi Visa4UK \u00fcst\u00fcnden \u00e7evrimi\u00e7i olarak m\u00fcracaat yap\u0131l\u0131yor. Tier 5 vizesi prosed\u00fcrleri i\u00e7in m\u00fcracaatlar, \u0130ngiltere \u0130\u00e7i\u015fleri Bakanl\u0131\u011f\u0131-Hudut Muhafaza Dairesi (UKBA) arac\u0131l\u0131\u011f\u0131 ile salahiyetlendirilmi\u015f \u0130ngiltere vize m\u00fcracaat merkezleri ve yetkili olmu\u015f yolculuk acenteleri vas\u0131tas\u0131 ile kabul ediliyor.<\/span><\/p>\n<p><span style=\"font-family: Roboto; font-size: 14px;\">\u0130ngiltere\u2019de ge\u00e7ici \u00e7al\u0131\u015fma program\u0131 olan \u015fah\u0131slar, \u0130ngiltere Tier 5 vize i\u015flem m\u00fcracaatlar\u0131n\u0131 yolculuklar\u0131ndan 3 ay evvel planlamalar\u0131nda yarar bulunuyor.\u00a0 \u0130ngiltere Konsoloslu\u011fu, Tier 5 \u00d6\u011frenci vize m\u00fcracaatlar\u0131n\u0131\u00a0<strong>3 hafta\u00a0<\/strong>i\u00e7erisinde neticelendiriyor.<\/span><\/p>\n<p><span style=\"font-family: Roboto; font-size: 14px;\"><span style=\"color: #2acec2;\"><strong><a style=\"color: #2acec2;\" href=\"https:\/\/www.myvize.com.tr\/ingiltere\/konsolosluklar\/\" target=\"_blank\" rel=\"noopener\">\u0130ngiltere Konsoloslu\u011fu<\/a><\/strong><\/span>,\u00a0<strong>muvakkat TIER 5 \u00e7al\u0131\u015fma vizesi\u00a0<\/strong>ile i\u015f faaliyeti s\u00fcrd\u00fcrmesi laz\u0131m olan \u015fah\u0131slara, program s\u00fcresi kadar vize tan\u0131n\u0131yor. \u0130ngiliz H\u00fck\u00fcmeti arac\u0131l\u0131\u011f\u0131yla yeni \u201cBiyometrik \u0130kamet \u0130cazeti\u201d uygulamas\u0131n\u0131n y\u00fcr\u00fcrl\u00fc\u011fe konulmas\u0131ndan dolay\u0131 vize m\u00fcracaatlar\u0131na 30 g\u00fcn vakitli vize (&#8216;vignette sticker&#8217;) onay\u0131 veriliyor.<\/span><\/p>\n<h3><span style=\"font-family: Roboto; font-size: 24px;\"><strong>\u0130ngiltere Tier 5 Ge\u00e7ici \u00c7al\u0131\u015fma Vizesi (Hay\u0131r \u0130\u015f\u00e7isi) Ka\u00e7 G\u00fcnde \u00c7\u0131kar?<\/strong><\/span><\/h3>\n<p><span style=\"font-family: Roboto; font-size: 14px;\">Bu ba\u015fl\u0131kta\u00a0<strong>\u0130ngiltere Tier 5 Ge\u00e7ici \u00c7al\u0131\u015fma Vizesi (Hay\u0131r \u0130\u015f\u00e7isi) Ka\u00e7 G\u00fcnde \u00c7\u0131kar?<\/strong><strong>\u00a0<\/strong>Sorusuna cevap verilmi\u015ftir.<\/span><\/p>\n<p><span style=\"font-family: Roboto; font-size: 14px;\"><strong>Tier 5 \u0130ngiltere vizesi m\u00fcracaatlar\u0131\u00a0<\/strong>i\u00e7in laz\u0131m olan belgeler d\u00fczenlendi\u011finde m\u00fcracaat sahibi bizzat kendisi\u00a0<strong>\u0130ngiltere Vize Ba\u015fvuru Merkezinde<\/strong>\u00a0yer alarak parmak izi ve biometrik foto\u011fraf i\u015flemlerini tamamlar. T\u00fcm i\u015flemler usul\u00fcne uygun bi\u00e7imde yerine getirildi\u011finde evraklar \u0130stanbul Ba\u015fkonsoloslu\u011fu arac\u0131l\u0131\u011f\u0131 ile yorumlanarak neticeye ba\u011flan\u0131r. M\u00fcracaatlar sunulan belgeler \u00e7er\u00e7evesinde de\u011ferlendiriliyor.\u00a0<strong>\u0130ngiltere tier 5 vize m\u00fcracaatlar\u0131<\/strong>\u00a0tahmini 15 i\u015f g\u00fcn\u00fc i\u00e7inde sonu\u00e7land\u0131r\u0131l\u0131yor. Ama \u0130stanbul Ba\u015fkonsoloslu\u011funun i\u015f y\u00fck\u00fcne ve resmi tatillerin pozisyonuna g\u00f6re m\u00fcracaatlar\u0131n yorumlanmas\u0131 uzun s\u00fcrebilir. Tier 5 vize m\u00fcracaatlar\u0131 i\u00e7in Priority ile hizmetinden faydalanmak m\u00fcmk\u00fcn oluyor.<strong>\u00a0Priority Services<\/strong>\u00a0ile m\u00fcracaatlar\u0131n\u00a0\u00a0<strong>neticelenme vaktini\u00a0<\/strong>3 ile 5 i\u015f g\u00fcn\u00fcne indirgemek m\u00fcmk\u00fcn oluyor.\u00a0<strong>Super Priority Services<\/strong>\u00a0ise yaln\u0131zca \u0130stanbul&#8217;dan yap\u0131lan m\u00fcracaatlar i\u00e7in\u00a0<strong>neticelenme s\u00fcresini<\/strong>\u00a024 saate indiriyor. Laz\u0131m olan ek hizmet \u00fccretlerinin \u00f6denmesi halinde \u00f6ncelikli servislerden faydalanabiliyor.<\/span><\/p>\n","protected":false},"excerpt":{"rendered":"<p>\u0130ngiltere Tier 5 Ge\u00e7ici \u00c7al\u0131\u015fma Vizesi (Hay\u0131r \u0130\u015f\u00e7isi) Nedir? Bu ba\u015fl\u0131kta\u00a0\u0130ngiltere Tier 5 Ge\u00e7ici \u00c7al\u0131\u015fma Vizesi (Hay\u0131r \u0130\u015f\u00e7isi)\u00a0nedir? Sorusuna cevap verilmi\u015ftir. Birtak\u0131m hay\u0131r i\u015flerinde istekli olarak ve hi\u00e7 bir \u00fccret almadan \u00e7al\u0131\u015fmak i\u00e7in \u0130ngiltere&#8217;ye yolculuk etmek isteyen \u015fah\u0131slar i\u00e7indir.\u00a0 \u00c7al\u0131\u015fman\u0131n do\u011frudan sponsor kurumunuzun \u00e7al\u0131\u015fmas\u0131 ile ilgili olmas\u0131 gerekiyor. Bu b\u00f6l\u00fcm alt\u0131nda m\u00fcracaat etmek i\u00e7in, lisansl\u0131<\/p>\n","protected":false},"author":1,"featured_media":0,"parent":157,"menu_order":0,"comment_status":"open","ping_status":"closed","template":"","meta":{"footnotes":""},"class_list":["post-190","page","type-page","status-publish","hentry"],"yoast_head":"<!-- This site is optimized with the Yoast SEO plugin v24.0 - https:\/\/yoast.com\/wordpress\/plugins\/seo\/ -->\n<title>Tier 5 Ge\u00e7ici \u00c7al\u0131\u015fma Vizesi (Hay\u0131r \u0130\u015f\u00e7isi) - MyVize<\/title>\n<meta name=\"description\" content=\"\u0130ngiltere Tier 5 Ge\u00e7ici \u00c7al\u0131\u015fma Vizesi (Hay\u0131r \u0130\u015f\u00e7isi) Nas\u0131l Al\u0131n\u0131r? \u0130ngiltere Tier 5 Ge\u00e7ici \u00c7al\u0131\u015fma Vizesi (Hay\u0131r \u0130\u015f\u00e7isi) Gereken Evraklar.\" \/>\n<meta name=\"robots\" content=\"index, follow, max-snippet:-1, max-image-preview:large, max-video-preview:-1\" \/>\n<link rel=\"canonical\" href=\"https:\/\/www.myvize.com.tr\/ingiltere\/calisma\/tier-5-gecici-calisma-vizesi-hayir-iscisi\/\" \/>\n<meta property=\"og:locale\" content=\"tr_TR\" \/>\n<meta property=\"og:type\" content=\"article\" \/>\n<meta property=\"og:title\" content=\"Tier 5 Ge\u00e7ici \u00c7al\u0131\u015fma Vizesi (Hay\u0131r \u0130\u015f\u00e7isi) - MyVize\" \/>\n<meta property=\"og:description\" content=\"\u0130ngiltere Tier 5 Ge\u00e7ici \u00c7al\u0131\u015fma Vizesi (Hay\u0131r \u0130\u015f\u00e7isi) Nas\u0131l Al\u0131n\u0131r? \u0130ngiltere Tier 5 Ge\u00e7ici \u00c7al\u0131\u015fma Vizesi (Hay\u0131r \u0130\u015f\u00e7isi) Gereken Evraklar.\" \/>\n<meta property=\"og:url\" content=\"https:\/\/www.myvize.com.tr\/ingiltere\/calisma\/tier-5-gecici-calisma-vizesi-hayir-iscisi\/\" \/>\n<meta property=\"og:site_name\" content=\"\u0130ngiltere Vize Ba\u015fvuru &amp; \u0130ngiltere Vizesi\" \/>\n<meta property=\"article:modified_time\" content=\"2022-08-08T10:12:43+00:00\" \/>\n<meta name=\"twitter:card\" content=\"summary_large_image\" \/>\n<meta name=\"twitter:label1\" content=\"Tahmini okuma s\u00fcresi\" \/>\n\t<meta name=\"twitter:data1\" content=\"3 dakika\" \/>\n<script type=\"application\/ld+json\" class=\"yoast-schema-graph\">{\"@context\":\"https:\/\/schema.org\",\"@graph\":[{\"@type\":\"WebPage\",\"@id\":\"https:\/\/www.myvize.com.tr\/ingiltere\/calisma\/tier-5-gecici-calisma-vizesi-hayir-iscisi\/\",\"url\":\"https:\/\/www.myvize.com.tr\/ingiltere\/calisma\/tier-5-gecici-calisma-vizesi-hayir-iscisi\/\",\"name\":\"Tier 5 Ge\u00e7ici \u00c7al\u0131\u015fma Vizesi (Hay\u0131r \u0130\u015f\u00e7isi) - MyVize\",\"isPartOf\":{\"@id\":\"https:\/\/www.myvize.com.tr\/ingiltere\/#website\"},\"datePublished\":\"2020-12-22T14:23:13+00:00\",\"dateModified\":\"2022-08-08T10:12:43+00:00\",\"description\":\"\u0130ngiltere Tier 5 Ge\u00e7ici \u00c7al\u0131\u015fma Vizesi (Hay\u0131r \u0130\u015f\u00e7isi) Nas\u0131l Al\u0131n\u0131r? \u0130ngiltere Tier 5 Ge\u00e7ici \u00c7al\u0131\u015fma Vizesi (Hay\u0131r \u0130\u015f\u00e7isi) Gereken Evraklar.\",\"breadcrumb\":{\"@id\":\"https:\/\/www.myvize.com.tr\/ingiltere\/calisma\/tier-5-gecici-calisma-vizesi-hayir-iscisi\/#breadcrumb\"},\"inLanguage\":\"tr\",\"potentialAction\":[{\"@type\":\"ReadAction\",\"target\":[\"https:\/\/www.myvize.com.tr\/ingiltere\/calisma\/tier-5-gecici-calisma-vizesi-hayir-iscisi\/\"]}]},{\"@type\":\"BreadcrumbList\",\"@id\":\"https:\/\/www.myvize.com.tr\/ingiltere\/calisma\/tier-5-gecici-calisma-vizesi-hayir-iscisi\/#breadcrumb\",\"itemListElement\":[{\"@type\":\"ListItem\",\"position\":1,\"name\":\"Anasayfa\",\"item\":\"https:\/\/www.myvize.com.tr\/ingiltere\/\"},{\"@type\":\"ListItem\",\"position\":2,\"name\":\"\u00c7ALI\u015eMA\",\"item\":\"https:\/\/www.myvize.com.tr\/ingiltere\/calisma\/\"},{\"@type\":\"ListItem\",\"position\":3,\"name\":\"Tier 5 Ge\u00e7ici \u00c7al\u0131\u015fma Vizesi (Hay\u0131r \u0130\u015f\u00e7isi)\"}]},{\"@type\":\"WebSite\",\"@id\":\"https:\/\/www.myvize.com.tr\/ingiltere\/#website\",\"url\":\"https:\/\/www.myvize.com.tr\/ingiltere\/\",\"name\":\"\u0130ngiltere Vize Ba\u015fvuru &amp; \u0130ngiltere Vizesi\",\"description\":\"\",\"potentialAction\":[{\"@type\":\"SearchAction\",\"target\":{\"@type\":\"EntryPoint\",\"urlTemplate\":\"https:\/\/www.myvize.com.tr\/ingiltere\/?s={search_term_string}\"},\"query-input\":{\"@type\":\"PropertyValueSpecification\",\"valueRequired\":true,\"valueName\":\"search_term_string\"}}],\"inLanguage\":\"tr\"}]}<\/script>\n<!-- \/ Yoast SEO plugin. -->","yoast_head_json":{"title":"Tier 5 Ge\u00e7ici \u00c7al\u0131\u015fma Vizesi (Hay\u0131r \u0130\u015f\u00e7isi) - MyVize","description":"\u0130ngiltere Tier 5 Ge\u00e7ici \u00c7al\u0131\u015fma Vizesi (Hay\u0131r \u0130\u015f\u00e7isi) Nas\u0131l Al\u0131n\u0131r? \u0130ngiltere Tier 5 Ge\u00e7ici \u00c7al\u0131\u015fma Vizesi (Hay\u0131r \u0130\u015f\u00e7isi) Gereken Evraklar.","robots":{"index":"index","follow":"follow","max-snippet":"max-snippet:-1","max-image-preview":"max-image-preview:large","max-video-preview":"max-video-preview:-1"},"canonical":"https:\/\/www.myvize.com.tr\/ingiltere\/calisma\/tier-5-gecici-calisma-vizesi-hayir-iscisi\/","og_locale":"tr_TR","og_type":"article","og_title":"Tier 5 Ge\u00e7ici \u00c7al\u0131\u015fma Vizesi (Hay\u0131r \u0130\u015f\u00e7isi) - MyVize","og_description":"\u0130ngiltere Tier 5 Ge\u00e7ici \u00c7al\u0131\u015fma Vizesi (Hay\u0131r \u0130\u015f\u00e7isi) Nas\u0131l Al\u0131n\u0131r? \u0130ngiltere Tier 5 Ge\u00e7ici \u00c7al\u0131\u015fma Vizesi (Hay\u0131r \u0130\u015f\u00e7isi) Gereken Evraklar.","og_url":"https:\/\/www.myvize.com.tr\/ingiltere\/calisma\/tier-5-gecici-calisma-vizesi-hayir-iscisi\/","og_site_name":"\u0130ngiltere Vize Ba\u015fvuru &amp; \u0130ngiltere Vizesi","article_modified_time":"2022-08-08T10:12:43+00:00","twitter_card":"summary_large_image","twitter_misc":{"Tahmini okuma s\u00fcresi":"3 dakika"},"schema":{"@context":"https:\/\/schema.org","@graph":[{"@type":"WebPage","@id":"https:\/\/www.myvize.com.tr\/ingiltere\/calisma\/tier-5-gecici-calisma-vizesi-hayir-iscisi\/","url":"https:\/\/www.myvize.com.tr\/ingiltere\/calisma\/tier-5-gecici-calisma-vizesi-hayir-iscisi\/","name":"Tier 5 Ge\u00e7ici \u00c7al\u0131\u015fma Vizesi (Hay\u0131r \u0130\u015f\u00e7isi) - MyVize","isPartOf":{"@id":"https:\/\/www.myvize.com.tr\/ingiltere\/#website"},"datePublished":"2020-12-22T14:23:13+00:00","dateModified":"2022-08-08T10:12:43+00:00","description":"\u0130ngiltere Tier 5 Ge\u00e7ici \u00c7al\u0131\u015fma Vizesi (Hay\u0131r \u0130\u015f\u00e7isi) Nas\u0131l Al\u0131n\u0131r? \u0130ngiltere Tier 5 Ge\u00e7ici \u00c7al\u0131\u015fma Vizesi (Hay\u0131r \u0130\u015f\u00e7isi) Gereken Evraklar.","breadcrumb":{"@id":"https:\/\/www.myvize.com.tr\/ingiltere\/calisma\/tier-5-gecici-calisma-vizesi-hayir-iscisi\/#breadcrumb"},"inLanguage":"tr","potentialAction":[{"@type":"ReadAction","target":["https:\/\/www.myvize.com.tr\/ingiltere\/calisma\/tier-5-gecici-calisma-vizesi-hayir-iscisi\/"]}]},{"@type":"BreadcrumbList","@id":"https:\/\/www.myvize.com.tr\/ingiltere\/calisma\/tier-5-gecici-calisma-vizesi-hayir-iscisi\/#breadcrumb","itemListElement":[{"@type":"ListItem","position":1,"name":"Anasayfa","item":"https:\/\/www.myvize.com.tr\/ingiltere\/"},{"@type":"ListItem","position":2,"name":"\u00c7ALI\u015eMA","item":"https:\/\/www.myvize.com.tr\/ingiltere\/calisma\/"},{"@type":"ListItem","position":3,"name":"Tier 5 Ge\u00e7ici \u00c7al\u0131\u015fma Vizesi (Hay\u0131r \u0130\u015f\u00e7isi)"}]},{"@type":"WebSite","@id":"https:\/\/www.myvize.com.tr\/ingiltere\/#website","url":"https:\/\/www.myvize.com.tr\/ingiltere\/","name":"\u0130ngiltere Vize Ba\u015fvuru &amp; \u0130ngiltere Vizesi","description":"","potentialAction":[{"@type":"SearchAction","target":{"@type":"EntryPoint","urlTemplate":"https:\/\/www.myvize.com.tr\/ingiltere\/?s={search_term_string}"},"query-input":{"@type":"PropertyValueSpecification","valueRequired":true,"valueName":"search_term_string"}}],"inLanguage":"tr"}]}},"_links":{"self":[{"href":"https:\/\/www.myvize.com.tr\/ingiltere\/wp-json\/wp\/v2\/pages\/190","targetHints":{"allow":["GET"]}}],"collection":[{"href":"https:\/\/www.myvize.com.tr\/ingiltere\/wp-json\/wp\/v2\/pages"}],"about":[{"href":"https:\/\/www.myvize.com.tr\/ingiltere\/wp-json\/wp\/v2\/types\/page"}],"author":[{"embeddable":true,"href":"https:\/\/www.myvize.com.tr\/ingiltere\/wp-json\/wp\/v2\/users\/1"}],"replies":[{"embeddable":true,"href":"https:\/\/www.myvize.com.tr\/ingiltere\/wp-json\/wp\/v2\/comments?post=190"}],"version-history":[{"count":5,"href":"https:\/\/www.myvize.com.tr\/ingiltere\/wp-json\/wp\/v2\/pages\/190\/revisions"}],"predecessor-version":[{"id":1639,"href":"https:\/\/www.myvize.com.tr\/ingiltere\/wp-json\/wp\/v2\/pages\/190\/revisions\/1639"}],"up":[{"embeddable":true,"href":"https:\/\/www.myvize.com.tr\/ingiltere\/wp-json\/wp\/v2\/pages\/157"}],"wp:attachment":[{"href":"https:\/\/www.myvize.com.tr\/ingiltere\/wp-json\/wp\/v2\/media?parent=190"}],"curies":[{"name":"wp","href":"https:\/\/api.w.org\/{rel}","templated":true}]}}