{"id":196,"date":"2020-12-22T17:24:18","date_gmt":"2020-12-22T14:24:18","guid":{"rendered":"https:\/\/www.myvize.com.tr\/ingiltere\/?page_id=196"},"modified":"2022-08-15T14:56:11","modified_gmt":"2022-08-15T11:56:11","slug":"tier-5-gecici-calisma-vizesi-uluslararasi-anlasma","status":"publish","type":"page","link":"https:\/\/www.myvize.com.tr\/ingiltere\/calisma\/tier-5-gecici-calisma-vizesi-uluslararasi-anlasma\/","title":{"rendered":"Tier 5 Ge\u00e7ici \u00c7al\u0131\u015fma Vizesi (Uluslararas\u0131 Anla\u015fma)"},"content":{"rendered":"<h2><span style=\"font-family: Roboto; font-size: 27px;\"><strong>\u0130ngiltere Tier 5 Ge\u00e7ici \u00c7al\u0131\u015fma Vizesi (Uluslararas\u0131 Anla\u015fma) Nedir?<\/strong><\/span><\/h2>\n<p><span style=\"font-family: Roboto; font-size: 14px;\"><strong>\u0130ngiltere Tier 5 ge\u00e7ici \u00e7al\u0131\u015fma vizesi<\/strong> (uluslararas\u0131 anla\u015fma) nedir sorusunun yan\u0131t\u0131n\u0131 merak ediyorsan\u0131z bu yaz\u0131y\u0131 okumaya devam ediniz. \u0130ngiltere \u00fclkesinde g\u00f6n\u00fcll\u00fc bir bi\u00e7imde hay\u0131r \u00e7al\u0131\u015fmalar\u0131nda ya da staja kat\u0131lma amac\u0131yla \u0130ngiltere\u2019de belli bir zaman ba\u015fvuru sahibinin \u00e7al\u0131\u015fmas\u0131na olanak tan\u0131yan vize kategorisi Birle\u015fik Krall\u0131k Tier 5 Ge\u00e7ici \u00c7al\u0131\u015fma Vizesi olarak bilinmektedir. Tier 5 vizesi,<strong> \u0130ngiltere Hudut Muhafaza Dairesi<\/strong> yani UKBA taraf\u0131ndan \u00e7al\u0131\u015fma vizesi halinde de verilmektedir diyebiliriz. <span style=\"color: #2acec2;\"><strong><a style=\"color: #2acec2;\" href=\"https:\/\/www.myvize.com.tr\/ingiltere\/konsolosluklar\/\" target=\"_blank\" rel=\"noopener\">\u0130ngiltere Konsoloslu\u011fu <\/a><\/strong><\/span>Tier 5 ge\u00e7ici \u00e7al\u0131\u015fma vizesine dair t\u00fcm ba\u015fvurular\u0131 \u0130ngiltere \u0130\u00e7i\u015fleri Bakanl\u0131\u011f\u0131 Hudut Muhafaza Dairesi arac\u0131l\u0131\u011f\u0131 ile yetki verilmi\u015f vize ba\u015fvuru merkezleriyle onaylamaktad\u0131r. Euroasia GVS, Tier 5 vizesine dair ba\u015fvurular\u0131 onaylayan merkezlerin ba\u015f\u0131d\u0131r. \u0130ngiltere Tier 5 ge\u00e7ici \u00e7al\u0131\u015fma vizesi i\u015flem ba\u015fvurular\u0131n\u0131 bu kanaldan y\u00f6netmektedir. Fakat b\u00fct\u00fcn \u0130ngiltere\u2019nin sonu\u00e7lar\u0131na i\u00e7i\u015fleri bakanl\u0131\u011f\u0131 bakmaktad\u0131r. Bunu da hi\u00e7bir hal\u00fckarda elbette unutmamak gerekiyor.<\/span><\/p>\n<h2><span style=\"font-family: Roboto; font-size: 27px;\"><strong>\u0130ngiltere Tier 5 Ge\u00e7ici \u00c7al\u0131\u015fma Vizesi (Uluslararas\u0131 Anla\u015fma) Nas\u0131l Al\u0131n\u0131r?<\/strong><\/span><\/h2>\n<p><span style=\"font-family: Roboto; font-size: 14px;\">\u0130ngiltere Tier 5 ge\u00e7ici \u00e7al\u0131\u015fma vizesi (uluslararas\u0131 anla\u015fma) nas\u0131l al\u0131n\u0131r sorusunun yan\u0131t\u0131 ile huzurlar\u0131n\u0131z\u0131 ziyaret ediyoruz. Siz de bu \u00f6nemli sorunun as\u0131l yan\u0131t\u0131n\u0131 merak ediyorsan\u0131z bu yaz\u0131m\u0131z\u0131 mutlaka inceleyin deriz. Birle\u015fik Krall\u0131k nezdinde netle\u015ftirilmi\u015f i\u015flerde misyon \u00fcstlenmek \u00fczere s\u00f6zle\u015fme yapman\u0131z halinde ba\u015fvurman\u0131z gereken vize \u00e7e\u015fidi Tier 5 ge\u00e7ici \u00e7al\u0131\u015fma izni vizesidir. Tier 5 vizesinin ilk ko\u015fulu ise \u0130ngiltere \u00fclkesinde lisansl\u0131 olan bir sponsor arac\u0131l\u0131\u011f\u0131 ile istihdam edilmek yani bir i\u015fe konmakt\u0131r. Ba\u015fvuru sahibi olan ki\u015finin sponsorun teklif etmi\u015f oldu\u011fu i\u015f konusunda uygun olmas\u0131 da \u00e7ok m\u00fchimdir ve gereklidir. Ba\u015fvuru sahibi olan birey sponsordan alm\u0131\u015f oldu\u011fu lisansl\u0131 sponsorluk sertifikas\u0131 ile Uluslararas\u0131 Anla\u015fma kapsam\u0131 i\u00e7erisinde Tier 5 ge\u00e7ici \u00e7al\u0131\u015fma izni vizesi konusunda ba\u015fvuruda bizzat bulunabilir. Sponsor, vize ba\u015fvurusu s\u0131ras\u0131nda gereksinim duyulan her bir bilgiyi de sunmakla y\u00fck\u00fcml\u00fcd\u00fcr.<\/span><\/p>\n<h2><span style=\"font-family: Roboto; font-size: 27px;\"><strong>\u0130ngiltere Tier 5 Ge\u00e7ici \u00c7al\u0131\u015fma Vizesi (Uluslararas\u0131 Anla\u015fma) Nereden Al\u0131n\u0131r?<\/strong><\/span><\/h2>\n<p><span style=\"font-family: Roboto; font-size: 14px;\">\u0130ngiltere Tier 5 ge\u00e7ici \u00e7al\u0131\u015fma vizesi (uluslararas\u0131 anla\u015fma) nereden al\u0131n\u0131r sorusunun cevab\u0131n\u0131 merak eden herkes bu yaz\u0131da bir araya geliyor. \u0130ngiltere Tier 5 ge\u00e7ici \u00e7al\u0131\u015fma vizesi her daim \u0130ngiltere \u0130\u00e7i\u015fleri Bakanl\u0131\u011f\u0131 Hudut Muhafaza Dairesi\u2019ne ba\u015fvurularak al\u0131n\u0131r. Uluslararas\u0131 anla\u015fma vizesi konusunda i\u015f pozisyonunuz sertifikan\u0131zda yer alan sponsorun firmas\u0131 ile tutarl\u0131 halde olmal\u0131d\u0131r. Ge\u00e7ici \u00e7al\u0131\u015fma vizesine en erken \u00e7al\u0131\u015fmaya ba\u015flama tarihinize \u00fc\u00e7 ay kadarl\u0131k bir zaman kala ba\u015fvurabilece\u011finizi bilmelisiniz. \u0130\u015fe ba\u015flama tarihiniz sponsorluk sertifikan\u0131zda netle\u015fmi\u015f olmak zorundad\u0131r. \u0130ngiltere\u2019de e\u011fitim g\u00f6rme durumunuz olabilir. Bunun i\u00e7in de Akademik Teknoloji Sertifikas\u0131 almal\u0131s\u0131n\u0131z. E\u011fitiminizin sponsorluk alm\u0131\u015f oldu\u011funuz i\u015fi ilerletmeniz konusunda engel yaratmamas\u0131 laz\u0131md\u0131r. Sponsorluk belgenizde yer alan i\u015fte \u00e7al\u0131\u015fman\u0131z tutarl\u0131l\u0131\u011f\u0131n\u0131z\u0131 kan\u0131tlar. Tier 2 vizesinde belirtilen i\u015flerden bir tanesinde ikinci bir i\u015f \u015feklinde de \u00e7al\u0131\u015fabilirsiniz. T\u00fcm bu ayr\u0131nt\u0131lar\u0131n her daim \u00f6nem arz etti\u011fini unutmamal\u0131s\u0131n\u0131z.<\/span><\/p>\n<h3><span style=\"font-family: Roboto; font-size: 24px;\"><strong>\u0130ngiltere Tier 5 Ge\u00e7ici \u00c7al\u0131\u015fma Vizesi (Uluslararas\u0131 Anla\u015fma) Ka\u00e7 G\u00fcnde \u00c7\u0131kar?<\/strong><\/span><\/h3>\n<p><span style=\"font-family: Roboto; font-size: 14px;\">\u0130ngiltere Tier 5 ge\u00e7ici \u00e7al\u0131\u015fma vizesi (uluslararas\u0131 anla\u015fma) ka\u00e7 g\u00fcnde \u00e7\u0131kar sorusunun cevab\u0131 \u00e7ok \u00f6nemlidir. O halde haydi gelin size bu sorunun en net cevab\u0131n\u0131 vermi\u015f olal\u0131m. <strong>\u0130ngiltere Konsoloslu\u011fu Tier 5 vizesi<\/strong> ba\u015fvurular\u0131n\u0131 \u00fc\u00e7 haftal\u0131k bir s\u00fcre\u00e7 i\u00e7erisinde sonuca ba\u011flamaktad\u0131r. Tier 5 vizesine ba\u015fvuruda bulunacak olan bireyler bu ba\u015fvuruyu \u00fc\u00e7 ay \u00f6ncesinden netle\u015ftirerek yolculuk gayelerini ve kalma zamanlar\u0131n\u0131 yetkililere s\u00f6yleyerek ba\u015fvurular\u0131n\u0131 bizzat ger\u00e7ekle\u015ftirmi\u015f olmal\u0131d\u0131rlar. E\u011fer siz de bu vize t\u00fcr\u00fc i\u00e7in ba\u015fvuruda bulunmak gibi bir niyet ta\u015f\u0131yorsan\u0131z bu i\u015flemleri kesinlikle sizin de yapman\u0131z \u00e7ok \u00f6nemlidir. Her a\u00e7\u0131dan sorunsuz bir s\u00fcre\u00e7 ge\u00e7irmek ad\u0131na sizden istenen her \u015feyi yerine getirmeye \u00e7al\u0131\u015fman\u0131z\u0131 tavsiye ederiz. Bu \u015fekilde herhangi bir can s\u0131k\u0131c\u0131 durum ile de kar\u015f\u0131la\u015fmam\u0131\u015f olaca\u011f\u0131n\u0131z\u0131 bilmelisiniz. \u015eimdiden sizlere bu konuda kolayl\u0131klar diliyoruz. Bir vize ba\u015fvuru merkezinden yard\u0131m alabilirsiniz.<\/span><\/p>\n","protected":false},"excerpt":{"rendered":"<p>\u0130ngiltere Tier 5 Ge\u00e7ici \u00c7al\u0131\u015fma Vizesi (Uluslararas\u0131 Anla\u015fma) Nedir? \u0130ngiltere Tier 5 ge\u00e7ici \u00e7al\u0131\u015fma vizesi (uluslararas\u0131 anla\u015fma) nedir sorusunun yan\u0131t\u0131n\u0131 merak ediyorsan\u0131z bu yaz\u0131y\u0131 okumaya devam ediniz. \u0130ngiltere \u00fclkesinde g\u00f6n\u00fcll\u00fc bir bi\u00e7imde hay\u0131r \u00e7al\u0131\u015fmalar\u0131nda ya da staja kat\u0131lma amac\u0131yla \u0130ngiltere\u2019de belli bir zaman ba\u015fvuru sahibinin \u00e7al\u0131\u015fmas\u0131na olanak tan\u0131yan vize kategorisi Birle\u015fik Krall\u0131k Tier 5 Ge\u00e7ici<\/p>\n","protected":false},"author":1,"featured_media":0,"parent":157,"menu_order":0,"comment_status":"open","ping_status":"closed","template":"","meta":{"footnotes":""},"class_list":["post-196","page","type-page","status-publish","hentry"],"yoast_head":"<!-- This site is optimized with the Yoast SEO plugin v24.0 - https:\/\/yoast.com\/wordpress\/plugins\/seo\/ -->\n<title>Tier 5 Ge\u00e7ici \u00c7al\u0131\u015fma Vize (Uluslararas\u0131 Anla\u015fma) - MyVize<\/title>\n<meta name=\"description\" content=\"\u0130ngiltere Tier 5 Ge\u00e7ici \u00c7al\u0131\u015fma Vize(Uluslararas\u0131 Anla\u015fma) Nas\u0131l Al\u0131n\u0131r? \u0130ngiltere Tier 5 Ge\u00e7ici \u00c7al\u0131\u015fma Vize(Uluslararas\u0131 Anla\u015fma) \u00dccreti.\" \/>\n<meta name=\"robots\" content=\"index, follow, max-snippet:-1, max-image-preview:large, max-video-preview:-1\" \/>\n<link rel=\"canonical\" href=\"https:\/\/www.myvize.com.tr\/ingiltere\/calisma\/tier-5-gecici-calisma-vizesi-uluslararasi-anlasma\/\" \/>\n<meta property=\"og:locale\" content=\"tr_TR\" \/>\n<meta property=\"og:type\" content=\"article\" \/>\n<meta property=\"og:title\" content=\"Tier 5 Ge\u00e7ici \u00c7al\u0131\u015fma Vize (Uluslararas\u0131 Anla\u015fma) - MyVize\" \/>\n<meta property=\"og:description\" content=\"\u0130ngiltere Tier 5 Ge\u00e7ici \u00c7al\u0131\u015fma Vize(Uluslararas\u0131 Anla\u015fma) Nas\u0131l Al\u0131n\u0131r? \u0130ngiltere Tier 5 Ge\u00e7ici \u00c7al\u0131\u015fma Vize(Uluslararas\u0131 Anla\u015fma) \u00dccreti.\" \/>\n<meta property=\"og:url\" content=\"https:\/\/www.myvize.com.tr\/ingiltere\/calisma\/tier-5-gecici-calisma-vizesi-uluslararasi-anlasma\/\" \/>\n<meta property=\"og:site_name\" content=\"\u0130ngiltere Vize Ba\u015fvuru &amp; \u0130ngiltere Vizesi\" \/>\n<meta property=\"article:modified_time\" content=\"2022-08-15T11:56:11+00:00\" \/>\n<meta name=\"twitter:card\" content=\"summary_large_image\" \/>\n<meta name=\"twitter:label1\" content=\"Tahmini okuma s\u00fcresi\" \/>\n\t<meta name=\"twitter:data1\" content=\"3 dakika\" \/>\n<script type=\"application\/ld+json\" class=\"yoast-schema-graph\">{\"@context\":\"https:\/\/schema.org\",\"@graph\":[{\"@type\":\"WebPage\",\"@id\":\"https:\/\/www.myvize.com.tr\/ingiltere\/calisma\/tier-5-gecici-calisma-vizesi-uluslararasi-anlasma\/\",\"url\":\"https:\/\/www.myvize.com.tr\/ingiltere\/calisma\/tier-5-gecici-calisma-vizesi-uluslararasi-anlasma\/\",\"name\":\"Tier 5 Ge\u00e7ici \u00c7al\u0131\u015fma Vize (Uluslararas\u0131 Anla\u015fma) - MyVize\",\"isPartOf\":{\"@id\":\"https:\/\/www.myvize.com.tr\/ingiltere\/#website\"},\"datePublished\":\"2020-12-22T14:24:18+00:00\",\"dateModified\":\"2022-08-15T11:56:11+00:00\",\"description\":\"\u0130ngiltere Tier 5 Ge\u00e7ici \u00c7al\u0131\u015fma Vize(Uluslararas\u0131 Anla\u015fma) Nas\u0131l Al\u0131n\u0131r? \u0130ngiltere Tier 5 Ge\u00e7ici \u00c7al\u0131\u015fma Vize(Uluslararas\u0131 Anla\u015fma) \u00dccreti.\",\"breadcrumb\":{\"@id\":\"https:\/\/www.myvize.com.tr\/ingiltere\/calisma\/tier-5-gecici-calisma-vizesi-uluslararasi-anlasma\/#breadcrumb\"},\"inLanguage\":\"tr\",\"potentialAction\":[{\"@type\":\"ReadAction\",\"target\":[\"https:\/\/www.myvize.com.tr\/ingiltere\/calisma\/tier-5-gecici-calisma-vizesi-uluslararasi-anlasma\/\"]}]},{\"@type\":\"BreadcrumbList\",\"@id\":\"https:\/\/www.myvize.com.tr\/ingiltere\/calisma\/tier-5-gecici-calisma-vizesi-uluslararasi-anlasma\/#breadcrumb\",\"itemListElement\":[{\"@type\":\"ListItem\",\"position\":1,\"name\":\"Anasayfa\",\"item\":\"https:\/\/www.myvize.com.tr\/ingiltere\/\"},{\"@type\":\"ListItem\",\"position\":2,\"name\":\"\u00c7ALI\u015eMA\",\"item\":\"https:\/\/www.myvize.com.tr\/ingiltere\/calisma\/\"},{\"@type\":\"ListItem\",\"position\":3,\"name\":\"Tier 5 Ge\u00e7ici \u00c7al\u0131\u015fma Vizesi (Uluslararas\u0131 Anla\u015fma)\"}]},{\"@type\":\"WebSite\",\"@id\":\"https:\/\/www.myvize.com.tr\/ingiltere\/#website\",\"url\":\"https:\/\/www.myvize.com.tr\/ingiltere\/\",\"name\":\"\u0130ngiltere Vize Ba\u015fvuru &amp; \u0130ngiltere Vizesi\",\"description\":\"\",\"potentialAction\":[{\"@type\":\"SearchAction\",\"target\":{\"@type\":\"EntryPoint\",\"urlTemplate\":\"https:\/\/www.myvize.com.tr\/ingiltere\/?s={search_term_string}\"},\"query-input\":{\"@type\":\"PropertyValueSpecification\",\"valueRequired\":true,\"valueName\":\"search_term_string\"}}],\"inLanguage\":\"tr\"}]}<\/script>\n<!-- \/ Yoast SEO plugin. -->","yoast_head_json":{"title":"Tier 5 Ge\u00e7ici \u00c7al\u0131\u015fma Vize (Uluslararas\u0131 Anla\u015fma) - MyVize","description":"\u0130ngiltere Tier 5 Ge\u00e7ici \u00c7al\u0131\u015fma Vize(Uluslararas\u0131 Anla\u015fma) Nas\u0131l Al\u0131n\u0131r? \u0130ngiltere Tier 5 Ge\u00e7ici \u00c7al\u0131\u015fma Vize(Uluslararas\u0131 Anla\u015fma) \u00dccreti.","robots":{"index":"index","follow":"follow","max-snippet":"max-snippet:-1","max-image-preview":"max-image-preview:large","max-video-preview":"max-video-preview:-1"},"canonical":"https:\/\/www.myvize.com.tr\/ingiltere\/calisma\/tier-5-gecici-calisma-vizesi-uluslararasi-anlasma\/","og_locale":"tr_TR","og_type":"article","og_title":"Tier 5 Ge\u00e7ici \u00c7al\u0131\u015fma Vize (Uluslararas\u0131 Anla\u015fma) - MyVize","og_description":"\u0130ngiltere Tier 5 Ge\u00e7ici \u00c7al\u0131\u015fma Vize(Uluslararas\u0131 Anla\u015fma) Nas\u0131l Al\u0131n\u0131r? \u0130ngiltere Tier 5 Ge\u00e7ici \u00c7al\u0131\u015fma Vize(Uluslararas\u0131 Anla\u015fma) \u00dccreti.","og_url":"https:\/\/www.myvize.com.tr\/ingiltere\/calisma\/tier-5-gecici-calisma-vizesi-uluslararasi-anlasma\/","og_site_name":"\u0130ngiltere Vize Ba\u015fvuru &amp; \u0130ngiltere Vizesi","article_modified_time":"2022-08-15T11:56:11+00:00","twitter_card":"summary_large_image","twitter_misc":{"Tahmini okuma s\u00fcresi":"3 dakika"},"schema":{"@context":"https:\/\/schema.org","@graph":[{"@type":"WebPage","@id":"https:\/\/www.myvize.com.tr\/ingiltere\/calisma\/tier-5-gecici-calisma-vizesi-uluslararasi-anlasma\/","url":"https:\/\/www.myvize.com.tr\/ingiltere\/calisma\/tier-5-gecici-calisma-vizesi-uluslararasi-anlasma\/","name":"Tier 5 Ge\u00e7ici \u00c7al\u0131\u015fma Vize (Uluslararas\u0131 Anla\u015fma) - MyVize","isPartOf":{"@id":"https:\/\/www.myvize.com.tr\/ingiltere\/#website"},"datePublished":"2020-12-22T14:24:18+00:00","dateModified":"2022-08-15T11:56:11+00:00","description":"\u0130ngiltere Tier 5 Ge\u00e7ici \u00c7al\u0131\u015fma Vize(Uluslararas\u0131 Anla\u015fma) Nas\u0131l Al\u0131n\u0131r? \u0130ngiltere Tier 5 Ge\u00e7ici \u00c7al\u0131\u015fma Vize(Uluslararas\u0131 Anla\u015fma) \u00dccreti.","breadcrumb":{"@id":"https:\/\/www.myvize.com.tr\/ingiltere\/calisma\/tier-5-gecici-calisma-vizesi-uluslararasi-anlasma\/#breadcrumb"},"inLanguage":"tr","potentialAction":[{"@type":"ReadAction","target":["https:\/\/www.myvize.com.tr\/ingiltere\/calisma\/tier-5-gecici-calisma-vizesi-uluslararasi-anlasma\/"]}]},{"@type":"BreadcrumbList","@id":"https:\/\/www.myvize.com.tr\/ingiltere\/calisma\/tier-5-gecici-calisma-vizesi-uluslararasi-anlasma\/#breadcrumb","itemListElement":[{"@type":"ListItem","position":1,"name":"Anasayfa","item":"https:\/\/www.myvize.com.tr\/ingiltere\/"},{"@type":"ListItem","position":2,"name":"\u00c7ALI\u015eMA","item":"https:\/\/www.myvize.com.tr\/ingiltere\/calisma\/"},{"@type":"ListItem","position":3,"name":"Tier 5 Ge\u00e7ici \u00c7al\u0131\u015fma Vizesi (Uluslararas\u0131 Anla\u015fma)"}]},{"@type":"WebSite","@id":"https:\/\/www.myvize.com.tr\/ingiltere\/#website","url":"https:\/\/www.myvize.com.tr\/ingiltere\/","name":"\u0130ngiltere Vize Ba\u015fvuru &amp; \u0130ngiltere Vizesi","description":"","potentialAction":[{"@type":"SearchAction","target":{"@type":"EntryPoint","urlTemplate":"https:\/\/www.myvize.com.tr\/ingiltere\/?s={search_term_string}"},"query-input":{"@type":"PropertyValueSpecification","valueRequired":true,"valueName":"search_term_string"}}],"inLanguage":"tr"}]}},"_links":{"self":[{"href":"https:\/\/www.myvize.com.tr\/ingiltere\/wp-json\/wp\/v2\/pages\/196","targetHints":{"allow":["GET"]}}],"collection":[{"href":"https:\/\/www.myvize.com.tr\/ingiltere\/wp-json\/wp\/v2\/pages"}],"about":[{"href":"https:\/\/www.myvize.com.tr\/ingiltere\/wp-json\/wp\/v2\/types\/page"}],"author":[{"embeddable":true,"href":"https:\/\/www.myvize.com.tr\/ingiltere\/wp-json\/wp\/v2\/users\/1"}],"replies":[{"embeddable":true,"href":"https:\/\/www.myvize.com.tr\/ingiltere\/wp-json\/wp\/v2\/comments?post=196"}],"version-history":[{"count":4,"href":"https:\/\/www.myvize.com.tr\/ingiltere\/wp-json\/wp\/v2\/pages\/196\/revisions"}],"predecessor-version":[{"id":1642,"href":"https:\/\/www.myvize.com.tr\/ingiltere\/wp-json\/wp\/v2\/pages\/196\/revisions\/1642"}],"up":[{"embeddable":true,"href":"https:\/\/www.myvize.com.tr\/ingiltere\/wp-json\/wp\/v2\/pages\/157"}],"wp:attachment":[{"href":"https:\/\/www.myvize.com.tr\/ingiltere\/wp-json\/wp\/v2\/media?parent=196"}],"curies":[{"name":"wp","href":"https:\/\/api.w.org\/{rel}","templated":true}]}}