{"id":217,"date":"2020-12-22T17:26:45","date_gmt":"2020-12-22T14:26:45","guid":{"rendered":"https:\/\/www.myvize.com.tr\/ingiltere\/?page_id=217"},"modified":"2022-12-29T00:06:02","modified_gmt":"2022-12-28T21:06:02","slug":"tier-4-cocuk-ebeveyn-vizesi","status":"publish","type":"page","link":"https:\/\/www.myvize.com.tr\/ingiltere\/ogrenci\/tier-4-cocuk-ebeveyn-vizesi\/","title":{"rendered":"Tier 4 (\u00c7ocuk) Ebeveyn Vizesi"},"content":{"rendered":"<p><span style=\"font-family: Roboto; font-size: 14px;\">E\u011fer ebeveynler \u00e7ocuklar\u0131n\u0131 \u0130ngiltere&#8217;de ba\u011f\u0131ms\u0131z bir okulda okutmak istiyorsa\u00a0<strong>Tier 4 \u00e7ocuk ebeveyn vizesi<\/strong>\u00a0ba\u015fvurusunda bulunabilirler. Ebeveynler bu ba\u015fvuruyu \u0130ngiltere&#8217;ye gitmeden en fazla 3 ay \u00f6nce yapabilmektedirler. 3 hafta i\u00e7erisinde vize ba\u015fvurular\u0131 ile ilgili konsolosluktan kendilerine olumlu veya olumsuz karar bildirilmektedir.<\/span><\/p>\n<p><span style=\"font-family: Roboto; font-size: 14px;\"><strong>Tier 4 \u00e7ocuk ebeveyn vizesi<\/strong>\u00a0i\u00e7in baz\u0131 \u015fartlar gerekmektedir. Ebeveynin \u0130ngiltere&#8217;deyken, \u00e7ocu\u011fa bakmakla y\u00fck\u00fcml\u00fc olacak ki\u015filere yeterli d\u00fczeyde para vermesi gerekir. Ebeveynin \u0130ngiltere d\u0131\u015f\u0131nda as\u0131l evi olmal\u0131d\u0131r. Ebeveynin ziyareti bitince \u0130ngiltere&#8217;yi terk edece\u011fine dair programlar\u0131n olmas\u0131 gerekmektedir. \u00d6zellikle yolculuktaki t\u00fcm masraflar\u0131n kar\u015f\u0131lanmas\u0131 \u00f6nemli bir husustur. \u0130ngiltere&#8217;de \u00e7ocu\u011fun okuyaca\u011f\u0131 okula dair g\u00fcncel evraklar\u0131n bulunmas\u0131 gerekir. <strong>Tier 4 \u00e7ocuk ebeveyn<\/strong> vizesine ba\u015fvurulurken formlar, eksiksiz ve do\u011fru bir \u015fekilde doldurulmal\u0131d\u0131r. Vize ile ilgili t\u00fcm karar verme yetisi \u0130ngiltere Konsoloslu\u011fu&#8217;na aittir. <strong>\u0130ngiltere konsoloslu\u011fu<\/strong> gerek g\u00f6rd\u00fc\u011f\u00fc takdirde ek belge talebinde bulunabilir. Tier 4 \u00e7ocuk vizesinde \u0130ngiltere konsoloslu\u011fu biometrik veri uygulamas\u0131 yapmaktad\u0131r. Bu uygulamayla aileden parmak izi ve biyometrik foto\u011fraf istenmektedir.<\/span><\/p>\n<p><span style=\"font-family: Roboto; font-size: 14px;\">\u0130ngiltere Tier 4 \u00e7ocuk ebeveyni <strong>vize ba\u015fvurusu<\/strong> yapan ki\u015filerin sonu\u00e7lar\u0131, 21 i\u015f g\u00fcn\u00fc i\u00e7erisinde olumlu veya olumsuz bildirim taraf\u0131ndan bildirilmektedir. Ba\u015fvuru \u00f6ncesi muhakkak randevu al\u0131nmal\u0131d\u0131r. \u00d6zellikle \u0130ngiltere\u2019de e\u011fitim alacak olan \u00e7ocuk, orada kald\u0131\u011f\u0131 s\u00fcrede asla \u0130ngiltere&#8217;de \u00e7al\u0131\u015famaz. Sadece e\u011fitim amac\u0131yla \u0130ngiltere&#8217;de bulabilir.\u00a0<strong>Tier 4 \u00e7ocuk ebeveyn vizesi<\/strong>\u00a0ba\u015fvurusunda bulunan bireylerin vize har\u00e7 paras\u0131n\u0131 \u00f6demesi mutlaka \u00f6nemli bir kurald\u0131r.<\/span><\/p>\n<p><span style=\"font-family: Roboto; font-size: 14px;\"><a href=\"https:\/\/www.myvize.com.tr\/ingiltere\/vize-islemleri\/ingiltere-vizesi\/\" target=\"_blank\" rel=\"noopener\"><span style=\"color: #2acec2;\"><strong>\u0130ngiltere Vizesi<\/strong><\/span><\/a> ile ilgili bilgi almak i\u00e7in bizi aray\u0131n.<\/span><\/p>\n<p><img decoding=\"async\" src=\"https:\/\/www.myvize.com.tr\/ingiltere\/wp-content\/uploads\/2021\/09\/34.jpg\" \/><\/p>\n","protected":false},"excerpt":{"rendered":"<p>E\u011fer ebeveynler \u00e7ocuklar\u0131n\u0131 \u0130ngiltere&#8217;de ba\u011f\u0131ms\u0131z bir okulda okutmak istiyorsa\u00a0Tier 4 \u00e7ocuk ebeveyn vizesi\u00a0ba\u015fvurusunda bulunabilirler. Ebeveynler bu ba\u015fvuruyu \u0130ngiltere&#8217;ye gitmeden en fazla 3 ay \u00f6nce yapabilmektedirler. 3 hafta i\u00e7erisinde vize ba\u015fvurular\u0131 ile ilgili konsolosluktan kendilerine olumlu veya olumsuz karar bildirilmektedir. Tier 4 \u00e7ocuk ebeveyn vizesi\u00a0i\u00e7in baz\u0131 \u015fartlar gerekmektedir. Ebeveynin \u0130ngiltere&#8217;deyken, \u00e7ocu\u011fa bakmakla y\u00fck\u00fcml\u00fc olacak ki\u015filere yeterli<\/p>\n","protected":false},"author":1,"featured_media":0,"parent":160,"menu_order":0,"comment_status":"open","ping_status":"closed","template":"","meta":{"footnotes":""},"class_list":["post-217","page","type-page","status-publish","hentry"],"yoast_head":"<!-- This site is optimized with the Yoast SEO plugin v24.0 - https:\/\/yoast.com\/wordpress\/plugins\/seo\/ -->\n<title>\u0130ngiltere Tier 4 (\u00c7ocuk) Ebeveyn Vizesi - MyVize<\/title>\n<meta name=\"description\" content=\"\u0130ngiltere Ebeveyn Vizesi Nas\u0131l Al\u0131n\u0131r? \u0130ngiltere Tier-4 Vizesi Ba\u015fvurusu. \u0130ngiltere Tier 4 Ebeveyn Vizesi Randevusu Almak \u0130\u00e7in Buraya T\u0131kla.\" \/>\n<meta name=\"robots\" content=\"index, follow, max-snippet:-1, max-image-preview:large, max-video-preview:-1\" \/>\n<link rel=\"canonical\" href=\"https:\/\/www.myvize.com.tr\/ingiltere\/ogrenci\/tier-4-cocuk-ebeveyn-vizesi\/\" \/>\n<meta property=\"og:locale\" content=\"tr_TR\" \/>\n<meta property=\"og:type\" content=\"article\" \/>\n<meta property=\"og:title\" content=\"\u0130ngiltere Tier 4 (\u00c7ocuk) Ebeveyn Vizesi - MyVize\" \/>\n<meta property=\"og:description\" content=\"\u0130ngiltere Ebeveyn Vizesi Nas\u0131l Al\u0131n\u0131r? \u0130ngiltere Tier-4 Vizesi Ba\u015fvurusu. \u0130ngiltere Tier 4 Ebeveyn Vizesi Randevusu Almak \u0130\u00e7in Buraya T\u0131kla.\" \/>\n<meta property=\"og:url\" content=\"https:\/\/www.myvize.com.tr\/ingiltere\/ogrenci\/tier-4-cocuk-ebeveyn-vizesi\/\" \/>\n<meta property=\"og:site_name\" content=\"\u0130ngiltere Vize Ba\u015fvuru &amp; \u0130ngiltere Vizesi\" \/>\n<meta property=\"article:modified_time\" content=\"2022-12-28T21:06:02+00:00\" \/>\n<meta property=\"og:image\" content=\"https:\/\/www.myvize.com.tr\/ingiltere\/wp-content\/uploads\/2021\/09\/34.jpg\" \/>\n<meta name=\"twitter:card\" content=\"summary_large_image\" \/>\n<meta name=\"twitter:label1\" content=\"Tahmini okuma s\u00fcresi\" \/>\n\t<meta name=\"twitter:data1\" content=\"2 dakika\" \/>\n<script type=\"application\/ld+json\" class=\"yoast-schema-graph\">{\"@context\":\"https:\/\/schema.org\",\"@graph\":[{\"@type\":\"WebPage\",\"@id\":\"https:\/\/www.myvize.com.tr\/ingiltere\/ogrenci\/tier-4-cocuk-ebeveyn-vizesi\/\",\"url\":\"https:\/\/www.myvize.com.tr\/ingiltere\/ogrenci\/tier-4-cocuk-ebeveyn-vizesi\/\",\"name\":\"\u0130ngiltere Tier 4 (\u00c7ocuk) Ebeveyn Vizesi - MyVize\",\"isPartOf\":{\"@id\":\"https:\/\/www.myvize.com.tr\/ingiltere\/#website\"},\"primaryImageOfPage\":{\"@id\":\"https:\/\/www.myvize.com.tr\/ingiltere\/ogrenci\/tier-4-cocuk-ebeveyn-vizesi\/#primaryimage\"},\"image\":{\"@id\":\"https:\/\/www.myvize.com.tr\/ingiltere\/ogrenci\/tier-4-cocuk-ebeveyn-vizesi\/#primaryimage\"},\"thumbnailUrl\":\"https:\/\/www.myvize.com.tr\/ingiltere\/wp-content\/uploads\/2021\/09\/34.jpg\",\"datePublished\":\"2020-12-22T14:26:45+00:00\",\"dateModified\":\"2022-12-28T21:06:02+00:00\",\"description\":\"\u0130ngiltere Ebeveyn Vizesi Nas\u0131l Al\u0131n\u0131r? \u0130ngiltere Tier-4 Vizesi Ba\u015fvurusu. \u0130ngiltere Tier 4 Ebeveyn Vizesi Randevusu Almak \u0130\u00e7in Buraya T\u0131kla.\",\"breadcrumb\":{\"@id\":\"https:\/\/www.myvize.com.tr\/ingiltere\/ogrenci\/tier-4-cocuk-ebeveyn-vizesi\/#breadcrumb\"},\"inLanguage\":\"tr\",\"potentialAction\":[{\"@type\":\"ReadAction\",\"target\":[\"https:\/\/www.myvize.com.tr\/ingiltere\/ogrenci\/tier-4-cocuk-ebeveyn-vizesi\/\"]}]},{\"@type\":\"ImageObject\",\"inLanguage\":\"tr\",\"@id\":\"https:\/\/www.myvize.com.tr\/ingiltere\/ogrenci\/tier-4-cocuk-ebeveyn-vizesi\/#primaryimage\",\"url\":\"https:\/\/www.myvize.com.tr\/ingiltere\/wp-content\/uploads\/2021\/09\/34.jpg\",\"contentUrl\":\"https:\/\/www.myvize.com.tr\/ingiltere\/wp-content\/uploads\/2021\/09\/34.jpg\",\"width\":800,\"height\":500,\"caption\":\"Tier 4 (\u00c7ocuk) Ebeveyn Vizesi\"},{\"@type\":\"BreadcrumbList\",\"@id\":\"https:\/\/www.myvize.com.tr\/ingiltere\/ogrenci\/tier-4-cocuk-ebeveyn-vizesi\/#breadcrumb\",\"itemListElement\":[{\"@type\":\"ListItem\",\"position\":1,\"name\":\"Anasayfa\",\"item\":\"https:\/\/www.myvize.com.tr\/ingiltere\/\"},{\"@type\":\"ListItem\",\"position\":2,\"name\":\"\u00d6\u011eRENC\u0130 V\u0130ZES\u0130\",\"item\":\"https:\/\/www.myvize.com.tr\/ingiltere\/ogrenci\/\"},{\"@type\":\"ListItem\",\"position\":3,\"name\":\"Tier 4 (\u00c7ocuk) Ebeveyn Vizesi\"}]},{\"@type\":\"WebSite\",\"@id\":\"https:\/\/www.myvize.com.tr\/ingiltere\/#website\",\"url\":\"https:\/\/www.myvize.com.tr\/ingiltere\/\",\"name\":\"\u0130ngiltere Vize Ba\u015fvuru &amp; \u0130ngiltere Vizesi\",\"description\":\"\",\"potentialAction\":[{\"@type\":\"SearchAction\",\"target\":{\"@type\":\"EntryPoint\",\"urlTemplate\":\"https:\/\/www.myvize.com.tr\/ingiltere\/?s={search_term_string}\"},\"query-input\":{\"@type\":\"PropertyValueSpecification\",\"valueRequired\":true,\"valueName\":\"search_term_string\"}}],\"inLanguage\":\"tr\"}]}<\/script>\n<!-- \/ Yoast SEO plugin. -->","yoast_head_json":{"title":"\u0130ngiltere Tier 4 (\u00c7ocuk) Ebeveyn Vizesi - MyVize","description":"\u0130ngiltere Ebeveyn Vizesi Nas\u0131l Al\u0131n\u0131r? \u0130ngiltere Tier-4 Vizesi Ba\u015fvurusu. \u0130ngiltere Tier 4 Ebeveyn Vizesi Randevusu Almak \u0130\u00e7in Buraya T\u0131kla.","robots":{"index":"index","follow":"follow","max-snippet":"max-snippet:-1","max-image-preview":"max-image-preview:large","max-video-preview":"max-video-preview:-1"},"canonical":"https:\/\/www.myvize.com.tr\/ingiltere\/ogrenci\/tier-4-cocuk-ebeveyn-vizesi\/","og_locale":"tr_TR","og_type":"article","og_title":"\u0130ngiltere Tier 4 (\u00c7ocuk) Ebeveyn Vizesi - MyVize","og_description":"\u0130ngiltere Ebeveyn Vizesi Nas\u0131l Al\u0131n\u0131r? \u0130ngiltere Tier-4 Vizesi Ba\u015fvurusu. \u0130ngiltere Tier 4 Ebeveyn Vizesi Randevusu Almak \u0130\u00e7in Buraya T\u0131kla.","og_url":"https:\/\/www.myvize.com.tr\/ingiltere\/ogrenci\/tier-4-cocuk-ebeveyn-vizesi\/","og_site_name":"\u0130ngiltere Vize Ba\u015fvuru &amp; \u0130ngiltere Vizesi","article_modified_time":"2022-12-28T21:06:02+00:00","og_image":[{"url":"https:\/\/www.myvize.com.tr\/ingiltere\/wp-content\/uploads\/2021\/09\/34.jpg","type":"","width":"","height":""}],"twitter_card":"summary_large_image","twitter_misc":{"Tahmini okuma s\u00fcresi":"2 dakika"},"schema":{"@context":"https:\/\/schema.org","@graph":[{"@type":"WebPage","@id":"https:\/\/www.myvize.com.tr\/ingiltere\/ogrenci\/tier-4-cocuk-ebeveyn-vizesi\/","url":"https:\/\/www.myvize.com.tr\/ingiltere\/ogrenci\/tier-4-cocuk-ebeveyn-vizesi\/","name":"\u0130ngiltere Tier 4 (\u00c7ocuk) Ebeveyn Vizesi - MyVize","isPartOf":{"@id":"https:\/\/www.myvize.com.tr\/ingiltere\/#website"},"primaryImageOfPage":{"@id":"https:\/\/www.myvize.com.tr\/ingiltere\/ogrenci\/tier-4-cocuk-ebeveyn-vizesi\/#primaryimage"},"image":{"@id":"https:\/\/www.myvize.com.tr\/ingiltere\/ogrenci\/tier-4-cocuk-ebeveyn-vizesi\/#primaryimage"},"thumbnailUrl":"https:\/\/www.myvize.com.tr\/ingiltere\/wp-content\/uploads\/2021\/09\/34.jpg","datePublished":"2020-12-22T14:26:45+00:00","dateModified":"2022-12-28T21:06:02+00:00","description":"\u0130ngiltere Ebeveyn Vizesi Nas\u0131l Al\u0131n\u0131r? \u0130ngiltere Tier-4 Vizesi Ba\u015fvurusu. \u0130ngiltere Tier 4 Ebeveyn Vizesi Randevusu Almak \u0130\u00e7in Buraya T\u0131kla.","breadcrumb":{"@id":"https:\/\/www.myvize.com.tr\/ingiltere\/ogrenci\/tier-4-cocuk-ebeveyn-vizesi\/#breadcrumb"},"inLanguage":"tr","potentialAction":[{"@type":"ReadAction","target":["https:\/\/www.myvize.com.tr\/ingiltere\/ogrenci\/tier-4-cocuk-ebeveyn-vizesi\/"]}]},{"@type":"ImageObject","inLanguage":"tr","@id":"https:\/\/www.myvize.com.tr\/ingiltere\/ogrenci\/tier-4-cocuk-ebeveyn-vizesi\/#primaryimage","url":"https:\/\/www.myvize.com.tr\/ingiltere\/wp-content\/uploads\/2021\/09\/34.jpg","contentUrl":"https:\/\/www.myvize.com.tr\/ingiltere\/wp-content\/uploads\/2021\/09\/34.jpg","width":800,"height":500,"caption":"Tier 4 (\u00c7ocuk) Ebeveyn Vizesi"},{"@type":"BreadcrumbList","@id":"https:\/\/www.myvize.com.tr\/ingiltere\/ogrenci\/tier-4-cocuk-ebeveyn-vizesi\/#breadcrumb","itemListElement":[{"@type":"ListItem","position":1,"name":"Anasayfa","item":"https:\/\/www.myvize.com.tr\/ingiltere\/"},{"@type":"ListItem","position":2,"name":"\u00d6\u011eRENC\u0130 V\u0130ZES\u0130","item":"https:\/\/www.myvize.com.tr\/ingiltere\/ogrenci\/"},{"@type":"ListItem","position":3,"name":"Tier 4 (\u00c7ocuk) Ebeveyn Vizesi"}]},{"@type":"WebSite","@id":"https:\/\/www.myvize.com.tr\/ingiltere\/#website","url":"https:\/\/www.myvize.com.tr\/ingiltere\/","name":"\u0130ngiltere Vize Ba\u015fvuru &amp; \u0130ngiltere Vizesi","description":"","potentialAction":[{"@type":"SearchAction","target":{"@type":"EntryPoint","urlTemplate":"https:\/\/www.myvize.com.tr\/ingiltere\/?s={search_term_string}"},"query-input":{"@type":"PropertyValueSpecification","valueRequired":true,"valueName":"search_term_string"}}],"inLanguage":"tr"}]}},"_links":{"self":[{"href":"https:\/\/www.myvize.com.tr\/ingiltere\/wp-json\/wp\/v2\/pages\/217","targetHints":{"allow":["GET"]}}],"collection":[{"href":"https:\/\/www.myvize.com.tr\/ingiltere\/wp-json\/wp\/v2\/pages"}],"about":[{"href":"https:\/\/www.myvize.com.tr\/ingiltere\/wp-json\/wp\/v2\/types\/page"}],"author":[{"embeddable":true,"href":"https:\/\/www.myvize.com.tr\/ingiltere\/wp-json\/wp\/v2\/users\/1"}],"replies":[{"embeddable":true,"href":"https:\/\/www.myvize.com.tr\/ingiltere\/wp-json\/wp\/v2\/comments?post=217"}],"version-history":[{"count":6,"href":"https:\/\/www.myvize.com.tr\/ingiltere\/wp-json\/wp\/v2\/pages\/217\/revisions"}],"predecessor-version":[{"id":1660,"href":"https:\/\/www.myvize.com.tr\/ingiltere\/wp-json\/wp\/v2\/pages\/217\/revisions\/1660"}],"up":[{"embeddable":true,"href":"https:\/\/www.myvize.com.tr\/ingiltere\/wp-json\/wp\/v2\/pages\/160"}],"wp:attachment":[{"href":"https:\/\/www.myvize.com.tr\/ingiltere\/wp-json\/wp\/v2\/media?parent=217"}],"curies":[{"name":"wp","href":"https:\/\/api.w.org\/{rel}","templated":true}]}}