{"id":219,"date":"2020-12-22T17:27:04","date_gmt":"2020-12-22T14:27:04","guid":{"rendered":"https:\/\/www.myvize.com.tr\/ingiltere\/?page_id=219"},"modified":"2022-04-11T14:16:33","modified_gmt":"2022-04-11T11:16:33","slug":"kisa-sureli-ogrenci-vizesi","status":"publish","type":"page","link":"https:\/\/www.myvize.com.tr\/ingiltere\/ogrenci\/kisa-sureli-ogrenci-vizesi\/","title":{"rendered":"\u0130ngiltere K\u0131sa S\u00fcreli \u00d6\u011frenci Vizesi"},"content":{"rendered":"<h2><span style=\"font-family: Roboto; font-size: 27px;\"><b>\u0130ngiltere K\u0131sa S\u00fcreli \u00d6\u011frenci Vizesi Hakk\u0131nda<\/b><\/span><\/h2>\n<p><span style=\"font-family: Roboto; font-size: 14px;\">\u00d6ncelikle ki\u015finin\u00a0<strong>\u0130ngiltere k\u0131sa s\u00fcreli \u00f6\u011frenci vizesi<\/strong> ba\u015fvurusu yapabilmesi i\u00e7in<span style=\"color: #2acec2;\"><a style=\"color: #2acec2;\" href=\"https:\/\/www.myvize.com.tr\/ingiltere\/vize-islemleri\/ingiltere-vize-basvuru-formu\/\" target=\"_blank\" rel=\"noopener\"><strong> \u0130ngiltere vize ba\u015fvuru formu<\/strong><\/a><\/span> k\u0131sm\u0131n\u0131 online sistemden, eksiksiz ve do\u011fru bir \u015fekilde doldurmas\u0131 gerekmektedir. K\u0131sa s\u00fcreli<strong> \u0130ngiltere \u00f6\u011frenci<\/strong> vizelerinde, \u0130ngilizce kurslar\u0131na veya ba\u015fka bir yabanc\u0131 dil kurslar\u0131na rahatl\u0131kla kat\u0131l\u0131m sa\u011flayabilirsiniz. E\u011fer lisans e\u011fitim g\u00f6r\u00fcyorsan\u0131z, e\u011fitime katk\u0131 sa\u011flamak amac\u0131 ile kurslara kat\u0131labilirsiniz. \u00a0E\u011fer 18 ya\u015f\u0131ndan k\u00fc\u00e7\u00fckseniz \u0130ngilizce kurslar i\u00e7in en fazla 6 ay kat\u0131l\u0131m sa\u011flayabilirsiniz. Fakat 18 ya\u015f\u0131ndan b\u00fcy\u00fckseniz \u0130ngilizce dil kurslar\u0131 i\u00e7in en fazla 11 ay boyunca \u0130ngiltere&#8217;de kalabilme hakk\u0131na sahipsiniz.<\/span><\/p>\n<p><span style=\"font-family: Roboto; font-size: 14px;\">Kat\u0131lmak istedi\u011finiz e\u011fitimin ba\u015flamas\u0131na 3 ay kala vize ba\u015fvuru i\u015flemlerini ba\u015flatman\u0131z gerekmektedir. Ancak\u00a0<strong>\u0130ngiltere k\u0131sa s\u00fcreli \u00f6\u011frenci vizesi<\/strong>\u00a0ald\u0131\u011f\u0131n\u0131zda,<strong> \u0130ngiltere&#8217;de devlet<\/strong> okulunda e\u011fitim g\u00f6remezsiniz. Vizenizi uzatma hakk\u0131na sahip de\u011filsiniz. Devletin kamu fonlar\u0131ndan yararlanamazs\u0131n\u0131z. Ayr\u0131ca aile \u00fcyelerinizi yan\u0131n\u0131zda g\u00f6t\u00fcrme hakk\u0131n\u0131z bulunmamaktad\u0131r.<strong> \u0130ngiltere k\u0131sa s\u00fcreli \u00f6\u011frenci vizesi<\/strong> i\u015flemlerini yaparken ba\u015fvuru formunu m\u00fcmk\u00fcnse do\u011fru ve eksiksiz bir \u015fekilde doldurman\u0131z gerekmektedir. Aksi halde yapm\u0131\u015f oldu\u011funuz en k\u00fc\u00e7\u00fck hata bile vize ba\u015fvurunuzun reddedilme ihtimalini en y\u00fcksek dereceye getirir.<\/span><\/p>\n<p><span style=\"font-family: Roboto; font-size: 14px;\"><strong>\u0130ngiltere k\u0131sa s\u00fcreli \u00f6\u011frenci vizesi<\/strong> ba\u015fvurusu yaparken, \u00f6zellikle d\u00f6n\u00fc\u015f yolculu\u011funuz i\u00e7in yeterli miktarda paran\u0131z bulunmal\u0131d\u0131r. 18 ya\u015f\u0131ndan k\u00fc\u00e7\u00fckseniz ailenizden \u0130ngiltere&#8217;de e\u011fitim almak i\u00e7in izin alman\u0131z gerekmektedir. \u0130ngiltere k\u0131sa s\u00fcreli \u00f6\u011frenci vizesi ba\u015fvuru i\u00e7in baz\u0131 gerekli evraklar bulunmaktad\u0131r. \u00d6ncelikle ge\u00e7erli pasaportunuzun olmas\u0131 gerekmektedir. Kalmay\u0131 planlam\u0131\u015f oldu\u011funuz yerin rezervasyon ve konaklama bilgileri mutlaka belirtilmelidir.<\/span><\/p>\n<p><img decoding=\"async\" src=\"https:\/\/www.myvize.com.tr\/ingiltere\/wp-content\/uploads\/2021\/09\/35.jpg\" \/><\/p>\n","protected":false},"excerpt":{"rendered":"<p>\u0130ngiltere K\u0131sa S\u00fcreli \u00d6\u011frenci Vizesi Hakk\u0131nda \u00d6ncelikle ki\u015finin\u00a0\u0130ngiltere k\u0131sa s\u00fcreli \u00f6\u011frenci vizesi ba\u015fvurusu yapabilmesi i\u00e7in \u0130ngiltere vize ba\u015fvuru formu k\u0131sm\u0131n\u0131 online sistemden, eksiksiz ve do\u011fru bir \u015fekilde doldurmas\u0131 gerekmektedir. K\u0131sa s\u00fcreli \u0130ngiltere \u00f6\u011frenci vizelerinde, \u0130ngilizce kurslar\u0131na veya ba\u015fka bir yabanc\u0131 dil kurslar\u0131na rahatl\u0131kla kat\u0131l\u0131m sa\u011flayabilirsiniz. E\u011fer lisans e\u011fitim g\u00f6r\u00fcyorsan\u0131z, e\u011fitime katk\u0131 sa\u011flamak amac\u0131 ile kurslara<\/p>\n","protected":false},"author":1,"featured_media":0,"parent":160,"menu_order":0,"comment_status":"open","ping_status":"closed","template":"","meta":{"footnotes":""},"class_list":["post-219","page","type-page","status-publish","hentry"],"yoast_head":"<!-- This site is optimized with the Yoast SEO plugin v24.0 - https:\/\/yoast.com\/wordpress\/plugins\/seo\/ -->\n<title>\u0130ngiltere K\u0131sa S\u00fcreli \u00d6\u011frenci Vizesi - MyVize<\/title>\n<meta name=\"description\" content=\"\u0130ngiltere K\u0131sa S\u00fcreli \u00d6\u011frenci Vizesi Nas\u0131l Al\u0131n\u0131r? \u0130ngiltere K\u0131sa S\u00fcreli \u00d6\u011frenci Vizesi Almak \u0130\u00e7in Gerekli Evraklar Nelerdir?\" \/>\n<meta name=\"robots\" content=\"index, follow, max-snippet:-1, max-image-preview:large, max-video-preview:-1\" \/>\n<link rel=\"canonical\" href=\"https:\/\/www.myvize.com.tr\/ingiltere\/ogrenci\/kisa-sureli-ogrenci-vizesi\/\" \/>\n<meta property=\"og:locale\" content=\"tr_TR\" \/>\n<meta property=\"og:type\" content=\"article\" \/>\n<meta property=\"og:title\" content=\"\u0130ngiltere K\u0131sa S\u00fcreli \u00d6\u011frenci Vizesi - MyVize\" \/>\n<meta property=\"og:description\" content=\"\u0130ngiltere K\u0131sa S\u00fcreli \u00d6\u011frenci Vizesi Nas\u0131l Al\u0131n\u0131r? \u0130ngiltere K\u0131sa S\u00fcreli \u00d6\u011frenci Vizesi Almak \u0130\u00e7in Gerekli Evraklar Nelerdir?\" \/>\n<meta property=\"og:url\" content=\"https:\/\/www.myvize.com.tr\/ingiltere\/ogrenci\/kisa-sureli-ogrenci-vizesi\/\" \/>\n<meta property=\"og:site_name\" content=\"\u0130ngiltere Vize Ba\u015fvuru &amp; \u0130ngiltere Vizesi\" \/>\n<meta property=\"article:modified_time\" content=\"2022-04-11T11:16:33+00:00\" \/>\n<meta property=\"og:image\" content=\"https:\/\/www.myvize.com.tr\/ingiltere\/wp-content\/uploads\/2021\/09\/35.jpg\" \/>\n<meta name=\"twitter:card\" content=\"summary_large_image\" \/>\n<meta name=\"twitter:label1\" content=\"Tahmini okuma s\u00fcresi\" \/>\n\t<meta name=\"twitter:data1\" content=\"2 dakika\" \/>\n<script type=\"application\/ld+json\" class=\"yoast-schema-graph\">{\"@context\":\"https:\/\/schema.org\",\"@graph\":[{\"@type\":\"WebPage\",\"@id\":\"https:\/\/www.myvize.com.tr\/ingiltere\/ogrenci\/kisa-sureli-ogrenci-vizesi\/\",\"url\":\"https:\/\/www.myvize.com.tr\/ingiltere\/ogrenci\/kisa-sureli-ogrenci-vizesi\/\",\"name\":\"\u0130ngiltere K\u0131sa S\u00fcreli \u00d6\u011frenci Vizesi - MyVize\",\"isPartOf\":{\"@id\":\"https:\/\/www.myvize.com.tr\/ingiltere\/#website\"},\"primaryImageOfPage\":{\"@id\":\"https:\/\/www.myvize.com.tr\/ingiltere\/ogrenci\/kisa-sureli-ogrenci-vizesi\/#primaryimage\"},\"image\":{\"@id\":\"https:\/\/www.myvize.com.tr\/ingiltere\/ogrenci\/kisa-sureli-ogrenci-vizesi\/#primaryimage\"},\"thumbnailUrl\":\"https:\/\/www.myvize.com.tr\/ingiltere\/wp-content\/uploads\/2021\/09\/35.jpg\",\"datePublished\":\"2020-12-22T14:27:04+00:00\",\"dateModified\":\"2022-04-11T11:16:33+00:00\",\"description\":\"\u0130ngiltere K\u0131sa S\u00fcreli \u00d6\u011frenci Vizesi Nas\u0131l Al\u0131n\u0131r? \u0130ngiltere K\u0131sa S\u00fcreli \u00d6\u011frenci Vizesi Almak \u0130\u00e7in Gerekli Evraklar Nelerdir?\",\"breadcrumb\":{\"@id\":\"https:\/\/www.myvize.com.tr\/ingiltere\/ogrenci\/kisa-sureli-ogrenci-vizesi\/#breadcrumb\"},\"inLanguage\":\"tr\",\"potentialAction\":[{\"@type\":\"ReadAction\",\"target\":[\"https:\/\/www.myvize.com.tr\/ingiltere\/ogrenci\/kisa-sureli-ogrenci-vizesi\/\"]}]},{\"@type\":\"ImageObject\",\"inLanguage\":\"tr\",\"@id\":\"https:\/\/www.myvize.com.tr\/ingiltere\/ogrenci\/kisa-sureli-ogrenci-vizesi\/#primaryimage\",\"url\":\"https:\/\/www.myvize.com.tr\/ingiltere\/wp-content\/uploads\/2021\/09\/35.jpg\",\"contentUrl\":\"https:\/\/www.myvize.com.tr\/ingiltere\/wp-content\/uploads\/2021\/09\/35.jpg\",\"width\":800,\"height\":500,\"caption\":\"K\u0131sa S\u00fcreli \u00d6\u011frenci Vizesi\"},{\"@type\":\"BreadcrumbList\",\"@id\":\"https:\/\/www.myvize.com.tr\/ingiltere\/ogrenci\/kisa-sureli-ogrenci-vizesi\/#breadcrumb\",\"itemListElement\":[{\"@type\":\"ListItem\",\"position\":1,\"name\":\"Anasayfa\",\"item\":\"https:\/\/www.myvize.com.tr\/ingiltere\/\"},{\"@type\":\"ListItem\",\"position\":2,\"name\":\"\u00d6\u011eRENC\u0130 V\u0130ZES\u0130\",\"item\":\"https:\/\/www.myvize.com.tr\/ingiltere\/ogrenci\/\"},{\"@type\":\"ListItem\",\"position\":3,\"name\":\"\u0130ngiltere K\u0131sa S\u00fcreli \u00d6\u011frenci Vizesi\"}]},{\"@type\":\"WebSite\",\"@id\":\"https:\/\/www.myvize.com.tr\/ingiltere\/#website\",\"url\":\"https:\/\/www.myvize.com.tr\/ingiltere\/\",\"name\":\"\u0130ngiltere Vize Ba\u015fvuru &amp; \u0130ngiltere Vizesi\",\"description\":\"\",\"potentialAction\":[{\"@type\":\"SearchAction\",\"target\":{\"@type\":\"EntryPoint\",\"urlTemplate\":\"https:\/\/www.myvize.com.tr\/ingiltere\/?s={search_term_string}\"},\"query-input\":{\"@type\":\"PropertyValueSpecification\",\"valueRequired\":true,\"valueName\":\"search_term_string\"}}],\"inLanguage\":\"tr\"}]}<\/script>\n<!-- \/ Yoast SEO plugin. -->","yoast_head_json":{"title":"\u0130ngiltere K\u0131sa S\u00fcreli \u00d6\u011frenci Vizesi - MyVize","description":"\u0130ngiltere K\u0131sa S\u00fcreli \u00d6\u011frenci Vizesi Nas\u0131l Al\u0131n\u0131r? \u0130ngiltere K\u0131sa S\u00fcreli \u00d6\u011frenci Vizesi Almak \u0130\u00e7in Gerekli Evraklar Nelerdir?","robots":{"index":"index","follow":"follow","max-snippet":"max-snippet:-1","max-image-preview":"max-image-preview:large","max-video-preview":"max-video-preview:-1"},"canonical":"https:\/\/www.myvize.com.tr\/ingiltere\/ogrenci\/kisa-sureli-ogrenci-vizesi\/","og_locale":"tr_TR","og_type":"article","og_title":"\u0130ngiltere K\u0131sa S\u00fcreli \u00d6\u011frenci Vizesi - MyVize","og_description":"\u0130ngiltere K\u0131sa S\u00fcreli \u00d6\u011frenci Vizesi Nas\u0131l Al\u0131n\u0131r? \u0130ngiltere K\u0131sa S\u00fcreli \u00d6\u011frenci Vizesi Almak \u0130\u00e7in Gerekli Evraklar Nelerdir?","og_url":"https:\/\/www.myvize.com.tr\/ingiltere\/ogrenci\/kisa-sureli-ogrenci-vizesi\/","og_site_name":"\u0130ngiltere Vize Ba\u015fvuru &amp; \u0130ngiltere Vizesi","article_modified_time":"2022-04-11T11:16:33+00:00","og_image":[{"url":"https:\/\/www.myvize.com.tr\/ingiltere\/wp-content\/uploads\/2021\/09\/35.jpg","type":"","width":"","height":""}],"twitter_card":"summary_large_image","twitter_misc":{"Tahmini okuma s\u00fcresi":"2 dakika"},"schema":{"@context":"https:\/\/schema.org","@graph":[{"@type":"WebPage","@id":"https:\/\/www.myvize.com.tr\/ingiltere\/ogrenci\/kisa-sureli-ogrenci-vizesi\/","url":"https:\/\/www.myvize.com.tr\/ingiltere\/ogrenci\/kisa-sureli-ogrenci-vizesi\/","name":"\u0130ngiltere K\u0131sa S\u00fcreli \u00d6\u011frenci Vizesi - MyVize","isPartOf":{"@id":"https:\/\/www.myvize.com.tr\/ingiltere\/#website"},"primaryImageOfPage":{"@id":"https:\/\/www.myvize.com.tr\/ingiltere\/ogrenci\/kisa-sureli-ogrenci-vizesi\/#primaryimage"},"image":{"@id":"https:\/\/www.myvize.com.tr\/ingiltere\/ogrenci\/kisa-sureli-ogrenci-vizesi\/#primaryimage"},"thumbnailUrl":"https:\/\/www.myvize.com.tr\/ingiltere\/wp-content\/uploads\/2021\/09\/35.jpg","datePublished":"2020-12-22T14:27:04+00:00","dateModified":"2022-04-11T11:16:33+00:00","description":"\u0130ngiltere K\u0131sa S\u00fcreli \u00d6\u011frenci Vizesi Nas\u0131l Al\u0131n\u0131r? \u0130ngiltere K\u0131sa S\u00fcreli \u00d6\u011frenci Vizesi Almak \u0130\u00e7in Gerekli Evraklar Nelerdir?","breadcrumb":{"@id":"https:\/\/www.myvize.com.tr\/ingiltere\/ogrenci\/kisa-sureli-ogrenci-vizesi\/#breadcrumb"},"inLanguage":"tr","potentialAction":[{"@type":"ReadAction","target":["https:\/\/www.myvize.com.tr\/ingiltere\/ogrenci\/kisa-sureli-ogrenci-vizesi\/"]}]},{"@type":"ImageObject","inLanguage":"tr","@id":"https:\/\/www.myvize.com.tr\/ingiltere\/ogrenci\/kisa-sureli-ogrenci-vizesi\/#primaryimage","url":"https:\/\/www.myvize.com.tr\/ingiltere\/wp-content\/uploads\/2021\/09\/35.jpg","contentUrl":"https:\/\/www.myvize.com.tr\/ingiltere\/wp-content\/uploads\/2021\/09\/35.jpg","width":800,"height":500,"caption":"K\u0131sa S\u00fcreli \u00d6\u011frenci Vizesi"},{"@type":"BreadcrumbList","@id":"https:\/\/www.myvize.com.tr\/ingiltere\/ogrenci\/kisa-sureli-ogrenci-vizesi\/#breadcrumb","itemListElement":[{"@type":"ListItem","position":1,"name":"Anasayfa","item":"https:\/\/www.myvize.com.tr\/ingiltere\/"},{"@type":"ListItem","position":2,"name":"\u00d6\u011eRENC\u0130 V\u0130ZES\u0130","item":"https:\/\/www.myvize.com.tr\/ingiltere\/ogrenci\/"},{"@type":"ListItem","position":3,"name":"\u0130ngiltere K\u0131sa S\u00fcreli \u00d6\u011frenci Vizesi"}]},{"@type":"WebSite","@id":"https:\/\/www.myvize.com.tr\/ingiltere\/#website","url":"https:\/\/www.myvize.com.tr\/ingiltere\/","name":"\u0130ngiltere Vize Ba\u015fvuru &amp; \u0130ngiltere Vizesi","description":"","potentialAction":[{"@type":"SearchAction","target":{"@type":"EntryPoint","urlTemplate":"https:\/\/www.myvize.com.tr\/ingiltere\/?s={search_term_string}"},"query-input":{"@type":"PropertyValueSpecification","valueRequired":true,"valueName":"search_term_string"}}],"inLanguage":"tr"}]}},"_links":{"self":[{"href":"https:\/\/www.myvize.com.tr\/ingiltere\/wp-json\/wp\/v2\/pages\/219","targetHints":{"allow":["GET"]}}],"collection":[{"href":"https:\/\/www.myvize.com.tr\/ingiltere\/wp-json\/wp\/v2\/pages"}],"about":[{"href":"https:\/\/www.myvize.com.tr\/ingiltere\/wp-json\/wp\/v2\/types\/page"}],"author":[{"embeddable":true,"href":"https:\/\/www.myvize.com.tr\/ingiltere\/wp-json\/wp\/v2\/users\/1"}],"replies":[{"embeddable":true,"href":"https:\/\/www.myvize.com.tr\/ingiltere\/wp-json\/wp\/v2\/comments?post=219"}],"version-history":[{"count":6,"href":"https:\/\/www.myvize.com.tr\/ingiltere\/wp-json\/wp\/v2\/pages\/219\/revisions"}],"predecessor-version":[{"id":1408,"href":"https:\/\/www.myvize.com.tr\/ingiltere\/wp-json\/wp\/v2\/pages\/219\/revisions\/1408"}],"up":[{"embeddable":true,"href":"https:\/\/www.myvize.com.tr\/ingiltere\/wp-json\/wp\/v2\/pages\/160"}],"wp:attachment":[{"href":"https:\/\/www.myvize.com.tr\/ingiltere\/wp-json\/wp\/v2\/media?parent=219"}],"curies":[{"name":"wp","href":"https:\/\/api.w.org\/{rel}","templated":true}]}}