{"id":229,"date":"2020-12-22T17:29:25","date_gmt":"2020-12-22T14:29:25","guid":{"rendered":"https:\/\/www.myvize.com.tr\/ingiltere\/?page_id=229"},"modified":"2022-04-11T14:28:39","modified_gmt":"2022-04-11T11:28:39","slug":"ingiltere-family-permit-vizesi","status":"publish","type":"page","link":"https:\/\/www.myvize.com.tr\/ingiltere\/oturum-2\/ingiltere-family-permit-vizesi\/","title":{"rendered":"\u0130ngiltere Family Permit Vizesi"},"content":{"rendered":"<p><span style=\"font-family: Roboto; font-size: 14px;\"><strong>\u0130ngiltere Family Permit vizesi,<\/strong>\u00a0\u0130ngiltere&#8217;nin Avrupa vatanda\u015flar\u0131 i\u00e7in sundu\u011fu bir vize t\u00fcr\u00fcd\u00fcr. 1994 tarihinde Avrupa Serbest Ticaret Birli\u011fi ve Avrupa Birli\u011fi aras\u0131nda yap\u0131lm\u0131\u015f olan antla\u015fma ile kurulmu\u015ftur. Avrupa Serbest Ticaret Birli\u011fi \u00fcyesi \u00fclkeleri ve Avrupa Birli\u011fi \u00fclkelerinin kat\u0131l\u0131m\u0131 ile olu\u015fmu\u015ftur. Her ne kadar \u0130svi\u00e7re bu toplulu\u011fa dahil olmasa da \u0130ngiltere, \u0130svi\u00e7re vatanda\u015flar\u0131n\u0131n da bu vize t\u00fcr\u00fcn\u00fc kullanmas\u0131na izin vermi\u015ftir.<\/span><\/p>\n<p><span style=\"font-family: Roboto; font-size: 14px;\"><strong>\u0130ngiltere Family Permit Vizesi<\/strong>\u00a0ba\u015fvurusunda bulunabilmek i\u00e7in belirlenmi\u015f olan bu \u00fclkelerden herhangi birinin vatanda\u015f\u0131 ya da vatanda\u015f\u0131n\u0131n en yak\u0131n ailesi olmak gerekmektedir. Ayr\u0131ca \u015funun da belirtilmesi gerekir ki; vatanda\u015f EEA vatanda\u015f\u0131 olarak kabul edilmelidir. Avrupa Ekonomik Toplulu\u011fu \u00fclkelerinden birinin vatanda\u015f\u0131 olan birey, ayn\u0131 zamanda EEA vatanda\u015f\u0131 olarak say\u0131l\u0131r. EEA vatanda\u015f\u0131 mutlaka \u0130ngiltere&#8217;de kalmal\u0131d\u0131r. EEA Family Permit vize ba\u015fvurusunda, ki\u015finin en az 6 ay ge\u00e7erlilik g\u00f6sterecek pasaportunun olmas\u0131 zorunlu olmaktad\u0131r. Bunun d\u0131\u015f\u0131nda ki\u015fi EEA vatanda\u015f\u0131yla yak\u0131n derece kategorisinde yer almal\u0131d\u0131r.<\/span><\/p>\n<p><img decoding=\"async\" src=\"https:\/\/www.myvize.com.tr\/ingiltere\/wp-content\/uploads\/2021\/09\/39.jpg\" \/><\/p>\n<p><span style=\"font-family: Roboto; font-size: 14px;\">Evraklar eksik ve do\u011fru bir \u015fekilde teslim edilmezse ba\u015fvurunuz tamamen ge\u00e7ersiz say\u0131l\u0131r. \u00d6zellikle<\/span><\/p>\n<ul>\n<li><span style=\"color: #2acec2;\"><strong><a style=\"color: #2acec2;\" href=\"https:\/\/www.myvize.com.tr\/ingiltere\/oturum-2\/\" target=\"_blank\" rel=\"noopener\"><span style=\"font-family: Roboto; font-size: 14px;\">\u0130ngiltere Oturum kart\u0131<\/span><\/a><\/strong><\/span><\/li>\n<li><span style=\"font-family: Roboto; font-size: 14px;\">\u00c7al\u0131\u015fma durumunuzu g\u00f6steren evraklar<\/span><\/li>\n<li><span style=\"font-family: Roboto; font-size: 14px;\">Maa\u015f bordrolar\u0131<\/span><\/li>\n<li><span style=\"font-family: Roboto; font-size: 14px;\">\u0130sim denklik belgesi<\/span><\/li>\n<li><span style=\"font-family: Roboto; font-size: 14px;\">\u015eirket sahibi iseniz i\u015f faturalar\u0131 ve evraklar\u0131<\/span><\/li>\n<li><span style=\"font-family: Roboto; font-size: 14px;\">E\u011fer \u00e7al\u0131\u015fm\u0131yorsan\u0131z finansal yeterlilik kan\u0131tlar\u0131 gerekmektedir.<\/span><\/li>\n<\/ul>\n<p><span style=\"font-family: Roboto; font-size: 14px;\"><span style=\"color: #2acec2;\"><strong><a style=\"color: #2acec2;\" href=\"https:\/\/www.myvize.com.tr\/ingiltere\/vize-islemleri\/ingiltere-vize-basvuru-formu\/\" target=\"_blank\" rel=\"noopener\">\u0130ngiltere Vize Ba\u015fvuru formu <\/a><\/strong><\/span>ve belgeler, mutlaka \u0130ngilizce olarak haz\u0131r halde teslim edilmelidir. T\u00fcm bu vize i\u015flemleri \u00f6zellikle g\u00f6\u00e7men kanunlar\u0131 kapsam\u0131nda de\u011ferlendirmeye al\u0131nmaktad\u0131r. Daimi olarak \u0130ngiltere\u2019de kalmak isteyen bireyler, 6 ayl\u0131k vize s\u00fcreleri bittikten sonra mutlaka EEA2 Residence Card ba\u015fvurusunu yapmal\u0131d\u0131r.<\/span><\/p>\n","protected":false},"excerpt":{"rendered":"<p>\u0130ngiltere Family Permit vizesi,\u00a0\u0130ngiltere&#8217;nin Avrupa vatanda\u015flar\u0131 i\u00e7in sundu\u011fu bir vize t\u00fcr\u00fcd\u00fcr. 1994 tarihinde Avrupa Serbest Ticaret Birli\u011fi ve Avrupa Birli\u011fi aras\u0131nda yap\u0131lm\u0131\u015f olan antla\u015fma ile kurulmu\u015ftur. Avrupa Serbest Ticaret Birli\u011fi \u00fcyesi \u00fclkeleri ve Avrupa Birli\u011fi \u00fclkelerinin kat\u0131l\u0131m\u0131 ile olu\u015fmu\u015ftur. Her ne kadar \u0130svi\u00e7re bu toplulu\u011fa dahil olmasa da \u0130ngiltere, \u0130svi\u00e7re vatanda\u015flar\u0131n\u0131n da bu vize t\u00fcr\u00fcn\u00fc<\/p>\n","protected":false},"author":1,"featured_media":0,"parent":163,"menu_order":0,"comment_status":"open","ping_status":"closed","template":"","meta":{"footnotes":""},"class_list":["post-229","page","type-page","status-publish","hentry"],"yoast_head":"<!-- This site is optimized with the Yoast SEO plugin v24.0 - https:\/\/yoast.com\/wordpress\/plugins\/seo\/ -->\n<title>\u0130ngiltere Family Permit Vizesi - MyVize<\/title>\n<meta name=\"description\" content=\"\u0130ngiltere Family Permit Vizesi Nedir? \u0130ngiltere Family Permit Vizesi Nas\u0131l Al\u0131n\u0131r? \u0130ngiltere Family Permit Vizesi Ba\u015fvurusu Nas\u0131l Yap\u0131l\u0131r?\" \/>\n<meta name=\"robots\" content=\"index, follow, max-snippet:-1, max-image-preview:large, max-video-preview:-1\" \/>\n<link rel=\"canonical\" href=\"https:\/\/www.myvize.com.tr\/ingiltere\/oturum-2\/ingiltere-family-permit-vizesi\/\" \/>\n<meta property=\"og:locale\" content=\"tr_TR\" \/>\n<meta property=\"og:type\" content=\"article\" \/>\n<meta property=\"og:title\" content=\"\u0130ngiltere Family Permit Vizesi - MyVize\" \/>\n<meta property=\"og:description\" content=\"\u0130ngiltere Family Permit Vizesi Nedir? \u0130ngiltere Family Permit Vizesi Nas\u0131l Al\u0131n\u0131r? \u0130ngiltere Family Permit Vizesi Ba\u015fvurusu Nas\u0131l Yap\u0131l\u0131r?\" \/>\n<meta property=\"og:url\" content=\"https:\/\/www.myvize.com.tr\/ingiltere\/oturum-2\/ingiltere-family-permit-vizesi\/\" \/>\n<meta property=\"og:site_name\" content=\"\u0130ngiltere Vize Ba\u015fvuru &amp; \u0130ngiltere Vizesi\" \/>\n<meta property=\"article:modified_time\" content=\"2022-04-11T11:28:39+00:00\" \/>\n<meta property=\"og:image\" content=\"https:\/\/www.myvize.com.tr\/ingiltere\/wp-content\/uploads\/2021\/09\/39.jpg\" \/>\n<meta name=\"twitter:card\" content=\"summary_large_image\" \/>\n<meta name=\"twitter:label1\" content=\"Tahmini okuma s\u00fcresi\" \/>\n\t<meta name=\"twitter:data1\" content=\"1 dakika\" \/>\n<script type=\"application\/ld+json\" class=\"yoast-schema-graph\">{\"@context\":\"https:\/\/schema.org\",\"@graph\":[{\"@type\":\"WebPage\",\"@id\":\"https:\/\/www.myvize.com.tr\/ingiltere\/oturum-2\/ingiltere-family-permit-vizesi\/\",\"url\":\"https:\/\/www.myvize.com.tr\/ingiltere\/oturum-2\/ingiltere-family-permit-vizesi\/\",\"name\":\"\u0130ngiltere Family Permit Vizesi - MyVize\",\"isPartOf\":{\"@id\":\"https:\/\/www.myvize.com.tr\/ingiltere\/#website\"},\"primaryImageOfPage\":{\"@id\":\"https:\/\/www.myvize.com.tr\/ingiltere\/oturum-2\/ingiltere-family-permit-vizesi\/#primaryimage\"},\"image\":{\"@id\":\"https:\/\/www.myvize.com.tr\/ingiltere\/oturum-2\/ingiltere-family-permit-vizesi\/#primaryimage\"},\"thumbnailUrl\":\"https:\/\/www.myvize.com.tr\/ingiltere\/wp-content\/uploads\/2021\/09\/39.jpg\",\"datePublished\":\"2020-12-22T14:29:25+00:00\",\"dateModified\":\"2022-04-11T11:28:39+00:00\",\"description\":\"\u0130ngiltere Family Permit Vizesi Nedir? \u0130ngiltere Family Permit Vizesi Nas\u0131l Al\u0131n\u0131r? \u0130ngiltere Family Permit Vizesi Ba\u015fvurusu Nas\u0131l Yap\u0131l\u0131r?\",\"breadcrumb\":{\"@id\":\"https:\/\/www.myvize.com.tr\/ingiltere\/oturum-2\/ingiltere-family-permit-vizesi\/#breadcrumb\"},\"inLanguage\":\"tr\",\"potentialAction\":[{\"@type\":\"ReadAction\",\"target\":[\"https:\/\/www.myvize.com.tr\/ingiltere\/oturum-2\/ingiltere-family-permit-vizesi\/\"]}]},{\"@type\":\"ImageObject\",\"inLanguage\":\"tr\",\"@id\":\"https:\/\/www.myvize.com.tr\/ingiltere\/oturum-2\/ingiltere-family-permit-vizesi\/#primaryimage\",\"url\":\"https:\/\/www.myvize.com.tr\/ingiltere\/wp-content\/uploads\/2021\/09\/39.jpg\",\"contentUrl\":\"https:\/\/www.myvize.com.tr\/ingiltere\/wp-content\/uploads\/2021\/09\/39.jpg\",\"width\":800,\"height\":500,\"caption\":\"\u0130ngiltere Family Permit Vizesi\"},{\"@type\":\"BreadcrumbList\",\"@id\":\"https:\/\/www.myvize.com.tr\/ingiltere\/oturum-2\/ingiltere-family-permit-vizesi\/#breadcrumb\",\"itemListElement\":[{\"@type\":\"ListItem\",\"position\":1,\"name\":\"Anasayfa\",\"item\":\"https:\/\/www.myvize.com.tr\/ingiltere\/\"},{\"@type\":\"ListItem\",\"position\":2,\"name\":\"\u0130NG\u0130LTERE OTURUM KARTI\",\"item\":\"https:\/\/www.myvize.com.tr\/ingiltere\/oturum-2\/\"},{\"@type\":\"ListItem\",\"position\":3,\"name\":\"\u0130ngiltere Family Permit Vizesi\"}]},{\"@type\":\"WebSite\",\"@id\":\"https:\/\/www.myvize.com.tr\/ingiltere\/#website\",\"url\":\"https:\/\/www.myvize.com.tr\/ingiltere\/\",\"name\":\"\u0130ngiltere Vize Ba\u015fvuru &amp; \u0130ngiltere Vizesi\",\"description\":\"\",\"potentialAction\":[{\"@type\":\"SearchAction\",\"target\":{\"@type\":\"EntryPoint\",\"urlTemplate\":\"https:\/\/www.myvize.com.tr\/ingiltere\/?s={search_term_string}\"},\"query-input\":{\"@type\":\"PropertyValueSpecification\",\"valueRequired\":true,\"valueName\":\"search_term_string\"}}],\"inLanguage\":\"tr\"}]}<\/script>\n<!-- \/ Yoast SEO plugin. -->","yoast_head_json":{"title":"\u0130ngiltere Family Permit Vizesi - MyVize","description":"\u0130ngiltere Family Permit Vizesi Nedir? \u0130ngiltere Family Permit Vizesi Nas\u0131l Al\u0131n\u0131r? \u0130ngiltere Family Permit Vizesi Ba\u015fvurusu Nas\u0131l Yap\u0131l\u0131r?","robots":{"index":"index","follow":"follow","max-snippet":"max-snippet:-1","max-image-preview":"max-image-preview:large","max-video-preview":"max-video-preview:-1"},"canonical":"https:\/\/www.myvize.com.tr\/ingiltere\/oturum-2\/ingiltere-family-permit-vizesi\/","og_locale":"tr_TR","og_type":"article","og_title":"\u0130ngiltere Family Permit Vizesi - MyVize","og_description":"\u0130ngiltere Family Permit Vizesi Nedir? \u0130ngiltere Family Permit Vizesi Nas\u0131l Al\u0131n\u0131r? \u0130ngiltere Family Permit Vizesi Ba\u015fvurusu Nas\u0131l Yap\u0131l\u0131r?","og_url":"https:\/\/www.myvize.com.tr\/ingiltere\/oturum-2\/ingiltere-family-permit-vizesi\/","og_site_name":"\u0130ngiltere Vize Ba\u015fvuru &amp; \u0130ngiltere Vizesi","article_modified_time":"2022-04-11T11:28:39+00:00","og_image":[{"url":"https:\/\/www.myvize.com.tr\/ingiltere\/wp-content\/uploads\/2021\/09\/39.jpg","type":"","width":"","height":""}],"twitter_card":"summary_large_image","twitter_misc":{"Tahmini okuma s\u00fcresi":"1 dakika"},"schema":{"@context":"https:\/\/schema.org","@graph":[{"@type":"WebPage","@id":"https:\/\/www.myvize.com.tr\/ingiltere\/oturum-2\/ingiltere-family-permit-vizesi\/","url":"https:\/\/www.myvize.com.tr\/ingiltere\/oturum-2\/ingiltere-family-permit-vizesi\/","name":"\u0130ngiltere Family Permit Vizesi - MyVize","isPartOf":{"@id":"https:\/\/www.myvize.com.tr\/ingiltere\/#website"},"primaryImageOfPage":{"@id":"https:\/\/www.myvize.com.tr\/ingiltere\/oturum-2\/ingiltere-family-permit-vizesi\/#primaryimage"},"image":{"@id":"https:\/\/www.myvize.com.tr\/ingiltere\/oturum-2\/ingiltere-family-permit-vizesi\/#primaryimage"},"thumbnailUrl":"https:\/\/www.myvize.com.tr\/ingiltere\/wp-content\/uploads\/2021\/09\/39.jpg","datePublished":"2020-12-22T14:29:25+00:00","dateModified":"2022-04-11T11:28:39+00:00","description":"\u0130ngiltere Family Permit Vizesi Nedir? \u0130ngiltere Family Permit Vizesi Nas\u0131l Al\u0131n\u0131r? \u0130ngiltere Family Permit Vizesi Ba\u015fvurusu Nas\u0131l Yap\u0131l\u0131r?","breadcrumb":{"@id":"https:\/\/www.myvize.com.tr\/ingiltere\/oturum-2\/ingiltere-family-permit-vizesi\/#breadcrumb"},"inLanguage":"tr","potentialAction":[{"@type":"ReadAction","target":["https:\/\/www.myvize.com.tr\/ingiltere\/oturum-2\/ingiltere-family-permit-vizesi\/"]}]},{"@type":"ImageObject","inLanguage":"tr","@id":"https:\/\/www.myvize.com.tr\/ingiltere\/oturum-2\/ingiltere-family-permit-vizesi\/#primaryimage","url":"https:\/\/www.myvize.com.tr\/ingiltere\/wp-content\/uploads\/2021\/09\/39.jpg","contentUrl":"https:\/\/www.myvize.com.tr\/ingiltere\/wp-content\/uploads\/2021\/09\/39.jpg","width":800,"height":500,"caption":"\u0130ngiltere Family Permit Vizesi"},{"@type":"BreadcrumbList","@id":"https:\/\/www.myvize.com.tr\/ingiltere\/oturum-2\/ingiltere-family-permit-vizesi\/#breadcrumb","itemListElement":[{"@type":"ListItem","position":1,"name":"Anasayfa","item":"https:\/\/www.myvize.com.tr\/ingiltere\/"},{"@type":"ListItem","position":2,"name":"\u0130NG\u0130LTERE OTURUM KARTI","item":"https:\/\/www.myvize.com.tr\/ingiltere\/oturum-2\/"},{"@type":"ListItem","position":3,"name":"\u0130ngiltere Family Permit Vizesi"}]},{"@type":"WebSite","@id":"https:\/\/www.myvize.com.tr\/ingiltere\/#website","url":"https:\/\/www.myvize.com.tr\/ingiltere\/","name":"\u0130ngiltere Vize Ba\u015fvuru &amp; \u0130ngiltere Vizesi","description":"","potentialAction":[{"@type":"SearchAction","target":{"@type":"EntryPoint","urlTemplate":"https:\/\/www.myvize.com.tr\/ingiltere\/?s={search_term_string}"},"query-input":{"@type":"PropertyValueSpecification","valueRequired":true,"valueName":"search_term_string"}}],"inLanguage":"tr"}]}},"_links":{"self":[{"href":"https:\/\/www.myvize.com.tr\/ingiltere\/wp-json\/wp\/v2\/pages\/229","targetHints":{"allow":["GET"]}}],"collection":[{"href":"https:\/\/www.myvize.com.tr\/ingiltere\/wp-json\/wp\/v2\/pages"}],"about":[{"href":"https:\/\/www.myvize.com.tr\/ingiltere\/wp-json\/wp\/v2\/types\/page"}],"author":[{"embeddable":true,"href":"https:\/\/www.myvize.com.tr\/ingiltere\/wp-json\/wp\/v2\/users\/1"}],"replies":[{"embeddable":true,"href":"https:\/\/www.myvize.com.tr\/ingiltere\/wp-json\/wp\/v2\/comments?post=229"}],"version-history":[{"count":5,"href":"https:\/\/www.myvize.com.tr\/ingiltere\/wp-json\/wp\/v2\/pages\/229\/revisions"}],"predecessor-version":[{"id":1565,"href":"https:\/\/www.myvize.com.tr\/ingiltere\/wp-json\/wp\/v2\/pages\/229\/revisions\/1565"}],"up":[{"embeddable":true,"href":"https:\/\/www.myvize.com.tr\/ingiltere\/wp-json\/wp\/v2\/pages\/163"}],"wp:attachment":[{"href":"https:\/\/www.myvize.com.tr\/ingiltere\/wp-json\/wp\/v2\/media?parent=229"}],"curies":[{"name":"wp","href":"https:\/\/api.w.org\/{rel}","templated":true}]}}