{"id":245,"date":"2020-12-22T17:32:41","date_gmt":"2020-12-22T14:32:41","guid":{"rendered":"https:\/\/www.myvize.com.tr\/ingiltere\/?page_id=245"},"modified":"2022-04-11T14:33:41","modified_gmt":"2022-04-11T11:33:41","slug":"ingiltere-ticari-vize-dilekce-ornegi","status":"publish","type":"page","link":"https:\/\/www.myvize.com.tr\/ingiltere\/form-ve-dilekce\/ingiltere-ticari-vize-dilekce-ornegi\/","title":{"rendered":"\u0130ngiltere Ticari Vize Dilek\u00e7e \u00d6rne\u011fi"},"content":{"rendered":"<p><span style=\"font-family: Roboto; font-size: 14px;\">\u0130ngiltere\u2019ye ticari ama\u00e7la seyahat edecek ki\u015filerin, seyahat ile ilgili gerekli bilgileri ilgili \u0130ngiltere Ba\u015fkonsolosluklar\u0131na sunmakla y\u00fck\u00fcml\u00fcd\u00fcrler.<strong>\u00a0\u0130ngiltere ticari vize dilek\u00e7e \u00f6rne\u011fi<\/strong>\u00a0ile bu bilgileri aktarmak zorunlulu\u011fundad\u0131rlar.<\/span><\/p>\n<p><span style=\"font-family: Roboto; font-size: 14px;\">\u0130ngiltere\u2019ye ticari ama\u00e7larla gitmek isteyenler mutlaka bir davetiye mektubuna ihtiya\u00e7 duymaktad\u0131rlar. Bu davetiye mektubu sizi \u0130ngiltere\u2019ye davet eden kurum veya firma taraf\u0131ndan yaz\u0131lm\u0131\u015f olmal\u0131d\u0131r.<\/span><\/p>\n<p><span style=\"font-family: Roboto; font-size: 14px;\"><img decoding=\"async\" src=\"https:\/\/www.myvize.com.tr\/ingiltere\/wp-content\/uploads\/2021\/09\/44.jpg\" \/><\/span><\/p>\n<p><span style=\"font-family: Roboto; font-size: 14px;\"><strong><span style=\"color: #000000;\">\u0130ngiltere vize <\/span>dilek\u00e7e \u00f6rne\u011finde<\/strong>\u00a0dikkat edilmesi gerekenleri derlemek gerekirse;<\/span><\/p>\n<h2><span style=\"font-family: Roboto; font-size: 27px;\"><strong>\u0130ngiltere Ticari Vize \u0130\u015flemleri<\/strong><\/span><\/h2>\n<p><span style=\"font-family: Roboto; font-size: 14px;\">\u0130ngiltere\u2019de herhangi bir ticari faaliyet ya da i\u015f durumunuz var ise ticari vize alman\u0131z gerekiyor. Ticari vize i\u015flemleri s\u0131ras\u0131nda birtak\u0131m evraklar haz\u0131rlanmas\u0131 gerekir. Belgelerin tam ve eksiksiz olmas\u0131 gerekir. Ki\u015filer konferans, toplant\u0131, seminer, ara\u015ft\u0131rma yapmak, i\u015fletme a\u00e7mak ya da devralmak ya da performans sergilemek amac\u0131 ile bu vizeye ba\u015fvurmak durumundad\u0131r.\u00a0<strong>\u0130ngiltere ticari vize i\u015flemleri<\/strong>\u00a0s\u0131ras\u0131nda \u015fu noktalara dikkat etmeniz gerekir:<\/span><\/p>\n<ul>\n<li><span style=\"font-family: Roboto; font-size: 14px;\">Belgelerinizin ticari vizeye uygun olmas\u0131 gerekir.<\/span><\/li>\n<li><span style=\"font-family: Roboto; font-size: 14px;\">Ticari vize belgeleriniz i\u00e7erisinde \u015firket evraklar\u0131n\u0131z\u0131n olmas\u0131na \u00f6zen g\u00f6steriniz.<\/span><\/li>\n<li><span style=\"font-family: Roboto; font-size: 14px;\">Ticari vize i\u015flemleri s\u0131ras\u0131nda evraklar hem \u00e7al\u0131\u015fanlar i\u00e7in hem de \u015firket sahipleri i\u00e7in haz\u0131rlanmal\u0131d\u0131r.<\/span><\/li>\n<li><span style=\"font-family: Roboto; font-size: 14px;\">Belgelerin g\u00fcncel olmas\u0131na dikkat edilmelidir.<\/span><\/li>\n<li><span style=\"font-family: Roboto; font-size: 14px;\">Har\u00e7 bedellerini de zaman\u0131nda yat\u0131rmal\u0131s\u0131n\u0131z.<\/span><\/li>\n<\/ul>\n<p><span style=\"font-family: Roboto; font-size: 14px;\">Bu bilgiler \u0131\u015f\u0131\u011f\u0131nda <span style=\"color: #2acec2;\"><strong><a style=\"color: #2acec2;\" href=\"https:\/\/www.myvize.com.tr\/ingiltere\/vize-islemleri\/ingiltere-ticari-vize\/\" target=\"_blank\" rel=\"noopener\">\u0130ngiltere ticari vize<\/a><\/strong><\/span> i\u015flemleri kolay bir \u015fekilde yap\u0131labilir. Ancak dilek\u00e7enizi yazarken son derece dikkatli olmal\u0131s\u0131n\u0131z. Dilek\u00e7enizin mutlaka ba\u015fvuru formundaki bilgileri desteklemesine dikkat etmeniz gerekmektedir. Dilek\u00e7enizde \u0131slak imza mutlaka olmal\u0131d\u0131r. Ayn\u0131 zamanda para yat\u0131rma i\u015flemlerinizi yaparken de kurumun destekledi\u011fi bankalar\u0131 tercih etmeniz gerekiyor. Para yat\u0131rma i\u015flemlerinde ya\u015fanan sorunlarda kurumlar sorumlu olmuyor.<\/span><\/p>\n<h2><span style=\"font-family: Roboto; font-size: 27px;\"><strong>\u0130ngiltere Ticari Vize Dilek\u00e7esi Nas\u0131l Yaz\u0131l\u0131r?<\/strong><\/span><\/h2>\n<p><span style=\"font-family: Roboto; font-size: 14px;\"><strong>\u0130ngiltere ticari vize dilek\u00e7esi nas\u0131l yaz\u0131l\u0131r<\/strong>\u00a0sorusuna yan\u0131t verebilmek i\u00e7in ilk olarak bu vizenin t\u00fcm ko\u015fullar\u0131n\u0131 bilmeniz gerekmektedir. Ticari vize i\u015f nedeniyle ya da ara\u015ft\u0131rma, konferans, seminer gibi durumlarda al\u0131nan bir vize t\u00fcr\u00fcd\u00fcr. Vizeyi alabilmek i\u00e7in bir pasaportunuz olmas\u0131 \u015fart\u0131 bulunuyor. \u0130ngiltere ticari vize dilek\u00e7esi de ki\u015filerin mutlaka yerine getirmesi gereken ko\u015fullar\u0131n ba\u015f\u0131nda geliyor. Bu dilek\u00e7e doldurulurken mutlaka \u015funa dikkat etmelisiniz:<\/span><\/p>\n<ul>\n<li><span style=\"font-family: Roboto; font-size: 14px;\">Ba\u015fvuru dilek\u00e7esinde vize t\u00fcr\u00fcn\u00fc belirtmelisiniz.<\/span><\/li>\n<li><span style=\"font-family: Roboto; font-size: 14px;\">Vize dilek\u00e7esinde mutlaka ad\u0131n\u0131z ve soyad\u0131n\u0131z gibi bilgiler olmal\u0131d\u0131r.<\/span><\/li>\n<li><span style=\"font-family: Roboto; font-size: 14px;\">Islak imza olmas\u0131 olduk\u00e7a \u00f6nemlidir.<\/span><\/li>\n<li><span style=\"font-family: Roboto; font-size: 14px;\">Belgelerinizin tamam\u0131 ile uyumlu bir dilek\u00e7e olmal\u0131d\u0131r.<\/span><\/li>\n<li><span style=\"font-family: Roboto; font-size: 14px;\">Seyahat amac\u0131n\u0131z\u0131 net olarak belirtmelisiniz.<\/span><\/li>\n<li><span style=\"font-family: Roboto; font-size: 14px;\">Daha \u00f6nceden vize reddi ald\u0131ysan\u0131z bu durumu belirtmelisiniz.<\/span><\/li>\n<li><span style=\"font-family: Roboto; font-size: 14px;\">Tarih olmas\u0131na dikkat etmelisiniz.<\/span><\/li>\n<li><span style=\"font-family: Roboto; font-size: 14px;\">Vize dilek\u00e7enizi <strong>\u0130ngilizce<\/strong> olarak yazmal\u0131s\u0131n\u0131z.<\/span><\/li>\n<\/ul>\n<p><span style=\"font-family: Roboto; font-size: 14px;\">Bu kriterlere dikkate ederek kolayca \u0130ngiltere ticari vize dilek\u00e7enizi kolayl\u0131kla haz\u0131rlama imkan\u0131 elde edebilirsiniz. Dilek\u00e7enizi yanl\u0131\u015f ya da eksik yazmak vize reddine neden olabilir. Bu nedenle mutlaka gereken titizli\u011fi g\u00f6stermeniz gerekmektedir. Vize i\u015flemleri s\u0131ras\u0131nda dilek\u00e7e ile birlikte ba\u015fvuru formu davetiye gibi bir\u00e7ok dikkat edilecek evrak bulunur.<\/span><\/p>\n<h2><strong><span style=\"font-family: Roboto; font-size: 27px;\">\u0130ngiltere Ticari Vize Dilek\u00e7esinde Dikkat Edilmesi Gerekenler<\/span><\/strong><\/h2>\n<ul>\n<li><span style=\"font-family: Roboto; font-size: 14px;\">\u00d6ncelikle gerekli olan ve yap\u0131lmas\u0131 gereken ilk i\u015f \u015firketin antentli k\u00e2\u011f\u0131d\u0131na yaz\u0131lacak dilek\u00e7edir.\u00a0<strong>\u0130ngiltere ticari vize dilek\u00e7e \u00f6rne\u011fi<\/strong>\u00a0ile ba\u015fvuruda \u015firketin yetkilisinin \u0131slak imzas\u0131 ve \u015firketin ka\u015fesi bulunmak zorundad\u0131r.<\/span><\/li>\n<li><span style=\"font-family: Roboto; font-size: 14px;\">Dilek\u00e7e de mutlaka seyahatin amac\u0131na yer verilmelidir.<\/span><\/li>\n<li><span style=\"font-family: Roboto; font-size: 14px;\">Seyahat edecek ki\u015fisin seyahati boyunca yapaca\u011f\u0131 harcamalar\u0131n ve masraflar\u0131n (konaklama, kaza, transfer gibi) ne \u015fekilde kar\u015f\u0131lanaca\u011f\u0131na dilek\u00e7ede a\u00e7\u0131k\u00e7a yer verilmelidir.<\/span><\/li>\n<li><span style=\"font-family: Roboto; font-size: 14px;\"><strong>\u0130ngiltere ticari vize dilek\u00e7e \u00f6rne\u011fi<\/strong>\u00a0i\u00e7erisinde seyahate \u00e7\u0131kacak ki\u015fisin firmadaki g\u00f6revi ve konumu a\u00e7\u0131k\u00e7a belirtilmelidir.<\/span><\/li>\n<li><span style=\"font-family: Roboto; font-size: 14px;\">\u0130ngiltere\u2019ye gidecek ki\u015finin seyahatinin ba\u015flang\u0131\u00e7 ve biti\u015f tarihlerini, olas\u0131 bir ek seyahati olacaksa o konuda net bilgilere mutlaka dilek\u00e7esinde yer vermelidir.<\/span><\/li>\n<\/ul>\n<h3><span style=\"font-family: Roboto; font-size: 24px;\"><strong>\u0130ngiltere Ticari Vize Dilek\u00e7e \u00d6rne\u011fi<\/strong><\/span><\/h3>\n<p><span style=\"font-family: Roboto; font-size: 14px;\"><strong>\u0130ngiltere ticari vize dilek\u00e7e \u00f6rne\u011fi<\/strong>\u00a0incelenerek rahatl\u0131kla vize i\u015flemlerinizi yapt\u0131rma imkan\u0131 bulabilirsiniz. Beklentilerinize yan\u0131t veren bu vize dilek\u00e7e \u00f6rnekleri kolayca bir dilek\u00e7e haz\u0131rlaman\u0131za olanak tan\u0131maktad\u0131r. Vize talep dilek\u00e7esi yazarken \u00f6rneklerden yararlanmak hatas\u0131z bir \u015fekilde dilek\u00e7e haz\u0131rlaman\u0131z i\u00e7in \u00f6nemlidir. Bu s\u00fcre\u00e7te dilek\u00e7e yazarken \u015fu bilgilerin mutlaka dilek\u00e7enizde oldu\u011fundan emin olmal\u0131s\u0131n\u0131z:<\/span><\/p>\n<ul>\n<li><span style=\"font-family: Roboto; font-size: 14px;\">Ad\u0131n\u0131z<\/span><\/li>\n<li><span style=\"font-family: Roboto; font-size: 14px;\">Soyad\u0131n\u0131z<\/span><\/li>\n<li><span style=\"font-family: Roboto; font-size: 14px;\">T.C. kimlik numaran\u0131z<\/span><\/li>\n<li><span style=\"font-family: Roboto; font-size: 14px;\">Tarih<\/span><\/li>\n<li><span style=\"font-family: Roboto; font-size: 14px;\">Islak imza<\/span><\/li>\n<li><span style=\"font-family: Roboto; font-size: 14px;\">Seyahat nedeni<\/span><\/li>\n<li><span style=\"font-family: Roboto; font-size: 14px;\">Gidi\u015f ve d\u00f6n\u00fc\u015f tarihleri<\/span><\/li>\n<li><span style=\"font-family: Roboto; font-size: 14px;\">K\u0131saca seyahat hakk\u0131nda bilgi<\/span><\/li>\n<li><span style=\"font-family: Roboto; font-size: 14px;\">Eskiden reddedilen vize var ise vize reddi nedenleri<\/span><\/li>\n<\/ul>\n<p><span style=\"font-family: Roboto; font-size: 14px;\">Dilek\u00e7enizde mutlaka olmas\u0131 gereken bilgiler aras\u0131nda yer al\u0131yor. Bu bilgilerin her birini detayl\u0131 olarak dilek\u00e7enizde belirtmek daha iyi standartlarda vize alabilmenize olanak tan\u0131maktad\u0131r. Bu s\u00fcre\u00e7te vize dilek\u00e7eniz uygun g\u00f6r\u00fclmez ise kurumlar\u0131n yo\u011funluk durumuna g\u00f6re vizeniz iptal edilebilir. Ancak a\u015f\u0131r\u0131 bir yo\u011funluk yok ise dilek\u00e7enizi d\u00fczeltmenizi isteyebilirler. Ba\u015fvuru formundaki bilgileri destekleyecek \u015fekilde bilgiler yazmaya b\u00fcy\u00fck bir \u00f6zen g\u00f6stermelisiniz. Vize reddi gibi durumlarda kesinlikle itiraz dilek\u00e7esi haz\u0131rlamay\u0131 da ihmal etmemeniz gerekmektedir.<span style=\"color: #2acec2;\"><strong><a style=\"color: #2acec2;\" href=\"https:\/\/www.myvize.com.tr\/ingiltere\/form-ve-dilekce\/ingiltere-vize-basvuru-formu\/\" target=\"_blank\" rel=\"noopener\"> \u0130ngiltere Vize ba\u015fvuru formu<\/a><\/strong><\/span> ve dilek\u00e7ede her zaman \u0131slak imzan\u0131z olmal\u0131d\u0131r.<\/span><\/p>\n","protected":false},"excerpt":{"rendered":"<p>\u0130ngiltere\u2019ye ticari ama\u00e7la seyahat edecek ki\u015filerin, seyahat ile ilgili gerekli bilgileri ilgili \u0130ngiltere Ba\u015fkonsolosluklar\u0131na sunmakla y\u00fck\u00fcml\u00fcd\u00fcrler.\u00a0\u0130ngiltere ticari vize dilek\u00e7e \u00f6rne\u011fi\u00a0ile bu bilgileri aktarmak zorunlulu\u011fundad\u0131rlar. \u0130ngiltere\u2019ye ticari ama\u00e7larla gitmek isteyenler mutlaka bir davetiye mektubuna ihtiya\u00e7 duymaktad\u0131rlar. Bu davetiye mektubu sizi \u0130ngiltere\u2019ye davet eden kurum veya firma taraf\u0131ndan yaz\u0131lm\u0131\u015f olmal\u0131d\u0131r. \u0130ngiltere vize dilek\u00e7e \u00f6rne\u011finde\u00a0dikkat edilmesi gerekenleri derlemek<\/p>\n","protected":false},"author":1,"featured_media":0,"parent":166,"menu_order":0,"comment_status":"open","ping_status":"closed","template":"","meta":{"footnotes":""},"class_list":["post-245","page","type-page","status-publish","hentry"],"yoast_head":"<!-- This site is optimized with the Yoast SEO plugin v24.0 - https:\/\/yoast.com\/wordpress\/plugins\/seo\/ -->\n<title>\u0130ngiltere Ticari Vize Dilek\u00e7e \u00d6rne\u011fi - MyVize<\/title>\n<meta name=\"description\" content=\"\u0130ngiltere Ticari Vize Dilek\u00e7e \u00d6rne\u011fi Nas\u0131l Yaz\u0131l\u0131r? \u0130ngiltere Ticari Vize Dilek\u00e7e \u00d6rne\u011fi Hakk\u0131nda Bilgi Almak \u0130\u00e7in Hemen T\u0131kla.\" \/>\n<meta name=\"robots\" content=\"index, follow, max-snippet:-1, max-image-preview:large, max-video-preview:-1\" \/>\n<link rel=\"canonical\" href=\"https:\/\/www.myvize.com.tr\/ingiltere\/form-ve-dilekce\/ingiltere-ticari-vize-dilekce-ornegi\/\" \/>\n<meta property=\"og:locale\" content=\"tr_TR\" \/>\n<meta property=\"og:type\" content=\"article\" \/>\n<meta property=\"og:title\" content=\"\u0130ngiltere Ticari Vize Dilek\u00e7e \u00d6rne\u011fi - MyVize\" \/>\n<meta property=\"og:description\" content=\"\u0130ngiltere Ticari Vize Dilek\u00e7e \u00d6rne\u011fi Nas\u0131l Yaz\u0131l\u0131r? \u0130ngiltere Ticari Vize Dilek\u00e7e \u00d6rne\u011fi Hakk\u0131nda Bilgi Almak \u0130\u00e7in Hemen T\u0131kla.\" \/>\n<meta property=\"og:url\" content=\"https:\/\/www.myvize.com.tr\/ingiltere\/form-ve-dilekce\/ingiltere-ticari-vize-dilekce-ornegi\/\" \/>\n<meta property=\"og:site_name\" content=\"\u0130ngiltere Vize Ba\u015fvuru &amp; \u0130ngiltere Vizesi\" \/>\n<meta property=\"article:modified_time\" content=\"2022-04-11T11:33:41+00:00\" \/>\n<meta property=\"og:image\" content=\"https:\/\/www.myvize.com.tr\/ingiltere\/wp-content\/uploads\/2021\/09\/44.jpg\" \/>\n<meta name=\"twitter:card\" content=\"summary_large_image\" \/>\n<meta name=\"twitter:label1\" content=\"Tahmini okuma s\u00fcresi\" \/>\n\t<meta name=\"twitter:data1\" content=\"3 dakika\" \/>\n<script type=\"application\/ld+json\" class=\"yoast-schema-graph\">{\"@context\":\"https:\/\/schema.org\",\"@graph\":[{\"@type\":\"WebPage\",\"@id\":\"https:\/\/www.myvize.com.tr\/ingiltere\/form-ve-dilekce\/ingiltere-ticari-vize-dilekce-ornegi\/\",\"url\":\"https:\/\/www.myvize.com.tr\/ingiltere\/form-ve-dilekce\/ingiltere-ticari-vize-dilekce-ornegi\/\",\"name\":\"\u0130ngiltere Ticari Vize Dilek\u00e7e \u00d6rne\u011fi - MyVize\",\"isPartOf\":{\"@id\":\"https:\/\/www.myvize.com.tr\/ingiltere\/#website\"},\"primaryImageOfPage\":{\"@id\":\"https:\/\/www.myvize.com.tr\/ingiltere\/form-ve-dilekce\/ingiltere-ticari-vize-dilekce-ornegi\/#primaryimage\"},\"image\":{\"@id\":\"https:\/\/www.myvize.com.tr\/ingiltere\/form-ve-dilekce\/ingiltere-ticari-vize-dilekce-ornegi\/#primaryimage\"},\"thumbnailUrl\":\"https:\/\/www.myvize.com.tr\/ingiltere\/wp-content\/uploads\/2021\/09\/44.jpg\",\"datePublished\":\"2020-12-22T14:32:41+00:00\",\"dateModified\":\"2022-04-11T11:33:41+00:00\",\"description\":\"\u0130ngiltere Ticari Vize Dilek\u00e7e \u00d6rne\u011fi Nas\u0131l Yaz\u0131l\u0131r? \u0130ngiltere Ticari Vize Dilek\u00e7e \u00d6rne\u011fi Hakk\u0131nda Bilgi Almak \u0130\u00e7in Hemen T\u0131kla.\",\"breadcrumb\":{\"@id\":\"https:\/\/www.myvize.com.tr\/ingiltere\/form-ve-dilekce\/ingiltere-ticari-vize-dilekce-ornegi\/#breadcrumb\"},\"inLanguage\":\"tr\",\"potentialAction\":[{\"@type\":\"ReadAction\",\"target\":[\"https:\/\/www.myvize.com.tr\/ingiltere\/form-ve-dilekce\/ingiltere-ticari-vize-dilekce-ornegi\/\"]}]},{\"@type\":\"ImageObject\",\"inLanguage\":\"tr\",\"@id\":\"https:\/\/www.myvize.com.tr\/ingiltere\/form-ve-dilekce\/ingiltere-ticari-vize-dilekce-ornegi\/#primaryimage\",\"url\":\"https:\/\/www.myvize.com.tr\/ingiltere\/wp-content\/uploads\/2021\/09\/44.jpg\",\"contentUrl\":\"https:\/\/www.myvize.com.tr\/ingiltere\/wp-content\/uploads\/2021\/09\/44.jpg\",\"width\":800,\"height\":500,\"caption\":\"\u0130ngiltere Ticari Vize Dilek\u00e7e \u00d6rne\u011fi\"},{\"@type\":\"BreadcrumbList\",\"@id\":\"https:\/\/www.myvize.com.tr\/ingiltere\/form-ve-dilekce\/ingiltere-ticari-vize-dilekce-ornegi\/#breadcrumb\",\"itemListElement\":[{\"@type\":\"ListItem\",\"position\":1,\"name\":\"Anasayfa\",\"item\":\"https:\/\/www.myvize.com.tr\/ingiltere\/\"},{\"@type\":\"ListItem\",\"position\":2,\"name\":\"FORM VE D\u0130LEK\u00c7E\",\"item\":\"https:\/\/www.myvize.com.tr\/ingiltere\/form-ve-dilekce\/\"},{\"@type\":\"ListItem\",\"position\":3,\"name\":\"\u0130ngiltere Ticari Vize Dilek\u00e7e \u00d6rne\u011fi\"}]},{\"@type\":\"WebSite\",\"@id\":\"https:\/\/www.myvize.com.tr\/ingiltere\/#website\",\"url\":\"https:\/\/www.myvize.com.tr\/ingiltere\/\",\"name\":\"\u0130ngiltere Vize Ba\u015fvuru &amp; \u0130ngiltere Vizesi\",\"description\":\"\",\"potentialAction\":[{\"@type\":\"SearchAction\",\"target\":{\"@type\":\"EntryPoint\",\"urlTemplate\":\"https:\/\/www.myvize.com.tr\/ingiltere\/?s={search_term_string}\"},\"query-input\":{\"@type\":\"PropertyValueSpecification\",\"valueRequired\":true,\"valueName\":\"search_term_string\"}}],\"inLanguage\":\"tr\"}]}<\/script>\n<!-- \/ Yoast SEO plugin. -->","yoast_head_json":{"title":"\u0130ngiltere Ticari Vize Dilek\u00e7e \u00d6rne\u011fi - MyVize","description":"\u0130ngiltere Ticari Vize Dilek\u00e7e \u00d6rne\u011fi Nas\u0131l Yaz\u0131l\u0131r? \u0130ngiltere Ticari Vize Dilek\u00e7e \u00d6rne\u011fi Hakk\u0131nda Bilgi Almak \u0130\u00e7in Hemen T\u0131kla.","robots":{"index":"index","follow":"follow","max-snippet":"max-snippet:-1","max-image-preview":"max-image-preview:large","max-video-preview":"max-video-preview:-1"},"canonical":"https:\/\/www.myvize.com.tr\/ingiltere\/form-ve-dilekce\/ingiltere-ticari-vize-dilekce-ornegi\/","og_locale":"tr_TR","og_type":"article","og_title":"\u0130ngiltere Ticari Vize Dilek\u00e7e \u00d6rne\u011fi - MyVize","og_description":"\u0130ngiltere Ticari Vize Dilek\u00e7e \u00d6rne\u011fi Nas\u0131l Yaz\u0131l\u0131r? \u0130ngiltere Ticari Vize Dilek\u00e7e \u00d6rne\u011fi Hakk\u0131nda Bilgi Almak \u0130\u00e7in Hemen T\u0131kla.","og_url":"https:\/\/www.myvize.com.tr\/ingiltere\/form-ve-dilekce\/ingiltere-ticari-vize-dilekce-ornegi\/","og_site_name":"\u0130ngiltere Vize Ba\u015fvuru &amp; \u0130ngiltere Vizesi","article_modified_time":"2022-04-11T11:33:41+00:00","og_image":[{"url":"https:\/\/www.myvize.com.tr\/ingiltere\/wp-content\/uploads\/2021\/09\/44.jpg","type":"","width":"","height":""}],"twitter_card":"summary_large_image","twitter_misc":{"Tahmini okuma s\u00fcresi":"3 dakika"},"schema":{"@context":"https:\/\/schema.org","@graph":[{"@type":"WebPage","@id":"https:\/\/www.myvize.com.tr\/ingiltere\/form-ve-dilekce\/ingiltere-ticari-vize-dilekce-ornegi\/","url":"https:\/\/www.myvize.com.tr\/ingiltere\/form-ve-dilekce\/ingiltere-ticari-vize-dilekce-ornegi\/","name":"\u0130ngiltere Ticari Vize Dilek\u00e7e \u00d6rne\u011fi - MyVize","isPartOf":{"@id":"https:\/\/www.myvize.com.tr\/ingiltere\/#website"},"primaryImageOfPage":{"@id":"https:\/\/www.myvize.com.tr\/ingiltere\/form-ve-dilekce\/ingiltere-ticari-vize-dilekce-ornegi\/#primaryimage"},"image":{"@id":"https:\/\/www.myvize.com.tr\/ingiltere\/form-ve-dilekce\/ingiltere-ticari-vize-dilekce-ornegi\/#primaryimage"},"thumbnailUrl":"https:\/\/www.myvize.com.tr\/ingiltere\/wp-content\/uploads\/2021\/09\/44.jpg","datePublished":"2020-12-22T14:32:41+00:00","dateModified":"2022-04-11T11:33:41+00:00","description":"\u0130ngiltere Ticari Vize Dilek\u00e7e \u00d6rne\u011fi Nas\u0131l Yaz\u0131l\u0131r? \u0130ngiltere Ticari Vize Dilek\u00e7e \u00d6rne\u011fi Hakk\u0131nda Bilgi Almak \u0130\u00e7in Hemen T\u0131kla.","breadcrumb":{"@id":"https:\/\/www.myvize.com.tr\/ingiltere\/form-ve-dilekce\/ingiltere-ticari-vize-dilekce-ornegi\/#breadcrumb"},"inLanguage":"tr","potentialAction":[{"@type":"ReadAction","target":["https:\/\/www.myvize.com.tr\/ingiltere\/form-ve-dilekce\/ingiltere-ticari-vize-dilekce-ornegi\/"]}]},{"@type":"ImageObject","inLanguage":"tr","@id":"https:\/\/www.myvize.com.tr\/ingiltere\/form-ve-dilekce\/ingiltere-ticari-vize-dilekce-ornegi\/#primaryimage","url":"https:\/\/www.myvize.com.tr\/ingiltere\/wp-content\/uploads\/2021\/09\/44.jpg","contentUrl":"https:\/\/www.myvize.com.tr\/ingiltere\/wp-content\/uploads\/2021\/09\/44.jpg","width":800,"height":500,"caption":"\u0130ngiltere Ticari Vize Dilek\u00e7e \u00d6rne\u011fi"},{"@type":"BreadcrumbList","@id":"https:\/\/www.myvize.com.tr\/ingiltere\/form-ve-dilekce\/ingiltere-ticari-vize-dilekce-ornegi\/#breadcrumb","itemListElement":[{"@type":"ListItem","position":1,"name":"Anasayfa","item":"https:\/\/www.myvize.com.tr\/ingiltere\/"},{"@type":"ListItem","position":2,"name":"FORM VE D\u0130LEK\u00c7E","item":"https:\/\/www.myvize.com.tr\/ingiltere\/form-ve-dilekce\/"},{"@type":"ListItem","position":3,"name":"\u0130ngiltere Ticari Vize Dilek\u00e7e \u00d6rne\u011fi"}]},{"@type":"WebSite","@id":"https:\/\/www.myvize.com.tr\/ingiltere\/#website","url":"https:\/\/www.myvize.com.tr\/ingiltere\/","name":"\u0130ngiltere Vize Ba\u015fvuru &amp; \u0130ngiltere Vizesi","description":"","potentialAction":[{"@type":"SearchAction","target":{"@type":"EntryPoint","urlTemplate":"https:\/\/www.myvize.com.tr\/ingiltere\/?s={search_term_string}"},"query-input":{"@type":"PropertyValueSpecification","valueRequired":true,"valueName":"search_term_string"}}],"inLanguage":"tr"}]}},"_links":{"self":[{"href":"https:\/\/www.myvize.com.tr\/ingiltere\/wp-json\/wp\/v2\/pages\/245","targetHints":{"allow":["GET"]}}],"collection":[{"href":"https:\/\/www.myvize.com.tr\/ingiltere\/wp-json\/wp\/v2\/pages"}],"about":[{"href":"https:\/\/www.myvize.com.tr\/ingiltere\/wp-json\/wp\/v2\/types\/page"}],"author":[{"embeddable":true,"href":"https:\/\/www.myvize.com.tr\/ingiltere\/wp-json\/wp\/v2\/users\/1"}],"replies":[{"embeddable":true,"href":"https:\/\/www.myvize.com.tr\/ingiltere\/wp-json\/wp\/v2\/comments?post=245"}],"version-history":[{"count":10,"href":"https:\/\/www.myvize.com.tr\/ingiltere\/wp-json\/wp\/v2\/pages\/245\/revisions"}],"predecessor-version":[{"id":1569,"href":"https:\/\/www.myvize.com.tr\/ingiltere\/wp-json\/wp\/v2\/pages\/245\/revisions\/1569"}],"up":[{"embeddable":true,"href":"https:\/\/www.myvize.com.tr\/ingiltere\/wp-json\/wp\/v2\/pages\/166"}],"wp:attachment":[{"href":"https:\/\/www.myvize.com.tr\/ingiltere\/wp-json\/wp\/v2\/media?parent=245"}],"curies":[{"name":"wp","href":"https:\/\/api.w.org\/{rel}","templated":true}]}}