{"id":302,"date":"2020-12-28T13:18:33","date_gmt":"2020-12-28T10:18:33","guid":{"rendered":"https:\/\/www.myvize.com.tr\/ingiltere\/?page_id=302"},"modified":"2022-04-11T15:11:30","modified_gmt":"2022-04-11T12:11:30","slug":"bursa","status":"publish","type":"page","link":"https:\/\/www.myvize.com.tr\/ingiltere\/subelerimiz\/bursa\/","title":{"rendered":"Bursa"},"content":{"rendered":"<h2><strong><span style=\"font-size: 27px; font-family: Roboto;\">\u0130ngiltere Vize Ba\u015fvuru Merkezi, Bursa<\/span><\/strong><\/h2>\n<p><img decoding=\"async\" src=\"https:\/\/www.myvize.com.tr\/ingiltere\/wp-content\/uploads\/2021\/09\/3-4.jpg\" \/><\/p>\n","protected":false},"excerpt":{"rendered":"<p>\u0130ngiltere Vize Ba\u015fvuru Merkezi, Bursa<\/p>\n","protected":false},"author":1,"featured_media":0,"parent":281,"menu_order":0,"comment_status":"open","ping_status":"closed","template":"","meta":{"footnotes":""},"class_list":["post-302","page","type-page","status-publish","hentry"],"yoast_head":"<!-- This site is optimized with the Yoast SEO plugin v24.0 - https:\/\/yoast.com\/wordpress\/plugins\/seo\/ -->\n<title>\u0130ngiltere Vizesi Bursa Ba\u015fvuru \u015eubesi- MyVize<\/title>\n<meta name=\"description\" content=\"\u0130ngiltere Vizesi Bursa Vize Ba\u015fvuru Merkezi. \u0130ngiltere Vizesi Nas\u0131l Al\u0131n\u0131r? \u0130ngiltere Vize \u00dccreti Nedir? \u0130ngiltere Vizesi 2022.\" \/>\n<meta name=\"robots\" content=\"index, follow, max-snippet:-1, max-image-preview:large, max-video-preview:-1\" \/>\n<link rel=\"canonical\" href=\"https:\/\/www.myvize.com.tr\/ingiltere\/subelerimiz\/bursa\/\" \/>\n<meta property=\"og:locale\" content=\"tr_TR\" \/>\n<meta property=\"og:type\" content=\"article\" \/>\n<meta property=\"og:title\" content=\"\u0130ngiltere Vizesi Bursa Ba\u015fvuru \u015eubesi- MyVize\" \/>\n<meta property=\"og:description\" content=\"\u0130ngiltere Vizesi Bursa Vize Ba\u015fvuru Merkezi. \u0130ngiltere Vizesi Nas\u0131l Al\u0131n\u0131r? \u0130ngiltere Vize \u00dccreti Nedir? \u0130ngiltere Vizesi 2022.\" \/>\n<meta property=\"og:url\" content=\"https:\/\/www.myvize.com.tr\/ingiltere\/subelerimiz\/bursa\/\" \/>\n<meta property=\"og:site_name\" content=\"\u0130ngiltere Vize Ba\u015fvuru &amp; \u0130ngiltere Vizesi\" \/>\n<meta property=\"article:modified_time\" content=\"2022-04-11T12:11:30+00:00\" \/>\n<meta property=\"og:image\" content=\"https:\/\/www.myvize.com.tr\/ingiltere\/wp-content\/uploads\/2021\/09\/3-4.jpg\" \/>\n<meta name=\"twitter:card\" content=\"summary_large_image\" \/>\n<meta name=\"twitter:label1\" content=\"Tahmini okuma s\u00fcresi\" \/>\n\t<meta name=\"twitter:data1\" content=\"1 dakika\" \/>\n<script type=\"application\/ld+json\" class=\"yoast-schema-graph\">{\"@context\":\"https:\/\/schema.org\",\"@graph\":[{\"@type\":\"WebPage\",\"@id\":\"https:\/\/www.myvize.com.tr\/ingiltere\/subelerimiz\/bursa\/\",\"url\":\"https:\/\/www.myvize.com.tr\/ingiltere\/subelerimiz\/bursa\/\",\"name\":\"\u0130ngiltere Vizesi Bursa Ba\u015fvuru \u015eubesi- MyVize\",\"isPartOf\":{\"@id\":\"https:\/\/www.myvize.com.tr\/ingiltere\/#website\"},\"primaryImageOfPage\":{\"@id\":\"https:\/\/www.myvize.com.tr\/ingiltere\/subelerimiz\/bursa\/#primaryimage\"},\"image\":{\"@id\":\"https:\/\/www.myvize.com.tr\/ingiltere\/subelerimiz\/bursa\/#primaryimage\"},\"thumbnailUrl\":\"https:\/\/www.myvize.com.tr\/ingiltere\/wp-content\/uploads\/2021\/09\/3-4.jpg\",\"datePublished\":\"2020-12-28T10:18:33+00:00\",\"dateModified\":\"2022-04-11T12:11:30+00:00\",\"description\":\"\u0130ngiltere Vizesi Bursa Vize Ba\u015fvuru Merkezi. \u0130ngiltere Vizesi Nas\u0131l Al\u0131n\u0131r? \u0130ngiltere Vize \u00dccreti Nedir? \u0130ngiltere Vizesi 2022.\",\"breadcrumb\":{\"@id\":\"https:\/\/www.myvize.com.tr\/ingiltere\/subelerimiz\/bursa\/#breadcrumb\"},\"inLanguage\":\"tr\",\"potentialAction\":[{\"@type\":\"ReadAction\",\"target\":[\"https:\/\/www.myvize.com.tr\/ingiltere\/subelerimiz\/bursa\/\"]}]},{\"@type\":\"ImageObject\",\"inLanguage\":\"tr\",\"@id\":\"https:\/\/www.myvize.com.tr\/ingiltere\/subelerimiz\/bursa\/#primaryimage\",\"url\":\"https:\/\/www.myvize.com.tr\/ingiltere\/wp-content\/uploads\/2021\/09\/3-4.jpg\",\"contentUrl\":\"https:\/\/www.myvize.com.tr\/ingiltere\/wp-content\/uploads\/2021\/09\/3-4.jpg\",\"width\":800,\"height\":500,\"caption\":\"\u0130ngiltere \u015eubelerimiz Bursa\"},{\"@type\":\"BreadcrumbList\",\"@id\":\"https:\/\/www.myvize.com.tr\/ingiltere\/subelerimiz\/bursa\/#breadcrumb\",\"itemListElement\":[{\"@type\":\"ListItem\",\"position\":1,\"name\":\"Anasayfa\",\"item\":\"https:\/\/www.myvize.com.tr\/ingiltere\/\"},{\"@type\":\"ListItem\",\"position\":2,\"name\":\"\u015eUBELER\u0130M\u0130Z\",\"item\":\"https:\/\/www.myvize.com.tr\/ingiltere\/subelerimiz\/\"},{\"@type\":\"ListItem\",\"position\":3,\"name\":\"Bursa\"}]},{\"@type\":\"WebSite\",\"@id\":\"https:\/\/www.myvize.com.tr\/ingiltere\/#website\",\"url\":\"https:\/\/www.myvize.com.tr\/ingiltere\/\",\"name\":\"\u0130ngiltere Vize Ba\u015fvuru &amp; \u0130ngiltere Vizesi\",\"description\":\"\",\"potentialAction\":[{\"@type\":\"SearchAction\",\"target\":{\"@type\":\"EntryPoint\",\"urlTemplate\":\"https:\/\/www.myvize.com.tr\/ingiltere\/?s={search_term_string}\"},\"query-input\":{\"@type\":\"PropertyValueSpecification\",\"valueRequired\":true,\"valueName\":\"search_term_string\"}}],\"inLanguage\":\"tr\"}]}<\/script>\n<!-- \/ Yoast SEO plugin. -->","yoast_head_json":{"title":"\u0130ngiltere Vizesi Bursa Ba\u015fvuru \u015eubesi- MyVize","description":"\u0130ngiltere Vizesi Bursa Vize Ba\u015fvuru Merkezi. \u0130ngiltere Vizesi Nas\u0131l Al\u0131n\u0131r? \u0130ngiltere Vize \u00dccreti Nedir? \u0130ngiltere Vizesi 2022.","robots":{"index":"index","follow":"follow","max-snippet":"max-snippet:-1","max-image-preview":"max-image-preview:large","max-video-preview":"max-video-preview:-1"},"canonical":"https:\/\/www.myvize.com.tr\/ingiltere\/subelerimiz\/bursa\/","og_locale":"tr_TR","og_type":"article","og_title":"\u0130ngiltere Vizesi Bursa Ba\u015fvuru \u015eubesi- MyVize","og_description":"\u0130ngiltere Vizesi Bursa Vize Ba\u015fvuru Merkezi. \u0130ngiltere Vizesi Nas\u0131l Al\u0131n\u0131r? \u0130ngiltere Vize \u00dccreti Nedir? \u0130ngiltere Vizesi 2022.","og_url":"https:\/\/www.myvize.com.tr\/ingiltere\/subelerimiz\/bursa\/","og_site_name":"\u0130ngiltere Vize Ba\u015fvuru &amp; \u0130ngiltere Vizesi","article_modified_time":"2022-04-11T12:11:30+00:00","og_image":[{"url":"https:\/\/www.myvize.com.tr\/ingiltere\/wp-content\/uploads\/2021\/09\/3-4.jpg","type":"","width":"","height":""}],"twitter_card":"summary_large_image","twitter_misc":{"Tahmini okuma s\u00fcresi":"1 dakika"},"schema":{"@context":"https:\/\/schema.org","@graph":[{"@type":"WebPage","@id":"https:\/\/www.myvize.com.tr\/ingiltere\/subelerimiz\/bursa\/","url":"https:\/\/www.myvize.com.tr\/ingiltere\/subelerimiz\/bursa\/","name":"\u0130ngiltere Vizesi Bursa Ba\u015fvuru \u015eubesi- MyVize","isPartOf":{"@id":"https:\/\/www.myvize.com.tr\/ingiltere\/#website"},"primaryImageOfPage":{"@id":"https:\/\/www.myvize.com.tr\/ingiltere\/subelerimiz\/bursa\/#primaryimage"},"image":{"@id":"https:\/\/www.myvize.com.tr\/ingiltere\/subelerimiz\/bursa\/#primaryimage"},"thumbnailUrl":"https:\/\/www.myvize.com.tr\/ingiltere\/wp-content\/uploads\/2021\/09\/3-4.jpg","datePublished":"2020-12-28T10:18:33+00:00","dateModified":"2022-04-11T12:11:30+00:00","description":"\u0130ngiltere Vizesi Bursa Vize Ba\u015fvuru Merkezi. \u0130ngiltere Vizesi Nas\u0131l Al\u0131n\u0131r? \u0130ngiltere Vize \u00dccreti Nedir? \u0130ngiltere Vizesi 2022.","breadcrumb":{"@id":"https:\/\/www.myvize.com.tr\/ingiltere\/subelerimiz\/bursa\/#breadcrumb"},"inLanguage":"tr","potentialAction":[{"@type":"ReadAction","target":["https:\/\/www.myvize.com.tr\/ingiltere\/subelerimiz\/bursa\/"]}]},{"@type":"ImageObject","inLanguage":"tr","@id":"https:\/\/www.myvize.com.tr\/ingiltere\/subelerimiz\/bursa\/#primaryimage","url":"https:\/\/www.myvize.com.tr\/ingiltere\/wp-content\/uploads\/2021\/09\/3-4.jpg","contentUrl":"https:\/\/www.myvize.com.tr\/ingiltere\/wp-content\/uploads\/2021\/09\/3-4.jpg","width":800,"height":500,"caption":"\u0130ngiltere \u015eubelerimiz Bursa"},{"@type":"BreadcrumbList","@id":"https:\/\/www.myvize.com.tr\/ingiltere\/subelerimiz\/bursa\/#breadcrumb","itemListElement":[{"@type":"ListItem","position":1,"name":"Anasayfa","item":"https:\/\/www.myvize.com.tr\/ingiltere\/"},{"@type":"ListItem","position":2,"name":"\u015eUBELER\u0130M\u0130Z","item":"https:\/\/www.myvize.com.tr\/ingiltere\/subelerimiz\/"},{"@type":"ListItem","position":3,"name":"Bursa"}]},{"@type":"WebSite","@id":"https:\/\/www.myvize.com.tr\/ingiltere\/#website","url":"https:\/\/www.myvize.com.tr\/ingiltere\/","name":"\u0130ngiltere Vize Ba\u015fvuru &amp; \u0130ngiltere Vizesi","description":"","potentialAction":[{"@type":"SearchAction","target":{"@type":"EntryPoint","urlTemplate":"https:\/\/www.myvize.com.tr\/ingiltere\/?s={search_term_string}"},"query-input":{"@type":"PropertyValueSpecification","valueRequired":true,"valueName":"search_term_string"}}],"inLanguage":"tr"}]}},"_links":{"self":[{"href":"https:\/\/www.myvize.com.tr\/ingiltere\/wp-json\/wp\/v2\/pages\/302","targetHints":{"allow":["GET"]}}],"collection":[{"href":"https:\/\/www.myvize.com.tr\/ingiltere\/wp-json\/wp\/v2\/pages"}],"about":[{"href":"https:\/\/www.myvize.com.tr\/ingiltere\/wp-json\/wp\/v2\/types\/page"}],"author":[{"embeddable":true,"href":"https:\/\/www.myvize.com.tr\/ingiltere\/wp-json\/wp\/v2\/users\/1"}],"replies":[{"embeddable":true,"href":"https:\/\/www.myvize.com.tr\/ingiltere\/wp-json\/wp\/v2\/comments?post=302"}],"version-history":[{"count":5,"href":"https:\/\/www.myvize.com.tr\/ingiltere\/wp-json\/wp\/v2\/pages\/302\/revisions"}],"predecessor-version":[{"id":1592,"href":"https:\/\/www.myvize.com.tr\/ingiltere\/wp-json\/wp\/v2\/pages\/302\/revisions\/1592"}],"up":[{"embeddable":true,"href":"https:\/\/www.myvize.com.tr\/ingiltere\/wp-json\/wp\/v2\/pages\/281"}],"wp:attachment":[{"href":"https:\/\/www.myvize.com.tr\/ingiltere\/wp-json\/wp\/v2\/media?parent=302"}],"curies":[{"name":"wp","href":"https:\/\/api.w.org\/{rel}","templated":true}]}}