{"id":312,"date":"2020-12-28T13:19:54","date_gmt":"2020-12-28T10:19:54","guid":{"rendered":"https:\/\/www.myvize.com.tr\/ingiltere\/?page_id=312"},"modified":"2022-04-11T15:08:04","modified_gmt":"2022-04-11T12:08:04","slug":"istanbul","status":"publish","type":"page","link":"https:\/\/www.myvize.com.tr\/ingiltere\/subelerimiz\/istanbul\/","title":{"rendered":"\u0130stanbul"},"content":{"rendered":"<h2><strong><span style=\"font-family: Roboto; font-size: 27px;\">\u0130stanbul \u0130ngiltere Vize Ba\u015fvuru Merkezi<\/span><\/strong><\/h2>\n<p><span style=\"font-family: Roboto; font-size: 14px;\"><strong>\u0130ngiltere Konsoloslu\u011fu<\/strong> yapaca\u011f\u0131n\u0131z k\u0131sa s\u00fcreli vize ba\u015fvurular\u0131n\u0131z i\u00e7in do\u011frudan <span style=\"color: #2acec2;\"><strong><a style=\"color: #2acec2;\" href=\"https:\/\/www.myvize.com.tr\/ingiltere\/konsolosluklar\/ingiltere-istanbul-fahri-konsoloslugu\/\" target=\"_blank\" rel=\"noopener\">\u0130stanbul \u0130ngiltere Konsoloslu\u011fu<\/a><\/strong><\/span> ya da Ankara \u0130ngiltere\u00a0<\/span><br \/>\n<span style=\"font-family: Roboto; font-size: 14px;\">B\u00fcy\u00fckel\u00e7ili\u011finin i\u00e7erisinde bulunan Konsolosluk b\u00f6l\u00fcm\u00fcnden direkt ba\u015fvuru yapman\u0131z\u0131 istiyor. \u0130ngiltere Konsoloslu\u011funa yapaca\u011f\u0131n\u0131z <span style=\"color: #2acec2;\"><a style=\"color: #2acec2;\" href=\"https:\/\/www.myvize.com.tr\/ingiltere\/vize-islemleri\/ingiltere-vizesi\/\" target=\"_blank\" rel=\"noopener\"><strong>\u0130ngiltere <\/strong><\/a><\/span><\/span><span style=\"font-family: Roboto; font-size: 14px;\"><strong><span style=\"color: #2acec2;\">vizesi<\/span><\/strong> ba\u015fvurular\u0131n\u0131z i\u00e7in \u00a0randevu alman\u0131z gerekiyor. Vize ba\u015fvurular\u0131n\u0131z\u00a0 UKBA taraf\u0131ndan yetkilendirilen \u0130ngiltere vize ba\u015fvuru merkezleri ve<span style=\"color: #2acec2;\"><strong><a style=\"color: #2acec2;\" href=\"https:\/\/www.myvize.com.tr\/ingiltere\/vize-islemleri\/ingiltere-vize-basvurusu\/\" target=\"_blank\" rel=\"noopener\"> \u0130ngiltere vize ba\u015fvurusu<\/a><\/strong><\/span> merkezleri taraf\u0131ndan yetkilendirilen seyahat acentalar\u0131 arac\u0131l\u0131\u011f\u0131yla kabul ediliyor. \u0130ngiltere vize ba\u015fvurunuz\u00a0 i\u00e7in dan\u0131\u015fmanl\u0131k veriyor oldu\u011fumuz \u015firketimiz ile sorunsuz ve eksiksiz ba\u015fvuru s\u00fcreci ya\u015faman\u0131z i\u00e7in hizmet veriyoruz.<\/span><\/p>\n<h2><strong><span style=\"font-family: Roboto; font-size: 27px;\">\u0130ngiltere \u0130stanbul Ba\u015fkonsoloslu\u011fu G\u00f6rev B\u00f6lgesi Nedir?<\/span><\/strong><\/h2>\n<p><span style=\"font-family: Roboto; font-size: 14px;\">\u0130ngiltere Vize Ba\u015fvuru Merkezleri, <strong>\u0130ngiltere vizesi<\/strong> ba\u015fvurusu yapacaksan\u0131z randevu alman\u0131z\u0131 zorunlu tutuyor. Ba\u015fvuru merkezinin bulundu\u011fu iller Antalya, Adana, Gaziantep, Ankara, Bursa ve \u0130zmir&#8217;dir.<\/span><\/p>\n<p><img decoding=\"async\" src=\"https:\/\/www.myvize.com.tr\/ingiltere\/wp-content\/uploads\/2021\/09\/3-1.jpg\" \/><\/p>\n<h2><strong><span style=\"font-family: Roboto; font-size: 27px;\">\u0130stanbul \u0130ngiltere Konsoloslu\u011fu \u00c7al\u0131\u015fma Saatleri Nedir?<\/span><\/strong><\/h2>\n<p><span style=\"font-family: Roboto; font-size: 14px;\">Pazartesi-Cuma : 08:00 \u2013 12:00 ve 13:00 \u2013 17:00<\/span><\/p>\n<h2><span style=\"font-size: 27px;\"><strong><span style=\"font-family: Roboto;\">\u0130ngiltere Konsoloslu\u011fu Vize Ba\u015fvurusu Nas\u0131l Yap\u0131l\u0131r?<\/span><\/strong><\/span><\/h2>\n<p><span style=\"font-family: Roboto; font-size: 14px;\">\u0130ngiltere Konsoloslu\u011fu\u2019na \u0130ngiltere\u2019ye gitme amac\u0131n\u0131za uygun olarak haz\u0131rlayac\u011f\u0131n\u0131z ba\u015fvuru dosyas\u0131 i\u00e7inde online\u00a0 <span style=\"color: #2acec2;\"><strong><a style=\"color: #2acec2;\" href=\"https:\/\/www.myvize.com.tr\/ingiltere\/form-ve-dilekce\/ingiltere-vize-basvuru-formu\/\" target=\"_blank\" rel=\"noopener\">\u0130ngiltere vize ba\u015fvurusu formu<\/a><\/strong><\/span> \u00e7\u0131kt\u0131s\u0131, randevu bildirimi, vize \u00fccretinin \u00f6deme e-maili ve evraklar\u0131n orijinalleri ile fotokopilerinin bulunmas\u0131 gerekiyor.<strong> \u0130ngiltere vize ba\u015fvurusu<\/strong> yapacaksan\u0131z, ba\u015fvuru s\u0131ras\u0131nda sunaca\u011f\u0131n\u0131z belgelerin net, eksiksiz ve do\u011fru olmas\u0131 gerekiyor.<strong> \u0130ngiltere vizesi<\/strong> i\u00e7in ba\u015fvuru dosyas\u0131n\u0131z\u0131 teslim ederken biometrik <strong>parmak izi<\/strong> vermeniz gerekiyor. Dilerseniz t\u00fcm bu s\u00fcre\u00e7 ile sizin ad\u0131n\u0131za vize\u00a0 dan\u0131\u015fmanl\u0131k hizmeti veriyor olan \u015firketimiz ilgilenebilir. Bu sayede tecr\u00fcbeli kadromuz ile eksiksiz ve sorunsuz bir ba\u015fvru s\u00fcreci ge\u00e7irebilirsiniz.<\/span><\/p>\n","protected":false},"excerpt":{"rendered":"<p>\u0130stanbul \u0130ngiltere Vize Ba\u015fvuru Merkezi \u0130ngiltere Konsoloslu\u011fu yapaca\u011f\u0131n\u0131z k\u0131sa s\u00fcreli vize ba\u015fvurular\u0131n\u0131z i\u00e7in do\u011frudan \u0130stanbul \u0130ngiltere Konsoloslu\u011fu ya da Ankara \u0130ngiltere\u00a0 B\u00fcy\u00fckel\u00e7ili\u011finin i\u00e7erisinde bulunan Konsolosluk b\u00f6l\u00fcm\u00fcnden direkt ba\u015fvuru yapman\u0131z\u0131 istiyor. \u0130ngiltere Konsoloslu\u011funa yapaca\u011f\u0131n\u0131z \u0130ngiltere vizesi ba\u015fvurular\u0131n\u0131z i\u00e7in \u00a0randevu alman\u0131z gerekiyor. Vize ba\u015fvurular\u0131n\u0131z\u00a0 UKBA taraf\u0131ndan yetkilendirilen \u0130ngiltere vize ba\u015fvuru merkezleri ve \u0130ngiltere vize ba\u015fvurusu merkezleri taraf\u0131ndan<\/p>\n","protected":false},"author":1,"featured_media":0,"parent":281,"menu_order":0,"comment_status":"open","ping_status":"closed","template":"","meta":{"footnotes":""},"class_list":["post-312","page","type-page","status-publish","hentry"],"yoast_head":"<!-- This site is optimized with the Yoast SEO plugin v24.0 - https:\/\/yoast.com\/wordpress\/plugins\/seo\/ -->\n<title>\u0130ngiltere Vizesi Ba\u015fvurusu \u0130stanbul \u015eubesi - MyVize<\/title>\n<meta name=\"description\" content=\"\u0130ngiltere Vizesi Ba\u015fvurusu \u0130stanbul \u015eubesi. \u0130ngiltere Vizesi \u0130stanbul Bize Ba\u015fvuru Merkezi. \u0130ngiltere Vizesi \u0130\u00e7in \u0130stanbul \u015eubemizi Aray\u0131n.\" \/>\n<meta name=\"robots\" content=\"index, follow, max-snippet:-1, max-image-preview:large, max-video-preview:-1\" \/>\n<link rel=\"canonical\" href=\"https:\/\/www.myvize.com.tr\/ingiltere\/subelerimiz\/istanbul\/\" \/>\n<meta property=\"og:locale\" content=\"tr_TR\" \/>\n<meta property=\"og:type\" content=\"article\" \/>\n<meta property=\"og:title\" content=\"\u0130ngiltere Vizesi Ba\u015fvurusu \u0130stanbul \u015eubesi - MyVize\" \/>\n<meta property=\"og:description\" content=\"\u0130ngiltere Vizesi Ba\u015fvurusu \u0130stanbul \u015eubesi. \u0130ngiltere Vizesi \u0130stanbul Bize Ba\u015fvuru Merkezi. \u0130ngiltere Vizesi \u0130\u00e7in \u0130stanbul \u015eubemizi Aray\u0131n.\" \/>\n<meta property=\"og:url\" content=\"https:\/\/www.myvize.com.tr\/ingiltere\/subelerimiz\/istanbul\/\" \/>\n<meta property=\"og:site_name\" content=\"\u0130ngiltere Vize Ba\u015fvuru &amp; \u0130ngiltere Vizesi\" \/>\n<meta property=\"article:modified_time\" content=\"2022-04-11T12:08:04+00:00\" \/>\n<meta property=\"og:image\" content=\"https:\/\/www.myvize.com.tr\/ingiltere\/wp-content\/uploads\/2021\/09\/3-1.jpg\" \/>\n<meta name=\"twitter:card\" content=\"summary_large_image\" \/>\n<meta name=\"twitter:label1\" content=\"Tahmini okuma s\u00fcresi\" \/>\n\t<meta name=\"twitter:data1\" content=\"1 dakika\" \/>\n<script type=\"application\/ld+json\" class=\"yoast-schema-graph\">{\"@context\":\"https:\/\/schema.org\",\"@graph\":[{\"@type\":\"WebPage\",\"@id\":\"https:\/\/www.myvize.com.tr\/ingiltere\/subelerimiz\/istanbul\/\",\"url\":\"https:\/\/www.myvize.com.tr\/ingiltere\/subelerimiz\/istanbul\/\",\"name\":\"\u0130ngiltere Vizesi Ba\u015fvurusu \u0130stanbul \u015eubesi - MyVize\",\"isPartOf\":{\"@id\":\"https:\/\/www.myvize.com.tr\/ingiltere\/#website\"},\"primaryImageOfPage\":{\"@id\":\"https:\/\/www.myvize.com.tr\/ingiltere\/subelerimiz\/istanbul\/#primaryimage\"},\"image\":{\"@id\":\"https:\/\/www.myvize.com.tr\/ingiltere\/subelerimiz\/istanbul\/#primaryimage\"},\"thumbnailUrl\":\"https:\/\/www.myvize.com.tr\/ingiltere\/wp-content\/uploads\/2021\/09\/3-1.jpg\",\"datePublished\":\"2020-12-28T10:19:54+00:00\",\"dateModified\":\"2022-04-11T12:08:04+00:00\",\"description\":\"\u0130ngiltere Vizesi Ba\u015fvurusu \u0130stanbul \u015eubesi. \u0130ngiltere Vizesi \u0130stanbul Bize Ba\u015fvuru Merkezi. \u0130ngiltere Vizesi \u0130\u00e7in \u0130stanbul \u015eubemizi Aray\u0131n.\",\"breadcrumb\":{\"@id\":\"https:\/\/www.myvize.com.tr\/ingiltere\/subelerimiz\/istanbul\/#breadcrumb\"},\"inLanguage\":\"tr\",\"potentialAction\":[{\"@type\":\"ReadAction\",\"target\":[\"https:\/\/www.myvize.com.tr\/ingiltere\/subelerimiz\/istanbul\/\"]}]},{\"@type\":\"ImageObject\",\"inLanguage\":\"tr\",\"@id\":\"https:\/\/www.myvize.com.tr\/ingiltere\/subelerimiz\/istanbul\/#primaryimage\",\"url\":\"https:\/\/www.myvize.com.tr\/ingiltere\/wp-content\/uploads\/2021\/09\/3-1.jpg\",\"contentUrl\":\"https:\/\/www.myvize.com.tr\/ingiltere\/wp-content\/uploads\/2021\/09\/3-1.jpg\",\"width\":800,\"height\":500,\"caption\":\"\u0130ngiltere \u015eubelerimiz \u0130stanbul\"},{\"@type\":\"BreadcrumbList\",\"@id\":\"https:\/\/www.myvize.com.tr\/ingiltere\/subelerimiz\/istanbul\/#breadcrumb\",\"itemListElement\":[{\"@type\":\"ListItem\",\"position\":1,\"name\":\"Anasayfa\",\"item\":\"https:\/\/www.myvize.com.tr\/ingiltere\/\"},{\"@type\":\"ListItem\",\"position\":2,\"name\":\"\u015eUBELER\u0130M\u0130Z\",\"item\":\"https:\/\/www.myvize.com.tr\/ingiltere\/subelerimiz\/\"},{\"@type\":\"ListItem\",\"position\":3,\"name\":\"\u0130stanbul\"}]},{\"@type\":\"WebSite\",\"@id\":\"https:\/\/www.myvize.com.tr\/ingiltere\/#website\",\"url\":\"https:\/\/www.myvize.com.tr\/ingiltere\/\",\"name\":\"\u0130ngiltere Vize Ba\u015fvuru &amp; \u0130ngiltere Vizesi\",\"description\":\"\",\"potentialAction\":[{\"@type\":\"SearchAction\",\"target\":{\"@type\":\"EntryPoint\",\"urlTemplate\":\"https:\/\/www.myvize.com.tr\/ingiltere\/?s={search_term_string}\"},\"query-input\":{\"@type\":\"PropertyValueSpecification\",\"valueRequired\":true,\"valueName\":\"search_term_string\"}}],\"inLanguage\":\"tr\"}]}<\/script>\n<!-- \/ Yoast SEO plugin. -->","yoast_head_json":{"title":"\u0130ngiltere Vizesi Ba\u015fvurusu \u0130stanbul \u015eubesi - MyVize","description":"\u0130ngiltere Vizesi Ba\u015fvurusu \u0130stanbul \u015eubesi. \u0130ngiltere Vizesi \u0130stanbul Bize Ba\u015fvuru Merkezi. \u0130ngiltere Vizesi \u0130\u00e7in \u0130stanbul \u015eubemizi Aray\u0131n.","robots":{"index":"index","follow":"follow","max-snippet":"max-snippet:-1","max-image-preview":"max-image-preview:large","max-video-preview":"max-video-preview:-1"},"canonical":"https:\/\/www.myvize.com.tr\/ingiltere\/subelerimiz\/istanbul\/","og_locale":"tr_TR","og_type":"article","og_title":"\u0130ngiltere Vizesi Ba\u015fvurusu \u0130stanbul \u015eubesi - MyVize","og_description":"\u0130ngiltere Vizesi Ba\u015fvurusu \u0130stanbul \u015eubesi. \u0130ngiltere Vizesi \u0130stanbul Bize Ba\u015fvuru Merkezi. \u0130ngiltere Vizesi \u0130\u00e7in \u0130stanbul \u015eubemizi Aray\u0131n.","og_url":"https:\/\/www.myvize.com.tr\/ingiltere\/subelerimiz\/istanbul\/","og_site_name":"\u0130ngiltere Vize Ba\u015fvuru &amp; \u0130ngiltere Vizesi","article_modified_time":"2022-04-11T12:08:04+00:00","og_image":[{"url":"https:\/\/www.myvize.com.tr\/ingiltere\/wp-content\/uploads\/2021\/09\/3-1.jpg","type":"","width":"","height":""}],"twitter_card":"summary_large_image","twitter_misc":{"Tahmini okuma s\u00fcresi":"1 dakika"},"schema":{"@context":"https:\/\/schema.org","@graph":[{"@type":"WebPage","@id":"https:\/\/www.myvize.com.tr\/ingiltere\/subelerimiz\/istanbul\/","url":"https:\/\/www.myvize.com.tr\/ingiltere\/subelerimiz\/istanbul\/","name":"\u0130ngiltere Vizesi Ba\u015fvurusu \u0130stanbul \u015eubesi - MyVize","isPartOf":{"@id":"https:\/\/www.myvize.com.tr\/ingiltere\/#website"},"primaryImageOfPage":{"@id":"https:\/\/www.myvize.com.tr\/ingiltere\/subelerimiz\/istanbul\/#primaryimage"},"image":{"@id":"https:\/\/www.myvize.com.tr\/ingiltere\/subelerimiz\/istanbul\/#primaryimage"},"thumbnailUrl":"https:\/\/www.myvize.com.tr\/ingiltere\/wp-content\/uploads\/2021\/09\/3-1.jpg","datePublished":"2020-12-28T10:19:54+00:00","dateModified":"2022-04-11T12:08:04+00:00","description":"\u0130ngiltere Vizesi Ba\u015fvurusu \u0130stanbul \u015eubesi. \u0130ngiltere Vizesi \u0130stanbul Bize Ba\u015fvuru Merkezi. \u0130ngiltere Vizesi \u0130\u00e7in \u0130stanbul \u015eubemizi Aray\u0131n.","breadcrumb":{"@id":"https:\/\/www.myvize.com.tr\/ingiltere\/subelerimiz\/istanbul\/#breadcrumb"},"inLanguage":"tr","potentialAction":[{"@type":"ReadAction","target":["https:\/\/www.myvize.com.tr\/ingiltere\/subelerimiz\/istanbul\/"]}]},{"@type":"ImageObject","inLanguage":"tr","@id":"https:\/\/www.myvize.com.tr\/ingiltere\/subelerimiz\/istanbul\/#primaryimage","url":"https:\/\/www.myvize.com.tr\/ingiltere\/wp-content\/uploads\/2021\/09\/3-1.jpg","contentUrl":"https:\/\/www.myvize.com.tr\/ingiltere\/wp-content\/uploads\/2021\/09\/3-1.jpg","width":800,"height":500,"caption":"\u0130ngiltere \u015eubelerimiz \u0130stanbul"},{"@type":"BreadcrumbList","@id":"https:\/\/www.myvize.com.tr\/ingiltere\/subelerimiz\/istanbul\/#breadcrumb","itemListElement":[{"@type":"ListItem","position":1,"name":"Anasayfa","item":"https:\/\/www.myvize.com.tr\/ingiltere\/"},{"@type":"ListItem","position":2,"name":"\u015eUBELER\u0130M\u0130Z","item":"https:\/\/www.myvize.com.tr\/ingiltere\/subelerimiz\/"},{"@type":"ListItem","position":3,"name":"\u0130stanbul"}]},{"@type":"WebSite","@id":"https:\/\/www.myvize.com.tr\/ingiltere\/#website","url":"https:\/\/www.myvize.com.tr\/ingiltere\/","name":"\u0130ngiltere Vize Ba\u015fvuru &amp; \u0130ngiltere Vizesi","description":"","potentialAction":[{"@type":"SearchAction","target":{"@type":"EntryPoint","urlTemplate":"https:\/\/www.myvize.com.tr\/ingiltere\/?s={search_term_string}"},"query-input":{"@type":"PropertyValueSpecification","valueRequired":true,"valueName":"search_term_string"}}],"inLanguage":"tr"}]}},"_links":{"self":[{"href":"https:\/\/www.myvize.com.tr\/ingiltere\/wp-json\/wp\/v2\/pages\/312","targetHints":{"allow":["GET"]}}],"collection":[{"href":"https:\/\/www.myvize.com.tr\/ingiltere\/wp-json\/wp\/v2\/pages"}],"about":[{"href":"https:\/\/www.myvize.com.tr\/ingiltere\/wp-json\/wp\/v2\/types\/page"}],"author":[{"embeddable":true,"href":"https:\/\/www.myvize.com.tr\/ingiltere\/wp-json\/wp\/v2\/users\/1"}],"replies":[{"embeddable":true,"href":"https:\/\/www.myvize.com.tr\/ingiltere\/wp-json\/wp\/v2\/comments?post=312"}],"version-history":[{"count":6,"href":"https:\/\/www.myvize.com.tr\/ingiltere\/wp-json\/wp\/v2\/pages\/312\/revisions"}],"predecessor-version":[{"id":1587,"href":"https:\/\/www.myvize.com.tr\/ingiltere\/wp-json\/wp\/v2\/pages\/312\/revisions\/1587"}],"up":[{"embeddable":true,"href":"https:\/\/www.myvize.com.tr\/ingiltere\/wp-json\/wp\/v2\/pages\/281"}],"wp:attachment":[{"href":"https:\/\/www.myvize.com.tr\/ingiltere\/wp-json\/wp\/v2\/media?parent=312"}],"curies":[{"name":"wp","href":"https:\/\/api.w.org\/{rel}","templated":true}]}}