{"id":376,"date":"2021-06-12T12:00:00","date_gmt":"2021-06-12T09:00:00","guid":{"rendered":"https:\/\/www.myvize.com.tr\/ingiltere\/?page_id=376"},"modified":"2022-04-11T13:53:06","modified_gmt":"2022-04-11T10:53:06","slug":"ingiltere-vize-ucreti","status":"publish","type":"page","link":"https:\/\/www.myvize.com.tr\/ingiltere\/ingiltere-vize-ucreti\/","title":{"rendered":"\u0130ngiltere Vize \u00dccreti"},"content":{"rendered":"\r\n<p>Avrupa\u2019n\u0131n en \u00f6nemli \u00fclkelerinden biri olan \u0130ngiltere g\u00fcn\u00fcm\u00fczde farkl\u0131 bir\u00e7ok \u00fclkeden ziyaret\u00e7i almaktad\u0131r. Son derece y\u00fcksek ya\u015fam \u015fartlar\u0131na sahip olan \u0130ngiltere T\u00fcrkiye\u2019den de ziyaret\u00e7i kabul etmektedir. \u00dclkeye giri\u015f konusunda ise vize i\u015flemi yap\u0131lmas\u0131 mecburi durumlar aras\u0131ndad\u0131r. Ancak vize al\u0131rken hem \u00fccret \u00f6denmesi gerekli hem de vize evraklar\u0131 haz\u0131rlanmal\u0131d\u0131r. Vize i\u015flemleri s\u0131ras\u0131nda dikkat edece\u011finiz en \u00f6nemli konulardan birisi de pasaportun g\u00fcncel olmas\u0131d\u0131r.<\/p>\r\n\r\n\r\n\r\n<p>Bir pasaportunuz yoksa 6 ay ile 10 y\u0131ll\u0131k aras\u0131nda bir pasaport alman\u0131z gerekmektedir. 6 ayl\u0131k pasaport i\u00e7in 407,0 TL \u00f6demeniz gerekir. Ancak 10 y\u0131ll\u0131k almak isterseniz \u00f6demeniz gereken pasaport bedeli 1265,40 TL olacakt\u0131r.<\/p>\r\n\r\n<p><img decoding=\"async\" src=\"https:\/\/www.myvize.com.tr\/ingiltere\/wp-content\/uploads\/2021\/09\/120.jpg\" \/><\/p>\r\n\r\n<p><strong>\u0130ngiltere Vize \u00dccretlerinin \u00d6denmesi<\/strong><\/p>\r\n\r\n\r\n\r\n<p>\u0130ngiltere vize \u00fccretlerinin \u00f6denmesi konusunda mutlaka yetkili bankalardan hizmet almak gereklidir. Bu bankalar sizlere \u00fccret yat\u0131r\u0131m\u0131 sonras\u0131nda bir dekont sunar. Bu dekontun \u00fczerinde kurumun ismi, kurumda ki yetkili imzas\u0131 ve hangi vize t\u00fcr\u00fc i\u00e7in yat\u0131r\u0131ld\u0131\u011f\u0131 yazmal\u0131d\u0131r.<\/p>\r\n\r\n\r\n\r\n<p>Vize \u00fccretleri konusunda dikkat edilmesi gereken bir di\u011fer unsur ise evraklar\u0131n eksiksiz haz\u0131rlanmas\u0131d\u0131r. \u00c7\u00fcnk\u00fc e\u011fer eksik ya da yanl\u0131\u015f evrak teslim ederseniz vizeniz reddedilir ve bu s\u00fcre\u00e7te yat\u0131r\u0131lan vize \u00fccretini geri alamazs\u0131n\u0131z.<\/p>\r\n\r\n\r\n\r\n<p>Her vize i\u015fleminde tekrar vize \u00fccreti yat\u0131rmak zorunda kalmak sizi de olduk\u00e7a u\u011fra\u015ft\u0131ran bir durum olacakt\u0131r. \u0130ngiltere vize i\u015flemleri s\u0131ras\u0131nda \u00f6denecek tutar her sene konsolosluklar taraf\u0131ndan g\u00fcncellenmektedir. Bu nedenle de \u00fccret yat\u0131r\u0131m\u0131 \u00f6ncesinde mutlaka evraklar\u0131n eksiksiz oldu\u011fundan ve vize \u00fccretlerinin g\u00fcncel oldu\u011fundan emin olmal\u0131s\u0131n\u0131z.<\/p>\r\n\r\n\r\n\r\n<p><strong>\u0130ngiltere Vize \u00dccretleri Ne Kadar?<\/strong><\/p>\r\n\r\n\r\n\r\n<p>\u0130ngiltere vize \u00fccretleri ne kadar sorusu bir\u00e7ok vize alacak ki\u015fi taraf\u0131ndan merak edilmektedir. \u0130ngiltere vizesi i\u00e7in alman\u0131z gereken vize \u00fccretlerinin yat\u0131r\u0131lmas\u0131 i\u00e7in mutlaka dikkat etmeniz gereken vizenin s\u00fcresidir. \u0130ngiltere vize \u00fccretleri i\u00e7in \u00f6denmesi gereken \u00fccretler ise \u015fu \u015fekildedir:<\/p>\r\n\r\n\r\n\r\n<ul class=\"wp-block-list\">\r\n<li>6 ayl\u0131k vize i\u00e7in 89 Euro<\/li>\r\n<li>2 y\u0131ll\u0131k vize i\u00e7in 337 Euro<\/li>\r\n<li>5 y\u0131ll\u0131k vize i\u00e7in 612 Euro<\/li>\r\n<li>10 y\u0131ll\u0131k vize i\u00e7in 767 Euro<\/li>\r\n<\/ul>\r\n\r\n<p><img decoding=\"async\" src=\"https:\/\/www.myvize.com.tr\/ingiltere\/wp-content\/uploads\/2021\/09\/121.jpg\" \/><\/p>\r\n\r\n<p>\u00d6denmesi gerekmektedir. Bu vize \u00fccretlerinin g\u00fcncel olarak \u00f6denmesi ve kar\u015f\u0131l\u0131\u011f\u0131nda da dekont al\u0131nmas\u0131 \u00f6nemlidir. Vize ba\u015fvurusu reddedilirse bu \u00fccreti ba\u015fvuruyu yeniledi\u011finizde tekrar \u00f6demeniz \u015fart\u0131 bulunmaktad\u0131r. \u0130ngiltere vize i\u015flemleri tamamland\u0131\u011f\u0131nda en ge\u00e7 7 i\u015f g\u00fcn\u00fc i\u00e7inde vize verilmektedir.<\/p>\r\n\r\n\r\n\r\n<p>Bir pasaportunuz yoksa 6 ay ile 10 y\u0131ll\u0131k aras\u0131nda bir pasaport alman\u0131z gerekmektedir. 6 ayl\u0131k pasaport i\u00e7in 407,0 TL \u00f6demeniz gerekir. Ancak 10 y\u0131ll\u0131k almak isterseniz \u00f6demeniz gereken pasaport bedeli 1265,40 TL olacakt\u0131r.<\/p>\r\n\r\n\r\n\r\n<p><strong>\u0130ngiltere Vize \u00dccretlerinin \u00d6denmesi<\/strong><\/p>\r\n\r\n\r\n\r\n<p>\u0130ngiltere vize \u00fccretlerinin \u00f6denmesi konusunda mutlaka yetkili bankalardan hizmet almak gereklidir. Bu bankalar sizlere \u00fccret yat\u0131r\u0131m\u0131 sonras\u0131nda bir dekont sunar. Bu dekontun \u00fczerinde kurumun ismi, kurumda ki yetkili imzas\u0131 ve hangi vize t\u00fcr\u00fc i\u00e7in yat\u0131r\u0131ld\u0131\u011f\u0131 yazmal\u0131d\u0131r.<\/p>\r\n\r\n\r\n\r\n<p>Vize \u00fccretleri konusunda dikkat edilmesi gereken bir di\u011fer unsur ise evraklar\u0131n eksiksiz haz\u0131rlanmas\u0131d\u0131r. \u00c7\u00fcnk\u00fc e\u011fer eksik ya da yanl\u0131\u015f evrak teslim ederseniz vizeniz reddedilir ve bu s\u00fcre\u00e7te yat\u0131r\u0131lan vize \u00fccretini geri alamazs\u0131n\u0131z.<\/p>\r\n\r\n\r\n\r\n<p>Her vize i\u015fleminde tekrar vize \u00fccreti yat\u0131rmak zorunda kalmak sizi de olduk\u00e7a u\u011fra\u015ft\u0131ran bir durum olacakt\u0131r. \u0130ngiltere vize i\u015flemleri s\u0131ras\u0131nda \u00f6denecek tutar her sene konsolosluklar taraf\u0131ndan g\u00fcncellenmektedir. Bu nedenle de \u00fccret yat\u0131r\u0131m\u0131 \u00f6ncesinde mutlaka evraklar\u0131n eksiksiz oldu\u011fundan ve vize \u00fccretlerinin g\u00fcncel oldu\u011fundan emin olmal\u0131s\u0131n\u0131z.<\/p>\r\n\r\n\r\n\r\n<p><strong>\u0130ngiltere Vize \u00dccretleri Ne Kadar?<\/strong><\/p>\r\n\r\n\r\n\r\n<p>\u0130ngiltere vize \u00fccretleri ne kadar sorusu bir\u00e7ok vize alacak ki\u015fi taraf\u0131ndan merak edilmektedir. \u0130ngiltere vizesi i\u00e7in alman\u0131z gereken vize \u00fccretlerinin yat\u0131r\u0131lmas\u0131 i\u00e7in mutlaka dikkat etmeniz gereken vizenin s\u00fcresidir. \u0130ngiltere vize \u00fccretleri i\u00e7in \u00f6denmesi gereken \u00fccretler ise \u015fu \u015fekildedir:<\/p>\r\n\r\n\r\n\r\n<ul class=\"wp-block-list\">\r\n<li>6 ayl\u0131k vize i\u00e7in 89 Euro<\/li>\r\n<li>2 y\u0131ll\u0131k vize i\u00e7in 337 Euro<\/li>\r\n<li>5 y\u0131ll\u0131k vize i\u00e7in 612 Euro<\/li>\r\n<li>10 y\u0131ll\u0131k vize i\u00e7in 767 Euro<\/li>\r\n<\/ul>\r\n\r\n\r\n\r\n<p>\u00d6denmesi gerekmektedir. Bu vize \u00fccretlerinin g\u00fcncel olarak \u00f6denmesi ve kar\u015f\u0131l\u0131\u011f\u0131nda da dekont al\u0131nmas\u0131 \u00f6nemlidir. Vize ba\u015fvurusu reddedilirse bu \u00fccreti ba\u015fvuruyu yeniledi\u011finizde tekrar \u00f6demeniz \u015fart\u0131 bulunmaktad\u0131r. \u0130ngiltere vize i\u015flemleri tamamland\u0131\u011f\u0131nda en ge\u00e7 7 i\u015f g\u00fcn\u00fc i\u00e7inde vize verilmektedir.<\/p>\r\n\r\n\r\n\r\n<p>&nbsp;<\/p>\r\n","protected":false},"excerpt":{"rendered":"<p>Avrupa\u2019n\u0131n en \u00f6nemli \u00fclkelerinden biri olan \u0130ngiltere g\u00fcn\u00fcm\u00fczde farkl\u0131 bir\u00e7ok \u00fclkeden ziyaret\u00e7i almaktad\u0131r. Son derece y\u00fcksek ya\u015fam \u015fartlar\u0131na sahip olan \u0130ngiltere T\u00fcrkiye\u2019den de ziyaret\u00e7i kabul etmektedir. \u00dclkeye giri\u015f konusunda ise vize i\u015flemi yap\u0131lmas\u0131 mecburi durumlar aras\u0131ndad\u0131r. Ancak vize al\u0131rken hem \u00fccret \u00f6denmesi gerekli hem de vize evraklar\u0131 haz\u0131rlanmal\u0131d\u0131r. Vize i\u015flemleri s\u0131ras\u0131nda dikkat edece\u011finiz en \u00f6nemli<\/p>\n","protected":false},"author":1,"featured_media":0,"parent":0,"menu_order":0,"comment_status":"open","ping_status":"closed","template":"","meta":{"footnotes":""},"class_list":["post-376","page","type-page","status-publish","hentry"],"yoast_head":"<!-- This site is optimized with the Yoast SEO plugin v24.0 - https:\/\/yoast.com\/wordpress\/plugins\/seo\/ -->\n<title>\u0130ngiltere Vize \u00dccretleri Ne Kadar? - MyVize<\/title>\n<meta name=\"description\" content=\"\u0130ngiltere Vize \u00dccretleri i\u00e7in Hemen T\u0131kla! \u0130ngiltere Vize Randevusu i\u00e7in hemen ara! \u0130ngiltere Vize \u00d6demeleri Nas\u0131l Yap\u0131l\u0131yor \u00d6\u011fren.\" \/>\n<meta name=\"robots\" content=\"index, follow, max-snippet:-1, max-image-preview:large, max-video-preview:-1\" \/>\n<link rel=\"canonical\" href=\"https:\/\/www.myvize.com.tr\/ingiltere\/ingiltere-vize-ucreti\/\" \/>\n<meta property=\"og:locale\" content=\"tr_TR\" \/>\n<meta property=\"og:type\" content=\"article\" \/>\n<meta property=\"og:title\" content=\"\u0130ngiltere Vize \u00dccretleri Ne Kadar? - MyVize\" \/>\n<meta property=\"og:description\" content=\"\u0130ngiltere Vize \u00dccretleri i\u00e7in Hemen T\u0131kla! \u0130ngiltere Vize Randevusu i\u00e7in hemen ara! \u0130ngiltere Vize \u00d6demeleri Nas\u0131l Yap\u0131l\u0131yor \u00d6\u011fren.\" \/>\n<meta property=\"og:url\" content=\"https:\/\/www.myvize.com.tr\/ingiltere\/ingiltere-vize-ucreti\/\" \/>\n<meta property=\"og:site_name\" content=\"\u0130ngiltere Vize Ba\u015fvuru &amp; \u0130ngiltere Vizesi\" \/>\n<meta property=\"article:modified_time\" content=\"2022-04-11T10:53:06+00:00\" \/>\n<meta property=\"og:image\" content=\"https:\/\/www.myvize.com.tr\/ingiltere\/wp-content\/uploads\/2021\/09\/120.jpg\" \/>\n<meta name=\"twitter:card\" content=\"summary_large_image\" \/>\n<meta name=\"twitter:label1\" content=\"Tahmini okuma s\u00fcresi\" \/>\n\t<meta name=\"twitter:data1\" content=\"3 dakika\" \/>\n<script type=\"application\/ld+json\" class=\"yoast-schema-graph\">{\"@context\":\"https:\/\/schema.org\",\"@graph\":[{\"@type\":\"WebPage\",\"@id\":\"https:\/\/www.myvize.com.tr\/ingiltere\/ingiltere-vize-ucreti\/\",\"url\":\"https:\/\/www.myvize.com.tr\/ingiltere\/ingiltere-vize-ucreti\/\",\"name\":\"\u0130ngiltere Vize \u00dccretleri Ne Kadar? - MyVize\",\"isPartOf\":{\"@id\":\"https:\/\/www.myvize.com.tr\/ingiltere\/#website\"},\"primaryImageOfPage\":{\"@id\":\"https:\/\/www.myvize.com.tr\/ingiltere\/ingiltere-vize-ucreti\/#primaryimage\"},\"image\":{\"@id\":\"https:\/\/www.myvize.com.tr\/ingiltere\/ingiltere-vize-ucreti\/#primaryimage\"},\"thumbnailUrl\":\"https:\/\/www.myvize.com.tr\/ingiltere\/wp-content\/uploads\/2021\/09\/120.jpg\",\"datePublished\":\"2021-06-12T09:00:00+00:00\",\"dateModified\":\"2022-04-11T10:53:06+00:00\",\"description\":\"\u0130ngiltere Vize \u00dccretleri i\u00e7in Hemen T\u0131kla! \u0130ngiltere Vize Randevusu i\u00e7in hemen ara! \u0130ngiltere Vize \u00d6demeleri Nas\u0131l Yap\u0131l\u0131yor \u00d6\u011fren.\",\"breadcrumb\":{\"@id\":\"https:\/\/www.myvize.com.tr\/ingiltere\/ingiltere-vize-ucreti\/#breadcrumb\"},\"inLanguage\":\"tr\",\"potentialAction\":[{\"@type\":\"ReadAction\",\"target\":[\"https:\/\/www.myvize.com.tr\/ingiltere\/ingiltere-vize-ucreti\/\"]}]},{\"@type\":\"ImageObject\",\"inLanguage\":\"tr\",\"@id\":\"https:\/\/www.myvize.com.tr\/ingiltere\/ingiltere-vize-ucreti\/#primaryimage\",\"url\":\"https:\/\/www.myvize.com.tr\/ingiltere\/wp-content\/uploads\/2021\/09\/120.jpg\",\"contentUrl\":\"https:\/\/www.myvize.com.tr\/ingiltere\/wp-content\/uploads\/2021\/09\/120.jpg\",\"width\":800,\"height\":500,\"caption\":\"\u0130ngiltere Vize \u00dccreti\"},{\"@type\":\"BreadcrumbList\",\"@id\":\"https:\/\/www.myvize.com.tr\/ingiltere\/ingiltere-vize-ucreti\/#breadcrumb\",\"itemListElement\":[{\"@type\":\"ListItem\",\"position\":1,\"name\":\"Anasayfa\",\"item\":\"https:\/\/www.myvize.com.tr\/ingiltere\/\"},{\"@type\":\"ListItem\",\"position\":2,\"name\":\"\u0130ngiltere Vize \u00dccreti\"}]},{\"@type\":\"WebSite\",\"@id\":\"https:\/\/www.myvize.com.tr\/ingiltere\/#website\",\"url\":\"https:\/\/www.myvize.com.tr\/ingiltere\/\",\"name\":\"\u0130ngiltere Vize Ba\u015fvuru &amp; \u0130ngiltere Vizesi\",\"description\":\"\",\"potentialAction\":[{\"@type\":\"SearchAction\",\"target\":{\"@type\":\"EntryPoint\",\"urlTemplate\":\"https:\/\/www.myvize.com.tr\/ingiltere\/?s={search_term_string}\"},\"query-input\":{\"@type\":\"PropertyValueSpecification\",\"valueRequired\":true,\"valueName\":\"search_term_string\"}}],\"inLanguage\":\"tr\"}]}<\/script>\n<!-- \/ Yoast SEO plugin. -->","yoast_head_json":{"title":"\u0130ngiltere Vize \u00dccretleri Ne Kadar? - MyVize","description":"\u0130ngiltere Vize \u00dccretleri i\u00e7in Hemen T\u0131kla! \u0130ngiltere Vize Randevusu i\u00e7in hemen ara! \u0130ngiltere Vize \u00d6demeleri Nas\u0131l Yap\u0131l\u0131yor \u00d6\u011fren.","robots":{"index":"index","follow":"follow","max-snippet":"max-snippet:-1","max-image-preview":"max-image-preview:large","max-video-preview":"max-video-preview:-1"},"canonical":"https:\/\/www.myvize.com.tr\/ingiltere\/ingiltere-vize-ucreti\/","og_locale":"tr_TR","og_type":"article","og_title":"\u0130ngiltere Vize \u00dccretleri Ne Kadar? - MyVize","og_description":"\u0130ngiltere Vize \u00dccretleri i\u00e7in Hemen T\u0131kla! \u0130ngiltere Vize Randevusu i\u00e7in hemen ara! \u0130ngiltere Vize \u00d6demeleri Nas\u0131l Yap\u0131l\u0131yor \u00d6\u011fren.","og_url":"https:\/\/www.myvize.com.tr\/ingiltere\/ingiltere-vize-ucreti\/","og_site_name":"\u0130ngiltere Vize Ba\u015fvuru &amp; \u0130ngiltere Vizesi","article_modified_time":"2022-04-11T10:53:06+00:00","og_image":[{"url":"https:\/\/www.myvize.com.tr\/ingiltere\/wp-content\/uploads\/2021\/09\/120.jpg","type":"","width":"","height":""}],"twitter_card":"summary_large_image","twitter_misc":{"Tahmini okuma s\u00fcresi":"3 dakika"},"schema":{"@context":"https:\/\/schema.org","@graph":[{"@type":"WebPage","@id":"https:\/\/www.myvize.com.tr\/ingiltere\/ingiltere-vize-ucreti\/","url":"https:\/\/www.myvize.com.tr\/ingiltere\/ingiltere-vize-ucreti\/","name":"\u0130ngiltere Vize \u00dccretleri Ne Kadar? - MyVize","isPartOf":{"@id":"https:\/\/www.myvize.com.tr\/ingiltere\/#website"},"primaryImageOfPage":{"@id":"https:\/\/www.myvize.com.tr\/ingiltere\/ingiltere-vize-ucreti\/#primaryimage"},"image":{"@id":"https:\/\/www.myvize.com.tr\/ingiltere\/ingiltere-vize-ucreti\/#primaryimage"},"thumbnailUrl":"https:\/\/www.myvize.com.tr\/ingiltere\/wp-content\/uploads\/2021\/09\/120.jpg","datePublished":"2021-06-12T09:00:00+00:00","dateModified":"2022-04-11T10:53:06+00:00","description":"\u0130ngiltere Vize \u00dccretleri i\u00e7in Hemen T\u0131kla! \u0130ngiltere Vize Randevusu i\u00e7in hemen ara! \u0130ngiltere Vize \u00d6demeleri Nas\u0131l Yap\u0131l\u0131yor \u00d6\u011fren.","breadcrumb":{"@id":"https:\/\/www.myvize.com.tr\/ingiltere\/ingiltere-vize-ucreti\/#breadcrumb"},"inLanguage":"tr","potentialAction":[{"@type":"ReadAction","target":["https:\/\/www.myvize.com.tr\/ingiltere\/ingiltere-vize-ucreti\/"]}]},{"@type":"ImageObject","inLanguage":"tr","@id":"https:\/\/www.myvize.com.tr\/ingiltere\/ingiltere-vize-ucreti\/#primaryimage","url":"https:\/\/www.myvize.com.tr\/ingiltere\/wp-content\/uploads\/2021\/09\/120.jpg","contentUrl":"https:\/\/www.myvize.com.tr\/ingiltere\/wp-content\/uploads\/2021\/09\/120.jpg","width":800,"height":500,"caption":"\u0130ngiltere Vize \u00dccreti"},{"@type":"BreadcrumbList","@id":"https:\/\/www.myvize.com.tr\/ingiltere\/ingiltere-vize-ucreti\/#breadcrumb","itemListElement":[{"@type":"ListItem","position":1,"name":"Anasayfa","item":"https:\/\/www.myvize.com.tr\/ingiltere\/"},{"@type":"ListItem","position":2,"name":"\u0130ngiltere Vize \u00dccreti"}]},{"@type":"WebSite","@id":"https:\/\/www.myvize.com.tr\/ingiltere\/#website","url":"https:\/\/www.myvize.com.tr\/ingiltere\/","name":"\u0130ngiltere Vize Ba\u015fvuru &amp; \u0130ngiltere Vizesi","description":"","potentialAction":[{"@type":"SearchAction","target":{"@type":"EntryPoint","urlTemplate":"https:\/\/www.myvize.com.tr\/ingiltere\/?s={search_term_string}"},"query-input":{"@type":"PropertyValueSpecification","valueRequired":true,"valueName":"search_term_string"}}],"inLanguage":"tr"}]}},"_links":{"self":[{"href":"https:\/\/www.myvize.com.tr\/ingiltere\/wp-json\/wp\/v2\/pages\/376","targetHints":{"allow":["GET"]}}],"collection":[{"href":"https:\/\/www.myvize.com.tr\/ingiltere\/wp-json\/wp\/v2\/pages"}],"about":[{"href":"https:\/\/www.myvize.com.tr\/ingiltere\/wp-json\/wp\/v2\/types\/page"}],"author":[{"embeddable":true,"href":"https:\/\/www.myvize.com.tr\/ingiltere\/wp-json\/wp\/v2\/users\/1"}],"replies":[{"embeddable":true,"href":"https:\/\/www.myvize.com.tr\/ingiltere\/wp-json\/wp\/v2\/comments?post=376"}],"version-history":[{"count":6,"href":"https:\/\/www.myvize.com.tr\/ingiltere\/wp-json\/wp\/v2\/pages\/376\/revisions"}],"predecessor-version":[{"id":1547,"href":"https:\/\/www.myvize.com.tr\/ingiltere\/wp-json\/wp\/v2\/pages\/376\/revisions\/1547"}],"wp:attachment":[{"href":"https:\/\/www.myvize.com.tr\/ingiltere\/wp-json\/wp\/v2\/media?parent=376"}],"curies":[{"name":"wp","href":"https:\/\/api.w.org\/{rel}","templated":true}]}}