{"id":397,"date":"2021-06-20T12:00:00","date_gmt":"2021-06-20T09:00:00","guid":{"rendered":"https:\/\/www.myvize.com.tr\/ingiltere\/?page_id=397"},"modified":"2022-12-29T00:29:12","modified_gmt":"2022-12-28T21:29:12","slug":"ingiltere-transit-vize","status":"publish","type":"page","link":"https:\/\/www.myvize.com.tr\/ingiltere\/ingiltere-transit-vize\/","title":{"rendered":"\u0130ngiltere Transit Vize"},"content":{"rendered":"<p><span style=\"font-family: Roboto;\"><\/span><\/p>\r\n<p><span style=\"font-family: Roboto; font-size: 14px;\">\u00a0Transit olarak \u0130ngiltere \u00fczerinden seyahat yapabilmeniz i\u00e7in\u00a0<strong>\u0130ngiltere transit vize<\/strong>\u00a0ihtiyac\u0131n\u0131z olabilir. Bu ihtiyac\u0131n\u0131z\u0131 kar\u015f\u0131lamak ad\u0131na belli ba\u015fl\u0131 kurallar\u0131 yerine getirmeli ve belgeleri toplaman\u0131z gerekir. Bu belgeler her vize i\u015fleminde kar\u015f\u0131m\u0131za \u00e7\u0131kan pasaport, kimlik fotokopisi, vukuatl\u0131 n\u00fcfus kay\u0131t \u00f6rne\u011fi ve biyometrik foto\u011fraf gibi temel belgelerdir. \u0130\u015f yeri sahipleri, ev han\u0131mlar\u0131, \u00f6\u011frenciler ve \u00e7ift\u00e7iler i\u00e7in farkl\u0131 belge t\u00fcrleri mevcuttur.\u00a0<strong>\u0130ngiltere transit vize<\/strong>\u00a0i\u015flemleri i\u00e7in \u0130ngiltere konsoloslu\u011fundan alaca\u011f\u0131n\u0131z randevu ve belge bilgilerinden yararlanarak bu i\u015flemleri ve belge t\u00fcrlerini \u00f6\u011frenmeniz m\u00fcmk\u00fcnd\u00fcr. Seyahat \u015firketleri arac\u0131l\u0131\u011f\u0131yla gidecek olursan\u0131z bu belgelerin listesine de ula\u015fabilirsiniz. Ne ama\u00e7la gitti\u011finizi belirten belgeleri ve gidi\u015f sebebinizi kan\u0131tlar nitelikteki belgeleri de di\u011fer belgeler aras\u0131na eklemeniz gerekmektedir.\u00a0<strong>\u0130ngiltere transit vize<\/strong>\u00a0i\u015flemleri i\u00e7in iki t\u00fcr seyahat tipi vard\u0131r bu havaalan\u0131ndan \u00e7\u0131k\u0131\u015f yap\u0131p yapmayaca\u011f\u0131n\u0131za g\u00f6re de\u011fi\u015fiklik g\u00f6stermektedir. E\u011fer havaalan\u0131ndan \u00e7\u0131k\u0131\u015f yapmayacaksan\u0131z, hava sahas\u0131\u00a0<strong>\u0130ngiltere transit vizesine<\/strong>\u00a0ba\u015fvuruda bulunabilirsiniz. Hava liman\u0131ndan \u00e7\u0131k\u0131\u015f yapacaksan\u0131z ve 48 saat i\u00e7erisinde ba\u015fka herhangi bir \u00fclkeye giri\u015f yapacaksan\u0131z, \u0130ngiltere de bulundu\u011funuz s\u00fcre zarf\u0131nda yapaca\u011f\u0131n\u0131z i\u015flemler i\u00e7in\u00a0<strong>\u0130ngiltere transit vizesi<\/strong>\u00a0alman\u0131z gerekmektedir. Kanada, Yeni Zellanda ve Amerika\u2019ya Seyahat edecek olan yolcular\u0131n\u00a0<strong>\u0130ngiltere transit vize<\/strong>\u00a0almas\u0131na gerek yoktur. Vizenizin t\u00fcr\u00fc D ise ve yukar\u0131daki \u00fclkelerin herhangi birinden oturum izniniz varsa yine vize alman\u0131za gerek kalmaks\u0131z\u0131n seyahatinizi ger\u00e7ekle\u015ftirmeniz m\u00fcmk\u00fcnd\u00fcr. Ayr\u0131ca bu ge\u00e7i\u015fler s\u0131ras\u0131nda \u0130ngiltere topraklar\u0131nda 24 saati a\u015fk\u0131n bir kal\u0131m ger\u00e7ekle\u015ftirmeyecekseniz de vize alman\u0131za gerek yoktur.<\/span><\/p>\r\n<p><span style=\"font-family: Roboto; font-size: 14px;\"><\/span><\/p>\r\n<p><span style=\"font-family: Roboto; font-size: 14px;\"><img decoding=\"async\" src=\"https:\/\/www.myvize.com.tr\/ingiltere\/wp-content\/uploads\/2021\/09\/26.jpg\" \/><\/span><\/p>\r\n<h2><span style=\"font-family: Roboto; font-size: 27px;\"><strong>\u0130ngiltere Transit Vize Hakk\u0131nda<\/strong><\/span><\/h2>\r\n<p><span style=\"font-family: Roboto; font-size: 14px;\">Transit olarak \u0130ngiltere\u2019den ge\u00e7me i\u00e7in<strong> \u0130ngiltere transit vizesi<\/strong> ihtiyac\u0131n\u0131z olabilir. Transit vizeye ba\u015fvurabilmek i\u00e7in seyahatiniz de kullan\u0131lmak \u00fczere yeterli maddi birikim sahip oldu\u011funuzu, \u0130ngiltere \u00fczerinde ba\u015fka bir \u00fclkeye ge\u00e7i\u015f yapma niyetini oldu\u011funu ve as\u0131l gitmek istedi\u011finiz \u00fclkelere giri\u015f yapabilece\u011finiz ispat etmeniz gerekir.<\/span><br \/><span style=\"font-family: Roboto; font-size: 14px;\"><strong>\u0130ngiltere transit vize<\/strong> ba\u015fvurusu yapma i\u00e7in online form eksiksiz ve do\u011fru bir bi\u00e7imde doldurmas\u0131 ve ard\u0131ndan yetkilendirilmi\u015f vize ba\u015fvuru merkezlerinden bir<span style=\"color: #2acec2;\"><strong><a style=\"color: #2acec2;\" href=\"https:\/\/www.myvize.com.tr\/ingiltere\/vize-islemleri\/ingiltere-vize-randevusu\/\" target=\"_blank\" rel=\"noopener\"> \u0130ngiltere Vize Randevusu<\/a><\/strong><\/span> almal\u0131s\u0131n\u0131z. Yap\u0131lacak en k\u00fc\u00e7\u00fck bir hatada vize ba\u015fvurunuz reddedilme ihtimali ortaya \u00e7\u0131kacaklar\u0131 i\u00e7in<strong> \u0130ngiltere transit vize<\/strong> ile ilgili t\u00fcm i\u015flemi sizin ad\u0131n\u0131za profesyonelce y\u00fcr\u00fcterek ba\u015fvurunuz sorunsuz bir \u015fekilde tamamlanacak olan vize uzman dan\u0131\u015fman\u0131 \u0131srarla tavsiye ediyor.<\/span><br \/><span style=\"font-family: Roboto; font-size: 14px;\">Ba\u015fvurunuz tamamland\u0131kdan sonra randevu g\u00fcn ve saatinde mutlaka yetkili ba\u015fvuru merkezlerinde bulunmal\u0131s\u0131n\u0131z. Bu randevular, biyometrik bilginizin (parmak iz ve y\u00fcz foto\u011fraf\u0131) al\u0131nmas\u0131 i\u00e7in.<\/span><br \/><span style=\"font-family: Roboto; font-size: 14px;\">Baz\u0131 durumda \u0130ngiltere \u00fczerinden aktarmas\u0131 olarak ba\u015fka \u00fclkeye seyahat ederken <strong>\u0130ngiltere transit vize<\/strong> alman\u0131za gerek yoktur. Avusturya, Kanada, Yeni Zelanda ya da Amerika Birle\u015fik Devleti\u2019ne seyahat edecek olan yolcu i\u00e7in bu konuda bir istisnai getirilmi\u015ftir.<\/span><br \/><span style=\"font-family: Roboto; font-size: 14px;\">Bunlar\u0131n yan\u0131nda ABD\u2019de ya da Kanada\u2019da s\u00fcrekli oturma izniniz varsa, Avrupa Ekonomi Alan\u0131 (EEA) \u00fclkesinden birine gidiyorsa ve vizenizin t\u00fcr \u201cD\u201d ise veya herhangi bir Avrupa Ekonomi Alan\u0131 (EEA) \u00fclkesi de devaml\u0131 <span style=\"color: #2acec2;\"><strong><a style=\"color: #2acec2;\" href=\"https:\/\/www.myvize.com.tr\/ingiltere\/oturum-2\/ingiltere-oturum-izni\/\" target=\"_blank\" rel=\"noopener\">\u0130ngiltere oturum izni<\/a><\/strong><\/span> varsa, \u0130ngiltere \u00fczerinde aktarma yapmak gerekti\u011finde \u0130ngiltere topra\u011f\u0131nda 24 saatten fazla bir s\u00fcre ge\u00e7irmeme \u015fart\u0131 ile transit vizesi alman\u0131za gerek yoktur.<\/span><\/p>","protected":false},"excerpt":{"rendered":"<p>\u00a0Transit olarak \u0130ngiltere \u00fczerinden seyahat yapabilmeniz i\u00e7in\u00a0\u0130ngiltere transit vize\u00a0ihtiyac\u0131n\u0131z olabilir. Bu ihtiyac\u0131n\u0131z\u0131 kar\u015f\u0131lamak ad\u0131na belli ba\u015fl\u0131 kurallar\u0131 yerine getirmeli ve belgeleri toplaman\u0131z gerekir. Bu belgeler her vize i\u015fleminde kar\u015f\u0131m\u0131za \u00e7\u0131kan pasaport, kimlik fotokopisi, vukuatl\u0131 n\u00fcfus kay\u0131t \u00f6rne\u011fi ve biyometrik foto\u011fraf gibi temel belgelerdir. \u0130\u015f yeri sahipleri, ev han\u0131mlar\u0131, \u00f6\u011frenciler ve \u00e7ift\u00e7iler i\u00e7in farkl\u0131 belge t\u00fcrleri<\/p>\n","protected":false},"author":1,"featured_media":0,"parent":0,"menu_order":0,"comment_status":"open","ping_status":"closed","template":"","meta":{"footnotes":""},"class_list":["post-397","page","type-page","status-publish","hentry"],"yoast_head":"<!-- This site is optimized with the Yoast SEO plugin v24.0 - https:\/\/yoast.com\/wordpress\/plugins\/seo\/ -->\n<title>\u0130ngiltere Transit Vize Nas\u0131l Al\u0131n\u0131r? - MyVize<\/title>\n<meta name=\"description\" content=\"\u0130ngiltere Transit Vizesi almak i\u00e7in gerekli t\u00fcm evraklar listesi 2021 hemen t\u0131kla! \u0130ngiltere Vize Randevusu i\u00e7in hemen ara!\" \/>\n<meta name=\"robots\" content=\"index, follow, max-snippet:-1, max-image-preview:large, max-video-preview:-1\" \/>\n<link rel=\"canonical\" href=\"https:\/\/www.myvize.com.tr\/ingiltere\/ingiltere-transit-vize\/\" \/>\n<meta property=\"og:locale\" content=\"tr_TR\" \/>\n<meta property=\"og:type\" content=\"article\" \/>\n<meta property=\"og:title\" content=\"\u0130ngiltere Transit Vize Nas\u0131l Al\u0131n\u0131r? - MyVize\" \/>\n<meta property=\"og:description\" content=\"\u0130ngiltere Transit Vizesi almak i\u00e7in gerekli t\u00fcm evraklar listesi 2021 hemen t\u0131kla! \u0130ngiltere Vize Randevusu i\u00e7in hemen ara!\" \/>\n<meta property=\"og:url\" content=\"https:\/\/www.myvize.com.tr\/ingiltere\/ingiltere-transit-vize\/\" \/>\n<meta property=\"og:site_name\" content=\"\u0130ngiltere Vize Ba\u015fvuru &amp; \u0130ngiltere Vizesi\" \/>\n<meta property=\"article:modified_time\" content=\"2022-12-28T21:29:12+00:00\" \/>\n<meta property=\"og:image\" content=\"https:\/\/www.myvize.com.tr\/ingiltere\/wp-content\/uploads\/2021\/09\/26.jpg\" \/>\n<meta name=\"twitter:card\" content=\"summary_large_image\" \/>\n<meta name=\"twitter:label1\" content=\"Tahmini okuma s\u00fcresi\" \/>\n\t<meta name=\"twitter:data1\" content=\"1 dakika\" \/>\n<script type=\"application\/ld+json\" class=\"yoast-schema-graph\">{\"@context\":\"https:\/\/schema.org\",\"@graph\":[{\"@type\":\"WebPage\",\"@id\":\"https:\/\/www.myvize.com.tr\/ingiltere\/ingiltere-transit-vize\/\",\"url\":\"https:\/\/www.myvize.com.tr\/ingiltere\/ingiltere-transit-vize\/\",\"name\":\"\u0130ngiltere Transit Vize Nas\u0131l Al\u0131n\u0131r? - MyVize\",\"isPartOf\":{\"@id\":\"https:\/\/www.myvize.com.tr\/ingiltere\/#website\"},\"primaryImageOfPage\":{\"@id\":\"https:\/\/www.myvize.com.tr\/ingiltere\/ingiltere-transit-vize\/#primaryimage\"},\"image\":{\"@id\":\"https:\/\/www.myvize.com.tr\/ingiltere\/ingiltere-transit-vize\/#primaryimage\"},\"thumbnailUrl\":\"https:\/\/www.myvize.com.tr\/ingiltere\/wp-content\/uploads\/2021\/09\/26.jpg\",\"datePublished\":\"2021-06-20T09:00:00+00:00\",\"dateModified\":\"2022-12-28T21:29:12+00:00\",\"description\":\"\u0130ngiltere Transit Vizesi almak i\u00e7in gerekli t\u00fcm evraklar listesi 2021 hemen t\u0131kla! \u0130ngiltere Vize Randevusu i\u00e7in hemen ara!\",\"breadcrumb\":{\"@id\":\"https:\/\/www.myvize.com.tr\/ingiltere\/ingiltere-transit-vize\/#breadcrumb\"},\"inLanguage\":\"tr\",\"potentialAction\":[{\"@type\":\"ReadAction\",\"target\":[\"https:\/\/www.myvize.com.tr\/ingiltere\/ingiltere-transit-vize\/\"]}]},{\"@type\":\"ImageObject\",\"inLanguage\":\"tr\",\"@id\":\"https:\/\/www.myvize.com.tr\/ingiltere\/ingiltere-transit-vize\/#primaryimage\",\"url\":\"https:\/\/www.myvize.com.tr\/ingiltere\/wp-content\/uploads\/2021\/09\/26.jpg\",\"contentUrl\":\"https:\/\/www.myvize.com.tr\/ingiltere\/wp-content\/uploads\/2021\/09\/26.jpg\",\"width\":800,\"height\":500,\"caption\":\"\u0130ngiltere Transit Vize\"},{\"@type\":\"BreadcrumbList\",\"@id\":\"https:\/\/www.myvize.com.tr\/ingiltere\/ingiltere-transit-vize\/#breadcrumb\",\"itemListElement\":[{\"@type\":\"ListItem\",\"position\":1,\"name\":\"Anasayfa\",\"item\":\"https:\/\/www.myvize.com.tr\/ingiltere\/\"},{\"@type\":\"ListItem\",\"position\":2,\"name\":\"\u0130ngiltere Transit Vize\"}]},{\"@type\":\"WebSite\",\"@id\":\"https:\/\/www.myvize.com.tr\/ingiltere\/#website\",\"url\":\"https:\/\/www.myvize.com.tr\/ingiltere\/\",\"name\":\"\u0130ngiltere Vize Ba\u015fvuru &amp; \u0130ngiltere Vizesi\",\"description\":\"\",\"potentialAction\":[{\"@type\":\"SearchAction\",\"target\":{\"@type\":\"EntryPoint\",\"urlTemplate\":\"https:\/\/www.myvize.com.tr\/ingiltere\/?s={search_term_string}\"},\"query-input\":{\"@type\":\"PropertyValueSpecification\",\"valueRequired\":true,\"valueName\":\"search_term_string\"}}],\"inLanguage\":\"tr\"}]}<\/script>\n<!-- \/ Yoast SEO plugin. -->","yoast_head_json":{"title":"\u0130ngiltere Transit Vize Nas\u0131l Al\u0131n\u0131r? - MyVize","description":"\u0130ngiltere Transit Vizesi almak i\u00e7in gerekli t\u00fcm evraklar listesi 2021 hemen t\u0131kla! \u0130ngiltere Vize Randevusu i\u00e7in hemen ara!","robots":{"index":"index","follow":"follow","max-snippet":"max-snippet:-1","max-image-preview":"max-image-preview:large","max-video-preview":"max-video-preview:-1"},"canonical":"https:\/\/www.myvize.com.tr\/ingiltere\/ingiltere-transit-vize\/","og_locale":"tr_TR","og_type":"article","og_title":"\u0130ngiltere Transit Vize Nas\u0131l Al\u0131n\u0131r? - MyVize","og_description":"\u0130ngiltere Transit Vizesi almak i\u00e7in gerekli t\u00fcm evraklar listesi 2021 hemen t\u0131kla! \u0130ngiltere Vize Randevusu i\u00e7in hemen ara!","og_url":"https:\/\/www.myvize.com.tr\/ingiltere\/ingiltere-transit-vize\/","og_site_name":"\u0130ngiltere Vize Ba\u015fvuru &amp; \u0130ngiltere Vizesi","article_modified_time":"2022-12-28T21:29:12+00:00","og_image":[{"url":"https:\/\/www.myvize.com.tr\/ingiltere\/wp-content\/uploads\/2021\/09\/26.jpg","type":"","width":"","height":""}],"twitter_card":"summary_large_image","twitter_misc":{"Tahmini okuma s\u00fcresi":"1 dakika"},"schema":{"@context":"https:\/\/schema.org","@graph":[{"@type":"WebPage","@id":"https:\/\/www.myvize.com.tr\/ingiltere\/ingiltere-transit-vize\/","url":"https:\/\/www.myvize.com.tr\/ingiltere\/ingiltere-transit-vize\/","name":"\u0130ngiltere Transit Vize Nas\u0131l Al\u0131n\u0131r? - MyVize","isPartOf":{"@id":"https:\/\/www.myvize.com.tr\/ingiltere\/#website"},"primaryImageOfPage":{"@id":"https:\/\/www.myvize.com.tr\/ingiltere\/ingiltere-transit-vize\/#primaryimage"},"image":{"@id":"https:\/\/www.myvize.com.tr\/ingiltere\/ingiltere-transit-vize\/#primaryimage"},"thumbnailUrl":"https:\/\/www.myvize.com.tr\/ingiltere\/wp-content\/uploads\/2021\/09\/26.jpg","datePublished":"2021-06-20T09:00:00+00:00","dateModified":"2022-12-28T21:29:12+00:00","description":"\u0130ngiltere Transit Vizesi almak i\u00e7in gerekli t\u00fcm evraklar listesi 2021 hemen t\u0131kla! \u0130ngiltere Vize Randevusu i\u00e7in hemen ara!","breadcrumb":{"@id":"https:\/\/www.myvize.com.tr\/ingiltere\/ingiltere-transit-vize\/#breadcrumb"},"inLanguage":"tr","potentialAction":[{"@type":"ReadAction","target":["https:\/\/www.myvize.com.tr\/ingiltere\/ingiltere-transit-vize\/"]}]},{"@type":"ImageObject","inLanguage":"tr","@id":"https:\/\/www.myvize.com.tr\/ingiltere\/ingiltere-transit-vize\/#primaryimage","url":"https:\/\/www.myvize.com.tr\/ingiltere\/wp-content\/uploads\/2021\/09\/26.jpg","contentUrl":"https:\/\/www.myvize.com.tr\/ingiltere\/wp-content\/uploads\/2021\/09\/26.jpg","width":800,"height":500,"caption":"\u0130ngiltere Transit Vize"},{"@type":"BreadcrumbList","@id":"https:\/\/www.myvize.com.tr\/ingiltere\/ingiltere-transit-vize\/#breadcrumb","itemListElement":[{"@type":"ListItem","position":1,"name":"Anasayfa","item":"https:\/\/www.myvize.com.tr\/ingiltere\/"},{"@type":"ListItem","position":2,"name":"\u0130ngiltere Transit Vize"}]},{"@type":"WebSite","@id":"https:\/\/www.myvize.com.tr\/ingiltere\/#website","url":"https:\/\/www.myvize.com.tr\/ingiltere\/","name":"\u0130ngiltere Vize Ba\u015fvuru &amp; \u0130ngiltere Vizesi","description":"","potentialAction":[{"@type":"SearchAction","target":{"@type":"EntryPoint","urlTemplate":"https:\/\/www.myvize.com.tr\/ingiltere\/?s={search_term_string}"},"query-input":{"@type":"PropertyValueSpecification","valueRequired":true,"valueName":"search_term_string"}}],"inLanguage":"tr"}]}},"_links":{"self":[{"href":"https:\/\/www.myvize.com.tr\/ingiltere\/wp-json\/wp\/v2\/pages\/397","targetHints":{"allow":["GET"]}}],"collection":[{"href":"https:\/\/www.myvize.com.tr\/ingiltere\/wp-json\/wp\/v2\/pages"}],"about":[{"href":"https:\/\/www.myvize.com.tr\/ingiltere\/wp-json\/wp\/v2\/types\/page"}],"author":[{"embeddable":true,"href":"https:\/\/www.myvize.com.tr\/ingiltere\/wp-json\/wp\/v2\/users\/1"}],"replies":[{"embeddable":true,"href":"https:\/\/www.myvize.com.tr\/ingiltere\/wp-json\/wp\/v2\/comments?post=397"}],"version-history":[{"count":6,"href":"https:\/\/www.myvize.com.tr\/ingiltere\/wp-json\/wp\/v2\/pages\/397\/revisions"}],"predecessor-version":[{"id":1669,"href":"https:\/\/www.myvize.com.tr\/ingiltere\/wp-json\/wp\/v2\/pages\/397\/revisions\/1669"}],"wp:attachment":[{"href":"https:\/\/www.myvize.com.tr\/ingiltere\/wp-json\/wp\/v2\/media?parent=397"}],"curies":[{"name":"wp","href":"https:\/\/api.w.org\/{rel}","templated":true}]}}