{"id":41,"date":"2020-11-30T12:46:51","date_gmt":"2020-11-30T09:46:51","guid":{"rendered":"https:\/\/www.myvize.com.tr\/ingiltere\/?page_id=41"},"modified":"2022-12-29T00:26:47","modified_gmt":"2022-12-28T21:26:47","slug":"ingiltere-dil-okulu-vizesi","status":"publish","type":"page","link":"https:\/\/www.myvize.com.tr\/ingiltere\/vize-islemleri\/ingiltere-dil-okulu-vizesi\/","title":{"rendered":"\u0130ngiltere Dil Okulu Vizesi"},"content":{"rendered":"<p><span style=\"font-family: Roboto;\"><\/span><\/p>\r\n<p><span style=\"font-family: Roboto; font-size: 14px;\">D\u00fcnyan\u0131n en \u00e7ok konu\u015fulan dili olan \u0130ngilizcenin ana vatan\u0131 \u0130ngiltere adeta dil cennetidir.\u00a0<strong>\u0130ngiltere Dil Okulu<\/strong>\u00a0bir\u00e7ok ki\u015fi taraf\u0131ndan tercih edilmektedir. Elbette ki bir dilin en iyi \u00f6\u011frenildi\u011fi yer \u00fclkesidir. S\u0131f\u0131rdan ba\u015flayarak, konu\u015farak ve anlayarak \u00f6\u011frenmek b\u00fcy\u00fck \u00f6nem ta\u015f\u0131maktad\u0131r. \u0130ngiltere ba\u015fl\u0131 ba\u015f\u0131na bir e\u011fitim \u00fclkesidir.\u00a0<strong>\u0130ngiltere Dil Okulu\u00a0<\/strong>arac\u0131l\u0131\u011f\u0131 ile e\u011fitim al\u0131rken, ayn\u0131 zamanda \u00fclkede ya\u015fayarak dili deneyimleme f\u0131rsat\u0131 sunulmaktad\u0131r.<strong>\u00a0\u0130ngiltere Dil Okulu<\/strong>\u00a0olarak \u00f6nerebilece\u011fimiz EC English, Kaplan International English, St. Giles \u0130nternational, LSI, Kings Colleges, British Study Centres, Eurocentres en \u00e7ok tercih edilen okullardand\u0131r. Ayr\u0131ca bu okullar\u0131n \u0130ngiltere de pek \u00e7ok \u015fubesi de bulunmaktad\u0131r.<\/span><\/p>\r\n<p><span style=\"font-family: Roboto; font-size: 14px;\">\r\n\r\n<\/span><\/p>\r\n<p><span style=\"font-family: Roboto; font-size: 14px;\"><strong>\u0130ngiltere Dil Okulu\u00a0<\/strong>i\u00e7in vize ba\u015fvurusunda bulunmak \u015fartt\u0131r.<strong> \u0130ngiltere dil vizesi<\/strong> i\u00e7in alaca\u011f\u0131n\u0131z vizede zaman \u00f6nemli bir kriterdir. Bu y\u00fczden <strong>alt\u0131 ayl\u0131k<\/strong> <strong>dil e\u011fitimi vizesi<\/strong> i\u00e7in Standard visitor visa vizesi alabilirsiniz. Ancak alt\u0131 aydan uzun bir e\u011fitim s\u00fcreciniz olacakta Short term student ba\u015fvurusunda bulunman\u0131z gerekir.<strong>\u00a0\u0130ngiltere Dil Okulu<\/strong>\u00a0i\u00e7in vize al\u0131rken okul bilgileri ve e\u011fitim i\u00e7in yap\u0131lan \u00f6demeler mutlaka m\u00fcracaat evraklar\u0131nda bulundurulmal\u0131d\u0131r.<\/span><\/p>\r\n<p><span style=\"font-family: Roboto; font-size: 14px;\"><\/span><\/p>\r\n<p><span style=\"font-family: Roboto; font-size: 14px;\"><img decoding=\"async\" src=\"https:\/\/www.myvize.com.tr\/ingiltere\/wp-content\/uploads\/2021\/09\/27.jpg\" \/><\/span><\/p>\r\n<h2><span style=\"font-family: Roboto; font-size: 27px;\"><strong>\u0130ngiltere Dil Okulu Vizesi Hakk\u0131nda<\/strong><\/span><\/h2>\r\n<p><span style=\"font-family: Roboto; font-size: 14px;\"><strong>\u0130ngiltere dil okul vizesi<\/strong> diye bir t\u00fcr vize bulunmamak ile beraber \u0130ngiltere&#8217;de e\u011fitimi alma i\u00e7in vize alma zorunluluklar\u0131 vard\u0131r. Bu hangi t\u00fcr e\u011fitimi olursa olsun ge\u00e7erli durumdur. \u00d6\u011frenci olarak gidecek herkes <strong>\u00f6\u011frenci vizesi<\/strong> ba\u015fvurmas\u0131d\u0131r. 2 \u00e7e\u015fit \u00f6\u011frenci vize vard\u0131r.<\/span><br \/><span style=\"font-family: Roboto; font-size: 14px;\">\u00d6\u011frenci Vize: Bu t\u00fcr <span style=\"color: #2acec2;\"><strong><a style=\"color: #2acec2;\" href=\"https:\/\/www.myvize.com.tr\/ingiltere\/ogrenci\/\" target=\"_blank\" rel=\"noopener\">\u00f6\u011frenci vizesi <\/a><\/strong><\/span>s\u00fcresi 6 ay ve s\u00fcre bitimi de kesinlikle uzat\u0131lmamakta ve s\u00fcre bitiminde \u00f6nce \u00fclkeden ayr\u0131lmas\u0131 zorunludur. Bu vize ile \u0130ngiltere giden \u00f6\u011frenciye \u00e7al\u0131\u015fma izni verilmez.<\/span><br \/><span style=\"font-family: Roboto; font-size: 14px;\">Tier 4 Genel \u00d6\u011frenci Vize: \u0130ngiltere&#8217;de 6 aydan uzun s\u00fcreli e\u011fitim alma isteyen \u00f6\u011frencinin almas\u0131 gereken vize. Bu vize t\u00fcr\u00fcyle \u00fclkeye girili\u015f yapt\u0131ktan sonra e\u011fitime ba\u015flars\u0131n\u0131z ve vizeniz uzamas\u0131 gerekirse kald\u0131\u011f\u0131 yerde vize uzatma i\u015flemi yapabilirsiniz. Bu vizeye sahip \u00f6\u011frenci haftada 20 saat \u00e7al\u0131\u015fma izinleri alabilir. \u0130ngiltere\u2019de dil okulu e\u011fitim sistemi i\u00e7erisinde Genel \u0130ngilizce, \u0130\u015f \u0130ngilizce, Hukuk \u0130ngilizce, IELTS Haz\u0131rl\u0131k ve Y\u00f6netici \u0130ngilizce se\u00e7enekleri vard\u0131r.<\/span><br \/><span style=\"font-family: Roboto; font-size: 14px;\">\u0130ngiltere\u2019de dil okulu e\u011fitim sistemleri i\u00e7erisinde haftal\u0131k ders program\u0131 vard\u0131r. Haftal\u0131k olarak 15 ve 35 saat aral\u0131\u011f\u0131na se\u00e7ilen ders program\u0131 vard\u0131r. K\u0131sa s\u00fcre bir e\u011fitim program se\u00e7ecekseniz hafta da 25-35 uzun s\u00fcre bir program se\u00e7ecekse de haftada 15-20 ders saat program idealdir. Kurs tarihi \u00e7ok esnektir ve her pazartesi yeni bir kurs d\u00f6nemleri ba\u015flayabilmekte. S\u0131n\u0131ftaki \u00f6\u011frenci say\u0131s\u0131 da 8 ile 16 aras\u0131 da de\u011fi\u015fiyor.<\/span><br \/><span style=\"font-family: Roboto; font-size: 14px;\">\u0130ngiltere\u2019de dil okulu sabah ve \u00f6\u011fleden sonra e\u011fitim vermekte. \u0130ki se\u00e7enek aras\u0131 da ders kalitesi ya da kullan\u0131lan ders materyali bak\u0131m\u0131ndan bir fark bulunmamak ile beraber \u00f6\u011fle sonraki ders program\u0131 daha ucuzdur.<\/span><\/p>","protected":false},"excerpt":{"rendered":"<p>D\u00fcnyan\u0131n en \u00e7ok konu\u015fulan dili olan \u0130ngilizcenin ana vatan\u0131 \u0130ngiltere adeta dil cennetidir.\u00a0\u0130ngiltere Dil Okulu\u00a0bir\u00e7ok ki\u015fi taraf\u0131ndan tercih edilmektedir. Elbette ki bir dilin en iyi \u00f6\u011frenildi\u011fi yer \u00fclkesidir. S\u0131f\u0131rdan ba\u015flayarak, konu\u015farak ve anlayarak \u00f6\u011frenmek b\u00fcy\u00fck \u00f6nem ta\u015f\u0131maktad\u0131r. \u0130ngiltere ba\u015fl\u0131 ba\u015f\u0131na bir e\u011fitim \u00fclkesidir.\u00a0\u0130ngiltere Dil Okulu\u00a0arac\u0131l\u0131\u011f\u0131 ile e\u011fitim al\u0131rken, ayn\u0131 zamanda \u00fclkede ya\u015fayarak dili deneyimleme f\u0131rsat\u0131<\/p>\n","protected":false},"author":1,"featured_media":0,"parent":18,"menu_order":0,"comment_status":"open","ping_status":"closed","template":"","meta":{"footnotes":""},"class_list":["post-41","page","type-page","status-publish","hentry"],"yoast_head":"<!-- This site is optimized with the Yoast SEO plugin v24.0 - https:\/\/yoast.com\/wordpress\/plugins\/seo\/ -->\n<title>\u0130ngiltere Dil Okulu Vizesi Nas\u0131l Al\u0131n\u0131r? - MyVize<\/title>\n<meta name=\"description\" content=\"\u0130ngiltere Dil Okulu Vizesi almak i\u00e7in gerekli t\u00fcm evraklar listesi 2022 hemen t\u0131kla! \u0130ngiltere Vize Randevusu i\u00e7in hemen ara!\" \/>\n<meta name=\"robots\" content=\"index, follow, max-snippet:-1, max-image-preview:large, max-video-preview:-1\" \/>\n<link rel=\"canonical\" href=\"https:\/\/www.myvize.com.tr\/ingiltere\/vize-islemleri\/ingiltere-dil-okulu-vizesi\/\" \/>\n<meta property=\"og:locale\" content=\"tr_TR\" \/>\n<meta property=\"og:type\" content=\"article\" \/>\n<meta property=\"og:title\" content=\"\u0130ngiltere Dil Okulu Vizesi Nas\u0131l Al\u0131n\u0131r? - MyVize\" \/>\n<meta property=\"og:description\" content=\"\u0130ngiltere Dil Okulu Vizesi almak i\u00e7in gerekli t\u00fcm evraklar listesi 2022 hemen t\u0131kla! \u0130ngiltere Vize Randevusu i\u00e7in hemen ara!\" \/>\n<meta property=\"og:url\" content=\"https:\/\/www.myvize.com.tr\/ingiltere\/vize-islemleri\/ingiltere-dil-okulu-vizesi\/\" \/>\n<meta property=\"og:site_name\" content=\"\u0130ngiltere Vize Ba\u015fvuru &amp; \u0130ngiltere Vizesi\" \/>\n<meta property=\"article:modified_time\" content=\"2022-12-28T21:26:47+00:00\" \/>\n<meta property=\"og:image\" content=\"https:\/\/www.myvize.com.tr\/ingiltere\/wp-content\/uploads\/2021\/09\/27.jpg\" \/>\n<meta name=\"twitter:card\" content=\"summary_large_image\" \/>\n<meta name=\"twitter:label1\" content=\"Tahmini okuma s\u00fcresi\" \/>\n\t<meta name=\"twitter:data1\" content=\"2 dakika\" \/>\n<script type=\"application\/ld+json\" class=\"yoast-schema-graph\">{\"@context\":\"https:\/\/schema.org\",\"@graph\":[{\"@type\":\"WebPage\",\"@id\":\"https:\/\/www.myvize.com.tr\/ingiltere\/vize-islemleri\/ingiltere-dil-okulu-vizesi\/\",\"url\":\"https:\/\/www.myvize.com.tr\/ingiltere\/vize-islemleri\/ingiltere-dil-okulu-vizesi\/\",\"name\":\"\u0130ngiltere Dil Okulu Vizesi Nas\u0131l Al\u0131n\u0131r? - MyVize\",\"isPartOf\":{\"@id\":\"https:\/\/www.myvize.com.tr\/ingiltere\/#website\"},\"primaryImageOfPage\":{\"@id\":\"https:\/\/www.myvize.com.tr\/ingiltere\/vize-islemleri\/ingiltere-dil-okulu-vizesi\/#primaryimage\"},\"image\":{\"@id\":\"https:\/\/www.myvize.com.tr\/ingiltere\/vize-islemleri\/ingiltere-dil-okulu-vizesi\/#primaryimage\"},\"thumbnailUrl\":\"https:\/\/www.myvize.com.tr\/ingiltere\/wp-content\/uploads\/2021\/09\/27.jpg\",\"datePublished\":\"2020-11-30T09:46:51+00:00\",\"dateModified\":\"2022-12-28T21:26:47+00:00\",\"description\":\"\u0130ngiltere Dil Okulu Vizesi almak i\u00e7in gerekli t\u00fcm evraklar listesi 2022 hemen t\u0131kla! \u0130ngiltere Vize Randevusu i\u00e7in hemen ara!\",\"breadcrumb\":{\"@id\":\"https:\/\/www.myvize.com.tr\/ingiltere\/vize-islemleri\/ingiltere-dil-okulu-vizesi\/#breadcrumb\"},\"inLanguage\":\"tr\",\"potentialAction\":[{\"@type\":\"ReadAction\",\"target\":[\"https:\/\/www.myvize.com.tr\/ingiltere\/vize-islemleri\/ingiltere-dil-okulu-vizesi\/\"]}]},{\"@type\":\"ImageObject\",\"inLanguage\":\"tr\",\"@id\":\"https:\/\/www.myvize.com.tr\/ingiltere\/vize-islemleri\/ingiltere-dil-okulu-vizesi\/#primaryimage\",\"url\":\"https:\/\/www.myvize.com.tr\/ingiltere\/wp-content\/uploads\/2021\/09\/27.jpg\",\"contentUrl\":\"https:\/\/www.myvize.com.tr\/ingiltere\/wp-content\/uploads\/2021\/09\/27.jpg\",\"width\":800,\"height\":500,\"caption\":\"\u0130ngiltere Dil Okulu Vizesi\"},{\"@type\":\"BreadcrumbList\",\"@id\":\"https:\/\/www.myvize.com.tr\/ingiltere\/vize-islemleri\/ingiltere-dil-okulu-vizesi\/#breadcrumb\",\"itemListElement\":[{\"@type\":\"ListItem\",\"position\":1,\"name\":\"Anasayfa\",\"item\":\"https:\/\/www.myvize.com.tr\/ingiltere\/\"},{\"@type\":\"ListItem\",\"position\":2,\"name\":\"V\u0130ZE \u0130\u015eLEMLER\u0130\",\"item\":\"https:\/\/www.myvize.com.tr\/ingiltere\/vize-islemleri\/\"},{\"@type\":\"ListItem\",\"position\":3,\"name\":\"\u0130ngiltere Dil Okulu Vizesi\"}]},{\"@type\":\"WebSite\",\"@id\":\"https:\/\/www.myvize.com.tr\/ingiltere\/#website\",\"url\":\"https:\/\/www.myvize.com.tr\/ingiltere\/\",\"name\":\"\u0130ngiltere Vize Ba\u015fvuru &amp; \u0130ngiltere Vizesi\",\"description\":\"\",\"potentialAction\":[{\"@type\":\"SearchAction\",\"target\":{\"@type\":\"EntryPoint\",\"urlTemplate\":\"https:\/\/www.myvize.com.tr\/ingiltere\/?s={search_term_string}\"},\"query-input\":{\"@type\":\"PropertyValueSpecification\",\"valueRequired\":true,\"valueName\":\"search_term_string\"}}],\"inLanguage\":\"tr\"}]}<\/script>\n<!-- \/ Yoast SEO plugin. -->","yoast_head_json":{"title":"\u0130ngiltere Dil Okulu Vizesi Nas\u0131l Al\u0131n\u0131r? - MyVize","description":"\u0130ngiltere Dil Okulu Vizesi almak i\u00e7in gerekli t\u00fcm evraklar listesi 2022 hemen t\u0131kla! \u0130ngiltere Vize Randevusu i\u00e7in hemen ara!","robots":{"index":"index","follow":"follow","max-snippet":"max-snippet:-1","max-image-preview":"max-image-preview:large","max-video-preview":"max-video-preview:-1"},"canonical":"https:\/\/www.myvize.com.tr\/ingiltere\/vize-islemleri\/ingiltere-dil-okulu-vizesi\/","og_locale":"tr_TR","og_type":"article","og_title":"\u0130ngiltere Dil Okulu Vizesi Nas\u0131l Al\u0131n\u0131r? - MyVize","og_description":"\u0130ngiltere Dil Okulu Vizesi almak i\u00e7in gerekli t\u00fcm evraklar listesi 2022 hemen t\u0131kla! \u0130ngiltere Vize Randevusu i\u00e7in hemen ara!","og_url":"https:\/\/www.myvize.com.tr\/ingiltere\/vize-islemleri\/ingiltere-dil-okulu-vizesi\/","og_site_name":"\u0130ngiltere Vize Ba\u015fvuru &amp; \u0130ngiltere Vizesi","article_modified_time":"2022-12-28T21:26:47+00:00","og_image":[{"url":"https:\/\/www.myvize.com.tr\/ingiltere\/wp-content\/uploads\/2021\/09\/27.jpg","type":"","width":"","height":""}],"twitter_card":"summary_large_image","twitter_misc":{"Tahmini okuma s\u00fcresi":"2 dakika"},"schema":{"@context":"https:\/\/schema.org","@graph":[{"@type":"WebPage","@id":"https:\/\/www.myvize.com.tr\/ingiltere\/vize-islemleri\/ingiltere-dil-okulu-vizesi\/","url":"https:\/\/www.myvize.com.tr\/ingiltere\/vize-islemleri\/ingiltere-dil-okulu-vizesi\/","name":"\u0130ngiltere Dil Okulu Vizesi Nas\u0131l Al\u0131n\u0131r? - MyVize","isPartOf":{"@id":"https:\/\/www.myvize.com.tr\/ingiltere\/#website"},"primaryImageOfPage":{"@id":"https:\/\/www.myvize.com.tr\/ingiltere\/vize-islemleri\/ingiltere-dil-okulu-vizesi\/#primaryimage"},"image":{"@id":"https:\/\/www.myvize.com.tr\/ingiltere\/vize-islemleri\/ingiltere-dil-okulu-vizesi\/#primaryimage"},"thumbnailUrl":"https:\/\/www.myvize.com.tr\/ingiltere\/wp-content\/uploads\/2021\/09\/27.jpg","datePublished":"2020-11-30T09:46:51+00:00","dateModified":"2022-12-28T21:26:47+00:00","description":"\u0130ngiltere Dil Okulu Vizesi almak i\u00e7in gerekli t\u00fcm evraklar listesi 2022 hemen t\u0131kla! \u0130ngiltere Vize Randevusu i\u00e7in hemen ara!","breadcrumb":{"@id":"https:\/\/www.myvize.com.tr\/ingiltere\/vize-islemleri\/ingiltere-dil-okulu-vizesi\/#breadcrumb"},"inLanguage":"tr","potentialAction":[{"@type":"ReadAction","target":["https:\/\/www.myvize.com.tr\/ingiltere\/vize-islemleri\/ingiltere-dil-okulu-vizesi\/"]}]},{"@type":"ImageObject","inLanguage":"tr","@id":"https:\/\/www.myvize.com.tr\/ingiltere\/vize-islemleri\/ingiltere-dil-okulu-vizesi\/#primaryimage","url":"https:\/\/www.myvize.com.tr\/ingiltere\/wp-content\/uploads\/2021\/09\/27.jpg","contentUrl":"https:\/\/www.myvize.com.tr\/ingiltere\/wp-content\/uploads\/2021\/09\/27.jpg","width":800,"height":500,"caption":"\u0130ngiltere Dil Okulu Vizesi"},{"@type":"BreadcrumbList","@id":"https:\/\/www.myvize.com.tr\/ingiltere\/vize-islemleri\/ingiltere-dil-okulu-vizesi\/#breadcrumb","itemListElement":[{"@type":"ListItem","position":1,"name":"Anasayfa","item":"https:\/\/www.myvize.com.tr\/ingiltere\/"},{"@type":"ListItem","position":2,"name":"V\u0130ZE \u0130\u015eLEMLER\u0130","item":"https:\/\/www.myvize.com.tr\/ingiltere\/vize-islemleri\/"},{"@type":"ListItem","position":3,"name":"\u0130ngiltere Dil Okulu Vizesi"}]},{"@type":"WebSite","@id":"https:\/\/www.myvize.com.tr\/ingiltere\/#website","url":"https:\/\/www.myvize.com.tr\/ingiltere\/","name":"\u0130ngiltere Vize Ba\u015fvuru &amp; \u0130ngiltere Vizesi","description":"","potentialAction":[{"@type":"SearchAction","target":{"@type":"EntryPoint","urlTemplate":"https:\/\/www.myvize.com.tr\/ingiltere\/?s={search_term_string}"},"query-input":{"@type":"PropertyValueSpecification","valueRequired":true,"valueName":"search_term_string"}}],"inLanguage":"tr"}]}},"_links":{"self":[{"href":"https:\/\/www.myvize.com.tr\/ingiltere\/wp-json\/wp\/v2\/pages\/41","targetHints":{"allow":["GET"]}}],"collection":[{"href":"https:\/\/www.myvize.com.tr\/ingiltere\/wp-json\/wp\/v2\/pages"}],"about":[{"href":"https:\/\/www.myvize.com.tr\/ingiltere\/wp-json\/wp\/v2\/types\/page"}],"author":[{"embeddable":true,"href":"https:\/\/www.myvize.com.tr\/ingiltere\/wp-json\/wp\/v2\/users\/1"}],"replies":[{"embeddable":true,"href":"https:\/\/www.myvize.com.tr\/ingiltere\/wp-json\/wp\/v2\/comments?post=41"}],"version-history":[{"count":5,"href":"https:\/\/www.myvize.com.tr\/ingiltere\/wp-json\/wp\/v2\/pages\/41\/revisions"}],"predecessor-version":[{"id":1668,"href":"https:\/\/www.myvize.com.tr\/ingiltere\/wp-json\/wp\/v2\/pages\/41\/revisions\/1668"}],"up":[{"embeddable":true,"href":"https:\/\/www.myvize.com.tr\/ingiltere\/wp-json\/wp\/v2\/pages\/18"}],"wp:attachment":[{"href":"https:\/\/www.myvize.com.tr\/ingiltere\/wp-json\/wp\/v2\/media?parent=41"}],"curies":[{"name":"wp","href":"https:\/\/api.w.org\/{rel}","templated":true}]}}