{"id":47,"date":"2020-11-30T12:48:28","date_gmt":"2020-11-30T09:48:28","guid":{"rendered":"https:\/\/www.myvize.com.tr\/ingiltere\/?page_id=47"},"modified":"2022-04-11T13:14:57","modified_gmt":"2022-04-11T10:14:57","slug":"ingiltere-vize-basvuru-formu","status":"publish","type":"page","link":"https:\/\/www.myvize.com.tr\/ingiltere\/vize-islemleri\/ingiltere-vize-basvuru-formu\/","title":{"rendered":"\u0130ngiltere Vize Ba\u015fvuru Formu"},"content":{"rendered":"<p><span style=\"font-family: Roboto; font-size: 14px;\"><span style=\"color: #2acec2;\"><a style=\"color: #2acec2;\" href=\"https:\/\/www.myvize.com.tr\/ingiltere\/vize-islemleri\/ingiltere-vizesi\/\" target=\"_blank\" rel=\"noopener\"><strong>\u0130ngiltere<\/strong>\u00a0<strong>vizesi<\/strong><\/a>\u00a0<\/span>i\u015flemlerinin en \u00f6nemli a\u015famalar\u0131ndan biri olan <strong>\u0130ngiltere vize<\/strong> ba\u015fvuru formunun temin edilip doldurulmas\u0131 ve \u0130ngiltere vize evraklar\u0131 aras\u0131nda bulundurulmas\u0131 ba\u015fvuru \u015fartlar\u0131 aras\u0131nda yer al\u0131r. Bu formun konsoloslu\u011fa teslim edilen belgeler aras\u0131nda olmamas\u0131 halinde vize ba\u015fvurular\u0131 kabul edilememektedir. Tamamen \u0130ngilizce olarak d\u00fczenlenmi\u015f bir belge olan\u00a0<strong>\u0130ngiltere<\/strong>\u00a0<strong>vize<\/strong>\u00a0ba\u015fvuru formunun, \u0130ngilizce olarak ve b\u00fcy\u00fck harfler ile doldurulmas\u0131 ise zorunlu tutulmaktad\u0131r. Zira<strong> \u0130ngiltere Konsoloslu\u011fu<\/strong>, ba\u015fvuru sahipleri ile ilgili bilgilere, b\u00fcy\u00fck \u00e7o\u011funlukla vize ba\u015fvuru formu arac\u0131l\u0131\u011f\u0131 ile ula\u015fabilmektedir. Bu nedenle \u0130ngiltere Konsoloslu\u011fu taraf\u0131ndan ba\u015fvuru formlar\u0131n\u0131n eksiksiz olarak doldurulmas\u0131 talep edilmektedir. Eksik ya da hatal\u0131 doldurulmu\u015f olan vize ba\u015fvuru formlar\u0131, vize alma i\u015fleminin ba\u015far\u0131l\u0131 olma ihtimalini azaltmaktad\u0131r.<\/span><\/p>\n<p><span style=\"font-family: Roboto; font-size: 14px;\">Online olarak ve \u0130ngilizce yaz\u0131 dilinde doldurulan\u00a0<strong>\u0130ngiltere<\/strong>\u00a0<strong>vize<\/strong>\u00a0<strong>ba\u015fvuru<\/strong>\u00a0<strong>formu<\/strong>na, konsolosluk taraf\u0131ndan belirtilmi\u015f olan web adresi \u00fczerinden eri\u015fim sa\u011flanmaktad\u0131r. \u0130lk defa kay\u0131t yapt\u0131ran ki\u015filerin ise yeni kay\u0131t olu\u015fturmas\u0131 ve sisteme giri\u015f yapmas\u0131 gereklidir. \u0130ngiltere vize ba\u015fvurusunun ilk ad\u0131m\u0131 olarak gidi\u015f amac\u0131na uygun bir vize t\u00fcr\u00fc se\u00e7ilmelidir.Vize t\u00fcr\u00fcn\u00fcn se\u00e7ilmesinden sonra y\u00f6neltilen sorular tamam\u0131 eksiksiz ve do\u011fru bir bi\u00e7imde yan\u0131tlanmal\u0131d\u0131r. Ba\u015fvuru formu \u00fczerinde bulunan sorular\u0131n bo\u015f b\u0131rak\u0131lmas\u0131 halinde formun onaylanmas\u0131 ve vize ba\u015fvurusunun olumlu de\u011ferlendirilmesi m\u00fcmk\u00fcn de\u011fildir. Bu nedenle bu konuya ayr\u0131ca \u00f6zen g\u00f6sterilmelidir. Formun doldurulmas\u0131 konusunda herhangi bir s\u0131k\u0131nt\u0131 ya\u015fan\u0131ld\u0131\u011f\u0131 takdirde, vize merkezlerinden yard\u0131m talep edilebilir. <strong>\u0130ngiltere Konsoloslu\u011fu<\/strong> ile ileti\u015fime ge\u00e7ilerek de merak edilen t\u00fcm sorular hakk\u0131nda bilgi sahibi olunabilir. Son a\u015fama olarak vize ba\u015fvuru formu tamamlan\u0131p onaylanmal\u0131 ve sistem \u00fczerinden vize har\u00e7 bedeli de \u00f6denerek randevu kayd\u0131 olu\u015fturulmal\u0131d\u0131r<strong>. \u0130ngiltere online vize<\/strong> ba\u015fvuru formunda beyan edilen bilgiler, tutarl\u0131, g\u00fcncel ve do\u011fru bilgiler i\u00e7eren bir \u015fekilde olmal\u0131d\u0131r.<\/span><\/p>\n<p><img decoding=\"async\" src=\"https:\/\/www.myvize.com.tr\/ingiltere\/wp-content\/uploads\/2021\/09\/30.jpg\" \/><br \/>\n<b><\/b><\/p>\n<p><span style=\"font-family: Roboto; font-size: 27px;\"><b>\u0130ngiltere Vize Ba\u015fvuru Formu Doldurulurken Dikkat Edilmesi Gerekenler<\/b><\/span><\/p>\n<p><span style=\"font-family: Roboto; font-size: 14px;\">\u00d6ncelikle\u00a0<strong>\u0130ngiltere vize ba\u015fvuru formu doldurulurken dikkat edilmesi gerekenler\u00a0<\/strong>listesini olu\u015fturan bir tak\u0131m kurallar bulunmaktad\u0131r. \u0130lk i\u015flemde ki\u015finin ad\u0131 ve soyad\u0131 sorulmaktad\u0131r. Ad ve soyad doldurulduktan sonra<strong> \u0130ngiltere konsoloslu\u011fu<\/strong> do\u011fum yeri ve do\u011fum tarihi soracakt\u0131r. Bundan sonraki a\u015famada medeni hal b\u00f6l\u00fcm\u00fcn\u00fc doldurunuz. \u00d6zellikle pasaportun numaras\u0131n\u0131 ve verili\u015f yeri tarihini bildiriniz. T\u00fcm bu sorulara mutlaka eksiksiz bir \u015fekilde doldurman\u0131z gerekmektedir. Aksi halde vize i\u015flemleri do\u011fru cevaplar verilmedi\u011fi i\u00e7in<strong> \u0130ngiltere Konsoloslu\u011fu<\/strong> taraf\u0131ndan iptal edilmektedir. Ki\u015fi, T\u00fcrkiye&#8217;de mevcut adresini ve g\u00fcncel telefon numaras\u0131n\u0131 yazmal\u0131d\u0131r. Herhangi bir i\u015f yerinde \u00e7al\u0131\u015f\u0131yorsa mutlaka i\u015f yerinin g\u00fcncel adresini ve telefon numaras\u0131n\u0131 belirtmelidir. \u00c7al\u0131\u015ft\u0131\u011f\u0131 \u015firkete ait g\u00fcncel evraklar\u0131 mutlaka ki\u015fi yan\u0131nda bulundurmal\u0131d\u0131r.<\/span><\/p>\n<p><span style=\"font-family: Roboto; font-size: 14px;\"><strong>\u0130ngiltere vizesi<\/strong> ba\u015fvurusu yapacak olan ki\u015filer, daha \u00f6nce <strong>\u0130ngiltere vizesi<\/strong> ald\u0131ysa mutlaka bu durumu belirtmelidir. Ayr\u0131ca daha \u00f6nceden vize i\u015fleminde bulunduysa tekrardan parmak izi yapt\u0131rmas\u0131na gerek yoktur. Burada dikkat edilmesi gereken en \u00f6nemli husus, ki\u015fiye belirtilen s\u00fcre kapsam\u0131nda gezi yapmakt\u0131r. Bunun d\u0131\u015f\u0131nda e\u011fer ki\u015fi belirtilen s\u00fcre kapsam\u0131n\u0131n d\u0131\u015f\u0131na \u00e7\u0131karsa, \u00fclkede b\u00fcy\u00fck s\u0131k\u0131nt\u0131lar meydana gelmektedir. Bu duruma vize ihlali denilmektedir. Vize ihlali yapm\u0131\u015f olan birey, art\u0131k o \u00fclkede ka\u00e7ak olarak say\u0131lmaktad\u0131r.<\/span><\/p>\n<p><span style=\"font-family: Roboto; font-size: 14px;\">Bu durumda olduk\u00e7a y\u00fckl\u00fc miktarda paralar\u0131n vize ihlali ofislerine \u00f6denmesi gerekmektedir. Vize ihlal ceza paras\u0131n\u0131 vize b\u00fcrolar\u0131na yat\u0131rd\u0131ktan sonra ki\u015fi derhal \u00fclkeden \u00e7\u0131k\u0131\u015f i\u015flemlerini ba\u015flatmal\u0131d\u0131r. Aksi taktirde \u00fclkeye tekrar giri\u015fi yasaklanabilmektedir.<\/span><\/p>\n<h2><span style=\"font-family: Roboto; font-size: 27px;\"><b>\u0130ngiltere Vize Ba\u015fvuru Formu Dikkat Edilmes\u0131 Gerekenler<\/b><\/span><\/h2>\n<p><span style=\"font-family: Roboto; font-size: 14px;\"><strong>\u0130ngiltere vize ba\u015fvuru form<\/strong>, \u0130ngiltere Konsoloslu\u011fu resmi sitesi \u00fczerinde online olarak doldurulmakta. <strong>\u0130ngiltere Vize ba\u015fvuru form<\/strong> \u0130ngiltere Konsoloslu\u011funa sunaca\u011f\u0131 belgesinin i\u00e7eri\u011fi do\u011frultusu da t\u00fcm bilgi hatas\u0131z ve eksiksiz girilmeli. Ba\u015fvuru formunda ki soru sizin ki\u015fisel bilgi ve \u0130ngiltere\u2019ye ger\u00e7ekle\u015ftirmesi planlad\u0131\u011f\u0131 seyahatiniz detay\u0131 ile ilgili bilgidir. <strong>\u0130ngiltere Konsoloslu\u011fu<\/strong> maddi durumunu \u00f6\u011frenmek i\u00e7in sordu\u011fu sorudaki yazd\u0131\u011f\u0131 cevap \u00e7ok \u00f6nemlidir. Burada yazd\u0131\u011f\u0131 bilgi abart\u0131s\u0131z ve sundu\u011funuz gelir g\u00f6steren belge birebir uyumlu olmalar\u0131 gerekir. Ki\u015fisel bilginizi doldururken harf hatalar\u0131 yapmamaya, tarihi do\u011fru yazmaya \u00f6zen g\u00f6stermek gerekir.<\/span><br \/>\n<span style=\"font-family: Roboto; font-size: 14px;\"><strong>\u0130ngiltere vize ba\u015fvuru formu<\/strong> doldurulurken yapaca\u011f\u0131n\u0131z yanl\u0131\u015fl\u0131k neticesinde yapaca\u011f\u0131 vize ba\u015fvurunuzda ret alabilirsiniz. \u0130ngiltere vize ba\u015fvurunuz i\u00e7in form sizin ad\u0131n\u0131za deneyim ve profesyonel vize uzman\u0131m\u0131z taraf\u0131ndan doldurulabilme i\u00e7in a\u015fa\u011f\u0131da yer alan taslak vizesi bilgi formu doldurup, vize ba\u015fvurunuz i\u00e7in gereken evrak\u0131n\u0131zla birlikte Vize merkezlerine g\u00f6ndermeniz yeterli. Vize uzman\u0131m\u0131z, <strong>\u0130ngiltere Konsoloslu\u011fu<\/strong> resmi sitesinde ki online <span style=\"color: #2acec2;\"><strong><a style=\"color: #2acec2;\" href=\"https:\/\/www.myvize.com.tr\/ingiltere\/form-ve-dilekce\/ingiltere-vize-basvuru-formu\/\" target=\"_blank\" rel=\"noopener\">\u0130ngiltere vize ba\u015fvuru formu<\/a><\/strong><\/span> sizin yerinize doldurup, onaylamadan \u00f6nce girilen bilgisinin do\u011frulu\u011funu kontrol etmek i\u00e7in size e-posta atacakd\u0131r. Bilgisi kontrol edip onay verdi\u011finde, randevunu alacak, ba\u015fvuru i\u00e7in gerekli t\u00fcm haz\u0131rl\u0131\u011f\u0131 ger\u00e7ekle\u015ftirecektir.<\/span><br \/>\n<span style=\"font-family: Roboto; font-size: 14px;\">Randevunuz al\u0131nd\u0131ktan sonra<strong> \u0130ngiltere vize<\/strong> ba\u015fvurunuzu yapabilme i\u00e7in haz\u0131rlad\u0131\u011f\u0131 t\u00fcm evrak\u0131n tarat\u0131l\u0131p, ba\u015fvuru sistemi y\u00fcklenmesi gereklidir. Evrak\u0131n taranmas\u0131 randevu g\u00fcn ba\u015fvuru merkezlerinde \u00fccret kar\u015f\u0131l\u0131klar\u0131 yap\u0131lmaktad\u0131r.<\/span><br \/>\n<span style=\"font-family: Roboto; font-size: 14px;\"><strong>\u0130ngiltere vize ba\u015fvuru formu<\/strong> doldurmak, evrak\u0131n i\u00e7eri\u011finin <strong>\u0130ngiltere Konsoloslu\u011fu<\/strong> istedikleri gibi olup olmad\u0131\u011f\u0131n\u0131n kontrol\u00fc, t\u00fcm evrak\u0131n taran\u0131p y\u00fcklenme, deneyim ve profesyonel vize uzman\u0131m\u0131z taraf\u0131ndan yap\u0131lmaktad\u0131r.<\/span><\/p>\n","protected":false},"excerpt":{"rendered":"<p>\u0130ngiltere\u00a0vizesi\u00a0i\u015flemlerinin en \u00f6nemli a\u015famalar\u0131ndan biri olan \u0130ngiltere vize ba\u015fvuru formunun temin edilip doldurulmas\u0131 ve \u0130ngiltere vize evraklar\u0131 aras\u0131nda bulundurulmas\u0131 ba\u015fvuru \u015fartlar\u0131 aras\u0131nda yer al\u0131r. Bu formun konsoloslu\u011fa teslim edilen belgeler aras\u0131nda olmamas\u0131 halinde vize ba\u015fvurular\u0131 kabul edilememektedir. Tamamen \u0130ngilizce olarak d\u00fczenlenmi\u015f bir belge olan\u00a0\u0130ngiltere\u00a0vize\u00a0ba\u015fvuru formunun, \u0130ngilizce olarak ve b\u00fcy\u00fck harfler ile doldurulmas\u0131 ise zorunlu tutulmaktad\u0131r.<\/p>\n","protected":false},"author":1,"featured_media":0,"parent":18,"menu_order":0,"comment_status":"open","ping_status":"closed","template":"","meta":{"footnotes":""},"class_list":["post-47","page","type-page","status-publish","hentry"],"yoast_head":"<!-- This site is optimized with the Yoast SEO plugin v24.0 - https:\/\/yoast.com\/wordpress\/plugins\/seo\/ -->\n<title>\u0130ngiltere Vize Ba\u015fvuru Formu - MyVize<\/title>\n<meta name=\"description\" content=\"\u0130ngiltere Vize Ba\u015fvuru Formu 2022 hemen t\u0131kla! \u0130ngiltere Vize Ba\u015fvuru Formu Hakk\u0131nda Bilgi \u0130\u00e7in Vize Uzmanlar\u0131m\u0131z\u0131 Aray\u0131n: 0850 346 84 93\" \/>\n<meta name=\"robots\" content=\"index, follow, max-snippet:-1, max-image-preview:large, max-video-preview:-1\" \/>\n<link rel=\"canonical\" href=\"https:\/\/www.myvize.com.tr\/ingiltere\/vize-islemleri\/ingiltere-vize-basvuru-formu\/\" \/>\n<meta property=\"og:locale\" content=\"tr_TR\" \/>\n<meta property=\"og:type\" content=\"article\" \/>\n<meta property=\"og:title\" content=\"\u0130ngiltere Vize Ba\u015fvuru Formu - MyVize\" \/>\n<meta property=\"og:description\" content=\"\u0130ngiltere Vize Ba\u015fvuru Formu 2022 hemen t\u0131kla! \u0130ngiltere Vize Ba\u015fvuru Formu Hakk\u0131nda Bilgi \u0130\u00e7in Vize Uzmanlar\u0131m\u0131z\u0131 Aray\u0131n: 0850 346 84 93\" \/>\n<meta property=\"og:url\" content=\"https:\/\/www.myvize.com.tr\/ingiltere\/vize-islemleri\/ingiltere-vize-basvuru-formu\/\" \/>\n<meta property=\"og:site_name\" content=\"\u0130ngiltere Vize Ba\u015fvuru &amp; \u0130ngiltere Vizesi\" \/>\n<meta property=\"article:modified_time\" content=\"2022-04-11T10:14:57+00:00\" \/>\n<meta property=\"og:image\" content=\"https:\/\/www.myvize.com.tr\/ingiltere\/wp-content\/uploads\/2021\/09\/30.jpg\" \/>\n<meta name=\"twitter:card\" content=\"summary_large_image\" \/>\n<meta name=\"twitter:label1\" content=\"Tahmini okuma s\u00fcresi\" \/>\n\t<meta name=\"twitter:data1\" content=\"4 dakika\" \/>\n<script type=\"application\/ld+json\" class=\"yoast-schema-graph\">{\"@context\":\"https:\/\/schema.org\",\"@graph\":[{\"@type\":\"WebPage\",\"@id\":\"https:\/\/www.myvize.com.tr\/ingiltere\/vize-islemleri\/ingiltere-vize-basvuru-formu\/\",\"url\":\"https:\/\/www.myvize.com.tr\/ingiltere\/vize-islemleri\/ingiltere-vize-basvuru-formu\/\",\"name\":\"\u0130ngiltere Vize Ba\u015fvuru Formu - MyVize\",\"isPartOf\":{\"@id\":\"https:\/\/www.myvize.com.tr\/ingiltere\/#website\"},\"primaryImageOfPage\":{\"@id\":\"https:\/\/www.myvize.com.tr\/ingiltere\/vize-islemleri\/ingiltere-vize-basvuru-formu\/#primaryimage\"},\"image\":{\"@id\":\"https:\/\/www.myvize.com.tr\/ingiltere\/vize-islemleri\/ingiltere-vize-basvuru-formu\/#primaryimage\"},\"thumbnailUrl\":\"https:\/\/www.myvize.com.tr\/ingiltere\/wp-content\/uploads\/2021\/09\/30.jpg\",\"datePublished\":\"2020-11-30T09:48:28+00:00\",\"dateModified\":\"2022-04-11T10:14:57+00:00\",\"description\":\"\u0130ngiltere Vize Ba\u015fvuru Formu 2022 hemen t\u0131kla! \u0130ngiltere Vize Ba\u015fvuru Formu Hakk\u0131nda Bilgi \u0130\u00e7in Vize Uzmanlar\u0131m\u0131z\u0131 Aray\u0131n: 0850 346 84 93\",\"breadcrumb\":{\"@id\":\"https:\/\/www.myvize.com.tr\/ingiltere\/vize-islemleri\/ingiltere-vize-basvuru-formu\/#breadcrumb\"},\"inLanguage\":\"tr\",\"potentialAction\":[{\"@type\":\"ReadAction\",\"target\":[\"https:\/\/www.myvize.com.tr\/ingiltere\/vize-islemleri\/ingiltere-vize-basvuru-formu\/\"]}]},{\"@type\":\"ImageObject\",\"inLanguage\":\"tr\",\"@id\":\"https:\/\/www.myvize.com.tr\/ingiltere\/vize-islemleri\/ingiltere-vize-basvuru-formu\/#primaryimage\",\"url\":\"https:\/\/www.myvize.com.tr\/ingiltere\/wp-content\/uploads\/2021\/09\/30.jpg\",\"contentUrl\":\"https:\/\/www.myvize.com.tr\/ingiltere\/wp-content\/uploads\/2021\/09\/30.jpg\",\"width\":800,\"height\":500,\"caption\":\"\u0130ngiltere Vize Ba\u015fvuru Formu\"},{\"@type\":\"BreadcrumbList\",\"@id\":\"https:\/\/www.myvize.com.tr\/ingiltere\/vize-islemleri\/ingiltere-vize-basvuru-formu\/#breadcrumb\",\"itemListElement\":[{\"@type\":\"ListItem\",\"position\":1,\"name\":\"Anasayfa\",\"item\":\"https:\/\/www.myvize.com.tr\/ingiltere\/\"},{\"@type\":\"ListItem\",\"position\":2,\"name\":\"V\u0130ZE \u0130\u015eLEMLER\u0130\",\"item\":\"https:\/\/www.myvize.com.tr\/ingiltere\/vize-islemleri\/\"},{\"@type\":\"ListItem\",\"position\":3,\"name\":\"\u0130ngiltere Vize Ba\u015fvuru Formu\"}]},{\"@type\":\"WebSite\",\"@id\":\"https:\/\/www.myvize.com.tr\/ingiltere\/#website\",\"url\":\"https:\/\/www.myvize.com.tr\/ingiltere\/\",\"name\":\"\u0130ngiltere Vize Ba\u015fvuru &amp; \u0130ngiltere Vizesi\",\"description\":\"\",\"potentialAction\":[{\"@type\":\"SearchAction\",\"target\":{\"@type\":\"EntryPoint\",\"urlTemplate\":\"https:\/\/www.myvize.com.tr\/ingiltere\/?s={search_term_string}\"},\"query-input\":{\"@type\":\"PropertyValueSpecification\",\"valueRequired\":true,\"valueName\":\"search_term_string\"}}],\"inLanguage\":\"tr\"}]}<\/script>\n<!-- \/ Yoast SEO plugin. -->","yoast_head_json":{"title":"\u0130ngiltere Vize Ba\u015fvuru Formu - MyVize","description":"\u0130ngiltere Vize Ba\u015fvuru Formu 2022 hemen t\u0131kla! \u0130ngiltere Vize Ba\u015fvuru Formu Hakk\u0131nda Bilgi \u0130\u00e7in Vize Uzmanlar\u0131m\u0131z\u0131 Aray\u0131n: 0850 346 84 93","robots":{"index":"index","follow":"follow","max-snippet":"max-snippet:-1","max-image-preview":"max-image-preview:large","max-video-preview":"max-video-preview:-1"},"canonical":"https:\/\/www.myvize.com.tr\/ingiltere\/vize-islemleri\/ingiltere-vize-basvuru-formu\/","og_locale":"tr_TR","og_type":"article","og_title":"\u0130ngiltere Vize Ba\u015fvuru Formu - MyVize","og_description":"\u0130ngiltere Vize Ba\u015fvuru Formu 2022 hemen t\u0131kla! \u0130ngiltere Vize Ba\u015fvuru Formu Hakk\u0131nda Bilgi \u0130\u00e7in Vize Uzmanlar\u0131m\u0131z\u0131 Aray\u0131n: 0850 346 84 93","og_url":"https:\/\/www.myvize.com.tr\/ingiltere\/vize-islemleri\/ingiltere-vize-basvuru-formu\/","og_site_name":"\u0130ngiltere Vize Ba\u015fvuru &amp; \u0130ngiltere Vizesi","article_modified_time":"2022-04-11T10:14:57+00:00","og_image":[{"url":"https:\/\/www.myvize.com.tr\/ingiltere\/wp-content\/uploads\/2021\/09\/30.jpg","type":"","width":"","height":""}],"twitter_card":"summary_large_image","twitter_misc":{"Tahmini okuma s\u00fcresi":"4 dakika"},"schema":{"@context":"https:\/\/schema.org","@graph":[{"@type":"WebPage","@id":"https:\/\/www.myvize.com.tr\/ingiltere\/vize-islemleri\/ingiltere-vize-basvuru-formu\/","url":"https:\/\/www.myvize.com.tr\/ingiltere\/vize-islemleri\/ingiltere-vize-basvuru-formu\/","name":"\u0130ngiltere Vize Ba\u015fvuru Formu - MyVize","isPartOf":{"@id":"https:\/\/www.myvize.com.tr\/ingiltere\/#website"},"primaryImageOfPage":{"@id":"https:\/\/www.myvize.com.tr\/ingiltere\/vize-islemleri\/ingiltere-vize-basvuru-formu\/#primaryimage"},"image":{"@id":"https:\/\/www.myvize.com.tr\/ingiltere\/vize-islemleri\/ingiltere-vize-basvuru-formu\/#primaryimage"},"thumbnailUrl":"https:\/\/www.myvize.com.tr\/ingiltere\/wp-content\/uploads\/2021\/09\/30.jpg","datePublished":"2020-11-30T09:48:28+00:00","dateModified":"2022-04-11T10:14:57+00:00","description":"\u0130ngiltere Vize Ba\u015fvuru Formu 2022 hemen t\u0131kla! \u0130ngiltere Vize Ba\u015fvuru Formu Hakk\u0131nda Bilgi \u0130\u00e7in Vize Uzmanlar\u0131m\u0131z\u0131 Aray\u0131n: 0850 346 84 93","breadcrumb":{"@id":"https:\/\/www.myvize.com.tr\/ingiltere\/vize-islemleri\/ingiltere-vize-basvuru-formu\/#breadcrumb"},"inLanguage":"tr","potentialAction":[{"@type":"ReadAction","target":["https:\/\/www.myvize.com.tr\/ingiltere\/vize-islemleri\/ingiltere-vize-basvuru-formu\/"]}]},{"@type":"ImageObject","inLanguage":"tr","@id":"https:\/\/www.myvize.com.tr\/ingiltere\/vize-islemleri\/ingiltere-vize-basvuru-formu\/#primaryimage","url":"https:\/\/www.myvize.com.tr\/ingiltere\/wp-content\/uploads\/2021\/09\/30.jpg","contentUrl":"https:\/\/www.myvize.com.tr\/ingiltere\/wp-content\/uploads\/2021\/09\/30.jpg","width":800,"height":500,"caption":"\u0130ngiltere Vize Ba\u015fvuru Formu"},{"@type":"BreadcrumbList","@id":"https:\/\/www.myvize.com.tr\/ingiltere\/vize-islemleri\/ingiltere-vize-basvuru-formu\/#breadcrumb","itemListElement":[{"@type":"ListItem","position":1,"name":"Anasayfa","item":"https:\/\/www.myvize.com.tr\/ingiltere\/"},{"@type":"ListItem","position":2,"name":"V\u0130ZE \u0130\u015eLEMLER\u0130","item":"https:\/\/www.myvize.com.tr\/ingiltere\/vize-islemleri\/"},{"@type":"ListItem","position":3,"name":"\u0130ngiltere Vize Ba\u015fvuru Formu"}]},{"@type":"WebSite","@id":"https:\/\/www.myvize.com.tr\/ingiltere\/#website","url":"https:\/\/www.myvize.com.tr\/ingiltere\/","name":"\u0130ngiltere Vize Ba\u015fvuru &amp; \u0130ngiltere Vizesi","description":"","potentialAction":[{"@type":"SearchAction","target":{"@type":"EntryPoint","urlTemplate":"https:\/\/www.myvize.com.tr\/ingiltere\/?s={search_term_string}"},"query-input":{"@type":"PropertyValueSpecification","valueRequired":true,"valueName":"search_term_string"}}],"inLanguage":"tr"}]}},"_links":{"self":[{"href":"https:\/\/www.myvize.com.tr\/ingiltere\/wp-json\/wp\/v2\/pages\/47","targetHints":{"allow":["GET"]}}],"collection":[{"href":"https:\/\/www.myvize.com.tr\/ingiltere\/wp-json\/wp\/v2\/pages"}],"about":[{"href":"https:\/\/www.myvize.com.tr\/ingiltere\/wp-json\/wp\/v2\/types\/page"}],"author":[{"embeddable":true,"href":"https:\/\/www.myvize.com.tr\/ingiltere\/wp-json\/wp\/v2\/users\/1"}],"replies":[{"embeddable":true,"href":"https:\/\/www.myvize.com.tr\/ingiltere\/wp-json\/wp\/v2\/comments?post=47"}],"version-history":[{"count":6,"href":"https:\/\/www.myvize.com.tr\/ingiltere\/wp-json\/wp\/v2\/pages\/47\/revisions"}],"predecessor-version":[{"id":1537,"href":"https:\/\/www.myvize.com.tr\/ingiltere\/wp-json\/wp\/v2\/pages\/47\/revisions\/1537"}],"up":[{"embeddable":true,"href":"https:\/\/www.myvize.com.tr\/ingiltere\/wp-json\/wp\/v2\/pages\/18"}],"wp:attachment":[{"href":"https:\/\/www.myvize.com.tr\/ingiltere\/wp-json\/wp\/v2\/media?parent=47"}],"curies":[{"name":"wp","href":"https:\/\/api.w.org\/{rel}","templated":true}]}}