{"id":55,"date":"2020-11-30T12:50:43","date_gmt":"2020-11-30T09:50:43","guid":{"rendered":"https:\/\/www.myvize.com.tr\/ingiltere\/?page_id=55"},"modified":"2022-04-11T13:58:10","modified_gmt":"2022-04-11T10:58:10","slug":"turkiyede-oturum-ve-calisma-izni","status":"publish","type":"page","link":"https:\/\/www.myvize.com.tr\/ingiltere\/vize-islemleri\/turkiyede-oturum-ve-calisma-izni\/","title":{"rendered":"T\u00fcrkiye&#8217;de Oturum ve \u00c7al\u0131\u015fma \u0130zni"},"content":{"rendered":"<p><strong>T\u00fcrkiye&#8217;de Oturum ve \u00c7al\u0131\u015fma \u0130zni nas\u0131l al\u0131n\u0131r? T\u00fcrkiye\u2019de<\/strong> doksan g\u00fcnden daha fazla kalmak isteyen \u0130ngiltere vatanda\u015flar\u0131n\u0131n, gerekli \u015fartlar\u0131 sa\u011flayarak <strong>oturum izni ve \u00e7al\u0131\u015fma izni<\/strong> almalar\u0131 gerekmektedir. \u0130ngiltere&#8217;deki T\u00fcrk temsilciliklerinde yap\u0131lan oturum izni ba\u015fvurusu, vize muafiyeti yolu ile \u00fclkeye giri\u015f yapm\u0131\u015f olan vatanda\u015flar i\u00e7in 2. bir d\u00fczenlemeye kadar Valilikler taraf\u0131ndan da al\u0131nmaya devam edilecektir.<\/p>\n<p>Oturum izni i\u00e7in ba\u015fvuru yapacak olan \u0130ngiltere vatanda\u015flar\u0131n\u0131n, almak istedikleri izin s\u00fcresinden 60 g\u00fcn daha uzun s\u00fcrecek bir pasaport ya da pasaport yerine ge\u00e7en bir belgeye sahip olmalar\u0131 \u015fartt\u0131r. Sahip olunan vize s\u00fcreleri ya da vize muafiyetleri sona ermeden \u00f6nce ba\u015fvurular\u0131n yap\u0131lmas\u0131 gereklidir.\u00a0<strong>T\u00fcrkiye<\/strong>\u00a0<strong>i\u00e7in<\/strong>\u00a0<strong>oturum<\/strong>\u00a0<strong>izni<\/strong>\u00a0ba\u015fvurular\u0131, en ge\u00e7 90 g\u00fcn i\u00e7inde karara ba\u011flan\u0131r. Oturum izinleri, kal\u0131\u015f amac\u0131na uygun olarak her yabanc\u0131ya g\u00f6re ayr\u0131 bir \u015fekilde d\u00fczenlenir.\u0130lk defa ba\u015fvuruda bulunacak olan \u0130ngiltere vatanda\u015flar\u0131, sistem taraf\u0131ndan kendilerine verilecek randevu saati ile g\u00fcn\u00fcnde bulundu\u011fu ildeki \u0130l G\u00f6\u00e7 \u0130daresinde haz\u0131r bulunmal\u0131d\u0131r. \u0130kamet adreslerine g\u00f6nderilen oturum izni belgeleri i\u00e7in uzatma ba\u015fvurular\u0131 ise e-ikamet adresi \u00fczerinden yap\u0131lmaktad\u0131r.<\/p>\n<blockquote><p>Bu da ilginizi \u00e7ekebilir: <span style=\"color: #2acec2;\"><a style=\"color: #2acec2;\" href=\"https:\/\/www.myvize.com.tr\/ingiltere\/vize-islemleri\/ingiltere-vizesi\/\" target=\"_blank\" rel=\"noopener\"><strong>\u0130ngiltere Vizesi<\/strong><\/a><\/span><\/p><\/blockquote>\n<p><img decoding=\"async\" src=\"https:\/\/www.myvize.com.tr\/ingiltere\/wp-content\/uploads\/2021\/09\/137.jpg\" \/><\/p>\n<p><strong>T\u00fcrkiye\u2019de<\/strong>\u00a0<strong>\u00e7al\u0131\u015fma<\/strong>\u00a0<strong>izni<\/strong>\u00a0almak i\u00e7in ise ba\u015fvurular, \u0130ngiltere&#8217;de bulunan T\u00fcrkiye Cumhuriyeti temsilciliklerine yap\u0131lmaktad\u0131r.Ba\u015fvuru s\u0131ras\u0131nda T\u00fcrkiye\u2019deki i\u015fveren ile imzalanan i\u015f s\u00f6zle\u015fmesi temsilcili\u011fe ibraz edilmelidir. Ba\u015fvurunun kabul edilmesi halinde, temsilcilik \u0130ngiltere vatanda\u015f\u0131na bir referans numaras\u0131 vermektedir. Bu referans numaras\u0131 T\u00fcrkiye&#8217;deki i\u015fverene iletilmelidir. Akabinde T\u00fcrkiye\u2019de bulunan i\u015fveren ya da i\u015fveren vekili taraf\u0131ndan PTT\u2019den e-devlet \u015fifresi al\u0131nmal\u0131, referans numaras\u0131 sisteme girilerek \u00e7al\u0131\u015fma izin ba\u015fvurusunda bulunulmal\u0131d\u0131r.T\u00fcrkiye\u2019deki i\u015fverenin, T\u00fcrkiye D\u0131\u015f temsilcili\u011fi kanal\u0131 ile yap\u0131lan ba\u015fvurularda ba\u015fvuruyu takip eden 10 i\u015f g\u00fcn\u00fc i\u00e7erisinde internet \u00fczerinden elektronik \u00e7al\u0131\u015fma izin ba\u015fvurusunu ba\u015flatmas\u0131 ve gereken belgeleri \u00c7SGB\u2019ye ula\u015ft\u0131rmas\u0131 mecburidir. Ayr\u0131ca \u0130ngiltere vatanda\u015f\u0131n\u0131n T\u00fcrkiye&#8217;de olmamas\u0131 sebebiyle taraflar, \u0131slak imza att\u0131klar\u0131 i\u015f s\u00f6zle\u015fmesini de g\u00f6ndermelidirler.<\/p>\n<h2>\u0130ngiltere Vatanda\u015flar\u0131 \u0130\u00e7in T\u00fcrkiye&#8217;de Oturum ve \u00c7al\u0131\u015fma \u0130zni<\/h2>\n<p>Yabanc\u0131 \u00fclke insanlar\u0131, T\u00fcrkiye\u2019de k\u0131sa zamanl\u0131 oturum izni, aile oturum izni, uzun s\u00fcreli oturum izni, \u00f6\u011frenci oturum izni, insan ticareti ma\u011fduru oturum izni ve insani oturum izni alarak kalabilmektedir. Ge\u00e7erli bir oturum izni sahibi olan \u0130ngiltere vatanda\u015flar\u0131, T\u00fcrkiye s\u0131n\u0131r kap\u0131lar\u0131n\u0131n her birinden vizesiz bir bi\u00e7imde giri\u015f yapabilmektedir. \u0130ngiltere insan\u0131n\u0131n T\u00fcrkiye\u2019de sahip oldu\u011fu \u00e7al\u0131\u015fma izni ya da \u00e7al\u0131\u015fma izni muafiyet belgesi, oturum izni yerine ge\u00e7mesi ile bilinir. T\u00fcrkiye\u2019de, vizenin ya da vize muafiyetinin tan\u0131nmaya devam etti\u011fi s\u00fcreden ya da 90 g\u00fcnden daha \u00e7ok kalacak \u0130ngiltere bireylerinin oturum izni almas\u0131 zorunlu bir kurald\u0131r.<\/p>\n<p>Oturum izni ba\u015fvurusu, \u0130ngiltere\u2019deki T\u00fcrk temsilcilikleri vas\u0131tas\u0131yla yap\u0131lmaktad\u0131r. Fakat oturum izni ba\u015fvurusu yapmadan evvel T\u00fcrkiye\u2019ye vize s\u00fcresi ile ya da vize muafiyeti ile gelmi\u015f olan Kazaklar\u0131n oturum izni ba\u015fvurular\u0131, ikinci bir d\u00fczenlemeye dek Valiliklerce de al\u0131nmaya devam edilmektedir. Uzun d\u00f6nem oturma izni almak i\u00e7in T\u00fcrkiye\u2019de en az 8 sene kesintisiz ikamet etmi\u015f olmak gerekmektedir. Bu \u015fart\u0131 kar\u015f\u0131lamakta olan \u0130ngiltere vatanda\u015flar\u0131n\u0131n gerekli belgeleri G\u00f6\u00e7 \u0130daresine teslim etmesi zorunludur. Uzun d\u00f6nem oturma izni ba\u015fvurusu i\u00e7in oturma izni ba\u015fvuru formu, pasaport ya da yerine ge\u00e7ebilecek evrak\u0131n asl\u0131 ve fotokopisi, \u00f6nceki yerdeki oturma izninin ibraz\u0131, iki tane vesikal\u0131k foto\u011fraf, ba\u015fvuru sahibi ki\u015finin son \u00fc\u00e7 sene i\u00e7erisinde kamu kurum ve kurulu\u015flar\u0131ndan sosyal herhangi bir yard\u0131m almad\u0131\u011f\u0131n\u0131 g\u00f6steren belge, kal\u0131nacak olan s\u00fcrede yeteri kadar ve d\u00fczenli bir maddi olana\u011fa sahip olundu\u011funa dair beyan, adli sicil kayd\u0131, ge\u00e7erli bir sa\u011fl\u0131k sigortas\u0131 gibi bir\u00e7ok belge gerekmektedir. Yanl\u0131\u015f ya da eksik belge ibraz\u0131nda kar\u015f\u0131la\u015f\u0131lacak sorunlarda konsolosluk muhatap de\u011fildir. Her zaman i\u00e7in bilgilerinizin do\u011frulu\u011fundan emin olarak ilerleyin ki vize ba\u015fvurunuz ret yan\u0131t\u0131 almas\u0131n.<\/p>\n<p><img decoding=\"async\" src=\"https:\/\/www.myvize.com.tr\/ingiltere\/wp-content\/uploads\/2021\/09\/138.jpg\" \/><\/p>\n<h2>T\u00fcrkiye\u2019de \u00e7al\u0131\u015fma izni nas\u0131l al\u0131n\u0131r?<\/h2>\n<p>Birinci s\u0131n\u0131f lisans \u00f6\u011frencileri i\u00e7in al\u0131nan e\u011fitim \u00f6\u011fretim ama\u00e7l\u0131 ikamet izni haricinde en az alt\u0131 ayl\u0131k al\u0131nan oturma iznine sahip olan ki\u015filer i\u00e7in ger\u00e7ekle\u015ftirilen \u00e7al\u0131\u015fma izni ba\u015fvurular\u0131na yurt i\u00e7inden \u00e7al\u0131\u015fma izni ba\u015fvurusu denmektedir. T\u00fcrkiye\u2019de oturma izni direkt olarak g\u00f6\u00e7 dairelerinden al\u0131nabilmektedir. Online randevu al\u0131n\u0131r ve randevuda laz\u0131m olan evraklar\u0131n her biri sunulur. Oturma izni verildikten sonra ise \u00e7al\u0131\u015fma izni almak i\u00e7in gereken evraklar sunulmal\u0131d\u0131r. T\u00fcrkiye oturma izni \u015fartlar\u0131 bunlarla da s\u0131n\u0131rl\u0131 de\u011fildir. T\u00fcrkiye\u2019de yabanc\u0131 \u00e7al\u0131\u015fanlar ve i\u015fverenler, gerekli evraklarla beraber \u00c7al\u0131\u015fma ve Sosyal G\u00fcvenlik Bakanl\u0131\u011f\u0131\u2019na \u00e7evrimi\u00e7i bir \u015fekilde ba\u015fvurmal\u0131d\u0131r. \u0130\u015fverenin ve \u00e7al\u0131\u015fan\u0131n g\u00f6nderece\u011fi belgeler birbirinden farkl\u0131d\u0131r. \u00c7al\u0131\u015fma ve Sosyal G\u00fcvenlik Bakanl\u0131\u011f\u0131, 6735 say\u0131l\u0131 olan Uluslararas\u0131 \u0130\u015fg\u00fcc\u00fc Kanunu gere\u011fi \u00f6teki alakal\u0131 mevzuatlar \u00e7er\u00e7evesinde belgeleri ve ba\u015fvuruyu bizzat incelemektedir. Ba\u015fvurunun neticesi ise elektronik ortamda s\u00f6ylenir.<\/p>\n<p>Bir de T\u00fcrkiye d\u0131\u015f\u0131ndan \u00e7al\u0131\u015fma izni ba\u015fvurusu vard\u0131r. Ge\u00e7erli olan bir oturma izni bulunmayan yabanc\u0131 uyruklu insanlar i\u00e7in, ikamet ettikleri \u00fclkeden \u00e7al\u0131\u015fma izni ba\u015fvurusu yapmalar\u0131 gerekti\u011fi bilgisi verilmektedir. Bununla beraber bahsi ge\u00e7en ba\u015fvuru yabanc\u0131 ki\u015finin ikamet etti\u011fi yerdeki T\u00fcrkiye Cumhuriyeti Konsoloslu\u011fu\u2019na veyahut vatanda\u015fl\u0131k \u00fclkesine yap\u0131lmal\u0131d\u0131r. \u0130\u015fveren, yabanc\u0131n\u0131n Ba\u015fkonsoloslu\u011fa yapm\u0131\u015f oldu\u011fu ba\u015fvuru akabinde on g\u00fcn i\u00e7erisinde \u00c7al\u0131\u015fma ve Sosyal G\u00fcvenlik Bakanl\u0131\u011f\u0131\u2019na online ba\u015fvuruda bulunmak ile y\u00fck\u00fcml\u00fc olmaktad\u0131r. G\u00f6nderilen her bir bilgi eksiksiz ve do\u011fru olmal\u0131d\u0131r. Sonucun yay\u0131nlanma s\u00fcreci ise hemen hemen otuz g\u00fcn kadar s\u00fcrer. Ba\u015fvuran ki\u015fi, ba\u015fvuru onaylan\u0131nca e-mail yolu ile bilgilendirilmektedir. \u00c7al\u0131\u015fma izni verilince ve \u00e7al\u0131\u015fma vizesi ba\u015fvurusu \u00c7al\u0131\u015fma ve Sosyal G\u00fcvenlik Bakanl\u0131\u011f\u0131 taraf\u0131ndan onaylan\u0131nca konsolosluk vize harc\u0131 yat\u0131rma ekran\u0131 aktif hale gelir. Unutulmamal\u0131d\u0131r ki her bir \u00fclkenin vize harc\u0131 mebla\u011f\u0131 birbirine g\u00f6re ciddi anlamda farkl\u0131l\u0131k g\u00f6sterecektir.<\/p>\n<p><img decoding=\"async\" src=\"https:\/\/www.myvize.com.tr\/ingiltere\/wp-content\/uploads\/2021\/09\/139.jpg\" \/><\/p>\n<h2>T\u00fcrkiye\u2019de oturma izni nas\u0131l al\u0131n\u0131r?<\/h2>\n<p>T\u00fcrkiye\u2019de \u00e7al\u0131\u015fma izni kadar dikkat \u00e7eken bir konu da T\u00fcrkiye\u2019de oturma izninin nas\u0131l al\u0131nd\u0131\u011f\u0131d\u0131r. Peki T\u00fcrkiye\u2019de oturum izni nas\u0131l al\u0131n\u0131r? Oturma izni, yabanc\u0131 bireyin ikamet edece\u011fi yerde bulunan G\u00f6\u00e7 \u0130dareleri\u2019ne ba\u015fvurmak sonucunda al\u0131nmaktad\u0131r. Ba\u015fvurular genel olarak uzman dan\u0131\u015fmanlar taraf\u0131ndan online ortamda ger\u00e7ekle\u015ftirilir. Randevu belgesi ve \u00f6teki gerekli belgeler haz\u0131rlanarak yabanc\u0131 randevu g\u00fcn\u00fc belgelerinin her birini G\u00f6\u00e7 \u0130daresi memuruna teslim eder. Ard\u0131ndan ise komisyon arac\u0131l\u0131\u011f\u0131 ile ger\u00e7ekle\u015ftirilen de\u011ferlendirme neticesinde oturma izni ba\u015fvurusu onaylan\u0131nca oturma izni kart\u0131 yabanc\u0131 ki\u015finin ikamet adresine g\u00f6nderilmi\u015f olur. \u0130kamet izni ba\u015fvurusu i\u00e7in gerekli belgeler vard\u0131r. Bu belgeler do\u011fru ve eksiksiz bir bi\u00e7imde sunulmas\u0131 gereken evraklar b\u00fct\u00fcn\u00fcd\u00fcr diyebiliriz. Ama ki\u015fi ilk olarak hangi ikamet vize t\u00fcr\u00fcn\u00fc se\u00e7ece\u011fine karar vermekle y\u00fck\u00fcml\u00fcd\u00fcr. Ba\u015fvuru ger\u00e7ekle\u015ftirilecek olan oturum izin t\u00fcr\u00fcn\u00fcn belirlenmesi halinden sonra amaca uygun evraklar\u0131n her biri haz\u0131rlanmal\u0131d\u0131r.<\/p>\n<p>T\u00fcrkiye\u2019ye yeni gelmi\u015f olan ve burada yasal olarak sekiz seneyi doldurmayan ki\u015filer i\u00e7in k\u0131sa d\u00f6nem oturma izni ba\u015fvurusu yap\u0131lmaktad\u0131r. K\u0131sa d\u00f6nem oturma izni ba\u015fvurular\u0131 i\u00e7in genel manada turistik ama\u00e7l\u0131 ba\u015fvurular vard\u0131r. Fakat G\u00f6\u00e7 \u0130daresinin yeni alm\u0131\u015f oldu\u011fu bir karar nedeniyle turistik ama\u00e7l\u0131 olan ikamet izinleri bir seferden fazla al\u0131namayacakt\u0131r. Bunun sonucunda da farkl\u0131 kalma ama\u00e7lar\u0131 belirlenir ve oturma izni almak i\u00e7in uzman bir dan\u0131\u015fmandan hizmet al\u0131n\u0131r. Kamu kurumlar\u0131 ile e\u011fitim, staj, ara\u015ft\u0131rma ve kurslara kat\u0131lacak olan ki\u015filer ise \u00f6zel sa\u011fl\u0131k sigorta poli\u00e7esi, randevu formu, devlete \u00f6denmi\u015f olan har\u00e7 ve kart \u00fccreti dekontlar\u0131, vergi numaras\u0131, pasaport asl\u0131 ve gerekti\u011fi kadar sayfa fotokopisi gibi bir\u00e7ok evrak ile haz\u0131r bir bi\u00e7imde beklemelidir. Belgeleri yanl\u0131\u015f ya da eksik olan ki\u015filerin oturma izni ba\u015fvurusu ret cevab\u0131 al\u0131r ve bunun yan\u0131 s\u0131ra ki\u015finin yeniden ba\u015fvuru yapmas\u0131 gerekece\u011fi i\u00e7in b\u00fcy\u00fck bir zaman kayb\u0131 ya\u015fanm\u0131\u015f olur.<\/p>\n","protected":false},"excerpt":{"rendered":"<p>T\u00fcrkiye&#8217;de Oturum ve \u00c7al\u0131\u015fma \u0130zni nas\u0131l al\u0131n\u0131r? T\u00fcrkiye\u2019de doksan g\u00fcnden daha fazla kalmak isteyen \u0130ngiltere vatanda\u015flar\u0131n\u0131n, gerekli \u015fartlar\u0131 sa\u011flayarak oturum izni ve \u00e7al\u0131\u015fma izni almalar\u0131 gerekmektedir. \u0130ngiltere&#8217;deki T\u00fcrk temsilciliklerinde yap\u0131lan oturum izni ba\u015fvurusu, vize muafiyeti yolu ile \u00fclkeye giri\u015f yapm\u0131\u015f olan vatanda\u015flar i\u00e7in 2. bir d\u00fczenlemeye kadar Valilikler taraf\u0131ndan da al\u0131nmaya devam edilecektir. Oturum izni<\/p>\n","protected":false},"author":1,"featured_media":0,"parent":18,"menu_order":0,"comment_status":"open","ping_status":"closed","template":"","meta":{"footnotes":""},"class_list":["post-55","page","type-page","status-publish","hentry"],"yoast_head":"<!-- This site is optimized with the Yoast SEO plugin v24.0 - https:\/\/yoast.com\/wordpress\/plugins\/seo\/ -->\n<title>T\u00fcrkiye&#039;de Oturum ve \u00c7al\u0131\u015fma \u0130zni : Nas\u0131l al\u0131n\u0131r? - MyVize<\/title>\n<meta name=\"description\" content=\"T\u00fcrkiye\u2019de Oturum ve \u00c7al\u0131\u015fma \u0130zni nas\u0131l al\u0131n\u0131r? \u0130ngiltere vatanda\u015flar\u0131 i\u00e7in T\u00fcrkiye&#039;de oturum ve \u00e7al\u0131\u015fma izni ba\u015fvurusu gerekli evraklar...\" \/>\n<meta name=\"robots\" content=\"index, follow, max-snippet:-1, max-image-preview:large, max-video-preview:-1\" \/>\n<link rel=\"canonical\" href=\"https:\/\/www.myvize.com.tr\/ingiltere\/vize-islemleri\/turkiyede-oturum-ve-calisma-izni\/\" \/>\n<meta property=\"og:locale\" content=\"tr_TR\" \/>\n<meta property=\"og:type\" content=\"article\" \/>\n<meta property=\"og:title\" content=\"T\u00fcrkiye&#039;de Oturum ve \u00c7al\u0131\u015fma \u0130zni : Nas\u0131l al\u0131n\u0131r? - MyVize\" \/>\n<meta property=\"og:description\" content=\"T\u00fcrkiye\u2019de Oturum ve \u00c7al\u0131\u015fma \u0130zni nas\u0131l al\u0131n\u0131r? \u0130ngiltere vatanda\u015flar\u0131 i\u00e7in T\u00fcrkiye&#039;de oturum ve \u00e7al\u0131\u015fma izni ba\u015fvurusu gerekli evraklar...\" \/>\n<meta property=\"og:url\" content=\"https:\/\/www.myvize.com.tr\/ingiltere\/vize-islemleri\/turkiyede-oturum-ve-calisma-izni\/\" \/>\n<meta property=\"og:site_name\" content=\"\u0130ngiltere Vize Ba\u015fvuru &amp; \u0130ngiltere Vizesi\" \/>\n<meta property=\"article:modified_time\" content=\"2022-04-11T10:58:10+00:00\" \/>\n<meta property=\"og:image\" content=\"https:\/\/www.myvize.com.tr\/ingiltere\/wp-content\/uploads\/2021\/09\/137.jpg\" \/>\n<meta name=\"twitter:card\" content=\"summary_large_image\" \/>\n<meta name=\"twitter:label1\" content=\"Tahmini okuma s\u00fcresi\" \/>\n\t<meta name=\"twitter:data1\" content=\"6 dakika\" \/>\n<script type=\"application\/ld+json\" class=\"yoast-schema-graph\">{\"@context\":\"https:\/\/schema.org\",\"@graph\":[{\"@type\":\"WebPage\",\"@id\":\"https:\/\/www.myvize.com.tr\/ingiltere\/vize-islemleri\/turkiyede-oturum-ve-calisma-izni\/\",\"url\":\"https:\/\/www.myvize.com.tr\/ingiltere\/vize-islemleri\/turkiyede-oturum-ve-calisma-izni\/\",\"name\":\"T\u00fcrkiye'de Oturum ve \u00c7al\u0131\u015fma \u0130zni : Nas\u0131l al\u0131n\u0131r? - MyVize\",\"isPartOf\":{\"@id\":\"https:\/\/www.myvize.com.tr\/ingiltere\/#website\"},\"primaryImageOfPage\":{\"@id\":\"https:\/\/www.myvize.com.tr\/ingiltere\/vize-islemleri\/turkiyede-oturum-ve-calisma-izni\/#primaryimage\"},\"image\":{\"@id\":\"https:\/\/www.myvize.com.tr\/ingiltere\/vize-islemleri\/turkiyede-oturum-ve-calisma-izni\/#primaryimage\"},\"thumbnailUrl\":\"https:\/\/www.myvize.com.tr\/ingiltere\/wp-content\/uploads\/2021\/09\/137.jpg\",\"datePublished\":\"2020-11-30T09:50:43+00:00\",\"dateModified\":\"2022-04-11T10:58:10+00:00\",\"description\":\"T\u00fcrkiye\u2019de Oturum ve \u00c7al\u0131\u015fma \u0130zni nas\u0131l al\u0131n\u0131r? \u0130ngiltere vatanda\u015flar\u0131 i\u00e7in T\u00fcrkiye'de oturum ve \u00e7al\u0131\u015fma izni ba\u015fvurusu gerekli evraklar...\",\"breadcrumb\":{\"@id\":\"https:\/\/www.myvize.com.tr\/ingiltere\/vize-islemleri\/turkiyede-oturum-ve-calisma-izni\/#breadcrumb\"},\"inLanguage\":\"tr\",\"potentialAction\":[{\"@type\":\"ReadAction\",\"target\":[\"https:\/\/www.myvize.com.tr\/ingiltere\/vize-islemleri\/turkiyede-oturum-ve-calisma-izni\/\"]}]},{\"@type\":\"ImageObject\",\"inLanguage\":\"tr\",\"@id\":\"https:\/\/www.myvize.com.tr\/ingiltere\/vize-islemleri\/turkiyede-oturum-ve-calisma-izni\/#primaryimage\",\"url\":\"https:\/\/www.myvize.com.tr\/ingiltere\/wp-content\/uploads\/2021\/09\/137.jpg\",\"contentUrl\":\"https:\/\/www.myvize.com.tr\/ingiltere\/wp-content\/uploads\/2021\/09\/137.jpg\",\"width\":800,\"height\":500,\"caption\":\"\u0130ngiltere T\u00fcrkiye'de Oturum ve \u00c7al\u0131\u015fma \u0130zni\"},{\"@type\":\"BreadcrumbList\",\"@id\":\"https:\/\/www.myvize.com.tr\/ingiltere\/vize-islemleri\/turkiyede-oturum-ve-calisma-izni\/#breadcrumb\",\"itemListElement\":[{\"@type\":\"ListItem\",\"position\":1,\"name\":\"Anasayfa\",\"item\":\"https:\/\/www.myvize.com.tr\/ingiltere\/\"},{\"@type\":\"ListItem\",\"position\":2,\"name\":\"V\u0130ZE \u0130\u015eLEMLER\u0130\",\"item\":\"https:\/\/www.myvize.com.tr\/ingiltere\/vize-islemleri\/\"},{\"@type\":\"ListItem\",\"position\":3,\"name\":\"T\u00fcrkiye&#8217;de Oturum ve \u00c7al\u0131\u015fma \u0130zni\"}]},{\"@type\":\"WebSite\",\"@id\":\"https:\/\/www.myvize.com.tr\/ingiltere\/#website\",\"url\":\"https:\/\/www.myvize.com.tr\/ingiltere\/\",\"name\":\"\u0130ngiltere Vize Ba\u015fvuru &amp; \u0130ngiltere Vizesi\",\"description\":\"\",\"potentialAction\":[{\"@type\":\"SearchAction\",\"target\":{\"@type\":\"EntryPoint\",\"urlTemplate\":\"https:\/\/www.myvize.com.tr\/ingiltere\/?s={search_term_string}\"},\"query-input\":{\"@type\":\"PropertyValueSpecification\",\"valueRequired\":true,\"valueName\":\"search_term_string\"}}],\"inLanguage\":\"tr\"}]}<\/script>\n<!-- \/ Yoast SEO plugin. -->","yoast_head_json":{"title":"T\u00fcrkiye'de Oturum ve \u00c7al\u0131\u015fma \u0130zni : Nas\u0131l al\u0131n\u0131r? - MyVize","description":"T\u00fcrkiye\u2019de Oturum ve \u00c7al\u0131\u015fma \u0130zni nas\u0131l al\u0131n\u0131r? \u0130ngiltere vatanda\u015flar\u0131 i\u00e7in T\u00fcrkiye'de oturum ve \u00e7al\u0131\u015fma izni ba\u015fvurusu gerekli evraklar...","robots":{"index":"index","follow":"follow","max-snippet":"max-snippet:-1","max-image-preview":"max-image-preview:large","max-video-preview":"max-video-preview:-1"},"canonical":"https:\/\/www.myvize.com.tr\/ingiltere\/vize-islemleri\/turkiyede-oturum-ve-calisma-izni\/","og_locale":"tr_TR","og_type":"article","og_title":"T\u00fcrkiye'de Oturum ve \u00c7al\u0131\u015fma \u0130zni : Nas\u0131l al\u0131n\u0131r? - MyVize","og_description":"T\u00fcrkiye\u2019de Oturum ve \u00c7al\u0131\u015fma \u0130zni nas\u0131l al\u0131n\u0131r? \u0130ngiltere vatanda\u015flar\u0131 i\u00e7in T\u00fcrkiye'de oturum ve \u00e7al\u0131\u015fma izni ba\u015fvurusu gerekli evraklar...","og_url":"https:\/\/www.myvize.com.tr\/ingiltere\/vize-islemleri\/turkiyede-oturum-ve-calisma-izni\/","og_site_name":"\u0130ngiltere Vize Ba\u015fvuru &amp; \u0130ngiltere Vizesi","article_modified_time":"2022-04-11T10:58:10+00:00","og_image":[{"url":"https:\/\/www.myvize.com.tr\/ingiltere\/wp-content\/uploads\/2021\/09\/137.jpg","type":"","width":"","height":""}],"twitter_card":"summary_large_image","twitter_misc":{"Tahmini okuma s\u00fcresi":"6 dakika"},"schema":{"@context":"https:\/\/schema.org","@graph":[{"@type":"WebPage","@id":"https:\/\/www.myvize.com.tr\/ingiltere\/vize-islemleri\/turkiyede-oturum-ve-calisma-izni\/","url":"https:\/\/www.myvize.com.tr\/ingiltere\/vize-islemleri\/turkiyede-oturum-ve-calisma-izni\/","name":"T\u00fcrkiye'de Oturum ve \u00c7al\u0131\u015fma \u0130zni : Nas\u0131l al\u0131n\u0131r? - MyVize","isPartOf":{"@id":"https:\/\/www.myvize.com.tr\/ingiltere\/#website"},"primaryImageOfPage":{"@id":"https:\/\/www.myvize.com.tr\/ingiltere\/vize-islemleri\/turkiyede-oturum-ve-calisma-izni\/#primaryimage"},"image":{"@id":"https:\/\/www.myvize.com.tr\/ingiltere\/vize-islemleri\/turkiyede-oturum-ve-calisma-izni\/#primaryimage"},"thumbnailUrl":"https:\/\/www.myvize.com.tr\/ingiltere\/wp-content\/uploads\/2021\/09\/137.jpg","datePublished":"2020-11-30T09:50:43+00:00","dateModified":"2022-04-11T10:58:10+00:00","description":"T\u00fcrkiye\u2019de Oturum ve \u00c7al\u0131\u015fma \u0130zni nas\u0131l al\u0131n\u0131r? \u0130ngiltere vatanda\u015flar\u0131 i\u00e7in T\u00fcrkiye'de oturum ve \u00e7al\u0131\u015fma izni ba\u015fvurusu gerekli evraklar...","breadcrumb":{"@id":"https:\/\/www.myvize.com.tr\/ingiltere\/vize-islemleri\/turkiyede-oturum-ve-calisma-izni\/#breadcrumb"},"inLanguage":"tr","potentialAction":[{"@type":"ReadAction","target":["https:\/\/www.myvize.com.tr\/ingiltere\/vize-islemleri\/turkiyede-oturum-ve-calisma-izni\/"]}]},{"@type":"ImageObject","inLanguage":"tr","@id":"https:\/\/www.myvize.com.tr\/ingiltere\/vize-islemleri\/turkiyede-oturum-ve-calisma-izni\/#primaryimage","url":"https:\/\/www.myvize.com.tr\/ingiltere\/wp-content\/uploads\/2021\/09\/137.jpg","contentUrl":"https:\/\/www.myvize.com.tr\/ingiltere\/wp-content\/uploads\/2021\/09\/137.jpg","width":800,"height":500,"caption":"\u0130ngiltere T\u00fcrkiye'de Oturum ve \u00c7al\u0131\u015fma \u0130zni"},{"@type":"BreadcrumbList","@id":"https:\/\/www.myvize.com.tr\/ingiltere\/vize-islemleri\/turkiyede-oturum-ve-calisma-izni\/#breadcrumb","itemListElement":[{"@type":"ListItem","position":1,"name":"Anasayfa","item":"https:\/\/www.myvize.com.tr\/ingiltere\/"},{"@type":"ListItem","position":2,"name":"V\u0130ZE \u0130\u015eLEMLER\u0130","item":"https:\/\/www.myvize.com.tr\/ingiltere\/vize-islemleri\/"},{"@type":"ListItem","position":3,"name":"T\u00fcrkiye&#8217;de Oturum ve \u00c7al\u0131\u015fma \u0130zni"}]},{"@type":"WebSite","@id":"https:\/\/www.myvize.com.tr\/ingiltere\/#website","url":"https:\/\/www.myvize.com.tr\/ingiltere\/","name":"\u0130ngiltere Vize Ba\u015fvuru &amp; \u0130ngiltere Vizesi","description":"","potentialAction":[{"@type":"SearchAction","target":{"@type":"EntryPoint","urlTemplate":"https:\/\/www.myvize.com.tr\/ingiltere\/?s={search_term_string}"},"query-input":{"@type":"PropertyValueSpecification","valueRequired":true,"valueName":"search_term_string"}}],"inLanguage":"tr"}]}},"_links":{"self":[{"href":"https:\/\/www.myvize.com.tr\/ingiltere\/wp-json\/wp\/v2\/pages\/55","targetHints":{"allow":["GET"]}}],"collection":[{"href":"https:\/\/www.myvize.com.tr\/ingiltere\/wp-json\/wp\/v2\/pages"}],"about":[{"href":"https:\/\/www.myvize.com.tr\/ingiltere\/wp-json\/wp\/v2\/types\/page"}],"author":[{"embeddable":true,"href":"https:\/\/www.myvize.com.tr\/ingiltere\/wp-json\/wp\/v2\/users\/1"}],"replies":[{"embeddable":true,"href":"https:\/\/www.myvize.com.tr\/ingiltere\/wp-json\/wp\/v2\/comments?post=55"}],"version-history":[{"count":5,"href":"https:\/\/www.myvize.com.tr\/ingiltere\/wp-json\/wp\/v2\/pages\/55\/revisions"}],"predecessor-version":[{"id":1549,"href":"https:\/\/www.myvize.com.tr\/ingiltere\/wp-json\/wp\/v2\/pages\/55\/revisions\/1549"}],"up":[{"embeddable":true,"href":"https:\/\/www.myvize.com.tr\/ingiltere\/wp-json\/wp\/v2\/pages\/18"}],"wp:attachment":[{"href":"https:\/\/www.myvize.com.tr\/ingiltere\/wp-json\/wp\/v2\/media?parent=55"}],"curies":[{"name":"wp","href":"https:\/\/api.w.org\/{rel}","templated":true}]}}