{"id":562,"date":"2021-08-03T18:23:21","date_gmt":"2021-08-03T15:23:21","guid":{"rendered":"https:\/\/www.myvize.com.tr\/ingiltere\/?page_id=562"},"modified":"2023-01-22T19:14:17","modified_gmt":"2023-01-22T16:14:17","slug":"ingiltere-schengen-vizesi","status":"publish","type":"page","link":"https:\/\/www.myvize.com.tr\/ingiltere\/vize-islemleri\/ingiltere-schengen-vizesi\/","title":{"rendered":"\u0130ngiltere Schengen Vizesi"},"content":{"rendered":"<h2><span style=\"font-family: Roboto; font-size: 27px;\"><strong>\u0130ngiltere V<\/strong><strong>izesi\u00a0<\/strong><strong>N<\/strong><strong>as\u0131l\u00a0<\/strong><strong>A<\/strong><strong>l\u0131n\u0131r?<\/strong><\/span><\/h2>\n<p><span style=\"font-family: Roboto; font-size: 14px;\">T\u00fcrkiye vatanda\u015flar\u0131 <span style=\"color: #2acec2;\"><strong><a style=\"color: #2acec2;\" href=\"https:\/\/www.myvize.com.tr\/ingiltere\/vize-islemleri\/ingiltere-vizesi\/\" target=\"_blank\" rel=\"noopener\">\u0130ngiltere vizesi<\/a><\/strong><\/span> prosed\u00fcr\u00fcne g\u00f6re hangi pasaport t\u00fcr\u00fcne sahip olurlarsa olsunlar vizeye tabi tutulmaktad\u0131rlar. Burada tek istisna diplomatik pasaport sahipleridir. Bu nedenle \u0130ngiltere\u2019ye seyahatte bulunacak ki\u015filerin vize ba\u015fvurusunda bulunmalar\u0131 gerekmektedir. Ba\u015fvuru yapacak ki\u015filer \u00f6nce hangi vize t\u00fcr\u00fcne sonra ba\u015fvuru yapacaklar\u0131 b\u00f6lgenin hangi temsilcilik kapsam\u0131nda oldu\u011funu tespit ederek randevu almal\u0131d\u0131rlar. Ki\u015filer vize taleplerini<strong> \u0130ngiltere T\u00fcrkiye temsilcilikleri<\/strong> ya da \u0130ngiltere T\u00fcrkiye temsilciliklerinin i\u015fbirli\u011fi yapt\u0131\u011f\u0131 acenteler arac\u0131l\u0131\u011f\u0131yla ba\u015flatabilirler.<\/span><\/p>\n<p><span style=\"font-family: Roboto; font-size: 14px;\">Ki\u015filer<strong> \u0130ngiltere vize<\/strong>\u00a0ba\u015fvuru evraklar\u0131n\u0131 ve \u015fartlar\u0131n\u0131 yerine getirerek ba\u015fvuru i\u015flemlerini ba\u015flatabilirler. Bu noktada \u00f6nemli olan hangi vize t\u00fcr\u00fcne ba\u015fvuru yap\u0131laca\u011f\u0131d\u0131r. Ki\u015filer seyahat i\u00e7eriklerine ve seyahat s\u00fcrelerine ba\u015fvuruda bulunmal\u0131d\u0131rlar. \u00c7\u00fcnk\u00fc her vize t\u00fcr\u00fc i\u00e7in farkl\u0131 evrak talebi ve farkl\u0131 bir prosed\u00fcr izlenmektedir.<\/span><\/p>\n<h2><span style=\"font-family: Roboto; font-size: 27px;\"><strong>\u0130ngiltere V<\/strong><strong>izesi\u00a0<\/strong><strong>K<\/strong><strong>a\u00e7\u00a0<\/strong><strong>G<\/strong><strong>\u00fcnde\u00a0<\/strong><strong>\u00c7<\/strong><strong>\u0131kar?<\/strong><\/span><\/h2>\n<p><span style=\"font-family: Roboto; font-size: 14px;\">Ki\u015filerin <strong>\u0130ngiltere vize<\/strong> ba\u015fvurular\u0131,\u00a0ortalama\u00a015\u00a0i\u015f g\u00fcn\u00fc i\u00e7erisinde sonu\u00e7lanmaktad\u0131r.\u00a0Ancak, ki\u015filer ba\u015fvuru s\u00fcre\u00e7lerinin sonu\u00e7lanmas\u0131n\u0131 beklerken \u015funlar\u0131 g\u00f6z \u00f6n\u00fcnde bulundurmal\u0131d\u0131rlar:<\/span><\/p>\n<ul>\n<li><span style=\"font-family: Roboto; font-size: 14px;\">Resmi tatiller ve bayramlar ki\u015filerin vize sonu\u00e7lanma s\u00fcresinin uzamas\u0131na neden olabilir.<\/span><\/li>\n<li><span style=\"font-family: Roboto; font-size: 14px;\">Ba\u015fvuru sahibinin ibraz etti\u011fi evraklar\u0131n eksik, yanl\u0131\u015f ya da inand\u0131r\u0131c\u0131 bulunmamas\u0131 vize sonu\u00e7lanma s\u00fcresinin uzamas\u0131na neden olabilir.<\/span><\/li>\n<li><span style=\"font-family: Roboto; font-size: 14px;\">Ba\u015fvuru sahibinin ibraz etti\u011fi evraklar\u0131n ge\u00e7erlilik s\u00fcrelerinin uyu\u015fmamas\u0131 <strong>vize sonu\u00e7lanma<\/strong> s\u00fcresinin uzamas\u0131na neden olabilir.<\/span><\/li>\n<li><span style=\"font-family: Roboto; font-size: 14px;\">Ba\u015fvuru sahibinin daha \u00f6nce<span style=\"color: #2acec2;\"><strong><a style=\"color: #2acec2;\" href=\"https:\/\/www.myvize.com.tr\/ingiltere\/vize-islemleri\/ingiltere-vize-reddi\/\" target=\"_blank\" rel=\"noopener\"> \u0130ngiltere vize reddi <\/a><\/strong><\/span>ile kar\u015f\u0131la\u015fm\u0131\u015f olmas\u0131 vize sonu\u00e7lanma s\u00fcresinin uzamas\u0131na neden olabilir hatta vize reddine sebebiyet verebilir.<\/span><\/li>\n<li><span style=\"font-family: Roboto; font-size: 14px;\">Sistem ar\u0131zalar\u0131, ki\u015filerin vize sonu\u00e7lanma s\u00fcresinin uzamas\u0131na neden olabilir.<\/span><\/li>\n<\/ul>\n<p><img decoding=\"async\" src=\"https:\/\/www.myvize.com.tr\/ingiltere\/wp-content\/uploads\/2021\/09\/24.jpg\" \/><\/p>\n<h2><span style=\"font-family: Roboto; font-size: 27px;\"><strong>\u0130ngiltere V<\/strong><strong>izesi i\u00e7in\u00a0<\/strong><strong>G<\/strong><strong>erekli\u00a0<\/strong><strong>E<\/strong><strong>vraklar<\/strong><strong>\u00a0Nelerdir?<\/strong><\/span><\/h2>\n<ul>\n<li><span style=\"font-family: Roboto; font-size: 14px;\">Pasaport: Ki\u015filerin 10 y\u0131ldan eski olmayan, seyahat bitiminden itibaren minimum 6\u00a0ay ge\u00e7erlili\u011fe sahip ve en az 2 sayfas\u0131 bo\u015f pasaporta sahip olmalar\u0131 gerekmektedir.<\/span><\/li>\n<li><span style=\"font-family: Roboto; font-size: 14px;\">Pasaport Fotokopisi: Ki\u015filerin eski pasaportlar\u0131n\u0131n fotokopilerini ibraz etmeleri gerekmektedir<\/span><\/li>\n<li><span style=\"font-family: Roboto; font-size: 14px;\"><strong>Ba\u015fvuru Formu<\/strong>:\u00a0Eksiksiz ve do\u011fru \u015fekilde\u00a0doldurulup ibraz edilmelidir.<\/span><\/li>\n<li><span style=\"font-family: Roboto; font-size: 14px;\">Vize Talep Dilek\u00e7esi<\/span><\/li>\n<li><span style=\"font-family: Roboto; font-size: 14px;\">Foto\u011fraf: Son\u00a06 ay i\u00e7erisinde \u00e7ekilmi\u015f 2 adet 35mm x 45 mm\u00a0\u00f6l\u00e7\u00fclerinde\u00a0biyometrik\u00a0foto\u011fraf ibraz edilmelidir.<\/span><\/li>\n<li><span style=\"font-family: Roboto; font-size: 14px;\">Seyahat masraflar\u0131n\u0131n nas\u0131l kar\u015f\u0131lanaca\u011f\u0131n\u0131 ve ki\u015filerin mali durumu kan\u0131tlayan belgeler ibraz edilmelidir<\/span><\/li>\n<li><span style=\"font-family: Roboto; font-size: 14px;\">Tam vukuatl\u0131 n\u00fcfus kay\u0131t \u00f6rne\u011fi\u00a0ibraz edilmelidir.<\/span><\/li>\n<li><span style=\"font-family: Roboto; font-size: 14px;\">Vize\u00a0ba\u015fvuru \u00fccretinin \u00f6denmesi ve \u00f6dendi\u011fine dair dekontun ibraz edilmesi gereklidir.\u00a0<\/span><\/li>\n<li><span style=\"font-family: Roboto; font-size: 14px;\">N\u00fcfus c\u00fczdan\u0131 fotokopisi ibraz edilmelidir<\/span><\/li>\n<li><span style=\"font-family: Roboto; font-size: 14px;\">Konaklama bilgileri ibraz edilmelidir.<\/span><\/li>\n<li><span style=\"font-family: Roboto; font-size: 14px;\">U\u00e7ak rezervasyon bilgileri ibraz edilmelidir.<\/span><\/li>\n<li><span style=\"font-family: Roboto; font-size: 14px;\">Ki\u015finin e\u011fitim durumunu veya i\u015f durumunu kan\u0131tlayan belgeler ibraz edilmelidir.<\/span><\/li>\n<\/ul>\n<p><span style=\"font-family: Roboto; font-size: 14px;\">Unutulmamal\u0131d\u0131r ki\u00a0yukar\u0131daki evraklar standart ba\u015fvuru evraklar\u0131d\u0131r.\u00a0Ki\u015filerin ba\u015fvuru ama\u00e7lar\u0131na g\u00f6re destekleyici evraklar ba\u015fvuru dosyalar\u0131na eklenmelidir.<\/span><\/p>\n<p><img decoding=\"async\" src=\"https:\/\/www.myvize.com.tr\/ingiltere\/wp-content\/uploads\/2021\/09\/25.jpg\" \/><\/p>\n<h2><span style=\"font-family: Roboto; font-size: 27px;\"><strong>\u0130ngiltere Schengen Vizesi Hakk\u0131nda<\/strong><\/span><\/h2>\n<p><span style=\"font-family: Roboto; font-size: 14px;\"><strong>\u0130ngiltere Birle\u015fik Krall\u0131\u011fa<\/strong> seyahat etme isteyen Umuma Mahsus Pasaporta, Hizmet Pasaport ve Hususi Pasaport hamilleri T\u00fcrkiye Cumhuriyeti vatanda\u015f\u0131 \u0130ngiltere\u2019ye giri\u015f yapma i\u00e7in <strong>\u0130ngiltere vizesi<\/strong> ba\u015fvurusu da bulunmak zorundad\u0131r. Diplomatik Pasaporta hamili ise 180 g\u00fcn i\u00e7erisinde 90 g\u00fcn a\u015fmayan seyahatinde \u0130ngiltere vize i\u015fleminden muaft\u0131r. \u0130ngiltere \u00fczerinde di\u011fer \u00fclkeye aktarmal\u0131 seyahat edecek olan T\u00fcrkiye Cumhuriyeti vatanda\u015f\u0131<span style=\"color: #2acec2;\"><strong><a style=\"color: #2acec2;\" href=\"https:\/\/www.myvize.com.tr\/ingiltere\/ingiltere-transit-vize\/\" target=\"_blank\" rel=\"noopener\"> \u0130ngiltere transit vize<\/a><\/strong><\/span> ba\u015fvuru yapmal\u0131d\u0131r. Ancak s\u00f6z konu seyahat 24 saat de (onwardflight) tamamlanacak ise ve gidilecek di\u011fer \u00fclkenin vize ile ilgili t\u00fcm \u015fart yerine getirilmi\u015fse, ki\u015filer \u0130ngiltere transit vizesi i\u015fleminden muaf (transit withoutvisaconcesion) tutulur.<\/span><br \/>\n<span style=\"font-family: Roboto; font-size: 14px;\">Birle\u015fik Krall\u0131k Vizesi ve G\u00f6\u00e7 \u0130dari rejimi y\u00f6netmeli\u011fi uyar\u0131nca Birle\u015fik Krall\u0131\u011f\u0131 olu\u015fturan \u0130ngiltere, Kuzey \u0130rlanda, \u0130sko\u00e7ya ile Galler\u2019e seyahat etme isteyen ki\u015finin giri\u015f yapabilmek i\u00e7in almas\u0131 gereken bir vize. \u0130rlanda Cumhuriyeti\u2019ne \u0130ngiltere vize ile giri\u015f yap\u0131lamamakta. Ancak ge\u00e7erli k\u0131sa s\u00fcre<strong> \u0130ngiltere ziyaret\u00e7i vize<\/strong> ile \u00f6ncelikle \u0130ngiltere s\u0131n\u0131r\u0131 i\u00e7inden giri\u015f yapmas\u0131 ko\u015fuluyla ge\u00e7i\u015f izni verilmekte. Birle\u015fik Krall\u0131k Schengen \u00fcyesi \u00fclke kapsam\u0131nda olmad\u0131\u011f\u0131 i\u00e7in \u0130ngiltere vize bulunan ya<strong> \u0130ngiltere vize<\/strong> alacak T\u00fcrkiye Cumhuriyeti vatanda\u015f\u0131 Schengen \u00fcye \u00fclkesine \u0130ngiltere vize ile seyahat edebilmesi m\u00fcmk\u00fcn olmamaktad\u0131r.<\/span><br \/>\n<span style=\"font-family: Roboto; font-size: 14px;\">Aile bireyini ziyaret, t\u0131bbi tedavi, akademi \u00e7al\u0131\u015fma, bilimsel ara\u015ft\u0131rma, 1. derecede akrabay\u0131 g\u00f6zetim, ni\u015fanl\u0131-m\u00fcstakbel e\u015f ziyaret ya da s\u0131k i\u015f g\u00f6r\u00fc\u015fmesi gibi farkl\u0131 sebepten dolay\u0131 \u0130ngiltere\u2019ye d\u00fczenli seyahat etme gerektiren nedenin belgeyle beyan edilme durumunda ki\u015fi uzun d\u00f6nem \u0130ngiltere vize ba\u015fvuru yapabilir.<\/span><\/p>\n","protected":false},"excerpt":{"rendered":"<p>\u0130ngiltere Vizesi\u00a0Nas\u0131l\u00a0Al\u0131n\u0131r? T\u00fcrkiye vatanda\u015flar\u0131 \u0130ngiltere vizesi prosed\u00fcr\u00fcne g\u00f6re hangi pasaport t\u00fcr\u00fcne sahip olurlarsa olsunlar vizeye tabi tutulmaktad\u0131rlar. Burada tek istisna diplomatik pasaport sahipleridir. Bu nedenle \u0130ngiltere\u2019ye seyahatte bulunacak ki\u015filerin vize ba\u015fvurusunda bulunmalar\u0131 gerekmektedir. Ba\u015fvuru yapacak ki\u015filer \u00f6nce hangi vize t\u00fcr\u00fcne sonra ba\u015fvuru yapacaklar\u0131 b\u00f6lgenin hangi temsilcilik kapsam\u0131nda oldu\u011funu tespit ederek randevu almal\u0131d\u0131rlar. Ki\u015filer vize taleplerini<\/p>\n","protected":false},"author":1,"featured_media":0,"parent":18,"menu_order":0,"comment_status":"open","ping_status":"closed","template":"","meta":{"footnotes":""},"class_list":["post-562","page","type-page","status-publish","hentry"],"yoast_head":"<!-- This site is optimized with the Yoast SEO plugin v24.0 - https:\/\/yoast.com\/wordpress\/plugins\/seo\/ -->\n<title>\u0130ngiltere Schengen Vizesi - MyVize<\/title>\n<meta name=\"description\" content=\"\u0130ngiltere Schengen Vizesi Nas\u0131l Al\u0131n\u0131r? \u0130ngiltere Schengen Vizesi \u0130\u00e7in Gerekli Evraklar. \u0130ngiltere Schengen Vizesi Almak \u0130\u00e7in Hemen T\u0131klay\u0131n.\" \/>\n<meta name=\"robots\" content=\"index, follow, max-snippet:-1, max-image-preview:large, max-video-preview:-1\" \/>\n<link rel=\"canonical\" href=\"https:\/\/www.myvize.com.tr\/ingiltere\/vize-islemleri\/ingiltere-schengen-vizesi\/\" \/>\n<meta property=\"og:locale\" content=\"tr_TR\" \/>\n<meta property=\"og:type\" content=\"article\" \/>\n<meta property=\"og:title\" content=\"\u0130ngiltere Schengen Vizesi - MyVize\" \/>\n<meta property=\"og:description\" content=\"\u0130ngiltere Schengen Vizesi Nas\u0131l Al\u0131n\u0131r? \u0130ngiltere Schengen Vizesi \u0130\u00e7in Gerekli Evraklar. \u0130ngiltere Schengen Vizesi Almak \u0130\u00e7in Hemen T\u0131klay\u0131n.\" \/>\n<meta property=\"og:url\" content=\"https:\/\/www.myvize.com.tr\/ingiltere\/vize-islemleri\/ingiltere-schengen-vizesi\/\" \/>\n<meta property=\"og:site_name\" content=\"\u0130ngiltere Vize Ba\u015fvuru &amp; \u0130ngiltere Vizesi\" \/>\n<meta property=\"article:modified_time\" content=\"2023-01-22T16:14:17+00:00\" \/>\n<meta property=\"og:image\" content=\"https:\/\/www.myvize.com.tr\/ingiltere\/wp-content\/uploads\/2021\/09\/24.jpg\" \/>\n<meta name=\"twitter:card\" content=\"summary_large_image\" \/>\n<meta name=\"twitter:label1\" content=\"Tahmini okuma s\u00fcresi\" \/>\n\t<meta name=\"twitter:data1\" content=\"3 dakika\" \/>\n<script type=\"application\/ld+json\" class=\"yoast-schema-graph\">{\"@context\":\"https:\/\/schema.org\",\"@graph\":[{\"@type\":\"WebPage\",\"@id\":\"https:\/\/www.myvize.com.tr\/ingiltere\/vize-islemleri\/ingiltere-schengen-vizesi\/\",\"url\":\"https:\/\/www.myvize.com.tr\/ingiltere\/vize-islemleri\/ingiltere-schengen-vizesi\/\",\"name\":\"\u0130ngiltere Schengen Vizesi - MyVize\",\"isPartOf\":{\"@id\":\"https:\/\/www.myvize.com.tr\/ingiltere\/#website\"},\"primaryImageOfPage\":{\"@id\":\"https:\/\/www.myvize.com.tr\/ingiltere\/vize-islemleri\/ingiltere-schengen-vizesi\/#primaryimage\"},\"image\":{\"@id\":\"https:\/\/www.myvize.com.tr\/ingiltere\/vize-islemleri\/ingiltere-schengen-vizesi\/#primaryimage\"},\"thumbnailUrl\":\"https:\/\/www.myvize.com.tr\/ingiltere\/wp-content\/uploads\/2021\/09\/24.jpg\",\"datePublished\":\"2021-08-03T15:23:21+00:00\",\"dateModified\":\"2023-01-22T16:14:17+00:00\",\"description\":\"\u0130ngiltere Schengen Vizesi Nas\u0131l Al\u0131n\u0131r? \u0130ngiltere Schengen Vizesi \u0130\u00e7in Gerekli Evraklar. \u0130ngiltere Schengen Vizesi Almak \u0130\u00e7in Hemen T\u0131klay\u0131n.\",\"breadcrumb\":{\"@id\":\"https:\/\/www.myvize.com.tr\/ingiltere\/vize-islemleri\/ingiltere-schengen-vizesi\/#breadcrumb\"},\"inLanguage\":\"tr\",\"potentialAction\":[{\"@type\":\"ReadAction\",\"target\":[\"https:\/\/www.myvize.com.tr\/ingiltere\/vize-islemleri\/ingiltere-schengen-vizesi\/\"]}]},{\"@type\":\"ImageObject\",\"inLanguage\":\"tr\",\"@id\":\"https:\/\/www.myvize.com.tr\/ingiltere\/vize-islemleri\/ingiltere-schengen-vizesi\/#primaryimage\",\"url\":\"https:\/\/www.myvize.com.tr\/ingiltere\/wp-content\/uploads\/2021\/09\/24.jpg\",\"contentUrl\":\"https:\/\/www.myvize.com.tr\/ingiltere\/wp-content\/uploads\/2021\/09\/24.jpg\",\"width\":800,\"height\":500,\"caption\":\"\u0130ngiltere Schengen Vizesi\"},{\"@type\":\"BreadcrumbList\",\"@id\":\"https:\/\/www.myvize.com.tr\/ingiltere\/vize-islemleri\/ingiltere-schengen-vizesi\/#breadcrumb\",\"itemListElement\":[{\"@type\":\"ListItem\",\"position\":1,\"name\":\"Anasayfa\",\"item\":\"https:\/\/www.myvize.com.tr\/ingiltere\/\"},{\"@type\":\"ListItem\",\"position\":2,\"name\":\"V\u0130ZE \u0130\u015eLEMLER\u0130\",\"item\":\"https:\/\/www.myvize.com.tr\/ingiltere\/vize-islemleri\/\"},{\"@type\":\"ListItem\",\"position\":3,\"name\":\"\u0130ngiltere Schengen Vizesi\"}]},{\"@type\":\"WebSite\",\"@id\":\"https:\/\/www.myvize.com.tr\/ingiltere\/#website\",\"url\":\"https:\/\/www.myvize.com.tr\/ingiltere\/\",\"name\":\"\u0130ngiltere Vize Ba\u015fvuru &amp; \u0130ngiltere Vizesi\",\"description\":\"\",\"potentialAction\":[{\"@type\":\"SearchAction\",\"target\":{\"@type\":\"EntryPoint\",\"urlTemplate\":\"https:\/\/www.myvize.com.tr\/ingiltere\/?s={search_term_string}\"},\"query-input\":{\"@type\":\"PropertyValueSpecification\",\"valueRequired\":true,\"valueName\":\"search_term_string\"}}],\"inLanguage\":\"tr\"}]}<\/script>\n<!-- \/ Yoast SEO plugin. -->","yoast_head_json":{"title":"\u0130ngiltere Schengen Vizesi - MyVize","description":"\u0130ngiltere Schengen Vizesi Nas\u0131l Al\u0131n\u0131r? \u0130ngiltere Schengen Vizesi \u0130\u00e7in Gerekli Evraklar. \u0130ngiltere Schengen Vizesi Almak \u0130\u00e7in Hemen T\u0131klay\u0131n.","robots":{"index":"index","follow":"follow","max-snippet":"max-snippet:-1","max-image-preview":"max-image-preview:large","max-video-preview":"max-video-preview:-1"},"canonical":"https:\/\/www.myvize.com.tr\/ingiltere\/vize-islemleri\/ingiltere-schengen-vizesi\/","og_locale":"tr_TR","og_type":"article","og_title":"\u0130ngiltere Schengen Vizesi - MyVize","og_description":"\u0130ngiltere Schengen Vizesi Nas\u0131l Al\u0131n\u0131r? \u0130ngiltere Schengen Vizesi \u0130\u00e7in Gerekli Evraklar. \u0130ngiltere Schengen Vizesi Almak \u0130\u00e7in Hemen T\u0131klay\u0131n.","og_url":"https:\/\/www.myvize.com.tr\/ingiltere\/vize-islemleri\/ingiltere-schengen-vizesi\/","og_site_name":"\u0130ngiltere Vize Ba\u015fvuru &amp; \u0130ngiltere Vizesi","article_modified_time":"2023-01-22T16:14:17+00:00","og_image":[{"url":"https:\/\/www.myvize.com.tr\/ingiltere\/wp-content\/uploads\/2021\/09\/24.jpg","type":"","width":"","height":""}],"twitter_card":"summary_large_image","twitter_misc":{"Tahmini okuma s\u00fcresi":"3 dakika"},"schema":{"@context":"https:\/\/schema.org","@graph":[{"@type":"WebPage","@id":"https:\/\/www.myvize.com.tr\/ingiltere\/vize-islemleri\/ingiltere-schengen-vizesi\/","url":"https:\/\/www.myvize.com.tr\/ingiltere\/vize-islemleri\/ingiltere-schengen-vizesi\/","name":"\u0130ngiltere Schengen Vizesi - MyVize","isPartOf":{"@id":"https:\/\/www.myvize.com.tr\/ingiltere\/#website"},"primaryImageOfPage":{"@id":"https:\/\/www.myvize.com.tr\/ingiltere\/vize-islemleri\/ingiltere-schengen-vizesi\/#primaryimage"},"image":{"@id":"https:\/\/www.myvize.com.tr\/ingiltere\/vize-islemleri\/ingiltere-schengen-vizesi\/#primaryimage"},"thumbnailUrl":"https:\/\/www.myvize.com.tr\/ingiltere\/wp-content\/uploads\/2021\/09\/24.jpg","datePublished":"2021-08-03T15:23:21+00:00","dateModified":"2023-01-22T16:14:17+00:00","description":"\u0130ngiltere Schengen Vizesi Nas\u0131l Al\u0131n\u0131r? \u0130ngiltere Schengen Vizesi \u0130\u00e7in Gerekli Evraklar. \u0130ngiltere Schengen Vizesi Almak \u0130\u00e7in Hemen T\u0131klay\u0131n.","breadcrumb":{"@id":"https:\/\/www.myvize.com.tr\/ingiltere\/vize-islemleri\/ingiltere-schengen-vizesi\/#breadcrumb"},"inLanguage":"tr","potentialAction":[{"@type":"ReadAction","target":["https:\/\/www.myvize.com.tr\/ingiltere\/vize-islemleri\/ingiltere-schengen-vizesi\/"]}]},{"@type":"ImageObject","inLanguage":"tr","@id":"https:\/\/www.myvize.com.tr\/ingiltere\/vize-islemleri\/ingiltere-schengen-vizesi\/#primaryimage","url":"https:\/\/www.myvize.com.tr\/ingiltere\/wp-content\/uploads\/2021\/09\/24.jpg","contentUrl":"https:\/\/www.myvize.com.tr\/ingiltere\/wp-content\/uploads\/2021\/09\/24.jpg","width":800,"height":500,"caption":"\u0130ngiltere Schengen Vizesi"},{"@type":"BreadcrumbList","@id":"https:\/\/www.myvize.com.tr\/ingiltere\/vize-islemleri\/ingiltere-schengen-vizesi\/#breadcrumb","itemListElement":[{"@type":"ListItem","position":1,"name":"Anasayfa","item":"https:\/\/www.myvize.com.tr\/ingiltere\/"},{"@type":"ListItem","position":2,"name":"V\u0130ZE \u0130\u015eLEMLER\u0130","item":"https:\/\/www.myvize.com.tr\/ingiltere\/vize-islemleri\/"},{"@type":"ListItem","position":3,"name":"\u0130ngiltere Schengen Vizesi"}]},{"@type":"WebSite","@id":"https:\/\/www.myvize.com.tr\/ingiltere\/#website","url":"https:\/\/www.myvize.com.tr\/ingiltere\/","name":"\u0130ngiltere Vize Ba\u015fvuru &amp; \u0130ngiltere Vizesi","description":"","potentialAction":[{"@type":"SearchAction","target":{"@type":"EntryPoint","urlTemplate":"https:\/\/www.myvize.com.tr\/ingiltere\/?s={search_term_string}"},"query-input":{"@type":"PropertyValueSpecification","valueRequired":true,"valueName":"search_term_string"}}],"inLanguage":"tr"}]}},"_links":{"self":[{"href":"https:\/\/www.myvize.com.tr\/ingiltere\/wp-json\/wp\/v2\/pages\/562","targetHints":{"allow":["GET"]}}],"collection":[{"href":"https:\/\/www.myvize.com.tr\/ingiltere\/wp-json\/wp\/v2\/pages"}],"about":[{"href":"https:\/\/www.myvize.com.tr\/ingiltere\/wp-json\/wp\/v2\/types\/page"}],"author":[{"embeddable":true,"href":"https:\/\/www.myvize.com.tr\/ingiltere\/wp-json\/wp\/v2\/users\/1"}],"replies":[{"embeddable":true,"href":"https:\/\/www.myvize.com.tr\/ingiltere\/wp-json\/wp\/v2\/comments?post=562"}],"version-history":[{"count":5,"href":"https:\/\/www.myvize.com.tr\/ingiltere\/wp-json\/wp\/v2\/pages\/562\/revisions"}],"predecessor-version":[{"id":1673,"href":"https:\/\/www.myvize.com.tr\/ingiltere\/wp-json\/wp\/v2\/pages\/562\/revisions\/1673"}],"up":[{"embeddable":true,"href":"https:\/\/www.myvize.com.tr\/ingiltere\/wp-json\/wp\/v2\/pages\/18"}],"wp:attachment":[{"href":"https:\/\/www.myvize.com.tr\/ingiltere\/wp-json\/wp\/v2\/media?parent=562"}],"curies":[{"name":"wp","href":"https:\/\/api.w.org\/{rel}","templated":true}]}}