{"id":605,"date":"2021-08-12T12:31:14","date_gmt":"2021-08-12T09:31:14","guid":{"rendered":"https:\/\/www.myvize.com.tr\/ingiltere\/?page_id=605"},"modified":"2023-02-21T12:22:08","modified_gmt":"2023-02-21T09:22:08","slug":"ingiltere-erasmus-vizesi","status":"publish","type":"page","link":"https:\/\/www.myvize.com.tr\/ingiltere\/ingiltere-erasmus-vizesi\/","title":{"rendered":"\u0130ngiltere Erasmus Vizesi"},"content":{"rendered":"<h2><span style=\"font-size: 27px; font-family: Roboto;\">\u0130ngiltere Erasmus Vize<\/span><\/h2>\n<p><span style=\"font-family: Roboto; font-size: 14px;\"><strong><span style=\"color: #2acec2;\"><a style=\"color: #2acec2;\" href=\"https:\/\/www.myvize.com.tr\/ingiltere\/\" target=\"_blank\" rel=\"noopener\">\u0130ngiltere <\/a><\/span><\/strong>\u00fclkesi vize program\u0131nda yararlanmak i\u00e7in 6 ay ve daha az s\u00fcreli ki\u015filere <strong>Erasmus vizesi<\/strong> vermektedir. Bu program\u0131 kullan\u0131p \u0130ngiltere&#8217;ye e\u011fitim ama\u00e7l\u0131 gitmek isteyen \u00f6\u011frenciler i\u00e7in \u00e7ok fazla imk\u00e2n sa\u011flar. 6 aydan daha az kalacak olan ve e\u011fitim ama\u00e7l\u0131 olan vizeler i\u00e7in <strong>\u00f6\u011frenci ziyaret Vizesi<\/strong> denmektedir.<\/span><\/p>\n<h2><span style=\"font-size: 27px; font-family: Roboto;\">\u0130ngiltere Erasmus Vizesi Nas\u0131l Al\u0131n\u0131r?<\/span><\/h2>\n<p><span style=\"font-family: Roboto; font-size: 14px;\">Gerekli belgeler konsoloslu\u011fa iletildikten sonra 15 g\u00fcn i\u00e7inde vize sonu\u00e7lar\u0131 \u00f6\u011frenciye iletilir. E\u011fer evrak eksi\u011fi olur ise ba\u015fvurunuz yetersiz evrak olarak geri \u00e7evrilir. Ba\u015fvuruyu yapan ki\u015fi belli bir miktar hizmet bedeli \u00f6demesi gerekir. Hizmet bedeli \u00f6dedikten sonra sonu\u00e7 bekleme s\u00fcreci ba\u015flar. E\u011fer <span style=\"color: #2acec2;\"><strong><a style=\"color: #2acec2;\" href=\"https:\/\/www.myvize.com.tr\/ingiltere\/subelerimiz\/istanbul\/\" target=\"_blank\" rel=\"noopener\">\u0130stanbul<\/a><\/strong><\/span> gibi b\u00fcy\u00fck \u015fehirlerde yap\u0131lan ba\u015fvurular i\u00e7in 24 saat i\u00e7inde sonucun \u00e7\u0131kt\u0131\u011f\u0131 g\u00f6r\u00fcl\u00fcr. Erasmus program\u0131ndan yarar alacak \u00f6\u011frenciler i\u00e7in gidece\u011fim \u00fclkenin \u015fartlar\u0131na g\u00f6re belge haz\u0131rlay\u0131p ba\u015fvuru yapmas\u0131 gerekir. Ba\u015fvuru yapacak ki\u015finin biyometrik olarak t\u00fcm evraklar\u0131 tamamlay\u0131p ba\u015fvuru yapmas\u0131 olduk\u00e7a \u00f6nemlidir. Baz\u0131 siteler \u00fczerinde online ba\u015fvuru ile yap\u0131lan i\u015flemlerde \u00e7ok dikkatli olunup bilgi payla\u015f\u0131m\u0131 s\u0131ras\u0131nda iyice ara\u015ft\u0131rma yap\u0131lmas\u0131 gerekir.<\/span><\/p>\n<p><img decoding=\"async\" src=\"https:\/\/www.myvize.com.tr\/ingiltere\/wp-content\/uploads\/2021\/09\/23.jpg\" \/><\/p>\n<h2><span style=\"font-size: 27px; font-family: Roboto;\">\u0130ngiltere Erasmus Vizesi \u0130\u00e7in Gerekli Evraklar<\/span><\/h2>\n<p><span style=\"font-family: Roboto; font-size: 14px;\">\u0130ngiltere belli ba\u015fl\u0131 belgeler talep ederek ki\u015fiye vize \u015fans\u0131 tan\u0131r. Bu belgeler sayesinde \u0130ngiltere erasmus vizesi alman\u0131z m\u00fcmk\u00fcn hale gelir. <strong>\u0130ngiltere Erasmus vizesi<\/strong> almak i\u00e7in gereken belgeler \u015fu \u015fekilde s\u0131ralanabilir.<\/span><\/p>\n<ul>\n<li><span style=\"font-family: Roboto; font-size: 14px;\">Ge\u00e7erli pasaport belgesi<\/span><\/li>\n<li><span style=\"font-family: Roboto; font-size: 14px;\">Var ise eski pasaportunuz<\/span><\/li>\n<li><span style=\"font-family: Roboto; font-size: 14px;\">COS belgesi<\/span><\/li>\n<li><span style=\"font-family: Roboto; font-size: 14px;\">Konaklama belgesi<\/span><\/li>\n<li><span style=\"font-family: Roboto; font-size: 14px;\">\u00d6\u011frencilik belgesi<\/span><\/li>\n<li><span style=\"font-family: Roboto; font-size: 14px;\">Son diploma<\/span><\/li>\n<li><span style=\"font-family: Roboto; font-size: 14px;\">Son 3 aya \u00f6zel maa\u015f bordrosu<\/span><\/li>\n<li><span style=\"font-family: Roboto; font-size: 14px;\">Vize \u00fccret belgesi gibi belgeler istenmektedir.<\/span><\/li>\n<\/ul>\n<p><span style=\"font-family: Roboto; font-size: 14px;\">Bu belgelerin bulunmamas\u0131 ya da eksik olmas\u0131 durumunda<strong> \u0130ngiltere Erasmus vizesi<\/strong> alman\u0131za izin verilmez. Bu nedenle <strong>\u0130ngiltere Erasmus vizesi<\/strong> almak istiyorsan\u0131z, gereken belge ve evraklar\u0131 tamamlay\u0131p haz\u0131r hale getirmelisiniz. Bu sayede \u0130ngiltere erasmus vizesi alabilirsiniz.<\/span><\/p>\n","protected":false},"excerpt":{"rendered":"<p>\u0130ngiltere Erasmus Vize \u0130ngiltere \u00fclkesi vize program\u0131nda yararlanmak i\u00e7in 6 ay ve daha az s\u00fcreli ki\u015filere Erasmus vizesi vermektedir. Bu program\u0131 kullan\u0131p \u0130ngiltere&#8217;ye e\u011fitim ama\u00e7l\u0131 gitmek isteyen \u00f6\u011frenciler i\u00e7in \u00e7ok fazla imk\u00e2n sa\u011flar. 6 aydan daha az kalacak olan ve e\u011fitim ama\u00e7l\u0131 olan vizeler i\u00e7in \u00f6\u011frenci ziyaret Vizesi denmektedir. \u0130ngiltere Erasmus Vizesi Nas\u0131l Al\u0131n\u0131r? Gerekli<\/p>\n","protected":false},"author":1,"featured_media":0,"parent":0,"menu_order":0,"comment_status":"open","ping_status":"closed","template":"","meta":{"footnotes":""},"class_list":["post-605","page","type-page","status-publish","hentry"],"yoast_head":"<!-- This site is optimized with the Yoast SEO plugin v24.0 - https:\/\/yoast.com\/wordpress\/plugins\/seo\/ -->\n<title>\u0130ngiltere Erasmus Vize \u0130\u015flemleri - MyVize<\/title>\n<meta name=\"description\" content=\"\u0130ngiltere Erasmus Vizesi Nas\u0131l Al\u0131n\u0131r? \u0130ngiltere Erasmus Vizesi Ba\u015fvurusu Nas\u0131l Yap\u0131l\u0131r? \u0130ngiltere Erasmus Vizesi Randevusu \u0130\u00e7in Hemen T\u0131kla.\" \/>\n<meta name=\"robots\" content=\"index, follow, max-snippet:-1, max-image-preview:large, max-video-preview:-1\" \/>\n<link rel=\"canonical\" href=\"https:\/\/www.myvize.com.tr\/ingiltere\/ingiltere-erasmus-vizesi\/\" \/>\n<meta property=\"og:locale\" content=\"tr_TR\" \/>\n<meta property=\"og:type\" content=\"article\" \/>\n<meta property=\"og:title\" content=\"\u0130ngiltere Erasmus Vize \u0130\u015flemleri - MyVize\" \/>\n<meta property=\"og:description\" content=\"\u0130ngiltere Erasmus Vizesi Nas\u0131l Al\u0131n\u0131r? \u0130ngiltere Erasmus Vizesi Ba\u015fvurusu Nas\u0131l Yap\u0131l\u0131r? \u0130ngiltere Erasmus Vizesi Randevusu \u0130\u00e7in Hemen T\u0131kla.\" \/>\n<meta property=\"og:url\" content=\"https:\/\/www.myvize.com.tr\/ingiltere\/ingiltere-erasmus-vizesi\/\" \/>\n<meta property=\"og:site_name\" content=\"\u0130ngiltere Vize Ba\u015fvuru &amp; \u0130ngiltere Vizesi\" \/>\n<meta property=\"article:modified_time\" content=\"2023-02-21T09:22:08+00:00\" \/>\n<meta property=\"og:image\" content=\"https:\/\/www.myvize.com.tr\/ingiltere\/wp-content\/uploads\/2021\/09\/23.jpg\" \/>\n<meta name=\"twitter:card\" content=\"summary_large_image\" \/>\n<meta name=\"twitter:label1\" content=\"Tahmini okuma s\u00fcresi\" \/>\n\t<meta name=\"twitter:data1\" content=\"2 dakika\" \/>\n<script type=\"application\/ld+json\" class=\"yoast-schema-graph\">{\"@context\":\"https:\/\/schema.org\",\"@graph\":[{\"@type\":\"WebPage\",\"@id\":\"https:\/\/www.myvize.com.tr\/ingiltere\/ingiltere-erasmus-vizesi\/\",\"url\":\"https:\/\/www.myvize.com.tr\/ingiltere\/ingiltere-erasmus-vizesi\/\",\"name\":\"\u0130ngiltere Erasmus Vize \u0130\u015flemleri - MyVize\",\"isPartOf\":{\"@id\":\"https:\/\/www.myvize.com.tr\/ingiltere\/#website\"},\"primaryImageOfPage\":{\"@id\":\"https:\/\/www.myvize.com.tr\/ingiltere\/ingiltere-erasmus-vizesi\/#primaryimage\"},\"image\":{\"@id\":\"https:\/\/www.myvize.com.tr\/ingiltere\/ingiltere-erasmus-vizesi\/#primaryimage\"},\"thumbnailUrl\":\"https:\/\/www.myvize.com.tr\/ingiltere\/wp-content\/uploads\/2021\/09\/23.jpg\",\"datePublished\":\"2021-08-12T09:31:14+00:00\",\"dateModified\":\"2023-02-21T09:22:08+00:00\",\"description\":\"\u0130ngiltere Erasmus Vizesi Nas\u0131l Al\u0131n\u0131r? \u0130ngiltere Erasmus Vizesi Ba\u015fvurusu Nas\u0131l Yap\u0131l\u0131r? \u0130ngiltere Erasmus Vizesi Randevusu \u0130\u00e7in Hemen T\u0131kla.\",\"breadcrumb\":{\"@id\":\"https:\/\/www.myvize.com.tr\/ingiltere\/ingiltere-erasmus-vizesi\/#breadcrumb\"},\"inLanguage\":\"tr\",\"potentialAction\":[{\"@type\":\"ReadAction\",\"target\":[\"https:\/\/www.myvize.com.tr\/ingiltere\/ingiltere-erasmus-vizesi\/\"]}]},{\"@type\":\"ImageObject\",\"inLanguage\":\"tr\",\"@id\":\"https:\/\/www.myvize.com.tr\/ingiltere\/ingiltere-erasmus-vizesi\/#primaryimage\",\"url\":\"https:\/\/www.myvize.com.tr\/ingiltere\/wp-content\/uploads\/2021\/09\/23.jpg\",\"contentUrl\":\"https:\/\/www.myvize.com.tr\/ingiltere\/wp-content\/uploads\/2021\/09\/23.jpg\",\"width\":800,\"height\":500,\"caption\":\"\u0130ngiltere Erasmus Vizesi\"},{\"@type\":\"BreadcrumbList\",\"@id\":\"https:\/\/www.myvize.com.tr\/ingiltere\/ingiltere-erasmus-vizesi\/#breadcrumb\",\"itemListElement\":[{\"@type\":\"ListItem\",\"position\":1,\"name\":\"Anasayfa\",\"item\":\"https:\/\/www.myvize.com.tr\/ingiltere\/\"},{\"@type\":\"ListItem\",\"position\":2,\"name\":\"\u0130ngiltere Erasmus Vizesi\"}]},{\"@type\":\"WebSite\",\"@id\":\"https:\/\/www.myvize.com.tr\/ingiltere\/#website\",\"url\":\"https:\/\/www.myvize.com.tr\/ingiltere\/\",\"name\":\"\u0130ngiltere Vize Ba\u015fvuru &amp; \u0130ngiltere Vizesi\",\"description\":\"\",\"potentialAction\":[{\"@type\":\"SearchAction\",\"target\":{\"@type\":\"EntryPoint\",\"urlTemplate\":\"https:\/\/www.myvize.com.tr\/ingiltere\/?s={search_term_string}\"},\"query-input\":{\"@type\":\"PropertyValueSpecification\",\"valueRequired\":true,\"valueName\":\"search_term_string\"}}],\"inLanguage\":\"tr\"}]}<\/script>\n<!-- \/ Yoast SEO plugin. -->","yoast_head_json":{"title":"\u0130ngiltere Erasmus Vize \u0130\u015flemleri - MyVize","description":"\u0130ngiltere Erasmus Vizesi Nas\u0131l Al\u0131n\u0131r? \u0130ngiltere Erasmus Vizesi Ba\u015fvurusu Nas\u0131l Yap\u0131l\u0131r? \u0130ngiltere Erasmus Vizesi Randevusu \u0130\u00e7in Hemen T\u0131kla.","robots":{"index":"index","follow":"follow","max-snippet":"max-snippet:-1","max-image-preview":"max-image-preview:large","max-video-preview":"max-video-preview:-1"},"canonical":"https:\/\/www.myvize.com.tr\/ingiltere\/ingiltere-erasmus-vizesi\/","og_locale":"tr_TR","og_type":"article","og_title":"\u0130ngiltere Erasmus Vize \u0130\u015flemleri - MyVize","og_description":"\u0130ngiltere Erasmus Vizesi Nas\u0131l Al\u0131n\u0131r? \u0130ngiltere Erasmus Vizesi Ba\u015fvurusu Nas\u0131l Yap\u0131l\u0131r? \u0130ngiltere Erasmus Vizesi Randevusu \u0130\u00e7in Hemen T\u0131kla.","og_url":"https:\/\/www.myvize.com.tr\/ingiltere\/ingiltere-erasmus-vizesi\/","og_site_name":"\u0130ngiltere Vize Ba\u015fvuru &amp; \u0130ngiltere Vizesi","article_modified_time":"2023-02-21T09:22:08+00:00","og_image":[{"url":"https:\/\/www.myvize.com.tr\/ingiltere\/wp-content\/uploads\/2021\/09\/23.jpg","type":"","width":"","height":""}],"twitter_card":"summary_large_image","twitter_misc":{"Tahmini okuma s\u00fcresi":"2 dakika"},"schema":{"@context":"https:\/\/schema.org","@graph":[{"@type":"WebPage","@id":"https:\/\/www.myvize.com.tr\/ingiltere\/ingiltere-erasmus-vizesi\/","url":"https:\/\/www.myvize.com.tr\/ingiltere\/ingiltere-erasmus-vizesi\/","name":"\u0130ngiltere Erasmus Vize \u0130\u015flemleri - MyVize","isPartOf":{"@id":"https:\/\/www.myvize.com.tr\/ingiltere\/#website"},"primaryImageOfPage":{"@id":"https:\/\/www.myvize.com.tr\/ingiltere\/ingiltere-erasmus-vizesi\/#primaryimage"},"image":{"@id":"https:\/\/www.myvize.com.tr\/ingiltere\/ingiltere-erasmus-vizesi\/#primaryimage"},"thumbnailUrl":"https:\/\/www.myvize.com.tr\/ingiltere\/wp-content\/uploads\/2021\/09\/23.jpg","datePublished":"2021-08-12T09:31:14+00:00","dateModified":"2023-02-21T09:22:08+00:00","description":"\u0130ngiltere Erasmus Vizesi Nas\u0131l Al\u0131n\u0131r? \u0130ngiltere Erasmus Vizesi Ba\u015fvurusu Nas\u0131l Yap\u0131l\u0131r? \u0130ngiltere Erasmus Vizesi Randevusu \u0130\u00e7in Hemen T\u0131kla.","breadcrumb":{"@id":"https:\/\/www.myvize.com.tr\/ingiltere\/ingiltere-erasmus-vizesi\/#breadcrumb"},"inLanguage":"tr","potentialAction":[{"@type":"ReadAction","target":["https:\/\/www.myvize.com.tr\/ingiltere\/ingiltere-erasmus-vizesi\/"]}]},{"@type":"ImageObject","inLanguage":"tr","@id":"https:\/\/www.myvize.com.tr\/ingiltere\/ingiltere-erasmus-vizesi\/#primaryimage","url":"https:\/\/www.myvize.com.tr\/ingiltere\/wp-content\/uploads\/2021\/09\/23.jpg","contentUrl":"https:\/\/www.myvize.com.tr\/ingiltere\/wp-content\/uploads\/2021\/09\/23.jpg","width":800,"height":500,"caption":"\u0130ngiltere Erasmus Vizesi"},{"@type":"BreadcrumbList","@id":"https:\/\/www.myvize.com.tr\/ingiltere\/ingiltere-erasmus-vizesi\/#breadcrumb","itemListElement":[{"@type":"ListItem","position":1,"name":"Anasayfa","item":"https:\/\/www.myvize.com.tr\/ingiltere\/"},{"@type":"ListItem","position":2,"name":"\u0130ngiltere Erasmus Vizesi"}]},{"@type":"WebSite","@id":"https:\/\/www.myvize.com.tr\/ingiltere\/#website","url":"https:\/\/www.myvize.com.tr\/ingiltere\/","name":"\u0130ngiltere Vize Ba\u015fvuru &amp; \u0130ngiltere Vizesi","description":"","potentialAction":[{"@type":"SearchAction","target":{"@type":"EntryPoint","urlTemplate":"https:\/\/www.myvize.com.tr\/ingiltere\/?s={search_term_string}"},"query-input":{"@type":"PropertyValueSpecification","valueRequired":true,"valueName":"search_term_string"}}],"inLanguage":"tr"}]}},"_links":{"self":[{"href":"https:\/\/www.myvize.com.tr\/ingiltere\/wp-json\/wp\/v2\/pages\/605","targetHints":{"allow":["GET"]}}],"collection":[{"href":"https:\/\/www.myvize.com.tr\/ingiltere\/wp-json\/wp\/v2\/pages"}],"about":[{"href":"https:\/\/www.myvize.com.tr\/ingiltere\/wp-json\/wp\/v2\/types\/page"}],"author":[{"embeddable":true,"href":"https:\/\/www.myvize.com.tr\/ingiltere\/wp-json\/wp\/v2\/users\/1"}],"replies":[{"embeddable":true,"href":"https:\/\/www.myvize.com.tr\/ingiltere\/wp-json\/wp\/v2\/comments?post=605"}],"version-history":[{"count":5,"href":"https:\/\/www.myvize.com.tr\/ingiltere\/wp-json\/wp\/v2\/pages\/605\/revisions"}],"predecessor-version":[{"id":1675,"href":"https:\/\/www.myvize.com.tr\/ingiltere\/wp-json\/wp\/v2\/pages\/605\/revisions\/1675"}],"wp:attachment":[{"href":"https:\/\/www.myvize.com.tr\/ingiltere\/wp-json\/wp\/v2\/media?parent=605"}],"curies":[{"name":"wp","href":"https:\/\/api.w.org\/{rel}","templated":true}]}}