{"id":69,"date":"2020-11-30T12:54:37","date_gmt":"2020-11-30T09:54:37","guid":{"rendered":"https:\/\/www.myvize.com.tr\/ingiltere\/?page_id=69"},"modified":"2022-04-11T14:37:36","modified_gmt":"2022-04-11T11:37:36","slug":"konsolosluklar","status":"publish","type":"page","link":"https:\/\/www.myvize.com.tr\/ingiltere\/konsolosluklar\/","title":{"rendered":"KONSOLOSLUKLAR"},"content":{"rendered":"","protected":false},"excerpt":{"rendered":"","protected":false},"author":1,"featured_media":0,"parent":0,"menu_order":0,"comment_status":"closed","ping_status":"closed","template":"","meta":{"footnotes":""},"class_list":["post-69","page","type-page","status-publish","hentry"],"yoast_head":"<!-- This site is optimized with the Yoast SEO plugin v24.0 - https:\/\/yoast.com\/wordpress\/plugins\/seo\/ -->\n<title>\u0130ngiltere Konsoloslu\u011fu \u0130\u015flemleri - MyVize<\/title>\n<meta name=\"description\" content=\"\u0130ngiltere Konsoloslu\u011fu Nerededir? \u0130ngiltere Konsoloslu\u011fu Vize \u0130\u015flemleri Nelerdir? Bilgi \u0130\u00e7in Vize Uzmanlar\u0131m\u0131z\u0131 Aray\u0131n: 0850 346 84 93\" \/>\n<meta name=\"robots\" content=\"index, follow, max-snippet:-1, max-image-preview:large, max-video-preview:-1\" \/>\n<link rel=\"canonical\" href=\"https:\/\/www.myvize.com.tr\/ingiltere\/konsolosluklar\/\" \/>\n<meta property=\"og:locale\" content=\"tr_TR\" \/>\n<meta property=\"og:type\" content=\"article\" \/>\n<meta property=\"og:title\" content=\"\u0130ngiltere Konsoloslu\u011fu \u0130\u015flemleri - MyVize\" \/>\n<meta property=\"og:description\" content=\"\u0130ngiltere Konsoloslu\u011fu Nerededir? \u0130ngiltere Konsoloslu\u011fu Vize \u0130\u015flemleri Nelerdir? Bilgi \u0130\u00e7in Vize Uzmanlar\u0131m\u0131z\u0131 Aray\u0131n: 0850 346 84 93\" \/>\n<meta property=\"og:url\" content=\"https:\/\/www.myvize.com.tr\/ingiltere\/konsolosluklar\/\" \/>\n<meta property=\"og:site_name\" content=\"\u0130ngiltere Vize Ba\u015fvuru &amp; \u0130ngiltere Vizesi\" \/>\n<meta property=\"article:modified_time\" content=\"2022-04-11T11:37:36+00:00\" \/>\n<meta name=\"twitter:card\" content=\"summary_large_image\" \/>\n<meta name=\"twitter:label1\" content=\"Tahmini okuma s\u00fcresi\" \/>\n\t<meta name=\"twitter:data1\" content=\"3 dakika\" \/>\n<script type=\"application\/ld+json\" class=\"yoast-schema-graph\">{\"@context\":\"https:\/\/schema.org\",\"@graph\":[{\"@type\":\"WebPage\",\"@id\":\"https:\/\/www.myvize.com.tr\/ingiltere\/konsolosluklar\/\",\"url\":\"https:\/\/www.myvize.com.tr\/ingiltere\/konsolosluklar\/\",\"name\":\"\u0130ngiltere Konsoloslu\u011fu \u0130\u015flemleri - MyVize\",\"isPartOf\":{\"@id\":\"https:\/\/www.myvize.com.tr\/ingiltere\/#website\"},\"datePublished\":\"2020-11-30T09:54:37+00:00\",\"dateModified\":\"2022-04-11T11:37:36+00:00\",\"description\":\"\u0130ngiltere Konsoloslu\u011fu Nerededir? \u0130ngiltere Konsoloslu\u011fu Vize \u0130\u015flemleri Nelerdir? Bilgi \u0130\u00e7in Vize Uzmanlar\u0131m\u0131z\u0131 Aray\u0131n: 0850 346 84 93\",\"breadcrumb\":{\"@id\":\"https:\/\/www.myvize.com.tr\/ingiltere\/konsolosluklar\/#breadcrumb\"},\"inLanguage\":\"tr\",\"potentialAction\":[{\"@type\":\"ReadAction\",\"target\":[\"https:\/\/www.myvize.com.tr\/ingiltere\/konsolosluklar\/\"]}]},{\"@type\":\"BreadcrumbList\",\"@id\":\"https:\/\/www.myvize.com.tr\/ingiltere\/konsolosluklar\/#breadcrumb\",\"itemListElement\":[{\"@type\":\"ListItem\",\"position\":1,\"name\":\"Anasayfa\",\"item\":\"https:\/\/www.myvize.com.tr\/ingiltere\/\"},{\"@type\":\"ListItem\",\"position\":2,\"name\":\"KONSOLOSLUKLAR\"}]},{\"@type\":\"WebSite\",\"@id\":\"https:\/\/www.myvize.com.tr\/ingiltere\/#website\",\"url\":\"https:\/\/www.myvize.com.tr\/ingiltere\/\",\"name\":\"\u0130ngiltere Vize Ba\u015fvuru &amp; \u0130ngiltere Vizesi\",\"description\":\"\",\"potentialAction\":[{\"@type\":\"SearchAction\",\"target\":{\"@type\":\"EntryPoint\",\"urlTemplate\":\"https:\/\/www.myvize.com.tr\/ingiltere\/?s={search_term_string}\"},\"query-input\":{\"@type\":\"PropertyValueSpecification\",\"valueRequired\":true,\"valueName\":\"search_term_string\"}}],\"inLanguage\":\"tr\"}]}<\/script>\n<!-- \/ Yoast SEO plugin. -->","yoast_head_json":{"title":"\u0130ngiltere Konsoloslu\u011fu \u0130\u015flemleri - MyVize","description":"\u0130ngiltere Konsoloslu\u011fu Nerededir? \u0130ngiltere Konsoloslu\u011fu Vize \u0130\u015flemleri Nelerdir? Bilgi \u0130\u00e7in Vize Uzmanlar\u0131m\u0131z\u0131 Aray\u0131n: 0850 346 84 93","robots":{"index":"index","follow":"follow","max-snippet":"max-snippet:-1","max-image-preview":"max-image-preview:large","max-video-preview":"max-video-preview:-1"},"canonical":"https:\/\/www.myvize.com.tr\/ingiltere\/konsolosluklar\/","og_locale":"tr_TR","og_type":"article","og_title":"\u0130ngiltere Konsoloslu\u011fu \u0130\u015flemleri - MyVize","og_description":"\u0130ngiltere Konsoloslu\u011fu Nerededir? \u0130ngiltere Konsoloslu\u011fu Vize \u0130\u015flemleri Nelerdir? Bilgi \u0130\u00e7in Vize Uzmanlar\u0131m\u0131z\u0131 Aray\u0131n: 0850 346 84 93","og_url":"https:\/\/www.myvize.com.tr\/ingiltere\/konsolosluklar\/","og_site_name":"\u0130ngiltere Vize Ba\u015fvuru &amp; \u0130ngiltere Vizesi","article_modified_time":"2022-04-11T11:37:36+00:00","twitter_card":"summary_large_image","twitter_misc":{"Tahmini okuma s\u00fcresi":"3 dakika"},"schema":{"@context":"https:\/\/schema.org","@graph":[{"@type":"WebPage","@id":"https:\/\/www.myvize.com.tr\/ingiltere\/konsolosluklar\/","url":"https:\/\/www.myvize.com.tr\/ingiltere\/konsolosluklar\/","name":"\u0130ngiltere Konsoloslu\u011fu \u0130\u015flemleri - MyVize","isPartOf":{"@id":"https:\/\/www.myvize.com.tr\/ingiltere\/#website"},"datePublished":"2020-11-30T09:54:37+00:00","dateModified":"2022-04-11T11:37:36+00:00","description":"\u0130ngiltere Konsoloslu\u011fu Nerededir? \u0130ngiltere Konsoloslu\u011fu Vize \u0130\u015flemleri Nelerdir? Bilgi \u0130\u00e7in Vize Uzmanlar\u0131m\u0131z\u0131 Aray\u0131n: 0850 346 84 93","breadcrumb":{"@id":"https:\/\/www.myvize.com.tr\/ingiltere\/konsolosluklar\/#breadcrumb"},"inLanguage":"tr","potentialAction":[{"@type":"ReadAction","target":["https:\/\/www.myvize.com.tr\/ingiltere\/konsolosluklar\/"]}]},{"@type":"BreadcrumbList","@id":"https:\/\/www.myvize.com.tr\/ingiltere\/konsolosluklar\/#breadcrumb","itemListElement":[{"@type":"ListItem","position":1,"name":"Anasayfa","item":"https:\/\/www.myvize.com.tr\/ingiltere\/"},{"@type":"ListItem","position":2,"name":"KONSOLOSLUKLAR"}]},{"@type":"WebSite","@id":"https:\/\/www.myvize.com.tr\/ingiltere\/#website","url":"https:\/\/www.myvize.com.tr\/ingiltere\/","name":"\u0130ngiltere Vize Ba\u015fvuru &amp; \u0130ngiltere Vizesi","description":"","potentialAction":[{"@type":"SearchAction","target":{"@type":"EntryPoint","urlTemplate":"https:\/\/www.myvize.com.tr\/ingiltere\/?s={search_term_string}"},"query-input":{"@type":"PropertyValueSpecification","valueRequired":true,"valueName":"search_term_string"}}],"inLanguage":"tr"}]}},"_links":{"self":[{"href":"https:\/\/www.myvize.com.tr\/ingiltere\/wp-json\/wp\/v2\/pages\/69","targetHints":{"allow":["GET"]}}],"collection":[{"href":"https:\/\/www.myvize.com.tr\/ingiltere\/wp-json\/wp\/v2\/pages"}],"about":[{"href":"https:\/\/www.myvize.com.tr\/ingiltere\/wp-json\/wp\/v2\/types\/page"}],"author":[{"embeddable":true,"href":"https:\/\/www.myvize.com.tr\/ingiltere\/wp-json\/wp\/v2\/users\/1"}],"replies":[{"embeddable":true,"href":"https:\/\/www.myvize.com.tr\/ingiltere\/wp-json\/wp\/v2\/comments?post=69"}],"version-history":[{"count":5,"href":"https:\/\/www.myvize.com.tr\/ingiltere\/wp-json\/wp\/v2\/pages\/69\/revisions"}],"predecessor-version":[{"id":1570,"href":"https:\/\/www.myvize.com.tr\/ingiltere\/wp-json\/wp\/v2\/pages\/69\/revisions\/1570"}],"wp:attachment":[{"href":"https:\/\/www.myvize.com.tr\/ingiltere\/wp-json\/wp\/v2\/media?parent=69"}],"curies":[{"name":"wp","href":"https:\/\/api.w.org\/{rel}","templated":true}]}}