{"id":80,"date":"2020-11-30T13:04:17","date_gmt":"2020-11-30T10:04:17","guid":{"rendered":"https:\/\/www.myvize.com.tr\/ingiltere\/?page_id=80"},"modified":"2022-12-28T23:57:25","modified_gmt":"2022-12-28T20:57:25","slug":"kayseri-fahri-konsoloslugu","status":"publish","type":"page","link":"https:\/\/www.myvize.com.tr\/ingiltere\/konsolosluklar\/kayseri-fahri-konsoloslugu\/","title":{"rendered":"\u0130ngiltere Kayseri Konsoloslu\u011fu"},"content":{"rendered":"<h2><span style=\"font-family: Roboto; font-size: 27px;\"><b>Kayseri \u0130ngiltere Konsoloslu\u011fu<\/b><\/span><\/h2>\n<p><span style=\"font-size: 14px; font-family: Roboto;\">\u0130ngiltere vizesi, Kayseri vize ba\u015fvuru merkezleri ile sa\u011flanabilmektedir. \u00d6ncelikle ki\u015finin ilgili \u00e7a\u011fr\u0131 merkezini arayarak randevu almas\u0131 olduk\u00e7a \u00f6nemli bir husustur. \u0130ngiltere vizesi i\u00e7in Kayseri vize merkezi hafta i\u00e7i her g\u00fcn 08:30 ile 18:00 saatleri aras\u0131nda hizmet vermektedir. Ayr\u0131ca Cumartesi g\u00fcnleri 10:00 ve 14:00 saatleri aras\u0131nda telefon veya mail yoluyla <span style=\"color: #2acec2;\"><a style=\"color: #2acec2;\" href=\"https:\/\/www.myvize.com.tr\/ingiltere\/vize-islemleri\/ingiltere-vizesi\/\" target=\"_blank\" rel=\"noopener\"><strong>\u0130ngiltere vizesi<\/strong><\/a><\/span> i\u015flemleri i\u00e7in vatanda\u015flara yard\u0131mc\u0131 olunmaktad\u0131r.<\/span><\/p>\n<p><span style=\"font-size: 14px; font-family: Roboto;\">\u00d6zellikle\u00a0<strong>Kayseri \u0130ngiltere Fahri Konsoloslu\u011fu<\/strong>\u00a0ki\u015finin dijital foto\u011fraf\u0131 ve parmak izi belgesini talep eder. Dijital foto\u011fraf\u0131 veya parmak izi yapt\u0131rmayan ki\u015filer ne yaz\u0131k ki vize i\u015flemlerini ger\u00e7ekle\u015ftiremez. Kayseri vize merkezinde resmi tatillerde veya \u00f6zel durumlarda randevularda gecikme ve y\u0131\u011f\u0131lma meydana gelebilir. B\u00f6yle durumlarda vize merkezi dan\u0131\u015fmanlar\u0131 randevu g\u00fcnlerini ileri tarihlere alabilir. Fakat genel anlamda Kayseri vize ba\u015fvuru merkezi 1 ile 7 i\u015f g\u00fcn\u00fc i\u00e7erisinde randevu vermektedir. <strong>\u0130ngiltere vizesi<\/strong> i\u015flemleri i\u00e7in ba\u015fvuru yapacak ki\u015finin kendisine en uygun saati ve tarihi se\u00e7mesi olduk\u00e7a \u00f6nemli bir durumdur.<\/span><\/p>\n<p><img decoding=\"async\" src=\"https:\/\/www.myvize.com.tr\/ingiltere\/wp-content\/uploads\/2021\/09\/67.jpg\" \/><\/p>\n<p><span style=\"font-size: 14px; font-family: Roboto;\"><strong>Kayseri \u0130ngiltere Fahri Konsoloslu\u011fu<\/strong>, vize i\u015flemleri i\u00e7in birka\u00e7 belge de istemektedir. Kayseri vize i\u015flemleri s\u0131ras\u0131nda ki\u015finin vize talep i\u00e7in dilek\u00e7esini, en az 1 adet vukuatl\u0131 n\u00fcfus kay\u0131t \u00f6rne\u011fini, rezervasyon bilgilerini, konaklama bilgilerini mutlaka eksiksiz ve do\u011fru bir \u015fekilde yan\u0131nda bulundurmak zorundad\u0131r<\/span><\/p>\n<p><span style=\"font-size: 14px; font-family: Roboto;\"><strong>\u0130ngiltere vizesi<\/strong> i\u00e7in ekstra \u00fccret \u00f6deyerek h\u0131zland\u0131rma hizmeti isteyenlerin vizeleri 1 g\u00fcn ile 5 g\u00fcn i\u00e7erisinde \u00e7\u0131kmaktad\u0131r. Fakat normal prosed\u00fcrlere g\u00f6re vize i\u015flemleri genel anlamda 3 haftada tamamlanmaktad\u0131r.<\/span><\/p>\n<h2><strong><span style=\"font-family: Roboto; font-size: 27px;\">\u0130ngiltere Kayseri Fahri Konsolosu Kimdir?<\/span><\/strong><\/h2>\n<p><span style=\"font-family: Roboto; font-size: 14px;\">\u0130ngiltere \u2019nin T\u00fcrkiye\u2019de bulunan temsilcili\u011finden birisi\u00a0 \u0130ngiltere Kayseri Fahri Konsoloslu\u011fudur. \u0130ngiltere Kayseri Fahri Konsoloslu\u011fu\u2019nun y\u00f6neticisi ise\u00a0 \u0130ngiltere Kayseri Fahri Konsoloslu\u011fu\u2019dur. Bu yaz\u0131da\u00a0 \u0130ngiltere Kayseri\u00a0 Fahri Konsoloslu\u011funun kim oldu\u011fu merak etmek isteyen ki\u015fi i\u00e7in \u201c \u0130ngiltere Kayseri Fahri Konsolosu kimdir?\u201d sorusunun cevab\u0131 verilmi\u015ftir. \u0130ngiltere Kayseri Fahri Konsoloslu\u011funun kim oldu\u011fu hakk\u0131nda bilgiler bulunmamaktad\u0131r.\u00a0 \u0130ngiltere Kayseri Fahri Konsoloslu\u011fusu,\u00a0 \u0130ngiltere\u00a0 ile T\u00fcrkiye aras\u0131nda ki ili\u015fkileri daha ileri seviye \u00e7\u0131karmay\u0131 ya da belirli bir seviye de tutmay\u0131 ama\u00e7lamakta.\u00a0 \u0130ngiltere Kayseri Fahri Konsoloslu\u011fu,\u00a0 \u0130ngiltere\u00a0 ve T\u00fcrkiye aras\u0131ndaki ticari ili\u015fkisi geli\u015ftirmeyi ama\u00e7lamaktad\u0131r.\u00a0 <strong>\u0130ngiltere Kayseri Fahri Konsoloslu\u011fu<\/strong>, T\u00fcrkiye ve\u00a0 \u0130ngiltere aras\u0131ndaki ticari ili\u015fkiyi geli\u015ftirmeyi ve yeni ticari i\u015fbirli\u011fi,\u00a0yat\u0131r\u0131m ortakl\u0131\u011f\u0131n\u0131\u00a0ortaya \u00e7\u0131kar\u0131lmas\u0131n\u0131 ama\u00e7lamakta.<strong>\u00a0 \u0130ngiltere\u2019n\u0131n Ankara B\u00fcy\u00fckel\u00e7ili\u011fine<\/strong> ba\u011fl\u0131 olarak \u00e7al\u0131\u015fmakta. Gerektikleri durumda\u00a0 \u0130ngiltere vatanda\u015flar\u0131na vatanda\u015fl\u0131k hizmetler verilmektedir.\u00a0 \u0130ngiltere vatanda\u015f\u0131na ekonomi, sosyal, e\u011fitim, sa\u011fl\u0131kl\u0131 ve hukuk alanlar\u0131nda destek vermektedir.<\/span><\/p>\n<h2><strong><span style=\"font-family: Roboto; font-size: 27px;\">\u0130ngiltere Kayseri Fahri Konsoloslu\u011fu Vize \u0130\u015flemleri<\/span><\/strong><\/h2>\n<p><span style=\"font-family: Roboto; font-size: 14px;\"><strong>T\u00fcrkiye\u2019den \u0130ngiltere\u2019ye seyahat<\/strong> edecek olan ki\u015finin \u0130ngiltere seyahat ama\u00e7\u0131na uygun vize almas\u0131 gerekmekte. \u0130ngiltere\u2019ye seyahat edecek olan ile Kayseri \u00e7evresinde ikamet eden ki\u015fi vize i\u015flemlerini \u0130ngiltere\u2019nin Kayseri Fahri Konsoloslu\u011funa yapabilir. \u0130ngiltere Kayseri Fahri Konsoloslu\u011funa vize ba\u015fvurusu yapacak olan ki\u015fi i\u015flemlerin nas\u0131l yap\u0131laca\u011f\u0131 merak etmektedir. Bu yaz\u0131 da \u0130ngiltere Kayseri Fahri Konsoloslu\u011fu vize i\u015flemi hakk\u0131nda bilgi verilmi\u015ftir. \u0130ngiltere Kayseri Fahri Konsoloslu\u011funa sadece uzun s\u00fcre yani 90 g\u00fcn\u00fc ge\u00e7en vize ba\u015fvuru yapabilirsiniz. K\u0131sa s\u00fcre vize ba\u015fvurular\u0131 ise \u0130ngiltere\u2019nin T\u00fcrkiye de yetkilendirmi\u015f oldu\u011fu vize ba\u015fvuru merkezine yap\u0131lmal\u0131d\u0131r. \u0130ngiltere Kayseri Fahri Konsoloslu\u011fu vize ba\u015fvuru i\u00e7in \u00f6ncelikle seyahat amac\u0131na uygun olan \u0130ngiltere vize t\u00fcr\u00fc belirlemelisiniz.<strong> \u0130ngiltere vize t\u00fcr\u00fc<\/strong> belirleyen ki\u015filer, \u0130ngiltere Kayseri\u00a0 Fahri Konsoloslu\u011fundan randevu almal\u0131s\u0131n\u0131z. \u0130ngiltere Kayseri Fahri Konsoloslu\u011fundan vize i\u00e7in randevu alan ki\u015fi randevu tarihine ba\u015fvuru yapaca\u011f\u0131 <strong>\u0130ngiltere vize t\u00fcr\u00fc<\/strong> uygun evraklar\u0131 haz\u0131rlamal\u0131s\u0131n\u0131z. <strong>\u0130ngiltere vizesi ba\u015fvurusu<\/strong> i\u00e7in gerekli evrak haz\u0131rland\u0131ktan sonra \u0130ngiltere Kayseri Fahri Konsoloslu\u011fu randevu tarihinde evrak yetkililere teslim edilmelidir. \u0130ngiltere Kayseri Fahri Konsolosluku vize randevusu tarihlerinde biyometrik parmak izi verisi verilmeli. \u0130ngiltere Kayseri Fahri Konsoloslu\u011funa yap\u0131lan vize ba\u015fvurular\u0131 ortalama olarak g\u00fcn i\u00e7inde sonu\u00e7lanmaktad\u0131r.<\/span><\/p>\n<h2><strong><span style=\"font-family: Roboto; font-size: 27px;\">\u0130ngiltere Kayseri Fahri Konsoloslu\u011fu Vize Ba\u015fvurusu<\/span><\/strong><\/h2>\n<p><span style=\"font-family: Roboto; font-size: 14px;\"><strong>\u0130ngiltere\u2019ye seyahat etmek<\/strong> isteyen ki\u015fi seyahatleri \u00f6ncesinde \u0130ngiltere vize almal\u0131d\u0131r. \u0130ngiltere\u2019ye k\u0131sa s\u00fcre olarak seyahat edecek olan ki\u015finin vize ba\u015fvurusunu \u0130ngiltere vize ba\u015fvuru merkezine yapmas\u0131 gerekmektedir. Uzun s\u00fcre<strong> \u0130ngiltere vize ba\u015fvurular\u0131<\/strong> ise \u0130ngiltere&#8217;nin T\u00fcrkiye\u2019de temsilcili\u011fine yapmal\u0131d\u0131r. \u0130ngiltere ulusal vize ba\u015fvuru yapacak olan ki\u015filer, \u0130ngiltere vizesi ba\u015fvurular\u0131n\u0131 \u0130ngiltere Kayseri Fahri Konsoloslu\u011funa yapabilmektedir.<\/span><\/p>\n<p><span style=\"font-family: Roboto; font-size: 14px;\">\u0130ngiltere Kayseri Fahri Konsoloslu\u011funa vize ba\u015fvurusu yapacak olan ki\u015fi vize ba\u015fvurusu i\u00e7in randevular almal\u0131d\u0131r. Randevu tarihlerine kadar \u0130ngiltere Kayseri vize ba\u015fvurusu i\u00e7in gerekli olan evrak haz\u0131rlamal\u0131 ve randevu tarihinde \u0130ngiltere Kayseri Fahri Konsoloslu\u011funa teslim ederek \u0130ngiltere Kayseri\u00a0 Fahri Konsoloslu\u011fu vize ba\u015fvurusu i\u015flemi ba\u015flat\u0131labilir. \u0130ngiltere Kayseri Fahri Konsoloslu\u011fu vize ba\u015fvurusu yapacak olan ki\u015filerin yerine getirmesi gereken baz\u0131 durumu bulunmaktad\u0131r. <strong>\u0130ngiltere Kayseri\u00a0 Fahri Konsoloslu\u011fa<\/strong> vize ba\u015fvurusu yapacak olan ki\u015fi \u0130ngiltere\u2019de ge\u00e7erli olan seyahat sa\u011fl\u0131k sigortas\u0131n\u0131 yapt\u0131rmal\u0131d\u0131r. \u0130ngiltere Kayseri Fahri Konsoloslu\u011fu vize ba\u015fvurusu yapacak olan ki\u015finin \u0130ngiltere\u2019de bulundu\u011fu s\u00fcre boyunca seyahat masraf\u0131n\u0131 ve konaklama masraflar\u0131n\u0131 kar\u015f\u0131layabilecek ekonomi durumunun olmas\u0131 gerekmektedir.<\/span><\/p>\n<h3><span style=\"font-family: Roboto; font-size: 24px;\">\u0130ngiltere Kayseri Fahri Konsoloslu\u011fu Vize Randevusu<\/span><\/h3>\n<p><span style=\"font-family: Roboto; font-size: 14px;\"><strong>\u0130ngiltere\u2019ye seyahat edecek<\/strong> olan ki\u015fi, \u0130ngiltere seyahat ama\u00e7lar\u0131na uygun vize almal\u0131. \u0130ngiltere vize ba\u015fvurusu \u0130ngiltere Kayseri Fahri Konsoloslu\u011funa yap\u0131labilir. \u0130ngiltere Kayseri Fahri Konsoloslu\u011funa vize ba\u015fvurusu yapacak \u0130ngiltere vize alacak olan ki\u015filer baz\u0131 \u015fart\u0131 yerine getirmesi gerekmektedir. Bu \u015farttan birisi de \u0130ngiltere Kayseri Fahri Konsoloslu\u011fu vize randevusu al\u0131nmas\u0131d\u0131r. \u0130ngiltere Kayseri Fahri Konsoloslu\u011funa vize ba\u015fvurusu yapacak olan ki\u015fi randevular\u0131n nas\u0131l al\u0131naca\u011f\u0131 merak etmektedir. \u0130ngiltere Kayseri Fahri Konsoloslu\u011fu vize randevusu alacak olan ki\u015fi,<strong> \u0130ngiltere vize<\/strong> randevusunu \u0130ngiltere Kayseri Fahri Konsoloslu\u011fu ile ileti\u015fimlere ge\u00e7ilerek al\u0131nabilir. Randevu tarihlerinde gerekli olan evrak yetkililere teslim edilmelidir. \u0130ngiltere Kayseri Fahri Konsoloslu\u011fu vize ba\u015fvurusu yapacak olan ki\u015filer, \u0130ngiltere Kayseri Fahri Konsoloslu\u011fu vize randevusunu ka\u00e7\u0131rmamal\u0131d\u0131r. \u0130ngiltere Kayseri Fahri Konsoloslu\u011fu vize randevusunu ka\u00e7\u0131ran ki\u015finin i\u015flemleri yap\u0131lmamaktad\u0131r. Bu neden ba\u015fvuru yapacak olan ki\u015finin vize ba\u015fvurusu i\u00e7in randevu almalar\u0131 gerekmektedir. \u0130ngiltere Kayseri Fahri Konsoloslu\u011fu vize randevu ka\u00e7\u0131ran ki\u015filer ba\u015fvuru i\u00e7in vakit kayb\u0131 ya\u015fam\u0131\u015f olur ve buna ba\u011fl\u0131 seyahat plan\u0131 aksam\u0131\u015f olur.\u00a0<\/span><\/p>\n<h3><strong><span style=\"font-family: Roboto; font-size: 24px;\">\u0130ngiltere Kayseri Konsoloslu\u011fu Adres ve \u0130leti\u015fim Bilgileri<\/span><\/strong><\/h3>\n<p><span style=\"font-family: Roboto; font-size: 14px;\">\u0130ngiltere vizesi almak isteyenler\u00a0<strong>\u0130ngiltere Kayseri Konsoloslu\u011fu adres ve ileti\u015fim bilgileri<\/strong>\u00a0hususunda bilgi almak istemekteler. Bu adres \u015fu \u015fekildedir: Ahi Evran Mahallesi, 746.\u00a0Sokak, Numara: 14, Daire: 3, Kocasinan\/KAYSER\u0130. \u0130ngiltere, okumak, \u00e7al\u0131\u015fmak veya ya\u015famak i\u00e7in her y\u0131l daha fazla insan\u0131 \u00e7eken yabanc\u0131 \u00fclkelerden biridir.\u00a0\u0130ngiltere&#8217;ye vize\u00a0ba\u015fvurusu yapmak, \u00fclkede yasal olarak ya\u015famak ve ziyaret\u00e7ilerine sundu\u011fu t\u00fcm avantajlardan yararlanmak i\u00e7in en \u00f6nemli ad\u0131mlardan biridir.\u00a0\u00a0\u0130ngiltere&#8217;de ya\u015famay\u0131, ziyaret etmeyi, \u00e7al\u0131\u015fmay\u0131 veya aileye kat\u0131lmay\u0131 d\u00fc\u015f\u00fcn\u00fcyorsan\u0131z, bu izin i\u00e7in ba\u015fvurman\u0131z gerekecektir. Son ba\u015fvuru tarihleri \u200b\u200bvize t\u00fcr\u00fcne ba\u011fl\u0131d\u0131r.\u00a0\u00d6rne\u011fin yolcular i\u00e7in, s\u00fcreci planlanan seyahat tarihinden en az \u00fc\u00e7 ay \u00f6nce ba\u015flatmak gerekir. Vize ba\u015fvurusu, \u0130ngiliz H\u00fck\u00fcmeti web sitesi\u00a0arac\u0131l\u0131\u011f\u0131yla sunulan ba\u015fvuru formunu doldurmak gerekir. \u0130ngiltere i\u00e7in farkl\u0131 vize t\u00fcrleri bulunmaktad\u0131r.\u00a0Yolcunun uyru\u011funa, \u00fclkeyi ziyaret amac\u0131na, seyahatin uzunlu\u011funa ve hatta i\u00e7inde bulundu\u011funuz \u015fartlara g\u00f6re de\u011fi\u015fir.\u00a0Bunu g\u00f6z \u00f6n\u00fcnde bulundurarak, onlar\u0131 tan\u0131yabilmeniz ve amac\u0131n\u0131z i\u00e7in hangisinin ideal oldu\u011funu \u00f6\u011frenebilmeniz i\u00e7in \u0130ngiltere i\u00e7in\u00a0vize t\u00fcrlerini bilmelisiniz.<\/span><\/p>\n<h3><strong><span style=\"font-family: Roboto; font-size: 24px;\">\u0130ngiltere Kayseri Konsoloslu\u011fu Adres<\/span><\/strong><\/h3>\n<p><span style=\"font-family: Roboto; font-size: 14px;\">\u0130ngiltere vizesi almak isteyenler \u0130ngiltere Kayseri konsoloslu\u011fu adres detaylar\u0131n\u0131 \u00f6\u011frenmek istemekteler.\u00a0<strong>\u0130ngiltere Kayseri Konsoloslu\u011fu adres<\/strong>\u00a0detaylar\u0131 \u015f\u00f6yledir: Ahi Evran Mahallesi, 746.\u00a0Sokak, Numara: 14, Daire: 3, Kocasinan\/KAYSER\u0130. Vize ba\u015fvurusu yapacaksan\u0131z, \u00e7e\u015fitli vize t\u00fcrlerini bilmelisiniz. Eski\u00a0Tier 4&#8217;\u00fcn\u00a0yerini alan\u00a0\u0130ngiltere&#8217;deki \u00f6\u011frenci vizesi,\u00a0alt\u0131 aydan uzun kurslar almay\u0131 planlayan 16 ya\u015f ve \u00fcst\u00fc ki\u015filer i\u00e7in endikedir. \u00d6\u011frenci vizesiyle, kurs s\u00fcreniz boyunca \u00fclkede yasal olarak kal\u0131rs\u0131n\u0131z.\u00a0Daha y\u00fcksek seviyeli kurslara kay\u0131tl\u0131 18 ya\u015f ve \u00fczeri \u00f6\u011frenciler normalde \u0130ngiltere&#8217;de be\u015f y\u0131la kadar kal\u0131rlar. Ancak, \u0130ngiltere&#8217;deki \u0130ngilizce kurslar\u0131 ve de\u011fi\u015fim programlar\u0131 gibi lisans seviyesinin alt\u0131nda bir kursa kay\u0131t yapt\u0131ran \u00f6\u011frenci, \u00fclkede en fazla iki y\u0131l kalabilir. \u0130ngiltere&#8217;de\u00a0ge\u00e7ici \u00e7al\u0131\u015fma vizesi, \u00fclkede belirli bir s\u00fcre \u00e7al\u0131\u015fmak isteyen yabanc\u0131lara y\u00f6neliktir.\u00a0Bu kategorideki \u00e7o\u011fu vize, \u00fclkede yakla\u015f\u0131k bir y\u0131l kalman\u0131za izin verir, bu s\u00fcre iki y\u0131l daha uzat\u0131labilir. Bu \u0130ngiltere vizesi, yabanc\u0131ya \u00fclkede belirli bir s\u00fcre yasal olarak \u00e7al\u0131\u015fmas\u0131na izin vermenin yan\u0131 s\u0131ra, i\u015f\u00e7iye e\u011fitim g\u00f6rme ve aile \u00fcyelerini alma yetkisi de vermektedir.<\/span><\/p>\n<h3><strong><span style=\"font-family: Roboto; font-size: 24px;\">\u0130ngiltere Kayseri Konsoloslu\u011fu Telefon Numaras\u0131<\/span><\/strong><\/h3>\n<p><span style=\"font-family: Roboto; font-size: 14px;\">\u0130ngiltere vizesi almak isteyenler\u00a0<strong>\u0130ngiltere Kayseri konsoloslu\u011fu telefon numaras\u0131<\/strong>\u00a0konusunda da bilgi almak istemekteler. 0850 346 84 93 numaral\u0131 hat \u00fczerinden bilgi al\u0131nabilmektedir. Vize \u00e7e\u015fitleri hakk\u0131nda bilgi sahibi olarak, do\u011fru bir vize ba\u015fvuru s\u00fcreci elde edebilirsiniz. Uzun s\u00fcreli \u00e7al\u0131\u015fma vizesi\u00a0Tier 2, yabanc\u0131n\u0131n \u00fclkede \u00fc\u00e7 ila dokuz y\u0131ll\u0131k bir s\u00fcre boyunca kalmas\u0131na izin vermektedir. Pozisyon i\u00e7in kalifiye olman\u0131n yan\u0131 s\u0131ra, yabanc\u0131 profesyonel Genel \u00c7al\u0131\u015fma Vizesi (Tier 2) almak i\u00e7in \u00e7e\u015fitli gereksinimleri kar\u015f\u0131lamal\u0131d\u0131r.\u00a0Yetki almak ve \u0130ngiltere&#8217;de \u00e7al\u0131\u015fmak i\u00e7in, \u0130\u00e7i\u015fleri Bakanl\u0131\u011f\u0131 taraf\u0131ndan onaylanm\u0131\u015f \u015firket ile ba\u011flant\u0131s\u0131n\u0131, \u0130ngilizce yeterlili\u011fini kan\u0131tlamak ve ayda en az bir asgari \u00fccret almak gerekiyor. Aile Vizesi, \u0130ngiltere&#8217;de birlikte ve kal\u0131c\u0131 olarak ya\u015famak isteyen \u0130ngiliz e\u015fleri veya partnerleri olan yabanc\u0131lar i\u00e7in tasarlanm\u0131\u015ft\u0131r.\u00a0\u0130ki y\u0131l alt\u0131 ayl\u0131k bir s\u00fcresi vard\u0131r, ancak uzat\u0131labilir. Vizenizin t\u00fcr\u00fcne g\u00f6re do\u011fru evraklar\u0131 verdi\u011finizden emin olarak s\u00fcreci ba\u015flatabilirsiniz.<\/span><\/p>\n","protected":false},"excerpt":{"rendered":"<p>Kayseri \u0130ngiltere Konsoloslu\u011fu \u0130ngiltere vizesi, Kayseri vize ba\u015fvuru merkezleri ile sa\u011flanabilmektedir. \u00d6ncelikle ki\u015finin ilgili \u00e7a\u011fr\u0131 merkezini arayarak randevu almas\u0131 olduk\u00e7a \u00f6nemli bir husustur. \u0130ngiltere vizesi i\u00e7in Kayseri vize merkezi hafta i\u00e7i her g\u00fcn 08:30 ile 18:00 saatleri aras\u0131nda hizmet vermektedir. Ayr\u0131ca Cumartesi g\u00fcnleri 10:00 ve 14:00 saatleri aras\u0131nda telefon veya mail yoluyla \u0130ngiltere vizesi i\u015flemleri<\/p>\n","protected":false},"author":1,"featured_media":0,"parent":69,"menu_order":0,"comment_status":"open","ping_status":"closed","template":"","meta":{"footnotes":""},"class_list":["post-80","page","type-page","status-publish","hentry"],"yoast_head":"<!-- This site is optimized with the Yoast SEO plugin v24.0 - https:\/\/yoast.com\/wordpress\/plugins\/seo\/ -->\n<title>\u0130ngiltere Kayseri Fahri Konsoloslu\u011fu - MyVize<\/title>\n<meta name=\"description\" content=\"\u0130ngiltere Kayseri Fahri Konsoloslu\u011fu Vize \u0130\u015flemleri Nelerdir? \u0130ngiltere Kayseri Konsoloslu\u011fu Nerededir? Bilgi \u0130\u00e7in Aray\u0131n: 0850 346 84 93\" \/>\n<meta name=\"robots\" content=\"index, follow, max-snippet:-1, max-image-preview:large, max-video-preview:-1\" \/>\n<link rel=\"canonical\" href=\"https:\/\/www.myvize.com.tr\/ingiltere\/konsolosluklar\/kayseri-fahri-konsoloslugu\/\" \/>\n<meta property=\"og:locale\" content=\"tr_TR\" \/>\n<meta property=\"og:type\" content=\"article\" \/>\n<meta property=\"og:title\" content=\"\u0130ngiltere Kayseri Fahri Konsoloslu\u011fu - MyVize\" \/>\n<meta property=\"og:description\" content=\"\u0130ngiltere Kayseri Fahri Konsoloslu\u011fu Vize \u0130\u015flemleri Nelerdir? \u0130ngiltere Kayseri Konsoloslu\u011fu Nerededir? Bilgi \u0130\u00e7in Aray\u0131n: 0850 346 84 93\" \/>\n<meta property=\"og:url\" content=\"https:\/\/www.myvize.com.tr\/ingiltere\/konsolosluklar\/kayseri-fahri-konsoloslugu\/\" \/>\n<meta property=\"og:site_name\" content=\"\u0130ngiltere Vize Ba\u015fvuru &amp; \u0130ngiltere Vizesi\" \/>\n<meta property=\"article:modified_time\" content=\"2022-12-28T20:57:25+00:00\" \/>\n<meta property=\"og:image\" content=\"https:\/\/www.myvize.com.tr\/ingiltere\/wp-content\/uploads\/2021\/09\/67.jpg\" \/>\n<meta name=\"twitter:card\" content=\"summary_large_image\" \/>\n<meta name=\"twitter:label1\" content=\"Tahmini okuma s\u00fcresi\" \/>\n\t<meta name=\"twitter:data1\" content=\"6 dakika\" \/>\n<script type=\"application\/ld+json\" class=\"yoast-schema-graph\">{\"@context\":\"https:\/\/schema.org\",\"@graph\":[{\"@type\":\"WebPage\",\"@id\":\"https:\/\/www.myvize.com.tr\/ingiltere\/konsolosluklar\/kayseri-fahri-konsoloslugu\/\",\"url\":\"https:\/\/www.myvize.com.tr\/ingiltere\/konsolosluklar\/kayseri-fahri-konsoloslugu\/\",\"name\":\"\u0130ngiltere Kayseri Fahri Konsoloslu\u011fu - MyVize\",\"isPartOf\":{\"@id\":\"https:\/\/www.myvize.com.tr\/ingiltere\/#website\"},\"primaryImageOfPage\":{\"@id\":\"https:\/\/www.myvize.com.tr\/ingiltere\/konsolosluklar\/kayseri-fahri-konsoloslugu\/#primaryimage\"},\"image\":{\"@id\":\"https:\/\/www.myvize.com.tr\/ingiltere\/konsolosluklar\/kayseri-fahri-konsoloslugu\/#primaryimage\"},\"thumbnailUrl\":\"https:\/\/www.myvize.com.tr\/ingiltere\/wp-content\/uploads\/2021\/09\/67.jpg\",\"datePublished\":\"2020-11-30T10:04:17+00:00\",\"dateModified\":\"2022-12-28T20:57:25+00:00\",\"description\":\"\u0130ngiltere Kayseri Fahri Konsoloslu\u011fu Vize \u0130\u015flemleri Nelerdir? \u0130ngiltere Kayseri Konsoloslu\u011fu Nerededir? Bilgi \u0130\u00e7in Aray\u0131n: 0850 346 84 93\",\"breadcrumb\":{\"@id\":\"https:\/\/www.myvize.com.tr\/ingiltere\/konsolosluklar\/kayseri-fahri-konsoloslugu\/#breadcrumb\"},\"inLanguage\":\"tr\",\"potentialAction\":[{\"@type\":\"ReadAction\",\"target\":[\"https:\/\/www.myvize.com.tr\/ingiltere\/konsolosluklar\/kayseri-fahri-konsoloslugu\/\"]}]},{\"@type\":\"ImageObject\",\"inLanguage\":\"tr\",\"@id\":\"https:\/\/www.myvize.com.tr\/ingiltere\/konsolosluklar\/kayseri-fahri-konsoloslugu\/#primaryimage\",\"url\":\"https:\/\/www.myvize.com.tr\/ingiltere\/wp-content\/uploads\/2021\/09\/67.jpg\",\"contentUrl\":\"https:\/\/www.myvize.com.tr\/ingiltere\/wp-content\/uploads\/2021\/09\/67.jpg\",\"width\":800,\"height\":500,\"caption\":\"\u0130ngiltere Kayseri Fahri Konsoloslu\u011fu\"},{\"@type\":\"BreadcrumbList\",\"@id\":\"https:\/\/www.myvize.com.tr\/ingiltere\/konsolosluklar\/kayseri-fahri-konsoloslugu\/#breadcrumb\",\"itemListElement\":[{\"@type\":\"ListItem\",\"position\":1,\"name\":\"Anasayfa\",\"item\":\"https:\/\/www.myvize.com.tr\/ingiltere\/\"},{\"@type\":\"ListItem\",\"position\":2,\"name\":\"KONSOLOSLUKLAR\",\"item\":\"https:\/\/www.myvize.com.tr\/ingiltere\/konsolosluklar\/\"},{\"@type\":\"ListItem\",\"position\":3,\"name\":\"\u0130ngiltere Kayseri Konsoloslu\u011fu\"}]},{\"@type\":\"WebSite\",\"@id\":\"https:\/\/www.myvize.com.tr\/ingiltere\/#website\",\"url\":\"https:\/\/www.myvize.com.tr\/ingiltere\/\",\"name\":\"\u0130ngiltere Vize Ba\u015fvuru &amp; \u0130ngiltere Vizesi\",\"description\":\"\",\"potentialAction\":[{\"@type\":\"SearchAction\",\"target\":{\"@type\":\"EntryPoint\",\"urlTemplate\":\"https:\/\/www.myvize.com.tr\/ingiltere\/?s={search_term_string}\"},\"query-input\":{\"@type\":\"PropertyValueSpecification\",\"valueRequired\":true,\"valueName\":\"search_term_string\"}}],\"inLanguage\":\"tr\"}]}<\/script>\n<!-- \/ Yoast SEO plugin. -->","yoast_head_json":{"title":"\u0130ngiltere Kayseri Fahri Konsoloslu\u011fu - MyVize","description":"\u0130ngiltere Kayseri Fahri Konsoloslu\u011fu Vize \u0130\u015flemleri Nelerdir? \u0130ngiltere Kayseri Konsoloslu\u011fu Nerededir? Bilgi \u0130\u00e7in Aray\u0131n: 0850 346 84 93","robots":{"index":"index","follow":"follow","max-snippet":"max-snippet:-1","max-image-preview":"max-image-preview:large","max-video-preview":"max-video-preview:-1"},"canonical":"https:\/\/www.myvize.com.tr\/ingiltere\/konsolosluklar\/kayseri-fahri-konsoloslugu\/","og_locale":"tr_TR","og_type":"article","og_title":"\u0130ngiltere Kayseri Fahri Konsoloslu\u011fu - MyVize","og_description":"\u0130ngiltere Kayseri Fahri Konsoloslu\u011fu Vize \u0130\u015flemleri Nelerdir? \u0130ngiltere Kayseri Konsoloslu\u011fu Nerededir? Bilgi \u0130\u00e7in Aray\u0131n: 0850 346 84 93","og_url":"https:\/\/www.myvize.com.tr\/ingiltere\/konsolosluklar\/kayseri-fahri-konsoloslugu\/","og_site_name":"\u0130ngiltere Vize Ba\u015fvuru &amp; \u0130ngiltere Vizesi","article_modified_time":"2022-12-28T20:57:25+00:00","og_image":[{"url":"https:\/\/www.myvize.com.tr\/ingiltere\/wp-content\/uploads\/2021\/09\/67.jpg","type":"","width":"","height":""}],"twitter_card":"summary_large_image","twitter_misc":{"Tahmini okuma s\u00fcresi":"6 dakika"},"schema":{"@context":"https:\/\/schema.org","@graph":[{"@type":"WebPage","@id":"https:\/\/www.myvize.com.tr\/ingiltere\/konsolosluklar\/kayseri-fahri-konsoloslugu\/","url":"https:\/\/www.myvize.com.tr\/ingiltere\/konsolosluklar\/kayseri-fahri-konsoloslugu\/","name":"\u0130ngiltere Kayseri Fahri Konsoloslu\u011fu - MyVize","isPartOf":{"@id":"https:\/\/www.myvize.com.tr\/ingiltere\/#website"},"primaryImageOfPage":{"@id":"https:\/\/www.myvize.com.tr\/ingiltere\/konsolosluklar\/kayseri-fahri-konsoloslugu\/#primaryimage"},"image":{"@id":"https:\/\/www.myvize.com.tr\/ingiltere\/konsolosluklar\/kayseri-fahri-konsoloslugu\/#primaryimage"},"thumbnailUrl":"https:\/\/www.myvize.com.tr\/ingiltere\/wp-content\/uploads\/2021\/09\/67.jpg","datePublished":"2020-11-30T10:04:17+00:00","dateModified":"2022-12-28T20:57:25+00:00","description":"\u0130ngiltere Kayseri Fahri Konsoloslu\u011fu Vize \u0130\u015flemleri Nelerdir? \u0130ngiltere Kayseri Konsoloslu\u011fu Nerededir? Bilgi \u0130\u00e7in Aray\u0131n: 0850 346 84 93","breadcrumb":{"@id":"https:\/\/www.myvize.com.tr\/ingiltere\/konsolosluklar\/kayseri-fahri-konsoloslugu\/#breadcrumb"},"inLanguage":"tr","potentialAction":[{"@type":"ReadAction","target":["https:\/\/www.myvize.com.tr\/ingiltere\/konsolosluklar\/kayseri-fahri-konsoloslugu\/"]}]},{"@type":"ImageObject","inLanguage":"tr","@id":"https:\/\/www.myvize.com.tr\/ingiltere\/konsolosluklar\/kayseri-fahri-konsoloslugu\/#primaryimage","url":"https:\/\/www.myvize.com.tr\/ingiltere\/wp-content\/uploads\/2021\/09\/67.jpg","contentUrl":"https:\/\/www.myvize.com.tr\/ingiltere\/wp-content\/uploads\/2021\/09\/67.jpg","width":800,"height":500,"caption":"\u0130ngiltere Kayseri Fahri Konsoloslu\u011fu"},{"@type":"BreadcrumbList","@id":"https:\/\/www.myvize.com.tr\/ingiltere\/konsolosluklar\/kayseri-fahri-konsoloslugu\/#breadcrumb","itemListElement":[{"@type":"ListItem","position":1,"name":"Anasayfa","item":"https:\/\/www.myvize.com.tr\/ingiltere\/"},{"@type":"ListItem","position":2,"name":"KONSOLOSLUKLAR","item":"https:\/\/www.myvize.com.tr\/ingiltere\/konsolosluklar\/"},{"@type":"ListItem","position":3,"name":"\u0130ngiltere Kayseri Konsoloslu\u011fu"}]},{"@type":"WebSite","@id":"https:\/\/www.myvize.com.tr\/ingiltere\/#website","url":"https:\/\/www.myvize.com.tr\/ingiltere\/","name":"\u0130ngiltere Vize Ba\u015fvuru &amp; \u0130ngiltere Vizesi","description":"","potentialAction":[{"@type":"SearchAction","target":{"@type":"EntryPoint","urlTemplate":"https:\/\/www.myvize.com.tr\/ingiltere\/?s={search_term_string}"},"query-input":{"@type":"PropertyValueSpecification","valueRequired":true,"valueName":"search_term_string"}}],"inLanguage":"tr"}]}},"_links":{"self":[{"href":"https:\/\/www.myvize.com.tr\/ingiltere\/wp-json\/wp\/v2\/pages\/80","targetHints":{"allow":["GET"]}}],"collection":[{"href":"https:\/\/www.myvize.com.tr\/ingiltere\/wp-json\/wp\/v2\/pages"}],"about":[{"href":"https:\/\/www.myvize.com.tr\/ingiltere\/wp-json\/wp\/v2\/types\/page"}],"author":[{"embeddable":true,"href":"https:\/\/www.myvize.com.tr\/ingiltere\/wp-json\/wp\/v2\/users\/1"}],"replies":[{"embeddable":true,"href":"https:\/\/www.myvize.com.tr\/ingiltere\/wp-json\/wp\/v2\/comments?post=80"}],"version-history":[{"count":10,"href":"https:\/\/www.myvize.com.tr\/ingiltere\/wp-json\/wp\/v2\/pages\/80\/revisions"}],"predecessor-version":[{"id":1658,"href":"https:\/\/www.myvize.com.tr\/ingiltere\/wp-json\/wp\/v2\/pages\/80\/revisions\/1658"}],"up":[{"embeddable":true,"href":"https:\/\/www.myvize.com.tr\/ingiltere\/wp-json\/wp\/v2\/pages\/69"}],"wp:attachment":[{"href":"https:\/\/www.myvize.com.tr\/ingiltere\/wp-json\/wp\/v2\/media?parent=80"}],"curies":[{"name":"wp","href":"https:\/\/api.w.org\/{rel}","templated":true}]}}