{"id":82,"date":"2020-11-30T13:04:43","date_gmt":"2020-11-30T10:04:43","guid":{"rendered":"https:\/\/www.myvize.com.tr\/ingiltere\/?page_id=82"},"modified":"2022-08-03T15:25:39","modified_gmt":"2022-08-03T12:25:39","slug":"bursa-fahri-konsoloslugu","status":"publish","type":"page","link":"https:\/\/www.myvize.com.tr\/ingiltere\/konsolosluklar\/bursa-fahri-konsoloslugu\/","title":{"rendered":"\u0130ngiltere Bursa Fahri Konsoloslu\u011fu"},"content":{"rendered":"<h2><span style=\"font-family: Roboto; font-size: 27px;\"><b>Bursa \u0130ngiltere Ba\u015fkonsoloslu\u011fu<\/b><\/span><\/h2>\n<p><span style=\"font-family: Roboto; font-size: 14px;\"><span style=\"color: #2acec2;\"><strong><a style=\"color: #2acec2;\" href=\"https:\/\/www.myvize.com.tr\/ingiltere\/vize-islemleri\/ingiltere-vizesi\/\" target=\"_blank\" rel=\"noopener\">\u0130ngiltere vizesi<\/a><\/strong><\/span>, Bursa vize i\u015flemleri merkezleri ile sa\u011flanmaktad\u0131r. \u00d6ncelikle ki\u015finin ilgili \u00e7a\u011fr\u0131 merkezini arayarak randevu almas\u0131 gerekmektedir. <strong>\u0130ngiltere vize<\/strong> i\u015flemleri Bursa vize merkezi hafta i\u00e7i her g\u00fcn 08:30 ve 18:00 saatleri aras\u0131nda hizmet vermektedir. Ayr\u0131ca Cumartesi g\u00fcnleri Bursa vize merkezi 10:00 ve 14:00 saatleri aras\u0131nda telefon veya mail yolu ile vize i\u015flemlerini ger\u00e7ekle\u015ftirmektedir. \u00a0<\/span><\/p>\n<p><span style=\"font-family: Roboto; font-size: 14px;\">\u00d6zellikle\u00a0<strong>Bursa \u0130ngiltere Fahri Ba\u015fkonsoloslu\u011fu<\/strong>\u00a0vize merkezi, ki\u015fiden dijital foto\u011fraf ve parmak izi belgesi talep etmektedir. Randevu i\u015flemleri s\u0131ras\u0131nda resmi tatillerde ya da \u00f6zel durumlarda randevu tarihlerinde gecikme ve yo\u011funla\u015fma meydana gelebilmektedir. B\u00f6yle durumlarda Bursa vize merkezi dan\u0131\u015fmanlar\u0131 sizinle ileti\u015fime ge\u00e7erek, randevu g\u00fcnlerinizi ba\u015fka tarihlere alabilmektedir. G\u00fcncel olarak belirlenen ileti\u015fim adreslerinden vize dan\u0131\u015fmanlar\u0131 uygun tarihler hakk\u0131nda bilgiler vermektedir. Vize i\u015flemlerinin hepsi bu ba\u015fkonsoloslukta yapt\u0131r\u0131labilmektedir.<\/span><\/p>\n<p><img decoding=\"async\" src=\"https:\/\/www.myvize.com.tr\/ingiltere\/wp-content\/uploads\/2021\/09\/68.jpg\" \/><\/p>\n<p><span style=\"font-family: Roboto; font-size: 14px;\">Fakat genellikle\u00a0<strong>Bursa \u0130ngiltere Fahri Ba\u015fkonsoloslu\u011fu<\/strong>\u00a0vize ba\u015fvuru merkezi, 1 ile 7 i\u015f g\u00fcn\u00fc i\u00e7erisinde randevu vermektedir.<strong> \u0130ngiltere vizesi<\/strong> i\u015flemleri yapacak ki\u015finin kendisine en uygun saati ve tarihi se\u00e7mesi olduk\u00e7a \u00f6nemli kurallardan biridir. Bursa vize i\u015flemleri esnas\u0131nda ki\u015finin, vukuatl\u0131 n\u00fcfus kay\u0131t \u00f6rne\u011fini, vize talep i\u00e7in dilek\u00e7esini, rezervasyon bilgilerini, konaklama bilgilerini mutlaka do\u011fru ve eksiksiz bir \u015fekilde yan\u0131nda bulundurmas\u0131 gerekmektedir. E\u011fer ki\u015fi ba\u015fvuru i\u015flemlerinizi h\u0131zland\u0131rmak istiyorsa bunun i\u00e7in vize ba\u015fvuru merkezlerine ekstra \u00fccretler \u00f6demeyi talep edebilmektedir. B\u00f6yle durumlarda 1 ile 5 g\u00fcn i\u00e7erisinde \u0130ngiltere vizeleri \u00e7\u0131km\u0131\u015f olacakt\u0131r.<\/span><\/p>\n","protected":false},"excerpt":{"rendered":"<p>Bursa \u0130ngiltere Ba\u015fkonsoloslu\u011fu \u0130ngiltere vizesi, Bursa vize i\u015flemleri merkezleri ile sa\u011flanmaktad\u0131r. \u00d6ncelikle ki\u015finin ilgili \u00e7a\u011fr\u0131 merkezini arayarak randevu almas\u0131 gerekmektedir. \u0130ngiltere vize i\u015flemleri Bursa vize merkezi hafta i\u00e7i her g\u00fcn 08:30 ve 18:00 saatleri aras\u0131nda hizmet vermektedir. Ayr\u0131ca Cumartesi g\u00fcnleri Bursa vize merkezi 10:00 ve 14:00 saatleri aras\u0131nda telefon veya mail yolu ile vize i\u015flemlerini<\/p>\n","protected":false},"author":1,"featured_media":0,"parent":69,"menu_order":0,"comment_status":"open","ping_status":"closed","template":"","meta":{"footnotes":""},"class_list":["post-82","page","type-page","status-publish","hentry"],"yoast_head":"<!-- This site is optimized with the Yoast SEO plugin v24.0 - https:\/\/yoast.com\/wordpress\/plugins\/seo\/ -->\n<title>\u0130ngiltere Bursa Fahri Konsoloslu\u011fu - MyVize<\/title>\n<meta name=\"description\" content=\"\u0130ngiltere Bursa Fahri Konsoloslu\u011fu Vize \u0130\u015flemleri. \u0130ngiltere Bursa Fahri Konsoloslu\u011funa Ula\u015fmak \u0130\u00e7in Buraya T\u0131klay\u0131n.\" \/>\n<meta name=\"robots\" content=\"index, follow, max-snippet:-1, max-image-preview:large, max-video-preview:-1\" \/>\n<link rel=\"canonical\" href=\"https:\/\/www.myvize.com.tr\/ingiltere\/konsolosluklar\/bursa-fahri-konsoloslugu\/\" \/>\n<meta property=\"og:locale\" content=\"tr_TR\" \/>\n<meta property=\"og:type\" content=\"article\" \/>\n<meta property=\"og:title\" content=\"\u0130ngiltere Bursa Fahri Konsoloslu\u011fu - MyVize\" \/>\n<meta property=\"og:description\" content=\"\u0130ngiltere Bursa Fahri Konsoloslu\u011fu Vize \u0130\u015flemleri. \u0130ngiltere Bursa Fahri Konsoloslu\u011funa Ula\u015fmak \u0130\u00e7in Buraya T\u0131klay\u0131n.\" \/>\n<meta property=\"og:url\" content=\"https:\/\/www.myvize.com.tr\/ingiltere\/konsolosluklar\/bursa-fahri-konsoloslugu\/\" \/>\n<meta property=\"og:site_name\" content=\"\u0130ngiltere Vize Ba\u015fvuru &amp; \u0130ngiltere Vizesi\" \/>\n<meta property=\"article:modified_time\" content=\"2022-08-03T12:25:39+00:00\" \/>\n<meta property=\"og:image\" content=\"https:\/\/www.myvize.com.tr\/ingiltere\/wp-content\/uploads\/2021\/09\/68.jpg\" \/>\n<meta name=\"twitter:card\" content=\"summary_large_image\" \/>\n<meta name=\"twitter:label1\" content=\"Tahmini okuma s\u00fcresi\" \/>\n\t<meta name=\"twitter:data1\" content=\"2 dakika\" \/>\n<script type=\"application\/ld+json\" class=\"yoast-schema-graph\">{\"@context\":\"https:\/\/schema.org\",\"@graph\":[{\"@type\":\"WebPage\",\"@id\":\"https:\/\/www.myvize.com.tr\/ingiltere\/konsolosluklar\/bursa-fahri-konsoloslugu\/\",\"url\":\"https:\/\/www.myvize.com.tr\/ingiltere\/konsolosluklar\/bursa-fahri-konsoloslugu\/\",\"name\":\"\u0130ngiltere Bursa Fahri Konsoloslu\u011fu - MyVize\",\"isPartOf\":{\"@id\":\"https:\/\/www.myvize.com.tr\/ingiltere\/#website\"},\"primaryImageOfPage\":{\"@id\":\"https:\/\/www.myvize.com.tr\/ingiltere\/konsolosluklar\/bursa-fahri-konsoloslugu\/#primaryimage\"},\"image\":{\"@id\":\"https:\/\/www.myvize.com.tr\/ingiltere\/konsolosluklar\/bursa-fahri-konsoloslugu\/#primaryimage\"},\"thumbnailUrl\":\"https:\/\/www.myvize.com.tr\/ingiltere\/wp-content\/uploads\/2021\/09\/68.jpg\",\"datePublished\":\"2020-11-30T10:04:43+00:00\",\"dateModified\":\"2022-08-03T12:25:39+00:00\",\"description\":\"\u0130ngiltere Bursa Fahri Konsoloslu\u011fu Vize \u0130\u015flemleri. \u0130ngiltere Bursa Fahri Konsoloslu\u011funa Ula\u015fmak \u0130\u00e7in Buraya T\u0131klay\u0131n.\",\"breadcrumb\":{\"@id\":\"https:\/\/www.myvize.com.tr\/ingiltere\/konsolosluklar\/bursa-fahri-konsoloslugu\/#breadcrumb\"},\"inLanguage\":\"tr\",\"potentialAction\":[{\"@type\":\"ReadAction\",\"target\":[\"https:\/\/www.myvize.com.tr\/ingiltere\/konsolosluklar\/bursa-fahri-konsoloslugu\/\"]}]},{\"@type\":\"ImageObject\",\"inLanguage\":\"tr\",\"@id\":\"https:\/\/www.myvize.com.tr\/ingiltere\/konsolosluklar\/bursa-fahri-konsoloslugu\/#primaryimage\",\"url\":\"https:\/\/www.myvize.com.tr\/ingiltere\/wp-content\/uploads\/2021\/09\/68.jpg\",\"contentUrl\":\"https:\/\/www.myvize.com.tr\/ingiltere\/wp-content\/uploads\/2021\/09\/68.jpg\",\"width\":800,\"height\":500,\"caption\":\"\u0130ngiltere Bursa Fahri Konsoloslu\u011fu\"},{\"@type\":\"BreadcrumbList\",\"@id\":\"https:\/\/www.myvize.com.tr\/ingiltere\/konsolosluklar\/bursa-fahri-konsoloslugu\/#breadcrumb\",\"itemListElement\":[{\"@type\":\"ListItem\",\"position\":1,\"name\":\"Anasayfa\",\"item\":\"https:\/\/www.myvize.com.tr\/ingiltere\/\"},{\"@type\":\"ListItem\",\"position\":2,\"name\":\"KONSOLOSLUKLAR\",\"item\":\"https:\/\/www.myvize.com.tr\/ingiltere\/konsolosluklar\/\"},{\"@type\":\"ListItem\",\"position\":3,\"name\":\"\u0130ngiltere Bursa Fahri Konsoloslu\u011fu\"}]},{\"@type\":\"WebSite\",\"@id\":\"https:\/\/www.myvize.com.tr\/ingiltere\/#website\",\"url\":\"https:\/\/www.myvize.com.tr\/ingiltere\/\",\"name\":\"\u0130ngiltere Vize Ba\u015fvuru &amp; \u0130ngiltere Vizesi\",\"description\":\"\",\"potentialAction\":[{\"@type\":\"SearchAction\",\"target\":{\"@type\":\"EntryPoint\",\"urlTemplate\":\"https:\/\/www.myvize.com.tr\/ingiltere\/?s={search_term_string}\"},\"query-input\":{\"@type\":\"PropertyValueSpecification\",\"valueRequired\":true,\"valueName\":\"search_term_string\"}}],\"inLanguage\":\"tr\"}]}<\/script>\n<!-- \/ Yoast SEO plugin. -->","yoast_head_json":{"title":"\u0130ngiltere Bursa Fahri Konsoloslu\u011fu - MyVize","description":"\u0130ngiltere Bursa Fahri Konsoloslu\u011fu Vize \u0130\u015flemleri. \u0130ngiltere Bursa Fahri Konsoloslu\u011funa Ula\u015fmak \u0130\u00e7in Buraya T\u0131klay\u0131n.","robots":{"index":"index","follow":"follow","max-snippet":"max-snippet:-1","max-image-preview":"max-image-preview:large","max-video-preview":"max-video-preview:-1"},"canonical":"https:\/\/www.myvize.com.tr\/ingiltere\/konsolosluklar\/bursa-fahri-konsoloslugu\/","og_locale":"tr_TR","og_type":"article","og_title":"\u0130ngiltere Bursa Fahri Konsoloslu\u011fu - MyVize","og_description":"\u0130ngiltere Bursa Fahri Konsoloslu\u011fu Vize \u0130\u015flemleri. \u0130ngiltere Bursa Fahri Konsoloslu\u011funa Ula\u015fmak \u0130\u00e7in Buraya T\u0131klay\u0131n.","og_url":"https:\/\/www.myvize.com.tr\/ingiltere\/konsolosluklar\/bursa-fahri-konsoloslugu\/","og_site_name":"\u0130ngiltere Vize Ba\u015fvuru &amp; \u0130ngiltere Vizesi","article_modified_time":"2022-08-03T12:25:39+00:00","og_image":[{"url":"https:\/\/www.myvize.com.tr\/ingiltere\/wp-content\/uploads\/2021\/09\/68.jpg","type":"","width":"","height":""}],"twitter_card":"summary_large_image","twitter_misc":{"Tahmini okuma s\u00fcresi":"2 dakika"},"schema":{"@context":"https:\/\/schema.org","@graph":[{"@type":"WebPage","@id":"https:\/\/www.myvize.com.tr\/ingiltere\/konsolosluklar\/bursa-fahri-konsoloslugu\/","url":"https:\/\/www.myvize.com.tr\/ingiltere\/konsolosluklar\/bursa-fahri-konsoloslugu\/","name":"\u0130ngiltere Bursa Fahri Konsoloslu\u011fu - MyVize","isPartOf":{"@id":"https:\/\/www.myvize.com.tr\/ingiltere\/#website"},"primaryImageOfPage":{"@id":"https:\/\/www.myvize.com.tr\/ingiltere\/konsolosluklar\/bursa-fahri-konsoloslugu\/#primaryimage"},"image":{"@id":"https:\/\/www.myvize.com.tr\/ingiltere\/konsolosluklar\/bursa-fahri-konsoloslugu\/#primaryimage"},"thumbnailUrl":"https:\/\/www.myvize.com.tr\/ingiltere\/wp-content\/uploads\/2021\/09\/68.jpg","datePublished":"2020-11-30T10:04:43+00:00","dateModified":"2022-08-03T12:25:39+00:00","description":"\u0130ngiltere Bursa Fahri Konsoloslu\u011fu Vize \u0130\u015flemleri. \u0130ngiltere Bursa Fahri Konsoloslu\u011funa Ula\u015fmak \u0130\u00e7in Buraya T\u0131klay\u0131n.","breadcrumb":{"@id":"https:\/\/www.myvize.com.tr\/ingiltere\/konsolosluklar\/bursa-fahri-konsoloslugu\/#breadcrumb"},"inLanguage":"tr","potentialAction":[{"@type":"ReadAction","target":["https:\/\/www.myvize.com.tr\/ingiltere\/konsolosluklar\/bursa-fahri-konsoloslugu\/"]}]},{"@type":"ImageObject","inLanguage":"tr","@id":"https:\/\/www.myvize.com.tr\/ingiltere\/konsolosluklar\/bursa-fahri-konsoloslugu\/#primaryimage","url":"https:\/\/www.myvize.com.tr\/ingiltere\/wp-content\/uploads\/2021\/09\/68.jpg","contentUrl":"https:\/\/www.myvize.com.tr\/ingiltere\/wp-content\/uploads\/2021\/09\/68.jpg","width":800,"height":500,"caption":"\u0130ngiltere Bursa Fahri Konsoloslu\u011fu"},{"@type":"BreadcrumbList","@id":"https:\/\/www.myvize.com.tr\/ingiltere\/konsolosluklar\/bursa-fahri-konsoloslugu\/#breadcrumb","itemListElement":[{"@type":"ListItem","position":1,"name":"Anasayfa","item":"https:\/\/www.myvize.com.tr\/ingiltere\/"},{"@type":"ListItem","position":2,"name":"KONSOLOSLUKLAR","item":"https:\/\/www.myvize.com.tr\/ingiltere\/konsolosluklar\/"},{"@type":"ListItem","position":3,"name":"\u0130ngiltere Bursa Fahri Konsoloslu\u011fu"}]},{"@type":"WebSite","@id":"https:\/\/www.myvize.com.tr\/ingiltere\/#website","url":"https:\/\/www.myvize.com.tr\/ingiltere\/","name":"\u0130ngiltere Vize Ba\u015fvuru &amp; \u0130ngiltere Vizesi","description":"","potentialAction":[{"@type":"SearchAction","target":{"@type":"EntryPoint","urlTemplate":"https:\/\/www.myvize.com.tr\/ingiltere\/?s={search_term_string}"},"query-input":{"@type":"PropertyValueSpecification","valueRequired":true,"valueName":"search_term_string"}}],"inLanguage":"tr"}]}},"_links":{"self":[{"href":"https:\/\/www.myvize.com.tr\/ingiltere\/wp-json\/wp\/v2\/pages\/82","targetHints":{"allow":["GET"]}}],"collection":[{"href":"https:\/\/www.myvize.com.tr\/ingiltere\/wp-json\/wp\/v2\/pages"}],"about":[{"href":"https:\/\/www.myvize.com.tr\/ingiltere\/wp-json\/wp\/v2\/types\/page"}],"author":[{"embeddable":true,"href":"https:\/\/www.myvize.com.tr\/ingiltere\/wp-json\/wp\/v2\/users\/1"}],"replies":[{"embeddable":true,"href":"https:\/\/www.myvize.com.tr\/ingiltere\/wp-json\/wp\/v2\/comments?post=82"}],"version-history":[{"count":6,"href":"https:\/\/www.myvize.com.tr\/ingiltere\/wp-json\/wp\/v2\/pages\/82\/revisions"}],"predecessor-version":[{"id":1635,"href":"https:\/\/www.myvize.com.tr\/ingiltere\/wp-json\/wp\/v2\/pages\/82\/revisions\/1635"}],"up":[{"embeddable":true,"href":"https:\/\/www.myvize.com.tr\/ingiltere\/wp-json\/wp\/v2\/pages\/69"}],"wp:attachment":[{"href":"https:\/\/www.myvize.com.tr\/ingiltere\/wp-json\/wp\/v2\/media?parent=82"}],"curies":[{"name":"wp","href":"https:\/\/api.w.org\/{rel}","templated":true}]}}