{"id":84,"date":"2020-11-30T13:05:08","date_gmt":"2020-11-30T10:05:08","guid":{"rendered":"https:\/\/www.myvize.com.tr\/ingiltere\/?page_id=84"},"modified":"2022-06-04T13:18:56","modified_gmt":"2022-06-04T10:18:56","slug":"trabzon-fahri-konsoloslugu","status":"publish","type":"page","link":"https:\/\/www.myvize.com.tr\/ingiltere\/konsolosluklar\/trabzon-fahri-konsoloslugu\/","title":{"rendered":"\u0130ngiltere Trabzon Konsoloslu\u011fu"},"content":{"rendered":"<h2><span style=\"font-family: Roboto; font-size: 27px;\"><b>Trabzon \u0130ngiltere Konsoloslu\u011fu<\/b><\/span><\/h2>\n<p><span style=\"font-family: Roboto; font-size: 14px;\"><span style=\"color: #2acec2;\"><strong><a style=\"color: #2acec2;\" href=\"https:\/\/www.myvize.com.tr\/ingiltere\/vize-islemleri\/ingiltere-vizesi\/\" target=\"_blank\" rel=\"noopener\">\u0130ngiltere vizesi <\/a><\/strong><\/span>i\u015flemleri i\u00e7in <strong>Trabzon vize<\/strong> merkezlerinden randevu al\u0131nmas\u0131 zorunluluk gerektirmektedir. Neredeyse pek \u00e7ok \u00fclkede oldu\u011fu gibi \u00fclkemizde de vize ba\u015fvurusu esnas\u0131nda biyometrik veriler ve parmak izleri al\u0131nmaktad\u0131r. Vize i\u015flemleri esnas\u0131nda evraklar\u0131n tam olup olmad\u0131\u011f\u0131\u00a0<strong>Trabzon \u0130ngiltere Fahri Konsoloslu\u011fu<\/strong>\u00a0vize merkezi dan\u0131\u015fmanlar\u0131 taraf\u0131ndan titizlikle kontrol edilir.<\/span><\/p>\n<p><span style=\"font-family: Roboto; font-size: 14px;\"><strong>\u0130ngiltere vize<\/strong> <strong>i\u015flemleri,<\/strong> vize evraklar\u0131, vize t\u00fcrlerine g\u00f6re farkl\u0131l\u0131k g\u00f6stermektedir. Trabzon vize merkezine ba\u015fvuracak her ki\u015fi, mutlaka Trabzon vize merkezine gelmeden \u00f6nce;<\/span><\/p>\n<ul>\n<li><span style=\"font-family: Roboto; font-size: 14px;\">N\u00fcfus c\u00fczdan\u0131 fotokopisini<\/span><\/li>\n<li><span style=\"font-family: Roboto; font-size: 14px;\">En az 6 ay ge\u00e7erlilik g\u00f6sterecek olan pasaportunu<\/span><\/li>\n<li><span style=\"font-family: Roboto; font-size: 14px;\">Vize talep i\u00e7in dilek\u00e7esini<\/span><\/li>\n<li><span style=\"font-family: Roboto; font-size: 14px;\">Konaklama ve otel rezervasyon bilgilerini yan\u0131nda bulundurmak zorundad\u0131r.<\/span><\/li>\n<\/ul>\n<p><img decoding=\"async\" src=\"https:\/\/www.myvize.com.tr\/ingiltere\/wp-content\/uploads\/2021\/09\/69.jpg\" \/><\/p>\n<p><span style=\"font-family: Roboto; font-size: 14px;\">Ki\u015fi \u00e7al\u0131\u015fan ise i\u015fe giri\u015f belgesini, son 3 ay\u0131n banka hesap dok\u00fcmanlar\u0131n\u0131, maa\u015f bordrosunu, \u015firket evraklar\u0131n\u0131 eksiksiz bir \u015fekilde vize merkezine teslim etmelidir.<strong> \u0130ngiltere Trabzon vize<\/strong> ba\u015fvurusunda ki\u015fi ev han\u0131m\u0131 ise masraflar\u0131 kar\u015f\u0131lanacak olan ki\u015fiye ait finansal ve mesleki i\u00e7erikli belgelerinin yan\u0131nda olmas\u0131 gerekir.<\/span><\/p>\n<p><span style=\"font-family: Roboto; font-size: 14px;\"><span style=\"color: #2acec2;\"><strong><a style=\"color: #2acec2;\" href=\"https:\/\/www.myvize.com.tr\/ingiltere\/vize-islemleri\/ingiltere-vize-basvuru-formu\/\" target=\"_blank\" rel=\"noopener\">\u0130ngiltere vize ba\u015fvuru formu<\/a><\/strong><\/span>, T\u00fcrk\u00e7e olarak doldurulmamal\u0131d\u0131r. Formun \u0130ngilizce olarak doldurulmas\u0131 gerekir. Randevu i\u015flemlerinde resmi web sitesinden online i\u015flemler yap\u0131lmaktad\u0131r. <strong>Vize i\u015flemleri<\/strong> s\u0131ras\u0131nda mutlaka ki\u015finin pasaportunu <strong>Trabzon vize<\/strong> merkezine teslim etmesi gerekmektedir. Vizeden \u00e7\u0131kacak olan her sonu\u00e7 pasaporta i\u015flenir. Bundan sonraki a\u015famada ki\u015fi, pasaportunu kargo ya da kurye yoluyla rahatl\u0131kla teslim alabilmektedir. Randevu i\u015flemlerinde ileti\u015fimde sorun ya\u015famamak i\u00e7in g\u00fcncel adres ve telefon numaralar\u0131n\u0131n verilmesi olduk\u00e7a \u00f6nemli kurallardan biridir.<\/span><\/p>\n<h2><strong><span style=\"font-family: Roboto; font-size: 27px;\">\u0130ngiltere Trabzon Fahri Konsolosu Kimdir?<\/span><\/strong><\/h2>\n<p><span style=\"font-family: Roboto; font-size: 14px;\">\u0130ngiltere \u2019nin T\u00fcrkiye\u2019de bulunan temsilcili\u011finden birisi\u00a0 \u0130ngiltere Trabzon Fahri Konsoloslu\u011fudur. \u0130ngiltere Trabzon Fahri Konsoloslu\u011fu\u2019nun y\u00f6neticisi ise kim oldu\u011fu hakk\u0131nda bilgiler bulunmamaktad\u0131r. \u0130ngiltere Trabzon Fahri Konsoloslu\u011fu\u2019dur. Bu yaz\u0131da\u00a0 \u0130ngiltere Trabzon Fahri Konsoloslu\u011funun kim oldu\u011fu merak etmek isteyen ki\u015fi i\u00e7in \u201c \u0130ngiltere Trabzon Fahri Konsolosu kimdir?\u201d sorusunun cevab\u0131 verilmi\u015ftir. \u0130ngiltere Trabzon Fahri Konsoloslu\u011funun kim oldu\u011fu hakk\u0131nda bilgiler bulunmamaktad\u0131r.\u00a0 \u0130ngiltere Trabzon Fahri Konsoloslu\u011fusu,\u00a0 \u0130ngiltere\u00a0 ile T\u00fcrkiye aras\u0131nda ki ili\u015fkileri daha ileri seviye \u00e7\u0131karmay\u0131 ya da belirli bir seviye de tutmay\u0131 ama\u00e7lamakta.\u00a0 <strong>\u0130ngiltere Trabzon Fahri Konsoloslu\u011fu<\/strong>,\u00a0 \u0130ngiltere\u00a0 ve T\u00fcrkiye aras\u0131ndaki ticari ili\u015fkisi geli\u015ftirmeyi ama\u00e7lamaktad\u0131r.\u00a0 \u0130ngiltere Trabzon Fahri Konsoloslu\u011fu, T\u00fcrkiye ve\u00a0 \u0130ngiltere aras\u0131ndaki ticari ili\u015fkiyi geli\u015ftirmeyi ve yeni ticari i\u015fbirli\u011fi ile yat\u0131r\u0131m ortakl\u0131\u011f\u0131n\u0131n ortaya \u00e7\u0131kar\u0131lmas\u0131n\u0131 ama\u00e7lamakta.\u00a0 \u0130ngiltere\u2019n\u0131n Ankara B\u00fcy\u00fckel\u00e7ili\u011fine ba\u011fl\u0131 olarak \u00e7al\u0131\u015fmakta. Gerektikleri durumda\u00a0 \u0130ngiltere vatanda\u015flar\u0131na vatanda\u015fl\u0131k hizmetler verilmektedir.\u00a0 \u0130ngiltere vatanda\u015f\u0131na ekonomi, sosyal, e\u011fitim, sa\u011fl\u0131kl\u0131 ve hukuk alanlar\u0131nda destek vermektedir.<\/span><\/p>\n<h2><strong><span style=\"font-family: Roboto; font-size: 27px;\">\u0130ngiltere Trabzon Fahri Konsoloslu\u011fu Vize \u0130\u015flemleri<\/span><\/strong><\/h2>\n<p><span style=\"font-family: Roboto; font-size: 14px;\"><strong>Trabzon \u0130ngiltere Konsoloslu\u011fu<\/strong> direkt olarak <strong>\u0130ngiltere vizesi ba\u015fvuru i\u015flemi<\/strong> hususunda hizmet vermektedir. Konsolosluk ile el\u00e7ilik taraf\u0131ndan yetkilendirilmi\u015fdr. Trabzon vize merkezinin \u00e7al\u0131\u015fma saatleri Pazartesi g\u00fcn\u00fc 09:30-12:30 ve 14:00-15:30 saati, \u00c7ar\u015famba g\u00fcn\u00fc 09:30-12:30, Cuma g\u00fcn\u00fc 09:30-12:30 saatleri aras\u0131nda belirlenmi\u015fdir. Trabzon \u0130ngiltere Trabzon Konsoloslu\u011fu Sal\u0131 ile Per\u015fembe g\u00fcn\u00fc hizmet vermemekte. Vize ba\u015fvurusunun da bulunmak isteyen vatanda\u015flar\u0131n, konsolosluk ve el\u00e7ilik taraf\u0131nda belirlenmi\u015f web sitesi \u00fczerinden, dijital ortamlarda vize ba\u015fvuru formu doldurulmalar\u0131 gerekmektedir. Yine ayn\u0131 platform \u00fczerine har\u00e7 bedeli \u00f6deyerek, randevu i\u015flerini tamamlam\u0131\u015f olmas\u0131 olduk\u00e7a \u00f6nemli bir hususdr. \u0130ngiltere vizesini almak isteyen ki\u015filer, \u0130ngiltere\u00a0 Trabzon Konsoloslu\u011funda mutlaka randevu saat ile g\u00fcn\u00fc talep etmelidir. Ki\u015finin ilgili g\u00fcn ve saatte ba\u015fvuru ofisine bizzat bulunmas\u0131 gerekli olmakta. \u0130ngiltere Trabzon\u00a0 Fahri Konsolosluku vize randevu ka\u00e7\u0131ran ki\u015filer ba\u015fvuru i\u00e7in vakit kayb\u0131 ya\u015fam\u0131\u015f olur ve buna ba\u011fl\u0131 seyahat plan\u0131 aksam\u0131\u015f olur.\u00a0\u00a0<\/span><\/p>\n<h2><strong><span style=\"font-family: Roboto; font-size: 27px;\">\u0130ngiltere Trabzon Fahri Konsoloslu\u011fu Vize Ba\u015fvurusu<\/span><\/strong><\/h2>\n<p><span style=\"font-family: Roboto; font-size: 14px;\">\u0130ngiltere Trabzon \u00e7evresi ikamet eden ve \u0130ngiltere Konsoloslu\u011funda i\u015flem yapacak olan ki\u015fi, i\u015flemini \u0130ngiltere Trabzon Fahri Konsoloslu\u011fu yapabilmektedir. \u0130ngiltere Trabzon Fahri Konsoloslu\u011fu i\u015flem yapacak olan ki\u015filer i\u015fleminin nas\u0131l yap\u0131laca\u011f\u0131 merak etmekte. Bu yaz\u0131 da \u0130ngiltere Trabzon Fahri Konsoloslu\u011fu ba\u015fvuru i\u015flemi hakk\u0131nda bilgi verilmi\u015fdir. \u0130ngiltere Trabzon Fahri Konsoloslu\u011funa <strong>\u0130ngiltere vatanda\u015f\u0131<\/strong>, T\u00fcrkiye Cumhuriyeti vatanda\u015flar\u0131 ve T\u00fcrkiye\u2019de ikamet eden di\u011fer \u00fclke vatanda\u015flar\u0131 i\u015flemlerini yapabilmektedir. \u0130ngiltere Trabzon Fahri Konsoloslu\u011fu ba\u015fvuru i\u015flemi a\u015fa\u011f\u0131daki \u015fekilde yap\u0131labilmektedir. \u0130ngiltere Trabzon Fahri Konsoloslu\u011funa i\u015flem yapacak olan ki\u015filer i\u015flemleri i\u00e7in gerekli olan evraklar\u0131 haz\u0131rlayarak \u0130ngiltere temsilcili\u011finde randevu almal\u0131. Randevu tarihlerinde bu evrak \u0130ngiltere Trabzon Konsoloslu\u011funa teslim edilmelidir. \u0130ngiltere Trabzon Fahri Konsoloslu\u011funda i\u015flem yapacak olan \u0130ngiltere vatanda\u015flar\u0131 konsolosluk, vatanda\u015fl\u0131k, n\u00fcfus, noter, evrak yenilemek, vergi i\u015flemleri gibi i\u015flemi yerine getirebilmekte. \u0130ngiltere Trabzon Fahri Konsoloslu\u011funa i\u015flem yapacak olan ki\u015filer ba\u015fvuru i\u00e7in randevu almal\u0131.<\/span><\/p>\n<h3><strong><span style=\"font-family: Roboto; font-size: 24px;\">\u0130ngiltere Trabzon Fahri Konsoloslu\u011fu Vize Randevusu<\/span><\/strong><\/h3>\n<p><span style=\"font-family: Roboto; font-size: 14px;\"><strong>\u0130ngiltere\u2019ye seyahat etmeyi<\/strong> isteyen ki\u015filer, i\u015flemi i\u00e7in \u0130ngiltere Trabzon Fahri Konsoloslu\u011fa i\u015flem yapabilmektedir. \u0130ngiltere Trabzon Fahri Konsoloslu\u011funa vize ba\u015fvurusu yapacak olan ki\u015filer \u0130ngiltere Trabzon Fahri Konsoloslu\u011fu vize randevu almal\u0131d\u0131r. \u0130ngiltere Trabzon Fahri Konsoloslu\u011fu vizesi randevu alacak olan ki\u015fikleri i\u015flemin nas\u0131l yap\u0131laca\u011f\u0131 merak etmektedir. Bu yaz\u0131larda \u0130ngiltere Trabzon Fahri Konsolosluku vizesi randevu hakk\u0131nda bilgiler verilmi\u015ftir. \u0130ngiltere Trabzon Fahri Konsoloslu\u011funu, vize randevu yapacak olan ki\u015finin ba\u015fvuru randevusuz olarak kabul edilmemektedir. Randevuyu alan ki\u015filer randevu tarihlerinde gerekli olan vize evraklar\u0131 ile ba\u015fvuru i\u015flemlerini ba\u015flatmal\u0131d\u0131r. Ancak randevu tarihini ka\u00e7\u0131ran ki\u015fiye bak\u0131lmamakta. Bu sebeple ba\u015fvuru yapacak olan ki\u015filer i\u015flemini yerine getirebilmek i\u00e7in yeniden randevu alma zorunda olacakd\u0131r.\u00a0<\/span><\/p>\n","protected":false},"excerpt":{"rendered":"<p>Trabzon \u0130ngiltere Konsoloslu\u011fu \u0130ngiltere vizesi i\u015flemleri i\u00e7in Trabzon vize merkezlerinden randevu al\u0131nmas\u0131 zorunluluk gerektirmektedir. Neredeyse pek \u00e7ok \u00fclkede oldu\u011fu gibi \u00fclkemizde de vize ba\u015fvurusu esnas\u0131nda biyometrik veriler ve parmak izleri al\u0131nmaktad\u0131r. Vize i\u015flemleri esnas\u0131nda evraklar\u0131n tam olup olmad\u0131\u011f\u0131\u00a0Trabzon \u0130ngiltere Fahri Konsoloslu\u011fu\u00a0vize merkezi dan\u0131\u015fmanlar\u0131 taraf\u0131ndan titizlikle kontrol edilir. \u0130ngiltere vize i\u015flemleri, vize evraklar\u0131, vize t\u00fcrlerine g\u00f6re<\/p>\n","protected":false},"author":1,"featured_media":0,"parent":69,"menu_order":0,"comment_status":"open","ping_status":"closed","template":"","meta":{"footnotes":""},"class_list":["post-84","page","type-page","status-publish","hentry"],"yoast_head":"<!-- This site is optimized with the Yoast SEO plugin v24.0 - https:\/\/yoast.com\/wordpress\/plugins\/seo\/ -->\n<title>\u0130ngiltere Trabzon Fahri Konsoloslu\u011fu - MyVize<\/title>\n<meta name=\"description\" content=\"\u0130ngiltere Trabzon Konsoloslu\u011fu Vize \u0130\u015flemleri. \u0130ngiltere Trabzon Fahri Konsoloslu\u011fu Nerededir? Bilgi \u0130\u00e7in Hemen Bizi Aray\u0131n: 0850 346 84 93\" \/>\n<meta name=\"robots\" content=\"index, follow, max-snippet:-1, max-image-preview:large, max-video-preview:-1\" \/>\n<link rel=\"canonical\" href=\"https:\/\/www.myvize.com.tr\/ingiltere\/konsolosluklar\/trabzon-fahri-konsoloslugu\/\" \/>\n<meta property=\"og:locale\" content=\"tr_TR\" \/>\n<meta property=\"og:type\" content=\"article\" \/>\n<meta property=\"og:title\" content=\"\u0130ngiltere Trabzon Fahri Konsoloslu\u011fu - MyVize\" \/>\n<meta property=\"og:description\" content=\"\u0130ngiltere Trabzon Konsoloslu\u011fu Vize \u0130\u015flemleri. \u0130ngiltere Trabzon Fahri Konsoloslu\u011fu Nerededir? Bilgi \u0130\u00e7in Hemen Bizi Aray\u0131n: 0850 346 84 93\" \/>\n<meta property=\"og:url\" content=\"https:\/\/www.myvize.com.tr\/ingiltere\/konsolosluklar\/trabzon-fahri-konsoloslugu\/\" \/>\n<meta property=\"og:site_name\" content=\"\u0130ngiltere Vize Ba\u015fvuru &amp; \u0130ngiltere Vizesi\" \/>\n<meta property=\"article:modified_time\" content=\"2022-06-04T10:18:56+00:00\" \/>\n<meta property=\"og:image\" content=\"https:\/\/www.myvize.com.tr\/ingiltere\/wp-content\/uploads\/2021\/09\/69.jpg\" \/>\n<meta name=\"twitter:card\" content=\"summary_large_image\" \/>\n<meta name=\"twitter:label1\" content=\"Tahmini okuma s\u00fcresi\" \/>\n\t<meta name=\"twitter:data1\" content=\"4 dakika\" \/>\n<script type=\"application\/ld+json\" class=\"yoast-schema-graph\">{\"@context\":\"https:\/\/schema.org\",\"@graph\":[{\"@type\":\"WebPage\",\"@id\":\"https:\/\/www.myvize.com.tr\/ingiltere\/konsolosluklar\/trabzon-fahri-konsoloslugu\/\",\"url\":\"https:\/\/www.myvize.com.tr\/ingiltere\/konsolosluklar\/trabzon-fahri-konsoloslugu\/\",\"name\":\"\u0130ngiltere Trabzon Fahri Konsoloslu\u011fu - MyVize\",\"isPartOf\":{\"@id\":\"https:\/\/www.myvize.com.tr\/ingiltere\/#website\"},\"primaryImageOfPage\":{\"@id\":\"https:\/\/www.myvize.com.tr\/ingiltere\/konsolosluklar\/trabzon-fahri-konsoloslugu\/#primaryimage\"},\"image\":{\"@id\":\"https:\/\/www.myvize.com.tr\/ingiltere\/konsolosluklar\/trabzon-fahri-konsoloslugu\/#primaryimage\"},\"thumbnailUrl\":\"https:\/\/www.myvize.com.tr\/ingiltere\/wp-content\/uploads\/2021\/09\/69.jpg\",\"datePublished\":\"2020-11-30T10:05:08+00:00\",\"dateModified\":\"2022-06-04T10:18:56+00:00\",\"description\":\"\u0130ngiltere Trabzon Konsoloslu\u011fu Vize \u0130\u015flemleri. \u0130ngiltere Trabzon Fahri Konsoloslu\u011fu Nerededir? Bilgi \u0130\u00e7in Hemen Bizi Aray\u0131n: 0850 346 84 93\",\"breadcrumb\":{\"@id\":\"https:\/\/www.myvize.com.tr\/ingiltere\/konsolosluklar\/trabzon-fahri-konsoloslugu\/#breadcrumb\"},\"inLanguage\":\"tr\",\"potentialAction\":[{\"@type\":\"ReadAction\",\"target\":[\"https:\/\/www.myvize.com.tr\/ingiltere\/konsolosluklar\/trabzon-fahri-konsoloslugu\/\"]}]},{\"@type\":\"ImageObject\",\"inLanguage\":\"tr\",\"@id\":\"https:\/\/www.myvize.com.tr\/ingiltere\/konsolosluklar\/trabzon-fahri-konsoloslugu\/#primaryimage\",\"url\":\"https:\/\/www.myvize.com.tr\/ingiltere\/wp-content\/uploads\/2021\/09\/69.jpg\",\"contentUrl\":\"https:\/\/www.myvize.com.tr\/ingiltere\/wp-content\/uploads\/2021\/09\/69.jpg\",\"width\":800,\"height\":500,\"caption\":\"\u0130ngiltere Trabzon Fahri Konsoloslu\u011fu\"},{\"@type\":\"BreadcrumbList\",\"@id\":\"https:\/\/www.myvize.com.tr\/ingiltere\/konsolosluklar\/trabzon-fahri-konsoloslugu\/#breadcrumb\",\"itemListElement\":[{\"@type\":\"ListItem\",\"position\":1,\"name\":\"Anasayfa\",\"item\":\"https:\/\/www.myvize.com.tr\/ingiltere\/\"},{\"@type\":\"ListItem\",\"position\":2,\"name\":\"KONSOLOSLUKLAR\",\"item\":\"https:\/\/www.myvize.com.tr\/ingiltere\/konsolosluklar\/\"},{\"@type\":\"ListItem\",\"position\":3,\"name\":\"\u0130ngiltere Trabzon Konsoloslu\u011fu\"}]},{\"@type\":\"WebSite\",\"@id\":\"https:\/\/www.myvize.com.tr\/ingiltere\/#website\",\"url\":\"https:\/\/www.myvize.com.tr\/ingiltere\/\",\"name\":\"\u0130ngiltere Vize Ba\u015fvuru &amp; \u0130ngiltere Vizesi\",\"description\":\"\",\"potentialAction\":[{\"@type\":\"SearchAction\",\"target\":{\"@type\":\"EntryPoint\",\"urlTemplate\":\"https:\/\/www.myvize.com.tr\/ingiltere\/?s={search_term_string}\"},\"query-input\":{\"@type\":\"PropertyValueSpecification\",\"valueRequired\":true,\"valueName\":\"search_term_string\"}}],\"inLanguage\":\"tr\"}]}<\/script>\n<!-- \/ Yoast SEO plugin. -->","yoast_head_json":{"title":"\u0130ngiltere Trabzon Fahri Konsoloslu\u011fu - MyVize","description":"\u0130ngiltere Trabzon Konsoloslu\u011fu Vize \u0130\u015flemleri. \u0130ngiltere Trabzon Fahri Konsoloslu\u011fu Nerededir? Bilgi \u0130\u00e7in Hemen Bizi Aray\u0131n: 0850 346 84 93","robots":{"index":"index","follow":"follow","max-snippet":"max-snippet:-1","max-image-preview":"max-image-preview:large","max-video-preview":"max-video-preview:-1"},"canonical":"https:\/\/www.myvize.com.tr\/ingiltere\/konsolosluklar\/trabzon-fahri-konsoloslugu\/","og_locale":"tr_TR","og_type":"article","og_title":"\u0130ngiltere Trabzon Fahri Konsoloslu\u011fu - MyVize","og_description":"\u0130ngiltere Trabzon Konsoloslu\u011fu Vize \u0130\u015flemleri. \u0130ngiltere Trabzon Fahri Konsoloslu\u011fu Nerededir? Bilgi \u0130\u00e7in Hemen Bizi Aray\u0131n: 0850 346 84 93","og_url":"https:\/\/www.myvize.com.tr\/ingiltere\/konsolosluklar\/trabzon-fahri-konsoloslugu\/","og_site_name":"\u0130ngiltere Vize Ba\u015fvuru &amp; \u0130ngiltere Vizesi","article_modified_time":"2022-06-04T10:18:56+00:00","og_image":[{"url":"https:\/\/www.myvize.com.tr\/ingiltere\/wp-content\/uploads\/2021\/09\/69.jpg","type":"","width":"","height":""}],"twitter_card":"summary_large_image","twitter_misc":{"Tahmini okuma s\u00fcresi":"4 dakika"},"schema":{"@context":"https:\/\/schema.org","@graph":[{"@type":"WebPage","@id":"https:\/\/www.myvize.com.tr\/ingiltere\/konsolosluklar\/trabzon-fahri-konsoloslugu\/","url":"https:\/\/www.myvize.com.tr\/ingiltere\/konsolosluklar\/trabzon-fahri-konsoloslugu\/","name":"\u0130ngiltere Trabzon Fahri Konsoloslu\u011fu - MyVize","isPartOf":{"@id":"https:\/\/www.myvize.com.tr\/ingiltere\/#website"},"primaryImageOfPage":{"@id":"https:\/\/www.myvize.com.tr\/ingiltere\/konsolosluklar\/trabzon-fahri-konsoloslugu\/#primaryimage"},"image":{"@id":"https:\/\/www.myvize.com.tr\/ingiltere\/konsolosluklar\/trabzon-fahri-konsoloslugu\/#primaryimage"},"thumbnailUrl":"https:\/\/www.myvize.com.tr\/ingiltere\/wp-content\/uploads\/2021\/09\/69.jpg","datePublished":"2020-11-30T10:05:08+00:00","dateModified":"2022-06-04T10:18:56+00:00","description":"\u0130ngiltere Trabzon Konsoloslu\u011fu Vize \u0130\u015flemleri. \u0130ngiltere Trabzon Fahri Konsoloslu\u011fu Nerededir? Bilgi \u0130\u00e7in Hemen Bizi Aray\u0131n: 0850 346 84 93","breadcrumb":{"@id":"https:\/\/www.myvize.com.tr\/ingiltere\/konsolosluklar\/trabzon-fahri-konsoloslugu\/#breadcrumb"},"inLanguage":"tr","potentialAction":[{"@type":"ReadAction","target":["https:\/\/www.myvize.com.tr\/ingiltere\/konsolosluklar\/trabzon-fahri-konsoloslugu\/"]}]},{"@type":"ImageObject","inLanguage":"tr","@id":"https:\/\/www.myvize.com.tr\/ingiltere\/konsolosluklar\/trabzon-fahri-konsoloslugu\/#primaryimage","url":"https:\/\/www.myvize.com.tr\/ingiltere\/wp-content\/uploads\/2021\/09\/69.jpg","contentUrl":"https:\/\/www.myvize.com.tr\/ingiltere\/wp-content\/uploads\/2021\/09\/69.jpg","width":800,"height":500,"caption":"\u0130ngiltere Trabzon Fahri Konsoloslu\u011fu"},{"@type":"BreadcrumbList","@id":"https:\/\/www.myvize.com.tr\/ingiltere\/konsolosluklar\/trabzon-fahri-konsoloslugu\/#breadcrumb","itemListElement":[{"@type":"ListItem","position":1,"name":"Anasayfa","item":"https:\/\/www.myvize.com.tr\/ingiltere\/"},{"@type":"ListItem","position":2,"name":"KONSOLOSLUKLAR","item":"https:\/\/www.myvize.com.tr\/ingiltere\/konsolosluklar\/"},{"@type":"ListItem","position":3,"name":"\u0130ngiltere Trabzon Konsoloslu\u011fu"}]},{"@type":"WebSite","@id":"https:\/\/www.myvize.com.tr\/ingiltere\/#website","url":"https:\/\/www.myvize.com.tr\/ingiltere\/","name":"\u0130ngiltere Vize Ba\u015fvuru &amp; \u0130ngiltere Vizesi","description":"","potentialAction":[{"@type":"SearchAction","target":{"@type":"EntryPoint","urlTemplate":"https:\/\/www.myvize.com.tr\/ingiltere\/?s={search_term_string}"},"query-input":{"@type":"PropertyValueSpecification","valueRequired":true,"valueName":"search_term_string"}}],"inLanguage":"tr"}]}},"_links":{"self":[{"href":"https:\/\/www.myvize.com.tr\/ingiltere\/wp-json\/wp\/v2\/pages\/84","targetHints":{"allow":["GET"]}}],"collection":[{"href":"https:\/\/www.myvize.com.tr\/ingiltere\/wp-json\/wp\/v2\/pages"}],"about":[{"href":"https:\/\/www.myvize.com.tr\/ingiltere\/wp-json\/wp\/v2\/types\/page"}],"author":[{"embeddable":true,"href":"https:\/\/www.myvize.com.tr\/ingiltere\/wp-json\/wp\/v2\/users\/1"}],"replies":[{"embeddable":true,"href":"https:\/\/www.myvize.com.tr\/ingiltere\/wp-json\/wp\/v2\/comments?post=84"}],"version-history":[{"count":9,"href":"https:\/\/www.myvize.com.tr\/ingiltere\/wp-json\/wp\/v2\/pages\/84\/revisions"}],"predecessor-version":[{"id":1614,"href":"https:\/\/www.myvize.com.tr\/ingiltere\/wp-json\/wp\/v2\/pages\/84\/revisions\/1614"}],"up":[{"embeddable":true,"href":"https:\/\/www.myvize.com.tr\/ingiltere\/wp-json\/wp\/v2\/pages\/69"}],"wp:attachment":[{"href":"https:\/\/www.myvize.com.tr\/ingiltere\/wp-json\/wp\/v2\/media?parent=84"}],"curies":[{"name":"wp","href":"https:\/\/api.w.org\/{rel}","templated":true}]}}