{"id":88,"date":"2020-11-30T13:05:51","date_gmt":"2020-11-30T10:05:51","guid":{"rendered":"https:\/\/www.myvize.com.tr\/ingiltere\/?page_id=88"},"modified":"2022-06-04T13:24:53","modified_gmt":"2022-06-04T10:24:53","slug":"bodrum-fahri-konsoloslugu","status":"publish","type":"page","link":"https:\/\/www.myvize.com.tr\/ingiltere\/konsolosluklar\/bodrum-fahri-konsoloslugu\/","title":{"rendered":"\u0130ngiltere Bodrum Fahri Konsoloslu\u011fu"},"content":{"rendered":"<p><span style=\"font-family: Roboto; font-size: 14px;\">Vatanda\u015flar\u0131n vize i\u015flemlerini yapabilmesi i\u00e7in\u00a0<strong>Bodrum Fahri Konsoloslu\u011fu<\/strong> vize randevusu ba\u015fvurusunda bulunmalar\u0131 gerekmektedir.<strong> Bodrum Fahri Konsoloslu\u011fu<\/strong> biyometrik veri uygulamas\u0131 ve<strong> parmak izi<\/strong> taramas\u0131 yapmaktad\u0131r. Bu nedenle parmak izi ve foto\u011fraf \u00e7ekimi yap\u0131laca\u011f\u0131 i\u00e7in vize ba\u015fvurusu yapan ki\u015finin kuruma bizzat gelmesi zorunluluk bildirmektedir. \u0130ngiltere vizesi i\u00e7in Bodrum Fahri Konsoloslu\u011fu\u2019nda ba\u015fvuru tamamlad\u0131ktan hemen sonra 21 i\u015f g\u00fcn\u00fc i\u00e7inde ba\u015fvurunuz sonu\u00e7 a\u015famas\u0131na al\u0131nmaktad\u0131r. Burada Bodrum Fahri Konsoloslu\u011funun olumlu veya olumsuz karar\u0131 posta, kargo veya mail yoluyla taraf\u0131n\u0131za bildirilmektedir. Bu a\u015famada vatanda\u015flar\u0131n dikkat etmeleri gereken en \u00f6nemli kural, ki\u015fi vize ba\u015fvuru i\u015flemleri i\u00e7in \u00f6nceden Bodrum Fahri Konsoloslu\u011fu\u2019nu arayarak \u00f6zel randevu talebinde bulunmalar\u0131 olmaktad\u0131r. Belirlenen g\u00fcn ve saatte <span style=\"color: #2acec2;\"><strong><a style=\"color: #2acec2;\" href=\"https:\/\/www.myvize.com.tr\/ingiltere\/vize-islemleri\/ingiltere-vize-randevusu\/\" target=\"_blank\" rel=\"noopener\">\u0130ngiltere vize randevusu<\/a><\/strong><\/span> i\u00e7in konsoloslukta olmak olduk\u00e7a \u00f6nemli \u015fartlardan biridir. Ayr\u0131ca ki\u015finin vize ba\u015fvuru i\u015flemlerinde evraklar\u0131n\u0131 tam ve do\u011fru bir \u015fekilde haz\u0131rlamas\u0131 gerekmektedir.<\/span><\/p>\n<p><span style=\"font-family: Roboto; font-size: 14px;\">Pasaportunu kaybeden, pasaportunun s\u00fcresi dolan veya \u00e7al\u0131nan \u0130ngiliz vatanda\u015flar\u0131 acil durum seyahat belgesine\u00a0<strong>Bodrum Fahri Konsoloslu\u011fu<\/strong>\u00a0arac\u0131l\u0131\u011f\u0131yla ba\u015fvuruda bulunabilmektedir. Ancak <strong>\u0130ngiltere Bodrum Fahri Konsoloslu\u011fu<\/strong> acil durum seyahat belgeleri hususunda ayn\u0131 g\u00fcn hizmet vermemektedir. <strong>Bodrum Fahri Konsoloslu\u011funda<\/strong> acil durum seyahat belgesi \u00e7\u0131kartmak istiyorsan\u0131z bu i\u015flem en az 4 g\u00fcn s\u00fcrmektedir. Seyahat belgesine acil ihtiyac\u0131 olan \u0130ngiliz vatanda\u015flar\u0131, Marmaris Fahri Konsoloslu\u011fu veya \u0130zmir Konsoloslu\u011funa m\u00fcracaatta bulunma hakk\u0131na sahiptir. Herhangi olumsuz bir durumda konsoloslu\u011fun sizinle ileti\u015fime ge\u00e7mesi i\u00e7in m\u00fcmk\u00fcnse telefon numaran\u0131z\u0131 do\u011fru ve eksiksiz yaz\u0131n\u0131z.<\/span><\/p>\n<p><img decoding=\"async\" src=\"https:\/\/www.myvize.com.tr\/ingiltere\/wp-content\/uploads\/2021\/09\/71.jpg\" \/><\/p>\n","protected":false},"excerpt":{"rendered":"<p>Vatanda\u015flar\u0131n vize i\u015flemlerini yapabilmesi i\u00e7in\u00a0Bodrum Fahri Konsoloslu\u011fu vize randevusu ba\u015fvurusunda bulunmalar\u0131 gerekmektedir. Bodrum Fahri Konsoloslu\u011fu biyometrik veri uygulamas\u0131 ve parmak izi taramas\u0131 yapmaktad\u0131r. Bu nedenle parmak izi ve foto\u011fraf \u00e7ekimi yap\u0131laca\u011f\u0131 i\u00e7in vize ba\u015fvurusu yapan ki\u015finin kuruma bizzat gelmesi zorunluluk bildirmektedir. \u0130ngiltere vizesi i\u00e7in Bodrum Fahri Konsoloslu\u011fu\u2019nda ba\u015fvuru tamamlad\u0131ktan hemen sonra 21 i\u015f g\u00fcn\u00fc i\u00e7inde<\/p>\n","protected":false},"author":1,"featured_media":0,"parent":69,"menu_order":0,"comment_status":"open","ping_status":"closed","template":"","meta":{"footnotes":""},"class_list":["post-88","page","type-page","status-publish","hentry"],"yoast_head":"<!-- This site is optimized with the Yoast SEO plugin v24.0 - https:\/\/yoast.com\/wordpress\/plugins\/seo\/ -->\n<title>\u0130ngiltere Bodrum Fahri Konsoloslu\u011fu - MyVize<\/title>\n<meta name=\"description\" content=\"\u0130ngiltere Bodrum Fahri Konsoloslu\u011fu Vize \u0130\u015flemleri. \u0130ngiltere Bodrum Fahri Konsoloslu\u011fu Nerededir? Bilgi \u0130\u00e7in Bizi Aray\u0131n: 0850 346 84 93\" \/>\n<meta name=\"robots\" content=\"index, follow, max-snippet:-1, max-image-preview:large, max-video-preview:-1\" \/>\n<link rel=\"canonical\" href=\"https:\/\/www.myvize.com.tr\/ingiltere\/konsolosluklar\/bodrum-fahri-konsoloslugu\/\" \/>\n<meta property=\"og:locale\" content=\"tr_TR\" \/>\n<meta property=\"og:type\" content=\"article\" \/>\n<meta property=\"og:title\" content=\"\u0130ngiltere Bodrum Fahri Konsoloslu\u011fu - MyVize\" \/>\n<meta property=\"og:description\" content=\"\u0130ngiltere Bodrum Fahri Konsoloslu\u011fu Vize \u0130\u015flemleri. \u0130ngiltere Bodrum Fahri Konsoloslu\u011fu Nerededir? Bilgi \u0130\u00e7in Bizi Aray\u0131n: 0850 346 84 93\" \/>\n<meta property=\"og:url\" content=\"https:\/\/www.myvize.com.tr\/ingiltere\/konsolosluklar\/bodrum-fahri-konsoloslugu\/\" \/>\n<meta property=\"og:site_name\" content=\"\u0130ngiltere Vize Ba\u015fvuru &amp; \u0130ngiltere Vizesi\" \/>\n<meta property=\"article:modified_time\" content=\"2022-06-04T10:24:53+00:00\" \/>\n<meta property=\"og:image\" content=\"https:\/\/www.myvize.com.tr\/ingiltere\/wp-content\/uploads\/2021\/09\/71.jpg\" \/>\n<meta name=\"twitter:card\" content=\"summary_large_image\" \/>\n<meta name=\"twitter:label1\" content=\"Tahmini okuma s\u00fcresi\" \/>\n\t<meta name=\"twitter:data1\" content=\"1 dakika\" \/>\n<script type=\"application\/ld+json\" class=\"yoast-schema-graph\">{\"@context\":\"https:\/\/schema.org\",\"@graph\":[{\"@type\":\"WebPage\",\"@id\":\"https:\/\/www.myvize.com.tr\/ingiltere\/konsolosluklar\/bodrum-fahri-konsoloslugu\/\",\"url\":\"https:\/\/www.myvize.com.tr\/ingiltere\/konsolosluklar\/bodrum-fahri-konsoloslugu\/\",\"name\":\"\u0130ngiltere Bodrum Fahri Konsoloslu\u011fu - MyVize\",\"isPartOf\":{\"@id\":\"https:\/\/www.myvize.com.tr\/ingiltere\/#website\"},\"primaryImageOfPage\":{\"@id\":\"https:\/\/www.myvize.com.tr\/ingiltere\/konsolosluklar\/bodrum-fahri-konsoloslugu\/#primaryimage\"},\"image\":{\"@id\":\"https:\/\/www.myvize.com.tr\/ingiltere\/konsolosluklar\/bodrum-fahri-konsoloslugu\/#primaryimage\"},\"thumbnailUrl\":\"https:\/\/www.myvize.com.tr\/ingiltere\/wp-content\/uploads\/2021\/09\/71.jpg\",\"datePublished\":\"2020-11-30T10:05:51+00:00\",\"dateModified\":\"2022-06-04T10:24:53+00:00\",\"description\":\"\u0130ngiltere Bodrum Fahri Konsoloslu\u011fu Vize \u0130\u015flemleri. \u0130ngiltere Bodrum Fahri Konsoloslu\u011fu Nerededir? Bilgi \u0130\u00e7in Bizi Aray\u0131n: 0850 346 84 93\",\"breadcrumb\":{\"@id\":\"https:\/\/www.myvize.com.tr\/ingiltere\/konsolosluklar\/bodrum-fahri-konsoloslugu\/#breadcrumb\"},\"inLanguage\":\"tr\",\"potentialAction\":[{\"@type\":\"ReadAction\",\"target\":[\"https:\/\/www.myvize.com.tr\/ingiltere\/konsolosluklar\/bodrum-fahri-konsoloslugu\/\"]}]},{\"@type\":\"ImageObject\",\"inLanguage\":\"tr\",\"@id\":\"https:\/\/www.myvize.com.tr\/ingiltere\/konsolosluklar\/bodrum-fahri-konsoloslugu\/#primaryimage\",\"url\":\"https:\/\/www.myvize.com.tr\/ingiltere\/wp-content\/uploads\/2021\/09\/71.jpg\",\"contentUrl\":\"https:\/\/www.myvize.com.tr\/ingiltere\/wp-content\/uploads\/2021\/09\/71.jpg\",\"width\":800,\"height\":500,\"caption\":\"\u0130ngiltere Bodrum Fahri Konsoloslu\u011fu\"},{\"@type\":\"BreadcrumbList\",\"@id\":\"https:\/\/www.myvize.com.tr\/ingiltere\/konsolosluklar\/bodrum-fahri-konsoloslugu\/#breadcrumb\",\"itemListElement\":[{\"@type\":\"ListItem\",\"position\":1,\"name\":\"Anasayfa\",\"item\":\"https:\/\/www.myvize.com.tr\/ingiltere\/\"},{\"@type\":\"ListItem\",\"position\":2,\"name\":\"KONSOLOSLUKLAR\",\"item\":\"https:\/\/www.myvize.com.tr\/ingiltere\/konsolosluklar\/\"},{\"@type\":\"ListItem\",\"position\":3,\"name\":\"\u0130ngiltere Bodrum Fahri Konsoloslu\u011fu\"}]},{\"@type\":\"WebSite\",\"@id\":\"https:\/\/www.myvize.com.tr\/ingiltere\/#website\",\"url\":\"https:\/\/www.myvize.com.tr\/ingiltere\/\",\"name\":\"\u0130ngiltere Vize Ba\u015fvuru &amp; \u0130ngiltere Vizesi\",\"description\":\"\",\"potentialAction\":[{\"@type\":\"SearchAction\",\"target\":{\"@type\":\"EntryPoint\",\"urlTemplate\":\"https:\/\/www.myvize.com.tr\/ingiltere\/?s={search_term_string}\"},\"query-input\":{\"@type\":\"PropertyValueSpecification\",\"valueRequired\":true,\"valueName\":\"search_term_string\"}}],\"inLanguage\":\"tr\"}]}<\/script>\n<!-- \/ Yoast SEO plugin. -->","yoast_head_json":{"title":"\u0130ngiltere Bodrum Fahri Konsoloslu\u011fu - MyVize","description":"\u0130ngiltere Bodrum Fahri Konsoloslu\u011fu Vize \u0130\u015flemleri. \u0130ngiltere Bodrum Fahri Konsoloslu\u011fu Nerededir? Bilgi \u0130\u00e7in Bizi Aray\u0131n: 0850 346 84 93","robots":{"index":"index","follow":"follow","max-snippet":"max-snippet:-1","max-image-preview":"max-image-preview:large","max-video-preview":"max-video-preview:-1"},"canonical":"https:\/\/www.myvize.com.tr\/ingiltere\/konsolosluklar\/bodrum-fahri-konsoloslugu\/","og_locale":"tr_TR","og_type":"article","og_title":"\u0130ngiltere Bodrum Fahri Konsoloslu\u011fu - MyVize","og_description":"\u0130ngiltere Bodrum Fahri Konsoloslu\u011fu Vize \u0130\u015flemleri. \u0130ngiltere Bodrum Fahri Konsoloslu\u011fu Nerededir? Bilgi \u0130\u00e7in Bizi Aray\u0131n: 0850 346 84 93","og_url":"https:\/\/www.myvize.com.tr\/ingiltere\/konsolosluklar\/bodrum-fahri-konsoloslugu\/","og_site_name":"\u0130ngiltere Vize Ba\u015fvuru &amp; \u0130ngiltere Vizesi","article_modified_time":"2022-06-04T10:24:53+00:00","og_image":[{"url":"https:\/\/www.myvize.com.tr\/ingiltere\/wp-content\/uploads\/2021\/09\/71.jpg","type":"","width":"","height":""}],"twitter_card":"summary_large_image","twitter_misc":{"Tahmini okuma s\u00fcresi":"1 dakika"},"schema":{"@context":"https:\/\/schema.org","@graph":[{"@type":"WebPage","@id":"https:\/\/www.myvize.com.tr\/ingiltere\/konsolosluklar\/bodrum-fahri-konsoloslugu\/","url":"https:\/\/www.myvize.com.tr\/ingiltere\/konsolosluklar\/bodrum-fahri-konsoloslugu\/","name":"\u0130ngiltere Bodrum Fahri Konsoloslu\u011fu - MyVize","isPartOf":{"@id":"https:\/\/www.myvize.com.tr\/ingiltere\/#website"},"primaryImageOfPage":{"@id":"https:\/\/www.myvize.com.tr\/ingiltere\/konsolosluklar\/bodrum-fahri-konsoloslugu\/#primaryimage"},"image":{"@id":"https:\/\/www.myvize.com.tr\/ingiltere\/konsolosluklar\/bodrum-fahri-konsoloslugu\/#primaryimage"},"thumbnailUrl":"https:\/\/www.myvize.com.tr\/ingiltere\/wp-content\/uploads\/2021\/09\/71.jpg","datePublished":"2020-11-30T10:05:51+00:00","dateModified":"2022-06-04T10:24:53+00:00","description":"\u0130ngiltere Bodrum Fahri Konsoloslu\u011fu Vize \u0130\u015flemleri. \u0130ngiltere Bodrum Fahri Konsoloslu\u011fu Nerededir? Bilgi \u0130\u00e7in Bizi Aray\u0131n: 0850 346 84 93","breadcrumb":{"@id":"https:\/\/www.myvize.com.tr\/ingiltere\/konsolosluklar\/bodrum-fahri-konsoloslugu\/#breadcrumb"},"inLanguage":"tr","potentialAction":[{"@type":"ReadAction","target":["https:\/\/www.myvize.com.tr\/ingiltere\/konsolosluklar\/bodrum-fahri-konsoloslugu\/"]}]},{"@type":"ImageObject","inLanguage":"tr","@id":"https:\/\/www.myvize.com.tr\/ingiltere\/konsolosluklar\/bodrum-fahri-konsoloslugu\/#primaryimage","url":"https:\/\/www.myvize.com.tr\/ingiltere\/wp-content\/uploads\/2021\/09\/71.jpg","contentUrl":"https:\/\/www.myvize.com.tr\/ingiltere\/wp-content\/uploads\/2021\/09\/71.jpg","width":800,"height":500,"caption":"\u0130ngiltere Bodrum Fahri Konsoloslu\u011fu"},{"@type":"BreadcrumbList","@id":"https:\/\/www.myvize.com.tr\/ingiltere\/konsolosluklar\/bodrum-fahri-konsoloslugu\/#breadcrumb","itemListElement":[{"@type":"ListItem","position":1,"name":"Anasayfa","item":"https:\/\/www.myvize.com.tr\/ingiltere\/"},{"@type":"ListItem","position":2,"name":"KONSOLOSLUKLAR","item":"https:\/\/www.myvize.com.tr\/ingiltere\/konsolosluklar\/"},{"@type":"ListItem","position":3,"name":"\u0130ngiltere Bodrum Fahri Konsoloslu\u011fu"}]},{"@type":"WebSite","@id":"https:\/\/www.myvize.com.tr\/ingiltere\/#website","url":"https:\/\/www.myvize.com.tr\/ingiltere\/","name":"\u0130ngiltere Vize Ba\u015fvuru &amp; \u0130ngiltere Vizesi","description":"","potentialAction":[{"@type":"SearchAction","target":{"@type":"EntryPoint","urlTemplate":"https:\/\/www.myvize.com.tr\/ingiltere\/?s={search_term_string}"},"query-input":{"@type":"PropertyValueSpecification","valueRequired":true,"valueName":"search_term_string"}}],"inLanguage":"tr"}]}},"_links":{"self":[{"href":"https:\/\/www.myvize.com.tr\/ingiltere\/wp-json\/wp\/v2\/pages\/88","targetHints":{"allow":["GET"]}}],"collection":[{"href":"https:\/\/www.myvize.com.tr\/ingiltere\/wp-json\/wp\/v2\/pages"}],"about":[{"href":"https:\/\/www.myvize.com.tr\/ingiltere\/wp-json\/wp\/v2\/types\/page"}],"author":[{"embeddable":true,"href":"https:\/\/www.myvize.com.tr\/ingiltere\/wp-json\/wp\/v2\/users\/1"}],"replies":[{"embeddable":true,"href":"https:\/\/www.myvize.com.tr\/ingiltere\/wp-json\/wp\/v2\/comments?post=88"}],"version-history":[{"count":5,"href":"https:\/\/www.myvize.com.tr\/ingiltere\/wp-json\/wp\/v2\/pages\/88\/revisions"}],"predecessor-version":[{"id":1615,"href":"https:\/\/www.myvize.com.tr\/ingiltere\/wp-json\/wp\/v2\/pages\/88\/revisions\/1615"}],"up":[{"embeddable":true,"href":"https:\/\/www.myvize.com.tr\/ingiltere\/wp-json\/wp\/v2\/pages\/69"}],"wp:attachment":[{"href":"https:\/\/www.myvize.com.tr\/ingiltere\/wp-json\/wp\/v2\/media?parent=88"}],"curies":[{"name":"wp","href":"https:\/\/api.w.org\/{rel}","templated":true}]}}