{"id":90,"date":"2020-11-30T13:06:29","date_gmt":"2020-11-30T10:06:29","guid":{"rendered":"https:\/\/www.myvize.com.tr\/ingiltere\/?page_id=90"},"modified":"2022-06-03T14:00:30","modified_gmt":"2022-06-03T11:00:30","slug":"gaziantep-fahri-konsoloslugu","status":"publish","type":"page","link":"https:\/\/www.myvize.com.tr\/ingiltere\/konsolosluklar\/gaziantep-fahri-konsoloslugu\/","title":{"rendered":"\u0130ngiltere Gaziantep Konsoloslu\u011fu"},"content":{"rendered":"<h2><span style=\"font-family: Roboto; font-size: 27px;\"><b>Gaziantep \u0130ngiltere Konsoloslu\u011fu<\/b><\/span><\/h2>\n<p><span style=\"font-family: Roboto; font-size: 14px;\"><strong>Gaziantep \u0130ngiltere Fahri Konsoloslu\u011fu<\/strong> vize ba\u015fvuru i\u015flemleri rahatl\u0131kla yap\u0131labilmektedir. Burada<span style=\"color: #2acec2;\"><strong> <a style=\"color: #2acec2;\" href=\"https:\/\/www.myvize.com.tr\/ingiltere\/vize-islemleri\/ingiltere-vize-basvurusu\/\" target=\"_blank\" rel=\"noopener\">\u0130ngiltere vize ba\u015fvurusu<\/a><\/strong><\/span> i\u015flemlerini tamamlamak isteyen ki\u015filerin, eksiksiz ve do\u011fru belgeleri vize ba\u015fvuru merkezine teslim etmeleri \u00f6nemli bir kurald\u0131r. Bu a\u015famada <strong>Gaziantep \u0130ngiltere Fahri Konsoloslu\u011fu<\/strong>\u00a0vize ba\u015fvuru i\u015flemleri i\u00e7in ki\u015filere \u00f6zel randevu saati ve g\u00fcn vermektedir. Belirtilen randevu g\u00fcn\u00fcnde ve saatinde vize merkezinde ki\u015finin bulunmas\u0131 olduk\u00e7a \u00f6nemli bir kurald\u0131r. <strong>Gaziantep \u0130ngiltere konsoloslu\u011fu<\/strong> dan\u0131\u015fmanlar\u0131, tamamlanmam\u0131\u015f olarak g\u00f6nderilen ba\u015fvuru dosyalar\u0131yla kar\u015f\u0131la\u015ft\u0131\u011f\u0131nda derhal ki\u015filerle ileti\u015fime ge\u00e7erek, eksik bilgilerin tamamlanmas\u0131n\u0131 kontrol alt\u0131na al\u0131r. Gaziantep \u0130ngiltere Fahri Konsoloslu\u011fu ki\u015filerden \u00f6zellikle biyometrik foto\u011fraf talep eder. Bunun d\u0131\u015f\u0131nda vize ba\u015fvurular\u0131nda ki\u015fi, \u0130ngiltere&#8217;den vize alaca\u011f\u0131 i\u00e7in <span style=\"color: #2acec2;\"><strong><a style=\"color: #2acec2;\" href=\"https:\/\/www.myvize.com.tr\/ingiltere\/vize-islemleri\/ingiltere-schengen-vizesi\/\" target=\"_blank\" rel=\"noopener\">\u0130ngiltere Schengen vizesi<\/a><\/strong><\/span> almas\u0131na gerek yoktur. Gaziantep \u0130ngiltere Fahri Konsoloslu\u011fu \u00f6zellikle ki\u015finin pasaportunun tam olmas\u0131na dikkat etmektedir.<\/span><\/p>\n<p><img decoding=\"async\" src=\"https:\/\/www.myvize.com.tr\/ingiltere\/wp-content\/uploads\/2021\/09\/72.jpg\" \/><\/p>\n<p><span style=\"font-family: Roboto; font-size: 14px;\">Gaziantep \u0130ngiltere Fahri Konsoloslu\u011fu\u2019nda tatil g\u00fcnleri i\u015f yo\u011funlu\u011fu olduk\u00e7a fazla ya\u015fanmaktad\u0131r. Randevu i\u015flemleri genel olarak 1 ila 5 g\u00fcn aras\u0131nda verilebilmektedir. Yo\u011funlu\u011fa ba\u011fl\u0131 olarak bu s\u00fcre\u00e7 aral\u0131\u011f\u0131 uzayabilir. Randevu i\u015flemleri resmi internet sitesine \u00fcye olunduktan hemen sonra al\u0131nmaktad\u0131r. Randevu s\u0131ras\u0131nda vize \u00fccretlerinin de \u00f6denmi\u015f olmas\u0131 olduk\u00e7a \u00f6nemli bir ko\u015fuldur. <strong>Vize i\u015flemleri s\u0131ras\u0131nda<\/strong> ki\u015finin pasaportunu b\u0131rakmas\u0131 zorunludur. <strong>Vize sonucu<\/strong> olumlu veya olumsuz oldu\u011funda bu durum pasaporta i\u015flemektedir.<\/span><\/p>\n<p><span style=\"font-family: Roboto; font-size: 14px;\">Vize sonucu Gaziantep vize merkezi \u0130ngiltere Konsoloslu\u011fu\u2019nda olumsuz olarak da sonu\u00e7lanabilmektedir. Vize ba\u015fvurular\u0131 reddedildi\u011fi taktirde herhangi bir ba\u015fvuru i\u015flem \u00fccreti iadesi yap\u0131lmamaktad\u0131r.<\/span><\/p>\n<h2><strong><span style=\"font-family: Roboto; font-size: 27px;\">\u0130ngiltere Gaziantep Konsolosu Kimdir?<\/span><\/strong><\/h2>\n<p><span style=\"font-family: Roboto; font-size: 14px;\">\u0130ngiltere \u2019nin T\u00fcrkiye\u2019de bulunan temsilcili\u011finden birisi\u00a0 \u0130ngiltere Gaziantep Fahri Konsoloslu\u011fudur. \u0130ngiltere Gaziantep Fahri Konsoloslu\u011fu\u2019nun y\u00f6neticisi ise\u00a0 \u0130ngiltere Gaziantep Fahri Konsoloslu\u011fu\u2019dur. Bu yaz\u0131da\u00a0 \u0130ngiltere Gaziantep Fahri Konsoloslu\u011funun kim oldu\u011fu merak etmek isteyen ki\u015fi i\u00e7in \u201c \u0130ngiltere Gaziantep Fahri Konsolosu kimdir?\u201d sorusunun cevab\u0131 verilmi\u015ftir. \u0130ngiltere Gaziantep Fahri Konsoloslu\u011funun kim oldu\u011fu hakk\u0131nda bilgiler bulunmamaktad\u0131r.\u00a0 \u0130ngiltere Gaziantep Fahri Konsoloslu\u011fusu,\u00a0 \u0130ngiltere\u00a0 ile T\u00fcrkiye aras\u0131nda ki ili\u015fkileri daha ileri seviye \u00e7\u0131karmay\u0131 ya da belirli bir seviye de tutmay\u0131 ama\u00e7lamakta.\u00a0 <strong>\u0130ngiltere Gaziantep\u00a0 Fahri Konsoloslu\u011fu<\/strong>,\u00a0 \u0130ngiltere\u00a0 ve T\u00fcrkiye aras\u0131ndaki ticari ili\u015fkisi geli\u015ftirmeyi ama\u00e7lamaktad\u0131r.\u00a0 \u0130ngiltere Gaziantep Fahri Konsoloslu\u011fu, T\u00fcrkiye ve\u00a0 \u0130ngiltere aras\u0131ndaki ticari ili\u015fkiyi geli\u015ftirmeyi ve yeni ticari i\u015fbirli\u011fi ile yat\u0131r\u0131m ortakl\u0131\u011f\u0131n\u0131n ortaya \u00e7\u0131kar\u0131lmas\u0131n\u0131 ama\u00e7lamakta.\u00a0 \u0130ngiltere\u2019n\u0131n Ankara B\u00fcy\u00fckel\u00e7ili\u011fine ba\u011fl\u0131 olarak \u00e7al\u0131\u015fmakta. Gerektikleri durumda\u00a0 \u0130ngiltere vatanda\u015flar\u0131na vatanda\u015fl\u0131k hizmetler verilmektedir.\u00a0 \u0130ngiltere vatanda\u015f\u0131na ekonomi, sosyal, e\u011fitim, sa\u011fl\u0131kl\u0131 ve hukuk alanlar\u0131nda destek vermektedir.<\/span><\/p>\n<h2><strong><span style=\"font-family: Roboto; font-size: 27px;\">\u0130ngiltere Gaziantep Konsoloslu\u011fu Vize \u0130\u015flemleri<\/span><\/strong><\/h2>\n<p><span style=\"font-family: Roboto; font-size: 14px;\"><strong>Gaziantep \u0130ngiltere Konsoloslu\u011fu<\/strong> direkt olarak \u0130ngiltere vizesi ba\u015fvuru i\u015flemi hususunda hizmet vermektedir. Konsolosluk ile el\u00e7ilik taraf\u0131ndan yetkilendirilmi\u015fdr. Gaziantep vize merkezinin \u00e7al\u0131\u015fma saatleri Pazartesi g\u00fcn\u00fc 09:30-12:30 ve 14:00-15:30 saati, \u00c7ar\u015famba g\u00fcn\u00fc 09:30-12:30, Cuma g\u00fcn\u00fc 09:30-12:30 saatleri aras\u0131nda belirlenmi\u015fdir. \u0130ngiltere Gaziantep Konsoloslu\u011fu Sal\u0131 ile Per\u015fembe g\u00fcn\u00fc hizmet vermemekte. Vize ba\u015fvurusunun da bulunmak isteyen vatanda\u015flar\u0131n, konsolosluk ve el\u00e7ilik taraf\u0131nda belirlenmi\u015f web sitesi \u00fczerinden, dijital ortamlarda vize ba\u015fvuru formu doldurulmalar\u0131 gerekmektedir. Yine ayn\u0131 platform \u00fczerine har\u00e7 bedeli \u00f6deyerek, randevu i\u015flerini tamamlam\u0131\u015f olmas\u0131 olduk\u00e7a \u00f6nemli bir hususdr. \u0130ngiltere vizesini almak isteyen ki\u015filer, \u0130ngiltere\u00a0 Gaziantep Konsoloslu\u011funda mutlaka randevu saat ile g\u00fcn\u00fc talep etmelidir. Ki\u015finin ilgili g\u00fcn ve saatte ba\u015fvuru ofisine bizzat bulunmas\u0131 gerekli olmakta. \u0130ngiltere Gaziantep Fahri Konsoloslu\u011fu vize randevu ka\u00e7\u0131ran ki\u015filer ba\u015fvuru i\u00e7in vakit kayb\u0131 ya\u015fam\u0131\u015f olur ve buna ba\u011fl\u0131 seyahat plan\u0131 aksam\u0131\u015f olur.\u00a0\u00a0<\/span><\/p>\n<h2><strong><span style=\"font-family: Roboto; font-size: 27px;\">\u0130ngiltere Gaziantep Konsoloslu\u011fu Vize Ba\u015fvurusu<\/span><\/strong><\/h2>\n<p><span style=\"font-family: Roboto; font-size: 14px;\">\u0130ngiltere Gaziantep \u00e7evresi ikamet eden ve \u0130ngiltere Konsoloslu\u011funda i\u015flem yapacak olan ki\u015fi, i\u015flemini \u0130ngiltere Gaziantep Fahri Konsoloslu\u011fu yapabilmektedir. \u0130ngiltere Gaziantep Fahri Konsoloslu\u011fu i\u015flem yapacak olan ki\u015filer i\u015fleminin nas\u0131l yap\u0131laca\u011f\u0131 merak etmekte. Bu yaz\u0131 da \u0130ngiltere Gaziantep Fahri Konsoloslu\u011fu ba\u015fvuru i\u015flemi hakk\u0131nda bilgi verilmi\u015fdir. \u0130ngiltere Gaziantep Fahri Konsoloslu\u011funa \u0130ngiltere vatanda\u015f\u0131, T\u00fcrkiye Cumhuriyeti vatanda\u015flar\u0131 ve T\u00fcrkiye\u2019de ikamet eden di\u011fer \u00fclke vatanda\u015flar\u0131 i\u015flemlerini yapabilmektedir. \u0130ngiltere Gaziantep Fahri Konsoloslu\u011fu ba\u015fvuru i\u015flemi a\u015fa\u011f\u0131daki \u015fekilde yap\u0131labilmektedir. \u0130ngiltere Gaziantep Fahri Konsoloslu\u011funa i\u015flem yapacak olan ki\u015filer i\u015flemleri i\u00e7in gerekli olan evraklar\u0131 haz\u0131rlayarak \u0130ngiltere temsilci\u011finde randevu almal\u0131. Randevu tarihlerinde bu evrak \u0130ngiltere Gaziantep Konsoloslukuna teslim edilmelidir. \u0130ngiltere Gaziantep\u00a0 Fahri Konsoloslukunda i\u015flem yapacak olan \u0130ngiltere vatanda\u015flar\u0131 konsolosluk, vatanda\u015fl\u0131k, n\u00fcfus, noter, evrak yenilemek, vergi i\u015flemleri gibi i\u015flemi yerine getirebilmekte. \u0130ngiltere Gaziantep Fahri Konsoloslu\u011funa i\u015flem yapacak olan ki\u015filer ba\u015fvuru i\u00e7in randevu almal\u0131.<\/span><\/p>\n<h3><strong><span style=\"font-family: Roboto; font-size: 24px;\">\u0130ngiltere Gaziantep Konsoloslu\u011fu Vize Randevusu<\/span><\/strong><\/h3>\n<p><span style=\"font-family: Roboto; font-size: 14px;\"><strong>\u0130ngiltere\u2019ye seyahat<\/strong> etmeyi isteyen ki\u015filer, i\u015flemi i\u00e7in \u0130ngiltere Gaziantep Fahri Konsoloslu\u011fa i\u015flem yapabilmektedir. \u0130ngiltere Gaziantep\u00a0 Fahri Konsoloslu\u011funa vize ba\u015fvurusu yapacak olan ki\u015filer \u0130ngiltere Gaziantep Fahri Konsoloslu\u011fu vize randevu almal\u0131d\u0131r. \u0130ngiltere Gaziantep Fahri Konsoloslu\u011fu vizesi randevu alacak olan ki\u015filerin i\u015flemi nas\u0131l yap\u0131laca\u011f\u0131 merak etmektedir. Bu yaz\u0131larda \u0130ngiltere Gaziantep Fahri Konsoloslu\u011fu vizesi randevu hakk\u0131nda bilgiler verilmi\u015ftir. \u0130ngiltere Gaziantep Fahri Konsoloslu\u011funu, vize randevu yapacak olan ki\u015finin ba\u015fvuru randevusuz olarak kabul edilmemektedir. Randevuyu alan ki\u015filer randevu tarihlerinde gerekli olan vize evraklar\u0131 ile ba\u015fvuru i\u015flemlerini ba\u015flatmal\u0131d\u0131r. Ancak randevu tarihini ka\u00e7\u0131ran ki\u015fiye bak\u0131lmamakta. Bu sebeple ba\u015fvuru yapacak olan ki\u015filer i\u015flemini yerine getirebilmek i\u00e7in yeniden randevu alma zorunda olacakd\u0131r.\u00a0<\/span><\/p>\n","protected":false},"excerpt":{"rendered":"<p>Gaziantep \u0130ngiltere Konsoloslu\u011fu Gaziantep \u0130ngiltere Fahri Konsoloslu\u011fu vize ba\u015fvuru i\u015flemleri rahatl\u0131kla yap\u0131labilmektedir. Burada \u0130ngiltere vize ba\u015fvurusu i\u015flemlerini tamamlamak isteyen ki\u015filerin, eksiksiz ve do\u011fru belgeleri vize ba\u015fvuru merkezine teslim etmeleri \u00f6nemli bir kurald\u0131r. Bu a\u015famada Gaziantep \u0130ngiltere Fahri Konsoloslu\u011fu\u00a0vize ba\u015fvuru i\u015flemleri i\u00e7in ki\u015filere \u00f6zel randevu saati ve g\u00fcn vermektedir. Belirtilen randevu g\u00fcn\u00fcnde ve saatinde vize merkezinde<\/p>\n","protected":false},"author":1,"featured_media":0,"parent":69,"menu_order":0,"comment_status":"open","ping_status":"closed","template":"","meta":{"footnotes":""},"class_list":["post-90","page","type-page","status-publish","hentry"],"yoast_head":"<!-- This site is optimized with the Yoast SEO plugin v24.0 - https:\/\/yoast.com\/wordpress\/plugins\/seo\/ -->\n<title>\u0130ngiltere Gaziantep Fahri Konsoloslu\u011fu - MyVize<\/title>\n<meta name=\"description\" content=\"\u0130ngiltere Gaziantep Fahri Konsoloslu\u011fu Vize \u0130\u015flemleri. \u0130ngiltere Gaziantep Fahri Konsoloslu\u011funa Ula\u015fmak \u0130\u00e7in Hemen T\u0131klay\u0131n.\" \/>\n<meta name=\"robots\" content=\"index, follow, max-snippet:-1, max-image-preview:large, max-video-preview:-1\" \/>\n<link rel=\"canonical\" href=\"https:\/\/www.myvize.com.tr\/ingiltere\/konsolosluklar\/gaziantep-fahri-konsoloslugu\/\" \/>\n<meta property=\"og:locale\" content=\"tr_TR\" \/>\n<meta property=\"og:type\" content=\"article\" \/>\n<meta property=\"og:title\" content=\"\u0130ngiltere Gaziantep Fahri Konsoloslu\u011fu - MyVize\" \/>\n<meta property=\"og:description\" content=\"\u0130ngiltere Gaziantep Fahri Konsoloslu\u011fu Vize \u0130\u015flemleri. \u0130ngiltere Gaziantep Fahri Konsoloslu\u011funa Ula\u015fmak \u0130\u00e7in Hemen T\u0131klay\u0131n.\" \/>\n<meta property=\"og:url\" content=\"https:\/\/www.myvize.com.tr\/ingiltere\/konsolosluklar\/gaziantep-fahri-konsoloslugu\/\" \/>\n<meta property=\"og:site_name\" content=\"\u0130ngiltere Vize Ba\u015fvuru &amp; \u0130ngiltere Vizesi\" \/>\n<meta property=\"article:modified_time\" content=\"2022-06-03T11:00:30+00:00\" \/>\n<meta property=\"og:image\" content=\"https:\/\/www.myvize.com.tr\/ingiltere\/wp-content\/uploads\/2021\/09\/72.jpg\" \/>\n<meta name=\"twitter:card\" content=\"summary_large_image\" \/>\n<meta name=\"twitter:label1\" content=\"Tahmini okuma s\u00fcresi\" \/>\n\t<meta name=\"twitter:data1\" content=\"4 dakika\" \/>\n<script type=\"application\/ld+json\" class=\"yoast-schema-graph\">{\"@context\":\"https:\/\/schema.org\",\"@graph\":[{\"@type\":\"WebPage\",\"@id\":\"https:\/\/www.myvize.com.tr\/ingiltere\/konsolosluklar\/gaziantep-fahri-konsoloslugu\/\",\"url\":\"https:\/\/www.myvize.com.tr\/ingiltere\/konsolosluklar\/gaziantep-fahri-konsoloslugu\/\",\"name\":\"\u0130ngiltere Gaziantep Fahri Konsoloslu\u011fu - MyVize\",\"isPartOf\":{\"@id\":\"https:\/\/www.myvize.com.tr\/ingiltere\/#website\"},\"primaryImageOfPage\":{\"@id\":\"https:\/\/www.myvize.com.tr\/ingiltere\/konsolosluklar\/gaziantep-fahri-konsoloslugu\/#primaryimage\"},\"image\":{\"@id\":\"https:\/\/www.myvize.com.tr\/ingiltere\/konsolosluklar\/gaziantep-fahri-konsoloslugu\/#primaryimage\"},\"thumbnailUrl\":\"https:\/\/www.myvize.com.tr\/ingiltere\/wp-content\/uploads\/2021\/09\/72.jpg\",\"datePublished\":\"2020-11-30T10:06:29+00:00\",\"dateModified\":\"2022-06-03T11:00:30+00:00\",\"description\":\"\u0130ngiltere Gaziantep Fahri Konsoloslu\u011fu Vize \u0130\u015flemleri. \u0130ngiltere Gaziantep Fahri Konsoloslu\u011funa Ula\u015fmak \u0130\u00e7in Hemen T\u0131klay\u0131n.\",\"breadcrumb\":{\"@id\":\"https:\/\/www.myvize.com.tr\/ingiltere\/konsolosluklar\/gaziantep-fahri-konsoloslugu\/#breadcrumb\"},\"inLanguage\":\"tr\",\"potentialAction\":[{\"@type\":\"ReadAction\",\"target\":[\"https:\/\/www.myvize.com.tr\/ingiltere\/konsolosluklar\/gaziantep-fahri-konsoloslugu\/\"]}]},{\"@type\":\"ImageObject\",\"inLanguage\":\"tr\",\"@id\":\"https:\/\/www.myvize.com.tr\/ingiltere\/konsolosluklar\/gaziantep-fahri-konsoloslugu\/#primaryimage\",\"url\":\"https:\/\/www.myvize.com.tr\/ingiltere\/wp-content\/uploads\/2021\/09\/72.jpg\",\"contentUrl\":\"https:\/\/www.myvize.com.tr\/ingiltere\/wp-content\/uploads\/2021\/09\/72.jpg\",\"width\":800,\"height\":500,\"caption\":\"\u0130ngiltere Gaziantep Fahri Konsoloslu\u011fu\"},{\"@type\":\"BreadcrumbList\",\"@id\":\"https:\/\/www.myvize.com.tr\/ingiltere\/konsolosluklar\/gaziantep-fahri-konsoloslugu\/#breadcrumb\",\"itemListElement\":[{\"@type\":\"ListItem\",\"position\":1,\"name\":\"Anasayfa\",\"item\":\"https:\/\/www.myvize.com.tr\/ingiltere\/\"},{\"@type\":\"ListItem\",\"position\":2,\"name\":\"KONSOLOSLUKLAR\",\"item\":\"https:\/\/www.myvize.com.tr\/ingiltere\/konsolosluklar\/\"},{\"@type\":\"ListItem\",\"position\":3,\"name\":\"\u0130ngiltere Gaziantep Konsoloslu\u011fu\"}]},{\"@type\":\"WebSite\",\"@id\":\"https:\/\/www.myvize.com.tr\/ingiltere\/#website\",\"url\":\"https:\/\/www.myvize.com.tr\/ingiltere\/\",\"name\":\"\u0130ngiltere Vize Ba\u015fvuru &amp; \u0130ngiltere Vizesi\",\"description\":\"\",\"potentialAction\":[{\"@type\":\"SearchAction\",\"target\":{\"@type\":\"EntryPoint\",\"urlTemplate\":\"https:\/\/www.myvize.com.tr\/ingiltere\/?s={search_term_string}\"},\"query-input\":{\"@type\":\"PropertyValueSpecification\",\"valueRequired\":true,\"valueName\":\"search_term_string\"}}],\"inLanguage\":\"tr\"}]}<\/script>\n<!-- \/ Yoast SEO plugin. -->","yoast_head_json":{"title":"\u0130ngiltere Gaziantep Fahri Konsoloslu\u011fu - MyVize","description":"\u0130ngiltere Gaziantep Fahri Konsoloslu\u011fu Vize \u0130\u015flemleri. \u0130ngiltere Gaziantep Fahri Konsoloslu\u011funa Ula\u015fmak \u0130\u00e7in Hemen T\u0131klay\u0131n.","robots":{"index":"index","follow":"follow","max-snippet":"max-snippet:-1","max-image-preview":"max-image-preview:large","max-video-preview":"max-video-preview:-1"},"canonical":"https:\/\/www.myvize.com.tr\/ingiltere\/konsolosluklar\/gaziantep-fahri-konsoloslugu\/","og_locale":"tr_TR","og_type":"article","og_title":"\u0130ngiltere Gaziantep Fahri Konsoloslu\u011fu - MyVize","og_description":"\u0130ngiltere Gaziantep Fahri Konsoloslu\u011fu Vize \u0130\u015flemleri. \u0130ngiltere Gaziantep Fahri Konsoloslu\u011funa Ula\u015fmak \u0130\u00e7in Hemen T\u0131klay\u0131n.","og_url":"https:\/\/www.myvize.com.tr\/ingiltere\/konsolosluklar\/gaziantep-fahri-konsoloslugu\/","og_site_name":"\u0130ngiltere Vize Ba\u015fvuru &amp; \u0130ngiltere Vizesi","article_modified_time":"2022-06-03T11:00:30+00:00","og_image":[{"url":"https:\/\/www.myvize.com.tr\/ingiltere\/wp-content\/uploads\/2021\/09\/72.jpg","type":"","width":"","height":""}],"twitter_card":"summary_large_image","twitter_misc":{"Tahmini okuma s\u00fcresi":"4 dakika"},"schema":{"@context":"https:\/\/schema.org","@graph":[{"@type":"WebPage","@id":"https:\/\/www.myvize.com.tr\/ingiltere\/konsolosluklar\/gaziantep-fahri-konsoloslugu\/","url":"https:\/\/www.myvize.com.tr\/ingiltere\/konsolosluklar\/gaziantep-fahri-konsoloslugu\/","name":"\u0130ngiltere Gaziantep Fahri Konsoloslu\u011fu - MyVize","isPartOf":{"@id":"https:\/\/www.myvize.com.tr\/ingiltere\/#website"},"primaryImageOfPage":{"@id":"https:\/\/www.myvize.com.tr\/ingiltere\/konsolosluklar\/gaziantep-fahri-konsoloslugu\/#primaryimage"},"image":{"@id":"https:\/\/www.myvize.com.tr\/ingiltere\/konsolosluklar\/gaziantep-fahri-konsoloslugu\/#primaryimage"},"thumbnailUrl":"https:\/\/www.myvize.com.tr\/ingiltere\/wp-content\/uploads\/2021\/09\/72.jpg","datePublished":"2020-11-30T10:06:29+00:00","dateModified":"2022-06-03T11:00:30+00:00","description":"\u0130ngiltere Gaziantep Fahri Konsoloslu\u011fu Vize \u0130\u015flemleri. \u0130ngiltere Gaziantep Fahri Konsoloslu\u011funa Ula\u015fmak \u0130\u00e7in Hemen T\u0131klay\u0131n.","breadcrumb":{"@id":"https:\/\/www.myvize.com.tr\/ingiltere\/konsolosluklar\/gaziantep-fahri-konsoloslugu\/#breadcrumb"},"inLanguage":"tr","potentialAction":[{"@type":"ReadAction","target":["https:\/\/www.myvize.com.tr\/ingiltere\/konsolosluklar\/gaziantep-fahri-konsoloslugu\/"]}]},{"@type":"ImageObject","inLanguage":"tr","@id":"https:\/\/www.myvize.com.tr\/ingiltere\/konsolosluklar\/gaziantep-fahri-konsoloslugu\/#primaryimage","url":"https:\/\/www.myvize.com.tr\/ingiltere\/wp-content\/uploads\/2021\/09\/72.jpg","contentUrl":"https:\/\/www.myvize.com.tr\/ingiltere\/wp-content\/uploads\/2021\/09\/72.jpg","width":800,"height":500,"caption":"\u0130ngiltere Gaziantep Fahri Konsoloslu\u011fu"},{"@type":"BreadcrumbList","@id":"https:\/\/www.myvize.com.tr\/ingiltere\/konsolosluklar\/gaziantep-fahri-konsoloslugu\/#breadcrumb","itemListElement":[{"@type":"ListItem","position":1,"name":"Anasayfa","item":"https:\/\/www.myvize.com.tr\/ingiltere\/"},{"@type":"ListItem","position":2,"name":"KONSOLOSLUKLAR","item":"https:\/\/www.myvize.com.tr\/ingiltere\/konsolosluklar\/"},{"@type":"ListItem","position":3,"name":"\u0130ngiltere Gaziantep Konsoloslu\u011fu"}]},{"@type":"WebSite","@id":"https:\/\/www.myvize.com.tr\/ingiltere\/#website","url":"https:\/\/www.myvize.com.tr\/ingiltere\/","name":"\u0130ngiltere Vize Ba\u015fvuru &amp; \u0130ngiltere Vizesi","description":"","potentialAction":[{"@type":"SearchAction","target":{"@type":"EntryPoint","urlTemplate":"https:\/\/www.myvize.com.tr\/ingiltere\/?s={search_term_string}"},"query-input":{"@type":"PropertyValueSpecification","valueRequired":true,"valueName":"search_term_string"}}],"inLanguage":"tr"}]}},"_links":{"self":[{"href":"https:\/\/www.myvize.com.tr\/ingiltere\/wp-json\/wp\/v2\/pages\/90","targetHints":{"allow":["GET"]}}],"collection":[{"href":"https:\/\/www.myvize.com.tr\/ingiltere\/wp-json\/wp\/v2\/pages"}],"about":[{"href":"https:\/\/www.myvize.com.tr\/ingiltere\/wp-json\/wp\/v2\/types\/page"}],"author":[{"embeddable":true,"href":"https:\/\/www.myvize.com.tr\/ingiltere\/wp-json\/wp\/v2\/users\/1"}],"replies":[{"embeddable":true,"href":"https:\/\/www.myvize.com.tr\/ingiltere\/wp-json\/wp\/v2\/comments?post=90"}],"version-history":[{"count":9,"href":"https:\/\/www.myvize.com.tr\/ingiltere\/wp-json\/wp\/v2\/pages\/90\/revisions"}],"predecessor-version":[{"id":1609,"href":"https:\/\/www.myvize.com.tr\/ingiltere\/wp-json\/wp\/v2\/pages\/90\/revisions\/1609"}],"up":[{"embeddable":true,"href":"https:\/\/www.myvize.com.tr\/ingiltere\/wp-json\/wp\/v2\/pages\/69"}],"wp:attachment":[{"href":"https:\/\/www.myvize.com.tr\/ingiltere\/wp-json\/wp\/v2\/media?parent=90"}],"curies":[{"name":"wp","href":"https:\/\/api.w.org\/{rel}","templated":true}]}}