{"id":163,"date":"2020-12-24T15:59:06","date_gmt":"2020-12-24T12:59:06","guid":{"rendered":"https:\/\/www.myvize.com.tr\/ispanya\/?page_id=163"},"modified":"2022-05-05T14:29:30","modified_gmt":"2022-05-05T11:29:30","slug":"oturum-2","status":"publish","type":"page","link":"https:\/\/www.myvize.com.tr\/ispanya\/oturum-2\/","title":{"rendered":"OTURUM"},"content":{"rendered":"<p><span style=\"font-family: Roboto;\"><\/span><\/p>\r\n<p><span style=\"font-family: Roboto; font-size: 14px;\">\u0130spanya\u2019da belli bir s\u00fcre kalmay\u0131 d\u00fc\u015f\u00fcn\u00fcyorsan\u0131z oturum vizesi alman\u0131z gerekmektedir. Bu vize ise kal\u0131c\u0131 ve ge\u00e7ici olmak \u00fczere iki farkl\u0131 \u015fekilde verilmektedir. \u0130spanya oturum vizesi 90 g\u00fcn ile 5 y\u0131l s\u00fcresi aras\u0131nda verilmektedir. Ki\u015filer 5 y\u0131la kadar oturum vizesi alarak \u0130spanya\u2019da ya\u015fama hakk\u0131 elde edebilirler. Ancak bu izni alabilmek i\u00e7in ailenizin ge\u00e7imini sa\u011flayabilecek maddi yeterlili\u011fe sahip olman\u0131z gereklidir.<\/span><\/p>\r\n<p><span style=\"font-family: Roboto; font-size: 14px;\">\r\n\r\n<\/span><\/p>\r\n<p><span style=\"font-family: Roboto; font-size: 14px;\">\u0130spanya oturum vizesi i\u00e7in birtak\u0131m belgeler haz\u0131rlanmal\u0131d\u0131r. Bu belgelerin \u0130spanya Konsoloslu\u011funa ibraz edilmesi gereklidir. E\u011fer kal\u0131c\u0131 ikamet izni elde ederseniz \u00fclkenin normal vatanda\u015flar\u0131 gibi burada ya\u015fama \u015fans\u0131 elde edebilirsiniz. E\u011fer ge\u00e7ici ikamet \u015fartlar\u0131n\u0131 yerine getirmeyi ba\u015farabilirseniz belli bir zaman sonra kal\u0131c\u0131 olarak da ba\u015fvurunuzu ger\u00e7ekle\u015ftirebilirsiniz. Ayn\u0131 zamanda AB Mavi Kart sahibiyseniz bu \u00fclkede oturum iznini de elde etmi\u015f say\u0131l\u0131rs\u0131n\u0131z. Bununla birlikte AB vatanda\u015flar\u0131 da aile \u00fcyeleri ile birlikte AB b\u00f6lgesinde ge\u00e7i\u015f ve ikamet iznine sahip olabilirler.<\/span><\/p>\r\n<p><span style=\"font-family: Roboto; font-size: 14px;\"> <img decoding=\"async\" src=\"https:\/\/www.myvize.com.tr\/ispanya\/wp-content\/uploads\/2021\/10\/28.jpg\" \/> <\/span><\/p>\r\n<h2><span style=\"font-family: Roboto; font-size: 27px;\"><strong>\u0130spanya Oturum Vize Evraklar\u0131<\/strong><\/span><\/h2>\r\n<p><span style=\"font-family: Roboto; font-size: 14px;\">\r\n\r\n<\/span><\/p>\r\n<p><span style=\"font-family: Roboto; font-size: 14px;\">\u0130spanya\u2019da oturum iznine ba\u015fvurmay\u0131 d\u00fc\u015f\u00fcn\u00fcyorsan\u0131z oturum vize evraklar\u0131n\u0131 alman\u0131z gerekmektedir. Bu evraklar\u0131n mutlaka g\u00fcncel olmas\u0131 gerekti\u011fini bilmeniz gerekiyor. Vize evraklar\u0131 i\u00e7erisinde standart belgeler herkesin haz\u0131rlamas\u0131 gereken evraklard\u0131r. Bunlara ek olarak durumunuza g\u00f6re ekstra belge talebinde de bulunulabilir. Haz\u0131rlaman\u0131z gereken evrak listesi:<\/span><\/p>\r\n<p><span style=\"font-family: Roboto; font-size: 14px;\">\r\n\r\n<\/span><\/p>\r\n<p><span style=\"font-family: Roboto; font-size: 14px;\">l \u0130spanya ikamet izni i\u00e7in ba\u015fvuru yapan ki\u015filerden yasal bir ikamet belgesi istenmektedir.<\/span><\/p>\r\n<p><span style=\"font-family: Roboto; font-size: 14px;\">\r\n\r\n<\/span><\/p>\r\n<p><span style=\"font-family: Roboto; font-size: 14px;\">l Uzun s\u00fcreli olarak yap\u0131lm\u0131\u015f bir kira s\u00f6zle\u015fmeniz ve kira makbuzunuz olmal\u0131d\u0131r.<\/span><\/p>\r\n<p><span style=\"font-family: Roboto; font-size: 14px;\">\r\n\r\n<\/span><\/p>\r\n<p><span style=\"font-family: Roboto; font-size: 14px;\">l Kendi \u00fclkenizden alaca\u011f\u0131n\u0131z sab\u0131ka belgesi<\/span><\/p>\r\n<p><span style=\"font-family: Roboto; font-size: 14px;\">\r\n\r\n<\/span><\/p>\r\n<p><span style=\"font-family: Roboto; font-size: 14px;\">l Ge\u00e7ici ikamet i\u00e7in t\u0131bbi rapor<\/span><\/p>\r\n<p><span style=\"font-family: Roboto; font-size: 14px;\">\r\n\r\n<\/span><\/p>\r\n<p><span style=\"font-family: Roboto; font-size: 14px;\">l Evliyseniz bu durumu g\u00f6steren evlenme c\u00fczdan\u0131<\/span><\/p>\r\n<p><span style=\"font-family: Roboto; font-size: 14px;\">\r\n\r\n<\/span><\/p>\r\n<p><span style=\"font-family: Roboto; font-size: 14px;\">l Bo\u015fand\u0131ysan\u0131z bo\u015fanma evraklar\u0131n\u0131z<\/span><\/p>\r\n<p><span style=\"font-family: Roboto; font-size: 14px;\">\r\n\r\n<\/span><\/p>\r\n<p><span style=\"font-family: Roboto; font-size: 14px;\">Bu belgelerin bir\u00e7o\u011fu \u0130spanyolca olarak haz\u0131rlanmak durumundad\u0131r. Bununla birlikte eksik belge talebinde i\u015flemlerinizi yenilemek zorunda kalabilirsiniz.<\/span><\/p>\r\n<p><span style=\"font-family: Roboto; font-size: 14px;\">\r\n\r\n<\/span><\/p>\r\n<h2><span style=\"font-family: Roboto; font-size: 27px;\"><strong>\u0130spanya Oturum Hakk\u0131 Kazanma<\/strong><\/span><\/h2>\r\n<p><span style=\"font-family: Roboto; font-size: 14px;\">\r\n\r\n<\/span><\/p>\r\n<p><span style=\"font-family: Roboto; font-size: 14px;\">\u0130spanya oturum hakk\u0131 kazanabilmenin ilk olarak yerine getirmesi gereken \u015fart mutlaka gerekli gelire sahip olmas\u0131d\u0131r. Bununla birlikte bir yat\u0131r\u0131m g\u00fcc\u00fcn\u00fczde olmal\u0131d\u0131r. \u0130kamet s\u00fcresi tamamland\u0131\u011f\u0131nda daimi kalmak i\u00e7in de ba\u015fvurunuzu yenileyebilirsiniz. E\u011fer 10 y\u0131l boyunca kesintisiz olarak \u0130spanya\u2019da ikamet ederseniz buran\u0131n vatanda\u015fl\u0131\u011f\u0131na ge\u00e7meniz m\u00fcmk\u00fcnd\u00fcr. Ancak bu s\u00fcre\u00e7te T\u00fcrkiye vatanda\u015fl\u0131\u011f\u0131ndan vazge\u00e7meniz gerekmektedir. Evlenme yolu ile \u0130spanya vatanda\u015fl\u0131\u011f\u0131na ge\u00e7i\u015f s\u00fcreci ise 1 y\u0131l olarak belirlenmi\u015ftir.<\/span><\/p>\r\n<p><span style=\"font-family: Roboto;\"><\/span><\/p>","protected":false},"excerpt":{"rendered":"<p>\u0130spanya\u2019da belli bir s\u00fcre kalmay\u0131 d\u00fc\u015f\u00fcn\u00fcyorsan\u0131z oturum vizesi alman\u0131z gerekmektedir. Bu vize ise kal\u0131c\u0131 ve ge\u00e7ici olmak \u00fczere iki farkl\u0131 \u015fekilde verilmektedir. \u0130spanya oturum vizesi 90 g\u00fcn ile 5 y\u0131l s\u00fcresi aras\u0131nda verilmektedir. Ki\u015filer 5 y\u0131la kadar oturum vizesi alarak \u0130spanya\u2019da ya\u015fama hakk\u0131 elde edebilirler. Ancak bu izni alabilmek i\u00e7in ailenizin ge\u00e7imini sa\u011flayabilecek maddi yeterlili\u011fe<\/p>\n","protected":false},"author":1,"featured_media":0,"parent":0,"menu_order":0,"comment_status":"open","ping_status":"closed","template":"","meta":{"footnotes":""},"class_list":["post-163","page","type-page","status-publish","hentry"],"yoast_head":"<!-- This site is optimized with the Yoast SEO plugin v24.0 - https:\/\/yoast.com\/wordpress\/plugins\/seo\/ -->\n<title>\u0130spanya Oturum Vizesi - \u0130spanya Oturum \u0130zni - MyVize<\/title>\n<meta name=\"description\" content=\"\u0130spanya oturum vizesi i\u00e7in gerekli evraklar ve \u015fartlar g\u00fcncel. \u0130spanya oturum vizesi ba\u015fvurusunda dikkat edilmesi gerekenler.\" \/>\n<meta name=\"robots\" content=\"index, follow, max-snippet:-1, max-image-preview:large, max-video-preview:-1\" \/>\n<link rel=\"canonical\" href=\"https:\/\/www.myvize.com.tr\/ispanya\/oturum-2\/\" \/>\n<meta property=\"og:locale\" content=\"tr_TR\" \/>\n<meta property=\"og:type\" content=\"article\" \/>\n<meta property=\"og:title\" content=\"\u0130spanya Oturum Vizesi - \u0130spanya Oturum \u0130zni - MyVize\" \/>\n<meta property=\"og:description\" content=\"\u0130spanya oturum vizesi i\u00e7in gerekli evraklar ve \u015fartlar g\u00fcncel. \u0130spanya oturum vizesi ba\u015fvurusunda dikkat edilmesi gerekenler.\" \/>\n<meta property=\"og:url\" content=\"https:\/\/www.myvize.com.tr\/ispanya\/oturum-2\/\" \/>\n<meta property=\"og:site_name\" content=\"\u0130spanya Vizesi\" \/>\n<meta property=\"article:modified_time\" content=\"2022-05-05T11:29:30+00:00\" \/>\n<meta property=\"og:image\" content=\"https:\/\/www.myvize.com.tr\/ispanya\/wp-content\/uploads\/2021\/10\/28.jpg\" \/>\n<meta name=\"twitter:card\" content=\"summary_large_image\" \/>\n<meta name=\"twitter:label1\" content=\"Tahmini okuma s\u00fcresi\" \/>\n\t<meta name=\"twitter:data1\" content=\"2 dakika\" \/>\n<script type=\"application\/ld+json\" class=\"yoast-schema-graph\">{\"@context\":\"https:\/\/schema.org\",\"@graph\":[{\"@type\":\"WebPage\",\"@id\":\"https:\/\/www.myvize.com.tr\/ispanya\/oturum-2\/\",\"url\":\"https:\/\/www.myvize.com.tr\/ispanya\/oturum-2\/\",\"name\":\"\u0130spanya Oturum Vizesi - \u0130spanya Oturum \u0130zni - MyVize\",\"isPartOf\":{\"@id\":\"https:\/\/www.myvize.com.tr\/ispanya\/#website\"},\"primaryImageOfPage\":{\"@id\":\"https:\/\/www.myvize.com.tr\/ispanya\/oturum-2\/#primaryimage\"},\"image\":{\"@id\":\"https:\/\/www.myvize.com.tr\/ispanya\/oturum-2\/#primaryimage\"},\"thumbnailUrl\":\"https:\/\/www.myvize.com.tr\/ispanya\/wp-content\/uploads\/2021\/10\/28.jpg\",\"datePublished\":\"2020-12-24T12:59:06+00:00\",\"dateModified\":\"2022-05-05T11:29:30+00:00\",\"description\":\"\u0130spanya oturum vizesi i\u00e7in gerekli evraklar ve \u015fartlar g\u00fcncel. \u0130spanya oturum vizesi ba\u015fvurusunda dikkat edilmesi gerekenler.\",\"breadcrumb\":{\"@id\":\"https:\/\/www.myvize.com.tr\/ispanya\/oturum-2\/#breadcrumb\"},\"inLanguage\":\"tr\",\"potentialAction\":[{\"@type\":\"ReadAction\",\"target\":[\"https:\/\/www.myvize.com.tr\/ispanya\/oturum-2\/\"]}]},{\"@type\":\"ImageObject\",\"inLanguage\":\"tr\",\"@id\":\"https:\/\/www.myvize.com.tr\/ispanya\/oturum-2\/#primaryimage\",\"url\":\"https:\/\/www.myvize.com.tr\/ispanya\/wp-content\/uploads\/2021\/10\/28.jpg\",\"contentUrl\":\"https:\/\/www.myvize.com.tr\/ispanya\/wp-content\/uploads\/2021\/10\/28.jpg\",\"width\":800,\"height\":500,\"caption\":\"\u0130spanya Oturum\"},{\"@type\":\"BreadcrumbList\",\"@id\":\"https:\/\/www.myvize.com.tr\/ispanya\/oturum-2\/#breadcrumb\",\"itemListElement\":[{\"@type\":\"ListItem\",\"position\":1,\"name\":\"Anasayfa\",\"item\":\"https:\/\/www.myvize.com.tr\/ispanya\/\"},{\"@type\":\"ListItem\",\"position\":2,\"name\":\"OTURUM\"}]},{\"@type\":\"WebSite\",\"@id\":\"https:\/\/www.myvize.com.tr\/ispanya\/#website\",\"url\":\"https:\/\/www.myvize.com.tr\/ispanya\/\",\"name\":\"\u0130spanya Vizesi\",\"description\":\"\",\"potentialAction\":[{\"@type\":\"SearchAction\",\"target\":{\"@type\":\"EntryPoint\",\"urlTemplate\":\"https:\/\/www.myvize.com.tr\/ispanya\/?s={search_term_string}\"},\"query-input\":{\"@type\":\"PropertyValueSpecification\",\"valueRequired\":true,\"valueName\":\"search_term_string\"}}],\"inLanguage\":\"tr\"}]}<\/script>\n<!-- \/ Yoast SEO plugin. -->","yoast_head_json":{"title":"\u0130spanya Oturum Vizesi - \u0130spanya Oturum \u0130zni - MyVize","description":"\u0130spanya oturum vizesi i\u00e7in gerekli evraklar ve \u015fartlar g\u00fcncel. \u0130spanya oturum vizesi ba\u015fvurusunda dikkat edilmesi gerekenler.","robots":{"index":"index","follow":"follow","max-snippet":"max-snippet:-1","max-image-preview":"max-image-preview:large","max-video-preview":"max-video-preview:-1"},"canonical":"https:\/\/www.myvize.com.tr\/ispanya\/oturum-2\/","og_locale":"tr_TR","og_type":"article","og_title":"\u0130spanya Oturum Vizesi - \u0130spanya Oturum \u0130zni - MyVize","og_description":"\u0130spanya oturum vizesi i\u00e7in gerekli evraklar ve \u015fartlar g\u00fcncel. \u0130spanya oturum vizesi ba\u015fvurusunda dikkat edilmesi gerekenler.","og_url":"https:\/\/www.myvize.com.tr\/ispanya\/oturum-2\/","og_site_name":"\u0130spanya Vizesi","article_modified_time":"2022-05-05T11:29:30+00:00","og_image":[{"url":"https:\/\/www.myvize.com.tr\/ispanya\/wp-content\/uploads\/2021\/10\/28.jpg","type":"","width":"","height":""}],"twitter_card":"summary_large_image","twitter_misc":{"Tahmini okuma s\u00fcresi":"2 dakika"},"schema":{"@context":"https:\/\/schema.org","@graph":[{"@type":"WebPage","@id":"https:\/\/www.myvize.com.tr\/ispanya\/oturum-2\/","url":"https:\/\/www.myvize.com.tr\/ispanya\/oturum-2\/","name":"\u0130spanya Oturum Vizesi - \u0130spanya Oturum \u0130zni - MyVize","isPartOf":{"@id":"https:\/\/www.myvize.com.tr\/ispanya\/#website"},"primaryImageOfPage":{"@id":"https:\/\/www.myvize.com.tr\/ispanya\/oturum-2\/#primaryimage"},"image":{"@id":"https:\/\/www.myvize.com.tr\/ispanya\/oturum-2\/#primaryimage"},"thumbnailUrl":"https:\/\/www.myvize.com.tr\/ispanya\/wp-content\/uploads\/2021\/10\/28.jpg","datePublished":"2020-12-24T12:59:06+00:00","dateModified":"2022-05-05T11:29:30+00:00","description":"\u0130spanya oturum vizesi i\u00e7in gerekli evraklar ve \u015fartlar g\u00fcncel. \u0130spanya oturum vizesi ba\u015fvurusunda dikkat edilmesi gerekenler.","breadcrumb":{"@id":"https:\/\/www.myvize.com.tr\/ispanya\/oturum-2\/#breadcrumb"},"inLanguage":"tr","potentialAction":[{"@type":"ReadAction","target":["https:\/\/www.myvize.com.tr\/ispanya\/oturum-2\/"]}]},{"@type":"ImageObject","inLanguage":"tr","@id":"https:\/\/www.myvize.com.tr\/ispanya\/oturum-2\/#primaryimage","url":"https:\/\/www.myvize.com.tr\/ispanya\/wp-content\/uploads\/2021\/10\/28.jpg","contentUrl":"https:\/\/www.myvize.com.tr\/ispanya\/wp-content\/uploads\/2021\/10\/28.jpg","width":800,"height":500,"caption":"\u0130spanya Oturum"},{"@type":"BreadcrumbList","@id":"https:\/\/www.myvize.com.tr\/ispanya\/oturum-2\/#breadcrumb","itemListElement":[{"@type":"ListItem","position":1,"name":"Anasayfa","item":"https:\/\/www.myvize.com.tr\/ispanya\/"},{"@type":"ListItem","position":2,"name":"OTURUM"}]},{"@type":"WebSite","@id":"https:\/\/www.myvize.com.tr\/ispanya\/#website","url":"https:\/\/www.myvize.com.tr\/ispanya\/","name":"\u0130spanya Vizesi","description":"","potentialAction":[{"@type":"SearchAction","target":{"@type":"EntryPoint","urlTemplate":"https:\/\/www.myvize.com.tr\/ispanya\/?s={search_term_string}"},"query-input":{"@type":"PropertyValueSpecification","valueRequired":true,"valueName":"search_term_string"}}],"inLanguage":"tr"}]}},"_links":{"self":[{"href":"https:\/\/www.myvize.com.tr\/ispanya\/wp-json\/wp\/v2\/pages\/163","targetHints":{"allow":["GET"]}}],"collection":[{"href":"https:\/\/www.myvize.com.tr\/ispanya\/wp-json\/wp\/v2\/pages"}],"about":[{"href":"https:\/\/www.myvize.com.tr\/ispanya\/wp-json\/wp\/v2\/types\/page"}],"author":[{"embeddable":true,"href":"https:\/\/www.myvize.com.tr\/ispanya\/wp-json\/wp\/v2\/users\/1"}],"replies":[{"embeddable":true,"href":"https:\/\/www.myvize.com.tr\/ispanya\/wp-json\/wp\/v2\/comments?post=163"}],"version-history":[{"count":5,"href":"https:\/\/www.myvize.com.tr\/ispanya\/wp-json\/wp\/v2\/pages\/163\/revisions"}],"predecessor-version":[{"id":1004,"href":"https:\/\/www.myvize.com.tr\/ispanya\/wp-json\/wp\/v2\/pages\/163\/revisions\/1004"}],"wp:attachment":[{"href":"https:\/\/www.myvize.com.tr\/ispanya\/wp-json\/wp\/v2\/media?parent=163"}],"curies":[{"name":"wp","href":"https:\/\/api.w.org\/{rel}","templated":true}]}}