{"id":172,"date":"0202-06-03T12:00:24","date_gmt":"0202-06-03T09:00:24","guid":{"rendered":"https:\/\/www.myvize.com.tr\/ispanya\/?page_id=172"},"modified":"2022-12-19T21:17:17","modified_gmt":"2022-12-19T18:17:17","slug":"duyurular","status":"publish","type":"page","link":"https:\/\/www.myvize.com.tr\/ispanya\/duyurular\/","title":{"rendered":"DUYURULAR"},"content":{"rendered":"<p><span style=\"font-family: Roboto;\"><\/span><\/p>\r\n<h2 class=\"wp-block-heading\"><span style=\"font-family: Roboto; font-size: 27px;\"><strong>\u0130spanya Covid-19 Vize Tedbirleri<\/strong><\/span><\/h2>\r\n<p><span style=\"font-family: Roboto; font-size: 14px;\">Korona vir\u00fcs nedeni ile t\u00fcm d\u00fcnya \u00fclkeleri uluslararas\u0131 ula\u015f\u0131mda \u00e7ok ciddi tedbirler almaya ba\u015flad\u0131. Vir\u00fcs\u00fcn h\u0131zla yay\u0131lmas\u0131 nedeniyle yurt d\u0131\u015f\u0131 ve yurt i\u00e7i u\u00e7u\u015flarda bir\u00e7ok \u00fclke k\u0131s\u0131tlama getirmek zorunda kald\u0131. \u0130spanya da bu k\u0131s\u0131tlamalar\u0131 getiren \u00fclkeler aras\u0131nda yer almaktad\u0131r. \u0130spanya Sa\u011fl\u0131k Bakanl\u0131\u011f\u0131 3 May\u0131s 2021 verileri do\u011frultusunda \u00fclkede kay\u0131t alt\u0131na al\u0131nan vaka say\u0131s\u0131n\u0131n 3.540.430 ve bu vakalara ba\u011fl\u0131 olarak \u00f6lenlerin say\u0131s\u0131n\u0131n 78.293 ki\u015fi oldu\u011funu bildirmi\u015ftir.<\/span><br \/><span style=\"font-family: Roboto; font-size: 14px;\">\u0130spanyol H\u00fck\u00fcmeti de elde edilen bu veriler do\u011frultusunda vaka say\u0131s\u0131n\u0131n daha da art\u0131\u015f g\u00f6stermemesi i\u00e7in bir tak\u0131m \u00f6nlemlerin al\u0131nmas\u0131 konusunda \u00e7e\u015fitli \u00e7al\u0131\u015fmalar ba\u015flatt\u0131. 14 Mart- 21 Haziran 2021 tarihleri aras\u0131nda ola\u011fan\u00fcst\u00fc duruma ge\u00e7en \u00fclkede 21 Haziran itibari ile yeni normal d\u00f6neme girilece\u011fi konusunda karar al\u0131nm\u0131\u015ft\u0131r.<\/span><\/p>\r\n<p><br \/><span style=\"font-family: Roboto; font-size: 14px;\">\u00a0<\/span><span style=\"font-family: Roboto; font-size: 27px;\"><strong>\u0130spanya\u2019n\u0131n Vir\u00fcs Nedeni ile Ald\u0131\u011f\u0131 Seyahat Kararlar\u0131<\/strong><\/span><\/p>\r\n<p><span style=\"font-family: Roboto; font-size: 14px;\">Covid- 19 nedeniyle al\u0131nan kararlar neticesinde birtak\u0131m k\u0131s\u0131tlamalar getirilmi\u015ftir. Bu k\u0131s\u0131tlamalara g\u00f6re \u00e7ok gerekli olmad\u0131\u011f\u0131 s\u00fcrece belirli saatlerde soka\u011fa \u00e7\u0131kmak m\u00fcmk\u00fcn olmayacakt\u0131r. Ayn\u0131 zamanda kurumsal ve \u00f6zel alanlara girecek ki\u015filerin belli bir say\u0131da i\u00e7eri al\u0131nmas\u0131na izin verilecektir.<\/span><br \/><span style=\"font-family: Roboto; font-size: 14px;\">Bunlar\u0131n yan\u0131nda seyahat alan\u0131nda da birtak\u0131m yasaklar getirilmi\u015ftir. Avustralya, Yeni Zelanda, Singapur, G\u00fcney Kore, \u00c7in, Tayland, Ruanda, Hong Kong gibi \u00fclkeler belli bir tarihe kadar k\u0131s\u0131tlamalardan muaf tutulmu\u015ftur. Ancak T\u00fcrkiye bu k\u0131s\u0131tlama muafiyetine dahil edilmemi\u015ftir. Yap\u0131lan \u00e7al\u0131\u015fmalarda \u00fclke vatanda\u015fl\u0131\u011f\u0131 olarak de\u011fil ki\u015filerin ikametleri do\u011frultusunda k\u0131s\u0131tlamaya tabi tutulacaklar\u0131 a\u00e7\u0131klanm\u0131\u015ft\u0131r.<\/span><br \/><span style=\"font-family: Roboto; font-size: 14px;\">\u0130spanya\u2019da ortaya \u00e7\u0131kan yeni mutasyon neden ile yeni kararlar al\u0131nm\u0131\u015f ve Birle\u015fik Krall\u0131ktan gelen t\u00fcm gemilerin seferlerini durdurmu\u015ftur. T\u00fcm k\u0131s\u0131tlamalarda zorunlu ailevi nedenlerden dolay\u0131 ve m\u00fccbir sebep g\u00f6sterenler, bu durumlar\u0131n\u0131 da belge ile kan\u0131tlayanlar\u0131n seyahat konusunda muaf tutulmalar\u0131 sa\u011flanm\u0131\u015ft\u0131r. \u0130spanya\u2019da ki seyahat k\u0131s\u0131tlamalar\u0131 bir\u00e7ok \u00fclke i\u00e7in ge\u00e7erlili\u011fini korumaya devam etmektedir.<\/span><\/p>\r\n<h2><span style=\"font-family: Roboto; font-size: 27px;\"><strong>Covid\u00a019 Kapsam\u0131nda \u0130spanya Vizesi ile \u0130lgili Son Durum\u00a0\u00a0<\/strong><\/span><\/h2>\r\n<p><span style=\"font-family: Roboto; font-size: 14px;\">Covid\u00a019 kurallar\u0131 kapsam\u0131nda vize i\u015flemlerinin ve yurt d\u0131\u015f\u0131 seyahatlerinin nas\u0131l yap\u0131laca\u011f\u0131 herkes taraf\u0131ndan merak edilmekte. Merak edilen \u00fclkelerden birisi de T\u00fcrkiye\u2019den s\u0131k\u00e7a seyahat yap\u0131lan \u0130spanya. \u0130spanya d\u0131\u015f temsilciliklerinden\u00a0covid\u00a019 kapsam\u0131nda yap\u0131lan en g\u00fcncel a\u00e7\u0131klama ise \u015f\u00f6yle:\u00a0\u00a0<\/span><\/p>\r\n<p><span style=\"font-family: Roboto; font-size: 14px;\">\u0130spanya d\u0131\u015f temsilcilikleri vize i\u015flemlerinin g\u00fcncel olarak devam etti\u011fini buna ek olarak\u00a0pandemi\u00a0kapsam\u0131nda \u00f6nlemler al\u0131nd\u0131\u011f\u0131n\u0131 da ekledi.\u00a0\u00a0<\/span><\/p>\r\n<h2><span style=\"font-family: Roboto; font-size: 27px;\"><strong>\u0130spanya Vizesi A\u00e7\u0131ld\u0131 M\u0131?\u00a0\u00a0<\/strong><\/span><\/h2>\r\n<p><span style=\"font-family: Roboto; font-size: 14px;\">Ki\u015filer \u0130spanya vize ba\u015fvuru i\u015flemlerini \u00f6nceden oldu\u011fu gibi y\u00fcr\u00fctebilecekler. \u0130spanya vize i\u015flemlerinde aranan\u00a0en \u00f6nemli\u00a0\u015fart Avrupa \u0130la\u00e7 Ajans\u0131\u2019n\u0131n veya D\u00fcnya Sa\u011fl\u0131k \u00d6rg\u00fct\u00fcn\u00fcn\u00a0onaylad\u0131\u011f\u0131 a\u015f\u0131lardan olmu\u015f olmak. \u0130ki doz Avrupa \u0130la\u00e7 Ajans\u0131 veya D\u00fcnya Sa\u011fl\u0131k \u00d6rg\u00fct\u00fc\u00a0onayl\u0131 a\u015f\u0131 olmayanlar\u0131n \u0130spanya vize talepleri reddedilecek.\u00a0\u00a0<\/span><\/p>\r\n<h3><span style=\"font-family: Roboto; font-size: 22px;\"><strong>Ki\u015filerin seyahatleri\u00a0ve vize i\u015flemleri i\u00e7in \u00f6nemli bilgiler:\u00a0<\/strong><\/span><\/h3>\r\n<ul>\r\n<li><span style=\"font-family: Roboto; font-size: 14px;\">Pfizer-Biontech,\u00a0Moderna, Astra-Zeneca,\u00a0Jansen\/Johnson&amp;Johnson,\u00a0Sinovac\u00a0ve\u00a0Sinopharm\u00a0a\u015f\u0131lar\u0131ndan 2 doz olmak.\u00a0<\/span><\/li>\r\n<li><span style=\"font-family: Roboto; font-size: 14px;\">A\u015f\u0131 Belgesi: Son doz a\u015f\u0131dan 14 g\u00fcn sonra \u0130spanyolca, \u0130ngilizce,\u00a0Frans\u0131zca veya\u00a0Almanca\u00a0d\u00fczenlenmi\u015f belge ibraz edilmelidir.\u00a0<\/span><\/li>\r\n<li><span style=\"font-family: Roboto; font-size: 14px;\">Te\u015fhis Sertifikas\u0131:\u00a0\u0130spanya seyahatinden 48 saat \u00f6nce d\u00fczenlenmeli ve ibraz edilmelidir. (Negatif PCR testi, NAAT\u00a0veya Avrupa Komisyonu ortak listesinde kabul g\u00f6ren negatif antijen testi)\u00a0<\/span><\/li>\r\n<li><span style=\"font-family: Roboto; font-size: 14px;\">\u0130yile\u015fme Belgesi: (Hastal\u0131\u011f\u0131 ge\u00e7irenler i\u00e7in)\u00a0\u00a0<\/span><\/li>\r\n<\/ul>\r\n<p><span style=\"font-family: Roboto; font-size: 14px;\">Ki\u015filer \u0130spanya vize i\u015flemleri i\u00e7in g\u00fcncel bilgiler alabilmek ad\u0131na \u0130spanya d\u0131\u015f temsilcilikleri ile irtibata ge\u00e7ebilir ya da \u0130spanya d\u0131\u015f temsilciliklerinin onaylad\u0131\u011f\u0131 temsilcilikler ve acentelerle g\u00f6r\u00fc\u015febilirler.<\/span><\/p>\r\n<p><span style=\"font-family: Roboto;\">\r\n\r\n\r\n\r\n<\/span><\/p>","protected":false},"excerpt":{"rendered":"<p>\u0130spanya Covid-19 Vize Tedbirleri Korona vir\u00fcs nedeni ile t\u00fcm d\u00fcnya \u00fclkeleri uluslararas\u0131 ula\u015f\u0131mda \u00e7ok ciddi tedbirler almaya ba\u015flad\u0131. Vir\u00fcs\u00fcn h\u0131zla yay\u0131lmas\u0131 nedeniyle yurt d\u0131\u015f\u0131 ve yurt i\u00e7i u\u00e7u\u015flarda bir\u00e7ok \u00fclke k\u0131s\u0131tlama getirmek zorunda kald\u0131. \u0130spanya da bu k\u0131s\u0131tlamalar\u0131 getiren \u00fclkeler aras\u0131nda yer almaktad\u0131r. \u0130spanya Sa\u011fl\u0131k Bakanl\u0131\u011f\u0131 3 May\u0131s 2021 verileri do\u011frultusunda \u00fclkede kay\u0131t alt\u0131na al\u0131nan<\/p>\n","protected":false},"author":1,"featured_media":0,"parent":0,"menu_order":0,"comment_status":"closed","ping_status":"closed","template":"","meta":{"footnotes":""},"class_list":["post-172","page","type-page","status-publish","hentry"],"yoast_head":"<!-- This site is optimized with the Yoast SEO plugin v24.0 - https:\/\/yoast.com\/wordpress\/plugins\/seo\/ -->\n<title>\u0130spanya Vizesi Duyurular\u0131 - \u0130spanya COVID-19 - MyVize<\/title>\n<meta name=\"description\" content=\"\u0130spanya vizesi duyurular\u0131 hakk\u0131nda g\u00fcncel haberler ve veriler i\u00e7in ileti\u015fime ge\u00e7in. \u0130spanya vizesi duyurular\u0131 nelerdir 2022?\" \/>\n<meta name=\"robots\" content=\"index, follow, max-snippet:-1, max-image-preview:large, max-video-preview:-1\" \/>\n<link rel=\"canonical\" href=\"https:\/\/www.myvize.com.tr\/ispanya\/duyurular\/\" \/>\n<meta property=\"og:locale\" content=\"tr_TR\" \/>\n<meta property=\"og:type\" content=\"article\" \/>\n<meta property=\"og:title\" content=\"\u0130spanya Vizesi Duyurular\u0131 - \u0130spanya COVID-19 - MyVize\" \/>\n<meta property=\"og:description\" content=\"\u0130spanya vizesi duyurular\u0131 hakk\u0131nda g\u00fcncel haberler ve veriler i\u00e7in ileti\u015fime ge\u00e7in. \u0130spanya vizesi duyurular\u0131 nelerdir 2022?\" \/>\n<meta property=\"og:url\" content=\"https:\/\/www.myvize.com.tr\/ispanya\/duyurular\/\" \/>\n<meta property=\"og:site_name\" content=\"\u0130spanya Vizesi\" \/>\n<meta property=\"article:modified_time\" content=\"2022-12-19T18:17:17+00:00\" \/>\n<meta name=\"twitter:card\" content=\"summary_large_image\" \/>\n<meta name=\"twitter:label1\" content=\"Tahmini okuma s\u00fcresi\" \/>\n\t<meta name=\"twitter:data1\" content=\"3 dakika\" \/>\n<script type=\"application\/ld+json\" class=\"yoast-schema-graph\">{\"@context\":\"https:\/\/schema.org\",\"@graph\":[{\"@type\":\"WebPage\",\"@id\":\"https:\/\/www.myvize.com.tr\/ispanya\/duyurular\/\",\"url\":\"https:\/\/www.myvize.com.tr\/ispanya\/duyurular\/\",\"name\":\"\u0130spanya Vizesi Duyurular\u0131 - \u0130spanya COVID-19 - MyVize\",\"isPartOf\":{\"@id\":\"https:\/\/www.myvize.com.tr\/ispanya\/#website\"},\"datePublished\":\"0202-06-03T09:00:24+00:00\",\"dateModified\":\"2022-12-19T18:17:17+00:00\",\"description\":\"\u0130spanya vizesi duyurular\u0131 hakk\u0131nda g\u00fcncel haberler ve veriler i\u00e7in ileti\u015fime ge\u00e7in. \u0130spanya vizesi duyurular\u0131 nelerdir 2022?\",\"breadcrumb\":{\"@id\":\"https:\/\/www.myvize.com.tr\/ispanya\/duyurular\/#breadcrumb\"},\"inLanguage\":\"tr\",\"potentialAction\":[{\"@type\":\"ReadAction\",\"target\":[\"https:\/\/www.myvize.com.tr\/ispanya\/duyurular\/\"]}]},{\"@type\":\"BreadcrumbList\",\"@id\":\"https:\/\/www.myvize.com.tr\/ispanya\/duyurular\/#breadcrumb\",\"itemListElement\":[{\"@type\":\"ListItem\",\"position\":1,\"name\":\"Anasayfa\",\"item\":\"https:\/\/www.myvize.com.tr\/ispanya\/\"},{\"@type\":\"ListItem\",\"position\":2,\"name\":\"DUYURULAR\"}]},{\"@type\":\"WebSite\",\"@id\":\"https:\/\/www.myvize.com.tr\/ispanya\/#website\",\"url\":\"https:\/\/www.myvize.com.tr\/ispanya\/\",\"name\":\"\u0130spanya Vizesi\",\"description\":\"\",\"potentialAction\":[{\"@type\":\"SearchAction\",\"target\":{\"@type\":\"EntryPoint\",\"urlTemplate\":\"https:\/\/www.myvize.com.tr\/ispanya\/?s={search_term_string}\"},\"query-input\":{\"@type\":\"PropertyValueSpecification\",\"valueRequired\":true,\"valueName\":\"search_term_string\"}}],\"inLanguage\":\"tr\"}]}<\/script>\n<!-- \/ Yoast SEO plugin. -->","yoast_head_json":{"title":"\u0130spanya Vizesi Duyurular\u0131 - \u0130spanya COVID-19 - MyVize","description":"\u0130spanya vizesi duyurular\u0131 hakk\u0131nda g\u00fcncel haberler ve veriler i\u00e7in ileti\u015fime ge\u00e7in. \u0130spanya vizesi duyurular\u0131 nelerdir 2022?","robots":{"index":"index","follow":"follow","max-snippet":"max-snippet:-1","max-image-preview":"max-image-preview:large","max-video-preview":"max-video-preview:-1"},"canonical":"https:\/\/www.myvize.com.tr\/ispanya\/duyurular\/","og_locale":"tr_TR","og_type":"article","og_title":"\u0130spanya Vizesi Duyurular\u0131 - \u0130spanya COVID-19 - MyVize","og_description":"\u0130spanya vizesi duyurular\u0131 hakk\u0131nda g\u00fcncel haberler ve veriler i\u00e7in ileti\u015fime ge\u00e7in. \u0130spanya vizesi duyurular\u0131 nelerdir 2022?","og_url":"https:\/\/www.myvize.com.tr\/ispanya\/duyurular\/","og_site_name":"\u0130spanya Vizesi","article_modified_time":"2022-12-19T18:17:17+00:00","twitter_card":"summary_large_image","twitter_misc":{"Tahmini okuma s\u00fcresi":"3 dakika"},"schema":{"@context":"https:\/\/schema.org","@graph":[{"@type":"WebPage","@id":"https:\/\/www.myvize.com.tr\/ispanya\/duyurular\/","url":"https:\/\/www.myvize.com.tr\/ispanya\/duyurular\/","name":"\u0130spanya Vizesi Duyurular\u0131 - \u0130spanya COVID-19 - MyVize","isPartOf":{"@id":"https:\/\/www.myvize.com.tr\/ispanya\/#website"},"datePublished":"0202-06-03T09:00:24+00:00","dateModified":"2022-12-19T18:17:17+00:00","description":"\u0130spanya vizesi duyurular\u0131 hakk\u0131nda g\u00fcncel haberler ve veriler i\u00e7in ileti\u015fime ge\u00e7in. \u0130spanya vizesi duyurular\u0131 nelerdir 2022?","breadcrumb":{"@id":"https:\/\/www.myvize.com.tr\/ispanya\/duyurular\/#breadcrumb"},"inLanguage":"tr","potentialAction":[{"@type":"ReadAction","target":["https:\/\/www.myvize.com.tr\/ispanya\/duyurular\/"]}]},{"@type":"BreadcrumbList","@id":"https:\/\/www.myvize.com.tr\/ispanya\/duyurular\/#breadcrumb","itemListElement":[{"@type":"ListItem","position":1,"name":"Anasayfa","item":"https:\/\/www.myvize.com.tr\/ispanya\/"},{"@type":"ListItem","position":2,"name":"DUYURULAR"}]},{"@type":"WebSite","@id":"https:\/\/www.myvize.com.tr\/ispanya\/#website","url":"https:\/\/www.myvize.com.tr\/ispanya\/","name":"\u0130spanya Vizesi","description":"","potentialAction":[{"@type":"SearchAction","target":{"@type":"EntryPoint","urlTemplate":"https:\/\/www.myvize.com.tr\/ispanya\/?s={search_term_string}"},"query-input":{"@type":"PropertyValueSpecification","valueRequired":true,"valueName":"search_term_string"}}],"inLanguage":"tr"}]}},"_links":{"self":[{"href":"https:\/\/www.myvize.com.tr\/ispanya\/wp-json\/wp\/v2\/pages\/172","targetHints":{"allow":["GET"]}}],"collection":[{"href":"https:\/\/www.myvize.com.tr\/ispanya\/wp-json\/wp\/v2\/pages"}],"about":[{"href":"https:\/\/www.myvize.com.tr\/ispanya\/wp-json\/wp\/v2\/types\/page"}],"author":[{"embeddable":true,"href":"https:\/\/www.myvize.com.tr\/ispanya\/wp-json\/wp\/v2\/users\/1"}],"replies":[{"embeddable":true,"href":"https:\/\/www.myvize.com.tr\/ispanya\/wp-json\/wp\/v2\/comments?post=172"}],"version-history":[{"count":5,"href":"https:\/\/www.myvize.com.tr\/ispanya\/wp-json\/wp\/v2\/pages\/172\/revisions"}],"predecessor-version":[{"id":1039,"href":"https:\/\/www.myvize.com.tr\/ispanya\/wp-json\/wp\/v2\/pages\/172\/revisions\/1039"}],"wp:attachment":[{"href":"https:\/\/www.myvize.com.tr\/ispanya\/wp-json\/wp\/v2\/media?parent=172"}],"curies":[{"name":"wp","href":"https:\/\/api.w.org\/{rel}","templated":true}]}}