{"id":182,"date":"2020-12-24T16:02:24","date_gmt":"2020-12-24T13:02:24","guid":{"rendered":"https:\/\/www.myvize.com.tr\/ispanya\/?page_id=182"},"modified":"2022-12-20T21:03:51","modified_gmt":"2022-12-20T18:03:51","slug":"erasmus-vizesi","status":"publish","type":"page","link":"https:\/\/www.myvize.com.tr\/ispanya\/oturum-2\/erasmus-vizesi\/","title":{"rendered":"\u0130spanya Erasmus Vizesi"},"content":{"rendered":"<h2><span style=\"font-family: Roboto; font-size: 27px;\">\u0130spanya Erasmus Vizesi Hakk\u0131nda<\/span><\/h2>\n<p><span style=\"font-family: Roboto; font-size: 14px;\">Avrupa\u2019n\u0131n bir\u00e7ok \u00fclkesi aras\u0131nda ger\u00e7ekle\u015fen Erasmus program\u0131na Erasmus program\u0131na kat\u0131lm\u0131\u015f \u00fcniversite \u00f6\u011frencileri ba\u015fvurabilir. \u00dcniversite de\u011fi\u015fimi olan bu program Avrupa Birli\u011fi E\u011fitim ve Gen\u00e7lik Program\u0131 kapsam\u0131ndaki kriterlere g\u00f6re \u00f6\u011frenciler se\u00e7ilir. S\u0131nav ve ba\u015fvurular\u0131 \u00fcniversite kendi takvimine g\u00f6re belirler. Ayr\u0131ca <strong><span style=\"color: #2acec2;\"><a style=\"color: #2acec2;\" href=\"https:\/\/www.myvize.com.tr\/ispanya\/\" target=\"_blank\" rel=\"noopener\">\u0130spanya<\/a><\/span> Erasmus vizesi<\/strong> almak istiyorsan\u0131z baz\u0131 belgeleri haz\u0131rlamal\u0131 ve baz\u0131 \u015fartlar\u0131 yerine getirmelisiniz.<\/span><\/p>\n<p><span style=\"font-family: Roboto; font-size: 14px;\">&#8211; Vize Talep Dilek\u00e7esi (<strong>Schengen Vizesi<\/strong> al\u0131nmayacakt\u0131r.)<\/span><\/p>\n<p><span style=\"font-family: Roboto; font-size: 14px;\">&#8211; \u00d6\u011frenci Belgesi (\u00d6\u011frenim g\u00f6r\u00fclen \u00fcniversiteden \u0131slak imzal\u0131 olarak temin edilecektir.)<\/span><\/p>\n<p><span style=\"font-family: Roboto; font-size: 14px;\">&#8211; Banka hesab\u0131n\u0131n son 3 ayl\u0131k d\u00f6k\u00fcm\u00fc (Banka d\u00f6k\u00fcm\u00fcn\u00fcn t\u00fcm sayfalar\u0131n\u0131n bankan\u0131z taraf\u0131ndan \u0131slak imzal\u0131 ve ka\u015feli olmas\u0131 istenmektedir.)<\/span><\/p>\n<p><span style=\"font-family: Roboto; font-size: 14px;\">&#8211; Vukuatl\u0131 N\u00fcfus Kay\u0131t \u00d6rne\u011fi (Islak imzal\u0131 olmas\u0131 istendi\u011finden N\u00fcfus M\u00fcd\u00fcrl\u00fc\u011f\u00fc\/ Kaymakaml\u0131k&#8217;tan al\u0131nmas\u0131 gerekir.)<\/span><\/p>\n<p><span style=\"font-family: Roboto; font-size: 14px;\">&#8211; \u0130kametgah \u0130l muhabiri Kay\u0131t \u00d6rne\u011fi<\/span><\/p>\n<p><span style=\"font-family: Roboto; font-size: 14px;\">&#8211; Sponsorluk Yaz\u0131s\u0131 (\u00d6\u011frencinin \u0130spanya&#8217;da bulundu\u011fu s\u0131rada, ya\u015fam ve e\u011fitimi masraflar\u0131n\u0131 kimin \u00fcstlenece\u011fini g\u00f6steren yaz\u0131ya ihtiya\u00e7 vard\u0131r. \u00d6\u011frencinin ebeveynlerinden biri veya kanuni vasisi bu yaz\u0131y\u0131 yazabilir.)<\/span><\/p>\n<p><span style=\"font-family: Roboto; font-size: 14px;\">&#8211; \u00d6\u011frenciye sponsor olan ki\u015finin maa\u015f bordrosu, sponsora ait son 4 ayl\u0131k sgk hizmet d\u00f6k\u00fcm belgesi e-devlet &#8216;ten barkotlu \u00e7\u0131kar\u0131lmas\u0131 gerekiyor.), emekli ise ara\u00e7 ruhsatnamesi ve sponsor \u00fczerine kay\u0131tl\u0131 olan tapu fotokopileri)<\/span><\/p>\n<p><span style=\"font-family: Roboto; font-size: 14px;\">&#8211; \u00d6\u011frencinin T\u00fcrkiye&#8217;de \u00f6\u011frenimine devam etseydi alaca\u011f\u0131 dersler ve kredileri nelerdir, \u0130spanya&#8217;ya gitti\u011finde alaca\u011f\u0131 dersler ve kredileri neler olacakt\u0131r? Bunun yaz\u0131lmas\u0131 gerekiyor. bu bilgiden hareketle kredi e\u015fle\u015fmesi yap\u0131lacakt\u0131r.<\/span><\/p>\n<p><img decoding=\"async\" src=\"https:\/\/www.myvize.com.tr\/ispanya\/wp-content\/uploads\/2021\/10\/31.jpg\" \/><\/p>\n<p><span style=\"font-family: Roboto; font-size: 14px;\">&#8211; \u00d6\u011frencinin kabul edildi\u011fi \u0130spanya&#8217;daki \u00fcniversiteden kabul mektubu (Certificate Of Acceptance) al\u0131nmas\u0131 gerekmektedir. <strong>\u0130ngilizce<\/strong> ve \u0130<strong>spanyolca<\/strong> olacak. Kurumun antetli k\u00e2\u011f\u0131d\u0131na yaz\u0131lan bu mektubun, \u00f6\u011frencinin \u00f6\u011frenim g\u00f6rd\u00fc\u011f\u00fc Erasmus Ofisi&#8217;ne ula\u015fmas\u0131 gerekmektedir.<\/span><\/p>\n<p><span style=\"font-family: Roboto; font-size: 14px;\">&#8211; \u00d6\u011frencinin ve sponsor olan ki\u015finin kimlik kart\u0131n\u0131n \u00f6n-arka y\u00fcz fotokopisi (A4 boyutunda)<\/span><\/p>\n<p><span style=\"font-family: Roboto; font-size: 14px;\">&#8211; Pasaportun i\u015flem g\u00f6rm\u00fc\u015f t\u00fcm sayfalar\u0131n\u0131n fotokopisi<\/span><\/p>\n<p><span style=\"font-family: Roboto; font-size: 14px;\">&#8211; Transcript (\u00dcniversite taraf\u0131ndan imzalanm\u0131\u015f ve m\u00fch\u00fcrl\u00fc olmas\u0131 gerekiyor.)<\/span><\/p>\n<p><span style=\"font-family: Roboto; font-size: 14px;\">&#8211; Learning Agreement Document<\/span><\/p>\n<p><span style=\"font-family: Roboto; font-size: 14px;\">&#8211; \u00d6\u011frenim g\u00f6rece\u011fi s\u0131rada kal\u0131nacak yere ait rezervasyon (Konaklaman\u0131n ba\u015fvuru a\u015famas\u0131nda sat\u0131n al\u0131nmamas\u0131 \u00f6nerilmektedir.)<\/span><\/p>\n<p><span style=\"font-family: Roboto; font-size: 14px;\">&#8211; Sa\u011fl\u0131k Sigorta Poli\u00e7esi (30.000 Euro teminatl\u0131)<\/span><\/p>\n<p><span style=\"font-family: Roboto; font-size: 14px;\">&#8211; \u00d6\u011frenci 90 g\u00fcnden fazla \u0130spanya&#8217;da bulunaca\u011f\u0131 i\u00e7in tam te\u015fekk\u00fcll\u00fc devlet hastanesinden al\u0131nacak sa\u011fl\u0131k raporu (Apostilli ve \u0130spanyolca terc\u00fcmeli olacak)<\/span><\/p>\n<p><span style=\"font-family: Roboto; font-size: 14px;\">&#8211; Adli sicil kayd\u0131 (Apostilli ve \u0130spanyolca terc\u00fcmeli olacak)<\/span><\/p>\n<p><span style=\"font-family: Roboto; font-size: 14px;\">&#8211; 68USD vize \u00fccreti (Erasmus arac\u0131l\u0131\u011f\u0131yla hibeli gidenlerden vize \u00fccreti talep edilmez.)<\/span><\/p>\n<p><span style=\"font-family: Roboto; font-size: 14px;\"><strong>\u0130spanya Konsolosluk<\/strong> binas\u0131na (Levent&#8217;te bulunmaktad\u0131r.) bizzat \u00f6\u011frencinin kendisi giderek ba\u015fvuru yapmal\u0131d\u0131r.\u00a0<\/span><\/p>\n<p><span style=\"font-family: Roboto; font-size: 14px;\">Belgelerde eksiklik \u00e7\u0131karsa Konsolosluk taraf\u0131ndan &#8216;Eksik Evrak Formu&#8217; d\u00fczenlenir. Vize i\u00e7in ba\u015fvurdu\u011funuz tarihten itibaren 10 g\u00fcn i\u00e7inde eksik evraklar\u0131 tamamlaman\u0131z istenecektir.<\/span><\/p>\n<h2><span style=\"font-family: Roboto; font-size: 27px;\">\u0130spanya Erasmus Vizesi Nas\u0131l Al\u0131n\u0131r?<\/span><\/h2>\n<p><span style=\"font-family: Roboto; font-size: 14px;\">Okul de\u011fi\u015fimi program\u0131na ba\u015fvurmak isteyen \u00f6\u011frenciler gerekli <strong>Schengen vizesi<\/strong> evraklar\u0131n\u0131 derleyerek ba\u015fvuruda bulunabilir. Ayr\u0131ca konsoloslu\u011fun isteklerine g\u00f6re ek belgeler gerekebilir. Kabul mektubu ve T\u00fcrkiye\u2019de e\u011fitim g\u00f6rd\u00fc\u011f\u00fc okuldan verilen yaz\u0131 \u00f6nemlidir. Ayr\u0131ca ba\u015fvuran ki\u015finin not ortalamas\u0131 y\u00fcksek olmas\u0131 gerekmektedir. Bu gibi gerekli i\u015flemleri halelden ki\u015filerin ba\u015fvurusunda sorun \u00e7\u0131kmazsa 7-10 i\u015f g\u00fcn\u00fc i\u00e7erisinde vize verilir. Olas\u0131 durumlarda veya resm\u00ee tatillerde bu s\u00fcre uzayabilir, de\u011fi\u015fkenlik g\u00f6sterebilir.<\/span><\/p>\n<p><img decoding=\"async\" src=\"https:\/\/www.myvize.com.tr\/ispanya\/wp-content\/uploads\/2021\/10\/32.jpg\" \/><\/p>\n<h2><span style=\"font-family: Roboto; font-size: 27px;\">\u0130spanya Erasmus Vizesi \u0130\u00e7in Gerekli Evrak Listesi<\/span><\/h2>\n<p><span style=\"font-family: Roboto; font-size: 14px;\"><strong>\u0130spanya Erasmus vizesi<\/strong> almak istiyorsan\u0131z sizlerden baz\u0131 evrak ve belgeler istenecektir. Bu belgelerin eksik oldu\u011fu bir durumda <strong>\u0130ngiltere Erasmus vizesi<\/strong> alamazs\u0131n\u0131z. Bu nedenle gerekli olan belgeleri haz\u0131rlaman\u0131z gerekir. \u0130ngiltere Erasmus vizesi i\u00e7in gerekli olan belge ve evraklar \u015fu \u015fekilde s\u0131ralanabilir.<\/span><\/p>\n<ul>\n<li><span style=\"font-family: Roboto; font-size: 14px;\"><span style=\"color: #2acec2;\"><strong><a style=\"color: #2acec2;\" href=\"https:\/\/www.myvize.com.tr\/ispanya\/vize-islemleri\/ispanya-schengen-vizesi\/\" target=\"_blank\" rel=\"noopener\">\u0130spanya Schengen vizesi<\/a><\/strong><\/span> ba\u015fvuru formu<\/span><\/li>\n<li><span style=\"font-family: Roboto; font-size: 14px;\">3 aydan eski olmayan beyaz fonlu biyometrik foto\u011fraf<\/span><\/li>\n<li><span style=\"font-family: Roboto; font-size: 14px;\">En az 3 ay 15 g\u00fcn ge\u00e7erlili\u011fi olan 10 y\u0131ldan eski olmayan pasaport<\/span><\/li>\n<li><span style=\"font-family: Roboto; font-size: 14px;\">Muhtarl\u0131ktan veya n\u00fcfus m\u00fcd\u00fcrl\u00fc\u011f\u00fcnden al\u0131nan ikametg\u00e2h belgesi<\/span><\/li>\n<li><span style=\"font-family: Roboto; font-size: 14px;\">\u00d6\u011frenci Belgesi<\/span><\/li>\n<li><span style=\"font-family: Roboto; font-size: 14px;\">N\u00fcfus c\u00fczdan\u0131 ve yan\u0131nda pasaport fotokopisi<\/span><\/li>\n<li><span style=\"font-family: Roboto;\"><span style=\"font-size: 14px;\">Muvafakat name<\/span><\/span><\/li>\n<li><span style=\"font-family: Roboto; font-size: 14px;\">Ders saatlerini bildiren belge<\/span><\/li>\n<li><span style=\"font-family: Roboto; font-size: 14px;\">E\u011fitim masraflar\u0131n\u0131n \u00f6dendi\u011fine dair dekont<\/span><\/li>\n<li><span style=\"font-family: Roboto; font-size: 14px;\">\u0130spanya\u2019da kal\u0131nacak s\u00fcre boyunca orada bulunmaya yeterli bakiye oldu\u011funa dair bankadan al\u0131nan ka\u015feli banka hesap \u00f6zeti<\/span><\/li>\n<li><span style=\"font-family: Roboto; font-size: 14px;\">\u0130spanya\u2019da e\u011fitim s\u00fcresi boyunca kal\u0131nacak yurdun \u00fccretinin \u00f6deme dekontu<\/span><\/li>\n<li><span style=\"font-family: Roboto; font-size: 14px;\">Davet ve Destek mektuplar\u0131<\/span><\/li>\n<li><span style=\"font-family: Roboto; font-size: 14px;\">Sponsorluk belgeleri<\/span><\/li>\n<li><span style=\"font-family: Roboto; font-size: 14px;\">U\u00e7ak rezervasyon belgeleri<\/span><\/li>\n<\/ul>\n<h2><strong><span style=\"font-family: Roboto; font-size: 27px;\">\u0130spanya Erasmus Vizesi Almak<\/span><\/strong><\/h2>\n<p><span style=\"font-family: Roboto; font-size: 14px;\">\u0130spanya\u2019ya Erasmus kapsam\u0131nda gidecek olan ki\u015filerin <strong>\u0130spanya Erasmus vizesi<\/strong> almas\u0131 gerekmektedir. <strong>\u0130spanya Erasmus vize<\/strong> ba\u015fvurusu, \u0130spanya temsilciliklerine ya da vize ba\u015fvuru merkezlerine yap\u0131labilmektedir. Bunun i\u00e7in gerekli belgeler haz\u0131rlanmal\u0131 ve \u0130spanya Konsoloslu\u011fu\u2019na dosya halinde sunulmal\u0131d\u0131r. Ba\u015fvuru i\u00e7in \u00f6ncelikle <strong>vize ba\u015fvuru formu<\/strong> doldurulmal\u0131 ve ard\u0131ndan randevu al\u0131nmal\u0131d\u0131r. Randevu tarihinde <strong>\u0130spanya Erasmus vizesi<\/strong> i\u00e7in gerekli olan belgeler teslim edilmelidir.<\/span><\/p>\n<p><span style=\"font-family: Roboto; font-size: 14px;\"><strong>\u0130spanya Erasmus vizesi<\/strong> i\u00e7in ba\u015fvuru sahibinin \u0130spanya\u2019da e\u011fitim g\u00f6rece\u011fi \u00fcniversiteden ya da y\u00fcksekokuldan kabul belgesi almas\u0131 gerekmektedir. Ayr\u0131ca bu kurum taraf\u0131ndan davetiye almal\u0131d\u0131r. Bu davetiyenin asl\u0131n\u0131n olmas\u0131 \u00e7ok \u00f6nemlidir.<\/span><\/p>\n<p><span style=\"font-family: Roboto; font-size: 14px;\"><strong>\u0130spanya Erasmus vizesi<\/strong> i\u00e7in gerekli belgeler;<\/span><\/p>\n<ul>\n<li><span style=\"font-family: Roboto; font-size: 14px;\">\u0130spanya vize talep dilek\u00e7esi<\/span><\/li>\n<li><span style=\"color: #2acec2;\"><strong><a style=\"color: #2acec2;\" href=\"https:\/\/www.myvize.com.tr\/ispanya\/form-ve-dilekce\/ispanya-vize-basvuru-formu\/\" target=\"_blank\" rel=\"noopener\"><span style=\"font-family: Roboto; font-size: 14px;\">\u0130spanya vize ba\u015fvuru formu<\/span><\/a><\/strong><\/span><\/li>\n<li><span style=\"font-family: Roboto; font-size: 14px;\">Biyometrik foto\u011fraf<\/span><\/li>\n<li><span style=\"font-family: Roboto; font-size: 14px;\">Pasaport<\/span><\/li>\n<li><span style=\"font-family: Roboto; font-size: 14px;\">Davetiye<\/span><\/li>\n<li><span style=\"font-family: Roboto; font-size: 14px;\">Seyahat sa\u011fl\u0131k sigortas\u0131<\/span><\/li>\n<li><span style=\"font-family: Roboto; font-size: 14px;\">Noter tasdikli taahh\u00fctname<\/span><\/li>\n<li><span style=\"font-family: Roboto; font-size: 14px;\">\u0130spanya\u2019da bulunan okuldan al\u0131nm\u0131\u015f kabul belgesi<\/span><\/li>\n<li><span style=\"font-family: Roboto; font-size: 14px;\">Tam vukuatl\u0131 n\u00fcfus kay\u0131t \u00f6rne\u011fi<\/span><\/li>\n<li><span style=\"font-family: Roboto; font-size: 14px;\">Kimlik fotokopisi<\/span><\/li>\n<li><span style=\"font-family: Roboto; font-size: 14px;\">Konaklama bilgileri<\/span><\/li>\n<li><span style=\"font-family: Roboto; font-size: 14px;\">Banka hesap d\u00f6k\u00fcm\u00fc<\/span><\/li>\n<li><span style=\"font-family: Roboto; font-size: 14px;\">\u00d6\u011frencinin masraflar\u0131n\u0131 ba\u015fkas\u0131 kar\u015f\u0131layacak ise sponsor evraklar\u0131<\/span><\/li>\n<li><span style=\"font-family: Roboto; font-size: 14px;\">18 ya\u015f\u0131ndan k\u00fc\u00e7\u00fckler i\u00e7in muvafakatname<\/span><\/li>\n<li><span style=\"font-family: Roboto; font-size: 14px;\">E\u011fitim program\u0131 sertifikas\u0131<\/span><\/li>\n<li><span style=\"font-family: Roboto; font-size: 14px;\">Adli sicil kayd\u0131<\/span><\/li>\n<li><span style=\"font-family: Roboto; font-size: 14px;\">U\u00e7u\u015f bilgileri<\/span><\/li>\n<\/ul>\n<p><span style=\"font-family: Roboto; font-size: 14px;\"><strong>\u0130spanya Konsoloslu\u011fu<\/strong> bu belgelerin yan\u0131nda ba\u015fvuru sahibinden ek belge talep edebilir veya y\u00fcz y\u00fcze g\u00f6r\u00fc\u015fmeye \u00e7a\u011f\u0131rabilir. <strong>\u0130spanya Erasmus vize<\/strong> ba\u015fvurular\u0131 ortalama olarak 15 g\u00fcn i\u00e7erisinde sonu\u00e7lanmaktad\u0131r.<\/span><\/p>\n","protected":false},"excerpt":{"rendered":"<p>\u0130spanya Erasmus Vizesi Hakk\u0131nda Avrupa\u2019n\u0131n bir\u00e7ok \u00fclkesi aras\u0131nda ger\u00e7ekle\u015fen Erasmus program\u0131na Erasmus program\u0131na kat\u0131lm\u0131\u015f \u00fcniversite \u00f6\u011frencileri ba\u015fvurabilir. \u00dcniversite de\u011fi\u015fimi olan bu program Avrupa Birli\u011fi E\u011fitim ve Gen\u00e7lik Program\u0131 kapsam\u0131ndaki kriterlere g\u00f6re \u00f6\u011frenciler se\u00e7ilir. S\u0131nav ve ba\u015fvurular\u0131 \u00fcniversite kendi takvimine g\u00f6re belirler. Ayr\u0131ca \u0130spanya Erasmus vizesi almak istiyorsan\u0131z baz\u0131 belgeleri haz\u0131rlamal\u0131 ve baz\u0131 \u015fartlar\u0131 yerine getirmelisiniz.<\/p>\n","protected":false},"author":1,"featured_media":0,"parent":163,"menu_order":0,"comment_status":"open","ping_status":"closed","template":"","meta":{"footnotes":""},"class_list":["post-182","page","type-page","status-publish","hentry"],"yoast_head":"<!-- This site is optimized with the Yoast SEO plugin v24.0 - https:\/\/yoast.com\/wordpress\/plugins\/seo\/ -->\n<title>\u0130spanya Erasmus Vizesi - \u0130spanya Vize \u0130\u015flemi - MyVize<\/title>\n<meta name=\"description\" content=\"\u0130spanya erasmus vizesi i\u00e7in gerekli \u015fartlar ve g\u00fcncel evrak listesi. Kabul mektubu \u00f6rne\u011fi ve g\u00f6rsel anlat\u0131m.\" \/>\n<meta name=\"robots\" content=\"index, follow, max-snippet:-1, max-image-preview:large, max-video-preview:-1\" \/>\n<link rel=\"canonical\" href=\"https:\/\/www.myvize.com.tr\/ispanya\/oturum-2\/erasmus-vizesi\/\" \/>\n<meta property=\"og:locale\" content=\"tr_TR\" \/>\n<meta property=\"og:type\" content=\"article\" \/>\n<meta property=\"og:title\" content=\"\u0130spanya Erasmus Vizesi - \u0130spanya Vize \u0130\u015flemi - MyVize\" \/>\n<meta property=\"og:description\" content=\"\u0130spanya erasmus vizesi i\u00e7in gerekli \u015fartlar ve g\u00fcncel evrak listesi. Kabul mektubu \u00f6rne\u011fi ve g\u00f6rsel anlat\u0131m.\" \/>\n<meta property=\"og:url\" content=\"https:\/\/www.myvize.com.tr\/ispanya\/oturum-2\/erasmus-vizesi\/\" \/>\n<meta property=\"og:site_name\" content=\"\u0130spanya Vizesi\" \/>\n<meta property=\"article:modified_time\" content=\"2022-12-20T18:03:51+00:00\" \/>\n<meta property=\"og:image\" content=\"https:\/\/www.myvize.com.tr\/ispanya\/wp-content\/uploads\/2021\/10\/31.jpg\" \/>\n<meta name=\"twitter:card\" content=\"summary_large_image\" \/>\n<meta name=\"twitter:label1\" content=\"Tahmini okuma s\u00fcresi\" \/>\n\t<meta name=\"twitter:data1\" content=\"4 dakika\" \/>\n<script type=\"application\/ld+json\" class=\"yoast-schema-graph\">{\"@context\":\"https:\/\/schema.org\",\"@graph\":[{\"@type\":\"WebPage\",\"@id\":\"https:\/\/www.myvize.com.tr\/ispanya\/oturum-2\/erasmus-vizesi\/\",\"url\":\"https:\/\/www.myvize.com.tr\/ispanya\/oturum-2\/erasmus-vizesi\/\",\"name\":\"\u0130spanya Erasmus Vizesi - \u0130spanya Vize \u0130\u015flemi - MyVize\",\"isPartOf\":{\"@id\":\"https:\/\/www.myvize.com.tr\/ispanya\/#website\"},\"primaryImageOfPage\":{\"@id\":\"https:\/\/www.myvize.com.tr\/ispanya\/oturum-2\/erasmus-vizesi\/#primaryimage\"},\"image\":{\"@id\":\"https:\/\/www.myvize.com.tr\/ispanya\/oturum-2\/erasmus-vizesi\/#primaryimage\"},\"thumbnailUrl\":\"https:\/\/www.myvize.com.tr\/ispanya\/wp-content\/uploads\/2021\/10\/31.jpg\",\"datePublished\":\"2020-12-24T13:02:24+00:00\",\"dateModified\":\"2022-12-20T18:03:51+00:00\",\"description\":\"\u0130spanya erasmus vizesi i\u00e7in gerekli \u015fartlar ve g\u00fcncel evrak listesi. Kabul mektubu \u00f6rne\u011fi ve g\u00f6rsel anlat\u0131m.\",\"breadcrumb\":{\"@id\":\"https:\/\/www.myvize.com.tr\/ispanya\/oturum-2\/erasmus-vizesi\/#breadcrumb\"},\"inLanguage\":\"tr\",\"potentialAction\":[{\"@type\":\"ReadAction\",\"target\":[\"https:\/\/www.myvize.com.tr\/ispanya\/oturum-2\/erasmus-vizesi\/\"]}]},{\"@type\":\"ImageObject\",\"inLanguage\":\"tr\",\"@id\":\"https:\/\/www.myvize.com.tr\/ispanya\/oturum-2\/erasmus-vizesi\/#primaryimage\",\"url\":\"https:\/\/www.myvize.com.tr\/ispanya\/wp-content\/uploads\/2021\/10\/31.jpg\",\"contentUrl\":\"https:\/\/www.myvize.com.tr\/ispanya\/wp-content\/uploads\/2021\/10\/31.jpg\",\"width\":800,\"height\":500,\"caption\":\"\u0130spanya Erasmus Vizesi\"},{\"@type\":\"BreadcrumbList\",\"@id\":\"https:\/\/www.myvize.com.tr\/ispanya\/oturum-2\/erasmus-vizesi\/#breadcrumb\",\"itemListElement\":[{\"@type\":\"ListItem\",\"position\":1,\"name\":\"Anasayfa\",\"item\":\"https:\/\/www.myvize.com.tr\/ispanya\/\"},{\"@type\":\"ListItem\",\"position\":2,\"name\":\"OTURUM\",\"item\":\"https:\/\/www.myvize.com.tr\/ispanya\/oturum-2\/\"},{\"@type\":\"ListItem\",\"position\":3,\"name\":\"\u0130spanya Erasmus Vizesi\"}]},{\"@type\":\"WebSite\",\"@id\":\"https:\/\/www.myvize.com.tr\/ispanya\/#website\",\"url\":\"https:\/\/www.myvize.com.tr\/ispanya\/\",\"name\":\"\u0130spanya Vizesi\",\"description\":\"\",\"potentialAction\":[{\"@type\":\"SearchAction\",\"target\":{\"@type\":\"EntryPoint\",\"urlTemplate\":\"https:\/\/www.myvize.com.tr\/ispanya\/?s={search_term_string}\"},\"query-input\":{\"@type\":\"PropertyValueSpecification\",\"valueRequired\":true,\"valueName\":\"search_term_string\"}}],\"inLanguage\":\"tr\"}]}<\/script>\n<!-- \/ Yoast SEO plugin. -->","yoast_head_json":{"title":"\u0130spanya Erasmus Vizesi - \u0130spanya Vize \u0130\u015flemi - MyVize","description":"\u0130spanya erasmus vizesi i\u00e7in gerekli \u015fartlar ve g\u00fcncel evrak listesi. Kabul mektubu \u00f6rne\u011fi ve g\u00f6rsel anlat\u0131m.","robots":{"index":"index","follow":"follow","max-snippet":"max-snippet:-1","max-image-preview":"max-image-preview:large","max-video-preview":"max-video-preview:-1"},"canonical":"https:\/\/www.myvize.com.tr\/ispanya\/oturum-2\/erasmus-vizesi\/","og_locale":"tr_TR","og_type":"article","og_title":"\u0130spanya Erasmus Vizesi - \u0130spanya Vize \u0130\u015flemi - MyVize","og_description":"\u0130spanya erasmus vizesi i\u00e7in gerekli \u015fartlar ve g\u00fcncel evrak listesi. Kabul mektubu \u00f6rne\u011fi ve g\u00f6rsel anlat\u0131m.","og_url":"https:\/\/www.myvize.com.tr\/ispanya\/oturum-2\/erasmus-vizesi\/","og_site_name":"\u0130spanya Vizesi","article_modified_time":"2022-12-20T18:03:51+00:00","og_image":[{"url":"https:\/\/www.myvize.com.tr\/ispanya\/wp-content\/uploads\/2021\/10\/31.jpg","type":"","width":"","height":""}],"twitter_card":"summary_large_image","twitter_misc":{"Tahmini okuma s\u00fcresi":"4 dakika"},"schema":{"@context":"https:\/\/schema.org","@graph":[{"@type":"WebPage","@id":"https:\/\/www.myvize.com.tr\/ispanya\/oturum-2\/erasmus-vizesi\/","url":"https:\/\/www.myvize.com.tr\/ispanya\/oturum-2\/erasmus-vizesi\/","name":"\u0130spanya Erasmus Vizesi - \u0130spanya Vize \u0130\u015flemi - MyVize","isPartOf":{"@id":"https:\/\/www.myvize.com.tr\/ispanya\/#website"},"primaryImageOfPage":{"@id":"https:\/\/www.myvize.com.tr\/ispanya\/oturum-2\/erasmus-vizesi\/#primaryimage"},"image":{"@id":"https:\/\/www.myvize.com.tr\/ispanya\/oturum-2\/erasmus-vizesi\/#primaryimage"},"thumbnailUrl":"https:\/\/www.myvize.com.tr\/ispanya\/wp-content\/uploads\/2021\/10\/31.jpg","datePublished":"2020-12-24T13:02:24+00:00","dateModified":"2022-12-20T18:03:51+00:00","description":"\u0130spanya erasmus vizesi i\u00e7in gerekli \u015fartlar ve g\u00fcncel evrak listesi. Kabul mektubu \u00f6rne\u011fi ve g\u00f6rsel anlat\u0131m.","breadcrumb":{"@id":"https:\/\/www.myvize.com.tr\/ispanya\/oturum-2\/erasmus-vizesi\/#breadcrumb"},"inLanguage":"tr","potentialAction":[{"@type":"ReadAction","target":["https:\/\/www.myvize.com.tr\/ispanya\/oturum-2\/erasmus-vizesi\/"]}]},{"@type":"ImageObject","inLanguage":"tr","@id":"https:\/\/www.myvize.com.tr\/ispanya\/oturum-2\/erasmus-vizesi\/#primaryimage","url":"https:\/\/www.myvize.com.tr\/ispanya\/wp-content\/uploads\/2021\/10\/31.jpg","contentUrl":"https:\/\/www.myvize.com.tr\/ispanya\/wp-content\/uploads\/2021\/10\/31.jpg","width":800,"height":500,"caption":"\u0130spanya Erasmus Vizesi"},{"@type":"BreadcrumbList","@id":"https:\/\/www.myvize.com.tr\/ispanya\/oturum-2\/erasmus-vizesi\/#breadcrumb","itemListElement":[{"@type":"ListItem","position":1,"name":"Anasayfa","item":"https:\/\/www.myvize.com.tr\/ispanya\/"},{"@type":"ListItem","position":2,"name":"OTURUM","item":"https:\/\/www.myvize.com.tr\/ispanya\/oturum-2\/"},{"@type":"ListItem","position":3,"name":"\u0130spanya Erasmus Vizesi"}]},{"@type":"WebSite","@id":"https:\/\/www.myvize.com.tr\/ispanya\/#website","url":"https:\/\/www.myvize.com.tr\/ispanya\/","name":"\u0130spanya Vizesi","description":"","potentialAction":[{"@type":"SearchAction","target":{"@type":"EntryPoint","urlTemplate":"https:\/\/www.myvize.com.tr\/ispanya\/?s={search_term_string}"},"query-input":{"@type":"PropertyValueSpecification","valueRequired":true,"valueName":"search_term_string"}}],"inLanguage":"tr"}]}},"_links":{"self":[{"href":"https:\/\/www.myvize.com.tr\/ispanya\/wp-json\/wp\/v2\/pages\/182","targetHints":{"allow":["GET"]}}],"collection":[{"href":"https:\/\/www.myvize.com.tr\/ispanya\/wp-json\/wp\/v2\/pages"}],"about":[{"href":"https:\/\/www.myvize.com.tr\/ispanya\/wp-json\/wp\/v2\/types\/page"}],"author":[{"embeddable":true,"href":"https:\/\/www.myvize.com.tr\/ispanya\/wp-json\/wp\/v2\/users\/1"}],"replies":[{"embeddable":true,"href":"https:\/\/www.myvize.com.tr\/ispanya\/wp-json\/wp\/v2\/comments?post=182"}],"version-history":[{"count":5,"href":"https:\/\/www.myvize.com.tr\/ispanya\/wp-json\/wp\/v2\/pages\/182\/revisions"}],"predecessor-version":[{"id":1040,"href":"https:\/\/www.myvize.com.tr\/ispanya\/wp-json\/wp\/v2\/pages\/182\/revisions\/1040"}],"up":[{"embeddable":true,"href":"https:\/\/www.myvize.com.tr\/ispanya\/wp-json\/wp\/v2\/pages\/163"}],"wp:attachment":[{"href":"https:\/\/www.myvize.com.tr\/ispanya\/wp-json\/wp\/v2\/media?parent=182"}],"curies":[{"name":"wp","href":"https:\/\/api.w.org\/{rel}","templated":true}]}}