{"id":184,"date":"2020-12-24T16:02:56","date_gmt":"2020-12-24T13:02:56","guid":{"rendered":"https:\/\/www.myvize.com.tr\/ispanya\/?page_id=184"},"modified":"2022-07-29T12:03:57","modified_gmt":"2022-07-29T09:03:57","slug":"cocuklar-icin-ispanya-vatandasligi","status":"publish","type":"page","link":"https:\/\/www.myvize.com.tr\/ispanya\/vatandaslik\/cocuklar-icin-ispanya-vatandasligi\/","title":{"rendered":"\u00c7ocuklar \u0130\u00e7in \u0130spanya Vatanda\u015fl\u0131\u011f\u0131"},"content":{"rendered":"<p><span style=\"font-family: Roboto; font-size: 14px;\">AB \u00fclkeleri bir\u00e7ok Kanun hususunda ortak hareket etme karar\u0131 alm\u0131\u015flard\u0131r. AB \u00fclkeleri aras\u0131nda bir\u00e7ok kanunun uygulamas\u0131 ayn\u0131d\u0131r, ancak baz\u0131 kanunlar istisna te\u015fkil etmektedir. Bu kanunlardan bir tanesi de &#8216;AB \u00fclkelerinde do\u011fan \u00e7ocuklar\u0131n hangi \u00fclkelerin vatanda\u015fl\u0131\u011f\u0131n\u0131 alaca\u011f\u0131&#8217; ile ilgilidir. \u0130spanya&#8217;da do\u011fan ve \u0130spanyolca konu\u015fan \u00fclkelerin ebeveynlerine ait olan \u00e7ocuklar\u0131n \u0130spanya vatanda\u015fl\u0131\u011f\u0131n\u0131 alma haklar\u0131 bulunmaktad\u0131r. \u00c7ocu\u011fun vatanda\u015fl\u0131k m\u00fcracaat\u0131 i\u00e7in do\u011fum belgesi, sizin <span style=\"color: #2acec2;\"><strong><a style=\"color: #2acec2;\" href=\"https:\/\/www.myvize.com.tr\/ispanya\/vize-islemleri\/ispanya-oturum-izni\/\" target=\"_blank\" rel=\"noopener\">\u0130spanya oturum izni <\/a><\/strong><\/span>belgeniz talep edilecektir.<\/span><\/p>\n<p><span style=\"font-family: Roboto; font-size: 14px;\">\u0130spanya topraklar\u0131nda do\u011fmu\u015f \u00e7ocuklar\u0131n 1 ya\u015f\u0131na bast\u0131\u011f\u0131nda \u0130spanya pasaportuna sahip olma haklar\u0131 da bulunmaktad\u0131r. Bu hak \u00f6nemli bir hakt\u0131r. \u00c7\u00fcnk\u00fc ileride \u00e7ocuklar <strong>\u0130spanya Devlet<\/strong> okullar\u0131ndan birinde okumak isteyebilir, Schengen vizesine dahil olan AB \u00fclkelerinden birinde \u00f6\u011frenim g\u00f6rmek isteyebilir. \u0130spanya d\u0131\u015f\u0131 \u00fclkelerden gelen ve \u00f6\u011frenim g\u00f6rmek i\u00e7in \u0130spanya&#8217;y\u0131 se\u00e7mi\u015f \u00f6\u011frencilerin ders kredisi ba\u015f\u0131na \u00f6dedikleri e\u011fitim \u00fccreti, \u0130spanya vatanda\u015fl\u0131\u011f\u0131n\u0131 kazanm\u0131\u015f \u00e7ocuklara g\u00f6re 2-3 kat daha fazlad\u0131r. \u00c7ocuklar ileride vatanda\u015fl\u0131\u011f\u0131n vermi\u015f oldu\u011fu bir\u00e7ok hakk\u0131 kullanabilirler. (\u0130spanya devletinde devlet memuru olma hakk\u0131 da dahil) Dolay\u0131s\u0131yla <strong>\u0130spanyol vatanda\u015fl\u0131\u011f\u0131<\/strong> hakk\u0131 \u00f6nemli bir hakt\u0131r.<\/span><\/p>\n<p><span style=\"font-family: Roboto; font-size: 14px;\">Farkl\u0131 \u00fclkelerden gelen ve \u0130spanya&#8217;da ya\u015fayan ailelerin \u00e7ocuklar\u0131 bir ya\u015f\u0131na geldi\u011finde,<strong> \u0130spanyol vatanda\u015f\u0131<\/strong> olma hakk\u0131 kazanmaktad\u0131rlar. Bebe\u011fin \u0130spanya topraklar\u0131nda do\u011fmu\u015f olmas\u0131 \u015fart\u0131 ile, bebek bir ya\u015f\u0131na bast\u0131\u011f\u0131nda ebeveynler \u0130spanyol makamlar\u0131na &#8216;bebe\u011fin vatanda\u015fl\u0131\u011f\u0131&#8217; i\u00e7in ba\u015fvuruda bulunabileceklerdir. Aile \u00e7al\u0131\u015fma i\u00e7in \u0130spanya&#8217;ya gitmi\u015fse ve kendilerine <strong>oturum izni<\/strong> verildi\u011finde, aile birli\u011fi i\u00e7in \u00e7ocuklar i\u00e7in de <strong>oturum izni<\/strong> otomatik olarak \u00e7\u0131kmaktad\u0131r. Oturum m\u00fcsaadesinin kaybedilmemesi i\u00e7in, 6 aydan daha uzun s\u00fcreyle ba\u015fka \u00fclke topraklar\u0131nda bulunulmamas\u0131 veya en ge\u00e7 6 ayda bir \u0130spanya \u00fclkesine giri\u015f-\u00e7\u0131k\u0131\u015f yapman\u0131z gerekmektedir.<\/span><\/p>\n<p><img decoding=\"async\" src=\"https:\/\/www.myvize.com.tr\/ispanya\/wp-content\/uploads\/2021\/10\/34.jpg\" \/><\/p>\n<h2><strong><span style=\"font-family: Roboto; font-size: 27px;\">\u00c7ocuklar \u0130\u00e7in \u0130spanya Vatanda\u015fl\u0131\u011f\u0131 Hakk\u0131nda<\/span><\/strong><\/h2>\n<p><span style=\"font-family: Roboto; font-size: 14px;\"><strong>\u0130spanya vatanda\u015fl\u0131k<\/strong> tasar\u0131s\u0131na g\u00f6re; \u0130spanya vatanda\u015fl\u0131\u011f\u0131 alabilmek i\u00e7in k\u0131sa ve uzun prosed\u00fcrler getirilmi\u015ftir. \u0130spanya k\u0131sa vatanda\u015fl\u0131k prosed\u00fcr\u00fcne g\u00f6re; 18 ya\u015f\u0131nda olmal\u0131, 5 y\u0131l aral\u0131ks\u0131z olarak \u0130spanya\u2019da ikamet ediyor olmal\u0131 ve \u0130spanya resmi dilinden en az birisini iyi derecede bilmek gerekmektedir. Ayr\u0131ca \u0130spanya toplumsal uyumu ispat etmeniz ve en az 468 g\u00fcn \u0130spanya\u2019da \u00e7al\u0131\u015fm\u0131\u015f olman\u0131z gerekmektedir. Ayr\u0131ca \u0130spanya uyum kurusuna ve 400 saatlik meslek e\u011fitim program\u0131na kat\u0131l\u0131p diploma alman\u0131z gerekmektedir. Engelli ve ya\u015fl\u0131lar i\u00e7in 5 y\u0131ll\u0131k ikamet \u015fart\u0131 aranmamaktad\u0131r.<\/span><\/p>\n<p><span style=\"font-family: Roboto; font-size: 14px;\">Uzun prosed\u00fcre g\u00f6re ise 10 y\u0131l yasal olarak \u0130spanya\u2019da ikamet etmi\u015f olmak, resmi dillerden en az birisini bilmek, toplumsal uyum sa\u011flamak gerekmektedir. Bu prosed\u00fcre g\u00f6re 468 g\u00fcn \u00e7al\u0131\u015fma \u015fart\u0131 aranmamaktad\u0131r.<\/span><\/p>\n<p><span style=\"font-family: Roboto; font-size: 14px;\">\u00c7ocuklar i\u00e7in <strong>\u0130spanya vatanda\u015fl\u0131\u011f\u0131<\/strong> ise \u015fu \u015fekildedir;<\/span><\/p>\n<ul>\n<li><span style=\"font-family: Roboto; font-size: 14px;\">Anne ve babas\u0131<strong> \u0130spanya vatanda\u015f\u0131<\/strong> olan \u00e7ocuklar, \u0130spanya vatanda\u015f\u0131 olarak kabul edilmektedir.<\/span><\/li>\n<li><span style=\"font-family: Roboto; font-size: 14px;\">Anne ya da babas\u0131 \u0130spanya vatanda\u015f\u0131 olan, \u0130spanya\u2019da do\u011fmu\u015f \u00e7ocuklar da \u0130spanya vatanda\u015f\u0131 olarak kaydedilir.<\/span><\/li>\n<li><span style=\"font-family: Roboto; font-size: 14px;\">Anne ve babas\u0131 \u0130spanya vatanda\u015f\u0131 olmayan ve \u0130spanya\u2019da do\u011fmu\u015f olan \u00e7ocuklar \u0130spanya N\u00fcfus M\u00fcd\u00fcrl\u00fc\u011f\u00fc\u2019ne vatanda\u015fl\u0131k ba\u015fvurusunda bulunabilir.<\/span><\/li>\n<li><span style=\"font-family: Roboto; font-size: 14px;\">Anne ve babas\u0131 belli olmayan, \u0130spanya\u2019da do\u011fan \u00e7ocuklar yine <strong>\u0130spanya vatanda\u015f\u0131<\/strong> olarak kaydedilir.<\/span><\/li>\n<li><span style=\"font-family: Roboto; font-size: 14px;\">18 ya\u015f\u0131ndan k\u00fc\u00e7\u00fck olan ve evlatl\u0131k al\u0131nm\u0131\u015f \u00e7ocuklar \u0130spanya vatanda\u015fl\u0131\u011f\u0131 alabilir.<\/span><\/li>\n<li><span style=\"font-family: Roboto; font-size: 14px;\">\u0130spanya vatanda\u015fl\u0131\u011f\u0131 alan ebeveynler \u00e7ocuklar\u0131 i\u00e7in de \u0130spanya vatanda\u015fl\u0131k ba\u015fvurusunda bulunabilir.<\/span><\/li>\n<\/ul>\n<p><span style=\"font-family: Roboto; font-size: 14px;\"><span style=\"color: #2acec2;\"><strong><a style=\"color: #2acec2;\" href=\"https:\/\/www.myvize.com.tr\/ispanya\/vize-islemleri\/ispanya-vize-randevusu-2\/\" target=\"_blank\" rel=\"noopener\">\u0130spanya Vize Randevusu<\/a><\/strong><\/span> ile ilgili bilgi almak i\u00e7in bizi aray\u0131n.<\/span><\/p>\n<h2><span style=\"font-family: Roboto; font-size: 27px;\"><strong>\u00c7ocuklara \u0130spanya Vatanda\u015fl\u0131\u011f\u0131 Nas\u0131l Al\u0131n\u0131r?<\/strong><\/span><\/h2>\n<p><span style=\"font-family: Roboto; font-size: 14px;\">Farkl\u0131 \u00fclkelerden gelen ve<strong> \u0130spanya&#8217;ya temelli<\/strong> olarak yerle\u015fmi\u015f, orada ya\u015fayan ailelerin \u00e7ocuklar\u0131 \u0130spanya&#8217;da do\u011farsa do\u011fumdan sonraki ilk 12 ay sonra yani 1 ya\u015f\u0131na geldiklerinde <strong>\u0130spanyol vatanda\u015f\u0131<\/strong> olmaya hak kazanm\u0131\u015f olurlar.Bebek \u0130spanya&#8217;da do\u011fmus ise bebe\u011fin vatanda\u015fl\u0131k almas\u0131 i\u00e7in bebe\u011fin ailesi\u00a0bebek 1 ya\u015f\u0131na geldi\u011finde \u0130spanyol makamlar\u0131na ba\u015fvuru yapma hakk\u0131 kazan\u0131rlar.Aile&#8217;nin \u0130spanya&#8217;ya gidi\u015f sebebi <strong>\u0130spanya&#8217;da\u00a0\u00e7al\u0131\u015fmak<\/strong> ise aile&#8217;ye oturum izni \u00e7\u0131kt\u0131\u011f\u0131nda aile birli\u011fi i\u00e7in \u00e7ocuklara otomatik olarak oturum izni \u00e7\u0131kacakt\u0131r.Oturum izninn ge\u00e7erlili\u011fini korumas\u0131 i\u00e7in en ge\u00e7 6 ayda bir kez \u0130spanya&#8217;ya giri\u015f \u00e7\u0131k\u0131\u015f yap\u0131lmal\u0131d\u0131r veya 6 aydan daha uzun s\u00fcre ba\u015fka \u00fclkelerde bulunulmamal\u0131d\u0131r.K\u0131sacas\u0131 \u00e7ocu\u011fun anne babas\u0131 \u0130spanya vatanda\u015f\u0131 ise ve \u00e7ocuk \u0130spanya&#8217;da do\u011fduysa \u00e7ocuk \u0130spanya vatanda\u015f\u0131 say\u0131l\u0131r, \u00e7ocu\u011fun anne babas\u0131 ba\u015fka \u00fclkeden ise ancak \u0130spanya vatanda\u015fl\u0131\u011f\u0131 alm\u0131\u015flar ise \u00e7ocuklar\u0131 i\u00e7inde vatanda\u015fl\u0131k ba\u015fvurusu yapabilirler.<\/span><\/p>\n<h2><span style=\"font-family: Roboto; font-size: 27px;\"><strong>\u00c7ocuklar i\u00e7in \u0130spanya Vatanda\u015fl\u0131\u011f\u0131 Nereden Al\u0131n\u0131r?<\/strong><\/span><\/h2>\n<p><span style=\"font-family: Roboto; font-size: 14px;\"><strong>\u00c7ocuklar i\u00e7in \u0130spanya vatanda\u015fl\u0131k<\/strong> \u015fartlar\u0131n\u0131n otomatik olarak\u00a0sa\u011fland\u0131\u011f\u0131 ve kolayca otomatik bir \u015fekilde \u00e7ocuklar\u0131n <strong>\u0130spanyol vatanda\u015fl\u0131\u011f\u0131<\/strong> almas\u0131n\u0131 sa\u011flayan baz\u0131 ayr\u0131cal\u0131kl\u0131 \u00f6zel durumlar vard\u0131r bunlardan baz\u0131lar\u0131; ailesi yani anne babas\u0131\u00a0<strong>\u0130spanyol vatanda\u015f\u0131<\/strong> olan \u00e7ocuklar, anne babas\u0131ndan 1inin veya 2sinin \u0130spanyol vatanda\u015f\u0131 oldu\u011fu durumda\u00a0\u0130spanya&#8217;da do\u011fan \u00e7ocuklar, anne babas\u0131 belli olmayan kimsesiz ve \u0130spanya&#8217;da do\u011fan \u00e7ocuklar, \u0130spanyol vatanda\u015fl\u0131\u011f\u0131 olan bir anne ve\u00a0 baba taraf\u0131ndan evlat edinilen \u00e7ocuklar d\u0131r.Bunun d\u0131\u015f\u0131nda<strong> \u0130spanya&#8217;da oturma izni<\/strong> olan di\u011fer t\u00fcm vatanda\u015f gruplar\u0131 \u0130spanyol makamar\u0131na ki\u015fisel olarak ba\u015fvuru yapmal\u0131d\u0131rlar, ba\u015fvuru yapanlar belirlenen \u00fclkede 10 y\u0131l boyunca yasal olarak ikamet ettikten sonra \u0130spanya vatanda\u015fl\u0131\u011f\u0131 almaya hak kazan\u0131rlar.E\u011fer ki ispanyol vatanda\u015fl\u0131\u011f\u0131 olmayan birisi \u0130spanyol vatanda\u015fl\u0131\u011f\u0131 olan birisi ile evlenir ise evlilikten 1y\u0131l sonra \u0130spanya vatanda\u015fl\u0131k ba\u015fvurusunda bulunabilme hakk\u0131 vard\u0131r.<\/span><\/p>\n<h2><span style=\"font-family: Roboto; font-size: 27px;\"><strong>\u00c7ocuklar i\u00e7in \u0130spanya Vatanda\u015fl\u0131k Ba\u015fvurusu<\/strong><\/span><\/h2>\n<p><span style=\"font-family: Roboto; font-size: 14px;\">AB \u00fclkeleri bir \u00e7ok kanun hususunda ortak hareket etme karar\u0131 alm\u0131\u015flard\u0131r ve AB \u00fclkeleri aras\u0131nda bir\u00e7ok kanun uygulamas\u0131 ayn\u0131d\u0131r fakat sadece bir ka\u00e7 kanun farkl\u0131l\u0131k g\u00f6stermektedir ve bu kanunlarda bir taneside AB \u00fclkelerinde do\u011fan \u00e7ocuklar\u0131n hangi \u00fclkeden vatanda\u015fl\u0131k alaca\u011f\u0131d\u0131r.\u0130spanya vatanda\u015fl\u0131k tasar\u0131s\u0131na g\u00f6re \u0130spanya vatanda\u015fl\u0131\u011f\u0131 alabilmek i\u00e7in uzun ve k\u0131sa olarak 2 farkl\u0131 prosed\u00fcr geli\u015ftirilmi\u015ftir.\u0130spanya k\u0131sa vatanda\u015fl\u0131k prosed\u00fcr\u00fcne g\u00f6re ki\u015finin 18 ya\u015f\u0131nda olmas\u0131,5 y\u0131l aral\u0131ks\u0131z olarak \u0130spanya&#8217;da ikamet ediyor olmas\u0131 ve \u0130spanya resmi dillerinden en az birisini iyi bir derecede biliyor olmas\u0131 gerekmektedir.\u00a0Ayr\u0131ca bunlar\u0131n haricinde \u0130spanya toplumsal uyumu ispat etmek i\u00e7in en az 468 g\u00fcn boyunca \u0130spanya&#8217;da \u00e7al\u0131\u015fm\u0131\u015f olmas\u0131 gerekmektedir ve ispanya uyum kursuna ve 400saat s\u00fcren meslek e\u011fitim program\u0131na kat\u0131lm\u0131\u015f ve bunun diplomas\u0131n\u0131 alm\u0131\u015f olmas\u0131 gerekmektedir.Engelli ve ya\u015fl\u0131lar 5 y\u0131ll\u0131k ikamet \u015fart\u0131ndan muaft\u0131r.<\/span><\/p>\n<h3><span style=\"font-family: Roboto; font-size: 24px;\"><strong>\u00c7ocuklar i\u00e7in \u0130spanya Vatanda\u015fl\u0131k \u0130\u00e7in Randevu<\/strong><\/span><\/h3>\n<p><span style=\"font-family: Roboto; font-size: 14px;\">\u0130spanya&#8217;dan <strong>\u0130spanya vatanda\u015fl\u0131\u011f\u0131 almak<\/strong> isteyen T\u00fcrk vatanda\u015flar\u0131 \u0130spanya&#8217;n\u0131n resmi dili olarak bilinen \u0130spanyolcay\u0131 iyi bir derecede anl\u0131yor, konu\u015fabiliyor ve kullanabiliyor olmal\u0131d\u0131rlar, \u0130spanya sosyal ya\u015fam\u0131na ve \u0130spanya kamu d\u00fczenlerine uyum sa\u011flayabileceklerini, kendilerini buna adapte edebileceklerini kan\u0131tlayabiliyor olmal\u0131d\u0131rlar ve \u0130spanya anayasas\u0131, \u0130spanya hukuku gibi \u015feyler hakk\u0131nda yeterince iyi bir seviyede bilgi sahibi olmal\u0131d\u0131rlar.\u0130spanya vatanda\u015fl\u0131k ba\u015fvurusu i\u00e7in gerekenler; pasaport, 2adet biyometrik foto\u011fraf, vize talep dilek\u00e7esi, u\u00e7ak rezervasyonu,\u00a0 gidilecek \u00fclkeye dair oturma izni ya da giri\u015f izni, kimlik kart fotokobisi, seyahat sa\u011fl\u0131k sigortas\u0131 ve g\u00fczelce ve eksiksiz olarak doldurulmu\u015f shengen ba\u015fvuru formu dur.Vatanda\u015fl\u0131k i\u015flemi \u00e7ok fazla prosed\u00fcr\u00fc olan bir i\u015flem oldu\u011fu i\u00e7in bu i\u015f olduk\u00e7a uzayacakt\u0131r ve ge\u00e7 sonu\u00e7lanacakt\u0131r bu sebeple seyahat edilecek tarihten en az 3ay \u00f6ncesinde ba\u015fvuru yap\u0131lmal\u0131d\u0131r.<\/span><\/p>\n","protected":false},"excerpt":{"rendered":"<p>AB \u00fclkeleri bir\u00e7ok Kanun hususunda ortak hareket etme karar\u0131 alm\u0131\u015flard\u0131r. AB \u00fclkeleri aras\u0131nda bir\u00e7ok kanunun uygulamas\u0131 ayn\u0131d\u0131r, ancak baz\u0131 kanunlar istisna te\u015fkil etmektedir. Bu kanunlardan bir tanesi de &#8216;AB \u00fclkelerinde do\u011fan \u00e7ocuklar\u0131n hangi \u00fclkelerin vatanda\u015fl\u0131\u011f\u0131n\u0131 alaca\u011f\u0131&#8217; ile ilgilidir. \u0130spanya&#8217;da do\u011fan ve \u0130spanyolca konu\u015fan \u00fclkelerin ebeveynlerine ait olan \u00e7ocuklar\u0131n \u0130spanya vatanda\u015fl\u0131\u011f\u0131n\u0131 alma haklar\u0131 bulunmaktad\u0131r. \u00c7ocu\u011fun vatanda\u015fl\u0131k<\/p>\n","protected":false},"author":1,"featured_media":0,"parent":166,"menu_order":0,"comment_status":"open","ping_status":"closed","template":"","meta":{"footnotes":""},"class_list":["post-184","page","type-page","status-publish","hentry"],"yoast_head":"<!-- This site is optimized with the Yoast SEO plugin v24.0 - https:\/\/yoast.com\/wordpress\/plugins\/seo\/ -->\n<title>\u00c7ocuklara \u0130spanya Vatanda\u015fl\u0131\u011f\u0131 - MyVize Vize Ba\u015fvuru Merkezi<\/title>\n<meta name=\"description\" content=\"\u00c7ocuklara \u0130spanya vatanda\u015fl\u0131\u011f\u0131 g\u00fcncel evrak listesi ve g\u00f6rsel anlat\u0131m i\u00e7in ileti\u015fime ge\u00e7ebilirsiniz. \u0130spanya vatanda\u015fl\u0131\u011f\u0131na dair her \u015fey.\" \/>\n<meta name=\"robots\" content=\"index, follow, max-snippet:-1, max-image-preview:large, max-video-preview:-1\" \/>\n<link rel=\"canonical\" href=\"https:\/\/www.myvize.com.tr\/ispanya\/vatandaslik\/cocuklar-icin-ispanya-vatandasligi\/\" \/>\n<meta property=\"og:locale\" content=\"tr_TR\" \/>\n<meta property=\"og:type\" content=\"article\" \/>\n<meta property=\"og:title\" content=\"\u00c7ocuklara \u0130spanya Vatanda\u015fl\u0131\u011f\u0131 - MyVize Vize Ba\u015fvuru Merkezi\" \/>\n<meta property=\"og:description\" content=\"\u00c7ocuklara \u0130spanya vatanda\u015fl\u0131\u011f\u0131 g\u00fcncel evrak listesi ve g\u00f6rsel anlat\u0131m i\u00e7in ileti\u015fime ge\u00e7ebilirsiniz. \u0130spanya vatanda\u015fl\u0131\u011f\u0131na dair her \u015fey.\" \/>\n<meta property=\"og:url\" content=\"https:\/\/www.myvize.com.tr\/ispanya\/vatandaslik\/cocuklar-icin-ispanya-vatandasligi\/\" \/>\n<meta property=\"og:site_name\" content=\"\u0130spanya Vizesi\" \/>\n<meta property=\"article:modified_time\" content=\"2022-07-29T09:03:57+00:00\" \/>\n<meta property=\"og:image\" content=\"https:\/\/www.myvize.com.tr\/ispanya\/wp-content\/uploads\/2021\/10\/34.jpg\" \/>\n<meta name=\"twitter:card\" content=\"summary_large_image\" \/>\n<meta name=\"twitter:label1\" content=\"Tahmini okuma s\u00fcresi\" \/>\n\t<meta name=\"twitter:data1\" content=\"5 dakika\" \/>\n<script type=\"application\/ld+json\" class=\"yoast-schema-graph\">{\"@context\":\"https:\/\/schema.org\",\"@graph\":[{\"@type\":\"WebPage\",\"@id\":\"https:\/\/www.myvize.com.tr\/ispanya\/vatandaslik\/cocuklar-icin-ispanya-vatandasligi\/\",\"url\":\"https:\/\/www.myvize.com.tr\/ispanya\/vatandaslik\/cocuklar-icin-ispanya-vatandasligi\/\",\"name\":\"\u00c7ocuklara \u0130spanya Vatanda\u015fl\u0131\u011f\u0131 - MyVize Vize Ba\u015fvuru Merkezi\",\"isPartOf\":{\"@id\":\"https:\/\/www.myvize.com.tr\/ispanya\/#website\"},\"primaryImageOfPage\":{\"@id\":\"https:\/\/www.myvize.com.tr\/ispanya\/vatandaslik\/cocuklar-icin-ispanya-vatandasligi\/#primaryimage\"},\"image\":{\"@id\":\"https:\/\/www.myvize.com.tr\/ispanya\/vatandaslik\/cocuklar-icin-ispanya-vatandasligi\/#primaryimage\"},\"thumbnailUrl\":\"https:\/\/www.myvize.com.tr\/ispanya\/wp-content\/uploads\/2021\/10\/34.jpg\",\"datePublished\":\"2020-12-24T13:02:56+00:00\",\"dateModified\":\"2022-07-29T09:03:57+00:00\",\"description\":\"\u00c7ocuklara \u0130spanya vatanda\u015fl\u0131\u011f\u0131 g\u00fcncel evrak listesi ve g\u00f6rsel anlat\u0131m i\u00e7in ileti\u015fime ge\u00e7ebilirsiniz. \u0130spanya vatanda\u015fl\u0131\u011f\u0131na dair her \u015fey.\",\"breadcrumb\":{\"@id\":\"https:\/\/www.myvize.com.tr\/ispanya\/vatandaslik\/cocuklar-icin-ispanya-vatandasligi\/#breadcrumb\"},\"inLanguage\":\"tr\",\"potentialAction\":[{\"@type\":\"ReadAction\",\"target\":[\"https:\/\/www.myvize.com.tr\/ispanya\/vatandaslik\/cocuklar-icin-ispanya-vatandasligi\/\"]}]},{\"@type\":\"ImageObject\",\"inLanguage\":\"tr\",\"@id\":\"https:\/\/www.myvize.com.tr\/ispanya\/vatandaslik\/cocuklar-icin-ispanya-vatandasligi\/#primaryimage\",\"url\":\"https:\/\/www.myvize.com.tr\/ispanya\/wp-content\/uploads\/2021\/10\/34.jpg\",\"contentUrl\":\"https:\/\/www.myvize.com.tr\/ispanya\/wp-content\/uploads\/2021\/10\/34.jpg\",\"width\":800,\"height\":500,\"caption\":\"\u0130spanya \u00c7ocuklar \u0130\u00e7in \u0130spanya Vatanda\u015fl\u0131\u011f\u0131\"},{\"@type\":\"BreadcrumbList\",\"@id\":\"https:\/\/www.myvize.com.tr\/ispanya\/vatandaslik\/cocuklar-icin-ispanya-vatandasligi\/#breadcrumb\",\"itemListElement\":[{\"@type\":\"ListItem\",\"position\":1,\"name\":\"Anasayfa\",\"item\":\"https:\/\/www.myvize.com.tr\/ispanya\/\"},{\"@type\":\"ListItem\",\"position\":2,\"name\":\"VATANDA\u015eLIK\",\"item\":\"https:\/\/www.myvize.com.tr\/ispanya\/vatandaslik\/\"},{\"@type\":\"ListItem\",\"position\":3,\"name\":\"\u00c7ocuklar \u0130\u00e7in \u0130spanya Vatanda\u015fl\u0131\u011f\u0131\"}]},{\"@type\":\"WebSite\",\"@id\":\"https:\/\/www.myvize.com.tr\/ispanya\/#website\",\"url\":\"https:\/\/www.myvize.com.tr\/ispanya\/\",\"name\":\"\u0130spanya Vizesi\",\"description\":\"\",\"potentialAction\":[{\"@type\":\"SearchAction\",\"target\":{\"@type\":\"EntryPoint\",\"urlTemplate\":\"https:\/\/www.myvize.com.tr\/ispanya\/?s={search_term_string}\"},\"query-input\":{\"@type\":\"PropertyValueSpecification\",\"valueRequired\":true,\"valueName\":\"search_term_string\"}}],\"inLanguage\":\"tr\"}]}<\/script>\n<!-- \/ Yoast SEO plugin. -->","yoast_head_json":{"title":"\u00c7ocuklara \u0130spanya Vatanda\u015fl\u0131\u011f\u0131 - MyVize Vize Ba\u015fvuru Merkezi","description":"\u00c7ocuklara \u0130spanya vatanda\u015fl\u0131\u011f\u0131 g\u00fcncel evrak listesi ve g\u00f6rsel anlat\u0131m i\u00e7in ileti\u015fime ge\u00e7ebilirsiniz. \u0130spanya vatanda\u015fl\u0131\u011f\u0131na dair her \u015fey.","robots":{"index":"index","follow":"follow","max-snippet":"max-snippet:-1","max-image-preview":"max-image-preview:large","max-video-preview":"max-video-preview:-1"},"canonical":"https:\/\/www.myvize.com.tr\/ispanya\/vatandaslik\/cocuklar-icin-ispanya-vatandasligi\/","og_locale":"tr_TR","og_type":"article","og_title":"\u00c7ocuklara \u0130spanya Vatanda\u015fl\u0131\u011f\u0131 - MyVize Vize Ba\u015fvuru Merkezi","og_description":"\u00c7ocuklara \u0130spanya vatanda\u015fl\u0131\u011f\u0131 g\u00fcncel evrak listesi ve g\u00f6rsel anlat\u0131m i\u00e7in ileti\u015fime ge\u00e7ebilirsiniz. \u0130spanya vatanda\u015fl\u0131\u011f\u0131na dair her \u015fey.","og_url":"https:\/\/www.myvize.com.tr\/ispanya\/vatandaslik\/cocuklar-icin-ispanya-vatandasligi\/","og_site_name":"\u0130spanya Vizesi","article_modified_time":"2022-07-29T09:03:57+00:00","og_image":[{"url":"https:\/\/www.myvize.com.tr\/ispanya\/wp-content\/uploads\/2021\/10\/34.jpg","type":"","width":"","height":""}],"twitter_card":"summary_large_image","twitter_misc":{"Tahmini okuma s\u00fcresi":"5 dakika"},"schema":{"@context":"https:\/\/schema.org","@graph":[{"@type":"WebPage","@id":"https:\/\/www.myvize.com.tr\/ispanya\/vatandaslik\/cocuklar-icin-ispanya-vatandasligi\/","url":"https:\/\/www.myvize.com.tr\/ispanya\/vatandaslik\/cocuklar-icin-ispanya-vatandasligi\/","name":"\u00c7ocuklara \u0130spanya Vatanda\u015fl\u0131\u011f\u0131 - MyVize Vize Ba\u015fvuru Merkezi","isPartOf":{"@id":"https:\/\/www.myvize.com.tr\/ispanya\/#website"},"primaryImageOfPage":{"@id":"https:\/\/www.myvize.com.tr\/ispanya\/vatandaslik\/cocuklar-icin-ispanya-vatandasligi\/#primaryimage"},"image":{"@id":"https:\/\/www.myvize.com.tr\/ispanya\/vatandaslik\/cocuklar-icin-ispanya-vatandasligi\/#primaryimage"},"thumbnailUrl":"https:\/\/www.myvize.com.tr\/ispanya\/wp-content\/uploads\/2021\/10\/34.jpg","datePublished":"2020-12-24T13:02:56+00:00","dateModified":"2022-07-29T09:03:57+00:00","description":"\u00c7ocuklara \u0130spanya vatanda\u015fl\u0131\u011f\u0131 g\u00fcncel evrak listesi ve g\u00f6rsel anlat\u0131m i\u00e7in ileti\u015fime ge\u00e7ebilirsiniz. \u0130spanya vatanda\u015fl\u0131\u011f\u0131na dair her \u015fey.","breadcrumb":{"@id":"https:\/\/www.myvize.com.tr\/ispanya\/vatandaslik\/cocuklar-icin-ispanya-vatandasligi\/#breadcrumb"},"inLanguage":"tr","potentialAction":[{"@type":"ReadAction","target":["https:\/\/www.myvize.com.tr\/ispanya\/vatandaslik\/cocuklar-icin-ispanya-vatandasligi\/"]}]},{"@type":"ImageObject","inLanguage":"tr","@id":"https:\/\/www.myvize.com.tr\/ispanya\/vatandaslik\/cocuklar-icin-ispanya-vatandasligi\/#primaryimage","url":"https:\/\/www.myvize.com.tr\/ispanya\/wp-content\/uploads\/2021\/10\/34.jpg","contentUrl":"https:\/\/www.myvize.com.tr\/ispanya\/wp-content\/uploads\/2021\/10\/34.jpg","width":800,"height":500,"caption":"\u0130spanya \u00c7ocuklar \u0130\u00e7in \u0130spanya Vatanda\u015fl\u0131\u011f\u0131"},{"@type":"BreadcrumbList","@id":"https:\/\/www.myvize.com.tr\/ispanya\/vatandaslik\/cocuklar-icin-ispanya-vatandasligi\/#breadcrumb","itemListElement":[{"@type":"ListItem","position":1,"name":"Anasayfa","item":"https:\/\/www.myvize.com.tr\/ispanya\/"},{"@type":"ListItem","position":2,"name":"VATANDA\u015eLIK","item":"https:\/\/www.myvize.com.tr\/ispanya\/vatandaslik\/"},{"@type":"ListItem","position":3,"name":"\u00c7ocuklar \u0130\u00e7in \u0130spanya Vatanda\u015fl\u0131\u011f\u0131"}]},{"@type":"WebSite","@id":"https:\/\/www.myvize.com.tr\/ispanya\/#website","url":"https:\/\/www.myvize.com.tr\/ispanya\/","name":"\u0130spanya Vizesi","description":"","potentialAction":[{"@type":"SearchAction","target":{"@type":"EntryPoint","urlTemplate":"https:\/\/www.myvize.com.tr\/ispanya\/?s={search_term_string}"},"query-input":{"@type":"PropertyValueSpecification","valueRequired":true,"valueName":"search_term_string"}}],"inLanguage":"tr"}]}},"_links":{"self":[{"href":"https:\/\/www.myvize.com.tr\/ispanya\/wp-json\/wp\/v2\/pages\/184","targetHints":{"allow":["GET"]}}],"collection":[{"href":"https:\/\/www.myvize.com.tr\/ispanya\/wp-json\/wp\/v2\/pages"}],"about":[{"href":"https:\/\/www.myvize.com.tr\/ispanya\/wp-json\/wp\/v2\/types\/page"}],"author":[{"embeddable":true,"href":"https:\/\/www.myvize.com.tr\/ispanya\/wp-json\/wp\/v2\/users\/1"}],"replies":[{"embeddable":true,"href":"https:\/\/www.myvize.com.tr\/ispanya\/wp-json\/wp\/v2\/comments?post=184"}],"version-history":[{"count":6,"href":"https:\/\/www.myvize.com.tr\/ispanya\/wp-json\/wp\/v2\/pages\/184\/revisions"}],"predecessor-version":[{"id":1025,"href":"https:\/\/www.myvize.com.tr\/ispanya\/wp-json\/wp\/v2\/pages\/184\/revisions\/1025"}],"up":[{"embeddable":true,"href":"https:\/\/www.myvize.com.tr\/ispanya\/wp-json\/wp\/v2\/pages\/166"}],"wp:attachment":[{"href":"https:\/\/www.myvize.com.tr\/ispanya\/wp-json\/wp\/v2\/media?parent=184"}],"curies":[{"name":"wp","href":"https:\/\/api.w.org\/{rel}","templated":true}]}}