{"id":239,"date":"2021-01-02T18:07:01","date_gmt":"2021-01-02T15:07:01","guid":{"rendered":"https:\/\/www.myvize.com.tr\/ispanya\/?page_id=239"},"modified":"2022-04-12T14:54:17","modified_gmt":"2022-04-12T11:54:17","slug":"konya","status":"publish","type":"page","link":"https:\/\/www.myvize.com.tr\/ispanya\/subelerimiz\/konya\/","title":{"rendered":"\u0130spanya Vizesi, Konya"},"content":{"rendered":"<h2 style=\"text-align: left;\"><span style=\"font-family: Roboto;\"><strong><span style=\"font-size: 27px;\">\u0130spanya Vize Ba\u015fvuru Merkezi, Konya<\/span><\/strong><\/span><\/h2>\n<p style=\"text-align: left;\"><span style=\"font-family: Roboto; font-size: 14px;\">\u0130spanya\u2019ya seyahat edecek olan ki\u015filer ve Konya \u00e7evresinde ikamet eden ki\u015filer, \u0130spanya vizesi almal\u0131d\u0131r. \u0130spanya vizesini Konya\u2019dan alacak olan ki\u015filer, \u0130spanya vizesi Konya ba\u015fvurular\u0131n\u0131 ara\u015ft\u0131rmaktad\u0131r. Bu yaz\u0131da \u0130spanya vizesi Konya ba\u015fvurular\u0131 hakk\u0131nda bilgi verilmi\u015ftir.<\/span><\/p>\n<p style=\"text-align: left;\"><span style=\"font-family: Roboto; font-size: 14px;\"><strong>\u0130spanya vizesi Konya ba\u015fvurusu<\/strong> yapacak olan ki\u015filer, \u0130spanya vizesi Konya ba\u015fvurular\u0131n\u0131 vize t\u00fcr\u00fcne g\u00f6re farkl\u0131 yerlere yapabilmektedir. Polonya vizesi Konya ba\u015fvurusu yapacak olan ki\u015filer, \u0130spanya vize ba\u015fvuru merkezlerine ve \u0130spanya temsilciliklerine yap\u0131labilmektedir.<\/span><\/p>\n<p style=\"text-align: left;\"><span style=\"font-family: Roboto; font-size: 14px;\">\u0130spanya vizesi Konya ba\u015fvurusu yapacak olan ki\u015filer, <span style=\"color: #2acec2;\"><strong><a style=\"color: #2acec2;\" href=\"https:\/\/www.myvize.com.tr\/ispanya\/vize-islemleri\/ispanya-vize-basvurusu\/\" target=\"_blank\" rel=\"noopener\">\u0130spanya vize ba\u015fvurusu<\/a><\/strong><\/span> i\u00e7in gerekli olan evraklar\u0131 eksiksiz olarak haz\u0131rlamal\u0131d\u0131r. Haz\u0131rlanan evraklar \u0130spanya vize ba\u015fvurusu yap\u0131lacak olan yere teslim edilmelidir.<\/span><\/p>\n<p style=\"text-align: left;\"><span style=\"font-family: Roboto; font-size: 14px;\">\u0130spanya vizesi Konya ba\u015fvurusu yapacak olan ki\u015filerin ba\u015fvurusunu seyahat amac\u0131na uygun olan \u0130spanya vize t\u00fcr\u00fcne g\u00f6re yapabilmektedir. Gerekli olan \u0130spanya vizesi Konya evraklar\u0131 eksiksiz olarak ve g\u00fcncel tarihli olarak haz\u0131rlanmal\u0131d\u0131r.<strong> \u0130spanya vizesi Konya<\/strong> ba\u015fvurular\u0131n\u0131 sonu\u00e7land\u0131rma yetkisi \u0130spanya temsilciliklerine aittir.<\/span><\/p>\n<h2 style=\"text-align: left;\"><span style=\"font-size: 27px;\"><strong><span style=\"font-family: Roboto;\">\u0130spanya Konya Vize \u0130\u015flemleri<\/span><\/strong><\/span><\/h2>\n<p style=\"text-align: left;\"><span style=\"font-family: Roboto; font-size: 14px;\">Konya ve \u00e7evresinde ikamet eden ki\u015filer, \u0130spanya Konya vizesi almal\u0131d\u0131r.<strong><a href=\"https:\/\/www.myvize.com.tr\/ispanya\/vize-islemleri\/ispanya-vizesi\/\" target=\"_blank\" rel=\"noopener\"> <span style=\"color: #2acec2;\">\u0130spanya vizesi<\/span><\/a><\/strong> alacak olan ki\u015filer, \u0130spanya Konya vize i\u015flemlerini merak etmektedir. Bu yaz\u0131da \u0130spanya vizesi alacak olan ki\u015filer i\u00e7in \u0130spanya Konya vize \u0130\u015flemleri hakk\u0131nda bilgi verilmi\u015ftir.<\/span><\/p>\n<ul style=\"text-align: left;\">\n<li><span style=\"font-family: Roboto; font-size: 14px;\">\u0130spanya Konya vize i\u015flemleri i\u00e7in \u00f6ncelikle \u0130spanya seyahat amac\u0131na uygun \u0130spanya vize t\u00fcr\u00fc belirlenmelidir.<\/span><\/li>\n<li><span style=\"font-family: Roboto; font-size: 14px;\">\u0130spanya vize t\u00fcr\u00fcn\u00fc belirleyen ki\u015filer k\u0131sa s\u00fcreli \u0130spanya vize ba\u015fvurular\u0131n\u0131 \u0130spanya vize ba\u015fvuru merkezlerine, uzun s\u00fcreli vize ba\u015fvurular\u0131n\u0131 \u0130spanya temsilciliklerine yapabilir. \u00a0<\/span><\/li>\n<li><span style=\"font-family: Roboto; font-size: 14px;\"><strong>\u0130spanya Konya vize ba\u015fvurusu<\/strong> yapacak olan ki\u015filerin ba\u015fvuruda bulunabilmek i\u00e7in randevu almas\u0131 gerekmektedir.<\/span><\/li>\n<li><span style=\"font-family: Roboto; font-size: 14px;\">\u0130spanya Konya vize i\u015flemleri i\u00e7in randevu alan ki\u015filer, \u0130spanya vize ba\u015fvurusu i\u00e7in gerekli olan evraklar\u0131n\u0131 eksiksiz olarak haz\u0131rlamal\u0131d\u0131r.<\/span><\/li>\n<li><span style=\"font-family: Roboto; font-size: 14px;\">Haz\u0131rlanan evraklar randevu tarihinde yetkililere teslim edilmelidir.<\/span><\/li>\n<li><span style=\"font-family: Roboto; font-size: 14px;\">\u0130spanya Konya vize i\u015flemlerini inceleme yetkisi \u0130spanya temsilciliklerine aittir. Romana vize ba\u015fvurular\u0131 vize t\u00fcr\u00fcne g\u00f6re farkl\u0131 tarihlerde sonu\u00e7lanmaktad\u0131r.<\/span><\/li>\n<\/ul>\n<h2 style=\"text-align: left;\"><span style=\"font-size: 27px;\"><strong><span style=\"font-family: Roboto;\">\u0130spanya Konya Vize Randevusu<\/span><\/strong><\/span><\/h2>\n<p style=\"text-align: left;\"><span style=\"font-family: Roboto; font-size: 14px;\">Belirli bir ama\u00e7tan dolay\u0131 \u0130spanya\u2019ya seyahat edecek olan ki\u015filer ve Konya \u00e7evresinde ikamet eden ki\u015filer, \u0130spanya vize ba\u015fvurusunu ger\u00e7ekle\u015ftirebilmek i\u00e7in randevu almal\u0131d\u0131r. <strong>\u0130spanya Konya vize randevusu<\/strong> alacak olan ki\u015filer, randevular\u0131n nas\u0131l al\u0131naca\u011f\u0131n\u0131 merak etmektedir. Bu yaz\u0131da \u0130spanya Konya vize randevusu hakk\u0131nda bilgi verilmi\u015ftir.<\/span><\/p>\n<p style=\"text-align: left;\"><span style=\"font-family: Roboto; font-size: 14px;\"><strong>\u0130spanya Konya vize randevusu<\/strong> alacak olan ki\u015filer, \u0130spanya Konya vize randevusunu a\u015fa\u011f\u0131daki yerlerden alabilir.<\/span><\/p>\n<ul style=\"text-align: left;\">\n<li><span style=\"font-family: Roboto; font-size: 14px;\"><strong>Uzun s\u00fcreli \u0130spanya vize ba\u015fvurular\u0131<\/strong> \u0130spanya temsilciliklerine yap\u0131ld\u0131\u011f\u0131ndan dolay\u0131 randevular \u0130spanya temsilciliklerinden al\u0131nmal\u0131d\u0131r.<\/span><\/li>\n<li><span style=\"font-family: Roboto; font-size: 14px;\">K\u0131sa s\u00fcreli \u0130spanya vize ba\u015fvurular\u0131 \u0130spanya vize ba\u015fvuru merkezlerine yap\u0131labilmektedir. Ba\u015fvuru yapacak olan ki\u015filer, randevular\u0131n\u0131 BLS \u0130nternational isimli vize ba\u015fvuru merkezinden alabilmektedir.<\/span><\/li>\n<\/ul>\n<p style=\"text-align: left;\"><span style=\"font-family: Roboto; font-size: 14px;\">\u0130spanya vize ba\u015fvurular\u0131 randevusuz olarak kabul edilmedi\u011finden dolay\u0131 randevu tarihini ka\u00e7\u0131rmamaya \u00f6zen g\u00f6stermelisiniz. Randevu tarihini ka\u00e7\u0131ran ki\u015filerin i\u015flemleri yap\u0131lmayabilir ve \u0130spanya vize ba\u015fvurusu yapacak olan ki\u015filerin yeniden randevu al\u0131nmas\u0131 gerekmektedir.<\/span><\/p>\n<h3 style=\"text-align: left;\"><span style=\"font-size: 24px;\"><strong><span style=\"font-family: Roboto;\">\u0130spanya Vizenizi Konya\u2019dan Alman\u0131z\u0131n Kolay Yolu<\/span><\/strong><\/span><\/h3>\n<p style=\"text-align: left;\"><span style=\"font-family: Roboto; font-size: 14px;\"><strong>\u0130spanya\u2019ya seyahat e<\/strong>decek olan ki\u015filer ve Konya \u00e7evresinde ikamet eden ki\u015filer, \u0130spanya vizesini alman\u0131n kolay yolunu merak etmektedir. Bu yaz\u0131da \u0130spanya Konya vize ba\u015fvurusu yapacak olan ki\u015filer i\u00e7in \u0130spanya vizenizi Konya\u2019dan alman\u0131z\u0131n kolay yolu hakk\u0131nda bilgi verilmi\u015ftir.<\/span><\/p>\n<p style=\"text-align: left;\"><span style=\"font-family: Roboto; font-size: 14px;\">\u0130spanya vizesini Konya\u2019dan alacak olan ki\u015filer, \u0130spanya vize ba\u015fvurusu i\u00e7in profesyonel destek alabilir. <strong>My Vize<\/strong> olarak \u0130spanya vizesini Konya\u2019dan alacak olan ki\u015filer i\u00e7in \u0130spanya Konya vize deste\u011fi vermekteyiz.<\/span><\/p>\n<p style=\"text-align: left;\"><span style=\"font-family: Roboto; font-size: 14px;\">My Vize Olarak \u0130spanya vizesini Konya\u2019dan almak isteyen ki\u015filere vermi\u015f oldu\u011fumuz hizmetler a\u015fa\u011f\u0131da verilmi\u015ftir.<\/span><\/p>\n<ul style=\"text-align: left;\">\n<li><span style=\"font-family: Roboto; font-size: 14px;\"><strong>\u0130spanya vize ba\u015fvuru<\/strong> formunun doldurulmas\u0131,<\/span><\/li>\n<li><span style=\"font-family: Roboto; font-size: 14px;\">\u0130spanya konsoloslu\u011funun istedi\u011fi evraklar\u0131n haz\u0131rlanmas\u0131,<\/span><\/li>\n<li><span style=\"font-family: Roboto; font-size: 14px;\">\u0130spanya\u2019da ge\u00e7erli seyahat sa\u011fl\u0131k sigortas\u0131n\u0131n yapt\u0131r\u0131lmas\u0131,<\/span><\/li>\n<li><span style=\"font-family: Roboto; font-size: 14px;\">Gerekli olan \u0130spanya otel rezervasyonlar\u0131n\u0131n yap\u0131lmas\u0131<\/span><\/li>\n<li><span style=\"font-family: Roboto; font-size: 14px;\">\u0130spanya ula\u015f\u0131m rezervasyonlar\u0131n\u0131n yapt\u0131r\u0131lmas\u0131<\/span><\/li>\n<li><span style=\"font-family: Roboto; font-size: 14px;\">\u0130spanya\u2019dan temiz edilmesi gereken evraklar\u0131n temini<\/span><\/li>\n<\/ul>\n<p style=\"text-align: left;\"><span style=\"font-family: Roboto; font-size: 14px;\"><strong>\u0130spanya Konya vizesi ba\u015fvurusu<\/strong> yapacak olan ki\u015filer i\u00e7in \u0130spanya vize ba\u015fvurusunun her a\u015famas\u0131nda \u0130spanya Konya vize ba\u015fvurusu yapacak olan ki\u015filere destek sa\u011flanmaktad\u0131r. \u00a0<\/span><\/p>\n","protected":false},"excerpt":{"rendered":"<p>\u0130spanya Vize Ba\u015fvuru Merkezi, Konya \u0130spanya\u2019ya seyahat edecek olan ki\u015filer ve Konya \u00e7evresinde ikamet eden ki\u015filer, \u0130spanya vizesi almal\u0131d\u0131r. \u0130spanya vizesini Konya\u2019dan alacak olan ki\u015filer, \u0130spanya vizesi Konya ba\u015fvurular\u0131n\u0131 ara\u015ft\u0131rmaktad\u0131r. Bu yaz\u0131da \u0130spanya vizesi Konya ba\u015fvurular\u0131 hakk\u0131nda bilgi verilmi\u015ftir. \u0130spanya vizesi Konya ba\u015fvurusu yapacak olan ki\u015filer, \u0130spanya vizesi Konya ba\u015fvurular\u0131n\u0131 vize t\u00fcr\u00fcne g\u00f6re farkl\u0131 yerlere<\/p>\n","protected":false},"author":1,"featured_media":0,"parent":222,"menu_order":0,"comment_status":"open","ping_status":"closed","template":"","meta":{"footnotes":""},"class_list":["post-239","page","type-page","status-publish","hentry"],"yoast_head":"<!-- This site is optimized with the Yoast SEO plugin v24.0 - https:\/\/yoast.com\/wordpress\/plugins\/seo\/ -->\n<title>\u0130spanya Vizesi Ba\u015fvuru Merkezimiz Konya - MyVize<\/title>\n<meta name=\"description\" content=\"\u0130spanya vizesi Konya ofisimiz, hangi \u00fclkeye seyahat etmek isterseniz gerekli b\u00fct\u00fcn bilgilere ula\u015fabilirsiniz: 0850 346 84 93\" \/>\n<meta name=\"robots\" content=\"index, follow, max-snippet:-1, max-image-preview:large, max-video-preview:-1\" \/>\n<link rel=\"canonical\" href=\"https:\/\/www.myvize.com.tr\/ispanya\/subelerimiz\/konya\/\" \/>\n<meta property=\"og:locale\" content=\"tr_TR\" \/>\n<meta property=\"og:type\" content=\"article\" \/>\n<meta property=\"og:title\" content=\"\u0130spanya Vizesi Ba\u015fvuru Merkezimiz Konya - MyVize\" \/>\n<meta property=\"og:description\" content=\"\u0130spanya vizesi Konya ofisimiz, hangi \u00fclkeye seyahat etmek isterseniz gerekli b\u00fct\u00fcn bilgilere ula\u015fabilirsiniz: 0850 346 84 93\" \/>\n<meta property=\"og:url\" content=\"https:\/\/www.myvize.com.tr\/ispanya\/subelerimiz\/konya\/\" \/>\n<meta property=\"og:site_name\" content=\"\u0130spanya Vizesi\" \/>\n<meta property=\"article:modified_time\" content=\"2022-04-12T11:54:17+00:00\" \/>\n<meta name=\"twitter:card\" content=\"summary_large_image\" \/>\n<meta name=\"twitter:label1\" content=\"Tahmini okuma s\u00fcresi\" \/>\n\t<meta name=\"twitter:data1\" content=\"3 dakika\" \/>\n<script type=\"application\/ld+json\" class=\"yoast-schema-graph\">{\"@context\":\"https:\/\/schema.org\",\"@graph\":[{\"@type\":\"WebPage\",\"@id\":\"https:\/\/www.myvize.com.tr\/ispanya\/subelerimiz\/konya\/\",\"url\":\"https:\/\/www.myvize.com.tr\/ispanya\/subelerimiz\/konya\/\",\"name\":\"\u0130spanya Vizesi Ba\u015fvuru Merkezimiz Konya - MyVize\",\"isPartOf\":{\"@id\":\"https:\/\/www.myvize.com.tr\/ispanya\/#website\"},\"datePublished\":\"2021-01-02T15:07:01+00:00\",\"dateModified\":\"2022-04-12T11:54:17+00:00\",\"description\":\"\u0130spanya vizesi Konya ofisimiz, hangi \u00fclkeye seyahat etmek isterseniz gerekli b\u00fct\u00fcn bilgilere ula\u015fabilirsiniz: 0850 346 84 93\",\"breadcrumb\":{\"@id\":\"https:\/\/www.myvize.com.tr\/ispanya\/subelerimiz\/konya\/#breadcrumb\"},\"inLanguage\":\"tr\",\"potentialAction\":[{\"@type\":\"ReadAction\",\"target\":[\"https:\/\/www.myvize.com.tr\/ispanya\/subelerimiz\/konya\/\"]}]},{\"@type\":\"BreadcrumbList\",\"@id\":\"https:\/\/www.myvize.com.tr\/ispanya\/subelerimiz\/konya\/#breadcrumb\",\"itemListElement\":[{\"@type\":\"ListItem\",\"position\":1,\"name\":\"Anasayfa\",\"item\":\"https:\/\/www.myvize.com.tr\/ispanya\/\"},{\"@type\":\"ListItem\",\"position\":2,\"name\":\"\u015eUBELER\u0130M\u0130Z\",\"item\":\"https:\/\/www.myvize.com.tr\/ispanya\/subelerimiz\/\"},{\"@type\":\"ListItem\",\"position\":3,\"name\":\"\u0130spanya Vizesi, Konya\"}]},{\"@type\":\"WebSite\",\"@id\":\"https:\/\/www.myvize.com.tr\/ispanya\/#website\",\"url\":\"https:\/\/www.myvize.com.tr\/ispanya\/\",\"name\":\"\u0130spanya Vizesi\",\"description\":\"\",\"potentialAction\":[{\"@type\":\"SearchAction\",\"target\":{\"@type\":\"EntryPoint\",\"urlTemplate\":\"https:\/\/www.myvize.com.tr\/ispanya\/?s={search_term_string}\"},\"query-input\":{\"@type\":\"PropertyValueSpecification\",\"valueRequired\":true,\"valueName\":\"search_term_string\"}}],\"inLanguage\":\"tr\"}]}<\/script>\n<!-- \/ Yoast SEO plugin. -->","yoast_head_json":{"title":"\u0130spanya Vizesi Ba\u015fvuru Merkezimiz Konya - MyVize","description":"\u0130spanya vizesi Konya ofisimiz, hangi \u00fclkeye seyahat etmek isterseniz gerekli b\u00fct\u00fcn bilgilere ula\u015fabilirsiniz: 0850 346 84 93","robots":{"index":"index","follow":"follow","max-snippet":"max-snippet:-1","max-image-preview":"max-image-preview:large","max-video-preview":"max-video-preview:-1"},"canonical":"https:\/\/www.myvize.com.tr\/ispanya\/subelerimiz\/konya\/","og_locale":"tr_TR","og_type":"article","og_title":"\u0130spanya Vizesi Ba\u015fvuru Merkezimiz Konya - MyVize","og_description":"\u0130spanya vizesi Konya ofisimiz, hangi \u00fclkeye seyahat etmek isterseniz gerekli b\u00fct\u00fcn bilgilere ula\u015fabilirsiniz: 0850 346 84 93","og_url":"https:\/\/www.myvize.com.tr\/ispanya\/subelerimiz\/konya\/","og_site_name":"\u0130spanya Vizesi","article_modified_time":"2022-04-12T11:54:17+00:00","twitter_card":"summary_large_image","twitter_misc":{"Tahmini okuma s\u00fcresi":"3 dakika"},"schema":{"@context":"https:\/\/schema.org","@graph":[{"@type":"WebPage","@id":"https:\/\/www.myvize.com.tr\/ispanya\/subelerimiz\/konya\/","url":"https:\/\/www.myvize.com.tr\/ispanya\/subelerimiz\/konya\/","name":"\u0130spanya Vizesi Ba\u015fvuru Merkezimiz Konya - MyVize","isPartOf":{"@id":"https:\/\/www.myvize.com.tr\/ispanya\/#website"},"datePublished":"2021-01-02T15:07:01+00:00","dateModified":"2022-04-12T11:54:17+00:00","description":"\u0130spanya vizesi Konya ofisimiz, hangi \u00fclkeye seyahat etmek isterseniz gerekli b\u00fct\u00fcn bilgilere ula\u015fabilirsiniz: 0850 346 84 93","breadcrumb":{"@id":"https:\/\/www.myvize.com.tr\/ispanya\/subelerimiz\/konya\/#breadcrumb"},"inLanguage":"tr","potentialAction":[{"@type":"ReadAction","target":["https:\/\/www.myvize.com.tr\/ispanya\/subelerimiz\/konya\/"]}]},{"@type":"BreadcrumbList","@id":"https:\/\/www.myvize.com.tr\/ispanya\/subelerimiz\/konya\/#breadcrumb","itemListElement":[{"@type":"ListItem","position":1,"name":"Anasayfa","item":"https:\/\/www.myvize.com.tr\/ispanya\/"},{"@type":"ListItem","position":2,"name":"\u015eUBELER\u0130M\u0130Z","item":"https:\/\/www.myvize.com.tr\/ispanya\/subelerimiz\/"},{"@type":"ListItem","position":3,"name":"\u0130spanya Vizesi, Konya"}]},{"@type":"WebSite","@id":"https:\/\/www.myvize.com.tr\/ispanya\/#website","url":"https:\/\/www.myvize.com.tr\/ispanya\/","name":"\u0130spanya Vizesi","description":"","potentialAction":[{"@type":"SearchAction","target":{"@type":"EntryPoint","urlTemplate":"https:\/\/www.myvize.com.tr\/ispanya\/?s={search_term_string}"},"query-input":{"@type":"PropertyValueSpecification","valueRequired":true,"valueName":"search_term_string"}}],"inLanguage":"tr"}]}},"_links":{"self":[{"href":"https:\/\/www.myvize.com.tr\/ispanya\/wp-json\/wp\/v2\/pages\/239","targetHints":{"allow":["GET"]}}],"collection":[{"href":"https:\/\/www.myvize.com.tr\/ispanya\/wp-json\/wp\/v2\/pages"}],"about":[{"href":"https:\/\/www.myvize.com.tr\/ispanya\/wp-json\/wp\/v2\/types\/page"}],"author":[{"embeddable":true,"href":"https:\/\/www.myvize.com.tr\/ispanya\/wp-json\/wp\/v2\/users\/1"}],"replies":[{"embeddable":true,"href":"https:\/\/www.myvize.com.tr\/ispanya\/wp-json\/wp\/v2\/comments?post=239"}],"version-history":[{"count":7,"href":"https:\/\/www.myvize.com.tr\/ispanya\/wp-json\/wp\/v2\/pages\/239\/revisions"}],"predecessor-version":[{"id":992,"href":"https:\/\/www.myvize.com.tr\/ispanya\/wp-json\/wp\/v2\/pages\/239\/revisions\/992"}],"up":[{"embeddable":true,"href":"https:\/\/www.myvize.com.tr\/ispanya\/wp-json\/wp\/v2\/pages\/222"}],"wp:attachment":[{"href":"https:\/\/www.myvize.com.tr\/ispanya\/wp-json\/wp\/v2\/media?parent=239"}],"curies":[{"name":"wp","href":"https:\/\/api.w.org\/{rel}","templated":true}]}}