{"id":241,"date":"2021-01-02T18:07:25","date_gmt":"2021-01-02T15:07:25","guid":{"rendered":"https:\/\/www.myvize.com.tr\/ispanya\/?page_id=241"},"modified":"2022-05-16T12:44:32","modified_gmt":"2022-05-16T09:44:32","slug":"ankara","status":"publish","type":"page","link":"https:\/\/www.myvize.com.tr\/ispanya\/subelerimiz\/ankara\/","title":{"rendered":"\u0130spanya Vizesi , Ankara"},"content":{"rendered":"<p><span style=\"font-family: Roboto;\"><\/span><\/p>\r\n<p><span style=\"font-family: Roboto; font-size: 14px;\"><strong>\u0130spanya Ankara vize merkezi<\/strong>\u00a0ofisimize ho\u015f geldiniz.<\/span><\/p>\r\n<p><span style=\"font-family: Roboto; font-size: 14px;\">\r\n\r\n<\/span><\/p>\r\n<p><span style=\"font-family: Roboto; font-size: 14px;\">Siz de\u011ferli ziyaret\u00e7ilerimize vize konular\u0131 hakk\u0131nda detayl\u0131 bilgi vererek vize i\u015flemlerin nas\u0131l ilerledi\u011fine dair bilgi edinebilirsiniz.\u00a0<strong>\u0130spanya Ankara vize merkezi<\/strong>\u00a0uzman ekibimiz size bu konuda yard\u0131mc\u0131 olarak s\u00fcrecin h\u0131zl\u0131 ilerlemesini sa\u011flar. \u0130spanya Schengen \u00fcyesi olan bir \u00fclkedir ve bundan dolay\u0131 birden \u00e7ok protokole sahiptir. Protokole iyi derecede hakim dan\u0131\u015fmanlar ile \u00e7al\u0131\u015f\u0131rsan\u0131z zaman kayb\u0131 ya\u015famadan vizenize kavu\u015fmu\u015f olursunuz.<\/span><\/p>\r\n<p><span style=\"font-family: Roboto; font-size: 14px;\">\r\n\r\n<\/span><\/p>\r\n<p><span style=\"font-family: Roboto; font-size: 14px;\"><strong>\u0130spanya Ankara vize merkezi\u00a0<\/strong>dan\u0131\u015fmanlar\u0131 \u00e7a\u011fr\u0131 merkezlerinden, e mail yoluyla ya da y\u00fcz y\u00fcze hizmet vermektedir. Hangi hizmeti almak isterseniz bize ula\u015fabilirsiniz. Size vize i\u015flemleriniz hakk\u0131nda yard\u0131mc\u0131 olarak h\u0131zl\u0131 bir \u015fekilde i\u015flemlerinizi halletmenizi sa\u011flar\u0131z. Ankara\u2019daki \u00e7evre illerden ve Ankara\u2019n\u0131n il\u00e7elerinden bize ba\u015fvuru yapabilirsiniz.<\/span><\/p>\r\n<p><span style=\"font-family: Roboto; font-size: 14px;\">\r\n\r\n<\/span><\/p>\r\n<h2 class=\"wp-block-heading\"><span style=\"font-family: Roboto; font-size: 28px;\"><strong>\u0130SPANYA V\u0130ZE \u0130\u015eLEM ADIMLARI<\/strong><\/span><\/h2>\r\n<p><span style=\"font-family: Roboto; font-size: 14px;\">\r\n\r\n<\/span><\/p>\r\n<p><span style=\"font-family: Roboto; font-size: 14px;\"><strong>\u0130spanya Ankara vize merkezi\u00a0<\/strong>uzmanlar\u0131na ula\u015farak evrak listesi hakk\u0131nda detayl\u0131 bilgi isteyiniz<\/span><\/p>\r\n<p><span style=\"font-family: Roboto; font-size: 14px;\">\r\n\r\n<\/span><\/p>\r\n<p><span style=\"font-family: Roboto; font-size: 14px;\">Evraklar\u0131 istenildi\u011fi gibi eksiksiz ve zaman\u0131nda tamamlamal\u0131s\u0131n\u0131z.<\/span><\/p>\r\n<p><span style=\"font-family: Roboto; font-size: 14px;\">\r\n\r\n<\/span><\/p>\r\n<p><span style=\"font-family: Roboto; font-size: 14px;\">Tamamlanan evraklar\u0131n\u0131z\u0131 kurye yolu ile ya da elden ofisimizde bulunan dan\u0131\u015fmanlar\u0131m\u0131za iletmeniz gerekir.<\/span><\/p>\r\n<p><span style=\"font-family: Roboto; font-size: 14px;\">\r\n\r\n<\/span><\/p>\r\n<p><span style=\"font-family: Roboto; font-size: 14px;\">Dan\u0131\u015fmanlar\u0131m\u0131z\u0131 sizin ad\u0131n\u0131za ba\u015fvuru randevusu alarak vize i\u015flemlerinizi ba\u015flat\u0131r.<\/span><\/p>\r\n<p><span style=\"font-family: Roboto; font-size: 14px;\">\r\n\r\n<\/span><\/p>\r\n<p><span style=\"font-family: Roboto; font-size: 14px;\">Vize ba\u015fvuru evraklar\u0131n\u0131z incelendikten sonra biyometrik beyanda bulunman\u0131z istenilir.<\/span><\/p>\r\n<p><span style=\"font-family: Roboto; font-size: 14px;\">\r\n\r\n<\/span><\/p>\r\n<p><span style=\"font-family: Roboto; font-size: 14px;\">Dan\u0131\u015fmanlar\u0131m\u0131z taraf\u0131ndan biyometrik beyan\u0131n\u0131z i\u00e7in randevu al\u0131rlar ve sizi bu konuda bilgilendirirler. Randevuya zaman\u0131nda gitmeniz gerekir ve biyometrik beyanda bulunman\u0131z gerekir.<\/span><\/p>\r\n<p><span style=\"font-family: Roboto; font-size: 14px;\">\r\n\r\n<\/span><\/p>\r\n<p><span style=\"font-family: Roboto; font-size: 14px;\">T\u00fcm bu a\u015famalar olumlu sonu\u00e7land\u0131ktan sonra vizeniz \u00e7\u0131km\u0131\u015f olur. \u0130\u015fte bu a\u015famada\u00a0<strong>\u0130spanya Ankara vize merkezi<\/strong>\u00a0dan\u0131\u015fman arkada\u015flar\u0131m\u0131z sizi arayarak bilgi verir ve pasaportunuzu elden teslim al\u0131rs\u0131n\u0131z.<\/span><\/p>\r\n<p><span style=\"font-family: Roboto;\"><\/span><\/p>","protected":false},"excerpt":{"rendered":"<p>\u0130spanya Ankara vize merkezi\u00a0ofisimize ho\u015f geldiniz. Siz de\u011ferli ziyaret\u00e7ilerimize vize konular\u0131 hakk\u0131nda detayl\u0131 bilgi vererek vize i\u015flemlerin nas\u0131l ilerledi\u011fine dair bilgi edinebilirsiniz.\u00a0\u0130spanya Ankara vize merkezi\u00a0uzman ekibimiz size bu konuda yard\u0131mc\u0131 olarak s\u00fcrecin h\u0131zl\u0131 ilerlemesini sa\u011flar. \u0130spanya Schengen \u00fcyesi olan bir \u00fclkedir ve bundan dolay\u0131 birden \u00e7ok protokole sahiptir. Protokole iyi derecede hakim dan\u0131\u015fmanlar ile \u00e7al\u0131\u015f\u0131rsan\u0131z<\/p>\n","protected":false},"author":1,"featured_media":0,"parent":222,"menu_order":0,"comment_status":"open","ping_status":"closed","template":"","meta":{"footnotes":""},"class_list":["post-241","page","type-page","status-publish","hentry"],"yoast_head":"<!-- This site is optimized with the Yoast SEO plugin v24.0 - https:\/\/yoast.com\/wordpress\/plugins\/seo\/ -->\n<title>\u0130spanya Vize Ba\u015fvuru Merkezimiz Ankara - MyVize<\/title>\n<meta name=\"description\" content=\"\u0130spanya vizesi Ankara ofisimiz, hangi \u00fclkeye seyahat etmek isterseniz gerekli b\u00fct\u00fcn bilgilere ula\u015fabilirsiniz: 0850 346 84 93\" \/>\n<meta name=\"robots\" content=\"index, follow, max-snippet:-1, max-image-preview:large, max-video-preview:-1\" \/>\n<link rel=\"canonical\" href=\"https:\/\/www.myvize.com.tr\/ispanya\/subelerimiz\/ankara\/\" \/>\n<meta property=\"og:locale\" content=\"tr_TR\" \/>\n<meta property=\"og:type\" content=\"article\" \/>\n<meta property=\"og:title\" content=\"\u0130spanya Vize Ba\u015fvuru Merkezimiz Ankara - MyVize\" \/>\n<meta property=\"og:description\" content=\"\u0130spanya vizesi Ankara ofisimiz, hangi \u00fclkeye seyahat etmek isterseniz gerekli b\u00fct\u00fcn bilgilere ula\u015fabilirsiniz: 0850 346 84 93\" \/>\n<meta property=\"og:url\" content=\"https:\/\/www.myvize.com.tr\/ispanya\/subelerimiz\/ankara\/\" \/>\n<meta property=\"og:site_name\" content=\"\u0130spanya Vizesi\" \/>\n<meta property=\"article:modified_time\" content=\"2022-05-16T09:44:32+00:00\" \/>\n<meta name=\"twitter:card\" content=\"summary_large_image\" \/>\n<meta name=\"twitter:label1\" content=\"Tahmini okuma s\u00fcresi\" \/>\n\t<meta name=\"twitter:data1\" content=\"1 dakika\" \/>\n<script type=\"application\/ld+json\" class=\"yoast-schema-graph\">{\"@context\":\"https:\/\/schema.org\",\"@graph\":[{\"@type\":\"WebPage\",\"@id\":\"https:\/\/www.myvize.com.tr\/ispanya\/subelerimiz\/ankara\/\",\"url\":\"https:\/\/www.myvize.com.tr\/ispanya\/subelerimiz\/ankara\/\",\"name\":\"\u0130spanya Vize Ba\u015fvuru Merkezimiz Ankara - MyVize\",\"isPartOf\":{\"@id\":\"https:\/\/www.myvize.com.tr\/ispanya\/#website\"},\"datePublished\":\"2021-01-02T15:07:25+00:00\",\"dateModified\":\"2022-05-16T09:44:32+00:00\",\"description\":\"\u0130spanya vizesi Ankara ofisimiz, hangi \u00fclkeye seyahat etmek isterseniz gerekli b\u00fct\u00fcn bilgilere ula\u015fabilirsiniz: 0850 346 84 93\",\"breadcrumb\":{\"@id\":\"https:\/\/www.myvize.com.tr\/ispanya\/subelerimiz\/ankara\/#breadcrumb\"},\"inLanguage\":\"tr\",\"potentialAction\":[{\"@type\":\"ReadAction\",\"target\":[\"https:\/\/www.myvize.com.tr\/ispanya\/subelerimiz\/ankara\/\"]}]},{\"@type\":\"BreadcrumbList\",\"@id\":\"https:\/\/www.myvize.com.tr\/ispanya\/subelerimiz\/ankara\/#breadcrumb\",\"itemListElement\":[{\"@type\":\"ListItem\",\"position\":1,\"name\":\"Anasayfa\",\"item\":\"https:\/\/www.myvize.com.tr\/ispanya\/\"},{\"@type\":\"ListItem\",\"position\":2,\"name\":\"\u015eUBELER\u0130M\u0130Z\",\"item\":\"https:\/\/www.myvize.com.tr\/ispanya\/subelerimiz\/\"},{\"@type\":\"ListItem\",\"position\":3,\"name\":\"\u0130spanya Vizesi , Ankara\"}]},{\"@type\":\"WebSite\",\"@id\":\"https:\/\/www.myvize.com.tr\/ispanya\/#website\",\"url\":\"https:\/\/www.myvize.com.tr\/ispanya\/\",\"name\":\"\u0130spanya Vizesi\",\"description\":\"\",\"potentialAction\":[{\"@type\":\"SearchAction\",\"target\":{\"@type\":\"EntryPoint\",\"urlTemplate\":\"https:\/\/www.myvize.com.tr\/ispanya\/?s={search_term_string}\"},\"query-input\":{\"@type\":\"PropertyValueSpecification\",\"valueRequired\":true,\"valueName\":\"search_term_string\"}}],\"inLanguage\":\"tr\"}]}<\/script>\n<!-- \/ Yoast SEO plugin. -->","yoast_head_json":{"title":"\u0130spanya Vize Ba\u015fvuru Merkezimiz Ankara - MyVize","description":"\u0130spanya vizesi Ankara ofisimiz, hangi \u00fclkeye seyahat etmek isterseniz gerekli b\u00fct\u00fcn bilgilere ula\u015fabilirsiniz: 0850 346 84 93","robots":{"index":"index","follow":"follow","max-snippet":"max-snippet:-1","max-image-preview":"max-image-preview:large","max-video-preview":"max-video-preview:-1"},"canonical":"https:\/\/www.myvize.com.tr\/ispanya\/subelerimiz\/ankara\/","og_locale":"tr_TR","og_type":"article","og_title":"\u0130spanya Vize Ba\u015fvuru Merkezimiz Ankara - MyVize","og_description":"\u0130spanya vizesi Ankara ofisimiz, hangi \u00fclkeye seyahat etmek isterseniz gerekli b\u00fct\u00fcn bilgilere ula\u015fabilirsiniz: 0850 346 84 93","og_url":"https:\/\/www.myvize.com.tr\/ispanya\/subelerimiz\/ankara\/","og_site_name":"\u0130spanya Vizesi","article_modified_time":"2022-05-16T09:44:32+00:00","twitter_card":"summary_large_image","twitter_misc":{"Tahmini okuma s\u00fcresi":"1 dakika"},"schema":{"@context":"https:\/\/schema.org","@graph":[{"@type":"WebPage","@id":"https:\/\/www.myvize.com.tr\/ispanya\/subelerimiz\/ankara\/","url":"https:\/\/www.myvize.com.tr\/ispanya\/subelerimiz\/ankara\/","name":"\u0130spanya Vize Ba\u015fvuru Merkezimiz Ankara - MyVize","isPartOf":{"@id":"https:\/\/www.myvize.com.tr\/ispanya\/#website"},"datePublished":"2021-01-02T15:07:25+00:00","dateModified":"2022-05-16T09:44:32+00:00","description":"\u0130spanya vizesi Ankara ofisimiz, hangi \u00fclkeye seyahat etmek isterseniz gerekli b\u00fct\u00fcn bilgilere ula\u015fabilirsiniz: 0850 346 84 93","breadcrumb":{"@id":"https:\/\/www.myvize.com.tr\/ispanya\/subelerimiz\/ankara\/#breadcrumb"},"inLanguage":"tr","potentialAction":[{"@type":"ReadAction","target":["https:\/\/www.myvize.com.tr\/ispanya\/subelerimiz\/ankara\/"]}]},{"@type":"BreadcrumbList","@id":"https:\/\/www.myvize.com.tr\/ispanya\/subelerimiz\/ankara\/#breadcrumb","itemListElement":[{"@type":"ListItem","position":1,"name":"Anasayfa","item":"https:\/\/www.myvize.com.tr\/ispanya\/"},{"@type":"ListItem","position":2,"name":"\u015eUBELER\u0130M\u0130Z","item":"https:\/\/www.myvize.com.tr\/ispanya\/subelerimiz\/"},{"@type":"ListItem","position":3,"name":"\u0130spanya Vizesi , Ankara"}]},{"@type":"WebSite","@id":"https:\/\/www.myvize.com.tr\/ispanya\/#website","url":"https:\/\/www.myvize.com.tr\/ispanya\/","name":"\u0130spanya Vizesi","description":"","potentialAction":[{"@type":"SearchAction","target":{"@type":"EntryPoint","urlTemplate":"https:\/\/www.myvize.com.tr\/ispanya\/?s={search_term_string}"},"query-input":{"@type":"PropertyValueSpecification","valueRequired":true,"valueName":"search_term_string"}}],"inLanguage":"tr"}]}},"_links":{"self":[{"href":"https:\/\/www.myvize.com.tr\/ispanya\/wp-json\/wp\/v2\/pages\/241","targetHints":{"allow":["GET"]}}],"collection":[{"href":"https:\/\/www.myvize.com.tr\/ispanya\/wp-json\/wp\/v2\/pages"}],"about":[{"href":"https:\/\/www.myvize.com.tr\/ispanya\/wp-json\/wp\/v2\/types\/page"}],"author":[{"embeddable":true,"href":"https:\/\/www.myvize.com.tr\/ispanya\/wp-json\/wp\/v2\/users\/1"}],"replies":[{"embeddable":true,"href":"https:\/\/www.myvize.com.tr\/ispanya\/wp-json\/wp\/v2\/comments?post=241"}],"version-history":[{"count":5,"href":"https:\/\/www.myvize.com.tr\/ispanya\/wp-json\/wp\/v2\/pages\/241\/revisions"}],"predecessor-version":[{"id":1006,"href":"https:\/\/www.myvize.com.tr\/ispanya\/wp-json\/wp\/v2\/pages\/241\/revisions\/1006"}],"up":[{"embeddable":true,"href":"https:\/\/www.myvize.com.tr\/ispanya\/wp-json\/wp\/v2\/pages\/222"}],"wp:attachment":[{"href":"https:\/\/www.myvize.com.tr\/ispanya\/wp-json\/wp\/v2\/media?parent=241"}],"curies":[{"name":"wp","href":"https:\/\/api.w.org\/{rel}","templated":true}]}}