{"id":251,"date":"2021-01-02T18:09:31","date_gmt":"2021-01-02T15:09:31","guid":{"rendered":"https:\/\/www.myvize.com.tr\/ispanya\/?page_id=251"},"modified":"2022-04-19T13:43:38","modified_gmt":"2022-04-19T10:43:38","slug":"altunizade","status":"publish","type":"page","link":"https:\/\/www.myvize.com.tr\/ispanya\/subelerimiz\/altunizade\/","title":{"rendered":"\u0130spanya Vizesi, Altunizade"},"content":{"rendered":"<h2><strong><span style=\"font-family: Roboto; font-size: 27px;\">\u0130spanya Vize Ba\u015fvuru Merkezi, Altunizade<\/span><\/strong><\/h2>\n<p><span style=\"font-family: Roboto; font-size: 14px;\"><strong>\u0130spanya\u2019ya seyahat etmek<\/strong> isteyen ve Altunizade \u00e7evresinde ikamet eden ki\u015filer, \u0130spanya seyahati i\u00e7in vize almal\u0131d\u0131r. \u0130spanya vizesi i\u015flemleri Altunizade ba\u015fvurusunda bulunacak olan ki\u015fi, \u0130spanya vizesi Altunizade hakk\u0131nda ara\u015ft\u0131rma yapmaktad\u0131r. Bu yaz\u0131da \u0130spanya vizesi Altunizade hakk\u0131nda bilgi verilmi\u015ftir. \u0130spanya vizesi i\u015flemleri Altunizade vize ba\u015fvurusunda bulunacak olan ki\u015fi vize ba\u015fvurular\u0131n\u0131 \u0130spanya vize ba\u015fvuru merkezine ve \u0130spanya temsilcili\u011fine yapabilmektedir. K\u0131sa s\u00fcre \u0130spanya vize ba\u015fvuru \u0130spanya vize ba\u015fvuru merkezleri, uzun s\u00fcreli <span style=\"color: #2acec2;\"><strong><a style=\"color: #2acec2;\" href=\"https:\/\/www.myvize.com.tr\/ispanya\/vize-islemleri\/ispanya-vize-basvurusu\/\" target=\"_blank\" rel=\"noopener\">\u0130spanya vize ba\u015fvurusu <\/a><\/strong><\/span>ise \u0130spanya Altunizade temsilciliine yapabilmektedir.<strong> \u0130spanya vizesi Altunizade<\/strong> i\u00e7in gerekli olan vize evrak\u0131 haz\u0131rlanmal\u0131 ve \u0130spanya vize ba\u015fvuru yap\u0131lacak olan yere teslim edilmeli. Evraklar\u0131n eksiksiz g\u00fcncel ile y\u0131pranmam\u0131\u015f olmas\u0131 gerekmektedir. \u0130spanya vizesi i\u015flemleri Altunizade vize ba\u015fvurusu her ne kadar farkl\u0131 yere yap\u0131lsa da ba\u015fvurular\u0131 inceleme yetkisi \u0130spanya T\u00fcrkiye\u2019de bulunan \u0130spanya Ankara B\u00fcy\u00fckel\u00e7iliki ve \u0130spanya \u0130stanbul Ba\u015fkonsoloslu\u011funa aittir.\u00a0\u00a0<\/span><\/p>\n<h2><strong><span style=\"font-family: Roboto; font-size: 27px;\">\u0130spanya Altunizade Vize \u0130\u015flemleri<\/span><\/strong><\/h2>\n<p><span style=\"font-family: Roboto; font-size: 14px;\"><strong>\u0130spanya\u2019ya seyahat etmek<\/strong> i\u00e7in vize alacak olan ki\u015fi, \u0130spanya Altunizade vize ba\u015fvurusu yapmal\u0131. \u0130spanya Altunizade vize ba\u015fvurusu yapacak olan ki\u015fi, \u0130spanya Altunizade vize i\u015flemleri hakk\u0131nda ara\u015ft\u0131rmalar yapmaktad\u0131r. Bu yaz\u0131 da \u0130spanya Altunizade vize i\u015flemleri hakk\u0131nda bilgiler verilmi\u015ftir. \u0130spanya Altunizade vize ba\u015fvurusunda bulunacak olan ki\u015fi, <strong>\u0130spanya vize<\/strong> t\u00fcr\u00fcn\u00fc belirmeli. \u0130spanya Altunizade vize i\u015flemleri i\u00e7in vize t\u00fcr\u00fcn\u00fc belirleyen ki\u015fi vize ba\u015fvurusunda bulunmas\u0131 i\u00e7in randevu almal\u0131d\u0131r. K\u0131sa s\u00fcreli vize ba\u015fvurular\u0131 vize ba\u015fvuru merkezlerine, uzun s\u00fcreli \u0130spanya Altunizade vize i\u015flemleri ise \u0130spanya temsilcili\u011fe yap\u0131lmal\u0131d\u0131r. \u0130spanya Altunizade vize randevusuna kadar gerekli olan vize evrak\u0131 eksiksiz olarak haz\u0131rlanmal\u0131. Haz\u0131rlanan vize evrak\u0131 randevu tarihlerinde yetkiliye teslim edilerek biyometrik parmak izini verisi verilmelidir. \u0130spanya Altunizade vize ba\u015fvurusunu incelemek ve de\u011ferlendirmek yetkisi \u0130spanya\u2019n\u0131n T\u00fcrkiye\u2019de bulunan temsilcili\u011fi olan <span style=\"color: #2acec2;\"><strong><a style=\"color: #2acec2;\" href=\"https:\/\/www.myvize.com.tr\/ispanya\/konsolosluklar\/ankara-buyukelciligi\/\" target=\"_blank\" rel=\"noopener\">\u0130spanya Ankara B\u00fcy\u00fckel\u00e7ili\u011fi<\/a><\/strong><\/span> ve \u0130spanya \u0130stanbul Ba\u015fkonsoloslu\u011funa aittir.\u00a0\u00a0<\/span><\/p>\n<h2><strong><span style=\"font-family: Roboto; font-size: 27px;\">\u0130spanya Altunizade Vize Randevusu<\/span><\/strong><\/h2>\n<p><span style=\"font-family: Roboto; font-size: 14px;\">\u0130spanya\u2019ya seyahat edecek olan ki\u015fi ve Altunizade \u00e7evresinde ikamet eden ki\u015fi, <strong>\u0130spanya vize<\/strong> ba\u015fvurusunda bulunmal\u0131. \u0130spanya Altunizade vize ba\u015fvurusunda bulunacak olan ki\u015fi, \u0130spanya Altunizade vize randevusu almal\u0131d\u0131r. Bu yaz\u0131da \u0130spanya vize alacak olan ki\u015filer i\u00e7in, \u0130spanya Altunizade vize randevusu hakk\u0131nda bilgiler verilmi\u015ftir. \u0130spanya uzun s\u00fcre vize ba\u015fvurular\u0131 \u0130spanya temsilcili\u011fine yap\u0131ld\u0131\u011f\u0131ndan ba\u015fvurular \u0130spanya temsilcili\u011fi ile ileti\u015fime ge\u00e7ilerek al\u0131nabilir. K\u0131sa s\u00fcreli \u0130spanya Altunizade vize randevusu alacak olan ki\u015fi Randevular\u0131n\u0131 Altunizade \u015fubesi isimli vize ba\u015fvuru \u015firketlerinden alabilir. Altunizade \u015fubesi \u00fczerinden vize randevusu almak i\u00e7in internet sitesine \u00fcye olmal\u0131s\u0131n\u0131z. \u00dcye olduktan \u201crandevu al\u201d buton t\u0131klamal\u0131d\u0131r. Randevu al butonu t\u0131kand\u0131kdan sonra gerekli olan <strong>\u0130spanya vize bilgisi<\/strong> girilmelidir. \u0130spanya vize bilgisini giren ki\u015filer, \u0130spanya Altunizade vize randevusu tarihlerini se\u00e7mesi ve \u0130spanya Altunizade vize randevusu tarihlerinde vize i\u015flemlerini tamamlamal\u0131.<\/span><\/p>\n<h2><strong><span style=\"font-family: Roboto; font-size: 27px;\">\u0130spanya Vizenizi Altunizade\u2019den Alman\u0131z\u0131n Kolay Yolu<\/span><\/strong><\/h2>\n<p><span style=\"font-family: Roboto; font-size: 14px;\"><strong>\u0130spanya\u2019ya seyahat<\/strong> edecek olan ki\u015fi \u0130spanya seyahati i\u00e7in vize almal\u0131d\u0131r. \u0130spanya vizesi Altunizade\u2019n almak isteyen ki\u015fi \u0130spanya vizesi Altunizade\u2019n alman\u0131n kolay yolu ara\u015ft\u0131rmaktad\u0131r. Bu yaz\u0131 da \u0130spanya vizesini alacak olan ki\u015filer i\u00e7in \u0130spanya vizenizi Altunizade\u2019n alman\u0131z\u0131n kolay yolu hakk\u0131nda bilgiler verilmi\u015ftir. \u0130spanya vizesini Altunizade\u2019n alacak olan ki\u015fi, \u0130spanya vizesi Altunizade ba\u015fvurular\u0131 i\u00e7in profesyonel destekler alabilir. B\u00f6ylece \u0130spanya Altunizade vize ba\u015fvurular\u0131 i\u00e7in evrak haz\u0131rlamas\u0131, randevu almas\u0131 ve ba\u015fvurular yap\u0131lmas\u0131 gibi durumda destek olmaktad\u0131r. \u0130spanya vizesini Altunizade\u2019n alacak olan ki\u015fi, My Vize ofisinden destek alabilmekte. <strong>My Vize<\/strong> ofisinden \u0130spanya Altunizade vize ba\u015fvurusu i\u00e7in destek alacak olan ki\u015fi, My Vize Ofisi ile ileti\u015fime ge\u00e7erek bilgiler alabilir.<strong>\u0130spanya Altunizade vizesi ba\u015fvurusu<\/strong> yapacak olan ki\u015fiye vize evrak\u0131n\u0131n haz\u0131rlanmas\u0131, randevu almas\u0131, <strong>\u0130spanya vizesi Altunizade<\/strong> ba\u015fvurular\u0131n\u0131n sonu\u00e7lanmas\u0131 gibi a\u015famada destek olunmakta ve bilgiler verilmektedir.<\/span><\/p>\n","protected":false},"excerpt":{"rendered":"<p>\u0130spanya Vize Ba\u015fvuru Merkezi, Altunizade \u0130spanya\u2019ya seyahat etmek isteyen ve Altunizade \u00e7evresinde ikamet eden ki\u015filer, \u0130spanya seyahati i\u00e7in vize almal\u0131d\u0131r. \u0130spanya vizesi i\u015flemleri Altunizade ba\u015fvurusunda bulunacak olan ki\u015fi, \u0130spanya vizesi Altunizade hakk\u0131nda ara\u015ft\u0131rma yapmaktad\u0131r. Bu yaz\u0131da \u0130spanya vizesi Altunizade hakk\u0131nda bilgi verilmi\u015ftir. \u0130spanya vizesi i\u015flemleri Altunizade vize ba\u015fvurusunda bulunacak olan ki\u015fi vize ba\u015fvurular\u0131n\u0131 \u0130spanya vize<\/p>\n","protected":false},"author":1,"featured_media":0,"parent":222,"menu_order":0,"comment_status":"open","ping_status":"closed","template":"","meta":{"footnotes":""},"class_list":["post-251","page","type-page","status-publish","hentry"],"yoast_head":"<!-- This site is optimized with the Yoast SEO plugin v24.0 - https:\/\/yoast.com\/wordpress\/plugins\/seo\/ -->\n<title>\u0130spanya Vize Ba\u015fvuru Merkezimiz Altunizade - MyVize<\/title>\n<meta name=\"description\" content=\"\u0130spanya vizesi Altunizade ofisimiz, hangi \u00fclkeye seyahat etmek isterseniz gerekli b\u00fct\u00fcn bilgilere ula\u015fabilirsiniz: 0850 346 84 93\" \/>\n<meta name=\"robots\" content=\"index, follow, max-snippet:-1, max-image-preview:large, max-video-preview:-1\" \/>\n<link rel=\"canonical\" href=\"https:\/\/www.myvize.com.tr\/ispanya\/subelerimiz\/altunizade\/\" \/>\n<meta property=\"og:locale\" content=\"tr_TR\" \/>\n<meta property=\"og:type\" content=\"article\" \/>\n<meta property=\"og:title\" content=\"\u0130spanya Vize Ba\u015fvuru Merkezimiz Altunizade - MyVize\" \/>\n<meta property=\"og:description\" content=\"\u0130spanya vizesi Altunizade ofisimiz, hangi \u00fclkeye seyahat etmek isterseniz gerekli b\u00fct\u00fcn bilgilere ula\u015fabilirsiniz: 0850 346 84 93\" \/>\n<meta property=\"og:url\" content=\"https:\/\/www.myvize.com.tr\/ispanya\/subelerimiz\/altunizade\/\" \/>\n<meta property=\"og:site_name\" content=\"\u0130spanya Vizesi\" \/>\n<meta property=\"article:modified_time\" content=\"2022-04-19T10:43:38+00:00\" \/>\n<meta name=\"twitter:card\" content=\"summary_large_image\" \/>\n<meta name=\"twitter:label1\" content=\"Tahmini okuma s\u00fcresi\" \/>\n\t<meta name=\"twitter:data1\" content=\"3 dakika\" \/>\n<script type=\"application\/ld+json\" class=\"yoast-schema-graph\">{\"@context\":\"https:\/\/schema.org\",\"@graph\":[{\"@type\":\"WebPage\",\"@id\":\"https:\/\/www.myvize.com.tr\/ispanya\/subelerimiz\/altunizade\/\",\"url\":\"https:\/\/www.myvize.com.tr\/ispanya\/subelerimiz\/altunizade\/\",\"name\":\"\u0130spanya Vize Ba\u015fvuru Merkezimiz Altunizade - MyVize\",\"isPartOf\":{\"@id\":\"https:\/\/www.myvize.com.tr\/ispanya\/#website\"},\"datePublished\":\"2021-01-02T15:09:31+00:00\",\"dateModified\":\"2022-04-19T10:43:38+00:00\",\"description\":\"\u0130spanya vizesi Altunizade ofisimiz, hangi \u00fclkeye seyahat etmek isterseniz gerekli b\u00fct\u00fcn bilgilere ula\u015fabilirsiniz: 0850 346 84 93\",\"breadcrumb\":{\"@id\":\"https:\/\/www.myvize.com.tr\/ispanya\/subelerimiz\/altunizade\/#breadcrumb\"},\"inLanguage\":\"tr\",\"potentialAction\":[{\"@type\":\"ReadAction\",\"target\":[\"https:\/\/www.myvize.com.tr\/ispanya\/subelerimiz\/altunizade\/\"]}]},{\"@type\":\"BreadcrumbList\",\"@id\":\"https:\/\/www.myvize.com.tr\/ispanya\/subelerimiz\/altunizade\/#breadcrumb\",\"itemListElement\":[{\"@type\":\"ListItem\",\"position\":1,\"name\":\"Anasayfa\",\"item\":\"https:\/\/www.myvize.com.tr\/ispanya\/\"},{\"@type\":\"ListItem\",\"position\":2,\"name\":\"\u015eUBELER\u0130M\u0130Z\",\"item\":\"https:\/\/www.myvize.com.tr\/ispanya\/subelerimiz\/\"},{\"@type\":\"ListItem\",\"position\":3,\"name\":\"\u0130spanya Vizesi, Altunizade\"}]},{\"@type\":\"WebSite\",\"@id\":\"https:\/\/www.myvize.com.tr\/ispanya\/#website\",\"url\":\"https:\/\/www.myvize.com.tr\/ispanya\/\",\"name\":\"\u0130spanya Vizesi\",\"description\":\"\",\"potentialAction\":[{\"@type\":\"SearchAction\",\"target\":{\"@type\":\"EntryPoint\",\"urlTemplate\":\"https:\/\/www.myvize.com.tr\/ispanya\/?s={search_term_string}\"},\"query-input\":{\"@type\":\"PropertyValueSpecification\",\"valueRequired\":true,\"valueName\":\"search_term_string\"}}],\"inLanguage\":\"tr\"}]}<\/script>\n<!-- \/ Yoast SEO plugin. -->","yoast_head_json":{"title":"\u0130spanya Vize Ba\u015fvuru Merkezimiz Altunizade - MyVize","description":"\u0130spanya vizesi Altunizade ofisimiz, hangi \u00fclkeye seyahat etmek isterseniz gerekli b\u00fct\u00fcn bilgilere ula\u015fabilirsiniz: 0850 346 84 93","robots":{"index":"index","follow":"follow","max-snippet":"max-snippet:-1","max-image-preview":"max-image-preview:large","max-video-preview":"max-video-preview:-1"},"canonical":"https:\/\/www.myvize.com.tr\/ispanya\/subelerimiz\/altunizade\/","og_locale":"tr_TR","og_type":"article","og_title":"\u0130spanya Vize Ba\u015fvuru Merkezimiz Altunizade - MyVize","og_description":"\u0130spanya vizesi Altunizade ofisimiz, hangi \u00fclkeye seyahat etmek isterseniz gerekli b\u00fct\u00fcn bilgilere ula\u015fabilirsiniz: 0850 346 84 93","og_url":"https:\/\/www.myvize.com.tr\/ispanya\/subelerimiz\/altunizade\/","og_site_name":"\u0130spanya Vizesi","article_modified_time":"2022-04-19T10:43:38+00:00","twitter_card":"summary_large_image","twitter_misc":{"Tahmini okuma s\u00fcresi":"3 dakika"},"schema":{"@context":"https:\/\/schema.org","@graph":[{"@type":"WebPage","@id":"https:\/\/www.myvize.com.tr\/ispanya\/subelerimiz\/altunizade\/","url":"https:\/\/www.myvize.com.tr\/ispanya\/subelerimiz\/altunizade\/","name":"\u0130spanya Vize Ba\u015fvuru Merkezimiz Altunizade - MyVize","isPartOf":{"@id":"https:\/\/www.myvize.com.tr\/ispanya\/#website"},"datePublished":"2021-01-02T15:09:31+00:00","dateModified":"2022-04-19T10:43:38+00:00","description":"\u0130spanya vizesi Altunizade ofisimiz, hangi \u00fclkeye seyahat etmek isterseniz gerekli b\u00fct\u00fcn bilgilere ula\u015fabilirsiniz: 0850 346 84 93","breadcrumb":{"@id":"https:\/\/www.myvize.com.tr\/ispanya\/subelerimiz\/altunizade\/#breadcrumb"},"inLanguage":"tr","potentialAction":[{"@type":"ReadAction","target":["https:\/\/www.myvize.com.tr\/ispanya\/subelerimiz\/altunizade\/"]}]},{"@type":"BreadcrumbList","@id":"https:\/\/www.myvize.com.tr\/ispanya\/subelerimiz\/altunizade\/#breadcrumb","itemListElement":[{"@type":"ListItem","position":1,"name":"Anasayfa","item":"https:\/\/www.myvize.com.tr\/ispanya\/"},{"@type":"ListItem","position":2,"name":"\u015eUBELER\u0130M\u0130Z","item":"https:\/\/www.myvize.com.tr\/ispanya\/subelerimiz\/"},{"@type":"ListItem","position":3,"name":"\u0130spanya Vizesi, Altunizade"}]},{"@type":"WebSite","@id":"https:\/\/www.myvize.com.tr\/ispanya\/#website","url":"https:\/\/www.myvize.com.tr\/ispanya\/","name":"\u0130spanya Vizesi","description":"","potentialAction":[{"@type":"SearchAction","target":{"@type":"EntryPoint","urlTemplate":"https:\/\/www.myvize.com.tr\/ispanya\/?s={search_term_string}"},"query-input":{"@type":"PropertyValueSpecification","valueRequired":true,"valueName":"search_term_string"}}],"inLanguage":"tr"}]}},"_links":{"self":[{"href":"https:\/\/www.myvize.com.tr\/ispanya\/wp-json\/wp\/v2\/pages\/251","targetHints":{"allow":["GET"]}}],"collection":[{"href":"https:\/\/www.myvize.com.tr\/ispanya\/wp-json\/wp\/v2\/pages"}],"about":[{"href":"https:\/\/www.myvize.com.tr\/ispanya\/wp-json\/wp\/v2\/types\/page"}],"author":[{"embeddable":true,"href":"https:\/\/www.myvize.com.tr\/ispanya\/wp-json\/wp\/v2\/users\/1"}],"replies":[{"embeddable":true,"href":"https:\/\/www.myvize.com.tr\/ispanya\/wp-json\/wp\/v2\/comments?post=251"}],"version-history":[{"count":5,"href":"https:\/\/www.myvize.com.tr\/ispanya\/wp-json\/wp\/v2\/pages\/251\/revisions"}],"predecessor-version":[{"id":1001,"href":"https:\/\/www.myvize.com.tr\/ispanya\/wp-json\/wp\/v2\/pages\/251\/revisions\/1001"}],"up":[{"embeddable":true,"href":"https:\/\/www.myvize.com.tr\/ispanya\/wp-json\/wp\/v2\/pages\/222"}],"wp:attachment":[{"href":"https:\/\/www.myvize.com.tr\/ispanya\/wp-json\/wp\/v2\/media?parent=251"}],"curies":[{"name":"wp","href":"https:\/\/api.w.org\/{rel}","templated":true}]}}