{"id":35,"date":"2020-11-30T12:44:42","date_gmt":"2020-11-30T09:44:42","guid":{"rendered":"https:\/\/www.myvize.com.tr\/ispanya\/?page_id=35"},"modified":"2022-12-20T21:37:42","modified_gmt":"2022-12-20T18:37:42","slug":"ispanya-ticari-vize","status":"publish","type":"page","link":"https:\/\/www.myvize.com.tr\/ispanya\/vize-islemleri\/ispanya-ticari-vize\/","title":{"rendered":"\u0130spanya Ticari Vize"},"content":{"rendered":"<p><span style=\"font-size: 14px;\"><\/span><\/p>\r\n<p><span style=\"font-size: 14px; font-family: Roboto;\"><strong>\u0130spanya ticari vize<\/strong> normal vizeden baz\u0131 y\u00f6nleri ile ayr\u0131l\u0131yor. Bu vize t\u00fcr\u00fc \u0130spanya\u2019da i\u015f yapmak i\u00e7in \u015firket \u00e7al\u0131\u015fanlar\u0131n\u0131n gidi\u015flerini d\u00fczenleyen bir vize olarak \u00f6ne \u00e7\u0131k\u0131yor. <strong>Ticari vize<\/strong> uygulamalar\u0131n\u0131n genellikle ilgili \u015firketin g\u00f6nderdi\u011fi davetiye ile ger\u00e7ekle\u015ftirildi\u011fi s\u00f6ylenebilir. Siz i\u015f yapaca\u011f\u0131n\u0131z \u015firketten bu belgeyi talep ediyorsunuz.<\/span><\/p>\r\n<p><span style=\"font-size: 14px; font-family: Roboto;\">\r\n\r\n<\/span><\/p>\r\n<p><span style=\"font-size: 14px; font-family: Roboto;\">\u015eirket sizin ad\u0131n\u0131za bir ticari davetiye g\u00f6ndererek bu i\u015flemleri ger\u00e7ekle\u015ftiriyor. Siz de bu belge ile konsolosluklara giderek ticari vize ba\u015fvurusunda bulunuyorsunuz. Genel olarak ticari vizede ilk a\u015famada ticari davetiye oluyor. Bunu takiben ise normal vizeler i\u00e7in gereken di\u011fer belgelerin tamamlanmas\u0131 gerekiyor.<\/span><\/p>\r\n<blockquote>\r\n<p><a href=\"https:\/\/www.myvize.com.tr\/ispanya\/vize-islemleri\/ispanya-vizesi\/\" target=\"_blank\" rel=\"noopener\"><span style=\"color: #2acec2; font-family: Roboto; font-size: 14px;\"><strong>\u0130spanya Vizesi<\/strong><\/span><\/a><\/p>\r\n<\/blockquote>\r\n<h2><span style=\"font-size: 27px;\"><strong><span style=\"font-family: Roboto;\">\u0130spanya Ticari Vize Hakk\u0131nda<\/span><\/strong><\/span><\/h2>\r\n<p><span style=\"font-family: Roboto; font-size: 14px;\"><strong>\u0130spanya ticari vize<\/strong> \u0130spanya&#8217;da ticari ve sosyal faaliyetlerini geli\u015ftirmek isteyen, \u015firket toplant\u0131lar\u0131, seminer ve konferanslara kat\u0131lmak isteyenlerin ba\u015fvurmas\u0131 gereken bir vize i\u015flemidir. <strong>\u0130spanya \u00e7al\u0131\u015fma vizesi almak<\/strong> i\u00e7in dikkate al\u0131nmas\u0131 gereken prosed\u00fcr, \u0130spanya&#8217;dan gelen bir davet mektubudur. Davet mektubu, \u0130spanya&#8217;daki \u00e7al\u0131\u015fma vizesi prosed\u00fcr\u00fc i\u00e7in \u00e7ok \u00f6nemlidir. \u0130spanya&#8217;da bir \u015firketin ya da derne\u011fin sahipleri, \u015firket belgesini \u0130spanya \u00a0\u00fclkesi i\u00e7in ticari vizesi almak ad\u0131na davet yaz\u0131s\u0131 olarak kullanabilirler. \u0130spanya \u00e7al\u0131\u015fma vizesi almak isteyen \u015fah\u0131s 18 ya\u015f\u0131n\u0131n alt\u0131nda ise ve ebeveynlerinden biri ve ya her ikisi ile birlikte seyahat ediyorsa, her iki ebeveyn taraf\u0131ndan da imzalanm\u0131\u015f belgenin asl\u0131n\u0131 sunmal\u0131d\u0131r.<\/span><\/p>\r\n<h2><span style=\"font-family: Roboto; font-size: 27px;\"><strong>\u0130spanya Ticari Vize Nedir?<\/strong><\/span><\/h2>\r\n<p><span style=\"font-family: Roboto; font-size: 14px;\">\u0130spanya \u00fclkesi i\u00e7in \u00a0ticari vize t\u00fcr\u00fc alman\u0131n sebebi \u0130spanya\u2019da ticaret yapmak ve ya \u00fclkeye \u015firketler taraf\u0131ndan i\u015f\u00e7i olarak gitmek, \u00a0ticari seminerlere kat\u0131lmak, konferans vermek, \u015firket toplant\u0131lar\u0131nda bulunmak gibi ama\u00e7lar do\u011frultusunda al\u0131nan vize t\u00fcr\u00fcd\u00fcr. \u0130spanya \u00fclkesi ad\u0131na \u00e7al\u0131\u015fma vizesi alman\u0131z dahilinde ticari vize t\u00fcr\u00fcne ba\u015fvuru yapabilirsiniz. T\u00fcrkiye\u2019de \u00e7al\u0131\u015ft\u0131\u011f\u0131n\u0131z \u015firketin ve ya kurumun yetkili ki\u015fisi taraf\u0131ndan haz\u0131rlanan belgelerin i\u00e7eri\u011finde ziyaretin ticari ama\u00e7l\u0131, \u00e7al\u0131\u015fmak i\u00e7in g\u00f6nderilen \u015fahs\u0131n bilgileri, izin onay\u0131, ziyaret plan\u0131 kurumun ya da \u015firketin yetkilisi taraf\u0131ndan ka\u015fe vurulmas\u0131 ve imzalanmas\u0131 gerekir. Haz\u0131rda olmas\u0131 gereken en \u00f6nemli evrak ise vize davetiyesidir. Vize davetiyesi \u0130spanya \u00fclkesindeki \u015firket taraf\u0131ndan haz\u0131rlan\u0131r. \u0130spanya\u2019 faaliyet veren \u015firketin ad\u0131, ileti\u015fim bilgileri gibi ince detaylar ile belgelerin i\u00e7inde yer al\u0131r. Vize davetiyesinin de ayn\u0131 \u015fekilde ka\u015fe vurulup ve imzalanmas\u0131 gerekir.<\/span><\/p>\r\n<h2><span style=\"font-size: 27px; font-family: Roboto;\"><strong>\u0130spanya Ticari Vize Nas\u0131l Al\u0131n\u0131r?<\/strong><\/span><\/h2>\r\n<p><span style=\"font-size: 14px; font-family: Roboto;\">G\u00fcney Avrupa\u2019n\u0131n en g\u00fczel, en b\u00fcy\u00fck ve tarihi \u2013 turistik anlamda en zengin \u00fclkesi olan \u0130spanya \u00e7e\u015fitli nedenlerle T\u00fcrkiye Cumhuriyeti vatanda\u015flar\u0131 taraf\u0131ndan \u00e7ok s\u0131kl\u0131kla tercih ediliyor. Genellikle kal\u0131c\u0131 g\u00f6\u00e7ler yapmak y\u00f6n\u00fcnde bir istek olsa da bunun yan\u0131nda turistik seyahatler yapmak isteyen de bir\u00e7ok ki\u015fi var. Tabi bir de ticari ama\u00e7larla \u0130spanya\u2019ya seyahat etmek isteyenleri de unutmamak gerekiyor. \u00d6zellikle de son y\u0131llarda T\u00fcrkiye \u2013 \u0130spanya ticaret a\u011f\u0131 g\u00fc\u00e7lenmi\u015fken bu konu \u00fczerine at\u0131l\u0131m yapmak isteyen i\u015f insanlar\u0131n\u0131n say\u0131s\u0131 artm\u0131\u015f durumda. Peki <strong>\u0130spanya Ticari Vizesi Nas\u0131l Al\u0131n\u0131r?\u00a0<\/strong>Bir\u00e7ok ki\u015fi bu soruyu yan\u0131tlamak istiyor \u00e7\u00fcnk\u00fc s\u00fcreci h\u0131zl\u0131 bir \u015fekilde tamamlamak ve planlardan sapmadan i\u015flemleri bitirmek son derece \u00f6nemli. Vize alma i\u015fleminin genel olarak herhangi bir Avrupa \u00fclkesinden vize almaktan bir fark\u0131 olmad\u0131\u011f\u0131n\u0131 s\u00f6ylemek yanl\u0131\u015f olmayacakt\u0131r. Yani standart d\u0131\u015f\u0131 bir durum s\u00f6z konusu de\u011fil.<\/span><\/p>\r\n<h2><span style=\"font-family: Roboto; font-size: 27px;\"><strong>\u0130spanya Ticari Vize Nereden Al\u0131n\u0131r?<\/strong><\/span><\/h2>\r\n<p><span style=\"font-family: Roboto; font-size: 14px;\"><strong>\u0130spanya Konsoloslu\u011fu<\/strong> g\u00f6revinde \u00a0haz\u0131rlanan ticari vize ba\u015fvuru formunu ki\u015finin bizzat kendi taraf\u0131ndan eksiksiz ve do\u011fru bilgiler ile doldurmas\u0131 gerekir. E-vize \u015feklinde online ba\u015fvuru formunu doldurman\u0131z gerekir. Formu doldurdu\u011funuz anda bilgileri yanl\u0131\u015f girmemeniz ve eksik girmemeniz sizin ad\u0131n\u0131za olduk\u00e7a \u00f6nemlidir yoksa ticari vize ba\u015fvuru formunuz olumsuz sonu\u00e7lanma ihtimali olduk\u00e7a y\u00fcksektir. \u0130stedi\u011finiz zaman \u0130spanya \u00fclkesine gidebilmek i\u00e7in belirledi\u011finiz tarihten uzun zaman \u00f6nce ticari ba\u015fvuru yapman\u0131zda olduk\u00e7a fayda vard\u0131r. Formu doldurdu\u011funuz an unuttu\u011funuz bilgileri girmemeniz dahilinde ba\u015fvuru sonucunun a\u00e7\u0131klanma tarihi uzayabilir bu y\u00fczden planlad\u0131\u011f\u0131n\u0131z zamandan \u00f6nce ba\u015fvuru yapman\u0131z t\u00fcm olumsuz anlar\u0131 ya\u015fayabilmeyi \u00f6n g\u00f6rmeniz sizin i\u00e7in olduk\u00e7a \u00f6nemlidir.<\/span><\/p>\r\n<h3><span style=\"font-family: Roboto; font-size: 24px;\"><strong>\u0130spanya Ticari Vize Ka\u00e7 G\u00fcnde \u00c7\u0131kar?<\/strong><\/span><\/h3>\r\n<p><span style=\"font-family: Roboto; font-size: 14px;\"><strong>\u0130spanya ticari vize ba\u015fvurusu<\/strong> yapmak i\u00e7in belgelerinizin uygun prosed\u00fcre g\u00f6re haz\u0131rlanm\u0131\u015f oldu\u011fu kan\u0131tland\u0131\u011f\u0131 takdirde \u00a0\u0130spanya ticari vize ba\u015fvuru formunuz yedi ile on g\u00fcn aras\u0131nda sonu\u00e7lan\u0131r. Sonu\u00e7lar\u0131n\u0131z en k\u0131sa s\u00fcrede a\u00e7\u0131klanmas\u0131 i\u00e7in ticari vize ba\u015fvuru formunu doldururken bilgilerinizin eksiksiz oldu\u011funa emin olduktan sonra ba\u015fvuru formunu onaylaman\u0131z gerekir. \u00a0B\u00f6yle bir durum ile kar\u015f\u0131 kar\u015f\u0131ya kald\u0131\u011f\u0131n\u0131z zaman \u0130spanya \u00fclkesi i\u00e7in yapt\u0131\u011f\u0131n\u0131z ticari vize ba\u015fvuru formu sonu\u00e7lanma zaman\u0131 olduk\u00e7a uzayabilir. Bu tarz sorunlar ya\u015famamak ad\u0131na ticari vize ba\u015fvurular\u0131n\u0131z\u0131 ziyaretinizden \u00e7ok daha \u00f6nce ba\u015fvuruda bulunman\u0131z \u00f6nerilir.<\/span><\/p>\r\n<p><span style=\"font-size: 14px; font-family: Roboto;\">\r\n\r\n<\/span><\/p>\r\n<h3><span style=\"font-size: 24px; font-family: Roboto;\"><strong>\u0130spanya Ticari Vize ve \u015eartlar\u0131<\/strong><\/span><\/h3>\r\n<p><span style=\"font-size: 14px; font-family: Roboto;\">\r\n\r\n<\/span><\/p>\r\n<p><span style=\"font-size: 14px; font-family: Roboto;\"><strong>\u0130spanya\u2019ya gidilmek<\/strong> i\u00e7in kullan\u0131lan farkl\u0131 vize t\u00fcrleri bulunuyor. Akraba ziyaretleri i\u00e7in kullan\u0131lan vize t\u00fcr\u00fc farkl\u0131 olurken, ayn\u0131 zamanda turistik ama\u00e7lar i\u00e7in kullan\u0131lan vize \u00e7e\u015fitleri de farkl\u0131 olabiliyor. Bunun yan\u0131nda insanlar <strong>ticari vize<\/strong> alarak da yurt d\u0131\u015f\u0131na \u00e7\u0131k\u0131\u015f yapabiliyor.<\/span><\/p>\r\n<p><span style=\"font-size: 14px; font-family: Roboto;\">\r\n\r\n<\/span><\/p>\r\n<p><span style=\"font-size: 14px; font-family: Roboto;\">Bu vize t\u00fcr\u00fcn\u00fcn \u015fartlar\u0131 di\u011ferlerine g\u00f6re de\u011fi\u015febiliyor. Ayn\u0131 zamanda bu vize sizlere di\u011ferlerine g\u00f6re avantajlar sa\u011fl\u0131yor. Bu vizeyi alabilmek i\u00e7in <strong>\u0130spanya\u2019da i\u015f<\/strong> yapaca\u011f\u0131n\u0131z\u0131 belgelendirmeniz gerekiyor. Ayn\u0131 zamanda vize t\u00fcr\u00fcn\u00fcn ticari olmas\u0131 orada da i\u015fleriniz a\u00e7\u0131s\u0131ndan \u00f6nem ta\u015f\u0131yor.<\/span><\/p>\r\n<p><span style=\"font-size: 14px; font-family: Roboto;\"> <img decoding=\"async\" src=\"https:\/\/www.myvize.com.tr\/ispanya\/wp-content\/uploads\/2021\/10\/10.jpg\" \/> <\/span><\/p>\r\n<h3><span style=\"font-size: 24px; font-family: Roboto;\"><strong>\u0130spanya Ticari Vize A\u015famalar\u0131<\/strong><\/span><\/h3>\r\n<p><span style=\"font-size: 14px; font-family: Roboto;\">\r\n\r\n<\/span><\/p>\r\n<p><span style=\"font-size: 14px; font-family: Roboto;\">Genellikle ticari vize uygulamalar\u0131 di\u011fer vize uygulamalar\u0131na g\u00f6re daha kolay oluyor. <strong>Ticari vize<\/strong> uygulamalar\u0131n\u0131n ger\u00e7ekle\u015ftirilmesi amac\u0131 ile i\u015f yapaca\u011f\u0131n\u0131z\u0131 belgelendirmeniz i\u015flemlerin daha h\u0131zl\u0131 olmas\u0131n\u0131 sa\u011fl\u0131yor. Bu nedenle de vize almak i\u00e7in de yine ticari ama\u00e7lar\u0131n \u00f6ne \u00e7\u0131kmas\u0131 m\u00fcmk\u00fcn olabiliyor.<\/span><\/p>\r\n<p><span style=\"font-size: 14px; font-family: Roboto;\">\r\n\r\n<\/span><\/p>\r\n<p><span style=\"font-size: 14px; font-family: Roboto;\"><strong>Ticari vize<\/strong> uygulamalar\u0131n\u0131n ger\u00e7ekle\u015ftirilmesi amac\u0131 ile kullan\u0131lan ticari vize ile ilgili belgelerin sunulmas\u0131 ile birlikte i\u015flemler daha h\u0131zl\u0131 ilerliyor. Haz\u0131rlanan belgelerin \u0130spanya ilgili kurumlar\u0131na teslim edilmesi gerekiyor. i\u015f ile ilgili evraklar, ki\u015fisel evraklar, seyahat ve konaklama bilgileriniz bu evraklar i\u00e7erisinde bulunmas\u0131 gerekenler aras\u0131nda yer al\u0131yor. Ayn\u0131 zamanda \u0130spanya ticari vize \u00fccretlerinin de ilgili kurumlara yat\u0131r\u0131lmas\u0131 \u015fart\u0131 aran\u0131yor.<\/span><\/p>\r\n<blockquote>\r\n<p><span style=\"font-family: Roboto; font-size: 14px;\"><a href=\"https:\/\/www.myvize.com.tr\/ispanya\/vize-islemleri\/ispanya-vize-randevusu\/\" target=\"_blank\" rel=\"noopener\"><span style=\"color: #2acec2;\"><strong>\u0130spanya Vize Randevusu<\/strong><\/span><\/a><\/span><\/p>\r\n<\/blockquote>\r\n<p><img decoding=\"async\" src=\"https:\/\/www.myvize.com.tr\/ispanya\/wp-content\/uploads\/2021\/10\/11.jpg\" \/><\/p>\r\n<h4><span style=\"font-size: 22px; font-family: Roboto;\"><strong>\u0130spanya Ticari Vize Al\u0131rken Dikkat Edilmesi Gerekenler<\/strong><\/span><\/h4>\r\n<p><span style=\"font-size: 14px; font-family: Roboto;\"><strong>\u0130spanya\u2019ya gitmek<\/strong> bir\u00e7ok ki\u015fi i\u00e7in \u00f6zellikle de ticari ama\u00e7larla gidenler i\u00e7in son derece \u00f6nemli planlardan bir tanesi \u00e7\u00fcnk\u00fc bu \u00fclke ger\u00e7ekten de ticari olarak b\u00fcy\u00fck bir potansiyele sahip. Tabi ki de bu seyahat i\u00e7in <strong>ticari vize<\/strong> \u015fart ve bu vizeyi almak isterken hatalar yapmaktan ka\u00e7\u0131n\u0131yoruz. Peki nelere dikkat etmek gerekiyor? Asl\u0131nda burada en \u00e7ok dikkat edilmesi gereken \u015fey evraklar. Vize randevusunda teslim edece\u011finiz ve s\u00fcrecinizi belirleyecek olan bu evraklar\u0131 haz\u0131rlarken olabildi\u011fince \u00f6zenli ve titiz davran\u0131n. Bu noktada kar\u015f\u0131n\u0131za \u00e7\u0131kacak olan ufak bir hata uzun s\u00fcreli gecikmelere neden olabilir. Bunlar\u0131n d\u0131\u015f\u0131nda vize reddi alman\u0131za bile sebep olabilir. B\u00f6ylesi \u015feyler ya\u015famak istemiyorsan\u0131z evraklar\u0131n\u0131z\u0131 doldururken \u00e7ok dikkatli olman\u0131z gerekti\u011fini unutmay\u0131n.<\/span><\/p>\r\n<blockquote>\r\n<p><span style=\"font-family: Roboto; font-size: 14px; color: #2acec2;\"><a style=\"color: #2acec2;\" href=\"https:\/\/www.myvize.com.tr\/ispanya\/form-ve-dilekce\/ispanya-vize-basvuru-formu\/\" target=\"_blank\" rel=\"noopener\"><strong>\u0130spanya Vize Ba\u015fvuru Formu<\/strong><\/a><\/span><\/p>\r\n<\/blockquote>\r\n<h4><span style=\"font-size: 22px; font-family: Roboto;\"><strong>My Vize Arac\u0131l\u0131\u011f\u0131yla \u0130spanya Ticari Vize<\/strong><\/span><\/h4>\r\n<p><span style=\"font-size: 14px; font-family: Roboto;\">Vize al\u0131rken dikkat edilmesi gereken bir\u00e7ok nokta oldu\u011fundan az \u00f6nce s\u00f6z etmi\u015ftik. Ancak burada dikkatli olsan\u0131z bile baz\u0131 hatalar yapman\u0131z m\u00fcmk\u00fcn. B\u00f6ylesi hatalardan ka\u00e7\u0131nmak \u00e7ok zor diyebiliriz. \u00d6zellikle de ilk defa vize ba\u015fvurusu yap\u0131yorsan\u0131z s\u00fcreci tek ba\u015f\u0131n\u0131za tamamlaman\u0131z zor olabilir. Peki ne yapabilirsiniz? \u0130\u015fte burada arac\u0131 kurumlar devreye giriyor ve s\u00fcreci olabildi\u011fince problemsiz ve k\u0131sa bir s\u00fcrede tamamlaman\u0131z\u0131 sa\u011fl\u0131yorlar. My Vize<strong>\u00a0Arac\u0131l\u0131\u011f\u0131yla \u0130spanya Vizesi\u00a0<\/strong>almak konusunda \u00e7ekimser davranmay\u0131n. Arac\u0131 kurumlar \u00e7o\u011fu zaman d\u00fc\u015f\u00fck \u00fccretler kar\u015f\u0131l\u0131\u011f\u0131nda b\u00fcy\u00fck yard\u0131mlar sa\u011flar. Bu avantaj\u0131 de\u011ferlendirin ve vize alma s\u00fcrecinizi \u00e7ok daha h\u0131zl\u0131 bir \u015fekilde tamamlay\u0131n. \u00c7\u00fcnk\u00fc aksi durumda ciddi bir zaman kayb\u0131 ya\u015fayabilirsiniz ve bu zaman kayb\u0131 sizin i\u00e7in daha b\u00fcy\u00fck problemlere yol a\u00e7abilir.<\/span><\/p>\r\n<p><span style=\"font-size: 14px;\"><\/span><\/p>","protected":false},"excerpt":{"rendered":"<p>\u0130spanya ticari vize normal vizeden baz\u0131 y\u00f6nleri ile ayr\u0131l\u0131yor. Bu vize t\u00fcr\u00fc \u0130spanya\u2019da i\u015f yapmak i\u00e7in \u015firket \u00e7al\u0131\u015fanlar\u0131n\u0131n gidi\u015flerini d\u00fczenleyen bir vize olarak \u00f6ne \u00e7\u0131k\u0131yor. Ticari vize uygulamalar\u0131n\u0131n genellikle ilgili \u015firketin g\u00f6nderdi\u011fi davetiye ile ger\u00e7ekle\u015ftirildi\u011fi s\u00f6ylenebilir. Siz i\u015f yapaca\u011f\u0131n\u0131z \u015firketten bu belgeyi talep ediyorsunuz. \u015eirket sizin ad\u0131n\u0131za bir ticari davetiye g\u00f6ndererek bu i\u015flemleri ger\u00e7ekle\u015ftiriyor. Siz<\/p>\n","protected":false},"author":1,"featured_media":0,"parent":18,"menu_order":0,"comment_status":"open","ping_status":"closed","template":"","meta":{"footnotes":""},"class_list":["post-35","page","type-page","status-publish","hentry"],"yoast_head":"<!-- This site is optimized with the Yoast SEO plugin v24.0 - https:\/\/yoast.com\/wordpress\/plugins\/seo\/ -->\n<title>\u0130spanya Ticari Vize - \u0130spanya Vize Ba\u015fvurusu - MyVize<\/title>\n<meta name=\"description\" content=\"\u0130spanya ticari vizesi evrak listesi. \u0130spanya ticari vize randevusu nas\u0131l al\u0131n\u0131r? Vize ile ihtiyac\u0131n\u0131z olan t\u00fcm bilgi bu sayfada.\" \/>\n<meta name=\"robots\" content=\"index, follow, max-snippet:-1, max-image-preview:large, max-video-preview:-1\" \/>\n<link rel=\"canonical\" href=\"https:\/\/www.myvize.com.tr\/ispanya\/vize-islemleri\/ispanya-ticari-vize\/\" \/>\n<meta property=\"og:locale\" content=\"tr_TR\" \/>\n<meta property=\"og:type\" content=\"article\" \/>\n<meta property=\"og:title\" content=\"\u0130spanya Ticari Vize - \u0130spanya Vize Ba\u015fvurusu - MyVize\" \/>\n<meta property=\"og:description\" content=\"\u0130spanya ticari vizesi evrak listesi. \u0130spanya ticari vize randevusu nas\u0131l al\u0131n\u0131r? Vize ile ihtiyac\u0131n\u0131z olan t\u00fcm bilgi bu sayfada.\" \/>\n<meta property=\"og:url\" content=\"https:\/\/www.myvize.com.tr\/ispanya\/vize-islemleri\/ispanya-ticari-vize\/\" \/>\n<meta property=\"og:site_name\" content=\"\u0130spanya Vizesi\" \/>\n<meta property=\"article:modified_time\" content=\"2022-12-20T18:37:42+00:00\" \/>\n<meta property=\"og:image\" content=\"https:\/\/www.myvize.com.tr\/ispanya\/wp-content\/uploads\/2021\/10\/10.jpg\" \/>\n<meta name=\"twitter:card\" content=\"summary_large_image\" \/>\n<meta name=\"twitter:label1\" content=\"Tahmini okuma s\u00fcresi\" \/>\n\t<meta name=\"twitter:data1\" content=\"5 dakika\" \/>\n<script type=\"application\/ld+json\" class=\"yoast-schema-graph\">{\"@context\":\"https:\/\/schema.org\",\"@graph\":[{\"@type\":\"WebPage\",\"@id\":\"https:\/\/www.myvize.com.tr\/ispanya\/vize-islemleri\/ispanya-ticari-vize\/\",\"url\":\"https:\/\/www.myvize.com.tr\/ispanya\/vize-islemleri\/ispanya-ticari-vize\/\",\"name\":\"\u0130spanya Ticari Vize - \u0130spanya Vize Ba\u015fvurusu - MyVize\",\"isPartOf\":{\"@id\":\"https:\/\/www.myvize.com.tr\/ispanya\/#website\"},\"primaryImageOfPage\":{\"@id\":\"https:\/\/www.myvize.com.tr\/ispanya\/vize-islemleri\/ispanya-ticari-vize\/#primaryimage\"},\"image\":{\"@id\":\"https:\/\/www.myvize.com.tr\/ispanya\/vize-islemleri\/ispanya-ticari-vize\/#primaryimage\"},\"thumbnailUrl\":\"https:\/\/www.myvize.com.tr\/ispanya\/wp-content\/uploads\/2021\/10\/10.jpg\",\"datePublished\":\"2020-11-30T09:44:42+00:00\",\"dateModified\":\"2022-12-20T18:37:42+00:00\",\"description\":\"\u0130spanya ticari vizesi evrak listesi. \u0130spanya ticari vize randevusu nas\u0131l al\u0131n\u0131r? Vize ile ihtiyac\u0131n\u0131z olan t\u00fcm bilgi bu sayfada.\",\"breadcrumb\":{\"@id\":\"https:\/\/www.myvize.com.tr\/ispanya\/vize-islemleri\/ispanya-ticari-vize\/#breadcrumb\"},\"inLanguage\":\"tr\",\"potentialAction\":[{\"@type\":\"ReadAction\",\"target\":[\"https:\/\/www.myvize.com.tr\/ispanya\/vize-islemleri\/ispanya-ticari-vize\/\"]}]},{\"@type\":\"ImageObject\",\"inLanguage\":\"tr\",\"@id\":\"https:\/\/www.myvize.com.tr\/ispanya\/vize-islemleri\/ispanya-ticari-vize\/#primaryimage\",\"url\":\"https:\/\/www.myvize.com.tr\/ispanya\/wp-content\/uploads\/2021\/10\/10.jpg\",\"contentUrl\":\"https:\/\/www.myvize.com.tr\/ispanya\/wp-content\/uploads\/2021\/10\/10.jpg\",\"width\":800,\"height\":500,\"caption\":\"\u0130spanya Ticari Vize\"},{\"@type\":\"BreadcrumbList\",\"@id\":\"https:\/\/www.myvize.com.tr\/ispanya\/vize-islemleri\/ispanya-ticari-vize\/#breadcrumb\",\"itemListElement\":[{\"@type\":\"ListItem\",\"position\":1,\"name\":\"Anasayfa\",\"item\":\"https:\/\/www.myvize.com.tr\/ispanya\/\"},{\"@type\":\"ListItem\",\"position\":2,\"name\":\"\u0130SPANYA V\u0130ZE \u0130\u015eLEMLER\u0130\",\"item\":\"https:\/\/www.myvize.com.tr\/ispanya\/vize-islemleri\/\"},{\"@type\":\"ListItem\",\"position\":3,\"name\":\"\u0130spanya Ticari Vize\"}]},{\"@type\":\"WebSite\",\"@id\":\"https:\/\/www.myvize.com.tr\/ispanya\/#website\",\"url\":\"https:\/\/www.myvize.com.tr\/ispanya\/\",\"name\":\"\u0130spanya Vizesi\",\"description\":\"\",\"potentialAction\":[{\"@type\":\"SearchAction\",\"target\":{\"@type\":\"EntryPoint\",\"urlTemplate\":\"https:\/\/www.myvize.com.tr\/ispanya\/?s={search_term_string}\"},\"query-input\":{\"@type\":\"PropertyValueSpecification\",\"valueRequired\":true,\"valueName\":\"search_term_string\"}}],\"inLanguage\":\"tr\"}]}<\/script>\n<!-- \/ Yoast SEO plugin. -->","yoast_head_json":{"title":"\u0130spanya Ticari Vize - \u0130spanya Vize Ba\u015fvurusu - MyVize","description":"\u0130spanya ticari vizesi evrak listesi. \u0130spanya ticari vize randevusu nas\u0131l al\u0131n\u0131r? Vize ile ihtiyac\u0131n\u0131z olan t\u00fcm bilgi bu sayfada.","robots":{"index":"index","follow":"follow","max-snippet":"max-snippet:-1","max-image-preview":"max-image-preview:large","max-video-preview":"max-video-preview:-1"},"canonical":"https:\/\/www.myvize.com.tr\/ispanya\/vize-islemleri\/ispanya-ticari-vize\/","og_locale":"tr_TR","og_type":"article","og_title":"\u0130spanya Ticari Vize - \u0130spanya Vize Ba\u015fvurusu - MyVize","og_description":"\u0130spanya ticari vizesi evrak listesi. \u0130spanya ticari vize randevusu nas\u0131l al\u0131n\u0131r? Vize ile ihtiyac\u0131n\u0131z olan t\u00fcm bilgi bu sayfada.","og_url":"https:\/\/www.myvize.com.tr\/ispanya\/vize-islemleri\/ispanya-ticari-vize\/","og_site_name":"\u0130spanya Vizesi","article_modified_time":"2022-12-20T18:37:42+00:00","og_image":[{"url":"https:\/\/www.myvize.com.tr\/ispanya\/wp-content\/uploads\/2021\/10\/10.jpg","type":"","width":"","height":""}],"twitter_card":"summary_large_image","twitter_misc":{"Tahmini okuma s\u00fcresi":"5 dakika"},"schema":{"@context":"https:\/\/schema.org","@graph":[{"@type":"WebPage","@id":"https:\/\/www.myvize.com.tr\/ispanya\/vize-islemleri\/ispanya-ticari-vize\/","url":"https:\/\/www.myvize.com.tr\/ispanya\/vize-islemleri\/ispanya-ticari-vize\/","name":"\u0130spanya Ticari Vize - \u0130spanya Vize Ba\u015fvurusu - MyVize","isPartOf":{"@id":"https:\/\/www.myvize.com.tr\/ispanya\/#website"},"primaryImageOfPage":{"@id":"https:\/\/www.myvize.com.tr\/ispanya\/vize-islemleri\/ispanya-ticari-vize\/#primaryimage"},"image":{"@id":"https:\/\/www.myvize.com.tr\/ispanya\/vize-islemleri\/ispanya-ticari-vize\/#primaryimage"},"thumbnailUrl":"https:\/\/www.myvize.com.tr\/ispanya\/wp-content\/uploads\/2021\/10\/10.jpg","datePublished":"2020-11-30T09:44:42+00:00","dateModified":"2022-12-20T18:37:42+00:00","description":"\u0130spanya ticari vizesi evrak listesi. \u0130spanya ticari vize randevusu nas\u0131l al\u0131n\u0131r? Vize ile ihtiyac\u0131n\u0131z olan t\u00fcm bilgi bu sayfada.","breadcrumb":{"@id":"https:\/\/www.myvize.com.tr\/ispanya\/vize-islemleri\/ispanya-ticari-vize\/#breadcrumb"},"inLanguage":"tr","potentialAction":[{"@type":"ReadAction","target":["https:\/\/www.myvize.com.tr\/ispanya\/vize-islemleri\/ispanya-ticari-vize\/"]}]},{"@type":"ImageObject","inLanguage":"tr","@id":"https:\/\/www.myvize.com.tr\/ispanya\/vize-islemleri\/ispanya-ticari-vize\/#primaryimage","url":"https:\/\/www.myvize.com.tr\/ispanya\/wp-content\/uploads\/2021\/10\/10.jpg","contentUrl":"https:\/\/www.myvize.com.tr\/ispanya\/wp-content\/uploads\/2021\/10\/10.jpg","width":800,"height":500,"caption":"\u0130spanya Ticari Vize"},{"@type":"BreadcrumbList","@id":"https:\/\/www.myvize.com.tr\/ispanya\/vize-islemleri\/ispanya-ticari-vize\/#breadcrumb","itemListElement":[{"@type":"ListItem","position":1,"name":"Anasayfa","item":"https:\/\/www.myvize.com.tr\/ispanya\/"},{"@type":"ListItem","position":2,"name":"\u0130SPANYA V\u0130ZE \u0130\u015eLEMLER\u0130","item":"https:\/\/www.myvize.com.tr\/ispanya\/vize-islemleri\/"},{"@type":"ListItem","position":3,"name":"\u0130spanya Ticari Vize"}]},{"@type":"WebSite","@id":"https:\/\/www.myvize.com.tr\/ispanya\/#website","url":"https:\/\/www.myvize.com.tr\/ispanya\/","name":"\u0130spanya Vizesi","description":"","potentialAction":[{"@type":"SearchAction","target":{"@type":"EntryPoint","urlTemplate":"https:\/\/www.myvize.com.tr\/ispanya\/?s={search_term_string}"},"query-input":{"@type":"PropertyValueSpecification","valueRequired":true,"valueName":"search_term_string"}}],"inLanguage":"tr"}]}},"_links":{"self":[{"href":"https:\/\/www.myvize.com.tr\/ispanya\/wp-json\/wp\/v2\/pages\/35","targetHints":{"allow":["GET"]}}],"collection":[{"href":"https:\/\/www.myvize.com.tr\/ispanya\/wp-json\/wp\/v2\/pages"}],"about":[{"href":"https:\/\/www.myvize.com.tr\/ispanya\/wp-json\/wp\/v2\/types\/page"}],"author":[{"embeddable":true,"href":"https:\/\/www.myvize.com.tr\/ispanya\/wp-json\/wp\/v2\/users\/1"}],"replies":[{"embeddable":true,"href":"https:\/\/www.myvize.com.tr\/ispanya\/wp-json\/wp\/v2\/comments?post=35"}],"version-history":[{"count":10,"href":"https:\/\/www.myvize.com.tr\/ispanya\/wp-json\/wp\/v2\/pages\/35\/revisions"}],"predecessor-version":[{"id":1050,"href":"https:\/\/www.myvize.com.tr\/ispanya\/wp-json\/wp\/v2\/pages\/35\/revisions\/1050"}],"up":[{"embeddable":true,"href":"https:\/\/www.myvize.com.tr\/ispanya\/wp-json\/wp\/v2\/pages\/18"}],"wp:attachment":[{"href":"https:\/\/www.myvize.com.tr\/ispanya\/wp-json\/wp\/v2\/media?parent=35"}],"curies":[{"name":"wp","href":"https:\/\/api.w.org\/{rel}","templated":true}]}}