{"id":41,"date":"2020-11-30T12:46:51","date_gmt":"2020-11-30T09:46:51","guid":{"rendered":"https:\/\/www.myvize.com.tr\/ispanya\/?page_id=41"},"modified":"2022-04-11T16:46:15","modified_gmt":"2022-04-11T13:46:15","slug":"ispanya-dil-okulu-vizesi","status":"publish","type":"page","link":"https:\/\/www.myvize.com.tr\/ispanya\/vize-islemleri\/ispanya-dil-okulu-vizesi\/","title":{"rendered":"\u0130spanya Dil Okulu Vizesi"},"content":{"rendered":"<p><span style=\"font-family: Roboto;\"><\/span><\/p>\r\n<p><span style=\"font-family: Roboto; font-size: 14px;\">\u0130spanya, dil e\u011fitimi a\u00e7\u0131s\u0131ndan tercih edilebilecek \u00fclkeler aras\u0131nda yer almaktad\u0131r.\u00a0<strong>\u0130spanya Dil Okulu\u00a0<\/strong>arac\u0131l\u0131\u011f\u0131 ile \u0130spanyolcan\u0131n \u00e7ok g\u00fc\u00e7l\u00fc bir \u015fekilde \u00f6\u011frenilmesi m\u00fcmk\u00fcnd\u00fcr. \u0130spanya ana dilinin \u0130spanya \u00fclkesinde \u00f6\u011frenilmesi ba\u015fl\u0131 ba\u015f\u0131na bir \u015fanst\u0131r. Bir taraftan\u00a0<strong>\u0130spanya Dil Okulu\u00a0<\/strong>e\u011fitimi al\u0131rken di\u011fer taraftan \u0130spanyol halk\u0131 ile i\u00e7 i\u00e7e olmak telaffuzu g\u00fc\u00e7l\u00fc k\u0131larak dilin haf\u0131zaya kaz\u0131nmas\u0131n\u0131 destekler. Dil okulu tercihinizi yaparken ara\u015ft\u0131rma yapmak, kendiniz i\u00e7in en do\u011fru olan\u0131 bulman\u0131za yard\u0131mc\u0131 olacakt\u0131r.\u00a0<strong>\u0130spanya Dil Okulu\u00a0<\/strong>olarak tavsiye edebilece\u011fimiz Enforex Barcelona, Don Quijote ve Sprachcaffe Madrid olarak \u00f6ne \u00e7\u0131kmaktad\u0131r. Bu e\u011fitim kurumlar\u0131 \u00fclkenin en g\u00f6zde \u015fehirlerinde yer almaktad\u0131r.<\/span><\/p>\r\n<p><span style=\"font-family: Roboto; font-size: 14px;\">\r\n\r\n<\/span><\/p>\r\n<p><span style=\"font-family: Roboto; font-size: 14px;\"><strong>\u0130spanya Dil Okulu\u00a0<\/strong>\u00fczerinden e\u011fitim alabilmeniz e\u011fitim zaman\u0131ndan \u00f6nc<strong>e\u00a0<\/strong>vize ba\u015fvuru\u015funuzun yap\u0131lm\u0131\u015f olmas\u0131 gerekir. Dil vizeleri k\u0131sa d\u00f6nemli olabilece\u011fi gibi uzun d\u00f6nemlide olmaktad\u0131r. Bu y\u00fczden bu ayr\u0131m\u0131 e\u011fitim s\u00fcresinizi baz alarak yapman\u0131z \u00e7ok ak\u0131ll\u0131ca olacakt\u0131r. Vize ba\u015fvurular\u0131n\u0131n eksiksiz yap\u0131lmas\u0131 vize i\u015flemlerinizin h\u0131zl\u0131 bir \u015fekilde y\u00fcr\u00fcmesini sa\u011flayacakt\u0131r. <strong>\u0130spanya Dil Okulu\u00a0<\/strong>kay\u0131t belgeniz ve \u00f6deme bilgileri mutlaka ba\u015fvuru evraklar\u0131 aras\u0131nda olmas\u0131 gerekir.<\/span><\/p>\r\n<p><img decoding=\"async\" src=\"https:\/\/www.myvize.com.tr\/ispanya\/wp-content\/uploads\/2021\/10\/19.jpg\" \/><\/p>\r\n<h2><strong><span style=\"font-family: Roboto; font-size: 27px;\">\u0130spanya Dil Okulu Vizesi Alma<\/span><\/strong><\/h2>\r\n<p style=\"text-align: left;\"><span style=\"font-family: Roboto; font-size: 14px;\"><strong>\u0130spanya\u2019da dil e\u011fitimi<\/strong> alacak olan T\u00fcrk vatanda\u015flar\u0131n\u0131n \u0130spanya dil okulu vizesi almas\u0131 gerekmektedir. \u0130spanya dil okulu vizesi alacak olan T\u00fcrk vatanda\u015flar\u0131 \u0130spanya dil okulu vize ba\u015fvurular\u0131n\u0131 \u0130spanya Ankara B\u00fcy\u00fckel\u00e7ili\u011fi ya da <span style=\"color: #2acec2;\"><strong><a style=\"color: #2acec2;\" href=\"https:\/\/www.myvize.com.tr\/ispanya\/vize-islemleri\/ispanya-vize-basvurusu\/\" target=\"_blank\" rel=\"noopener\">\u0130spanya vize ba\u015fvuru<\/a><\/strong><\/span> merkezlerine yapmas\u0131 gerekmektedir.<\/span><\/p>\r\n<p style=\"text-align: left;\"><span style=\"font-family: Roboto; font-size: 14px;\">\u0130spanya dil okulu vizesi alacak olan T\u00fcrk vatanda\u015flar\u0131n\u0131n, \u0130spanya\u2019da bulunaca\u011f\u0131 s\u00fcre boyunca e\u011fitim masraflar\u0131n\u0131 kar\u015f\u0131layabilecek durumda olmas\u0131 gerekmektedir. Bunun yan\u0131nda \u0130spanya\u2019da bulundu\u011fu s\u00fcre boyunca hi\u00e7bir su\u00e7a kar\u0131\u015fmayaca\u011f\u0131na dair yetkilileri ikna etmelidir.<\/span><\/p>\r\n<p style=\"text-align: left;\"><span style=\"font-family: Roboto; font-size: 14px;\"><strong>\u0130spanya dil okulu vizesi<\/strong> alacak olan ki\u015filer \u0130spanya\u2019da bulunan bir dil okulundan davetiye almal\u0131d\u0131r. Davetiyesi olmayan ki\u015filerin dil okulu vizesi ba\u015fvurular\u0131 kabul edilmemektedir Bu davetiyede dil okulu, dil e\u011fitimi, e\u011fitim s\u00fcresi, e\u011fitim \u00fccreti hakk\u0131nda detayl\u0131 bilgi yer almal\u0131d\u0131r.<\/span><\/p>\r\n<p style=\"text-align: left;\"><span style=\"font-family: Roboto; font-size: 14px;\">\u0130spanya dil okulu vizesi ba\u015fvurusu i\u00e7in \u0130spanya vize ba\u015fvuru formu doldurulmal\u0131d\u0131r. <strong>\u0130spanya dil okulu vize ba\u015fvuru<\/strong> formu doldurulduktan sonra, \u0130spanya dil okulu vizesi i\u00e7in randevu almal\u0131d\u0131r. Randevu alan ki\u015filer, randevu tarihine kadar \u0130spanya dil okulu i\u00e7in gerekli olan belgeleri haz\u0131rlamal\u0131d\u0131r. Bu belgeler randevu tarihinde yetkililere teslim edilmelidir. Ba\u015fvurular ortalama olarak 15 g\u00fcn i\u00e7erisinde sonu\u00e7lanmaktad\u0131r.<\/span><\/p>\r\n<h2><strong><span style=\"font-family: Roboto; font-size: 27px;\">\u0130spanya Dil Okulu Vizesi Nedir?<\/span><\/strong><\/h2>\r\n<p style=\"text-align: left;\"><span style=\"font-family: Roboto; font-size: 14px;\">Dil e\u011fitimi almak amac\u0131 ile \u0130spanya dil okulu vizesi almal\u0131d\u0131r. \u0130spanya dil okulu vizesi alacak olan ki\u015filer, \u0130spanya dil okulu vizesinin ne oldu\u011funu merak etmektedir. Bu yaz\u0131da \u0130spanya\u2019da dil e\u011fitimi almak isteyen ki\u015filer i\u00e7in \u201c\u0130spanya dil okulu vizesi nedir?\u201d sorusunun cevab\u0131 verilmi\u015ftir.<\/span><\/p>\r\n<p style=\"text-align: left;\"><span style=\"font-family: Roboto; font-size: 14px;\">\u0130spanya dil okulu vizesi, \u0130spanya\u2019da dil e\u011fitimi almak isteyen ki\u015filer i\u00e7in bir engel olmad\u0131\u011f\u0131n\u0131 g\u00f6steren ve \u0130spanya Devleti taraf\u0131ndan yetkilendirilmi\u015f \u0130spanya temsilcili\u011fi taraf\u0131ndan verilen bir yasal izin belgesidir.<\/span><\/p>\r\n<p style=\"text-align: left;\"><span style=\"font-family: Roboto; font-size: 14px;\">\u0130spanya dil okulu vizesi olmayan ki\u015filer, \u0130spanya\u2019da dil e\u011fitimi alamamaktad\u0131r. \u0130spanya dil okulu vizesi alacak olan ki\u015filer ba\u015fvurular\u0131n\u0131 \u0130spanya\u2019n\u0131n T\u00fcrkiye temsilciliklerine yapabilir. Ba\u015fvurular\u0131 inceleme ve de\u011ferlendirme yetkisi ise <strong><a href=\"https:\/\/www.myvize.com.tr\/ispanya\/konsolosluklar\/ankara-buyukelciligi\/\" target=\"_blank\" rel=\"noopener\"><span style=\"color: #2acec2;\">\u0130spanya Ankara B\u00fcy\u00fckel\u00e7ili\u011fi<\/span><\/a><\/strong> ve \u0130spanya \u0130stanbul Ba\u015fkonsoloslu\u011fu\u2019na aittir.<\/span><\/p>\r\n<p style=\"text-align: left;\"><span style=\"font-family: Roboto; font-size: 14px;\">\u0130spanya dil okulu vizesi k\u0131saca \u0130spanya\u2019da dil okulu vizesi alacak olan ki\u015filerin almas\u0131 gereken yasal izin belgesidir.<\/span><\/p>\r\n<h2><span style=\"font-size: 27px;\"><strong><span style=\"font-family: Roboto;\">\u0130spanya Dil Okulu Vizesi Nas\u0131l Al\u0131n\u0131r?<\/span><\/strong><\/span><\/h2>\r\n<p style=\"text-align: left;\"><span style=\"font-family: Roboto; font-size: 14px;\">\u0130spanya\u2019da \u0130spanyolca ya da farkl\u0131 bir dil e\u011fitimi alacak olan ki\u015filerin vize muafiyeti bulunmuyor ise almas\u0131 gereken vize t\u00fcr\u00fc \u0130spanya dil okulu vizesidir. \u0130spanya dil okulu vizesi alacak olan ki\u015filer, \u0130spanya dil okulu vizesinin nas\u0131l al\u0131naca\u011f\u0131n\u0131 merak etmektedir. \u0130spanya dil okulu vizesi alacak olan ki\u015filer i\u00e7in bu yaz\u0131da \u201c\u0130spanya dil okulu vizesi nas\u0131l al\u0131n\u0131r?\u201d sorusunun cevab\u0131 verilmi\u015ftir.<\/span><\/p>\r\n<ul>\r\n<li style=\"text-align: left;\"><span style=\"font-family: Roboto; font-size: 14px;\">\u0130spanya dil okulu vizesi alacak olan ki\u015filer, \u0130spanya\u2019da bulunan bir dil okulu taraf\u0131ndan kabul edilmeli ve davetiye almal\u0131d\u0131r.<\/span><\/li>\r\n<li style=\"text-align: left;\"><span style=\"font-family: Roboto; font-size: 14px;\">\u0130spanya dil okulu vizesi alacak olan ki\u015filer, <strong>\u0130spanya dil okulu vizesi i\u00e7in<\/strong> ba\u015fvurular\u0131n\u0131 \u0130spanya\u2019n\u0131n T\u00fcrkiye\u2019deki temsilciliklerine yap\u0131lmal\u0131d\u0131r.<\/span><\/li>\r\n<li style=\"text-align: left;\"><span style=\"font-family: Roboto; font-size: 14px;\">\u0130spanya temsilciliklerine vize ba\u015fvurusu yapacak olan ki\u015filer, \u0130spanya dil okulu vizesi ba\u015fvurusu i\u00e7in randevu almal\u0131d\u0131r.<\/span><\/li>\r\n<li style=\"text-align: left;\"><span style=\"font-family: Roboto; font-size: 14px;\">Randevu tarihine kadar \u0130spanya dil okulu vizesi i\u00e7in gerekli olan vize evraklar\u0131n\u0131 eksiksiz olarak haz\u0131rlamal\u0131d\u0131r.<\/span><\/li>\r\n<\/ul>\r\n<h2><span style=\"font-size: 27px;\"><strong><span style=\"font-family: Roboto;\">\u0130spanya Dil Okulu Vizesi Nereden Al\u0131n\u0131r?<\/span><\/strong><\/span><\/h2>\r\n<p style=\"text-align: left;\"><span style=\"font-family: Roboto; font-size: 14px;\"><strong>\u0130spanya\u2019da dil e\u011fitimi almak<\/strong> isteyen ki\u015filer \u0130spanya dil okulu vizesi almal\u0131d\u0131r. \u0130spanya dil okulu vizesi alacak olan ki\u015filer vizenin nereden al\u0131naca\u011f\u0131n\u0131 merak etmektedir. Bu yaz\u0131da \u0130spanya dil okulu vizesi alacak olan ki\u015filer i\u00e7in \u201c\u0130spanya dil okulu vizesi nereden al\u0131n\u0131r?\u201d sorusunun cevab\u0131 verilmi\u015ftir. Detayl\u0131 bilgiye a\u015fa\u011f\u0131dan ula\u015fabilirsiniz.<\/span><\/p>\r\n<p style=\"text-align: left;\"><span style=\"font-family: Roboto; font-size: 14px;\">\u0130spanya dil okulu vizesi alacak olan ki\u015filer, \u0130spanya dil okulu vize ba\u015fvurular\u0131n\u0131 \u0130spanya\u2019n\u0131n T\u00fcrkiye\u2019de bulunan temsilciliklerine yap\u0131lmal\u0131d\u0131r. \u0130spanya dil okulu vizesi ba\u015fvurusunun yap\u0131laca\u011f\u0131 \u0130spanya temsilcilikleri \u0130spanya Ankara B\u00fcy\u00fckel\u00e7ili\u011fi ve \u0130spanya \u0130stanbul Ba\u015fkonsoloslu\u011fu\u2019dur.<\/span><\/p>\r\n<p style=\"text-align: left;\"><span style=\"font-family: Roboto; font-size: 14px;\"><strong>\u0130spanya vize ba\u015fvurusu<\/strong> yapan ki\u015filerin ba\u015fvurular\u0131n\u0131 inceleme yetkisi \u0130spanya dil okulu vizesi ba\u015fvurusunun yap\u0131ld\u0131\u011f\u0131 temsilcili\u011fe aittir. Dil okulu vize ba\u015fvurular\u0131 ortalama 15 g\u00fcn i\u00e7erisinde sonu\u00e7lan\u0131r ve ba\u015fvuru sahibinin pasaportuna bas\u0131l\u0131r. \u0130spanya dil okulu vizesi ba\u015fvuru sahibi pasaportu \u0130spanya vize ba\u015fvurusu yapt\u0131\u011f\u0131 temsilcili\u011fe giderek alabilir.<\/span><\/p>\r\n<h3><span style=\"font-size: 24px;\"><strong><span style=\"font-family: Roboto;\">\u0130spanya Dil Okulu Vizesi Ka\u00e7 G\u00fcnde \u00c7\u0131kar?<\/span><\/strong><\/span><\/h3>\r\n<p style=\"text-align: left;\"><span style=\"font-family: Roboto; font-size: 14px;\">\u0130spanya\u2019da dil e\u011fitimi alacak olan ki\u015filerin \u0130spanya dil okulu vizesi almas\u0131 gerekmektedir. \u0130spanya dil okulu vizesi alacak olan ki\u015filer, \u0130spanya dil e\u011fitiminin ka\u00e7 g\u00fcn s\u00fcrece\u011fini merak etmektedir. Bu yaz\u0131da \u0130spanya dil okulu vizesi alacak olan ki\u015filer i\u00e7in \u201c\u0130spanya dil okulu vizesi ka\u00e7 g\u00fcn s\u00fcrer?\u201d sorusunun cevab\u0131 verilmi\u015ftir.<\/span><\/p>\r\n<p style=\"text-align: left;\"><span style=\"font-family: Roboto; font-size: 14px;\">\u0130spanya dil okulu vizesi ba\u015fvurular\u0131 her ba\u015fvuru i\u00e7in farkl\u0131 olarak de\u011ferlendirilmektedir. Bu nedenle \u0130spanya dil okulu vizesi ba\u015fvurular\u0131n\u0131n sonu\u00e7lanmas\u0131 da farkl\u0131l\u0131k g\u00f6sterebilmektedir.<\/span><\/p>\r\n<p style=\"text-align: left;\"><span style=\"font-family: Roboto; font-size: 14px;\">\u0130spanya dil okulu vizesi her ne kadar farkl\u0131 farkl\u0131 de\u011ferlendirilse de ortalama olarak 7 ile 15 g\u00fcn i\u00e7erisinde sonu\u00e7lanmaktad\u0131r. Ancak baz\u0131 durumlarda 1 aya kadar uzayabilmektedir. \u0130spanya dil okulu vizesi ba\u015fvurusunun sonu\u00e7lanmas\u0131na bir\u00e7ok durum etki etmi\u015ftir. Bu durumlar a\u015fa\u011f\u0131da verilmi\u015ftir.<\/span><\/p>\r\n<ul>\r\n<li style=\"text-align: left;\"><span style=\"font-family: Roboto; font-size: 14px;\">\u0130spanya dil okulu vize ba\u015fvurusunu inceleyen temsilcili\u011finin yo\u011funlu\u011fu<\/span><\/li>\r\n<li style=\"text-align: left;\"><span style=\"font-family: Roboto; font-size: 14px;\">\u0130spanya vize ba\u015fvurusu s\u0131ras\u0131nda eksik ve hatal\u0131 belge beyan\u0131<\/span><\/li>\r\n<li style=\"text-align: left;\"><span style=\"font-family: Roboto; font-size: 14px;\">\u0130spanya dil okulu vizesi ba\u015fvurusunda eksik ve hatal\u0131 bilgi beyan\u0131<\/span><\/li>\r\n<li style=\"text-align: left;\"><span style=\"font-family: Roboto; font-size: 14px;\">Ba\u015fvuru s\u0131ras\u0131nda \u0130spanya temsilcili\u011finin ek belge talebi<\/span><\/li>\r\n<\/ul>\r\n<h3><span style=\"font-size: 24px;\"><strong><span style=\"font-family: Roboto;\">\u0130spanya Dil Okulu Vizesi Ba\u015fvurusu<\/span><\/strong><\/span><\/h3>\r\n<p style=\"text-align: left;\"><span style=\"font-family: Roboto; font-size: 14px;\"><strong>\u0130spanya\u2019da dil e\u011fitimi<\/strong> almak isteyen ki\u015filer, \u0130spanya dil e\u011fitimi alabilmek i\u00e7in \u0130spanya dil okulu vizesi almas\u0131 gerekmektedir. \u0130spanya dil okulu vizesi alacak olan ki\u015filer, \u0130spanya dil okulu vizesi ba\u015fvurusu hakk\u0131nda ara\u015ft\u0131rma yapmaktad\u0131r. Bu yaz\u0131da \u0130spanya dil okulu vizesi alacak olan ki\u015filer i\u00e7in \u0130spanya dil okulu vizesi ba\u015fvurusu hakk\u0131nda bilgi verilmi\u015ftir.<\/span><\/p>\r\n<p style=\"text-align: left;\"><span style=\"font-family: Roboto; font-size: 14px;\">\u0130spanya dil okulu vizesi T\u00fcrkiye\u2019deki \u0130spanya temsilciliklerine yap\u0131lmal\u0131d\u0131r. Ba\u015fvuru i\u00e7in randevu al\u0131nmal\u0131 ve randevu tarihine kadar gerekli olan evraklar teslim edilerek \u0130spanya dil okulu vizesi ba\u015fvurusu ba\u015flat\u0131lmal\u0131d\u0131r.<\/span><\/p>\r\n<p style=\"text-align: left;\"><span style=\"font-family: Roboto; font-size: 14px;\">\u0130spanya dil okulu vizesi ba\u015fvurusu yapacak olan ki\u015filerin dikkat etmesi gereken durumlar a\u015fa\u011f\u0131da verilmi\u015ftir.<\/span><\/p>\r\n<ul>\r\n<li style=\"text-align: left;\"><span style=\"font-family: Roboto; font-size: 14px;\">\u0130spanya dil okulu vizesi ba\u015fvurusu yapacak olan ki\u015filer, \u0130spanya\u2019da bulunan bir dil okulu taraf\u0131ndan kabul edilmi\u015f olmal\u0131 ve bir davetiye almas\u0131 gerekmektedir.<\/span><\/li>\r\n<li style=\"text-align: left;\"><span style=\"font-family: Roboto; font-size: 14px;\">\u0130spanya dil okulu vizesi alacak olan ki\u015filer, \u0130spanya dil okulu vizesi \u00fccretini kar\u015f\u0131layabilmelidir.<\/span><\/li>\r\n<li style=\"text-align: left;\"><span style=\"font-family: Roboto; font-size: 14px;\">\u0130spanya\u2019da bulunulacak s\u00fcre boyunca masraflar\u0131n kar\u015f\u0131lanaca\u011f\u0131 kan\u0131tlanmal\u0131d\u0131r.<\/span><\/li>\r\n<li style=\"text-align: left;\"><span style=\"font-family: Roboto; font-size: 14px;\">\u0130spanya dil okulu vizesi alacak olan ki\u015filer, \u0130spanya\u2019da ge\u00e7erli sa\u011fl\u0131k sigortas\u0131 yapt\u0131rmal\u0131d\u0131r.<\/span><\/li>\r\n<\/ul>\r\n<p><span style=\"font-family: Roboto; font-size: 14px;\"><span style=\"color: #2acec2;\"><strong><a style=\"color: #2acec2;\" href=\"https:\/\/www.myvize.com.tr\/ispanya\/vize-islemleri\/\" target=\"_blank\" rel=\"noopener\">\u0130spanya Vize \u0130\u015flemleri<\/a><\/strong><\/span> ile ilgili bilgi almak i\u00e7in bizi aray\u0131n\u0131z.<\/span><\/p>\r\n<p><span style=\"font-family: Roboto;\"><\/span><\/p>","protected":false},"excerpt":{"rendered":"<p>\u0130spanya, dil e\u011fitimi a\u00e7\u0131s\u0131ndan tercih edilebilecek \u00fclkeler aras\u0131nda yer almaktad\u0131r.\u00a0\u0130spanya Dil Okulu\u00a0arac\u0131l\u0131\u011f\u0131 ile \u0130spanyolcan\u0131n \u00e7ok g\u00fc\u00e7l\u00fc bir \u015fekilde \u00f6\u011frenilmesi m\u00fcmk\u00fcnd\u00fcr. \u0130spanya ana dilinin \u0130spanya \u00fclkesinde \u00f6\u011frenilmesi ba\u015fl\u0131 ba\u015f\u0131na bir \u015fanst\u0131r. Bir taraftan\u00a0\u0130spanya Dil Okulu\u00a0e\u011fitimi al\u0131rken di\u011fer taraftan \u0130spanyol halk\u0131 ile i\u00e7 i\u00e7e olmak telaffuzu g\u00fc\u00e7l\u00fc k\u0131larak dilin haf\u0131zaya kaz\u0131nmas\u0131n\u0131 destekler. Dil okulu tercihinizi yaparken ara\u015ft\u0131rma<\/p>\n","protected":false},"author":1,"featured_media":0,"parent":18,"menu_order":0,"comment_status":"open","ping_status":"closed","template":"","meta":{"footnotes":""},"class_list":["post-41","page","type-page","status-publish","hentry"],"yoast_head":"<!-- This site is optimized with the Yoast SEO plugin v24.0 - https:\/\/yoast.com\/wordpress\/plugins\/seo\/ -->\n<title>\u0130spanya Dil Okulu Vizesi - \u0130spanya Vizesi - MyVize<\/title>\n<meta name=\"description\" content=\"\u0130spanya dil okulu vizesi gerekli evraklar ve \u015fartlar nelerdir? \u0130spanya dil okulu vizesi i\u015flem s\u00fcreci ve ba\u015fvuruda dikkat edilmesi gerekenler.\" \/>\n<meta name=\"robots\" content=\"index, follow, max-snippet:-1, max-image-preview:large, max-video-preview:-1\" \/>\n<link rel=\"canonical\" href=\"https:\/\/www.myvize.com.tr\/ispanya\/vize-islemleri\/ispanya-dil-okulu-vizesi\/\" \/>\n<meta property=\"og:locale\" content=\"tr_TR\" \/>\n<meta property=\"og:type\" content=\"article\" \/>\n<meta property=\"og:title\" content=\"\u0130spanya Dil Okulu Vizesi - \u0130spanya Vizesi - MyVize\" \/>\n<meta property=\"og:description\" content=\"\u0130spanya dil okulu vizesi gerekli evraklar ve \u015fartlar nelerdir? \u0130spanya dil okulu vizesi i\u015flem s\u00fcreci ve ba\u015fvuruda dikkat edilmesi gerekenler.\" \/>\n<meta property=\"og:url\" content=\"https:\/\/www.myvize.com.tr\/ispanya\/vize-islemleri\/ispanya-dil-okulu-vizesi\/\" \/>\n<meta property=\"og:site_name\" content=\"\u0130spanya Vizesi\" \/>\n<meta property=\"article:modified_time\" content=\"2022-04-11T13:46:15+00:00\" \/>\n<meta property=\"og:image\" content=\"https:\/\/www.myvize.com.tr\/ispanya\/wp-content\/uploads\/2021\/10\/19.jpg\" \/>\n<meta name=\"twitter:card\" content=\"summary_large_image\" \/>\n<meta name=\"twitter:label1\" content=\"Tahmini okuma s\u00fcresi\" \/>\n\t<meta name=\"twitter:data1\" content=\"5 dakika\" \/>\n<script type=\"application\/ld+json\" class=\"yoast-schema-graph\">{\"@context\":\"https:\/\/schema.org\",\"@graph\":[{\"@type\":\"WebPage\",\"@id\":\"https:\/\/www.myvize.com.tr\/ispanya\/vize-islemleri\/ispanya-dil-okulu-vizesi\/\",\"url\":\"https:\/\/www.myvize.com.tr\/ispanya\/vize-islemleri\/ispanya-dil-okulu-vizesi\/\",\"name\":\"\u0130spanya Dil Okulu Vizesi - \u0130spanya Vizesi - MyVize\",\"isPartOf\":{\"@id\":\"https:\/\/www.myvize.com.tr\/ispanya\/#website\"},\"primaryImageOfPage\":{\"@id\":\"https:\/\/www.myvize.com.tr\/ispanya\/vize-islemleri\/ispanya-dil-okulu-vizesi\/#primaryimage\"},\"image\":{\"@id\":\"https:\/\/www.myvize.com.tr\/ispanya\/vize-islemleri\/ispanya-dil-okulu-vizesi\/#primaryimage\"},\"thumbnailUrl\":\"https:\/\/www.myvize.com.tr\/ispanya\/wp-content\/uploads\/2021\/10\/19.jpg\",\"datePublished\":\"2020-11-30T09:46:51+00:00\",\"dateModified\":\"2022-04-11T13:46:15+00:00\",\"description\":\"\u0130spanya dil okulu vizesi gerekli evraklar ve \u015fartlar nelerdir? \u0130spanya dil okulu vizesi i\u015flem s\u00fcreci ve ba\u015fvuruda dikkat edilmesi gerekenler.\",\"breadcrumb\":{\"@id\":\"https:\/\/www.myvize.com.tr\/ispanya\/vize-islemleri\/ispanya-dil-okulu-vizesi\/#breadcrumb\"},\"inLanguage\":\"tr\",\"potentialAction\":[{\"@type\":\"ReadAction\",\"target\":[\"https:\/\/www.myvize.com.tr\/ispanya\/vize-islemleri\/ispanya-dil-okulu-vizesi\/\"]}]},{\"@type\":\"ImageObject\",\"inLanguage\":\"tr\",\"@id\":\"https:\/\/www.myvize.com.tr\/ispanya\/vize-islemleri\/ispanya-dil-okulu-vizesi\/#primaryimage\",\"url\":\"https:\/\/www.myvize.com.tr\/ispanya\/wp-content\/uploads\/2021\/10\/19.jpg\",\"contentUrl\":\"https:\/\/www.myvize.com.tr\/ispanya\/wp-content\/uploads\/2021\/10\/19.jpg\",\"width\":800,\"height\":500,\"caption\":\"\u0130spanya Dil Okulu Vizesi\"},{\"@type\":\"BreadcrumbList\",\"@id\":\"https:\/\/www.myvize.com.tr\/ispanya\/vize-islemleri\/ispanya-dil-okulu-vizesi\/#breadcrumb\",\"itemListElement\":[{\"@type\":\"ListItem\",\"position\":1,\"name\":\"Anasayfa\",\"item\":\"https:\/\/www.myvize.com.tr\/ispanya\/\"},{\"@type\":\"ListItem\",\"position\":2,\"name\":\"\u0130SPANYA V\u0130ZE \u0130\u015eLEMLER\u0130\",\"item\":\"https:\/\/www.myvize.com.tr\/ispanya\/vize-islemleri\/\"},{\"@type\":\"ListItem\",\"position\":3,\"name\":\"\u0130spanya Dil Okulu Vizesi\"}]},{\"@type\":\"WebSite\",\"@id\":\"https:\/\/www.myvize.com.tr\/ispanya\/#website\",\"url\":\"https:\/\/www.myvize.com.tr\/ispanya\/\",\"name\":\"\u0130spanya Vizesi\",\"description\":\"\",\"potentialAction\":[{\"@type\":\"SearchAction\",\"target\":{\"@type\":\"EntryPoint\",\"urlTemplate\":\"https:\/\/www.myvize.com.tr\/ispanya\/?s={search_term_string}\"},\"query-input\":{\"@type\":\"PropertyValueSpecification\",\"valueRequired\":true,\"valueName\":\"search_term_string\"}}],\"inLanguage\":\"tr\"}]}<\/script>\n<!-- \/ Yoast SEO plugin. -->","yoast_head_json":{"title":"\u0130spanya Dil Okulu Vizesi - \u0130spanya Vizesi - MyVize","description":"\u0130spanya dil okulu vizesi gerekli evraklar ve \u015fartlar nelerdir? \u0130spanya dil okulu vizesi i\u015flem s\u00fcreci ve ba\u015fvuruda dikkat edilmesi gerekenler.","robots":{"index":"index","follow":"follow","max-snippet":"max-snippet:-1","max-image-preview":"max-image-preview:large","max-video-preview":"max-video-preview:-1"},"canonical":"https:\/\/www.myvize.com.tr\/ispanya\/vize-islemleri\/ispanya-dil-okulu-vizesi\/","og_locale":"tr_TR","og_type":"article","og_title":"\u0130spanya Dil Okulu Vizesi - \u0130spanya Vizesi - MyVize","og_description":"\u0130spanya dil okulu vizesi gerekli evraklar ve \u015fartlar nelerdir? \u0130spanya dil okulu vizesi i\u015flem s\u00fcreci ve ba\u015fvuruda dikkat edilmesi gerekenler.","og_url":"https:\/\/www.myvize.com.tr\/ispanya\/vize-islemleri\/ispanya-dil-okulu-vizesi\/","og_site_name":"\u0130spanya Vizesi","article_modified_time":"2022-04-11T13:46:15+00:00","og_image":[{"url":"https:\/\/www.myvize.com.tr\/ispanya\/wp-content\/uploads\/2021\/10\/19.jpg","type":"","width":"","height":""}],"twitter_card":"summary_large_image","twitter_misc":{"Tahmini okuma s\u00fcresi":"5 dakika"},"schema":{"@context":"https:\/\/schema.org","@graph":[{"@type":"WebPage","@id":"https:\/\/www.myvize.com.tr\/ispanya\/vize-islemleri\/ispanya-dil-okulu-vizesi\/","url":"https:\/\/www.myvize.com.tr\/ispanya\/vize-islemleri\/ispanya-dil-okulu-vizesi\/","name":"\u0130spanya Dil Okulu Vizesi - \u0130spanya Vizesi - MyVize","isPartOf":{"@id":"https:\/\/www.myvize.com.tr\/ispanya\/#website"},"primaryImageOfPage":{"@id":"https:\/\/www.myvize.com.tr\/ispanya\/vize-islemleri\/ispanya-dil-okulu-vizesi\/#primaryimage"},"image":{"@id":"https:\/\/www.myvize.com.tr\/ispanya\/vize-islemleri\/ispanya-dil-okulu-vizesi\/#primaryimage"},"thumbnailUrl":"https:\/\/www.myvize.com.tr\/ispanya\/wp-content\/uploads\/2021\/10\/19.jpg","datePublished":"2020-11-30T09:46:51+00:00","dateModified":"2022-04-11T13:46:15+00:00","description":"\u0130spanya dil okulu vizesi gerekli evraklar ve \u015fartlar nelerdir? \u0130spanya dil okulu vizesi i\u015flem s\u00fcreci ve ba\u015fvuruda dikkat edilmesi gerekenler.","breadcrumb":{"@id":"https:\/\/www.myvize.com.tr\/ispanya\/vize-islemleri\/ispanya-dil-okulu-vizesi\/#breadcrumb"},"inLanguage":"tr","potentialAction":[{"@type":"ReadAction","target":["https:\/\/www.myvize.com.tr\/ispanya\/vize-islemleri\/ispanya-dil-okulu-vizesi\/"]}]},{"@type":"ImageObject","inLanguage":"tr","@id":"https:\/\/www.myvize.com.tr\/ispanya\/vize-islemleri\/ispanya-dil-okulu-vizesi\/#primaryimage","url":"https:\/\/www.myvize.com.tr\/ispanya\/wp-content\/uploads\/2021\/10\/19.jpg","contentUrl":"https:\/\/www.myvize.com.tr\/ispanya\/wp-content\/uploads\/2021\/10\/19.jpg","width":800,"height":500,"caption":"\u0130spanya Dil Okulu Vizesi"},{"@type":"BreadcrumbList","@id":"https:\/\/www.myvize.com.tr\/ispanya\/vize-islemleri\/ispanya-dil-okulu-vizesi\/#breadcrumb","itemListElement":[{"@type":"ListItem","position":1,"name":"Anasayfa","item":"https:\/\/www.myvize.com.tr\/ispanya\/"},{"@type":"ListItem","position":2,"name":"\u0130SPANYA V\u0130ZE \u0130\u015eLEMLER\u0130","item":"https:\/\/www.myvize.com.tr\/ispanya\/vize-islemleri\/"},{"@type":"ListItem","position":3,"name":"\u0130spanya Dil Okulu Vizesi"}]},{"@type":"WebSite","@id":"https:\/\/www.myvize.com.tr\/ispanya\/#website","url":"https:\/\/www.myvize.com.tr\/ispanya\/","name":"\u0130spanya Vizesi","description":"","potentialAction":[{"@type":"SearchAction","target":{"@type":"EntryPoint","urlTemplate":"https:\/\/www.myvize.com.tr\/ispanya\/?s={search_term_string}"},"query-input":{"@type":"PropertyValueSpecification","valueRequired":true,"valueName":"search_term_string"}}],"inLanguage":"tr"}]}},"_links":{"self":[{"href":"https:\/\/www.myvize.com.tr\/ispanya\/wp-json\/wp\/v2\/pages\/41","targetHints":{"allow":["GET"]}}],"collection":[{"href":"https:\/\/www.myvize.com.tr\/ispanya\/wp-json\/wp\/v2\/pages"}],"about":[{"href":"https:\/\/www.myvize.com.tr\/ispanya\/wp-json\/wp\/v2\/types\/page"}],"author":[{"embeddable":true,"href":"https:\/\/www.myvize.com.tr\/ispanya\/wp-json\/wp\/v2\/users\/1"}],"replies":[{"embeddable":true,"href":"https:\/\/www.myvize.com.tr\/ispanya\/wp-json\/wp\/v2\/comments?post=41"}],"version-history":[{"count":11,"href":"https:\/\/www.myvize.com.tr\/ispanya\/wp-json\/wp\/v2\/pages\/41\/revisions"}],"predecessor-version":[{"id":944,"href":"https:\/\/www.myvize.com.tr\/ispanya\/wp-json\/wp\/v2\/pages\/41\/revisions\/944"}],"up":[{"embeddable":true,"href":"https:\/\/www.myvize.com.tr\/ispanya\/wp-json\/wp\/v2\/pages\/18"}],"wp:attachment":[{"href":"https:\/\/www.myvize.com.tr\/ispanya\/wp-json\/wp\/v2\/media?parent=41"}],"curies":[{"name":"wp","href":"https:\/\/api.w.org\/{rel}","templated":true}]}}