{"id":438,"date":"2021-08-09T15:40:01","date_gmt":"2021-08-09T12:40:01","guid":{"rendered":"https:\/\/www.myvize.com.tr\/ispanya\/?page_id=438"},"modified":"2022-12-20T21:30:09","modified_gmt":"2022-12-20T18:30:09","slug":"ispanya-vize-basvurusu","status":"publish","type":"page","link":"https:\/\/www.myvize.com.tr\/ispanya\/vize-islemleri\/ispanya-vize-basvurusu\/","title":{"rendered":"\u0130spanya Vize Ba\u015fvurusu"},"content":{"rendered":"<p><span style=\"font-family: Roboto; font-size: 14px;\">\u0130spanya\u2019ya seyahat etmek istiyorsan\u0131z Umuma Mahsus yani Bordo pasaport sahibiyseniz ve T\u00fcrkiye Cumhuriyeti vatanda\u015f\u0131ysan\u0131z \u00a0bu \u00fclkeye seyahat edebilmeniz\u00a0 i\u00e7in <span style=\"color: #2acec2;\"><strong><a style=\"color: #2acec2;\" href=\"https:\/\/www.myvize.com.tr\/ispanya\/vize-islemleri\/ispanya-vizesi\/\" target=\"_blank\" rel=\"noopener\">\u0130spanya vizesi<\/a><\/strong><\/span> almak zorundas\u0131n\u0131z. <strong>\u0130spanya Schengen B\u00f6lgesi<\/strong>\u2019ne \u00fcye \u00fclkeler aras\u0131nda yer al\u0131yor. Bu sebepten dolay\u0131 \u00a0\u0130spanya\u2019ya seyahat edecekseniz Umuma\u00a0 Mahsus yani Bordo pasaport sahibiyseniz ayr\u0131ca e\u011fer pasaportunuzda ge\u00e7erli Schengen vizesi bulunmuyorsa k\u0131sa s\u00fcreli yani 90 g\u00fcn kadar s\u00fcrecek \u00a0olan seyahatleriniz i\u00e7in\u00a0\u00a0<strong>\u0130spanya Schengen vizesi<\/strong>ne ba\u015fvurman\u0131z gerekiyor. Hususi, Diplomatik veya Hizmet Pasaportu sahibiyseniz de ve T\u00fcrkiye Cumhuriyeti vatanda\u015f\u0131ysan\u0131z, 180 g\u00fcn\u00a0 i\u00e7inde 90 g\u00fcn\u00fc ge\u00e7meyecek olan seyahatleriniz i\u00e7in \u0130spanya vizesinden muaf tutulabiliyorsunuz.<\/span><\/p>\n<p><span style=\"font-family: Roboto; font-size: 14px;\"><strong>\u0130spanya vizesi ba\u015fvurusu<\/strong>nda bulunman\u0131z i\u00e7in gerekli olan evraklar \u015funlard\u0131r;<\/span><br \/>\n<span style=\"font-family: Roboto; font-size: 14px;\">-Muhtarl\u0131ktan veya N\u00fcfus M\u00fcd\u00fcrl\u00fc\u011f\u00fcnden temin edilmi\u015f orijinal ikamet belgeniz<\/span><br \/>\n<span style=\"font-family: Roboto; font-size: 14px;\">-Seyahat sonras\u0131 6 ay ge\u00e7erlili\u011fi olan pasaportunuz<\/span><br \/>\n<span style=\"font-family: Roboto; font-size: 14px;\">-3.5&#215;4.5. \u00f6l\u00e7\u00fclerinde 2 adet yeni biyometrik foto\u011fraf\u0131n\u0131z<\/span><br \/>\n<span style=\"font-family: Roboto; font-size: 14px;\">-Konsoloslu\u011fa hitaben, \u015firketin antetli ka\u011f\u0131d\u0131na yaz\u0131lm\u0131\u015f, \u015firkette izinli oldu\u011funuz tarihleri belirtir, ka\u015fe ve imzal\u0131 i\u015fveren yaz\u0131s\u0131<\/span><br \/>\n<span style=\"font-family: Roboto; font-size: 14px;\">-Asl\u0131 Gibidir ka\u015fesi olmayan \u015firket evraklar\u0131n\u0131z<\/span><br \/>\n<span style=\"font-family: Roboto; font-size: 14px;\">-Asl\u0131 Gibidir ka\u015fesi olmayan SGK i\u015fe giri\u015f bildirgeniz ve barkodlu 4A Hizmet D\u00f6k\u00fcm\u00fcn\u00fcz<\/span><br \/>\n<span style=\"font-family: Roboto; font-size: 14px;\">-Asl\u0131 Gibidir ka\u015fesi olmayan son 3 ayl\u0131k, ka\u015fe ve \u0131slak imzal\u0131 maa\u015f bordronuz<\/span><br \/>\n<span style=\"font-family: Roboto; font-size: 14px;\">-En az 4000 TL bakiye hesap d\u00f6k\u00fcm\u00fcn\u00fcz<\/span><br \/>\n<span style=\"font-family: Roboto; font-size: 14px;\">-Kimlik fotokopiniz<\/span><br \/>\n<span style=\"font-family: Roboto; font-size: 14px;\">-Tam vukuatl\u0131 n\u00fcfus kay\u0131t \u00f6rne\u011finiz gerekiyor.<\/span><\/p>\n<p><span style=\"font-family: Roboto; font-size: 14px;\"><strong>\u0130spanya vizeniz<\/strong> i\u00e7in \u00a0har\u00e7 \u00fccreti 60\/80 Euro\u2019dur. Ancak bu \u00fccrete ek olarak arac\u0131 firmalar da hizmet bedeli talep ediyorlar.<\/span><br \/>\n<span style=\"font-family: Roboto; font-size: 14px;\">\u0130spanya vize \u00fccretlerinizi nakit olarak \u00f6demeniz gerekiyor. Vize ba\u015fvurunuz ret oldu\u011funda \u00fccret iadesi yap\u0131lm\u0131yor.<\/span><\/p>\n<p><span style=\"font-family: Roboto; font-size: 14px;\">\u0130spanya\u2019ya seyahat etmek istiyorsan\u0131z ve \u00a0T\u00fcrkiye Cumhuriyeti vatanda\u015f\u0131ysan\u0131z vize ba\u015fvurular\u0131n\u0131z i\u00e7in yetkili kurumlar: <strong>\u0130spanya Konsoloslu\u011fu<\/strong> ve <strong>\u0130spanya B\u00fcy\u00fckel\u00e7ili\u011fi<\/strong>&#8216;dir. \u0130spanya&#8217;ya k\u0131sa s\u00fcre \u00a0olarak yani 90 g\u00fcn s\u00fcreli seyahat yapacaksan\u0131z vize ba\u015fvurular\u0131n\u0131z \u0130spanya Konsoloslu\u011fu taraf\u0131ndan yetkili olan <strong>Vize Ba\u015fvuru Merkezleri<\/strong> ya da <strong>Turizm\/Seyahat Acenteleri<\/strong> sayesinde yap\u0131l\u0131yor.<\/span><\/p>\n<p><span style=\"font-family: Roboto; font-size: 14px;\">\u0130spanya\u2019ya uzun s\u00fcreli olarak yani aile birle\u015fimi, \u00e7al\u0131\u015fma, e\u011fitim gibi sebeplerden seyahat edecekseniz ve T\u00fcrkiye Cumhuriyeti vatanda\u015f\u0131ysan\u0131z \u0130spanya&#8217;da\u00a0 90 g\u00fcnden uzun s\u00fcrecek kalma durumunuza g\u00f6re uzun s\u00fcreli vize ba\u015fvurusu yapman\u0131z gerekiyor. Uzun s\u00fcreli vize ba\u015fvurular\u0131n\u0131z i\u00e7in \u0130spanya\u00a0 Konsoloslu\u011fu\u2019na ya da <strong>\u0130spanya B\u00fcy\u00fckel\u00e7ili\u011fi<\/strong>&#8216;ne do\u011frudan ba\u015fvur yapman\u0131z gerekiyor.<\/span><\/p>\n<p><span style=\"font-family: Roboto; font-size: 14px;\">\u0130spanya vizesi ba\u015fvurusu yapt\u0131ysan\u0131z ba\u015fvuru sonucunuz \u00a0ortalama olarak 3-15 i\u015f g\u00fcn\u00fc i\u00e7erisinde sonu\u00e7lan\u0131yor.<\/span><\/p>\n<p><img decoding=\"async\" src=\"https:\/\/www.myvize.com.tr\/ispanya\/wp-content\/uploads\/2021\/10\/23.jpg\" \/><\/p>\n<h2><span style=\"font-family: Roboto; font-size: 27px;\"><strong>\u0130spanya Vize Ba\u015fvurusu Hakk\u0131nda<\/strong><\/span><\/h2>\n<p><span style=\"font-family: Roboto; font-size: 14px;\"><strong>\u0130spanya vize ba\u015fvuru<\/strong> sahiplerinin pasaport hakk\u0131nda bilmesi gereken \u00f6nemli hususlar vard\u0131r. Pasaportun en fazla on y\u0131l s\u00fcreyle ibraz edilmesi, \u0130spanya gezisinden d\u00f6nd\u00fckten sonra minimum s\u00fcre ile\u00a0 \u00fc\u00e7 ay on be\u015f g\u00fcn ge\u00e7erli olmas\u0131 ve her vizeyi yazd\u0131rmak i\u00e7in en az iki sayfas\u0131 bo\u015f olmas\u0131 gerekti\u011fine dikkat etmek \u00f6nemlidir. Haz\u0131rlanan belgelerin \u00a0y\u0131pranm\u0131\u015f ya da y\u0131rt\u0131k sayfalar halinde olmamas\u0131 gerekir. Kimlik bilgileri, son kullanma tarihi, ka\u015fe sayfas\u0131 ve eski Schengen vizesi ibraz edilmeli, belgeler eksiksiz teslim edilmelidir.<\/span><\/p>\n<h2><strong><span style=\"font-family: Roboto; font-size: 27px;\">\u0130spanya Vize Ba\u015fvurusu Nas\u0131l Yap\u0131l\u0131r?<\/span><\/strong><\/h2>\n<p><span style=\"font-family: Roboto; font-size: 14px;\"><strong>\u0130spanya\u2019ya seyahat<\/strong> edecek olan T\u00fcrk vatanda\u015flar\u0131n\u0131n<strong> \u0130spanya vizesi<\/strong> alams\u0131 gerekmektedir. \u0130spanya vizesi alacak olan ki\u015filerin vize ba\u015fvuru \u015fekilleri ve durumlar\u0131 vize talep t\u00fcr\u00fcne g\u00f6re farkl\u0131l\u0131k g\u00f6stermektedir.<\/span><\/p>\n<p><span style=\"font-family: Roboto; font-size: 14px;\">K\u0131sa s\u00fcreli \u0130spanya vizesi alacak olan T\u00fcrk vatanda\u015flar\u0131 vize ba\u015fvurular\u0131n\u0131, ikamet ettikleri ilden sorumlu<strong> \u0130spanya vize ba\u015fvuru<\/strong> merkezine ba\u015fvuruda bulunabilir. \u0130spanya vize ba\u015fvuru merkezine \u0130spanya vize ba\u015fvuru yapacak olan ki\u015filerin \u00f6ncelikle <strong>\u0130spanya vize ba\u015fvuru formu<\/strong> doldurmas\u0131 gerekmektedir. <strong><span style=\"color: #2acec2;\"><a style=\"color: #2acec2;\" href=\"https:\/\/www.myvize.com.tr\/ispanya\/form-ve-dilekce\/ispanya-vize-basvuru-formu\/\" target=\"_blank\" rel=\"noopener\">\u0130spanya vize ba\u015fvuru formu<\/a><\/span><\/strong> doldurulduktan sonra ise \u0130spanya vize ba\u015fvuru merkezinden randevu al\u0131nmal\u0131d\u0131r. \u0130spanya vize ba\u015fvuru tarihine kadar \u0130spanya vize ba\u015fvurusu i\u00e7in gerekli olan belgeler haz\u0131rlanmal\u0131d\u0131r. Randevu tarihinde biyometrik veri verilmeli ve gereli belgeler teslim edilmelidir.<\/span><\/p>\n<p><span style=\"font-family: Roboto; font-size: 14px;\">Uzun s\u00fcreli \u0130spanya vize ba\u015fvurusu yapacak olan ki\u015filer ise <strong>\u0130spanya Ulusal vize ba\u015fvuru<\/strong> formunu doldurmas\u0131 gerekmektedir. \u0130spanya ulusal vize ba\u015fvuru formu doldurulduktan sonra ise \u0130spanya Ankara B\u00fcy\u00fckel\u00e7ili\u011fi\u2019ne yap\u0131lmal\u0131d\u0131r. \u0130spanya Ankara B\u00fcy\u00fckel\u00e7ili\u011fi\u2019ne vize ba\u015fvurusu yapacak olan ki\u015filer B\u00fcy\u00fckel\u00e7ilikten randevu almal\u0131d\u0131r. Randevu tarihinde parmak izi verisi verilmelidir. Randevu tarihinde ise \u0130spanya vizesi i\u00e7in gerekli olan belgeler teslim edilmelidir.<\/span><\/p>\n<h2><span style=\"font-family: Roboto; font-size: 27px;\"><strong>\u0130spanya Vize Ba\u015fvurusu Nereden Yap\u0131l\u0131r?<\/strong><\/span><\/h2>\n<p><span style=\"font-family: Roboto; font-size: 14px;\">\u0130spanya \u00fclkesi vize ba\u015fvurusu yapmak i\u00e7in \u0130spanya Konsolosluk taraf\u0131ndan a\u00e7\u0131lan web siteden online ba\u015fvuruda bulunabilirsiniz. <strong>\u0130spanya Konsolosluk<\/strong> g\u00f6revinde \u00e7al\u0131\u015fanlar sizlere dan\u0131\u015fmanl\u0131k yapabilir. Ba\u015fvuru yapmak isteyen ve bu konuda bilgisiz olanlar ileti\u015fim haline ge\u00e7erek bilgi sahibi olabilir. Ba\u015fvuru yapacak bireyin mesleki durumunu g\u00f6steren belgeler haz\u0131rda olmal\u0131d\u0131r. Ki\u015fi \u00f6zel sekt\u00f6r \u00e7al\u0131\u015fan\u0131 ve ya ev han\u0131m\u0131, y\u00f6netici, \u00f6\u011frenci, esnaf ya da kamu memuru ise bunlar resmi belgeler ile belirtilir. \u00a0Sizden gerekli belgeleri haz\u0131rlaman\u0131z istenir. Haz\u0131rlanan belgelerin \u00a0y\u0131pranm\u0131\u015f ya da y\u0131rt\u0131k sayfalar halinde olmamas\u0131 gerekir. \u0130spanya Konsoloslu\u011fu yetkili ki\u015filer pasaporta eklenen \u00a0y\u0131rt\u0131k sayfalar\u0131 kabul etmemektedir.<strong> \u0130spanya Konsoloslu\u011fu ve B\u00fcy\u00fckel\u00e7ili\u011fi<\/strong>, gerekli kriterleri kar\u015f\u0131lamayan pasaportlarla yap\u0131lan \u0130spanya vize ba\u015fvurular\u0131n\u0131 reddedebilir. Kimlik bilgileri, son kullanma tarihi, ka\u015fe sayfas\u0131 ve eski Schengen vizesi ibraz edilmeli, belgeler eksiksiz teslim edilmelidir.<strong>\u00a0<\/strong>\u00a0Belgeleri haz\u0131rlarken eksik ve ya yanl\u0131\u015f bilgiler do\u011frultusunda haz\u0131rlaman\u0131z i\u00e7in l\u00fctfen kontrol ediniz.<\/span><\/p>\n<h2><span style=\"font-family: Roboto; font-size: 27px;\"><strong>\u0130spanya Vize Ba\u015fvuru \u015eartlar\u0131<\/strong><\/span><\/h2>\n<p><span style=\"font-family: Roboto; font-size: 14px;\">T\u00fcm \u00fclkelerde oldu\u011fu gibi \u0130spanya \u00fclkesinin de vize vermesi i\u00e7in belirli \u015fartlar\u0131 mevcuttur. Ki\u015fi \u00f6ncelikle Gitmek istedi\u011fi \u0130spanya \u00fclkesi i\u00e7in pasaport sahibi olmal\u0131d\u0131r.\u00a0 Pasaport i\u015fini halleden ki\u015fi daha sonra \u0130spanya \u00fclkesine hangi ama\u00e7 do\u011frultusunda gidece\u011fine karar verip bu duruma g\u00f6re vize t\u00fcr\u00fc se\u00e7imi yap\u0131p ba\u015fvuruda bulunur. \u00a0Haz\u0131rlanan belgelerin \u00a0y\u0131pranm\u0131\u015f ya da y\u0131rt\u0131k sayfalar halinde olmamas\u0131 gerekir. <strong>\u0130spanya Konsoloslu\u011fu<\/strong> yetkili ki\u015filer pasaporta eklenen \u00a0y\u0131rt\u0131k sayfalar\u0131 kabul etmemektedir. \u0130spanya Konsoloslu\u011fu ve B\u00fcy\u00fckel\u00e7ili\u011fi, gerekli kriterleri kar\u015f\u0131lamayan ki\u015filerin pasaportlarla yap\u0131lan \u0130spanya \u00fclkesi ad\u0131na yapt\u0131\u011f\u0131n\u0131z \u00a0vize ba\u015fvurular\u0131n\u0131 reddedebilir. Ba\u015fvuru yapacak bireyin mesleki durumunu g\u00f6steren belgeler haz\u0131rda olmal\u0131d\u0131r. Ki\u015fi \u00f6zel sekt\u00f6r \u00e7al\u0131\u015fan\u0131 ve ya ev han\u0131m\u0131, y\u00f6netici, \u00f6\u011frenci, esnaf ya da kamu memuru ise bunlar resmi belgeler ile belirtilir. \u0130spanya \u00fclkesi vize ba\u015fvurusu i\u00e7in haz\u0131rlad\u0131\u011f\u0131n\u0131z evraklar\u0131n kontrol\u00fcn\u00fc yapman\u0131z gerekir \u00e7\u00fcnk\u00fc bilgiler eksik ve ya yanl\u0131\u015f olursa vize ba\u015fvurunuz olumsuz yan\u0131t verebilir.<\/span><\/p>\n<h3><span style=\"font-family: Roboto; font-size: 24px;\"><strong>\u0130spanya Vize Ba\u015fvurusu \u0130\u00e7in Gerekli Evraklar<\/strong><\/span><\/h3>\n<p><span style=\"font-family: Roboto; font-size: 14px;\">B\u00fct\u00fcn Schengen \u00fclkeleri i\u00e7in\u00a0<strong>\u00a0<\/strong>ge\u00e7erlili\u011fini devam ettiren kural vard\u0131r. Bu kural on seneden eski olan pasaportlara vize maalesef verilmemektedir. Uygulama yaln\u0131z yeni ba\u015fvurular i\u00e7in ge\u00e7erlidir. Eski pasaportunuzda Schengen vizesine sahip olan ki\u015filer vizenin ge\u00e7erlilik s\u00fcresi dolana kadar ziyaretlerini eski pasaportlar ile ger\u00e7ekle\u015ftirir. \u0130spanya \u00fclkesi vize ba\u015fvurusunda gerekli evraklarda \u00f6ncelikle pasaport, kimlik fotokopisi, istenilen \u00f6l\u00e7\u00fcde ve g\u00f6r\u00fcn\u00fcmde iki adet ba\u015fvuru sahibinin foto\u011fraf\u0131, gidece\u011finiz ama\u00e7 do\u011frultusunda mektup, ikametgah, n\u00fcfus kay\u0131t \u00f6rne\u011finiz,\u00a0 seyahat sa\u011fl\u0131k sigortan\u0131z, u\u00e7ak rezervasyonunuz, banka hesap hareket bilgileriniz \u00f6ncelikli olmas\u0131 gereken belgelerdir. Bu evraklar\u0131n yan\u0131nda ek olarak sizden farkl\u0131 evraklar da istenir. Ev han\u0131m\u0131, \u00f6\u011frenci, \u00e7al\u0131\u015fan ki\u015filer i\u00e7in ayr\u0131 bir resmi belgelerin haz\u0131rlanmas\u0131 talep edilir. <strong>\u0130spanya vize ba\u015fvurusu<\/strong> i\u00e7in haz\u0131rlad\u0131\u011f\u0131n\u0131z evraklar\u0131n kontrol\u00fcn\u00fc yapman\u0131z gerekir \u00e7\u00fcnk\u00fc bilgiler eksik ve ya yanl\u0131\u015f olursa vize ba\u015fvurunuz olumsuz yan\u0131t verebilir. Ba\u015fvuru sonucunun uzamamas\u0131 ad\u0131na i\u015flemlerinizi dikkatle yapman\u0131z\u0131 tavsiye ederiz.<\/span><\/p>\n<p><span style=\"font-size: 16px;\"><strong><span style=\"font-family: Roboto;\"><span style=\"color: #2acec2;\"><a style=\"color: #2acec2;\" href=\"https:\/\/www.myvize.com.tr\/ispanya\/ispanya-vize-ucreti\/\" target=\"_blank\" rel=\"noopener\">\u0130spanya Vize \u00dccreti<\/a><\/span> ile ilgili bilgi almak i\u00e7in bizi aray\u0131n\u0131z.<\/span><\/strong><\/span><\/p>\n<p><span style=\"font-family: Roboto;\"><img loading=\"lazy\" decoding=\"async\" src=\"https:\/\/www.myvize.com.tr\/romanya\/wp-content\/uploads\/2021\/07\/aDOBE-LOGO-1.png\" width=\"75\" height=\"75\" \/><strong><span style=\"font-size: 18px;\">\u00a0\u00a0\u00a0\u0130spanya Vizesi Ba\u015fvuru Formunu\u00a0\u00a0<a href=\"https:\/\/www.myvize.com.tr\/ispanya\/wp-content\/uploads\/2021\/12\/ispanya-vize-basvuru-formu-1.pdf\" target=\"_blank\" rel=\"noreferrer noopener\">(\u0130ndirmek \u0130\u00e7in T\u0131klay\u0131n\u0131z!!)<\/a><\/span><\/strong><\/span><\/p>\n","protected":false},"excerpt":{"rendered":"<p>\u0130spanya\u2019ya seyahat etmek istiyorsan\u0131z Umuma Mahsus yani Bordo pasaport sahibiyseniz ve T\u00fcrkiye Cumhuriyeti vatanda\u015f\u0131ysan\u0131z \u00a0bu \u00fclkeye seyahat edebilmeniz\u00a0 i\u00e7in \u0130spanya vizesi almak zorundas\u0131n\u0131z. \u0130spanya Schengen B\u00f6lgesi\u2019ne \u00fcye \u00fclkeler aras\u0131nda yer al\u0131yor. Bu sebepten dolay\u0131 \u00a0\u0130spanya\u2019ya seyahat edecekseniz Umuma\u00a0 Mahsus yani Bordo pasaport sahibiyseniz ayr\u0131ca e\u011fer pasaportunuzda ge\u00e7erli Schengen vizesi bulunmuyorsa k\u0131sa s\u00fcreli yani 90 g\u00fcn<\/p>\n","protected":false},"author":1,"featured_media":0,"parent":18,"menu_order":0,"comment_status":"open","ping_status":"closed","template":"","meta":{"footnotes":""},"class_list":["post-438","page","type-page","status-publish","hentry"],"yoast_head":"<!-- This site is optimized with the Yoast SEO plugin v24.0 - https:\/\/yoast.com\/wordpress\/plugins\/seo\/ -->\n<title>\u0130spanya Vize Ba\u015fvurusu - \u0130spanya Vizesi - MyVize<\/title>\n<meta name=\"description\" content=\"\u0130spanya Vize Ba\u015fvurusu nas\u0131l yap\u0131l\u0131r? \u0130spanya Vize Ba\u015fvurusu \u00fccreti nedir? \u0130spanya Vize Ba\u015fvurusu 2022 g\u00fcncel bilgileri neler?\" \/>\n<meta name=\"robots\" content=\"index, follow, max-snippet:-1, max-image-preview:large, max-video-preview:-1\" \/>\n<link rel=\"canonical\" href=\"https:\/\/www.myvize.com.tr\/ispanya\/vize-islemleri\/ispanya-vize-basvurusu\/\" \/>\n<meta property=\"og:locale\" content=\"tr_TR\" \/>\n<meta property=\"og:type\" content=\"article\" \/>\n<meta property=\"og:title\" content=\"\u0130spanya Vize Ba\u015fvurusu - \u0130spanya Vizesi - MyVize\" \/>\n<meta property=\"og:description\" content=\"\u0130spanya Vize Ba\u015fvurusu nas\u0131l yap\u0131l\u0131r? \u0130spanya Vize Ba\u015fvurusu \u00fccreti nedir? \u0130spanya Vize Ba\u015fvurusu 2022 g\u00fcncel bilgileri neler?\" \/>\n<meta property=\"og:url\" content=\"https:\/\/www.myvize.com.tr\/ispanya\/vize-islemleri\/ispanya-vize-basvurusu\/\" \/>\n<meta property=\"og:site_name\" content=\"\u0130spanya Vizesi\" \/>\n<meta property=\"article:modified_time\" content=\"2022-12-20T18:30:09+00:00\" \/>\n<meta property=\"og:image\" content=\"https:\/\/www.myvize.com.tr\/ispanya\/wp-content\/uploads\/2021\/10\/23.jpg\" \/>\n<meta name=\"twitter:card\" content=\"summary_large_image\" \/>\n<meta name=\"twitter:label1\" content=\"Tahmini okuma s\u00fcresi\" \/>\n\t<meta name=\"twitter:data1\" content=\"5 dakika\" \/>\n<script type=\"application\/ld+json\" class=\"yoast-schema-graph\">{\"@context\":\"https:\/\/schema.org\",\"@graph\":[{\"@type\":\"WebPage\",\"@id\":\"https:\/\/www.myvize.com.tr\/ispanya\/vize-islemleri\/ispanya-vize-basvurusu\/\",\"url\":\"https:\/\/www.myvize.com.tr\/ispanya\/vize-islemleri\/ispanya-vize-basvurusu\/\",\"name\":\"\u0130spanya Vize Ba\u015fvurusu - \u0130spanya Vizesi - MyVize\",\"isPartOf\":{\"@id\":\"https:\/\/www.myvize.com.tr\/ispanya\/#website\"},\"primaryImageOfPage\":{\"@id\":\"https:\/\/www.myvize.com.tr\/ispanya\/vize-islemleri\/ispanya-vize-basvurusu\/#primaryimage\"},\"image\":{\"@id\":\"https:\/\/www.myvize.com.tr\/ispanya\/vize-islemleri\/ispanya-vize-basvurusu\/#primaryimage\"},\"thumbnailUrl\":\"https:\/\/www.myvize.com.tr\/ispanya\/wp-content\/uploads\/2021\/10\/23.jpg\",\"datePublished\":\"2021-08-09T12:40:01+00:00\",\"dateModified\":\"2022-12-20T18:30:09+00:00\",\"description\":\"\u0130spanya Vize Ba\u015fvurusu nas\u0131l yap\u0131l\u0131r? \u0130spanya Vize Ba\u015fvurusu \u00fccreti nedir? \u0130spanya Vize Ba\u015fvurusu 2022 g\u00fcncel bilgileri neler?\",\"breadcrumb\":{\"@id\":\"https:\/\/www.myvize.com.tr\/ispanya\/vize-islemleri\/ispanya-vize-basvurusu\/#breadcrumb\"},\"inLanguage\":\"tr\",\"potentialAction\":[{\"@type\":\"ReadAction\",\"target\":[\"https:\/\/www.myvize.com.tr\/ispanya\/vize-islemleri\/ispanya-vize-basvurusu\/\"]}]},{\"@type\":\"ImageObject\",\"inLanguage\":\"tr\",\"@id\":\"https:\/\/www.myvize.com.tr\/ispanya\/vize-islemleri\/ispanya-vize-basvurusu\/#primaryimage\",\"url\":\"https:\/\/www.myvize.com.tr\/ispanya\/wp-content\/uploads\/2021\/10\/23.jpg\",\"contentUrl\":\"https:\/\/www.myvize.com.tr\/ispanya\/wp-content\/uploads\/2021\/10\/23.jpg\",\"width\":800,\"height\":500,\"caption\":\"\u0130spanya Vize Ba\u015fvurusu\"},{\"@type\":\"BreadcrumbList\",\"@id\":\"https:\/\/www.myvize.com.tr\/ispanya\/vize-islemleri\/ispanya-vize-basvurusu\/#breadcrumb\",\"itemListElement\":[{\"@type\":\"ListItem\",\"position\":1,\"name\":\"Anasayfa\",\"item\":\"https:\/\/www.myvize.com.tr\/ispanya\/\"},{\"@type\":\"ListItem\",\"position\":2,\"name\":\"\u0130SPANYA V\u0130ZE \u0130\u015eLEMLER\u0130\",\"item\":\"https:\/\/www.myvize.com.tr\/ispanya\/vize-islemleri\/\"},{\"@type\":\"ListItem\",\"position\":3,\"name\":\"\u0130spanya Vize Ba\u015fvurusu\"}]},{\"@type\":\"WebSite\",\"@id\":\"https:\/\/www.myvize.com.tr\/ispanya\/#website\",\"url\":\"https:\/\/www.myvize.com.tr\/ispanya\/\",\"name\":\"\u0130spanya Vizesi\",\"description\":\"\",\"potentialAction\":[{\"@type\":\"SearchAction\",\"target\":{\"@type\":\"EntryPoint\",\"urlTemplate\":\"https:\/\/www.myvize.com.tr\/ispanya\/?s={search_term_string}\"},\"query-input\":{\"@type\":\"PropertyValueSpecification\",\"valueRequired\":true,\"valueName\":\"search_term_string\"}}],\"inLanguage\":\"tr\"}]}<\/script>\n<!-- \/ Yoast SEO plugin. -->","yoast_head_json":{"title":"\u0130spanya Vize Ba\u015fvurusu - \u0130spanya Vizesi - MyVize","description":"\u0130spanya Vize Ba\u015fvurusu nas\u0131l yap\u0131l\u0131r? \u0130spanya Vize Ba\u015fvurusu \u00fccreti nedir? \u0130spanya Vize Ba\u015fvurusu 2022 g\u00fcncel bilgileri neler?","robots":{"index":"index","follow":"follow","max-snippet":"max-snippet:-1","max-image-preview":"max-image-preview:large","max-video-preview":"max-video-preview:-1"},"canonical":"https:\/\/www.myvize.com.tr\/ispanya\/vize-islemleri\/ispanya-vize-basvurusu\/","og_locale":"tr_TR","og_type":"article","og_title":"\u0130spanya Vize Ba\u015fvurusu - \u0130spanya Vizesi - MyVize","og_description":"\u0130spanya Vize Ba\u015fvurusu nas\u0131l yap\u0131l\u0131r? \u0130spanya Vize Ba\u015fvurusu \u00fccreti nedir? \u0130spanya Vize Ba\u015fvurusu 2022 g\u00fcncel bilgileri neler?","og_url":"https:\/\/www.myvize.com.tr\/ispanya\/vize-islemleri\/ispanya-vize-basvurusu\/","og_site_name":"\u0130spanya Vizesi","article_modified_time":"2022-12-20T18:30:09+00:00","og_image":[{"url":"https:\/\/www.myvize.com.tr\/ispanya\/wp-content\/uploads\/2021\/10\/23.jpg","type":"","width":"","height":""}],"twitter_card":"summary_large_image","twitter_misc":{"Tahmini okuma s\u00fcresi":"5 dakika"},"schema":{"@context":"https:\/\/schema.org","@graph":[{"@type":"WebPage","@id":"https:\/\/www.myvize.com.tr\/ispanya\/vize-islemleri\/ispanya-vize-basvurusu\/","url":"https:\/\/www.myvize.com.tr\/ispanya\/vize-islemleri\/ispanya-vize-basvurusu\/","name":"\u0130spanya Vize Ba\u015fvurusu - \u0130spanya Vizesi - MyVize","isPartOf":{"@id":"https:\/\/www.myvize.com.tr\/ispanya\/#website"},"primaryImageOfPage":{"@id":"https:\/\/www.myvize.com.tr\/ispanya\/vize-islemleri\/ispanya-vize-basvurusu\/#primaryimage"},"image":{"@id":"https:\/\/www.myvize.com.tr\/ispanya\/vize-islemleri\/ispanya-vize-basvurusu\/#primaryimage"},"thumbnailUrl":"https:\/\/www.myvize.com.tr\/ispanya\/wp-content\/uploads\/2021\/10\/23.jpg","datePublished":"2021-08-09T12:40:01+00:00","dateModified":"2022-12-20T18:30:09+00:00","description":"\u0130spanya Vize Ba\u015fvurusu nas\u0131l yap\u0131l\u0131r? \u0130spanya Vize Ba\u015fvurusu \u00fccreti nedir? \u0130spanya Vize Ba\u015fvurusu 2022 g\u00fcncel bilgileri neler?","breadcrumb":{"@id":"https:\/\/www.myvize.com.tr\/ispanya\/vize-islemleri\/ispanya-vize-basvurusu\/#breadcrumb"},"inLanguage":"tr","potentialAction":[{"@type":"ReadAction","target":["https:\/\/www.myvize.com.tr\/ispanya\/vize-islemleri\/ispanya-vize-basvurusu\/"]}]},{"@type":"ImageObject","inLanguage":"tr","@id":"https:\/\/www.myvize.com.tr\/ispanya\/vize-islemleri\/ispanya-vize-basvurusu\/#primaryimage","url":"https:\/\/www.myvize.com.tr\/ispanya\/wp-content\/uploads\/2021\/10\/23.jpg","contentUrl":"https:\/\/www.myvize.com.tr\/ispanya\/wp-content\/uploads\/2021\/10\/23.jpg","width":800,"height":500,"caption":"\u0130spanya Vize Ba\u015fvurusu"},{"@type":"BreadcrumbList","@id":"https:\/\/www.myvize.com.tr\/ispanya\/vize-islemleri\/ispanya-vize-basvurusu\/#breadcrumb","itemListElement":[{"@type":"ListItem","position":1,"name":"Anasayfa","item":"https:\/\/www.myvize.com.tr\/ispanya\/"},{"@type":"ListItem","position":2,"name":"\u0130SPANYA V\u0130ZE \u0130\u015eLEMLER\u0130","item":"https:\/\/www.myvize.com.tr\/ispanya\/vize-islemleri\/"},{"@type":"ListItem","position":3,"name":"\u0130spanya Vize Ba\u015fvurusu"}]},{"@type":"WebSite","@id":"https:\/\/www.myvize.com.tr\/ispanya\/#website","url":"https:\/\/www.myvize.com.tr\/ispanya\/","name":"\u0130spanya Vizesi","description":"","potentialAction":[{"@type":"SearchAction","target":{"@type":"EntryPoint","urlTemplate":"https:\/\/www.myvize.com.tr\/ispanya\/?s={search_term_string}"},"query-input":{"@type":"PropertyValueSpecification","valueRequired":true,"valueName":"search_term_string"}}],"inLanguage":"tr"}]}},"_links":{"self":[{"href":"https:\/\/www.myvize.com.tr\/ispanya\/wp-json\/wp\/v2\/pages\/438","targetHints":{"allow":["GET"]}}],"collection":[{"href":"https:\/\/www.myvize.com.tr\/ispanya\/wp-json\/wp\/v2\/pages"}],"about":[{"href":"https:\/\/www.myvize.com.tr\/ispanya\/wp-json\/wp\/v2\/types\/page"}],"author":[{"embeddable":true,"href":"https:\/\/www.myvize.com.tr\/ispanya\/wp-json\/wp\/v2\/users\/1"}],"replies":[{"embeddable":true,"href":"https:\/\/www.myvize.com.tr\/ispanya\/wp-json\/wp\/v2\/comments?post=438"}],"version-history":[{"count":7,"href":"https:\/\/www.myvize.com.tr\/ispanya\/wp-json\/wp\/v2\/pages\/438\/revisions"}],"predecessor-version":[{"id":1048,"href":"https:\/\/www.myvize.com.tr\/ispanya\/wp-json\/wp\/v2\/pages\/438\/revisions\/1048"}],"up":[{"embeddable":true,"href":"https:\/\/www.myvize.com.tr\/ispanya\/wp-json\/wp\/v2\/pages\/18"}],"wp:attachment":[{"href":"https:\/\/www.myvize.com.tr\/ispanya\/wp-json\/wp\/v2\/media?parent=438"}],"curies":[{"name":"wp","href":"https:\/\/api.w.org\/{rel}","templated":true}]}}