{"id":441,"date":"2021-08-09T19:08:25","date_gmt":"2021-08-09T16:08:25","guid":{"rendered":"https:\/\/www.myvize.com.tr\/ispanya\/?page_id=441"},"modified":"2022-01-19T13:25:30","modified_gmt":"2022-01-19T10:25:30","slug":"ispanya-vize-randevusu-2","status":"publish","type":"page","link":"https:\/\/www.myvize.com.tr\/ispanya\/vize-islemleri\/ispanya-vize-randevusu-2\/","title":{"rendered":"\u0130spanya Vize Randevusu"},"content":{"rendered":"<p><span style=\"font-family: Roboto; font-size: 14px;\">\u0130spanya vize randevusu,\u00a0<strong>\u0130spanya vizesi<\/strong>\u00a0almak i\u00e7in ba\u015fvuruda bulunacak olan ki\u015filerin parmak izinin al\u0131nmas\u0131 ve \u0130spanya vizesi ba\u015fvuru belgelerini teslim edilmesi i\u00e7in d\u00fczenlenen zorunlu bir i\u015flemdir. \u0130spanya\u2019ya ilk kez seyahat edecek olan ki\u015filerin, \u0130spanya vize randevusu almalar\u0131 gerekmektedir. Son 5 y\u0131l i\u00e7inde \u0130spanya\u2019ya seyahat etmi\u015f ki\u015filerin,\u00a0<strong>\u0130spanya vize randevusu<\/strong>\u00a0almalar\u0131 gerekse de, bu randevuya \u015fahsen gitmeleri zorunlu de\u011fildir. Bu ki\u015filer vize dan\u0131\u015fmanl\u0131k hizmeti veren kurumlara vek\u00e2letname vererek bu i\u015flemlerini uzaktan ger\u00e7ekle\u015ftirebilirler.\u00a0<strong>\u0130spanya vize<\/strong>\u00a0randevusuna zaman\u0131nda gitmeyen ki\u015filerin \u0130spanya vize ba\u015fvurular\u0131 iptal edilmektedir. Bu ki\u015filerin \u0130spanya vize ba\u015fvurular\u0131n\u0131 tamamlamak i\u00e7in yeniden randevu almalar\u0131 gerekmektedir. \u0130spanya vize randevusunun \u0130spanya\u2019ya seyahat edilecek tarihten en az 15 g\u00fcn \u00f6ncesine al\u0131nmas\u0131 \u00f6nerilmektedir.<\/span><\/p>\n<h2><span style=\"font-family: Roboto; font-size: 27px;\"><strong>\u0130spanya Vize Randevusu Nas\u0131l Al\u0131n\u0131r?<\/strong><\/span><\/h2>\n<p><span style=\"font-family: Roboto; font-size: 14px;\">\u0130spanya vize randevular\u0131 ile ilgili t\u00fcm i\u015flemler, \u0130spanya Konsoloslu\u011fu ve \u0130spanya B\u00fcy\u00fckel\u00e7ili\u011fi taraf\u0131ndan y\u00fcr\u00fct\u00fclmektedir.\u00a0<strong>\u0130spanya vize randevusu<\/strong>, \u0130spanya Konsoloslu\u011fu\u2019nun resmi web sitesi \u00fczerinden online olarak al\u0131nmaktad\u0131r. 12 ya\u015f\u0131n alt\u0131ndaki \u00e7ocuklar i\u00e7in randevu al\u0131nsa bile parmak izi i\u015fleminden muaft\u0131rlar.\u00a0<strong>\u0130spanya vize randevusu<\/strong>\u00a0almadan \u00f6nce \u0130spanya Konsoloslu\u011fu\u2019nun vize i\u015flemleri i\u00e7in istedi\u011fi t\u00fcm belge ve evraklar haz\u0131rlanm\u0131\u015f olmal\u0131d\u0131r.\u00a0<strong>\u0130spanya vize randevusu<\/strong>\u00a0almak i\u00e7in \u0130spanya Konsoloslu\u011fu\u2019nun resmi web sitesindeki randevu al b\u00f6l\u00fcm\u00fc a\u00e7\u0131lmal\u0131 ve burada kar\u015f\u0131n\u0131za \u00e7\u0131kacak olan \u0130spanya vize ba\u015fvuru formu dikkatlice ve do\u011fru beyanlarla doldurulmal\u0131d\u0131r. Daha sonra sistemin sizi y\u00f6nlendirece\u011fi \u00f6deme sayfas\u0131ndan\u00a0<strong>\u0130spanya vize randevu \u00fccreti<\/strong>\u00a0\u00f6denmeli ve randevu tarihi se\u00e7ilerek i\u015flem tamamlanmal\u0131d\u0131r. Sistemden \u00e7\u0131k\u0131\u015f yapmadan \u00f6nce \u0130spanya ba\u015fvuru formunun, \u00f6deme dekontunuzun ve randevu belgenizin \u00e7\u0131kt\u0131lar\u0131n\u0131 almay\u0131 unutmay\u0131n\u0131z.<\/span><\/p>\n<h2><span style=\"font-family: Roboto; font-size: 27px;\"><strong>\u0130spanya Vizesi Randevu<\/strong><\/span><\/h2>\n<p><span style=\"font-family: Roboto; font-size: 14px;\">\u0130spanya ile T\u00fcrkiye aras\u0131nda diplomatik ili\u015fkinin s\u00fcrd\u00fcr\u00fclmesi ve geli\u015ftirilmesi sa\u011flayan \u0130spanya Konsolosluklar\u0131 T\u00fcrkiye\u2019den \u0130spanya\u2019ya seyahat ger\u00e7ekle\u015ftirecek olan ki\u015filer, T\u00fcrkiye Cumhuriyet vatanda\u015f\u0131n\u0131n vize i\u015flemini ger\u00e7ekle\u015ftirmekte ve T\u00fcrkiye\u2019de ikameti eden \u0130spanya vatanda\u015f\u0131na t\u00fcm konsolosluk hizmetini sunmaktad\u0131r.<\/span><\/p>\n<p><span style=\"font-family: Roboto; font-size: 14px;\">T\u00fcrkiye ve \u0130spanya resm\u00ee tatil g\u00fcn\u00fc d\u0131\u015f\u0131nda ve Hafta i\u00e7i \u00e7al\u0131\u015fma saatinde hizmet veren konsolosluklara, vize ba\u015fvurusu konsolosluk taraf\u0131ndan ilan edilen g\u00fcn ve saat aral\u0131\u011f\u0131 ger\u00e7ekle\u015fmekte. <span style=\"color: #2acec2;\"><strong>\u0130spanya vizesi<\/strong> <\/span>ba\u015fvurusu do\u011frudan konsolosluklara yap\u0131labilece\u011fi gibi, konsolosluklar\u0131n yetkilendirdi\u011fi vize merkezi ve arac\u0131<strong> vize acentesi<\/strong> \u00fczerinden de yap\u0131labilmekte. Uzun s\u00fcreli talep edilecek olan vize t\u00fcr\u00fcnde vatanda\u015f\u0131n bizzat konsolosluktan randevu talep etmesi ve vize ba\u015fvurusunu ger\u00e7ekle\u015ftirmesi gerekmektedir. <strong>\u0130spanya ulusal vize<\/strong> ba\u015fvurusu arac\u0131 acente \u00fczerinden kabul edilmemekte.<\/span><\/p>\n<p><span style=\"font-family: Roboto; font-size: 14px;\"><strong>Schengen vizesi<\/strong> uygulamas\u0131 i\u00e7inde olan \u0130spanya, k\u0131sa s\u00fcre seyahat de T\u00fcrk vatanda\u015f\u0131na Schengen vize vermektedir. Vize ba\u015fvurusu ba\u015fvuru talep form ve konsolosluklar\u0131 yay\u0131nlad\u0131\u011f\u0131 belge listesi tamamlayarak birlikte yap\u0131l\u0131r. Uzun s\u00fcre Ulusal vize ba\u015fvurusundan konsoloslu\u011fun talep ettikleri bilgi ve belgeler Schengen vizesinde farkl\u0131d\u0131r. Bu y\u00fczden vatanda\u015f talep etti\u011fi vize t\u00fcr\u00fcne g\u00f6re konsolosluklar\u0131n ya da arac\u0131 vize acentesinin kayna\u011f\u0131ndan vize s\u00fcreci ile ilgili detayl\u0131 bilgiler almal\u0131d\u0131rlar.<\/span><\/p>\n","protected":false},"excerpt":{"rendered":"<p>\u0130spanya vize randevusu,\u00a0\u0130spanya vizesi\u00a0almak i\u00e7in ba\u015fvuruda bulunacak olan ki\u015filerin parmak izinin al\u0131nmas\u0131 ve \u0130spanya vizesi ba\u015fvuru belgelerini teslim edilmesi i\u00e7in d\u00fczenlenen zorunlu bir i\u015flemdir. \u0130spanya\u2019ya ilk kez seyahat edecek olan ki\u015filerin, \u0130spanya vize randevusu almalar\u0131 gerekmektedir. Son 5 y\u0131l i\u00e7inde \u0130spanya\u2019ya seyahat etmi\u015f ki\u015filerin,\u00a0\u0130spanya vize randevusu\u00a0almalar\u0131 gerekse de, bu randevuya \u015fahsen gitmeleri zorunlu de\u011fildir. Bu<\/p>\n","protected":false},"author":1,"featured_media":0,"parent":18,"menu_order":0,"comment_status":"open","ping_status":"closed","template":"","meta":{"footnotes":""},"class_list":["post-441","page","type-page","status-publish","hentry"],"yoast_head":"<!-- This site is optimized with the Yoast SEO plugin v24.0 - https:\/\/yoast.com\/wordpress\/plugins\/seo\/ -->\n<title>\u0130spanya Vize Randevusu - \u0130spanya Vizesi - MyVize<\/title>\n<meta name=\"description\" content=\"\u0130spanya Vize Randevusu nas\u0131l al\u0131n\u0131r? \u0130spanya Vize Randevu i\u015flemleri nelerdir? Bilgi \u0130\u00e7in Vize Uzmanlar\u0131m\u0131z\u0131 Aray\u0131n: 0850 346 84 93\" \/>\n<meta name=\"robots\" content=\"index, follow, max-snippet:-1, max-image-preview:large, max-video-preview:-1\" \/>\n<link rel=\"canonical\" href=\"https:\/\/www.myvize.com.tr\/ispanya\/vize-islemleri\/ispanya-vize-randevusu-2\/\" \/>\n<meta property=\"og:locale\" content=\"tr_TR\" \/>\n<meta property=\"og:type\" content=\"article\" \/>\n<meta property=\"og:title\" content=\"\u0130spanya Vize Randevusu - \u0130spanya Vizesi - MyVize\" \/>\n<meta property=\"og:description\" content=\"\u0130spanya Vize Randevusu nas\u0131l al\u0131n\u0131r? \u0130spanya Vize Randevu i\u015flemleri nelerdir? Bilgi \u0130\u00e7in Vize Uzmanlar\u0131m\u0131z\u0131 Aray\u0131n: 0850 346 84 93\" \/>\n<meta property=\"og:url\" content=\"https:\/\/www.myvize.com.tr\/ispanya\/vize-islemleri\/ispanya-vize-randevusu-2\/\" \/>\n<meta property=\"og:site_name\" content=\"\u0130spanya Vizesi\" \/>\n<meta property=\"article:modified_time\" content=\"2022-01-19T10:25:30+00:00\" \/>\n<meta name=\"twitter:card\" content=\"summary_large_image\" \/>\n<meta name=\"twitter:label1\" content=\"Tahmini okuma s\u00fcresi\" \/>\n\t<meta name=\"twitter:data1\" content=\"2 dakika\" \/>\n<script type=\"application\/ld+json\" class=\"yoast-schema-graph\">{\"@context\":\"https:\/\/schema.org\",\"@graph\":[{\"@type\":\"WebPage\",\"@id\":\"https:\/\/www.myvize.com.tr\/ispanya\/vize-islemleri\/ispanya-vize-randevusu-2\/\",\"url\":\"https:\/\/www.myvize.com.tr\/ispanya\/vize-islemleri\/ispanya-vize-randevusu-2\/\",\"name\":\"\u0130spanya Vize Randevusu - \u0130spanya Vizesi - MyVize\",\"isPartOf\":{\"@id\":\"https:\/\/www.myvize.com.tr\/ispanya\/#website\"},\"datePublished\":\"2021-08-09T16:08:25+00:00\",\"dateModified\":\"2022-01-19T10:25:30+00:00\",\"description\":\"\u0130spanya Vize Randevusu nas\u0131l al\u0131n\u0131r? \u0130spanya Vize Randevu i\u015flemleri nelerdir? Bilgi \u0130\u00e7in Vize Uzmanlar\u0131m\u0131z\u0131 Aray\u0131n: 0850 346 84 93\",\"breadcrumb\":{\"@id\":\"https:\/\/www.myvize.com.tr\/ispanya\/vize-islemleri\/ispanya-vize-randevusu-2\/#breadcrumb\"},\"inLanguage\":\"tr\",\"potentialAction\":[{\"@type\":\"ReadAction\",\"target\":[\"https:\/\/www.myvize.com.tr\/ispanya\/vize-islemleri\/ispanya-vize-randevusu-2\/\"]}]},{\"@type\":\"BreadcrumbList\",\"@id\":\"https:\/\/www.myvize.com.tr\/ispanya\/vize-islemleri\/ispanya-vize-randevusu-2\/#breadcrumb\",\"itemListElement\":[{\"@type\":\"ListItem\",\"position\":1,\"name\":\"Anasayfa\",\"item\":\"https:\/\/www.myvize.com.tr\/ispanya\/\"},{\"@type\":\"ListItem\",\"position\":2,\"name\":\"\u0130SPANYA V\u0130ZE \u0130\u015eLEMLER\u0130\",\"item\":\"https:\/\/www.myvize.com.tr\/ispanya\/vize-islemleri\/\"},{\"@type\":\"ListItem\",\"position\":3,\"name\":\"\u0130spanya Vize Randevusu\"}]},{\"@type\":\"WebSite\",\"@id\":\"https:\/\/www.myvize.com.tr\/ispanya\/#website\",\"url\":\"https:\/\/www.myvize.com.tr\/ispanya\/\",\"name\":\"\u0130spanya Vizesi\",\"description\":\"\",\"potentialAction\":[{\"@type\":\"SearchAction\",\"target\":{\"@type\":\"EntryPoint\",\"urlTemplate\":\"https:\/\/www.myvize.com.tr\/ispanya\/?s={search_term_string}\"},\"query-input\":{\"@type\":\"PropertyValueSpecification\",\"valueRequired\":true,\"valueName\":\"search_term_string\"}}],\"inLanguage\":\"tr\"}]}<\/script>\n<!-- \/ Yoast SEO plugin. -->","yoast_head_json":{"title":"\u0130spanya Vize Randevusu - \u0130spanya Vizesi - MyVize","description":"\u0130spanya Vize Randevusu nas\u0131l al\u0131n\u0131r? \u0130spanya Vize Randevu i\u015flemleri nelerdir? Bilgi \u0130\u00e7in Vize Uzmanlar\u0131m\u0131z\u0131 Aray\u0131n: 0850 346 84 93","robots":{"index":"index","follow":"follow","max-snippet":"max-snippet:-1","max-image-preview":"max-image-preview:large","max-video-preview":"max-video-preview:-1"},"canonical":"https:\/\/www.myvize.com.tr\/ispanya\/vize-islemleri\/ispanya-vize-randevusu-2\/","og_locale":"tr_TR","og_type":"article","og_title":"\u0130spanya Vize Randevusu - \u0130spanya Vizesi - MyVize","og_description":"\u0130spanya Vize Randevusu nas\u0131l al\u0131n\u0131r? \u0130spanya Vize Randevu i\u015flemleri nelerdir? Bilgi \u0130\u00e7in Vize Uzmanlar\u0131m\u0131z\u0131 Aray\u0131n: 0850 346 84 93","og_url":"https:\/\/www.myvize.com.tr\/ispanya\/vize-islemleri\/ispanya-vize-randevusu-2\/","og_site_name":"\u0130spanya Vizesi","article_modified_time":"2022-01-19T10:25:30+00:00","twitter_card":"summary_large_image","twitter_misc":{"Tahmini okuma s\u00fcresi":"2 dakika"},"schema":{"@context":"https:\/\/schema.org","@graph":[{"@type":"WebPage","@id":"https:\/\/www.myvize.com.tr\/ispanya\/vize-islemleri\/ispanya-vize-randevusu-2\/","url":"https:\/\/www.myvize.com.tr\/ispanya\/vize-islemleri\/ispanya-vize-randevusu-2\/","name":"\u0130spanya Vize Randevusu - \u0130spanya Vizesi - MyVize","isPartOf":{"@id":"https:\/\/www.myvize.com.tr\/ispanya\/#website"},"datePublished":"2021-08-09T16:08:25+00:00","dateModified":"2022-01-19T10:25:30+00:00","description":"\u0130spanya Vize Randevusu nas\u0131l al\u0131n\u0131r? \u0130spanya Vize Randevu i\u015flemleri nelerdir? Bilgi \u0130\u00e7in Vize Uzmanlar\u0131m\u0131z\u0131 Aray\u0131n: 0850 346 84 93","breadcrumb":{"@id":"https:\/\/www.myvize.com.tr\/ispanya\/vize-islemleri\/ispanya-vize-randevusu-2\/#breadcrumb"},"inLanguage":"tr","potentialAction":[{"@type":"ReadAction","target":["https:\/\/www.myvize.com.tr\/ispanya\/vize-islemleri\/ispanya-vize-randevusu-2\/"]}]},{"@type":"BreadcrumbList","@id":"https:\/\/www.myvize.com.tr\/ispanya\/vize-islemleri\/ispanya-vize-randevusu-2\/#breadcrumb","itemListElement":[{"@type":"ListItem","position":1,"name":"Anasayfa","item":"https:\/\/www.myvize.com.tr\/ispanya\/"},{"@type":"ListItem","position":2,"name":"\u0130SPANYA V\u0130ZE \u0130\u015eLEMLER\u0130","item":"https:\/\/www.myvize.com.tr\/ispanya\/vize-islemleri\/"},{"@type":"ListItem","position":3,"name":"\u0130spanya Vize Randevusu"}]},{"@type":"WebSite","@id":"https:\/\/www.myvize.com.tr\/ispanya\/#website","url":"https:\/\/www.myvize.com.tr\/ispanya\/","name":"\u0130spanya Vizesi","description":"","potentialAction":[{"@type":"SearchAction","target":{"@type":"EntryPoint","urlTemplate":"https:\/\/www.myvize.com.tr\/ispanya\/?s={search_term_string}"},"query-input":{"@type":"PropertyValueSpecification","valueRequired":true,"valueName":"search_term_string"}}],"inLanguage":"tr"}]}},"_links":{"self":[{"href":"https:\/\/www.myvize.com.tr\/ispanya\/wp-json\/wp\/v2\/pages\/441","targetHints":{"allow":["GET"]}}],"collection":[{"href":"https:\/\/www.myvize.com.tr\/ispanya\/wp-json\/wp\/v2\/pages"}],"about":[{"href":"https:\/\/www.myvize.com.tr\/ispanya\/wp-json\/wp\/v2\/types\/page"}],"author":[{"embeddable":true,"href":"https:\/\/www.myvize.com.tr\/ispanya\/wp-json\/wp\/v2\/users\/1"}],"replies":[{"embeddable":true,"href":"https:\/\/www.myvize.com.tr\/ispanya\/wp-json\/wp\/v2\/comments?post=441"}],"version-history":[{"count":5,"href":"https:\/\/www.myvize.com.tr\/ispanya\/wp-json\/wp\/v2\/pages\/441\/revisions"}],"predecessor-version":[{"id":829,"href":"https:\/\/www.myvize.com.tr\/ispanya\/wp-json\/wp\/v2\/pages\/441\/revisions\/829"}],"up":[{"embeddable":true,"href":"https:\/\/www.myvize.com.tr\/ispanya\/wp-json\/wp\/v2\/pages\/18"}],"wp:attachment":[{"href":"https:\/\/www.myvize.com.tr\/ispanya\/wp-json\/wp\/v2\/media?parent=441"}],"curies":[{"name":"wp","href":"https:\/\/api.w.org\/{rel}","templated":true}]}}