{"id":457,"date":"2021-08-18T14:55:08","date_gmt":"2021-08-18T11:55:08","guid":{"rendered":"https:\/\/www.myvize.com.tr\/ispanya\/?page_id=457"},"modified":"2022-04-12T13:02:56","modified_gmt":"2022-04-12T10:02:56","slug":"ispanya-ticari-vize-davetiye-mektubu","status":"publish","type":"page","link":"https:\/\/www.myvize.com.tr\/ispanya\/ispanya-ticari-vize-davetiye-mektubu\/","title":{"rendered":"\u0130spanya Ticari Vize Davetiye Mektubu"},"content":{"rendered":"<h2><strong><span style=\"font-size: 27px; font-family: Roboto;\">\u0130spanya Ticari Vize Davetiye Mektubu \u0130le \u0130lgili<\/span><\/strong><\/h2>\n<p><span style=\"font-family: Roboto; font-size: 14px;\">Avrupa\u2019n\u0131n g\u00fcneybat\u0131s\u0131nda yer alan \u0130ber Yar\u0131madas\u0131\u2019nda bulunan \u0130spanya \u00fclkesi, Fransa, Andora, Portekiz ve Cebelitar\u0131k ile kom\u015fu \u00fclkelerdir. \u0130spanya\u2019da<span style=\"color: #2acec2;\"><strong><a style=\"color: #2acec2;\" href=\"https:\/\/www.myvize.com.tr\/ispanya\/vize-islemleri\/ispanya-ticari-vize\/\" target=\"_blank\" rel=\"noopener\"> ticari vize <\/a><\/strong><\/span>almak i\u00e7in istisnai evrak istemi olarak \u00f6n\u00fcn\u00fcze\u00a0<strong>Schengen\u00a0Vizesi<\/strong> engeli \u00e7\u0131kacakt\u0131r. Bir\u00e7ok Avrupa Birli\u011fi \u00fclkesinin \u00fcye oldu\u011fu\u00a0Schengen\u00a0Vizesine \u00fcye olan bir di\u011fer \u00fclke ise \u0130spanya\u2019d\u0131r. Ve genel olarak her \u00fclkede <strong>ticari vize<\/strong> \u015fartlar\u0131nda bulunan davetiye mektubu gereklidir. A\u015fa\u011f\u0131da verilen maddelerden detaylar\u0131na bakarak davetiye mektubunun nas\u0131l yaz\u0131laca\u011f\u0131n\u0131 \u00f6\u011frenebilirsiniz.\u00a0<\/span><\/p>\n<p><strong><span style=\"font-family: Roboto; font-size: 14px;\"><span style=\"font-size: 16px;\">Davetiye mektubu \u00f6rne\u011fi nas\u0131l yaz\u0131l\u0131r<\/span>:\u00a0<\/span><\/strong><\/p>\n<ul>\n<li><span style=\"font-family: Roboto; font-size: 14px;\">Mektubun ba\u015f\u0131na tarih atmal\u0131s\u0131n\u0131z\u00a0<\/span><\/li>\n<li><span style=\"font-family: Roboto; font-size: 14px;\">Ard\u0131ndan <strong>\u0130spanya B\u00fcy\u00fckel\u00e7ili\u011fine<\/strong>, diye hitap ederek mektuba ba\u015flamal\u0131s\u0131n\u0131z.\u00a0<\/span><\/li>\n<li><span style=\"font-family: Roboto; font-size: 14px;\">\u0130spanya\u2019ya gidecek ki\u015finin ad\u0131 soyad\u0131 ve pasaport numaras\u0131 yaz\u0131l\u0131r. Sonra bir sonraki paragrafa \u0130spanya\u2019ya gidecek ki\u015finin nerede ya\u015fad\u0131\u011f\u0131, ziyaret eden ki\u015fi ile aralar\u0131ndaki ili\u015fki belirtilir ve ard\u0131ndan neden \u0130spanya\u2019ya davet edildi\u011fine dair gerek\u00e7e yaz\u0131l\u0131r.\u00a0<\/span><\/li>\n<li><span style=\"font-family: Roboto; font-size: 14px;\">Mektubun bitiminde davet eden ki\u015fi ad\u0131n\u0131, do\u011fum tarihini, adresini, telefon numaras\u0131n\u0131 ve imzas\u0131n\u0131 b\u0131rakmal\u0131d\u0131r.\u00a0\u00a0<\/span><\/li>\n<\/ul>\n<p><span style=\"font-family: Roboto; font-size: 14px;\">\u00a0\u00a0 Mektup onay al\u0131rsa <strong>Konsolosluk<\/strong> taraf\u0131ndan ka\u015fe ve m\u00fch\u00fcrlenerek evraklar\u0131n\u0131z\u0131n aras\u0131na konulup dikkate al\u0131nacakt\u0131r.\u00a0<\/span><\/p>\n<p><img decoding=\"async\" src=\"https:\/\/www.myvize.com.tr\/ispanya\/wp-content\/uploads\/2021\/10\/39.jpg\" \/><\/p>\n<h2><strong><span style=\"font-family: Roboto; font-size: 27px;\">\u0130spanya Ticari Vize Davetiye Mektubu Hakk\u0131nda<\/span><\/strong><\/h2>\n<p><span style=\"font-family: Roboto; font-size: 14px;\">\u0130spanya\u2019ya ticari ama\u00e7l\u0131 olarak seyahat edecek olan ki\u015filerin, \u0130spanya\u2019da bulunan \u015firket ya da kurumdan davetiye almas\u0131 gerekmektedir. \u0130spanya vize davetiye mektubu olmadan, <strong>\u0130spanya ticari vize<\/strong> ba\u015fvurular\u0131<strong> \u0130spanya Konsoloslu\u011fu<\/strong> taraf\u0131ndan kabul edilmemektedir.<\/span><\/p>\n<p><span style=\"font-family: Roboto; font-size: 14px;\"><strong>\u0130spanya ticari vize<\/strong> davetiye mektubu, \u0130spanya\u2019da bulunan \u015firket ya da kuru taraf\u0131ndan \u015firketin antetli ka\u011f\u0131d\u0131na yaz\u0131lmal\u0131d\u0131r. Bu mektupta davetin amac\u0131, davet tarihleri, davet edilen ki\u015finin bilgileri, davet eden \u015firketin bilgileri yer almal\u0131d\u0131r.<strong> \u0130spanya ticari vize<\/strong> davet mektubu \u0130spanya resmi dili ile yaz\u0131lmas\u0131 gerekmektedir. \u00a0<\/span><\/p>\n<p><span style=\"font-family: Roboto; font-size: 14px;\">\u0130spanya\u2019da bulunan \u015firket ya da kurum taraf\u0131ndan yaz\u0131lm\u0131\u015f olan<strong> \u0130spanya ticari vize<\/strong> davetiye mektubu ile \u0130spanya\u2019da bulunan \u015firket seyahat boyunca sorumlulu\u011fun kendisinde oldu\u011funu kabul etmi\u015f olur.<\/span><\/p>\n<p><span style=\"font-family: Roboto; font-size: 14px;\"><strong>\u0130spanya ticari vize<\/strong> davetiye mektubu, vize alaca\u011f\u0131n\u0131z\u0131 garanti etmemektedir. Ancak \u0130spanya ticari vize ba\u015fvurular\u0131n\u0131 g\u00fc\u00e7lendirmektedir.<\/span><\/p>\n<p><span style=\"font-family: Roboto; font-size: 14px;\"><strong>\u0130spanya ticari vize<\/strong> davet mektubunda \u015fu \u015fekilde yaz\u0131lmal\u0131d\u0131r;<\/span><\/p>\n<ul>\n<li><span style=\"font-family: Roboto; font-size: 14px;\">Tarih ve yer; davetiye yazan ki\u015finin bulundu\u011fu \u015fehir ve yaz\u0131ld\u0131\u011f\u0131 tarih yer almal\u0131d\u0131r.<\/span><\/li>\n<li><span style=\"font-family: Roboto; font-size: 14px;\">\u0130spanya Konsoloslu\u011fu\u2019na hitaben yaz\u0131lmal\u0131d\u0131r.<\/span><\/li>\n<li><span style=\"font-family: Roboto; font-size: 14px;\">Davet edilen ki\u015fi hakk\u0131nda detayl\u0131 bilgi<\/span><\/li>\n<li><span style=\"font-family: Roboto; font-size: 14px;\">Davet mektubunu destekleyen di\u011fer belgeler<\/span><\/li>\n<\/ul>\n<p><span style=\"font-family: Roboto; font-size: 14px;\"><span style=\"color: #2acec2;\"><strong><a style=\"color: #2acec2;\" href=\"https:\/\/www.myvize.com.tr\/ispanya\/vize-islemleri\/ispanya-vize-basvurusu\/\" target=\"_blank\" rel=\"noopener\">\u0130spanya Vize ba\u015fvurusu<\/a><\/strong><\/span> yapan ki\u015finin dosya referans numaras\u0131<\/span><\/p>\n<h2><span style=\"font-size: 27px;\"><strong><span style=\"font-family: Roboto;\">\u0130spanya Ticari Vize \u0130\u015flemleri<\/span><\/strong><\/span><\/h2>\n<p><span style=\"font-family: Roboto; font-size: 14px;\"><strong>\u0130spanya\u2019da bir kongre<\/strong>, konferans, davet, mesleki e\u011fitim, i\u015f g\u00f6r\u00fc\u015fmesine kat\u0131lacak olan ki\u015filerin almas\u0131 gereken vize t\u00fcr\u00fc \u0130spanya ticari vizesidir. \u0130spanya ticari vizesi alacak olan ki\u015filer, \u0130spanya ticari vize i\u015flemlerini merak etmektedir. Bu yaz\u0131da \u0130spanya ticari vize alacak olan ki\u015filer i\u00e7in \u0130spanya ticari vize i\u015flemleri hakk\u0131nda bilgi verilmi\u015ftir.<\/span><\/p>\n<ul>\n<li><span style=\"font-family: Roboto; font-size: 14px;\">\u0130spanya ticari vize ba\u015fvurular\u0131 \u0130spanya\u2019n\u0131n T\u00fcrkiye\u2019de bulunan yetkilendirilmi\u015f vize ba\u015fvuru merkezlerine yap\u0131labilir. T\u00fcrkiye\u2019de yetkilendirilmi\u015f vize ba\u015fvuru merkezi BLS International isimli \u015firkettir.<\/span><\/li>\n<li><span style=\"font-family: Roboto; font-size: 14px;\">Ba\u015fvuru i\u00e7in BLS International \u015firketinden randevu al\u0131nmal\u0131d\u0131r.<\/span><\/li>\n<li><span style=\"font-family: Roboto; font-size: 14px;\">Randevu tarihine kadar \u0130spanya ticari vizesi i\u00e7in gerekli olan evraklar haz\u0131rlanmal\u0131d\u0131r.<\/span><\/li>\n<li><span style=\"font-family: Roboto; font-size: 14px;\">Haz\u0131rlanan \u0130spanya ticari evraklar\u0131 randevu tarihinde yetkililere teslim edilmelidir.<\/span><\/li>\n<\/ul>\n<p><span style=\"font-family: Roboto; font-size: 14px;\">\u0130spanya ticari vize ba\u015fvurusu i\u00e7in daveti al\u0131nmal\u0131d\u0131r. Davetiyesiz \u0130spanya ticari vize ba\u015fvurusu kabul edilmemektedir. \u0130spanya ticari vize davetiyesi \u0130spanya\u2019da bulunan ki\u015fi, \u015firket ya da kurum taraf\u0131ndan verilmektedir.<\/span><\/p>\n<h2><span style=\"font-size: 27px;\"><strong><span style=\"font-family: Roboto;\">\u0130spanya Ticari Vize Davetiye Mektubu Nedir?<\/span><\/strong><\/span><\/h2>\n<p><span style=\"font-family: Roboto; font-size: 14px;\">\u0130spanya\u2019da bir i\u015f g\u00f6r\u00fc\u015fmesine ya da davete kat\u0131lacak olan ki\u015filerin \u0130spanya ticari vizesi almas\u0131 gerekmektedir. \u0130spanya ticari vizesi alacak olan ki\u015filerin vize evraklar\u0131n\u0131 s\u0131nmas\u0131 gerekmektedir. Bu evraklardan birisi de \u0130spanya ticari vize davetiyesidir. \u0130spanya ticari vize davetiye mektubu alacak olan ki\u015filer bu davetiyenin ne oldu\u011funu merak etmektedir. Bu yaz\u0131da \u201c\u0130spanya ticari vize davetiye mektubu nedir?\u201d sorusunun cevab\u0131 verilmi\u015ftir.<\/span><\/p>\n<p><span style=\"font-family: Roboto; font-size: 14px;\"><strong>\u0130spanya ticari vize davetiye mektubu<\/strong>, \u0130spanya ticari vize alacak olan ki\u015filerden istenmektedir. \u0130spanya ticari vize davetiye mektubu \u0130spanya\u2019da bulunan ve ba\u015fvuru sahibini davet eden ki\u015fi taraf\u0131ndan \u0130spanya ticari vizesi alacak olan ki\u015fi ad\u0131na yaz\u0131lmal\u0131d\u0131r.<\/span><\/p>\n<p><span style=\"font-family: Roboto; font-size: 14px;\"><strong>\u0130spanya ticari vize ba\u015fvurusu<\/strong> yapacak olan ki\u015finin \u0130spanya\u2019ya ticari vize amac\u0131 ile seyahat edece\u011fini kan\u0131tlayan belgedir. \u0130spanya ticari vize davetiye mektubu vize ba\u015fvurusu yapan ki\u015finin ikamet etti\u011fi \u0130l M\u00fcd\u00fcrl\u00fc\u011f\u00fc taraf\u0131ndan onayl\u0131 olmal\u0131d\u0131r.<\/span><\/p>\n<h3><span style=\"font-size: 24px;\"><strong><span style=\"font-family: Roboto;\">\u0130spanya Ticari Vize Davetiye Mektubu Nas\u0131l Yaz\u0131l\u0131r?<\/span><\/strong><\/span><\/h3>\n<p><span style=\"font-family: Roboto; font-size: 14px;\"><strong>\u0130spanya\u2019ya i\u015f g\u00f6r\u00fc\u015fmesi<\/strong>, kongre, konferans ya da herhangi bir davete kat\u0131lma amac\u0131 ile gidecek olan ki\u015filerin \u0130spanya ticari vize evraklar\u0131n\u0131 eksiksiz olarak haz\u0131rlamal\u0131d\u0131r. Bu evraklar aras\u0131nda \u0130spanya ticari vize davetiye mektubu bulunmaktad\u0131r. Bu yaz\u0131da \u0130spanya ticari vize ba\u015fvurusu yapacak olan ki\u015filer i\u00e7in \u201c\u0130spanya ticari vize davetiye mektubu nas\u0131l yaz\u0131l\u0131r?\u201d sorusunun cevab\u0131 verilmi\u015ftir.<\/span><\/p>\n<p><span style=\"font-family: Roboto; font-size: 14px;\">\u0130spanya ticari vize davetiye mektubu \u0130spanya\u2019da bulunan bir ki\u015fi, kurum ya da \u015firket taraf\u0131ndan yaz\u0131lmal\u0131d\u0131r.<\/span><\/p>\n<p><span style=\"font-family: Roboto; font-size: 14px;\">\u0130spanya ticari vize davetiye mektubunda a\u015fa\u011f\u0131daki bilgiler yer almal\u0131d\u0131r.<\/span><\/p>\n<ul>\n<li><span style=\"font-family: Roboto; font-size: 14px;\">Ticari vizesi al\u0131nacak olan konsoloslu\u011fun ad\u0131 bulunmal\u0131d\u0131r. \u00d6rne\u011fin \u0130spanya Ankara B\u00fcy\u00fckel\u00e7ili\u011fi\u2019ne gibi,<\/span><\/li>\n<li><span style=\"font-family: Roboto; font-size: 14px;\">Davetiyeyi yazan ki\u015finin kimlik bilgileri, ileti\u015fim bilgileri, adresi gibi bilgiler yer almal\u0131d\u0131r. Ayr\u0131ca vize alacak olan ki\u015fi ile aras\u0131ndaki ili\u015fkiler ve ziyaret amac\u0131 yer almal\u0131d\u0131r.<\/span><\/li>\n<li><span style=\"font-family: Roboto; font-size: 14px;\">Davet edilen ki\u015fiye dair pasaport bilgileri, kimlik bilgileri, ileti\u015fim ve konaklama bilgileri gibi bilgiler yet almal\u0131d\u0131r.<\/span><\/li>\n<li><span style=\"font-family: Roboto; font-size: 14px;\">Vize ba\u015fvurusu yapan ki\u015finin dosya referans numaras\u0131 yer almal\u0131d\u0131r.<\/span><\/li>\n<\/ul>\n<h3><span style=\"font-size: 24px;\"><strong><span style=\"font-family: Roboto;\">\u0130spanya Ticari Vize Davetiye Mektubu Yaz\u0131l\u0131rken Dikkat Edilmesi Gerekenler<\/span><\/strong><\/span><\/h3>\n<p><span style=\"font-family: Roboto; font-size: 14px;\"><strong>\u0130spanya ticari vizesi<\/strong> alacak olan ki\u015filerin ba\u015fvuru i\u00e7in haz\u0131rlamas\u0131 gereken evraklardan birisi \u0130spanya ticari vize davetiye mektubudur. \u0130spanya ticari vizesi alacak olan ki\u015filer, \u0130spanya ticari vize davetiye mektubu yaz\u0131l\u0131rken dikkat edilmesi gerekenleri merak etmektedir. Bu yaz\u0131da \u0130spanya ticari vize davetiye mektubunda dikkat edilmesi gerekenler hakk\u0131nda bilgi verilmi\u015ftir.<\/span><\/p>\n<p><span style=\"font-family: Roboto; font-size: 14px;\">\u0130spanya ticari vize davetiye mektubu yazacak olan ki\u015filerin dikkat etmesi gerekenler a\u015fa\u011f\u0131da verilmi\u015ftir.<\/span><\/p>\n<ul>\n<li><span style=\"font-family: Roboto; font-size: 14px;\">Dilek\u00e7eyi yazan ki\u015fi<strong> \u0130spanya vatanda\u015f\u0131 olmas\u0131<\/strong> ya da yasal olarak ispanyada bulunmas\u0131 gerekmektedir.<\/span><\/li>\n<li><span style=\"font-family: Roboto; font-size: 14px;\">\u0130spanya Konsoloslu\u011fu\u2019na hitaben yaz\u0131lmal\u0131d\u0131r.<\/span><\/li>\n<li><span style=\"font-family: Roboto; font-size: 14px;\">Tarih ve yaz\u0131lan \u015fehrin bilgisi bulunmal\u0131d\u0131r.<\/span><\/li>\n<li><span style=\"font-family: Roboto; font-size: 14px;\">Ticari vize davetiye mektubu \u015firketin antetli ka\u011f\u0131d\u0131na yaz\u0131lmal\u0131d\u0131r.<\/span><\/li>\n<li><span style=\"font-family: Roboto; font-size: 14px;\">\u0130spanya ticari vize davetiye mektubunda davet eden ki\u015fi, \u015firket ya da kurum hakk\u0131nda bilgi bulunmal\u0131d\u0131r.<\/span><\/li>\n<li><span style=\"font-family: Roboto; font-size: 14px;\">\u0130spanya ticari vize davetiye mektubunda davet edilen ki\u015fi hakk\u0131nda bilgi bulunmal\u0131d\u0131r.<\/span><\/li>\n<li><span style=\"font-family: Roboto; font-size: 14px;\">\u0130spanyolca ya da \u0130ngilizce olarak yaz\u0131lmal\u0131d\u0131r.<\/span><\/li>\n<\/ul>\n<h4><span style=\"font-size: 22px;\"><strong><span style=\"font-family: Roboto;\">\u0130spanya Ticari Vize Davetiye Mektubu \u00d6rne\u011fi<\/span><\/strong><\/span><\/h4>\n<p><span style=\"font-family: Roboto; font-size: 14px;\"><strong>\u0130spanya\u2019ya seyahat etmek<\/strong> i\u00e7in ticari vize alacak olan ki\u015filerin ba\u015fvuruda bulunmak i\u00e7in baz\u0131 evraklar haz\u0131rlamas\u0131 gerekmektedir. Bu evraklar aras\u0131nda \u0130spanya ticari vize davetiye mektubu da bulunmaktad\u0131r. \u0130spanya ticari vizesi alacak olan ki\u015filer \u0130spanya ticari vize davetiye mektubu \u00f6rne\u011fi aramaktad\u0131r.<\/span><\/p>\n<p><span style=\"font-family: Roboto; font-size: 14px;\">\u0130spanya ticari vize davetiye mektubu i\u00e7in belirli bir form bulunmamaktad\u0131r. Bu mektup seyahat edece olan ki\u015finin bilgilerini, davet eden ki\u015finin bilgilerini ve seyahat amac\u0131n\u0131 a\u00e7\u0131klar nitelikte ise bu mektup bir ticari vize davetiye mektubu olarak kabul edilebilmektedir.<\/span><\/p>\n<p><span style=\"font-family: Roboto; font-size: 14px;\">Bu davet mektubunda ba\u015fvuru yapacak olan ki\u015finin seyahat amac\u0131, kimlik bilgileri, pasaport bilgileri, ikamet bilgileri, ileti\u015fim bilgileri gibi bilgiler yer almal\u0131d\u0131r. Bunun yan\u0131nda davet eden ki\u015filerin kimlik bilgileri, ileti\u015fim bilgileri, ikamet bilgileri, \u015firket bilgileri gibi bilgiler yer almal\u0131d\u0131r. Bu mektup \u0130spanya\u2019da bulunan ki\u015finin ikametinin ba\u011fl\u0131 oldu\u011fu belediye taraf\u0131ndan onaylanmal\u0131d\u0131r.<\/span><\/p>\n","protected":false},"excerpt":{"rendered":"<p>\u0130spanya Ticari Vize Davetiye Mektubu \u0130le \u0130lgili Avrupa\u2019n\u0131n g\u00fcneybat\u0131s\u0131nda yer alan \u0130ber Yar\u0131madas\u0131\u2019nda bulunan \u0130spanya \u00fclkesi, Fransa, Andora, Portekiz ve Cebelitar\u0131k ile kom\u015fu \u00fclkelerdir. \u0130spanya\u2019da ticari vize almak i\u00e7in istisnai evrak istemi olarak \u00f6n\u00fcn\u00fcze\u00a0Schengen\u00a0Vizesi engeli \u00e7\u0131kacakt\u0131r. Bir\u00e7ok Avrupa Birli\u011fi \u00fclkesinin \u00fcye oldu\u011fu\u00a0Schengen\u00a0Vizesine \u00fcye olan bir di\u011fer \u00fclke ise \u0130spanya\u2019d\u0131r. Ve genel olarak her \u00fclkede ticari<\/p>\n","protected":false},"author":1,"featured_media":0,"parent":0,"menu_order":0,"comment_status":"open","ping_status":"closed","template":"","meta":{"footnotes":""},"class_list":["post-457","page","type-page","status-publish","hentry"],"yoast_head":"<!-- This site is optimized with the Yoast SEO plugin v24.0 - https:\/\/yoast.com\/wordpress\/plugins\/seo\/ -->\n<title>\u0130spanya Ticari Vize Davetiye Mektubu - Ticari Vize - MyVize<\/title>\n<meta name=\"description\" content=\"\u0130spanya Ticari Vize Davetiye Mektubu Nas\u0131l Yaz\u0131l\u0131r? \u0130spanya Ticari Vize Davetiye Mektubu \u00d6rne\u011fi. Bilgi \u0130\u00e7in Hemen Aray\u0131n: 0850 346 84 93\" \/>\n<meta name=\"robots\" content=\"index, follow, max-snippet:-1, max-image-preview:large, max-video-preview:-1\" \/>\n<link rel=\"canonical\" href=\"https:\/\/www.myvize.com.tr\/ispanya\/ispanya-ticari-vize-davetiye-mektubu\/\" \/>\n<meta property=\"og:locale\" content=\"tr_TR\" \/>\n<meta property=\"og:type\" content=\"article\" \/>\n<meta property=\"og:title\" content=\"\u0130spanya Ticari Vize Davetiye Mektubu - Ticari Vize - MyVize\" \/>\n<meta property=\"og:description\" content=\"\u0130spanya Ticari Vize Davetiye Mektubu Nas\u0131l Yaz\u0131l\u0131r? \u0130spanya Ticari Vize Davetiye Mektubu \u00d6rne\u011fi. Bilgi \u0130\u00e7in Hemen Aray\u0131n: 0850 346 84 93\" \/>\n<meta property=\"og:url\" content=\"https:\/\/www.myvize.com.tr\/ispanya\/ispanya-ticari-vize-davetiye-mektubu\/\" \/>\n<meta property=\"og:site_name\" content=\"\u0130spanya Vizesi\" \/>\n<meta property=\"article:modified_time\" content=\"2022-04-12T10:02:56+00:00\" \/>\n<meta property=\"og:image\" content=\"https:\/\/www.myvize.com.tr\/ispanya\/wp-content\/uploads\/2021\/10\/39.jpg\" \/>\n<meta name=\"twitter:card\" content=\"summary_large_image\" \/>\n<meta name=\"twitter:label1\" content=\"Tahmini okuma s\u00fcresi\" \/>\n\t<meta name=\"twitter:data1\" content=\"5 dakika\" \/>\n<script type=\"application\/ld+json\" class=\"yoast-schema-graph\">{\"@context\":\"https:\/\/schema.org\",\"@graph\":[{\"@type\":\"WebPage\",\"@id\":\"https:\/\/www.myvize.com.tr\/ispanya\/ispanya-ticari-vize-davetiye-mektubu\/\",\"url\":\"https:\/\/www.myvize.com.tr\/ispanya\/ispanya-ticari-vize-davetiye-mektubu\/\",\"name\":\"\u0130spanya Ticari Vize Davetiye Mektubu - Ticari Vize - MyVize\",\"isPartOf\":{\"@id\":\"https:\/\/www.myvize.com.tr\/ispanya\/#website\"},\"primaryImageOfPage\":{\"@id\":\"https:\/\/www.myvize.com.tr\/ispanya\/ispanya-ticari-vize-davetiye-mektubu\/#primaryimage\"},\"image\":{\"@id\":\"https:\/\/www.myvize.com.tr\/ispanya\/ispanya-ticari-vize-davetiye-mektubu\/#primaryimage\"},\"thumbnailUrl\":\"https:\/\/www.myvize.com.tr\/ispanya\/wp-content\/uploads\/2021\/10\/39.jpg\",\"datePublished\":\"2021-08-18T11:55:08+00:00\",\"dateModified\":\"2022-04-12T10:02:56+00:00\",\"description\":\"\u0130spanya Ticari Vize Davetiye Mektubu Nas\u0131l Yaz\u0131l\u0131r? \u0130spanya Ticari Vize Davetiye Mektubu \u00d6rne\u011fi. Bilgi \u0130\u00e7in Hemen Aray\u0131n: 0850 346 84 93\",\"breadcrumb\":{\"@id\":\"https:\/\/www.myvize.com.tr\/ispanya\/ispanya-ticari-vize-davetiye-mektubu\/#breadcrumb\"},\"inLanguage\":\"tr\",\"potentialAction\":[{\"@type\":\"ReadAction\",\"target\":[\"https:\/\/www.myvize.com.tr\/ispanya\/ispanya-ticari-vize-davetiye-mektubu\/\"]}]},{\"@type\":\"ImageObject\",\"inLanguage\":\"tr\",\"@id\":\"https:\/\/www.myvize.com.tr\/ispanya\/ispanya-ticari-vize-davetiye-mektubu\/#primaryimage\",\"url\":\"https:\/\/www.myvize.com.tr\/ispanya\/wp-content\/uploads\/2021\/10\/39.jpg\",\"contentUrl\":\"https:\/\/www.myvize.com.tr\/ispanya\/wp-content\/uploads\/2021\/10\/39.jpg\",\"width\":800,\"height\":500,\"caption\":\"\u0130spanya Ticari Vize Davetiye Mektubu\"},{\"@type\":\"BreadcrumbList\",\"@id\":\"https:\/\/www.myvize.com.tr\/ispanya\/ispanya-ticari-vize-davetiye-mektubu\/#breadcrumb\",\"itemListElement\":[{\"@type\":\"ListItem\",\"position\":1,\"name\":\"Anasayfa\",\"item\":\"https:\/\/www.myvize.com.tr\/ispanya\/\"},{\"@type\":\"ListItem\",\"position\":2,\"name\":\"\u0130spanya Ticari Vize Davetiye Mektubu\"}]},{\"@type\":\"WebSite\",\"@id\":\"https:\/\/www.myvize.com.tr\/ispanya\/#website\",\"url\":\"https:\/\/www.myvize.com.tr\/ispanya\/\",\"name\":\"\u0130spanya Vizesi\",\"description\":\"\",\"potentialAction\":[{\"@type\":\"SearchAction\",\"target\":{\"@type\":\"EntryPoint\",\"urlTemplate\":\"https:\/\/www.myvize.com.tr\/ispanya\/?s={search_term_string}\"},\"query-input\":{\"@type\":\"PropertyValueSpecification\",\"valueRequired\":true,\"valueName\":\"search_term_string\"}}],\"inLanguage\":\"tr\"}]}<\/script>\n<!-- \/ Yoast SEO plugin. -->","yoast_head_json":{"title":"\u0130spanya Ticari Vize Davetiye Mektubu - Ticari Vize - MyVize","description":"\u0130spanya Ticari Vize Davetiye Mektubu Nas\u0131l Yaz\u0131l\u0131r? \u0130spanya Ticari Vize Davetiye Mektubu \u00d6rne\u011fi. Bilgi \u0130\u00e7in Hemen Aray\u0131n: 0850 346 84 93","robots":{"index":"index","follow":"follow","max-snippet":"max-snippet:-1","max-image-preview":"max-image-preview:large","max-video-preview":"max-video-preview:-1"},"canonical":"https:\/\/www.myvize.com.tr\/ispanya\/ispanya-ticari-vize-davetiye-mektubu\/","og_locale":"tr_TR","og_type":"article","og_title":"\u0130spanya Ticari Vize Davetiye Mektubu - Ticari Vize - MyVize","og_description":"\u0130spanya Ticari Vize Davetiye Mektubu Nas\u0131l Yaz\u0131l\u0131r? \u0130spanya Ticari Vize Davetiye Mektubu \u00d6rne\u011fi. Bilgi \u0130\u00e7in Hemen Aray\u0131n: 0850 346 84 93","og_url":"https:\/\/www.myvize.com.tr\/ispanya\/ispanya-ticari-vize-davetiye-mektubu\/","og_site_name":"\u0130spanya Vizesi","article_modified_time":"2022-04-12T10:02:56+00:00","og_image":[{"url":"https:\/\/www.myvize.com.tr\/ispanya\/wp-content\/uploads\/2021\/10\/39.jpg","type":"","width":"","height":""}],"twitter_card":"summary_large_image","twitter_misc":{"Tahmini okuma s\u00fcresi":"5 dakika"},"schema":{"@context":"https:\/\/schema.org","@graph":[{"@type":"WebPage","@id":"https:\/\/www.myvize.com.tr\/ispanya\/ispanya-ticari-vize-davetiye-mektubu\/","url":"https:\/\/www.myvize.com.tr\/ispanya\/ispanya-ticari-vize-davetiye-mektubu\/","name":"\u0130spanya Ticari Vize Davetiye Mektubu - Ticari Vize - MyVize","isPartOf":{"@id":"https:\/\/www.myvize.com.tr\/ispanya\/#website"},"primaryImageOfPage":{"@id":"https:\/\/www.myvize.com.tr\/ispanya\/ispanya-ticari-vize-davetiye-mektubu\/#primaryimage"},"image":{"@id":"https:\/\/www.myvize.com.tr\/ispanya\/ispanya-ticari-vize-davetiye-mektubu\/#primaryimage"},"thumbnailUrl":"https:\/\/www.myvize.com.tr\/ispanya\/wp-content\/uploads\/2021\/10\/39.jpg","datePublished":"2021-08-18T11:55:08+00:00","dateModified":"2022-04-12T10:02:56+00:00","description":"\u0130spanya Ticari Vize Davetiye Mektubu Nas\u0131l Yaz\u0131l\u0131r? \u0130spanya Ticari Vize Davetiye Mektubu \u00d6rne\u011fi. Bilgi \u0130\u00e7in Hemen Aray\u0131n: 0850 346 84 93","breadcrumb":{"@id":"https:\/\/www.myvize.com.tr\/ispanya\/ispanya-ticari-vize-davetiye-mektubu\/#breadcrumb"},"inLanguage":"tr","potentialAction":[{"@type":"ReadAction","target":["https:\/\/www.myvize.com.tr\/ispanya\/ispanya-ticari-vize-davetiye-mektubu\/"]}]},{"@type":"ImageObject","inLanguage":"tr","@id":"https:\/\/www.myvize.com.tr\/ispanya\/ispanya-ticari-vize-davetiye-mektubu\/#primaryimage","url":"https:\/\/www.myvize.com.tr\/ispanya\/wp-content\/uploads\/2021\/10\/39.jpg","contentUrl":"https:\/\/www.myvize.com.tr\/ispanya\/wp-content\/uploads\/2021\/10\/39.jpg","width":800,"height":500,"caption":"\u0130spanya Ticari Vize Davetiye Mektubu"},{"@type":"BreadcrumbList","@id":"https:\/\/www.myvize.com.tr\/ispanya\/ispanya-ticari-vize-davetiye-mektubu\/#breadcrumb","itemListElement":[{"@type":"ListItem","position":1,"name":"Anasayfa","item":"https:\/\/www.myvize.com.tr\/ispanya\/"},{"@type":"ListItem","position":2,"name":"\u0130spanya Ticari Vize Davetiye Mektubu"}]},{"@type":"WebSite","@id":"https:\/\/www.myvize.com.tr\/ispanya\/#website","url":"https:\/\/www.myvize.com.tr\/ispanya\/","name":"\u0130spanya Vizesi","description":"","potentialAction":[{"@type":"SearchAction","target":{"@type":"EntryPoint","urlTemplate":"https:\/\/www.myvize.com.tr\/ispanya\/?s={search_term_string}"},"query-input":{"@type":"PropertyValueSpecification","valueRequired":true,"valueName":"search_term_string"}}],"inLanguage":"tr"}]}},"_links":{"self":[{"href":"https:\/\/www.myvize.com.tr\/ispanya\/wp-json\/wp\/v2\/pages\/457","targetHints":{"allow":["GET"]}}],"collection":[{"href":"https:\/\/www.myvize.com.tr\/ispanya\/wp-json\/wp\/v2\/pages"}],"about":[{"href":"https:\/\/www.myvize.com.tr\/ispanya\/wp-json\/wp\/v2\/types\/page"}],"author":[{"embeddable":true,"href":"https:\/\/www.myvize.com.tr\/ispanya\/wp-json\/wp\/v2\/users\/1"}],"replies":[{"embeddable":true,"href":"https:\/\/www.myvize.com.tr\/ispanya\/wp-json\/wp\/v2\/comments?post=457"}],"version-history":[{"count":7,"href":"https:\/\/www.myvize.com.tr\/ispanya\/wp-json\/wp\/v2\/pages\/457\/revisions"}],"predecessor-version":[{"id":962,"href":"https:\/\/www.myvize.com.tr\/ispanya\/wp-json\/wp\/v2\/pages\/457\/revisions\/962"}],"wp:attachment":[{"href":"https:\/\/www.myvize.com.tr\/ispanya\/wp-json\/wp\/v2\/media?parent=457"}],"curies":[{"name":"wp","href":"https:\/\/api.w.org\/{rel}","templated":true}]}}