{"id":47,"date":"2020-11-30T12:48:28","date_gmt":"2020-11-30T09:48:28","guid":{"rendered":"https:\/\/www.myvize.com.tr\/ispanya\/?page_id=47"},"modified":"2022-12-20T21:26:02","modified_gmt":"2022-12-20T18:26:02","slug":"ispanya-vize-basvuru-formu","status":"publish","type":"page","link":"https:\/\/www.myvize.com.tr\/ispanya\/vize-islemleri\/ispanya-vize-basvuru-formu\/","title":{"rendered":"\u0130spanya Vize Ba\u015fvuru Formu"},"content":{"rendered":"<h2><span style=\"font-family: Roboto; font-size: 27px;\"><b>\u0130spanya Vize Ba\u015fvuru Formu Nas\u0131l Doldurulur?<\/b><\/span><\/h2>\n<p><span style=\"font-family: Roboto; font-size: 14px;\"><span style=\"color: #2acec2;\"><strong><a style=\"color: #2acec2;\" href=\"https:\/\/www.myvize.com.tr\/ispanya\/vize-islemleri\/ispanya-vizesi\/\" target=\"_blank\" rel=\"noopener\">\u0130spanya Vizesi <\/a><\/strong><\/span>Ba\u015fvuru Formu doldurulurken a\u015fa\u011f\u0131daki unsurlara dikkat etmek gereklidir:<\/span><\/p>\n<p><span style=\"font-family: Roboto; font-size: 14px;\">&#8211; Vize ba\u015fvuru formunun<strong> \u0130spanya B\u00fcy\u00fckel\u00e7ili\u011fi<\/strong> (<strong><span style=\"color: #2acec2;\"><a style=\"color: #2acec2;\" href=\"https:\/\/www.myvize.com.tr\/ispanya\/subelerimiz\/ankara\/\" target=\"_blank\" rel=\"noopener\">Ankara<\/a><\/span><\/strong>) \/<strong> ispanya Konsoloslu\u011fu<\/strong> (<span style=\"color: #2acec2;\"><strong><a style=\"color: #2acec2;\" href=\"https:\/\/www.myvize.com.tr\/ispanya\/subelerimiz\/istanbul\/\" target=\"_blank\" rel=\"noopener\">\u0130stanbul<\/a><\/strong><\/span>) taraf\u0131ndan sitelerinde yay\u0131nlanan son ba\u015fvuru formu oldu\u011fundan emin olun. \u0130ki ba\u015fvuru mercii de ayn\u0131 Formu kullanmaktad\u0131rlar.\u00a0<\/span><\/p>\n<p><span style=\"font-family: Roboto; font-size: 14px;\">&#8211; Form doldurulurken b\u00fcy\u00fck harflerle, T\u00fcrk\u00e7e karakterler kullan\u0131lmadan (\u0130, \u011e, \u00d6, \u015e, \u00dc) doldurulmal\u0131d\u0131r.<\/span><\/p>\n<p><span style=\"font-family: Roboto; font-size: 14px;\">&#8211; Ba\u015fvuru dosyas\u0131na koyaca\u011f\u0131n\u0131z belgelerle uyumlu olmal\u0131d\u0131r. (\u00d6rne\u011fin; buraya yazaca\u011f\u0131n\u0131z soyad\u0131n\u0131z ile mevcut durumdaki ge\u00e7erli soyad\u0131n\u0131z ayn\u0131 olmal\u0131d\u0131r. Evlilik\/ bo\u015fanma durumu dolay\u0131s\u0131yla olu\u015facak farkl\u0131l\u0131k g\u00f6z \u00f6n\u00fcne al\u0131nmal\u0131d\u0131r.)<\/span><\/p>\n<p><span style=\"font-family: Roboto; font-size: 14px;\">&#8211; Bilgileri sadece kendileri i\u00e7in ait olan kutucu\u011fa yaz\u0131n\u0131z, kutucu\u011fun d\u0131\u015f\u0131na ta\u015fma olmayacakt\u0131r.<\/span><\/p>\n<p><span style=\"font-family: Roboto; font-size: 14px;\">&#8211; Silinmez t\u00fckenmez kalemle (siyah veya mavi renkte) form doldurulmal\u0131d\u0131r.<\/span><\/p>\n<p><span style=\"font-family: Roboto; font-size: 14px;\">&#8211; Form \u00fczerinde yanl\u0131\u015f yaz\u0131lan\u0131 d\u00fczeltmek i\u00e7in tipex (daksil) kullan\u0131lmamal\u0131d\u0131r, karalama yap\u0131lmamal\u0131d\u0131r.\u00a0<\/span><\/p>\n<p><span style=\"font-family: Roboto; font-size: 14px;\">&#8211; Alaca\u011f\u0131n\u0131z vize t\u00fcr\u00fcn\u00fc tekli, ikili veya \u00e7oklu olacak \u015fekilde do\u011fru i\u015faretledi\u011finizden emin olunuz.\u00a0<\/span><\/p>\n<p><span style=\"font-family: Roboto; font-size: 14px;\">&#8211; \u0130spanya Konsoloslu\u011fu&#8217;na <strong>Schengen Vizesi<\/strong> al\u0131m\u0131 i\u00e7in ba\u015fvuru yap\u0131yorsan\u0131z, seyahatiniz s\u0131ras\u0131nda ilk giri\u015f yapaca\u011f\u0131n\u0131z \u00fclkenin \u0130spanya olmas\u0131 \u00f6nemli bir husustur. Veya birka\u00e7 \u00fclkeye gidecekseniz, en uzun kal\u0131\u015f yapaca\u011f\u0131n\u0131z \u00fclke topraklar\u0131 \u0130spanya&#8217;d\u0131r. Bunu g\u00f6z \u00f6n\u00fcnde bulundurunuz.<\/span><\/p>\n<p><span style=\"font-family: Roboto; font-size: 14px;\">&#8211; Seyahatinizin masraflar\u0131n\u0131 kar\u015f\u0131layacak kurum, \u015firket var ise Ticaret Sicil Gazetesi&#8217;nde belirtilen \u015fekliyle tam unvan\u0131yla yaz\u0131n\u0131z. E\u011fer masraflar\u0131 kendiniz kar\u015f\u0131layacaksan\u0131z ilgili b\u00f6l\u00fcme &#8216;KEND\u0130M&#8217; yazmal\u0131s\u0131n\u0131z.<\/span><\/p>\n<p><span style=\"font-family: Roboto; font-size: 14px;\">&#8211; Vize al\u0131nacak ki\u015fi\u00a018 ya\u015f\u0131n\u0131 doldurmam\u0131\u015f ise, ba\u015fvuru formunu imzalayacak ki\u015fi anne\/baba veya mahkemece atanm\u0131\u015f vasi olmal\u0131d\u0131r.<\/span><\/p>\n<p><span style=\"font-family: Roboto; font-size: 14px;\">&#8211; Schengen B\u00f6lgesi&#8217;ne giri\u015f yapaca\u011f\u0131n\u0131z tarih vizenizin ba\u015flang\u0131\u00e7 tarihi olmal\u0131d\u0131r.<\/span><\/p>\n<p><img decoding=\"async\" src=\"https:\/\/www.myvize.com.tr\/ispanya\/wp-content\/uploads\/2021\/10\/22.jpg\" \/><\/p>\n<h2><strong><span style=\"font-family: Roboto; font-size: 27px;\">\u0130spanya Vize Ba\u015fvuru Formu Hakk\u0131nda<\/span><\/strong><\/h2>\n<p><span style=\"font-family: Roboto; font-size: 14px;\">\u0130spanya\u2019ya seyahat edecek olan ki\u015filerin \u0130spanya vizesi almas\u0131 gerekmektedir. <strong>\u0130spanya vize<\/strong> ba\u015fvurular\u0131 s\u0131ras\u0131nda yapman\u0131z gereken baz\u0131 i\u015flemler vard\u0131r. Bu a\u015famalardan i\u00e7erisinde en \u00f6nemlisi <strong>\u0130spanya vize ba\u015fvuru<\/strong> formunun doldurulmas\u0131d\u0131r.<\/span><\/p>\n<p><span style=\"font-family: Roboto; font-size: 14px;\">\u0130spanya vize ba\u015fvuru formu, <strong>\u0130spanya vize ba\u015fvurusu<\/strong> incelemesi s\u0131ras\u0131nda \u0130spanya konsoloslu\u011funun ba\u015fvuru sahibini daha iyi tan\u0131mas\u0131n\u0131 sa\u011flamaktad\u0131r. Bundan dolay\u0131 vize ba\u015fvuru formu eksiksiz ve hatas\u0131z olarak doldurulmal\u0131d\u0131r. Hatal\u0131 ya da eksik bilgiden dolay\u0131 \u0130spanya vize ba\u015fvurular\u0131 reddedilmektedir. \u0130spanya vize ba\u015fvurular\u0131 incelenirken \u0130spanya vize ba\u015fvuru formu, teslim edilen di\u011fer belgeler ile kar\u015f\u0131la\u015ft\u0131r\u0131lmaktad\u0131r.<\/span><\/p>\n<p><span style=\"font-family: Roboto; font-size: 14px;\"><strong>\u0130spanya vize ba\u015fvuru formu<\/strong> \u0130spanyolca, \u0130ngilizce veya T\u00fcrk\u00e7e olarak doldurulmal\u0131d\u0131r. <strong>\u0130spanya vize ba\u015fvuru formu<\/strong> doldurulduktan sonra ba\u015fvuru sahibi taraf\u0131ndan tarih at\u0131l\u0131p \u015fahsen imzalanmal\u0131d\u0131r. Formun imzalanmas\u0131 sonras\u0131 girilen bilgilerin do\u011frulu\u011fu kabul edilmi\u015f olur. Konsolosluk, <strong>\u0130spanya vize ba\u015fvuru<\/strong> formuna bilerek hatal\u0131 olarak bilgi girildi\u011fini d\u00fc\u015f\u00fcn\u00fcrse ba\u015fvurunuz reddedilir ve bir sahtecilik yapt\u0131\u011f\u0131n\u0131z d\u00fc\u015f\u00fcn\u00fcl\u00fcrse ceza alabilirsiniz.<\/span><\/p>\n<p><span style=\"font-family: Roboto; font-size: 14px;\"><strong>\u0130spanya vize<\/strong> ba\u015fvuru formunda; vize ba\u015fvuru sahibinin ki\u015fisel bilgileri, adres bilgileri, kimlik bilgileri, pasaport bilgileri, aile bilgileri, aile adres ve ileti\u015fim bilgileri, seyahat tarihleri ve seyahat planlar\u0131 gibi bilgiler yer almaktad\u0131r.<\/span><\/p>\n<h3><span style=\"font-family: Roboto; font-size: 24px;\">\u0130spanya Vize Ba\u015fvuru Formu Doldururken Dikkat Edilmesi Gerekenler<\/span><\/h3>\n<p><span style=\"font-family: Roboto; font-size: 14px;\">\u0130spanya\u2019ya seyahat etmek isteyen T\u00fcrk vatanda\u015flar\u0131n\u0131n seyahat edebilmek i\u00e7in \u0130spanya vizesi almas\u0131 gerekmektedir. \u0130spanya vize ba\u015fvurusu yapacak olan ki\u015filerin, \u0130spanya vize ba\u015fvuru formu doldurmas\u0131 gerekmektedir.<strong><span style=\"color: #2acec2;\"><a style=\"color: #2acec2;\" href=\"https:\/\/www.myvize.com.tr\/ispanya\/form-ve-dilekce\/ispanya-vize-basvuru-formu\/\" target=\"_blank\" rel=\"noopener\"> \u0130spanya vize ba\u015fvuru formu<\/a><\/span><\/strong> dolduran T\u00fcrk vatanda\u015flar\u0131n\u0131n bu formu doldurmas\u0131 gerekmektedir.<\/span><\/p>\n<p><span style=\"font-family: Roboto; font-size: 14px;\">\u0130spanya vize ba\u015fvuru formu doldurulurken dikkat edilmesi gerekenler \u015fu \u015fekildedir;<\/span><\/p>\n<ul>\n<li><span style=\"font-family: Roboto; font-size: 14px;\">\u0130spanya vize ba\u015fvuru formu doldurulurken formun g\u00fcncel oldu\u011funa dikkat etmeniz gerekmektedir.<\/span><\/li>\n<li><span style=\"font-family: Roboto; font-size: 14px;\">Form doldurulurken girilen bilgilerde hata yap\u0131lmamas\u0131 gerekmektedir. Bu durum vize reddine yol a\u00e7maktad\u0131r.<\/span><\/li>\n<li><span style=\"font-family: Roboto; font-size: 14px;\"><strong>\u0130spanya vize ba\u015fvuru<\/strong> formunuza, seyahatiniz ile ilgili yanl\u0131\u015f bilgi vermemelisiniz.<\/span><\/li>\n<li><span style=\"font-family: Roboto; font-size: 14px;\">Vize ba\u015fvuru formunu, ba\u015fvuru yapaca\u011f\u0131n\u0131z vize t\u00fcr\u00fcne uygun olarak doldurman\u0131z gerekmektedir. Bununla ilgili do\u011fru bilgiler girilmelidir.<\/span><\/li>\n<li><span style=\"font-family: Roboto; font-size: 14px;\">\u0130spanya vize ba\u015fvuru formu \u0130spanyol veya T\u00fcrk\u00e7e olarak doldurulmal\u0131d\u0131r.<\/span><\/li>\n<li><span style=\"font-family: Roboto; font-size: 14px;\">\u0130spanya vize ba\u015fvuru formunun y\u0131pranmam\u0131\u015f olmas\u0131 ve kirli olmamas\u0131 gerekmektedir.<\/span><\/li>\n<li><span style=\"font-family: Roboto; font-size: 14px;\">K\u0131sa s\u00fcreli \u0130spanya vize ba\u015fvurular\u0131 i\u00e7in \u0130spanya <strong>Schengen<\/strong> vize ba\u015fvuru formu doldurulmal\u0131d\u0131r. Uzun s\u00fcreli \u0130spanya vize ba\u015fvurular\u0131 i\u00e7in \u0130spanya ulusal vize ba\u015fvuru formu doldurmal\u0131d\u0131r.<\/span><\/li>\n<li><span style=\"font-family: Roboto; font-size: 14px;\">\u0130spanya vize ba\u015fvuru formu okunur bir \u015fekilde doldurulmal\u0131d\u0131r.<\/span><\/li>\n<li><span style=\"font-family: Roboto; font-size: 14px;\"><strong>\u0130spanya vize ba\u015fvuru formu<\/strong> doldurulduktan sonra imzalanmal\u0131d\u0131r.<\/span><\/li>\n<\/ul>\n","protected":false},"excerpt":{"rendered":"<p>\u0130spanya Vize Ba\u015fvuru Formu Nas\u0131l Doldurulur? \u0130spanya Vizesi Ba\u015fvuru Formu doldurulurken a\u015fa\u011f\u0131daki unsurlara dikkat etmek gereklidir: &#8211; Vize ba\u015fvuru formunun \u0130spanya B\u00fcy\u00fckel\u00e7ili\u011fi (Ankara) \/ ispanya Konsoloslu\u011fu (\u0130stanbul) taraf\u0131ndan sitelerinde yay\u0131nlanan son ba\u015fvuru formu oldu\u011fundan emin olun. \u0130ki ba\u015fvuru mercii de ayn\u0131 Formu kullanmaktad\u0131rlar.\u00a0 &#8211; Form doldurulurken b\u00fcy\u00fck harflerle, T\u00fcrk\u00e7e karakterler kullan\u0131lmadan (\u0130, \u011e, \u00d6, \u015e,<\/p>\n","protected":false},"author":1,"featured_media":0,"parent":18,"menu_order":0,"comment_status":"open","ping_status":"closed","template":"","meta":{"footnotes":""},"class_list":["post-47","page","type-page","status-publish","hentry"],"yoast_head":"<!-- This site is optimized with the Yoast SEO plugin v24.0 - https:\/\/yoast.com\/wordpress\/plugins\/seo\/ -->\n<title>\u0130spanya Vizesi Ba\u015fvuru Formu - \u0130svi\u00e7re Vize - MyVize<\/title>\n<meta name=\"description\" content=\"\u0130spanya ba\u015fvuru formuna dair g\u00fcncel veriler. \u0130spanya ba\u015fvuru formu detayl\u0131 g\u00f6rsel anlat\u0131m. \u0130spanya ba\u015fvuru formu i\u00e7in ileti\u015fime ge\u00e7iniz.\" \/>\n<meta name=\"robots\" content=\"index, follow, max-snippet:-1, max-image-preview:large, max-video-preview:-1\" \/>\n<link rel=\"canonical\" href=\"https:\/\/www.myvize.com.tr\/ispanya\/vize-islemleri\/ispanya-vize-basvuru-formu\/\" \/>\n<meta property=\"og:locale\" content=\"tr_TR\" \/>\n<meta property=\"og:type\" content=\"article\" \/>\n<meta property=\"og:title\" content=\"\u0130spanya Vizesi Ba\u015fvuru Formu - \u0130svi\u00e7re Vize - MyVize\" \/>\n<meta property=\"og:description\" content=\"\u0130spanya ba\u015fvuru formuna dair g\u00fcncel veriler. \u0130spanya ba\u015fvuru formu detayl\u0131 g\u00f6rsel anlat\u0131m. \u0130spanya ba\u015fvuru formu i\u00e7in ileti\u015fime ge\u00e7iniz.\" \/>\n<meta property=\"og:url\" content=\"https:\/\/www.myvize.com.tr\/ispanya\/vize-islemleri\/ispanya-vize-basvuru-formu\/\" \/>\n<meta property=\"og:site_name\" content=\"\u0130spanya Vizesi\" \/>\n<meta property=\"article:modified_time\" content=\"2022-12-20T18:26:02+00:00\" \/>\n<meta property=\"og:image\" content=\"https:\/\/www.myvize.com.tr\/ispanya\/wp-content\/uploads\/2021\/10\/22.jpg\" \/>\n<meta name=\"twitter:card\" content=\"summary_large_image\" \/>\n<meta name=\"twitter:label1\" content=\"Tahmini okuma s\u00fcresi\" \/>\n\t<meta name=\"twitter:data1\" content=\"3 dakika\" \/>\n<script type=\"application\/ld+json\" class=\"yoast-schema-graph\">{\"@context\":\"https:\/\/schema.org\",\"@graph\":[{\"@type\":\"WebPage\",\"@id\":\"https:\/\/www.myvize.com.tr\/ispanya\/vize-islemleri\/ispanya-vize-basvuru-formu\/\",\"url\":\"https:\/\/www.myvize.com.tr\/ispanya\/vize-islemleri\/ispanya-vize-basvuru-formu\/\",\"name\":\"\u0130spanya Vizesi Ba\u015fvuru Formu - \u0130svi\u00e7re Vize - MyVize\",\"isPartOf\":{\"@id\":\"https:\/\/www.myvize.com.tr\/ispanya\/#website\"},\"primaryImageOfPage\":{\"@id\":\"https:\/\/www.myvize.com.tr\/ispanya\/vize-islemleri\/ispanya-vize-basvuru-formu\/#primaryimage\"},\"image\":{\"@id\":\"https:\/\/www.myvize.com.tr\/ispanya\/vize-islemleri\/ispanya-vize-basvuru-formu\/#primaryimage\"},\"thumbnailUrl\":\"https:\/\/www.myvize.com.tr\/ispanya\/wp-content\/uploads\/2021\/10\/22.jpg\",\"datePublished\":\"2020-11-30T09:48:28+00:00\",\"dateModified\":\"2022-12-20T18:26:02+00:00\",\"description\":\"\u0130spanya ba\u015fvuru formuna dair g\u00fcncel veriler. \u0130spanya ba\u015fvuru formu detayl\u0131 g\u00f6rsel anlat\u0131m. \u0130spanya ba\u015fvuru formu i\u00e7in ileti\u015fime ge\u00e7iniz.\",\"breadcrumb\":{\"@id\":\"https:\/\/www.myvize.com.tr\/ispanya\/vize-islemleri\/ispanya-vize-basvuru-formu\/#breadcrumb\"},\"inLanguage\":\"tr\",\"potentialAction\":[{\"@type\":\"ReadAction\",\"target\":[\"https:\/\/www.myvize.com.tr\/ispanya\/vize-islemleri\/ispanya-vize-basvuru-formu\/\"]}]},{\"@type\":\"ImageObject\",\"inLanguage\":\"tr\",\"@id\":\"https:\/\/www.myvize.com.tr\/ispanya\/vize-islemleri\/ispanya-vize-basvuru-formu\/#primaryimage\",\"url\":\"https:\/\/www.myvize.com.tr\/ispanya\/wp-content\/uploads\/2021\/10\/22.jpg\",\"contentUrl\":\"https:\/\/www.myvize.com.tr\/ispanya\/wp-content\/uploads\/2021\/10\/22.jpg\",\"width\":800,\"height\":500,\"caption\":\"\u0130spanya Vize Ba\u015fvuru Formu\"},{\"@type\":\"BreadcrumbList\",\"@id\":\"https:\/\/www.myvize.com.tr\/ispanya\/vize-islemleri\/ispanya-vize-basvuru-formu\/#breadcrumb\",\"itemListElement\":[{\"@type\":\"ListItem\",\"position\":1,\"name\":\"Anasayfa\",\"item\":\"https:\/\/www.myvize.com.tr\/ispanya\/\"},{\"@type\":\"ListItem\",\"position\":2,\"name\":\"\u0130SPANYA V\u0130ZE \u0130\u015eLEMLER\u0130\",\"item\":\"https:\/\/www.myvize.com.tr\/ispanya\/vize-islemleri\/\"},{\"@type\":\"ListItem\",\"position\":3,\"name\":\"\u0130spanya Vize Ba\u015fvuru Formu\"}]},{\"@type\":\"WebSite\",\"@id\":\"https:\/\/www.myvize.com.tr\/ispanya\/#website\",\"url\":\"https:\/\/www.myvize.com.tr\/ispanya\/\",\"name\":\"\u0130spanya Vizesi\",\"description\":\"\",\"potentialAction\":[{\"@type\":\"SearchAction\",\"target\":{\"@type\":\"EntryPoint\",\"urlTemplate\":\"https:\/\/www.myvize.com.tr\/ispanya\/?s={search_term_string}\"},\"query-input\":{\"@type\":\"PropertyValueSpecification\",\"valueRequired\":true,\"valueName\":\"search_term_string\"}}],\"inLanguage\":\"tr\"}]}<\/script>\n<!-- \/ Yoast SEO plugin. -->","yoast_head_json":{"title":"\u0130spanya Vizesi Ba\u015fvuru Formu - \u0130svi\u00e7re Vize - MyVize","description":"\u0130spanya ba\u015fvuru formuna dair g\u00fcncel veriler. \u0130spanya ba\u015fvuru formu detayl\u0131 g\u00f6rsel anlat\u0131m. \u0130spanya ba\u015fvuru formu i\u00e7in ileti\u015fime ge\u00e7iniz.","robots":{"index":"index","follow":"follow","max-snippet":"max-snippet:-1","max-image-preview":"max-image-preview:large","max-video-preview":"max-video-preview:-1"},"canonical":"https:\/\/www.myvize.com.tr\/ispanya\/vize-islemleri\/ispanya-vize-basvuru-formu\/","og_locale":"tr_TR","og_type":"article","og_title":"\u0130spanya Vizesi Ba\u015fvuru Formu - \u0130svi\u00e7re Vize - MyVize","og_description":"\u0130spanya ba\u015fvuru formuna dair g\u00fcncel veriler. \u0130spanya ba\u015fvuru formu detayl\u0131 g\u00f6rsel anlat\u0131m. \u0130spanya ba\u015fvuru formu i\u00e7in ileti\u015fime ge\u00e7iniz.","og_url":"https:\/\/www.myvize.com.tr\/ispanya\/vize-islemleri\/ispanya-vize-basvuru-formu\/","og_site_name":"\u0130spanya Vizesi","article_modified_time":"2022-12-20T18:26:02+00:00","og_image":[{"url":"https:\/\/www.myvize.com.tr\/ispanya\/wp-content\/uploads\/2021\/10\/22.jpg","type":"","width":"","height":""}],"twitter_card":"summary_large_image","twitter_misc":{"Tahmini okuma s\u00fcresi":"3 dakika"},"schema":{"@context":"https:\/\/schema.org","@graph":[{"@type":"WebPage","@id":"https:\/\/www.myvize.com.tr\/ispanya\/vize-islemleri\/ispanya-vize-basvuru-formu\/","url":"https:\/\/www.myvize.com.tr\/ispanya\/vize-islemleri\/ispanya-vize-basvuru-formu\/","name":"\u0130spanya Vizesi Ba\u015fvuru Formu - \u0130svi\u00e7re Vize - MyVize","isPartOf":{"@id":"https:\/\/www.myvize.com.tr\/ispanya\/#website"},"primaryImageOfPage":{"@id":"https:\/\/www.myvize.com.tr\/ispanya\/vize-islemleri\/ispanya-vize-basvuru-formu\/#primaryimage"},"image":{"@id":"https:\/\/www.myvize.com.tr\/ispanya\/vize-islemleri\/ispanya-vize-basvuru-formu\/#primaryimage"},"thumbnailUrl":"https:\/\/www.myvize.com.tr\/ispanya\/wp-content\/uploads\/2021\/10\/22.jpg","datePublished":"2020-11-30T09:48:28+00:00","dateModified":"2022-12-20T18:26:02+00:00","description":"\u0130spanya ba\u015fvuru formuna dair g\u00fcncel veriler. \u0130spanya ba\u015fvuru formu detayl\u0131 g\u00f6rsel anlat\u0131m. \u0130spanya ba\u015fvuru formu i\u00e7in ileti\u015fime ge\u00e7iniz.","breadcrumb":{"@id":"https:\/\/www.myvize.com.tr\/ispanya\/vize-islemleri\/ispanya-vize-basvuru-formu\/#breadcrumb"},"inLanguage":"tr","potentialAction":[{"@type":"ReadAction","target":["https:\/\/www.myvize.com.tr\/ispanya\/vize-islemleri\/ispanya-vize-basvuru-formu\/"]}]},{"@type":"ImageObject","inLanguage":"tr","@id":"https:\/\/www.myvize.com.tr\/ispanya\/vize-islemleri\/ispanya-vize-basvuru-formu\/#primaryimage","url":"https:\/\/www.myvize.com.tr\/ispanya\/wp-content\/uploads\/2021\/10\/22.jpg","contentUrl":"https:\/\/www.myvize.com.tr\/ispanya\/wp-content\/uploads\/2021\/10\/22.jpg","width":800,"height":500,"caption":"\u0130spanya Vize Ba\u015fvuru Formu"},{"@type":"BreadcrumbList","@id":"https:\/\/www.myvize.com.tr\/ispanya\/vize-islemleri\/ispanya-vize-basvuru-formu\/#breadcrumb","itemListElement":[{"@type":"ListItem","position":1,"name":"Anasayfa","item":"https:\/\/www.myvize.com.tr\/ispanya\/"},{"@type":"ListItem","position":2,"name":"\u0130SPANYA V\u0130ZE \u0130\u015eLEMLER\u0130","item":"https:\/\/www.myvize.com.tr\/ispanya\/vize-islemleri\/"},{"@type":"ListItem","position":3,"name":"\u0130spanya Vize Ba\u015fvuru Formu"}]},{"@type":"WebSite","@id":"https:\/\/www.myvize.com.tr\/ispanya\/#website","url":"https:\/\/www.myvize.com.tr\/ispanya\/","name":"\u0130spanya Vizesi","description":"","potentialAction":[{"@type":"SearchAction","target":{"@type":"EntryPoint","urlTemplate":"https:\/\/www.myvize.com.tr\/ispanya\/?s={search_term_string}"},"query-input":{"@type":"PropertyValueSpecification","valueRequired":true,"valueName":"search_term_string"}}],"inLanguage":"tr"}]}},"_links":{"self":[{"href":"https:\/\/www.myvize.com.tr\/ispanya\/wp-json\/wp\/v2\/pages\/47","targetHints":{"allow":["GET"]}}],"collection":[{"href":"https:\/\/www.myvize.com.tr\/ispanya\/wp-json\/wp\/v2\/pages"}],"about":[{"href":"https:\/\/www.myvize.com.tr\/ispanya\/wp-json\/wp\/v2\/types\/page"}],"author":[{"embeddable":true,"href":"https:\/\/www.myvize.com.tr\/ispanya\/wp-json\/wp\/v2\/users\/1"}],"replies":[{"embeddable":true,"href":"https:\/\/www.myvize.com.tr\/ispanya\/wp-json\/wp\/v2\/comments?post=47"}],"version-history":[{"count":6,"href":"https:\/\/www.myvize.com.tr\/ispanya\/wp-json\/wp\/v2\/pages\/47\/revisions"}],"predecessor-version":[{"id":1047,"href":"https:\/\/www.myvize.com.tr\/ispanya\/wp-json\/wp\/v2\/pages\/47\/revisions\/1047"}],"up":[{"embeddable":true,"href":"https:\/\/www.myvize.com.tr\/ispanya\/wp-json\/wp\/v2\/pages\/18"}],"wp:attachment":[{"href":"https:\/\/www.myvize.com.tr\/ispanya\/wp-json\/wp\/v2\/media?parent=47"}],"curies":[{"name":"wp","href":"https:\/\/api.w.org\/{rel}","templated":true}]}}