{"id":53,"date":"2020-11-30T12:50:00","date_gmt":"2020-11-30T09:50:00","guid":{"rendered":"https:\/\/www.myvize.com.tr\/ispanya\/?page_id=53"},"modified":"2022-09-10T13:48:04","modified_gmt":"2022-09-10T10:48:04","slug":"ispanya-universite-egitimi","status":"publish","type":"page","link":"https:\/\/www.myvize.com.tr\/ispanya\/vize-islemleri\/ispanya-universite-egitimi\/","title":{"rendered":"\u0130spanya \u00dcniversite E\u011fitimi"},"content":{"rendered":"<p><span style=\"font-family: Roboto; font-size: 14px;\"><strong>\u0130spanya<\/strong> \u00fcniversiteleri Bologna S\u00fcreci&#8217; ne dahildir. Bu s\u00fcrece dahil olan \u00fcniversitelerde e\u011fitim y\u00fcksek kalitededir ve standartla\u015fm\u0131\u015ft\u0131r. E\u011fer T\u00fcrkiye&#8217;de Alman, Frans\u0131z, \u0130talyan liselerinden veya International Baccalaureate&#8217; ye g\u00f6re denklik diplomas\u0131 veren bir liseden mezun de\u011filseniz;\u00a0 sizden denklik diplomas\u0131 isteyeceklerdir. Denklik belgesi almak i\u00e7in Selectividad s\u0131nav\u0131n\u0131 ba\u015farmak gereklidir.<\/span><\/p>\n<p><span style=\"font-family: Roboto; font-size: 14px;\">\u0130spanya&#8217;da <strong>\u00fcniversite e\u011fitimi<\/strong> alman\u0131z i\u00e7in asgari B1-B2 seviyesinde \u0130spanyolca bilmeniz veya\u00a06.5 IELTS,\u00a0TOEFL IBT80 seviyesinde \u0130ngilizce bilmeniz\u00a0gerekir. E\u011fer T\u00fcrkiye&#8217;den bir \u00fcniversiteden mezunsan\u0131z ve \u0130spanyol \u00fcniversitesinden de ayn\u0131 alanda mezuniyet isterseniz, denklik belgenizi alman\u0131z gerekecektir.<\/span><\/p>\n<p><span style=\"font-family: Roboto; font-size: 14px;\">Mezun oldu\u011funuz \u00fcniversiteden ald\u0131\u011f\u0131n\u0131z mezuniyet belgesi ve transkripti (\u0130spanyolca apostilli olmal\u0131) kay\u0131t olaca\u011f\u0131n\u0131z \u00fcniversiteye verdi\u011finizde, alman\u0131z gereken dersleri ve ge\u00e7erli (tan\u0131d\u0131klar\u0131) dersleri size bildireceklerdir. \u0130spanya Ba\u015fkonsoloslu\u011fu&#8217;ndan <strong>\u00f6\u011frenci vizesi<\/strong> alabilmek i\u00e7in yerle\u015fece\u011finiz \u00fcniversitede haftada en az 20 kredi ders alaca\u011f\u0131n\u0131z\u0131 g\u00f6stermeniz gereklidir. \u0130spanya&#8217;daki \u00fcniversitelerde ders kredisi ba\u015f\u0131na \u00f6deme yapman\u0131z gerekir. <strong>\u0130spanyol vatanda\u015flar\u0131<\/strong> i\u00e7in devlet \u00fcniversitelerinde e\u011fitim ucuzken, AB \u00fcyeli\u011fi olan \u00fclke d\u0131\u015f\u0131ndan gelenler ayn\u0131 ders kredisi i\u00e7in 2-3 kat \u00fccret \u00f6demek zorundad\u0131r.<\/span><\/p>\n<p><span style=\"font-family: Roboto; font-size: 14px;\">\u0130spanya&#8217;da<strong> \u00fcniversite e\u011fitimi<\/strong> g\u00f6rmek i\u00e7in, D tipi vize alman\u0131z\u00a0gerekmektedir. D tipi vize 3 ayl\u0131k s\u00fcreli\u00a0verilece\u011finden, \u0130spanya&#8217;ya gittikten\u00a0sonra, ilk i\u015finiz &#8216;yabanc\u0131lar polisine&#8217; gitmek olmal\u0131d\u0131r. \u00d6\u011frencili\u011finiz devam etti\u011fi m\u00fcddet\u00e7e, vize s\u00fcreniz 1 y\u0131ll\u0131k s\u00fcreyle &#8216;yabanc\u0131lar polisi&#8217; taraf\u0131ndan uzat\u0131lacakt\u0131r. <strong>D tipi vize<\/strong>, \u00f6\u011frencili\u011finiz s\u00fcresince, b\u00f6l\u00fcm\u00fcn\u00fczle ilgili i\u015f kollar\u0131nda haftada en fazla 20 saat s\u00fcreyle <span style=\"color: #2acec2;\"><strong><a style=\"color: #2acec2;\" href=\"https:\/\/www.myvize.com.tr\/ispanya\/vize-islemleri\/ispanya-calisma-izni\/\" target=\"_blank\" rel=\"noopener\">\u0130spanya \u00e7al\u0131\u015fma izni <\/a><\/strong><\/span>vermektedir.<\/span><\/p>\n<p><img decoding=\"async\" src=\"https:\/\/www.myvize.com.tr\/ispanya\/wp-content\/uploads\/2021\/10\/26.jpg\" \/><\/p>\n<h2><strong><span style=\"font-size: 27px; font-family: Roboto;\">\u0130spanya&#8217;da \u00dcniversite Okumak<\/span><\/strong><\/h2>\n<p><span style=\"font-size: 14px; font-family: Roboto;\">Yurt d\u0131\u015f\u0131nda \u00fcniversite okumak denilince akla ilk Avrupa \u00fclkeler gelse de Orta Do\u011fu da \u00fcniversite okumak i\u00e7in uygun tercih olabilir. Yurt d\u0131\u015f\u0131nda \u00fcniversite okumay\u0131 isteyen i\u00e7in ki\u015filer ise \u0130spanya gerek k\u00fclt\u00fcr\u00fc gerek de e\u011fitim kalitesi ile \u00f6n plana \u00e7\u0131k\u0131yor. \u0130spanya, i\u00e7erisinde \u00e7ok fazla din ve k\u00fclt\u00fcrlere ait insan bulunduran bir \u00fclkedir. \u0130spanya&#8217;da her dine destek verilir. Fakat \u00e7ok fazla k\u00fclt\u00fcr\u00fcn i\u00e7 i\u00e7e ya\u015fad\u0131\u011f\u0131 bir \u00fclke oldu\u011fu i\u00e7in bir \u00e7ok dili konu\u015fur. Okulda ise <strong>\u0130spanyolca e\u011fitimi<\/strong> yan\u0131nda \u0130ngilizce e\u011fitim de olduk\u00e7a fazlad\u0131r. \u0130ngilizce e\u011fitimi veren \u00fcniversite kurumu bulmakta zorlanmazs\u0131n\u0131z.\u00a0 \u0130spanya&#8217;da baz\u0131 okul \u0130spanyolca yeterlilik de isteyebilir. Bunun i\u00e7inde uluslararas\u0131 \u00f6\u011frencinin \u0130spanyolca dil kursu zorunlu k\u0131labilir. \u0130ngilizce yeterlili\u011fi i\u00e7in ise okulun kendi s\u0131nav\u0131n\u0131n d\u0131\u015f\u0131nda ba\u015fka s\u0131nav sonucu da yeterlili\u011fi olabilir. Bu s\u0131navdan al\u0131nmas\u0131 gereken minimum puan okuldan okula farkl\u0131l\u0131klar g\u00f6sterebilir.<\/span><\/p>\n<h2><strong><span style=\"font-size: 27px; font-family: Roboto;\">\u0130spanya \u00dcniversite E\u011fitim Sistemi<\/span><\/strong><\/h2>\n<p><span style=\"font-size: 14px; font-family: Roboto;\"><strong>\u0130spanya&#8217;da \u00fcniversiteye ba\u015fvuru yapmak<\/strong> i\u00e7in t\u00fcm \u00fcniversite uygulad\u0131\u011f\u0131 bir prosed\u00fcr yoktur. Her kurumu ve her program\u0131 farkl\u0131 \u015fart ve kabul s\u00fcre\u00e7leri vard\u0131r. \u00d6nce kendiniz uygun \u00fcniversite program\u0131n\u0131 belirleyip o programa kabul \u015fart g\u00f6re ba\u015fvuru s\u00fcrecinizi ger\u00e7ekle\u015ftirirsiniz. \u0130spanya&#8217;da bir \u00e7ok dile ait \u00f6\u011fretim kurumu bulunur ancak \u0130ngilizce e\u011fitimi veren kurum da olduk\u00e7a fazla. Uluslararas\u0131 \u00f6\u011frenciler genellikle \u0130ngilizce e\u011fitimi program\u0131nda e\u011fitim g\u00f6rmeyi tercih etmektedirler. E\u011fer orta \u00f6\u011fretim e\u011fitimi \u0130ngilizce dilinden almad\u0131 ise\u00a0 \u0130spanya&#8217;da \u0130ngilizce e\u011fitimi veren bir kurumu ba\u015fvurdu\u011funda dil yeterlili\u011fi kan\u0131tlamak i\u00e7in bir dil s\u0131nava girmek gerekebilir. Bu s\u0131nav\u0131 kurumlara ait \u00f6zel bir s\u0131nav ya da m\u00fclakat \u015feklinde de olabilir.\u0130spanya&#8217;da her \u00fcniversite kabul ko\u015fulu farkl\u0131 ancak haz\u0131rlamay\u0131 gereken belgeler genellikle ayn\u0131d\u0131r. Lise diplomas\u0131, transkripti, \u0130ngilizce yeterlili belge, \u00f6zge\u00e7mi\u015fi, referans mektubu ve sa\u011fl\u0131k raporu haz\u0131rlamay\u0131 gereken belgelerden baz\u0131lar\u0131d\u0131r.<\/span><\/p>\n<p><strong><span style=\"font-size: 27px; font-family: Roboto;\">\u0130spanya \u00dcniversite E\u011fitimi almak i\u00e7in nas\u0131l bir yer?<\/span><\/strong><\/p>\n<p><span style=\"font-size: 14px; font-family: Roboto;\">\u0130spanya e\u011fitim a\u00e7\u0131s\u0131ndan \u00fclkeler aras\u0131 en geli\u015fmi\u015fidir. Ortado\u011fu da \u00fcniversite okumay\u0131 isteyenin say\u0131s\u0131 son y\u0131llarda bir hayli artm\u0131\u015ft\u0131r. \u0130spanya bir\u00e7ok k\u00fclt\u00fcr\u00fcn bir arda bulunan bir \u00fclkedir. Bundan dolay\u0131 bir\u00e7ok dili konu\u015fmaktad\u0131r. \u0130spanya&#8217;da \u00fcniversite e\u011fitimi almak i\u00e7in<strong> \u0130spanya \u00f6\u011frenci vizesi<\/strong> almal\u0131d\u0131r. \u00dcniversiteden kabul almak tek ba\u015f\u0131na yeterli de\u011fildir. \u0130spanya \u00f6\u011frenci vizesi i\u00e7in \u0130spanya \u0130stanbul Ba\u015fkonsoloslu\u011fu ya da \u0130spanya Ankara B\u00fcy\u00fckel\u00e7ili\u011fine ba\u015fvurmal\u0131s\u0131n\u0131z. Gerekli \u015fartlar\u0131 yerine getirdikten sonra \u0130spanya \u00f6\u011frenci vizesi alabilirsiniz.<strong> \u0130spanya Konsoloslu\u011fu<\/strong> \u00f6\u011frenci vizesi i\u00e7in \u0130spanya&#8217;da ki \u00fcniversite taraf\u0131nda yaz\u0131lm\u0131\u015f kabul mektubu talep etmektedir. Ayr\u0131ca vize ba\u015fvurusu s\u0131ras\u0131nda bir tak\u0131m belgeler istenmektedir. Bu belgelerden birisi de \u0130spanya&#8217;da ki e\u011fitim program\u0131d\u0131r. Yani e\u011fitimi ne kadar s\u00fcrece\u011fi, hangi b\u00f6l\u00fcm\u00fc okuyaca\u011f\u0131, okul har\u00e7 \u00fccreti gibi bilgilerin yer ald\u0131\u011f\u0131 belgeler gereklidir.<\/span><\/p>\n<p><strong><span style=\"font-size: 24px; font-family: Roboto;\">\u0130spanya&#8217;da \u0130ngilizce \u00dcniversite E\u011fitimi<\/span><\/strong><\/p>\n<p><span style=\"font-size: 14px; font-family: Roboto;\">\u0130spanya \u00fcniversitesinde \u0130spanyolca yan\u0131nda \u0130ngilizce e\u011fitim de verilmektedir.<\/span><\/p>\n<p><span style=\"font-size: 14px; font-family: Roboto;\">\u0130spanya&#8217;da ki \u00fcniversitenin \u00f6\u011frencileri kabul\u00fc i\u00e7in farkl\u0131 prosed\u00fcrler bulunmaktad\u0131r. Her kurumu farkl\u0131 \u015fartlar ile \u00f6\u011frenci kabul etmektedir. \u0130spanya&#8217;da \u00fcniversiteyi okumay\u0131 isteyen ki\u015filer \u00f6ncelikle \u00fcniversite programlar\u0131n\u0131\u00a0 belirlemelidir. E\u011fer \u0130ngilizce e\u011fitimi veren bir \u00fcniversiteye girecekseniz \u0130ngilizce dili yeterlili\u011fi kan\u0131tlamak gerekecektir. Bunun i\u00e7inde bir dil s\u0131nav\u0131na girmeniz gerekmektedir.<\/span><\/p>\n<p><span style=\"font-size: 14px; font-family: Roboto;\">\u0130spanya&#8217;da bulunan baz\u0131 \u00fcniversite \u0130spanyolca yeterlilik isteyebilir. Bunun i\u00e7in ise\u00a0 dil s\u0131nav\u0131na girmeniz ve ge\u00e7erli not alman\u0131z gerekmektedir. Bunun i\u00e7inde uluslararas\u0131 \u00f6\u011frencinin \u0130spanyolca dil kursu zorunlu k\u0131labilir. \u0130ngilizce yeterlili\u011fi i\u00e7in ise okulun kendi s\u0131nav\u0131n\u0131n d\u0131\u015f\u0131nda ba\u015fka s\u0131nav sonucu da yeterlili\u011fi olabilir. Bu s\u0131navdan al\u0131nmas\u0131 gereken minimum puan okuldan okula farkl\u0131l\u0131klar g\u00f6sterebilir. \u0130spanya&#8217;da bulunan \u00fcniversite istedi\u011fi baz\u0131 belgeler bulunmaktad\u0131r. Bunlar Lise diplomas\u0131, transkripti, \u00f6zge\u00e7mi\u015f, referans mektubu, sa\u011fl\u0131k belgeleri gibi belgelerdir. Ancak bunun i\u00e7in sadece \u00fcniversite taraf\u0131ndan kabul edilmesi yetmemektedir. \u0130spanya Konsoloslu\u011funda \u00f6\u011frenci vizesi almal\u0131d\u0131r.\u00a0<\/span><\/p>\n<h3><span style=\"font-family: Roboto; font-size: 24px;\">\u0130spanya \u00dcniversite E\u011fitimi Nas\u0131ld\u0131r?<\/span><\/h3>\n<p><span style=\"font-family: Roboto; font-size: 14px;\"><strong>\u0130spanya\u2019da \u00fcniversite e\u011fitimi almak<\/strong> isteyen T\u00fcrk vatanda\u015flar\u0131n\u0131n, \u0130spanya e\u011fitim vizesi almas\u0131 gerekmektedir. \u0130spanya\u2019da \u00fcniversite e\u011fitimi alacak olan ki\u015filer \u0130spanya e\u011fitim vizesi alacak olan ki\u015filer vize ba\u015fvurular\u0131n\u0131 T\u00fcrkiye\u2019de bulunan \u0130spanya temsilcili\u011fine yapmal\u0131d\u0131r.<\/span><\/p>\n<p><span style=\"font-family: Roboto; font-size: 14px;\"><strong>\u0130spanya \u00fcniversite e\u011fitimi<\/strong> T\u00fcrkiye\u2019de bulunan \u00f6\u011frenciler i\u00e7in akla gelen ilk se\u00e7eneklerden birisidir. \u0130spanya ya\u015fam kalitesi, sosyal ya\u015fam\u0131, \u0130spanya k\u00fclt\u00fcr ve miras\u0131, tarihi gibi de\u011ferler d\u00fc\u015f\u00fcn\u00fcld\u00fc\u011f\u00fc zaman \u0130spanya\u2019da e\u011fitim alma iste\u011fini bulmak \u00e7ok kolayd\u0131r.<\/span><\/p>\n<p><span style=\"font-family: Roboto; font-size: 14px;\">\u0130spanya e\u011fitim dili \u0130spanyolcad\u0131r. Bundan dolay\u0131 \u0130spanya\u2019da \u00fcniversite e\u011fitimi alacak ki\u015filerin \u0130spanyolcay\u0131 iyi derecede bilmesi gerekmektedir. \u0130spanya\u2019da \u00fcniversite e\u011fitimi alacak olan ki\u015filer \u0130spanyolca bilmiyorsa bir y\u0131l dil haz\u0131rl\u0131\u011f\u0131 okumas\u0131 gerekmektedir. \u0130spanyolca bilmeyen ki\u015filer ise <strong>\u0130spanya\u2019da \u00fcniversite e\u011fitimi<\/strong> alacak \u0130spanyolcas\u0131n\u0131 geli\u015ftirmektedir.<\/span><\/p>\n<p><span style=\"font-family: Roboto; font-size: 14px;\">\u0130spanya \u00fcniversiteleri sanat, i\u015fletme y\u00f6netimi, sosyal bilimler, i\u015fletme, ticaret, ileti\u015fim gibi konularda g\u00fc\u00e7l\u00fc bir e\u011fitim f\u0131rsat\u0131 sunmaktad\u0131r. \u0130spanya \u00fcniversitelerinden al\u0131nan diplomalar T\u00fcrkiye\u2019de ge\u00e7erli oldu\u011fu gibi t\u00fcm Avrupa \u00fclkelerinde ge\u00e7erli olmaktad\u0131r. <strong>\u0130spanya\u2019da \u00fcniversite<\/strong> e\u011fitimi alan ki\u015filere mezuniyet sonras\u0131 \u0130spanya\u2019da \u00e7al\u0131\u015fma f\u0131rsat\u0131 sunmaktad\u0131r. Bunun yan\u0131nda e\u011fitim s\u00fcresi boyunca haftal\u0131k 20 saatlik \u00e7al\u0131\u015fma f\u0131rsat\u0131 vermektedir.<\/span><\/p>\n<p><span style=\"font-family: Roboto; font-size: 14px;\"><span style=\"color: #2acec2;\"><strong><a style=\"color: #2acec2;\" href=\"https:\/\/www.myvize.com.tr\/ispanya\/oturum-2\/erasmus-vizesi\/\" target=\"_blank\" rel=\"noopener\">\u0130spanya Erasmus Vizesi<\/a><\/strong><\/span> ile ilgili bilgi almak i\u00e7in bizi aray\u0131n\u0131z.<\/span><\/p>\n","protected":false},"excerpt":{"rendered":"<p>\u0130spanya \u00fcniversiteleri Bologna S\u00fcreci&#8217; ne dahildir. Bu s\u00fcrece dahil olan \u00fcniversitelerde e\u011fitim y\u00fcksek kalitededir ve standartla\u015fm\u0131\u015ft\u0131r. E\u011fer T\u00fcrkiye&#8217;de Alman, Frans\u0131z, \u0130talyan liselerinden veya International Baccalaureate&#8217; ye g\u00f6re denklik diplomas\u0131 veren bir liseden mezun de\u011filseniz;\u00a0 sizden denklik diplomas\u0131 isteyeceklerdir. Denklik belgesi almak i\u00e7in Selectividad s\u0131nav\u0131n\u0131 ba\u015farmak gereklidir. \u0130spanya&#8217;da \u00fcniversite e\u011fitimi alman\u0131z i\u00e7in asgari B1-B2 seviyesinde \u0130spanyolca<\/p>\n","protected":false},"author":1,"featured_media":0,"parent":18,"menu_order":0,"comment_status":"open","ping_status":"closed","template":"","meta":{"footnotes":""},"class_list":["post-53","page","type-page","status-publish","hentry"],"yoast_head":"<!-- This site is optimized with the Yoast SEO plugin v24.0 - https:\/\/yoast.com\/wordpress\/plugins\/seo\/ -->\n<title>\u0130spanya \u00dcniversite E\u011fitimi - \u0130spanya Vize \u00dccreti - MyVize<\/title>\n<meta name=\"description\" content=\"\u0130spanya \u00fcniversite e\u011fitim vize ba\u015fvurusu evrak listesi. \u0130spanya \u00fcniversite e\u011fitim belgeleri ve \u015fartlar\u0131 i\u00e7in ileti\u015fime ge\u00e7ebilirsiniz.\" \/>\n<meta name=\"robots\" content=\"index, follow, max-snippet:-1, max-image-preview:large, max-video-preview:-1\" \/>\n<link rel=\"canonical\" href=\"https:\/\/www.myvize.com.tr\/ispanya\/vize-islemleri\/ispanya-universite-egitimi\/\" \/>\n<meta property=\"og:locale\" content=\"tr_TR\" \/>\n<meta property=\"og:type\" content=\"article\" \/>\n<meta property=\"og:title\" content=\"\u0130spanya \u00dcniversite E\u011fitimi - \u0130spanya Vize \u00dccreti - MyVize\" \/>\n<meta property=\"og:description\" content=\"\u0130spanya \u00fcniversite e\u011fitim vize ba\u015fvurusu evrak listesi. \u0130spanya \u00fcniversite e\u011fitim belgeleri ve \u015fartlar\u0131 i\u00e7in ileti\u015fime ge\u00e7ebilirsiniz.\" \/>\n<meta property=\"og:url\" content=\"https:\/\/www.myvize.com.tr\/ispanya\/vize-islemleri\/ispanya-universite-egitimi\/\" \/>\n<meta property=\"og:site_name\" content=\"\u0130spanya Vizesi\" \/>\n<meta property=\"article:modified_time\" content=\"2022-09-10T10:48:04+00:00\" \/>\n<meta property=\"og:image\" content=\"https:\/\/www.myvize.com.tr\/ispanya\/wp-content\/uploads\/2021\/10\/26.jpg\" \/>\n<meta name=\"twitter:card\" content=\"summary_large_image\" \/>\n<meta name=\"twitter:label1\" content=\"Tahmini okuma s\u00fcresi\" \/>\n\t<meta name=\"twitter:data1\" content=\"5 dakika\" \/>\n<script type=\"application\/ld+json\" class=\"yoast-schema-graph\">{\"@context\":\"https:\/\/schema.org\",\"@graph\":[{\"@type\":\"WebPage\",\"@id\":\"https:\/\/www.myvize.com.tr\/ispanya\/vize-islemleri\/ispanya-universite-egitimi\/\",\"url\":\"https:\/\/www.myvize.com.tr\/ispanya\/vize-islemleri\/ispanya-universite-egitimi\/\",\"name\":\"\u0130spanya \u00dcniversite E\u011fitimi - \u0130spanya Vize \u00dccreti - MyVize\",\"isPartOf\":{\"@id\":\"https:\/\/www.myvize.com.tr\/ispanya\/#website\"},\"primaryImageOfPage\":{\"@id\":\"https:\/\/www.myvize.com.tr\/ispanya\/vize-islemleri\/ispanya-universite-egitimi\/#primaryimage\"},\"image\":{\"@id\":\"https:\/\/www.myvize.com.tr\/ispanya\/vize-islemleri\/ispanya-universite-egitimi\/#primaryimage\"},\"thumbnailUrl\":\"https:\/\/www.myvize.com.tr\/ispanya\/wp-content\/uploads\/2021\/10\/26.jpg\",\"datePublished\":\"2020-11-30T09:50:00+00:00\",\"dateModified\":\"2022-09-10T10:48:04+00:00\",\"description\":\"\u0130spanya \u00fcniversite e\u011fitim vize ba\u015fvurusu evrak listesi. \u0130spanya \u00fcniversite e\u011fitim belgeleri ve \u015fartlar\u0131 i\u00e7in ileti\u015fime ge\u00e7ebilirsiniz.\",\"breadcrumb\":{\"@id\":\"https:\/\/www.myvize.com.tr\/ispanya\/vize-islemleri\/ispanya-universite-egitimi\/#breadcrumb\"},\"inLanguage\":\"tr\",\"potentialAction\":[{\"@type\":\"ReadAction\",\"target\":[\"https:\/\/www.myvize.com.tr\/ispanya\/vize-islemleri\/ispanya-universite-egitimi\/\"]}]},{\"@type\":\"ImageObject\",\"inLanguage\":\"tr\",\"@id\":\"https:\/\/www.myvize.com.tr\/ispanya\/vize-islemleri\/ispanya-universite-egitimi\/#primaryimage\",\"url\":\"https:\/\/www.myvize.com.tr\/ispanya\/wp-content\/uploads\/2021\/10\/26.jpg\",\"contentUrl\":\"https:\/\/www.myvize.com.tr\/ispanya\/wp-content\/uploads\/2021\/10\/26.jpg\",\"width\":800,\"height\":500,\"caption\":\"\u0130spanya \u00dcniversite E\u011fitimi\"},{\"@type\":\"BreadcrumbList\",\"@id\":\"https:\/\/www.myvize.com.tr\/ispanya\/vize-islemleri\/ispanya-universite-egitimi\/#breadcrumb\",\"itemListElement\":[{\"@type\":\"ListItem\",\"position\":1,\"name\":\"Anasayfa\",\"item\":\"https:\/\/www.myvize.com.tr\/ispanya\/\"},{\"@type\":\"ListItem\",\"position\":2,\"name\":\"\u0130SPANYA V\u0130ZE \u0130\u015eLEMLER\u0130\",\"item\":\"https:\/\/www.myvize.com.tr\/ispanya\/vize-islemleri\/\"},{\"@type\":\"ListItem\",\"position\":3,\"name\":\"\u0130spanya \u00dcniversite E\u011fitimi\"}]},{\"@type\":\"WebSite\",\"@id\":\"https:\/\/www.myvize.com.tr\/ispanya\/#website\",\"url\":\"https:\/\/www.myvize.com.tr\/ispanya\/\",\"name\":\"\u0130spanya Vizesi\",\"description\":\"\",\"potentialAction\":[{\"@type\":\"SearchAction\",\"target\":{\"@type\":\"EntryPoint\",\"urlTemplate\":\"https:\/\/www.myvize.com.tr\/ispanya\/?s={search_term_string}\"},\"query-input\":{\"@type\":\"PropertyValueSpecification\",\"valueRequired\":true,\"valueName\":\"search_term_string\"}}],\"inLanguage\":\"tr\"}]}<\/script>\n<!-- \/ Yoast SEO plugin. -->","yoast_head_json":{"title":"\u0130spanya \u00dcniversite E\u011fitimi - \u0130spanya Vize \u00dccreti - MyVize","description":"\u0130spanya \u00fcniversite e\u011fitim vize ba\u015fvurusu evrak listesi. \u0130spanya \u00fcniversite e\u011fitim belgeleri ve \u015fartlar\u0131 i\u00e7in ileti\u015fime ge\u00e7ebilirsiniz.","robots":{"index":"index","follow":"follow","max-snippet":"max-snippet:-1","max-image-preview":"max-image-preview:large","max-video-preview":"max-video-preview:-1"},"canonical":"https:\/\/www.myvize.com.tr\/ispanya\/vize-islemleri\/ispanya-universite-egitimi\/","og_locale":"tr_TR","og_type":"article","og_title":"\u0130spanya \u00dcniversite E\u011fitimi - \u0130spanya Vize \u00dccreti - MyVize","og_description":"\u0130spanya \u00fcniversite e\u011fitim vize ba\u015fvurusu evrak listesi. \u0130spanya \u00fcniversite e\u011fitim belgeleri ve \u015fartlar\u0131 i\u00e7in ileti\u015fime ge\u00e7ebilirsiniz.","og_url":"https:\/\/www.myvize.com.tr\/ispanya\/vize-islemleri\/ispanya-universite-egitimi\/","og_site_name":"\u0130spanya Vizesi","article_modified_time":"2022-09-10T10:48:04+00:00","og_image":[{"url":"https:\/\/www.myvize.com.tr\/ispanya\/wp-content\/uploads\/2021\/10\/26.jpg","type":"","width":"","height":""}],"twitter_card":"summary_large_image","twitter_misc":{"Tahmini okuma s\u00fcresi":"5 dakika"},"schema":{"@context":"https:\/\/schema.org","@graph":[{"@type":"WebPage","@id":"https:\/\/www.myvize.com.tr\/ispanya\/vize-islemleri\/ispanya-universite-egitimi\/","url":"https:\/\/www.myvize.com.tr\/ispanya\/vize-islemleri\/ispanya-universite-egitimi\/","name":"\u0130spanya \u00dcniversite E\u011fitimi - \u0130spanya Vize \u00dccreti - MyVize","isPartOf":{"@id":"https:\/\/www.myvize.com.tr\/ispanya\/#website"},"primaryImageOfPage":{"@id":"https:\/\/www.myvize.com.tr\/ispanya\/vize-islemleri\/ispanya-universite-egitimi\/#primaryimage"},"image":{"@id":"https:\/\/www.myvize.com.tr\/ispanya\/vize-islemleri\/ispanya-universite-egitimi\/#primaryimage"},"thumbnailUrl":"https:\/\/www.myvize.com.tr\/ispanya\/wp-content\/uploads\/2021\/10\/26.jpg","datePublished":"2020-11-30T09:50:00+00:00","dateModified":"2022-09-10T10:48:04+00:00","description":"\u0130spanya \u00fcniversite e\u011fitim vize ba\u015fvurusu evrak listesi. \u0130spanya \u00fcniversite e\u011fitim belgeleri ve \u015fartlar\u0131 i\u00e7in ileti\u015fime ge\u00e7ebilirsiniz.","breadcrumb":{"@id":"https:\/\/www.myvize.com.tr\/ispanya\/vize-islemleri\/ispanya-universite-egitimi\/#breadcrumb"},"inLanguage":"tr","potentialAction":[{"@type":"ReadAction","target":["https:\/\/www.myvize.com.tr\/ispanya\/vize-islemleri\/ispanya-universite-egitimi\/"]}]},{"@type":"ImageObject","inLanguage":"tr","@id":"https:\/\/www.myvize.com.tr\/ispanya\/vize-islemleri\/ispanya-universite-egitimi\/#primaryimage","url":"https:\/\/www.myvize.com.tr\/ispanya\/wp-content\/uploads\/2021\/10\/26.jpg","contentUrl":"https:\/\/www.myvize.com.tr\/ispanya\/wp-content\/uploads\/2021\/10\/26.jpg","width":800,"height":500,"caption":"\u0130spanya \u00dcniversite E\u011fitimi"},{"@type":"BreadcrumbList","@id":"https:\/\/www.myvize.com.tr\/ispanya\/vize-islemleri\/ispanya-universite-egitimi\/#breadcrumb","itemListElement":[{"@type":"ListItem","position":1,"name":"Anasayfa","item":"https:\/\/www.myvize.com.tr\/ispanya\/"},{"@type":"ListItem","position":2,"name":"\u0130SPANYA V\u0130ZE \u0130\u015eLEMLER\u0130","item":"https:\/\/www.myvize.com.tr\/ispanya\/vize-islemleri\/"},{"@type":"ListItem","position":3,"name":"\u0130spanya \u00dcniversite E\u011fitimi"}]},{"@type":"WebSite","@id":"https:\/\/www.myvize.com.tr\/ispanya\/#website","url":"https:\/\/www.myvize.com.tr\/ispanya\/","name":"\u0130spanya Vizesi","description":"","potentialAction":[{"@type":"SearchAction","target":{"@type":"EntryPoint","urlTemplate":"https:\/\/www.myvize.com.tr\/ispanya\/?s={search_term_string}"},"query-input":{"@type":"PropertyValueSpecification","valueRequired":true,"valueName":"search_term_string"}}],"inLanguage":"tr"}]}},"_links":{"self":[{"href":"https:\/\/www.myvize.com.tr\/ispanya\/wp-json\/wp\/v2\/pages\/53","targetHints":{"allow":["GET"]}}],"collection":[{"href":"https:\/\/www.myvize.com.tr\/ispanya\/wp-json\/wp\/v2\/pages"}],"about":[{"href":"https:\/\/www.myvize.com.tr\/ispanya\/wp-json\/wp\/v2\/types\/page"}],"author":[{"embeddable":true,"href":"https:\/\/www.myvize.com.tr\/ispanya\/wp-json\/wp\/v2\/users\/1"}],"replies":[{"embeddable":true,"href":"https:\/\/www.myvize.com.tr\/ispanya\/wp-json\/wp\/v2\/comments?post=53"}],"version-history":[{"count":8,"href":"https:\/\/www.myvize.com.tr\/ispanya\/wp-json\/wp\/v2\/pages\/53\/revisions"}],"predecessor-version":[{"id":490,"href":"https:\/\/www.myvize.com.tr\/ispanya\/wp-json\/wp\/v2\/pages\/53\/revisions\/490"}],"up":[{"embeddable":true,"href":"https:\/\/www.myvize.com.tr\/ispanya\/wp-json\/wp\/v2\/pages\/18"}],"wp:attachment":[{"href":"https:\/\/www.myvize.com.tr\/ispanya\/wp-json\/wp\/v2\/media?parent=53"}],"curies":[{"name":"wp","href":"https:\/\/api.w.org\/{rel}","templated":true}]}}